{"id":166554,"date":"2026-04-24T12:00:00","date_gmt":"2026-04-24T10:00:00","guid":{"rendered":"https:\/\/www.david-coin.com\/product\/luik-belgie-5-patords-1751\/"},"modified":"2026-04-27T10:42:45","modified_gmt":"2026-04-27T08:42:45","slug":"luik-belgie-5-patords-1751","status":"publish","type":"product","link":"https:\/\/www.david-coin.com\/zh\/product\/luik-belgie-5-patords-1751\/","title":{"rendered":"Luik (Belgi\u00eb) 5 Patords 1751"},"content":{"rendered":"<p>Luik (Belgi\u00eb) 5 Patords 1751<\/p>\n<p>Zilveren (standaard circulatie) munt.<\/p>\n<p>\u8be6\u60c5\u8bf7\u67e5\u770b\u626b\u63cf\u4ef6\u3002<br \/>\n\u5982\u6709\u95ee\u9898\uff0c\u8bf7\u968f\u65f6\u7ed9\u6211\u4eec\u7559\u8a00\u3002<\/p>\n<p>&nbsp;<\/p>","protected":false},"excerpt":{"rendered":"<p>Belgische zilveren Patord<\/p>","protected":false},"featured_media":165932,"comment_status":"closed","ping_status":"closed","template":"","meta":[],"product_brand":[],"product_cat":[5486,5473],"product_tag":[],"class_list":{"0":"post-166554","1":"product","2":"type-product","3":"status-publish","4":"has-post-thumbnail","6":"product_cat-europa","7":"product_cat-world-coins-romeinse-munten","8":"pa_kwaliteit-fraai-min","9":"pa_land-belgie","10":"pa_materiaal-zilver","11":"pa_muntwaarde-5-patords","13":"first","14":"instock","15":"purchasable","16":"product-type-simple"},"yoast_head":"<!-- This site is optimized with the Yoast SEO Premium plugin v27.5 (Yoast SEO v27.5) - https:\/\/yoast.com\/product\/yoast-seo-premium-wordpress\/ -->\n<title>Luik (Belgi\u00eb) 5 Patords 1751<\/title>\n<meta name=\"description\" content=\"Luik (Belgi\u00eb) 5 Patords 1751 kopen? Meer munten uit Belgi\u00eb verkrijgbaar bij David-Coin. Gratis verzending vanaf 75 euro binnen Nederland.\" \/>\n<meta name=\"robots\" content=\"index, follow, max-snippet:-1, max-image-preview:large, max-video-preview:-1\" \/>\n<link rel=\"canonical\" href=\"https:\/\/www.david-coin.com\/zh\/product\/luik-belgie-5-patords-1751\/\" \/>\n<meta property=\"og:locale\" content=\"zh_CN\" \/>\n<meta property=\"og:type\" content=\"article\" \/>\n<meta property=\"og:title\" content=\"Luik (Belgi\u00eb) 5 Patords 1751\" \/>\n<meta property=\"og:description\" content=\"Luik (Belgi\u00eb) 5 Patords 1751 kopen? Meer munten uit Belgi\u00eb verkrijgbaar bij David-Coin. Gratis verzending vanaf 75 euro binnen Nederland.\" \/>\n<meta property=\"og:url\" content=\"https:\/\/www.david-coin.com\/zh\/product\/luik-belgie-5-patords-1751\/\" \/>\n<meta property=\"og:site_name\" content=\"David Coin\" \/>\n<meta property=\"article:publisher\" content=\"https:\/\/www.facebook.com\/Davidcoininkoopenverkoop\" \/>\n<meta property=\"article:modified_time\" content=\"2026-04-27T08:42:45+00:00\" \/>\n<meta property=\"og:image\" content=\"https:\/\/www.david-coin.com\/wp-content\/uploads\/2026\/04\/luik-5paterds-1751-vz.jpg\" \/>\n\t<meta property=\"og:image:width\" content=\"1266\" \/>\n\t<meta property=\"og:image:height\" content=\"1266\" \/>\n\t<meta property=\"og:image:type\" content=\"image\/jpeg\" \/>\n<meta name=\"twitter:card\" content=\"summary_large_image\" \/>\n<meta name=\"twitter:label1\" content=\"Price\" \/>\n\t<meta name=\"twitter:data1\" content=\"&euro;&nbsp;39,95\" \/>\n\t<meta name=\"twitter:label2\" content=\"Availability\" \/>\n\t<meta name=\"twitter:data2\" content=\"In stock\" \/>\n<script type=\"application\/ld+json\" class=\"yoast-schema-graph\">{\"@context\":\"https:\\\/\\\/schema.org\",\"@graph\":[{\"@type\":\"WebPage\",\"@id\":\"https:\\\/\\\/www.david-coin.com\\\/product\\\/luik-belgie-5-patords-1751\\\/\",\"url\":\"https:\\\/\\\/www.david-coin.com\\\/product\\\/luik-belgie-5-patords-1751\\\/\",\"name\":\"Luik (Belgi\u00eb) 5 Patords 1751\",\"isPartOf\":{\"@id\":\"https:\\\/\\\/www.david-coin.com\\\/#website\"},\"primaryImageOfPage\":{\"@id\":\"https:\\\/\\\/www.david-coin.com\\\/product\\\/luik-belgie-5-patords-1751\\\/#primaryimage\"},\"image\":{\"@id\":\"https:\\\/\\\/www.david-coin.com\\\/product\\\/luik-belgie-5-patords-1751\\\/#primaryimage\"},\"thumbnailUrl\":\"https:\\\/\\\/www.david-coin.com\\\/wp-content\\\/uploads\\\/2026\\\/04\\\/luik-5paterds-1751-vz.jpg\",\"datePublished\":\"2026-04-24T10:00:00+00:00\",\"dateModified\":\"2026-04-27T08:42:45+00:00\",\"description\":\"Luik (Belgi\u00eb) 5 Patords 1751 kopen? Meer munten uit Belgi\u00eb verkrijgbaar bij David-Coin. Gratis verzending vanaf 75 euro binnen Nederland.\",\"breadcrumb\":{\"@id\":\"https:\\\/\\\/www.david-coin.com\\\/product\\\/luik-belgie-5-patords-1751\\\/#breadcrumb\"},\"inLanguage\":\"zh-Hans\",\"potentialAction\":[{\"@type\":\"ReadAction\",\"target\":[\"https:\\\/\\\/www.david-coin.com\\\/product\\\/luik-belgie-5-patords-1751\\\/\"]}]},{\"@type\":\"ImageObject\",\"inLanguage\":\"zh-Hans\",\"@id\":\"https:\\\/\\\/www.david-coin.com\\\/product\\\/luik-belgie-5-patords-1751\\\/#primaryimage\",\"url\":\"https:\\\/\\\/www.david-coin.com\\\/wp-content\\\/uploads\\\/2026\\\/04\\\/luik-5paterds-1751-vz.jpg\",\"contentUrl\":\"https:\\\/\\\/www.david-coin.com\\\/wp-content\\\/uploads\\\/2026\\\/04\\\/luik-5paterds-1751-vz.jpg\",\"width\":1266,\"height\":1266,\"caption\":\"Luik (Belgi\u00eb) 5 Patords 1751\"},{\"@type\":\"BreadcrumbList\",\"@id\":\"https:\\\/\\\/www.david-coin.com\\\/product\\\/luik-belgie-5-patords-1751\\\/#breadcrumb\",\"itemListElement\":[{\"@type\":\"ListItem\",\"position\":1,\"name\":\"Home\",\"item\":\"https:\\\/\\\/www.david-coin.com\\\/\"},{\"@type\":\"ListItem\",\"position\":2,\"name\":\"Winkel\",\"item\":\"https:\\\/\\\/www.david-coin.com\\\/winkel\\\/\"},{\"@type\":\"ListItem\",\"position\":3,\"name\":\"Luik (Belgi\u00eb) 5 Patords 1751\"}]},{\"@type\":\"WebSite\",\"@id\":\"https:\\\/\\\/www.david-coin.com\\\/#website\",\"url\":\"https:\\\/\\\/www.david-coin.com\\\/\",\"name\":\"David Coin\",\"description\":\"\",\"publisher\":{\"@id\":\"https:\\\/\\\/www.david-coin.com\\\/#organization\"},\"potentialAction\":[{\"@type\":\"SearchAction\",\"target\":{\"@type\":\"EntryPoint\",\"urlTemplate\":\"https:\\\/\\\/www.david-coin.com\\\/?s={search_term_string}\"},\"query-input\":{\"@type\":\"PropertyValueSpecification\",\"valueRequired\":true,\"valueName\":\"search_term_string\"}}],\"inLanguage\":\"zh-Hans\"},{\"@type\":\"Organization\",\"@id\":\"https:\\\/\\\/www.david-coin.com\\\/#organization\",\"name\":\"David Coin\",\"url\":\"https:\\\/\\\/www.david-coin.com\\\/\",\"logo\":{\"@type\":\"ImageObject\",\"inLanguage\":\"zh-Hans\",\"@id\":\"https:\\\/\\\/www.david-coin.com\\\/#\\\/schema\\\/logo\\\/image\\\/\",\"url\":\"https:\\\/\\\/www.david-coin.com\\\/wp-content\\\/uploads\\\/2024\\\/04\\\/davidcoin-logo-final.png\",\"contentUrl\":\"https:\\\/\\\/www.david-coin.com\\\/wp-content\\\/uploads\\\/2024\\\/04\\\/davidcoin-logo-final.png\",\"width\":800,\"height\":267,\"caption\":\"David Coin\"},\"image\":{\"@id\":\"https:\\\/\\\/www.david-coin.com\\\/#\\\/schema\\\/logo\\\/image\\\/\"},\"sameAs\":[\"https:\\\/\\\/www.facebook.com\\\/Davidcoininkoopenverkoop\",\"https:\\\/\\\/www.youtube.com\\\/channel\\\/UC39lihLKFSPTff0w6tv0pWQ\"]}]}<\/script>\n<meta property=\"product:price:amount\" content=\"39.95\" \/>\n<meta property=\"product:price:currency\" content=\"EUR\" \/>\n<meta property=\"og:availability\" content=\"instock\" \/>\n<meta property=\"product:availability\" content=\"instock\" \/>\n<meta property=\"product:retailer_item_id\" content=\"22446\" \/>\n<meta property=\"product:condition\" content=\"new\" \/>\n<!-- \/ Yoast SEO Premium plugin. -->","yoast_head_json":{"title":"Luik (Belgi\u00eb) 5 Patords 1751","description":"Luik (Belgi\u00eb) 5 Patords 1751 kopen? Meer munten uit Belgi\u00eb verkrijgbaar bij David-Coin. Gratis verzending vanaf 75 euro binnen Nederland.","robots":{"index":"index","follow":"follow","max-snippet":"max-snippet:-1","max-image-preview":"max-image-preview:large","max-video-preview":"max-video-preview:-1"},"canonical":"https:\/\/www.david-coin.com\/zh\/product\/luik-belgie-5-patords-1751\/","og_locale":"zh_CN","og_type":"article","og_title":"Luik (Belgi\u00eb) 5 Patords 1751","og_description":"Luik (Belgi\u00eb) 5 Patords 1751 kopen? Meer munten uit Belgi\u00eb verkrijgbaar bij David-Coin. Gratis verzending vanaf 75 euro binnen Nederland.","og_url":"https:\/\/www.david-coin.com\/zh\/product\/luik-belgie-5-patords-1751\/","og_site_name":"David Coin","article_publisher":"https:\/\/www.facebook.com\/Davidcoininkoopenverkoop","article_modified_time":"2026-04-27T08:42:45+00:00","og_image":[{"width":1266,"height":1266,"url":"https:\/\/www.david-coin.com\/wp-content\/uploads\/2026\/04\/luik-5paterds-1751-vz.jpg","type":"image\/jpeg"}],"twitter_card":"summary_large_image","twitter_misc":{"Price":"&euro;&nbsp;39,95","Availability":"In stock"},"schema":{"@context":"https:\/\/schema.org","@graph":[{"@type":"WebPage","@id":"https:\/\/www.david-coin.com\/product\/luik-belgie-5-patords-1751\/","url":"https:\/\/www.david-coin.com\/product\/luik-belgie-5-patords-1751\/","name":"Luik (Belgi\u00eb) 5 Patords 1751","isPartOf":{"@id":"https:\/\/www.david-coin.com\/#website"},"primaryImageOfPage":{"@id":"https:\/\/www.david-coin.com\/product\/luik-belgie-5-patords-1751\/#primaryimage"},"image":{"@id":"https:\/\/www.david-coin.com\/product\/luik-belgie-5-patords-1751\/#primaryimage"},"thumbnailUrl":"https:\/\/www.david-coin.com\/wp-content\/uploads\/2026\/04\/luik-5paterds-1751-vz.jpg","datePublished":"2026-04-24T10:00:00+00:00","dateModified":"2026-04-27T08:42:45+00:00","description":"Luik (Belgi\u00eb) 5 Patords 1751 kopen? Meer munten uit Belgi\u00eb verkrijgbaar bij David-Coin. Gratis verzending vanaf 75 euro binnen Nederland.","breadcrumb":{"@id":"https:\/\/www.david-coin.com\/product\/luik-belgie-5-patords-1751\/#breadcrumb"},"inLanguage":"zh-Hans","potentialAction":[{"@type":"ReadAction","target":["https:\/\/www.david-coin.com\/product\/luik-belgie-5-patords-1751\/"]}]},{"@type":"ImageObject","inLanguage":"zh-Hans","@id":"https:\/\/www.david-coin.com\/product\/luik-belgie-5-patords-1751\/#primaryimage","url":"https:\/\/www.david-coin.com\/wp-content\/uploads\/2026\/04\/luik-5paterds-1751-vz.jpg","contentUrl":"https:\/\/www.david-coin.com\/wp-content\/uploads\/2026\/04\/luik-5paterds-1751-vz.jpg","width":1266,"height":1266,"caption":"Luik (Belgi\u00eb) 5 Patords 1751"},{"@type":"BreadcrumbList","@id":"https:\/\/www.david-coin.com\/product\/luik-belgie-5-patords-1751\/#breadcrumb","itemListElement":[{"@type":"ListItem","position":1,"name":"Home","item":"https:\/\/www.david-coin.com\/"},{"@type":"ListItem","position":2,"name":"Winkel","item":"https:\/\/www.david-coin.com\/winkel\/"},{"@type":"ListItem","position":3,"name":"Luik (Belgi\u00eb) 5 Patords 1751"}]},{"@type":"WebSite","@id":"https:\/\/www.david-coin.com\/#website","url":"https:\/\/www.david-coin.com\/","name":"David Coin","description":"","publisher":{"@id":"https:\/\/www.david-coin.com\/#organization"},"potentialAction":[{"@type":"SearchAction","target":{"@type":"EntryPoint","urlTemplate":"https:\/\/www.david-coin.com\/?s={search_term_string}"},"query-input":{"@type":"PropertyValueSpecification","valueRequired":true,"valueName":"search_term_string"}}],"inLanguage":"zh-Hans"},{"@type":"Organization","@id":"https:\/\/www.david-coin.com\/#organization","name":"David Coin","url":"https:\/\/www.david-coin.com\/","logo":{"@type":"ImageObject","inLanguage":"zh-Hans","@id":"https:\/\/www.david-coin.com\/#\/schema\/logo\/image\/","url":"https:\/\/www.david-coin.com\/wp-content\/uploads\/2024\/04\/davidcoin-logo-final.png","contentUrl":"https:\/\/www.david-coin.com\/wp-content\/uploads\/2024\/04\/davidcoin-logo-final.png","width":800,"height":267,"caption":"David Coin"},"image":{"@id":"https:\/\/www.david-coin.com\/#\/schema\/logo\/image\/"},"sameAs":["https:\/\/www.facebook.com\/Davidcoininkoopenverkoop","https:\/\/www.youtube.com\/channel\/UC39lihLKFSPTff0w6tv0pWQ"]}]},"product_price_amount":"39.95","product_price_currency":"EUR","og_availability":"instock","product_availability":"instock","product_retailer_item_id":"22446","product_condition":"new"},"_links":{"self":[{"href":"https:\/\/www.david-coin.com\/zh\/wp-json\/wp\/v2\/product\/166554","targetHints":{"allow":["GET"]}}],"collection":[{"href":"https:\/\/www.david-coin.com\/zh\/wp-json\/wp\/v2\/product"}],"about":[{"href":"https:\/\/www.david-coin.com\/zh\/wp-json\/wp\/v2\/types\/product"}],"replies":[{"embeddable":true,"href":"https:\/\/www.david-coin.com\/zh\/wp-json\/wp\/v2\/comments?post=166554"}],"wp:featuredmedia":[{"embeddable":true,"href":"https:\/\/www.david-coin.com\/zh\/wp-json\/wp\/v2\/media\/165932"}],"wp:attachment":[{"href":"https:\/\/www.david-coin.com\/zh\/wp-json\/wp\/v2\/media?parent=166554"}],"wp:term":[{"taxonomy":"product_brand","embeddable":true,"href":"https:\/\/www.david-coin.com\/zh\/wp-json\/wp\/v2\/product_brand?post=166554"},{"taxonomy":"product_cat","embeddable":true,"href":"https:\/\/www.david-coin.com\/zh\/wp-json\/wp\/v2\/product_cat?post=166554"},{"taxonomy":"product_tag","embeddable":true,"href":"https:\/\/www.david-coin.com\/zh\/wp-json\/wp\/v2\/product_tag?post=166554"}],"curies":[{"name":"wp","href":"https:\/\/api.w.org\/{rel}","templated":true}]}}