{"id":122142,"date":"2023-11-28T16:19:06","date_gmt":"2023-11-28T16:19:06","guid":{"rendered":"https:\/\/www.david-coin.com\/product\/one-banknote-100-jaar-turkse-republiek-1980-2000-turkiye-cumhuriyetinin-100-yili-1980-2000\/"},"modified":"2025-10-02T15:54:01","modified_gmt":"2025-10-02T13:54:01","slug":"one-banknote-100-jaar-turkse-republiek-1980-2000-turkiye-cumhuriyetinin-100-yili-1980-2000","status":"publish","type":"product","link":"https:\/\/www.david-coin.com\/zh\/product\/one-banknote-100-jaar-turkse-republiek-1980-2000-turkiye-cumhuriyetinin-100-yili-1980-2000\/","title":{"rendered":"\u571f\u8033\u5176\u5171\u548c\u56fd 100 \u5e74\u7eb8\u5e01 1980 - 2000 - T\u00fcrkiye Cumhuriyeti'nin 100 y\u0131l\u0131 1980 - 2000"},"content":{"rendered":"<h1 class=\"page-title eshop-title\"><span style=\"color: #000000;\"><strong>\u571f\u8033\u5176\u5171\u548c\u56fd 100 \u5e74\u7eb8\u5e01 1980 - 2000 - T\u00fcrkiye Cumhuriyeti'nin 100 y\u0131l\u0131 1980 - 2000<\/strong><\/span><\/h1>\n<p><span style=\"font-size: 12pt; font-family: arial, helvetica, sans-serif;\">Het derde biljet van de speciale jubileumreeks ter ere van het 100-jarig bestaan van de Turkse Republiek is een prachtige herinnering aan de periode 1980-2000. Dit verzamelaarsbiljet, doordrenkt met historische betekenis van Turkije, belicht de politieke en culturele transformaties die plaatsvonden tijdens deze twee decennia. Als waardevol verzamelobject eert dit biljet de erfenis van de Turkse Republiek en herinnert het aan de dynamiek van de late 20e eeuw.<\/span><\/p>\n<p><span style=\"font-size: 12pt; font-family: arial, helvetica, sans-serif;\">T\u00fcrkiye Cumhuriyeti&#8217;nin 100. y\u0131l\u0131n\u0131 kutlayan \u00f6zel y\u0131ld\u00f6n\u00fcm\u00fc serisinin \u00fc\u00e7\u00fcnc\u00fc banknotu, 1980-2000 d\u00f6nemini harika bir \u015fekilde hat\u0131rlat\u0131yor. Tarihi \u00f6nem ta\u015f\u0131yan bu koleksiyon banknotu, bu yirmi y\u0131l boyunca ger\u00e7ekle\u015fen siyasi ve k\u00fclt\u00fcrel d\u00f6n\u00fc\u015f\u00fcmleri vurguluyor. De\u011ferli bir koleksiyon par\u00e7as\u0131 olan bu banknot, T\u00fcrkiye Cumhuriyeti&#8217;nin miras\u0131n\u0131 onurland\u0131rmakta ve 20. y\u00fczy\u0131l\u0131n sonlar\u0131ndaki dinamikleri hat\u0131rlatmaktad\u0131r.<\/span><\/p>\n<p><span style=\"font-size: 12pt; color: #000000; font-family: arial, helvetica, sans-serif;\">\u8be6\u60c5\u8bf7\u67e5\u770b\u626b\u63cf\u4ef6\u3002<br \/>\u5982\u6709\u95ee\u9898\uff0c\u8bf7\u968f\u65f6\u7ed9\u6211\u4eec\u7559\u8a00\u3002\u00a0<\/span><\/p>","protected":false},"excerpt":{"rendered":"<p>One Banknote 100 jaar Turkse Republiek 1980 &#8211; 2000 &#8211; T\u00fcrkiye Cumhuriyeti&#8217;nin 100 y\u0131l\u0131 1980 &#8211; 2000 Het derde biljet van de speciale jubileumreeks ter ere van het 100-jarig bestaan van de Turkse Republiek is een prachtige herinnering aan de periode 1980-2000. Dit verzamelaarsbiljet, doordrenkt met historische betekenis van Turkije, belicht de politieke en culturele [&hellip;]<\/p>\n","protected":false},"featured_media":122141,"comment_status":"closed","ping_status":"closed","template":"","meta":[],"product_brand":[],"product_cat":[5609],"product_tag":[],"class_list":{"0":"post-122142","1":"product","2":"type-product","3":"status-publish","4":"has-post-thumbnail","6":"product_cat-one-banknote-serie","7":"pa_kwaliteit-unc","8":"pa_land-turkije","10":"first","11":"instock","12":"taxable","13":"shipping-taxable","14":"purchasable","15":"product-type-simple"},"yoast_head":"<!-- This site is optimized with the Yoast SEO Premium plugin v27.5 (Yoast SEO v27.5) - https:\/\/yoast.com\/product\/yoast-seo-premium-wordpress\/ -->\n<title>One Banknote 100 jaar Turkse Republiek 1980 - 2000 - T\u00fcrkiye Cumhuriyeti&#039;nin 100 y\u0131l\u0131 1980 - 2000<\/title>\n<meta name=\"description\" content=\"One banknote series verkrijgbaar bij David-coin. Bekijk nu ons ruime assortiment one banknote series. Gratis verzending binnen Nederland vanaf 75 euro.\" \/>\n<meta name=\"robots\" content=\"index, follow, max-snippet:-1, max-image-preview:large, max-video-preview:-1\" \/>\n<link rel=\"canonical\" href=\"https:\/\/www.david-coin.com\/zh\/product\/one-banknote-100-jaar-turkse-republiek-1980-2000-turkiye-cumhuriyetinin-100-yili-1980-2000\/\" \/>\n<meta property=\"og:locale\" content=\"zh_CN\" \/>\n<meta property=\"og:type\" content=\"article\" \/>\n<meta property=\"og:title\" content=\"One Banknote 100 jaar Turkse Republiek 1980 - 2000 - T\u00fcrkiye Cumhuriyeti&#039;nin 100 y\u0131l\u0131 1980 - 2000\" \/>\n<meta property=\"og:description\" content=\"One banknote series verkrijgbaar bij David-coin. Bekijk nu ons ruime assortiment one banknote series. Gratis verzending binnen Nederland vanaf 75 euro.\" \/>\n<meta property=\"og:url\" content=\"https:\/\/www.david-coin.com\/zh\/product\/one-banknote-100-jaar-turkse-republiek-1980-2000-turkiye-cumhuriyetinin-100-yili-1980-2000\/\" \/>\n<meta property=\"og:site_name\" content=\"David Coin\" \/>\n<meta property=\"article:publisher\" content=\"https:\/\/www.facebook.com\/Davidcoininkoopenverkoop\" \/>\n<meta property=\"article:modified_time\" content=\"2025-10-02T13:54:01+00:00\" \/>\n<meta property=\"og:image\" content=\"https:\/\/www.david-coin.com\/wp-content\/uploads\/2023\/11\/one-banknote-serie-turkije-2.jpg\" \/>\n\t<meta property=\"og:image:width\" content=\"500\" \/>\n\t<meta property=\"og:image:height\" content=\"500\" \/>\n\t<meta property=\"og:image:type\" content=\"image\/jpeg\" \/>\n<meta name=\"twitter:card\" content=\"summary_large_image\" \/>\n<meta name=\"twitter:label1\" content=\"Price\" \/>\n\t<meta name=\"twitter:data1\" content=\"&euro;&nbsp;9,95\" \/>\n\t<meta name=\"twitter:label2\" content=\"Availability\" \/>\n\t<meta name=\"twitter:data2\" content=\"In stock\" \/>\n<script type=\"application\/ld+json\" class=\"yoast-schema-graph\">{\"@context\":\"https:\\\/\\\/schema.org\",\"@graph\":[{\"@type\":\"WebPage\",\"@id\":\"https:\\\/\\\/www.david-coin.com\\\/product\\\/one-banknote-100-jaar-turkse-republiek-1980-2000-turkiye-cumhuriyetinin-100-yili-1980-2000\\\/\",\"url\":\"https:\\\/\\\/www.david-coin.com\\\/product\\\/one-banknote-100-jaar-turkse-republiek-1980-2000-turkiye-cumhuriyetinin-100-yili-1980-2000\\\/\",\"name\":\"One Banknote 100 jaar Turkse Republiek 1980 - 2000 - T\u00fcrkiye Cumhuriyeti'nin 100 y\u0131l\u0131 1980 - 2000\",\"isPartOf\":{\"@id\":\"https:\\\/\\\/www.david-coin.com\\\/#website\"},\"primaryImageOfPage\":{\"@id\":\"https:\\\/\\\/www.david-coin.com\\\/product\\\/one-banknote-100-jaar-turkse-republiek-1980-2000-turkiye-cumhuriyetinin-100-yili-1980-2000\\\/#primaryimage\"},\"image\":{\"@id\":\"https:\\\/\\\/www.david-coin.com\\\/product\\\/one-banknote-100-jaar-turkse-republiek-1980-2000-turkiye-cumhuriyetinin-100-yili-1980-2000\\\/#primaryimage\"},\"thumbnailUrl\":\"https:\\\/\\\/www.david-coin.com\\\/wp-content\\\/uploads\\\/2023\\\/11\\\/one-banknote-serie-turkije-2.jpg\",\"datePublished\":\"2023-11-28T16:19:06+00:00\",\"dateModified\":\"2025-10-02T13:54:01+00:00\",\"description\":\"One banknote series verkrijgbaar bij David-coin. Bekijk nu ons ruime assortiment one banknote series. Gratis verzending binnen Nederland vanaf 75 euro.\",\"breadcrumb\":{\"@id\":\"https:\\\/\\\/www.david-coin.com\\\/product\\\/one-banknote-100-jaar-turkse-republiek-1980-2000-turkiye-cumhuriyetinin-100-yili-1980-2000\\\/#breadcrumb\"},\"inLanguage\":\"zh-Hans\",\"potentialAction\":[{\"@type\":\"ReadAction\",\"target\":[\"https:\\\/\\\/www.david-coin.com\\\/product\\\/one-banknote-100-jaar-turkse-republiek-1980-2000-turkiye-cumhuriyetinin-100-yili-1980-2000\\\/\"]}]},{\"@type\":\"ImageObject\",\"inLanguage\":\"zh-Hans\",\"@id\":\"https:\\\/\\\/www.david-coin.com\\\/product\\\/one-banknote-100-jaar-turkse-republiek-1980-2000-turkiye-cumhuriyetinin-100-yili-1980-2000\\\/#primaryimage\",\"url\":\"https:\\\/\\\/www.david-coin.com\\\/wp-content\\\/uploads\\\/2023\\\/11\\\/one-banknote-serie-turkije-2.jpg\",\"contentUrl\":\"https:\\\/\\\/www.david-coin.com\\\/wp-content\\\/uploads\\\/2023\\\/11\\\/one-banknote-serie-turkije-2.jpg\",\"width\":500,\"height\":500},{\"@type\":\"BreadcrumbList\",\"@id\":\"https:\\\/\\\/www.david-coin.com\\\/product\\\/one-banknote-100-jaar-turkse-republiek-1980-2000-turkiye-cumhuriyetinin-100-yili-1980-2000\\\/#breadcrumb\",\"itemListElement\":[{\"@type\":\"ListItem\",\"position\":1,\"name\":\"Home\",\"item\":\"https:\\\/\\\/www.david-coin.com\\\/\"},{\"@type\":\"ListItem\",\"position\":2,\"name\":\"Winkel\",\"item\":\"https:\\\/\\\/www.david-coin.com\\\/winkel\\\/\"},{\"@type\":\"ListItem\",\"position\":3,\"name\":\"One Banknote 100 jaar Turkse Republiek 1980 &#8211; 2000 &#8211; T\u00fcrkiye Cumhuriyeti&#8217;nin 100 y\u0131l\u0131 1980 &#8211; 2000\"}]},{\"@type\":\"WebSite\",\"@id\":\"https:\\\/\\\/www.david-coin.com\\\/#website\",\"url\":\"https:\\\/\\\/www.david-coin.com\\\/\",\"name\":\"David Coin\",\"description\":\"\",\"publisher\":{\"@id\":\"https:\\\/\\\/www.david-coin.com\\\/#organization\"},\"potentialAction\":[{\"@type\":\"SearchAction\",\"target\":{\"@type\":\"EntryPoint\",\"urlTemplate\":\"https:\\\/\\\/www.david-coin.com\\\/?s={search_term_string}\"},\"query-input\":{\"@type\":\"PropertyValueSpecification\",\"valueRequired\":true,\"valueName\":\"search_term_string\"}}],\"inLanguage\":\"zh-Hans\"},{\"@type\":\"Organization\",\"@id\":\"https:\\\/\\\/www.david-coin.com\\\/#organization\",\"name\":\"David Coin\",\"url\":\"https:\\\/\\\/www.david-coin.com\\\/\",\"logo\":{\"@type\":\"ImageObject\",\"inLanguage\":\"zh-Hans\",\"@id\":\"https:\\\/\\\/www.david-coin.com\\\/#\\\/schema\\\/logo\\\/image\\\/\",\"url\":\"https:\\\/\\\/www.david-coin.com\\\/wp-content\\\/uploads\\\/2024\\\/04\\\/davidcoin-logo-final.png\",\"contentUrl\":\"https:\\\/\\\/www.david-coin.com\\\/wp-content\\\/uploads\\\/2024\\\/04\\\/davidcoin-logo-final.png\",\"width\":800,\"height\":267,\"caption\":\"David Coin\"},\"image\":{\"@id\":\"https:\\\/\\\/www.david-coin.com\\\/#\\\/schema\\\/logo\\\/image\\\/\"},\"sameAs\":[\"https:\\\/\\\/www.facebook.com\\\/Davidcoininkoopenverkoop\",\"https:\\\/\\\/www.youtube.com\\\/channel\\\/UC39lihLKFSPTff0w6tv0pWQ\"]}]}<\/script>\n<meta property=\"product:price:amount\" content=\"9.95\" \/>\n<meta property=\"product:price:currency\" content=\"EUR\" \/>\n<meta property=\"og:availability\" content=\"instock\" \/>\n<meta property=\"product:availability\" content=\"instock\" \/>\n<meta property=\"product:retailer_item_id\" content=\"4518\" \/>\n<meta property=\"product:condition\" content=\"new\" \/>\n<!-- \/ Yoast SEO Premium plugin. -->","yoast_head_json":{"title":"One Banknote 100 jaar Turkse Republiek 1980 - 2000 - T\u00fcrkiye Cumhuriyeti'nin 100 y\u0131l\u0131 1980 - 2000","description":"One banknote series verkrijgbaar bij David-coin. Bekijk nu ons ruime assortiment one banknote series. Gratis verzending binnen Nederland vanaf 75 euro.","robots":{"index":"index","follow":"follow","max-snippet":"max-snippet:-1","max-image-preview":"max-image-preview:large","max-video-preview":"max-video-preview:-1"},"canonical":"https:\/\/www.david-coin.com\/zh\/product\/one-banknote-100-jaar-turkse-republiek-1980-2000-turkiye-cumhuriyetinin-100-yili-1980-2000\/","og_locale":"zh_CN","og_type":"article","og_title":"One Banknote 100 jaar Turkse Republiek 1980 - 2000 - T\u00fcrkiye Cumhuriyeti'nin 100 y\u0131l\u0131 1980 - 2000","og_description":"One banknote series verkrijgbaar bij David-coin. Bekijk nu ons ruime assortiment one banknote series. Gratis verzending binnen Nederland vanaf 75 euro.","og_url":"https:\/\/www.david-coin.com\/zh\/product\/one-banknote-100-jaar-turkse-republiek-1980-2000-turkiye-cumhuriyetinin-100-yili-1980-2000\/","og_site_name":"David Coin","article_publisher":"https:\/\/www.facebook.com\/Davidcoininkoopenverkoop","article_modified_time":"2025-10-02T13:54:01+00:00","og_image":[{"width":500,"height":500,"url":"https:\/\/www.david-coin.com\/wp-content\/uploads\/2023\/11\/one-banknote-serie-turkije-2.jpg","type":"image\/jpeg"}],"twitter_card":"summary_large_image","twitter_misc":{"Price":"&euro;&nbsp;9,95","Availability":"In stock"},"schema":{"@context":"https:\/\/schema.org","@graph":[{"@type":"WebPage","@id":"https:\/\/www.david-coin.com\/product\/one-banknote-100-jaar-turkse-republiek-1980-2000-turkiye-cumhuriyetinin-100-yili-1980-2000\/","url":"https:\/\/www.david-coin.com\/product\/one-banknote-100-jaar-turkse-republiek-1980-2000-turkiye-cumhuriyetinin-100-yili-1980-2000\/","name":"One Banknote 100 jaar Turkse Republiek 1980 - 2000 - T\u00fcrkiye Cumhuriyeti'nin 100 y\u0131l\u0131 1980 - 2000","isPartOf":{"@id":"https:\/\/www.david-coin.com\/#website"},"primaryImageOfPage":{"@id":"https:\/\/www.david-coin.com\/product\/one-banknote-100-jaar-turkse-republiek-1980-2000-turkiye-cumhuriyetinin-100-yili-1980-2000\/#primaryimage"},"image":{"@id":"https:\/\/www.david-coin.com\/product\/one-banknote-100-jaar-turkse-republiek-1980-2000-turkiye-cumhuriyetinin-100-yili-1980-2000\/#primaryimage"},"thumbnailUrl":"https:\/\/www.david-coin.com\/wp-content\/uploads\/2023\/11\/one-banknote-serie-turkije-2.jpg","datePublished":"2023-11-28T16:19:06+00:00","dateModified":"2025-10-02T13:54:01+00:00","description":"One banknote series verkrijgbaar bij David-coin. Bekijk nu ons ruime assortiment one banknote series. Gratis verzending binnen Nederland vanaf 75 euro.","breadcrumb":{"@id":"https:\/\/www.david-coin.com\/product\/one-banknote-100-jaar-turkse-republiek-1980-2000-turkiye-cumhuriyetinin-100-yili-1980-2000\/#breadcrumb"},"inLanguage":"zh-Hans","potentialAction":[{"@type":"ReadAction","target":["https:\/\/www.david-coin.com\/product\/one-banknote-100-jaar-turkse-republiek-1980-2000-turkiye-cumhuriyetinin-100-yili-1980-2000\/"]}]},{"@type":"ImageObject","inLanguage":"zh-Hans","@id":"https:\/\/www.david-coin.com\/product\/one-banknote-100-jaar-turkse-republiek-1980-2000-turkiye-cumhuriyetinin-100-yili-1980-2000\/#primaryimage","url":"https:\/\/www.david-coin.com\/wp-content\/uploads\/2023\/11\/one-banknote-serie-turkije-2.jpg","contentUrl":"https:\/\/www.david-coin.com\/wp-content\/uploads\/2023\/11\/one-banknote-serie-turkije-2.jpg","width":500,"height":500},{"@type":"BreadcrumbList","@id":"https:\/\/www.david-coin.com\/product\/one-banknote-100-jaar-turkse-republiek-1980-2000-turkiye-cumhuriyetinin-100-yili-1980-2000\/#breadcrumb","itemListElement":[{"@type":"ListItem","position":1,"name":"Home","item":"https:\/\/www.david-coin.com\/"},{"@type":"ListItem","position":2,"name":"Winkel","item":"https:\/\/www.david-coin.com\/winkel\/"},{"@type":"ListItem","position":3,"name":"One Banknote 100 jaar Turkse Republiek 1980 &#8211; 2000 &#8211; T\u00fcrkiye Cumhuriyeti&#8217;nin 100 y\u0131l\u0131 1980 &#8211; 2000"}]},{"@type":"WebSite","@id":"https:\/\/www.david-coin.com\/#website","url":"https:\/\/www.david-coin.com\/","name":"David Coin","description":"","publisher":{"@id":"https:\/\/www.david-coin.com\/#organization"},"potentialAction":[{"@type":"SearchAction","target":{"@type":"EntryPoint","urlTemplate":"https:\/\/www.david-coin.com\/?s={search_term_string}"},"query-input":{"@type":"PropertyValueSpecification","valueRequired":true,"valueName":"search_term_string"}}],"inLanguage":"zh-Hans"},{"@type":"Organization","@id":"https:\/\/www.david-coin.com\/#organization","name":"David Coin","url":"https:\/\/www.david-coin.com\/","logo":{"@type":"ImageObject","inLanguage":"zh-Hans","@id":"https:\/\/www.david-coin.com\/#\/schema\/logo\/image\/","url":"https:\/\/www.david-coin.com\/wp-content\/uploads\/2024\/04\/davidcoin-logo-final.png","contentUrl":"https:\/\/www.david-coin.com\/wp-content\/uploads\/2024\/04\/davidcoin-logo-final.png","width":800,"height":267,"caption":"David Coin"},"image":{"@id":"https:\/\/www.david-coin.com\/#\/schema\/logo\/image\/"},"sameAs":["https:\/\/www.facebook.com\/Davidcoininkoopenverkoop","https:\/\/www.youtube.com\/channel\/UC39lihLKFSPTff0w6tv0pWQ"]}]},"product_price_amount":"9.95","product_price_currency":"EUR","og_availability":"instock","product_availability":"instock","product_retailer_item_id":"4518","product_condition":"new"},"_links":{"self":[{"href":"https:\/\/www.david-coin.com\/zh\/wp-json\/wp\/v2\/product\/122142","targetHints":{"allow":["GET"]}}],"collection":[{"href":"https:\/\/www.david-coin.com\/zh\/wp-json\/wp\/v2\/product"}],"about":[{"href":"https:\/\/www.david-coin.com\/zh\/wp-json\/wp\/v2\/types\/product"}],"replies":[{"embeddable":true,"href":"https:\/\/www.david-coin.com\/zh\/wp-json\/wp\/v2\/comments?post=122142"}],"wp:featuredmedia":[{"embeddable":true,"href":"https:\/\/www.david-coin.com\/zh\/wp-json\/wp\/v2\/media\/122141"}],"wp:attachment":[{"href":"https:\/\/www.david-coin.com\/zh\/wp-json\/wp\/v2\/media?parent=122142"}],"wp:term":[{"taxonomy":"product_brand","embeddable":true,"href":"https:\/\/www.david-coin.com\/zh\/wp-json\/wp\/v2\/product_brand?post=122142"},{"taxonomy":"product_cat","embeddable":true,"href":"https:\/\/www.david-coin.com\/zh\/wp-json\/wp\/v2\/product_cat?post=122142"},{"taxonomy":"product_tag","embeddable":true,"href":"https:\/\/www.david-coin.com\/zh\/wp-json\/wp\/v2\/product_tag?post=122142"}],"curies":[{"name":"wp","href":"https:\/\/api.w.org\/{rel}","templated":true}]}}