{"id":120206,"date":"2023-07-15T12:56:55","date_gmt":"2023-07-15T12:56:55","guid":{"rendered":"https:\/\/www.david-coin.com\/product\/china-1-ounce-zilveren-panda-2010\/"},"modified":"2026-04-27T02:15:39","modified_gmt":"2026-04-27T00:15:39","slug":"china-1-ounce-zilveren-panda-2010","status":"publish","type":"product","link":"https:\/\/www.david-coin.com\/zh\/product\/china-1-ounce-zilveren-panda-2010\/","title":{"rendered":"\u4e2d\u56fd 2010 \u5e74 1 \u76ce\u53f8\u718a\u732b\u94f6\u5e01"},"content":{"rendered":"<p><span style=\"font-size: 12pt;\"><strong><span style=\"font-family: arial, helvetica, sans-serif;\">\u4e2d\u56fd 2010 \u5e74 1 \u76ce\u53f8\u718a\u732b\u94f6\u5e01<\/span><\/strong><\/span><\/p>\n<p><span style=\"color: #000000; font-family: arial, helvetica, sans-serif; font-size: 12pt;\">\u4e2d\u56fd\u94f6\u718a\u732b<span lang=\"zh\">\u718a\u732b \u94f6\u5e01<\/span>;\u00a0<a style=\"color: #000000;\" title=\"\u62fc\u97f3\" href=\"https:\/\/en.wikipedia.org\/wiki\/Pinyin\">\u62fc\u97f3<\/a>\u00a0:\u00a0<i><span lang=\"zh-Latn-pinyin\">xi\u00f3ngm\u0101o y\u00ednb\u00ec<\/span><\/i>\u00a0)\u662f\u4e2d\u534e\u4eba\u6c11\u5171\u548c\u56fd\u53d1\u884c\u7684\u94f6\u5e01\u7cfb\u5217\u3002\u718a\u732b\u56fe\u6848\u6bcf\u5e74\u66f4\u6362\u4e00\u6b21\uff0c\u5e76\u4ee5\u4e0d\u540c\u7684\u5c3a\u5bf8\u548c\u9762\u989d\u94f8\u9020\uff0c\u4ece 0.5 \u91d1\u8861\u76ce\u53f8\u5230 1 \u516c\u65a4\u4e0d\u7b49\u3002\u4ece 2016 \u5e74\u8d77\uff0c\u718a\u732b\u6539\u7528\u516c\u5236\u5c3a\u5bf8\u30021\u00a0<a style=\"color: #000000;\" title=\"\u7279\u6d1b\u4f0a\u91cd\u91cf\" href=\"https:\/\/en.wikipedia.org\/wiki\/Troy_weight\">\u7279\u6d1b\u4f0a<\/a>\u00a0\u76ce\u53f8\u51cf\u5c11\u5230 30 \u514b\uff0c\u800c 5 \u91d1\u8861\u76ce\u53f8\u786c\u5e01\u51cf\u5c11\u5230 150 \u514b\u3002\u6df1\u53d7\u6295\u8d44\u8005\u548c\u6536\u85cf\u5bb6\u7684\u9752\u7750\u3002<\/span><\/p>\n<p><span style=\"font-family: arial, helvetica, sans-serif; font-size: 12pt;\">\u00a0<\/span><\/p>\n<p><span style=\"color: #000000; font-family: arial, helvetica, sans-serif; font-size: 12pt;\">Gewicht:31,103 gram (Troy Ounce)<br \/>\n\u5316\u9a8c\uff1a999\/1000<br \/>\n<\/span><\/p>\n<p><span style=\"color: #000000; font-family: arial, helvetica, sans-serif; font-size: 12pt;\">Vb \u7167\u7247\u3002\u60a8\u5c06\u6536\u5230\u4e00\u4efd\u5b8c\u5168\u76f8\u540c\u7684\u526f\u672c\u3002<br \/>\n\u8be6\u60c5\u8bf7\u67e5\u770b\u626b\u63cf\u4ef6\u3002<br \/>\n\u5982\u6709\u95ee\u9898\uff0c\u8bf7\u968f\u65f6\u7ed9\u6211\u4eec\u7559\u8a00\u3002<\/span><\/p>\n<p><span style=\"font-family: arial, helvetica, sans-serif; font-size: 12pt;\">\u00a0<\/span><\/p>","protected":false},"excerpt":{"rendered":"<p>999\/1000<\/p>","protected":false},"featured_media":120204,"comment_status":"closed","ping_status":"closed","template":"","meta":[],"product_brand":[],"product_cat":[5485,5479,5602,5473,5968],"product_tag":[],"class_list":{"0":"post-120206","1":"product","2":"type-product","3":"status-publish","4":"has-post-thumbnail","6":"product_cat-azie","7":"product_cat-edelmetaal-goud-kopen","8":"product_cat-troy-ounce-munten","9":"product_cat-world-coins-romeinse-munten","10":"product_cat-zilveren-chinese-panda","11":"pa_gewicht-1troyounce","12":"pa_kwaliteit-proof","13":"pa_land-china","14":"pa_materiaal-zilver","15":"pa_muntwaarde-10yuan","17":"first","18":"outofstock","19":"taxable","20":"shipping-taxable","21":"purchasable","22":"product-type-simple"},"yoast_head":"<!-- This site is optimized with the Yoast SEO Premium plugin v27.2 (Yoast SEO v27.5) - https:\/\/yoast.com\/product\/yoast-seo-premium-wordpress\/ -->\n<title>China 1 Ounce Zilveren panda 2010<\/title>\n<meta name=\"description\" content=\"Deze munt bevat een gewicht van 31,103 gram en is puur zilver (999\/1000). Betaal veilig, snel en profiteer van onze aanbiedingen.\" \/>\n<meta name=\"robots\" content=\"index, follow, max-snippet:-1, max-image-preview:large, max-video-preview:-1\" \/>\n<link rel=\"canonical\" href=\"https:\/\/www.david-coin.com\/zh\/product\/china-1-ounce-zilveren-panda-2010\/\" \/>\n<meta property=\"og:locale\" content=\"zh_CN\" \/>\n<meta property=\"og:type\" content=\"article\" \/>\n<meta property=\"og:title\" content=\"China 1 Ounce Zilveren panda 2010\" \/>\n<meta property=\"og:description\" content=\"Deze munt bevat een gewicht van 31,103 gram en is puur zilver (999\/1000). Betaal veilig, snel en profiteer van onze aanbiedingen.\" \/>\n<meta property=\"og:url\" content=\"https:\/\/www.david-coin.com\/zh\/product\/china-1-ounce-zilveren-panda-2010\/\" \/>\n<meta property=\"og:site_name\" content=\"David Coin\" \/>\n<meta property=\"article:publisher\" content=\"https:\/\/www.facebook.com\/Davidcoininkoopenverkoop\" \/>\n<meta property=\"article:modified_time\" content=\"2026-04-27T00:15:39+00:00\" \/>\n<meta property=\"og:image\" content=\"https:\/\/www.david-coin.com\/wp-content\/uploads\/2023\/07\/10yenvz.jpg\" \/>\n\t<meta property=\"og:image:width\" content=\"775\" \/>\n\t<meta property=\"og:image:height\" content=\"800\" \/>\n\t<meta property=\"og:image:type\" content=\"image\/jpeg\" \/>\n<meta name=\"twitter:card\" content=\"summary_large_image\" \/>\n<meta name=\"twitter:label1\" content=\"Price\" \/>\n\t<meta name=\"twitter:data1\" content=\"&euro;&nbsp;108,83\" \/>\n\t<meta name=\"twitter:label2\" content=\"Availability\" \/>\n\t<meta name=\"twitter:data2\" content=\"Out of stock\" \/>\n<script type=\"application\/ld+json\" class=\"yoast-schema-graph\">{\"@context\":\"https:\\\/\\\/schema.org\",\"@graph\":[{\"@type\":\"WebPage\",\"@id\":\"https:\\\/\\\/www.david-coin.com\\\/product\\\/china-1-ounce-zilveren-panda-2010\\\/\",\"url\":\"https:\\\/\\\/www.david-coin.com\\\/product\\\/china-1-ounce-zilveren-panda-2010\\\/\",\"name\":\"China 1 Ounce Zilveren panda 2010\",\"isPartOf\":{\"@id\":\"https:\\\/\\\/www.david-coin.com\\\/#website\"},\"primaryImageOfPage\":{\"@id\":\"https:\\\/\\\/www.david-coin.com\\\/product\\\/china-1-ounce-zilveren-panda-2010\\\/#primaryimage\"},\"image\":{\"@id\":\"https:\\\/\\\/www.david-coin.com\\\/product\\\/china-1-ounce-zilveren-panda-2010\\\/#primaryimage\"},\"thumbnailUrl\":\"https:\\\/\\\/www.david-coin.com\\\/wp-content\\\/uploads\\\/2023\\\/07\\\/10yenvz.jpg\",\"datePublished\":\"2023-07-15T12:56:55+00:00\",\"dateModified\":\"2026-04-27T00:15:39+00:00\",\"description\":\"Deze munt bevat een gewicht van 31,103 gram en is puur zilver (999\\\/1000). Betaal veilig, snel en profiteer van onze aanbiedingen.\",\"breadcrumb\":{\"@id\":\"https:\\\/\\\/www.david-coin.com\\\/product\\\/china-1-ounce-zilveren-panda-2010\\\/#breadcrumb\"},\"inLanguage\":\"zh-Hans\",\"potentialAction\":[{\"@type\":\"ReadAction\",\"target\":[\"https:\\\/\\\/www.david-coin.com\\\/product\\\/china-1-ounce-zilveren-panda-2010\\\/\"]}]},{\"@type\":\"ImageObject\",\"inLanguage\":\"zh-Hans\",\"@id\":\"https:\\\/\\\/www.david-coin.com\\\/product\\\/china-1-ounce-zilveren-panda-2010\\\/#primaryimage\",\"url\":\"https:\\\/\\\/www.david-coin.com\\\/wp-content\\\/uploads\\\/2023\\\/07\\\/10yenvz.jpg\",\"contentUrl\":\"https:\\\/\\\/www.david-coin.com\\\/wp-content\\\/uploads\\\/2023\\\/07\\\/10yenvz.jpg\",\"width\":775,\"height\":800},{\"@type\":\"BreadcrumbList\",\"@id\":\"https:\\\/\\\/www.david-coin.com\\\/product\\\/china-1-ounce-zilveren-panda-2010\\\/#breadcrumb\",\"itemListElement\":[{\"@type\":\"ListItem\",\"position\":1,\"name\":\"Home\",\"item\":\"https:\\\/\\\/www.david-coin.com\\\/\"},{\"@type\":\"ListItem\",\"position\":2,\"name\":\"Winkel\",\"item\":\"https:\\\/\\\/www.david-coin.com\\\/winkel\\\/\"},{\"@type\":\"ListItem\",\"position\":3,\"name\":\"China 1 Ounce Zilveren panda 2010\"}]},{\"@type\":\"WebSite\",\"@id\":\"https:\\\/\\\/www.david-coin.com\\\/#website\",\"url\":\"https:\\\/\\\/www.david-coin.com\\\/\",\"name\":\"David Coin\",\"description\":\"\",\"publisher\":{\"@id\":\"https:\\\/\\\/www.david-coin.com\\\/#organization\"},\"potentialAction\":[{\"@type\":\"SearchAction\",\"target\":{\"@type\":\"EntryPoint\",\"urlTemplate\":\"https:\\\/\\\/www.david-coin.com\\\/?s={search_term_string}\"},\"query-input\":{\"@type\":\"PropertyValueSpecification\",\"valueRequired\":true,\"valueName\":\"search_term_string\"}}],\"inLanguage\":\"zh-Hans\"},{\"@type\":\"Organization\",\"@id\":\"https:\\\/\\\/www.david-coin.com\\\/#organization\",\"name\":\"David Coin\",\"url\":\"https:\\\/\\\/www.david-coin.com\\\/\",\"logo\":{\"@type\":\"ImageObject\",\"inLanguage\":\"zh-Hans\",\"@id\":\"https:\\\/\\\/www.david-coin.com\\\/#\\\/schema\\\/logo\\\/image\\\/\",\"url\":\"https:\\\/\\\/www.david-coin.com\\\/wp-content\\\/uploads\\\/2024\\\/04\\\/davidcoin-logo-final.png\",\"contentUrl\":\"https:\\\/\\\/www.david-coin.com\\\/wp-content\\\/uploads\\\/2024\\\/04\\\/davidcoin-logo-final.png\",\"width\":800,\"height\":267,\"caption\":\"David Coin\"},\"image\":{\"@id\":\"https:\\\/\\\/www.david-coin.com\\\/#\\\/schema\\\/logo\\\/image\\\/\"},\"sameAs\":[\"https:\\\/\\\/www.facebook.com\\\/Davidcoininkoopenverkoop\",\"https:\\\/\\\/www.youtube.com\\\/channel\\\/UC39lihLKFSPTff0w6tv0pWQ\"]}]}<\/script>\n<meta property=\"product:price:amount\" content=\"108.83\" \/>\n<meta property=\"product:price:currency\" content=\"EUR\" \/>\n<meta property=\"og:availability\" content=\"out of stock\" \/>\n<meta property=\"product:availability\" content=\"out of stock\" \/>\n<meta property=\"product:retailer_item_id\" content=\"9220\" \/>\n<meta property=\"product:condition\" content=\"new\" \/>\n<!-- \/ Yoast SEO Premium plugin. -->","yoast_head_json":{"title":"\u4e2d\u56fd 2010 \u5e74 1 \u76ce\u53f8\u718a\u732b\u94f6\u5e01","description":"Deze munt bevat een gewicht van 31,103 gram en is puur zilver (999\/1000). Betaal veilig, snel en profiteer van onze aanbiedingen.","robots":{"index":"index","follow":"follow","max-snippet":"max-snippet:-1","max-image-preview":"max-image-preview:large","max-video-preview":"max-video-preview:-1"},"canonical":"https:\/\/www.david-coin.com\/zh\/product\/china-1-ounce-zilveren-panda-2010\/","og_locale":"zh_CN","og_type":"article","og_title":"China 1 Ounce Zilveren panda 2010","og_description":"Deze munt bevat een gewicht van 31,103 gram en is puur zilver (999\/1000). Betaal veilig, snel en profiteer van onze aanbiedingen.","og_url":"https:\/\/www.david-coin.com\/zh\/product\/china-1-ounce-zilveren-panda-2010\/","og_site_name":"David Coin","article_publisher":"https:\/\/www.facebook.com\/Davidcoininkoopenverkoop","article_modified_time":"2026-04-27T00:15:39+00:00","og_image":[{"width":775,"height":800,"url":"https:\/\/www.david-coin.com\/wp-content\/uploads\/2023\/07\/10yenvz.jpg","type":"image\/jpeg"}],"twitter_card":"summary_large_image","twitter_misc":{"Price":"&euro;&nbsp;108,83","Availability":"Out of stock"},"schema":{"@context":"https:\/\/schema.org","@graph":[{"@type":"WebPage","@id":"https:\/\/www.david-coin.com\/product\/china-1-ounce-zilveren-panda-2010\/","url":"https:\/\/www.david-coin.com\/product\/china-1-ounce-zilveren-panda-2010\/","name":"\u4e2d\u56fd 2010 \u5e74 1 \u76ce\u53f8\u718a\u732b\u94f6\u5e01","isPartOf":{"@id":"https:\/\/www.david-coin.com\/#website"},"primaryImageOfPage":{"@id":"https:\/\/www.david-coin.com\/product\/china-1-ounce-zilveren-panda-2010\/#primaryimage"},"image":{"@id":"https:\/\/www.david-coin.com\/product\/china-1-ounce-zilveren-panda-2010\/#primaryimage"},"thumbnailUrl":"https:\/\/www.david-coin.com\/wp-content\/uploads\/2023\/07\/10yenvz.jpg","datePublished":"2023-07-15T12:56:55+00:00","dateModified":"2026-04-27T00:15:39+00:00","description":"Deze munt bevat een gewicht van 31,103 gram en is puur zilver (999\/1000). Betaal veilig, snel en profiteer van onze aanbiedingen.","breadcrumb":{"@id":"https:\/\/www.david-coin.com\/product\/china-1-ounce-zilveren-panda-2010\/#breadcrumb"},"inLanguage":"zh-Hans","potentialAction":[{"@type":"ReadAction","target":["https:\/\/www.david-coin.com\/product\/china-1-ounce-zilveren-panda-2010\/"]}]},{"@type":"ImageObject","inLanguage":"zh-Hans","@id":"https:\/\/www.david-coin.com\/product\/china-1-ounce-zilveren-panda-2010\/#primaryimage","url":"https:\/\/www.david-coin.com\/wp-content\/uploads\/2023\/07\/10yenvz.jpg","contentUrl":"https:\/\/www.david-coin.com\/wp-content\/uploads\/2023\/07\/10yenvz.jpg","width":775,"height":800},{"@type":"BreadcrumbList","@id":"https:\/\/www.david-coin.com\/product\/china-1-ounce-zilveren-panda-2010\/#breadcrumb","itemListElement":[{"@type":"ListItem","position":1,"name":"Home","item":"https:\/\/www.david-coin.com\/"},{"@type":"ListItem","position":2,"name":"Winkel","item":"https:\/\/www.david-coin.com\/winkel\/"},{"@type":"ListItem","position":3,"name":"China 1 Ounce Zilveren panda 2010"}]},{"@type":"WebSite","@id":"https:\/\/www.david-coin.com\/#website","url":"https:\/\/www.david-coin.com\/","name":"David Coin","description":"","publisher":{"@id":"https:\/\/www.david-coin.com\/#organization"},"potentialAction":[{"@type":"SearchAction","target":{"@type":"EntryPoint","urlTemplate":"https:\/\/www.david-coin.com\/?s={search_term_string}"},"query-input":{"@type":"PropertyValueSpecification","valueRequired":true,"valueName":"search_term_string"}}],"inLanguage":"zh-Hans"},{"@type":"Organization","@id":"https:\/\/www.david-coin.com\/#organization","name":"David Coin","url":"https:\/\/www.david-coin.com\/","logo":{"@type":"ImageObject","inLanguage":"zh-Hans","@id":"https:\/\/www.david-coin.com\/#\/schema\/logo\/image\/","url":"https:\/\/www.david-coin.com\/wp-content\/uploads\/2024\/04\/davidcoin-logo-final.png","contentUrl":"https:\/\/www.david-coin.com\/wp-content\/uploads\/2024\/04\/davidcoin-logo-final.png","width":800,"height":267,"caption":"David Coin"},"image":{"@id":"https:\/\/www.david-coin.com\/#\/schema\/logo\/image\/"},"sameAs":["https:\/\/www.facebook.com\/Davidcoininkoopenverkoop","https:\/\/www.youtube.com\/channel\/UC39lihLKFSPTff0w6tv0pWQ"]}]},"product_price_amount":"108.83","product_price_currency":"EUR","og_availability":"out of stock","product_availability":"out of stock","product_retailer_item_id":"9220","product_condition":"new"},"_links":{"self":[{"href":"https:\/\/www.david-coin.com\/zh\/wp-json\/wp\/v2\/product\/120206","targetHints":{"allow":["GET"]}}],"collection":[{"href":"https:\/\/www.david-coin.com\/zh\/wp-json\/wp\/v2\/product"}],"about":[{"href":"https:\/\/www.david-coin.com\/zh\/wp-json\/wp\/v2\/types\/product"}],"replies":[{"embeddable":true,"href":"https:\/\/www.david-coin.com\/zh\/wp-json\/wp\/v2\/comments?post=120206"}],"wp:featuredmedia":[{"embeddable":true,"href":"https:\/\/www.david-coin.com\/zh\/wp-json\/wp\/v2\/media\/120204"}],"wp:attachment":[{"href":"https:\/\/www.david-coin.com\/zh\/wp-json\/wp\/v2\/media?parent=120206"}],"wp:term":[{"taxonomy":"product_brand","embeddable":true,"href":"https:\/\/www.david-coin.com\/zh\/wp-json\/wp\/v2\/product_brand?post=120206"},{"taxonomy":"product_cat","embeddable":true,"href":"https:\/\/www.david-coin.com\/zh\/wp-json\/wp\/v2\/product_cat?post=120206"},{"taxonomy":"product_tag","embeddable":true,"href":"https:\/\/www.david-coin.com\/zh\/wp-json\/wp\/v2\/product_tag?post=120206"}],"curies":[{"name":"wp","href":"https:\/\/api.w.org\/{rel}","templated":true}]}}