{"id":163535,"date":"2026-03-16T01:30:00","date_gmt":"2026-03-16T00:30:00","guid":{"rendered":"https:\/\/www.david-coin.com\/?post_type=product&#038;p=163535"},"modified":"2026-04-13T16:05:51","modified_gmt":"2026-04-13T14:05:51","slug":"1-eurocent-set-16-landen-diverse-jaren-20-stuks","status":"publish","type":"product","link":"https:\/\/www.david-coin.com\/ru\/product\/1-eurocent-set-16-landen-diverse-jaren-20-stuks\/","title":{"rendered":"1 Eurocent-set 16 landen diverse jaren (20 stuks)"},"content":{"rendered":"<p>1 Eurocent-set 16 landen diverse jaren (20 stuks)<\/p>\n<p>De set bevat 20 keer 1 cent van diverse jaren van de volgende landen: Belgi\u00eb (2X), Frankrijk (2x), Luxemburg, Oostenrijk, Griekenland (2x), Nederland, Ierland, Itali\u00eb, Portugal, Spanje, Nederland, Sloveni\u00eb, Malta, Sloveni\u00eb, Estland en Letland (2x)<\/p>\n<p>\u0411\u043e\u043b\u0435\u0435 \u043f\u043e\u0434\u0440\u043e\u0431\u043d\u0443\u044e \u0438\u043d\u0444\u043e\u0440\u043c\u0430\u0446\u0438\u044e \u0441\u043c\u043e\u0442\u0440\u0438\u0442\u0435 \u043d\u0430 \u0441\u043a\u0430\u043d\u0430\u0445.<br \/>\n\u0415\u0441\u043b\u0438 \u0443 \u0432\u0430\u0441 \u0432\u043e\u0437\u043d\u0438\u043a\u043b\u0438 \u0432\u043e\u043f\u0440\u043e\u0441\u044b, \u043d\u0435 \u0441\u0442\u0435\u0441\u043d\u044f\u0439\u0442\u0435\u0441\u044c \u043e\u0442\u043f\u0440\u0430\u0432\u0438\u0442\u044c \u043d\u0430\u043c \u0441\u043e\u043e\u0431\u0449\u0435\u043d\u0438\u0435.<\/p>\n<p>&nbsp;<\/p>","protected":false},"excerpt":{"rendered":"<p>Muntset met kleinste euromuntwaarde<\/p>","protected":false},"featured_media":163347,"comment_status":"closed","ping_status":"closed","template":"","meta":[],"product_brand":[],"product_cat":[5478,6221,5919,5560],"product_tag":[],"class_list":{"0":"post-163535","1":"product","2":"type-product","3":"status-publish","4":"has-post-thumbnail","6":"product_cat-zeldzame-euromunten","7":"product_cat-eurosets-divers","8":"product_cat-nederlandse-muntsets","9":"product_cat-unc-muntsets-eurolanden","10":"pa_delcampeid-7272","11":"pa_kwaliteit-unc","12":"pa_land-europa","13":"pa_materiaal-verkoperdstaal","14":"pa_muntwaarde-divers","15":"pa_muntwaarde-set","16":"pa_soort-muntset","17":"pa_soort-set","19":"first","20":"instock","21":"purchasable","22":"product-type-simple"},"yoast_head":"<!-- This site is optimized with the Yoast SEO Premium plugin v27.2 (Yoast SEO v27.4) - https:\/\/yoast.com\/product\/yoast-seo-premium-wordpress\/ -->\n<title>1 Eurocent-set 16 landen diverse jaren (20 stuks)<\/title>\n<meta name=\"description\" content=\"Muntensets kopen? Bekijk ons ruime aanbod munten in diverse kwaliteiten. Gratis verzending vanaf 75 euro binnen Nederland.\" \/>\n<meta name=\"robots\" content=\"index, follow, max-snippet:-1, max-image-preview:large, max-video-preview:-1\" \/>\n<link rel=\"canonical\" href=\"https:\/\/www.david-coin.com\/ru\/product\/1-eurocent-set-16-landen-diverse-jaren-20-stuks\/\" \/>\n<meta property=\"og:locale\" content=\"ru_RU\" \/>\n<meta property=\"og:type\" content=\"article\" \/>\n<meta property=\"og:title\" content=\"1 Eurocent-set 16 landen diverse jaren (20 stuks)\" \/>\n<meta property=\"og:description\" content=\"Muntensets kopen? Bekijk ons ruime aanbod munten in diverse kwaliteiten. Gratis verzending vanaf 75 euro binnen Nederland.\" \/>\n<meta property=\"og:url\" content=\"https:\/\/www.david-coin.com\/ru\/product\/1-eurocent-set-16-landen-diverse-jaren-20-stuks\/\" \/>\n<meta property=\"og:site_name\" content=\"David Coin\" \/>\n<meta property=\"article:publisher\" content=\"https:\/\/www.facebook.com\/Davidcoininkoopenverkoop\" \/>\n<meta property=\"article:modified_time\" content=\"2026-04-13T14:05:51+00:00\" \/>\n<meta property=\"og:image\" content=\"https:\/\/www.david-coin.com\/wp-content\/uploads\/2026\/03\/Europa-1cent-set-diversejaren-az.jpg\" \/>\n\t<meta property=\"og:image:width\" content=\"1024\" \/>\n\t<meta property=\"og:image:height\" content=\"662\" \/>\n\t<meta property=\"og:image:type\" content=\"image\/jpeg\" \/>\n<meta name=\"twitter:card\" content=\"summary_large_image\" \/>\n<meta name=\"twitter:label1\" content=\"\u0426\u0435\u043d\u0430\" \/>\n\t<meta name=\"twitter:data1\" content=\"&euro;&nbsp;20,95\" \/>\n\t<meta name=\"twitter:label2\" content=\"\u0414\u043e\u0441\u0442\u0443\u043f\u043d\u043e\u0441\u0442\u044c\" \/>\n\t<meta name=\"twitter:data2\" content=\"\u0412 \u043d\u0430\u043b\u0438\u0447\u0438\u0438\" \/>\n<script type=\"application\/ld+json\" class=\"yoast-schema-graph\">{\"@context\":\"https:\\\/\\\/schema.org\",\"@graph\":[{\"@type\":\"WebPage\",\"@id\":\"https:\\\/\\\/www.david-coin.com\\\/product\\\/1-eurocent-set-16-landen-diverse-jaren-20-stuks\\\/\",\"url\":\"https:\\\/\\\/www.david-coin.com\\\/product\\\/1-eurocent-set-16-landen-diverse-jaren-20-stuks\\\/\",\"name\":\"1 Eurocent-set 16 landen diverse jaren (20 stuks)\",\"isPartOf\":{\"@id\":\"https:\\\/\\\/www.david-coin.com\\\/#website\"},\"primaryImageOfPage\":{\"@id\":\"https:\\\/\\\/www.david-coin.com\\\/product\\\/1-eurocent-set-16-landen-diverse-jaren-20-stuks\\\/#primaryimage\"},\"image\":{\"@id\":\"https:\\\/\\\/www.david-coin.com\\\/product\\\/1-eurocent-set-16-landen-diverse-jaren-20-stuks\\\/#primaryimage\"},\"thumbnailUrl\":\"https:\\\/\\\/www.david-coin.com\\\/wp-content\\\/uploads\\\/2026\\\/03\\\/Europa-1cent-set-diversejaren-az.jpg\",\"datePublished\":\"2026-03-16T00:30:00+00:00\",\"dateModified\":\"2026-04-13T14:05:51+00:00\",\"description\":\"Muntensets kopen? Bekijk ons ruime aanbod munten in diverse kwaliteiten. Gratis verzending vanaf 75 euro binnen Nederland.\",\"breadcrumb\":{\"@id\":\"https:\\\/\\\/www.david-coin.com\\\/product\\\/1-eurocent-set-16-landen-diverse-jaren-20-stuks\\\/#breadcrumb\"},\"inLanguage\":\"ru-RU\",\"potentialAction\":[{\"@type\":\"ReadAction\",\"target\":[\"https:\\\/\\\/www.david-coin.com\\\/product\\\/1-eurocent-set-16-landen-diverse-jaren-20-stuks\\\/\"]}]},{\"@type\":\"ImageObject\",\"inLanguage\":\"ru-RU\",\"@id\":\"https:\\\/\\\/www.david-coin.com\\\/product\\\/1-eurocent-set-16-landen-diverse-jaren-20-stuks\\\/#primaryimage\",\"url\":\"https:\\\/\\\/www.david-coin.com\\\/wp-content\\\/uploads\\\/2026\\\/03\\\/Europa-1cent-set-diversejaren-az.jpg\",\"contentUrl\":\"https:\\\/\\\/www.david-coin.com\\\/wp-content\\\/uploads\\\/2026\\\/03\\\/Europa-1cent-set-diversejaren-az.jpg\",\"width\":1024,\"height\":662,\"caption\":\"1 Eurocent-set 16 landen diverse jaren (20 stuks)\"},{\"@type\":\"BreadcrumbList\",\"@id\":\"https:\\\/\\\/www.david-coin.com\\\/product\\\/1-eurocent-set-16-landen-diverse-jaren-20-stuks\\\/#breadcrumb\",\"itemListElement\":[{\"@type\":\"ListItem\",\"position\":1,\"name\":\"Home\",\"item\":\"https:\\\/\\\/www.david-coin.com\\\/\"},{\"@type\":\"ListItem\",\"position\":2,\"name\":\"Winkel\",\"item\":\"https:\\\/\\\/www.david-coin.com\\\/winkel\\\/\"},{\"@type\":\"ListItem\",\"position\":3,\"name\":\"1 Eurocent-set 16 landen diverse jaren (20 stuks)\"}]},{\"@type\":\"WebSite\",\"@id\":\"https:\\\/\\\/www.david-coin.com\\\/#website\",\"url\":\"https:\\\/\\\/www.david-coin.com\\\/\",\"name\":\"David Coin\",\"description\":\"\",\"publisher\":{\"@id\":\"https:\\\/\\\/www.david-coin.com\\\/#organization\"},\"potentialAction\":[{\"@type\":\"SearchAction\",\"target\":{\"@type\":\"EntryPoint\",\"urlTemplate\":\"https:\\\/\\\/www.david-coin.com\\\/?s={search_term_string}\"},\"query-input\":{\"@type\":\"PropertyValueSpecification\",\"valueRequired\":true,\"valueName\":\"search_term_string\"}}],\"inLanguage\":\"ru-RU\"},{\"@type\":\"Organization\",\"@id\":\"https:\\\/\\\/www.david-coin.com\\\/#organization\",\"name\":\"David Coin\",\"url\":\"https:\\\/\\\/www.david-coin.com\\\/\",\"logo\":{\"@type\":\"ImageObject\",\"inLanguage\":\"ru-RU\",\"@id\":\"https:\\\/\\\/www.david-coin.com\\\/#\\\/schema\\\/logo\\\/image\\\/\",\"url\":\"https:\\\/\\\/www.david-coin.com\\\/wp-content\\\/uploads\\\/2024\\\/04\\\/davidcoin-logo-final.png\",\"contentUrl\":\"https:\\\/\\\/www.david-coin.com\\\/wp-content\\\/uploads\\\/2024\\\/04\\\/davidcoin-logo-final.png\",\"width\":800,\"height\":267,\"caption\":\"David Coin\"},\"image\":{\"@id\":\"https:\\\/\\\/www.david-coin.com\\\/#\\\/schema\\\/logo\\\/image\\\/\"},\"sameAs\":[\"https:\\\/\\\/www.facebook.com\\\/Davidcoininkoopenverkoop\",\"https:\\\/\\\/www.youtube.com\\\/channel\\\/UC39lihLKFSPTff0w6tv0pWQ\"]}]}<\/script>\n<meta property=\"product:price:amount\" content=\"20.95\" \/>\n<meta property=\"product:price:currency\" content=\"EUR\" \/>\n<meta property=\"og:availability\" content=\"instock\" \/>\n<meta property=\"product:availability\" content=\"instock\" \/>\n<meta property=\"product:retailer_item_id\" content=\"32579\" \/>\n<meta property=\"product:condition\" content=\"new\" \/>\n<!-- \/ Yoast SEO Premium plugin. -->","yoast_head_json":{"title":"1 Eurocent-set 16 landen diverse jaren (20 stuks)","description":"Muntensets kopen? Bekijk ons ruime aanbod munten in diverse kwaliteiten. Gratis verzending vanaf 75 euro binnen Nederland.","robots":{"index":"index","follow":"follow","max-snippet":"max-snippet:-1","max-image-preview":"max-image-preview:large","max-video-preview":"max-video-preview:-1"},"canonical":"https:\/\/www.david-coin.com\/ru\/product\/1-eurocent-set-16-landen-diverse-jaren-20-stuks\/","og_locale":"ru_RU","og_type":"article","og_title":"1 Eurocent-set 16 landen diverse jaren (20 stuks)","og_description":"Muntensets kopen? Bekijk ons ruime aanbod munten in diverse kwaliteiten. Gratis verzending vanaf 75 euro binnen Nederland.","og_url":"https:\/\/www.david-coin.com\/ru\/product\/1-eurocent-set-16-landen-diverse-jaren-20-stuks\/","og_site_name":"David Coin","article_publisher":"https:\/\/www.facebook.com\/Davidcoininkoopenverkoop","article_modified_time":"2026-04-13T14:05:51+00:00","og_image":[{"width":1024,"height":662,"url":"https:\/\/www.david-coin.com\/wp-content\/uploads\/2026\/03\/Europa-1cent-set-diversejaren-az.jpg","type":"image\/jpeg"}],"twitter_card":"summary_large_image","twitter_misc":{"\u0426\u0435\u043d\u0430":"&euro;&nbsp;20,95","\u0414\u043e\u0441\u0442\u0443\u043f\u043d\u043e\u0441\u0442\u044c":"\u0412 \u043d\u0430\u043b\u0438\u0447\u0438\u0438"},"schema":{"@context":"https:\/\/schema.org","@graph":[{"@type":"WebPage","@id":"https:\/\/www.david-coin.com\/product\/1-eurocent-set-16-landen-diverse-jaren-20-stuks\/","url":"https:\/\/www.david-coin.com\/product\/1-eurocent-set-16-landen-diverse-jaren-20-stuks\/","name":"1 Eurocent-set 16 landen diverse jaren (20 stuks)","isPartOf":{"@id":"https:\/\/www.david-coin.com\/#website"},"primaryImageOfPage":{"@id":"https:\/\/www.david-coin.com\/product\/1-eurocent-set-16-landen-diverse-jaren-20-stuks\/#primaryimage"},"image":{"@id":"https:\/\/www.david-coin.com\/product\/1-eurocent-set-16-landen-diverse-jaren-20-stuks\/#primaryimage"},"thumbnailUrl":"https:\/\/www.david-coin.com\/wp-content\/uploads\/2026\/03\/Europa-1cent-set-diversejaren-az.jpg","datePublished":"2026-03-16T00:30:00+00:00","dateModified":"2026-04-13T14:05:51+00:00","description":"Muntensets kopen? Bekijk ons ruime aanbod munten in diverse kwaliteiten. Gratis verzending vanaf 75 euro binnen Nederland.","breadcrumb":{"@id":"https:\/\/www.david-coin.com\/product\/1-eurocent-set-16-landen-diverse-jaren-20-stuks\/#breadcrumb"},"inLanguage":"ru-RU","potentialAction":[{"@type":"ReadAction","target":["https:\/\/www.david-coin.com\/product\/1-eurocent-set-16-landen-diverse-jaren-20-stuks\/"]}]},{"@type":"ImageObject","inLanguage":"ru-RU","@id":"https:\/\/www.david-coin.com\/product\/1-eurocent-set-16-landen-diverse-jaren-20-stuks\/#primaryimage","url":"https:\/\/www.david-coin.com\/wp-content\/uploads\/2026\/03\/Europa-1cent-set-diversejaren-az.jpg","contentUrl":"https:\/\/www.david-coin.com\/wp-content\/uploads\/2026\/03\/Europa-1cent-set-diversejaren-az.jpg","width":1024,"height":662,"caption":"1 Eurocent-set 16 landen diverse jaren (20 stuks)"},{"@type":"BreadcrumbList","@id":"https:\/\/www.david-coin.com\/product\/1-eurocent-set-16-landen-diverse-jaren-20-stuks\/#breadcrumb","itemListElement":[{"@type":"ListItem","position":1,"name":"Home","item":"https:\/\/www.david-coin.com\/"},{"@type":"ListItem","position":2,"name":"Winkel","item":"https:\/\/www.david-coin.com\/winkel\/"},{"@type":"ListItem","position":3,"name":"1 Eurocent-set 16 landen diverse jaren (20 stuks)"}]},{"@type":"WebSite","@id":"https:\/\/www.david-coin.com\/#website","url":"https:\/\/www.david-coin.com\/","name":"David Coin","description":"","publisher":{"@id":"https:\/\/www.david-coin.com\/#organization"},"potentialAction":[{"@type":"SearchAction","target":{"@type":"EntryPoint","urlTemplate":"https:\/\/www.david-coin.com\/?s={search_term_string}"},"query-input":{"@type":"PropertyValueSpecification","valueRequired":true,"valueName":"search_term_string"}}],"inLanguage":"ru-RU"},{"@type":"Organization","@id":"https:\/\/www.david-coin.com\/#organization","name":"David Coin","url":"https:\/\/www.david-coin.com\/","logo":{"@type":"ImageObject","inLanguage":"ru-RU","@id":"https:\/\/www.david-coin.com\/#\/schema\/logo\/image\/","url":"https:\/\/www.david-coin.com\/wp-content\/uploads\/2024\/04\/davidcoin-logo-final.png","contentUrl":"https:\/\/www.david-coin.com\/wp-content\/uploads\/2024\/04\/davidcoin-logo-final.png","width":800,"height":267,"caption":"David Coin"},"image":{"@id":"https:\/\/www.david-coin.com\/#\/schema\/logo\/image\/"},"sameAs":["https:\/\/www.facebook.com\/Davidcoininkoopenverkoop","https:\/\/www.youtube.com\/channel\/UC39lihLKFSPTff0w6tv0pWQ"]}]},"product_price_amount":"20.95","product_price_currency":"EUR","og_availability":"instock","product_availability":"instock","product_retailer_item_id":"32579","product_condition":"new"},"_links":{"self":[{"href":"https:\/\/www.david-coin.com\/ru\/wp-json\/wp\/v2\/product\/163535","targetHints":{"allow":["GET"]}}],"collection":[{"href":"https:\/\/www.david-coin.com\/ru\/wp-json\/wp\/v2\/product"}],"about":[{"href":"https:\/\/www.david-coin.com\/ru\/wp-json\/wp\/v2\/types\/product"}],"replies":[{"embeddable":true,"href":"https:\/\/www.david-coin.com\/ru\/wp-json\/wp\/v2\/comments?post=163535"}],"wp:featuredmedia":[{"embeddable":true,"href":"https:\/\/www.david-coin.com\/ru\/wp-json\/wp\/v2\/media\/163347"}],"wp:attachment":[{"href":"https:\/\/www.david-coin.com\/ru\/wp-json\/wp\/v2\/media?parent=163535"}],"wp:term":[{"taxonomy":"product_brand","embeddable":true,"href":"https:\/\/www.david-coin.com\/ru\/wp-json\/wp\/v2\/product_brand?post=163535"},{"taxonomy":"product_cat","embeddable":true,"href":"https:\/\/www.david-coin.com\/ru\/wp-json\/wp\/v2\/product_cat?post=163535"},{"taxonomy":"product_tag","embeddable":true,"href":"https:\/\/www.david-coin.com\/ru\/wp-json\/wp\/v2\/product_tag?post=163535"}],"curies":[{"name":"wp","href":"https:\/\/api.w.org\/{rel}","templated":true}]}}