{"id":152799,"date":"2025-09-19T06:31:50","date_gmt":"2025-09-19T04:31:50","guid":{"rendered":"https:\/\/www.david-coin.com\/?post_type=product&#038;p=152799"},"modified":"2026-01-27T17:39:36","modified_gmt":"2026-01-27T16:39:36","slug":"nederland-zilverbon-1-gulden-1914-pmg-50","status":"publish","type":"product","link":"https:\/\/www.david-coin.com\/ru\/product\/nederland-zilverbon-1-gulden-1914-pmg-50\/","title":{"rendered":"\u041d\u0438\u0434\u0435\u0440\u043b\u0430\u043d\u0434\u044b \u0421\u0435\u0440\u0435\u0431\u0440\u044f\u043d\u0430\u044f \u0431\u0430\u043d\u043a\u043d\u043e\u0442\u0430 1 \u0433\u0443\u043b\u044c\u0434\u0435\u043d 1914 PMG 50"},"content":{"rendered":"<p><span style=\"font-size: 12pt;\"><strong>\u041d\u0438\u0434\u0435\u0440\u043b\u0430\u043d\u0434\u044b \u0421\u0435\u0440\u0435\u0431\u0440\u044f\u043d\u0430\u044f \u0431\u0430\u043d\u043a\u043d\u043e\u0442\u0430 1 \u0433\u0443\u043b\u044c\u0434\u0435\u043d 1914 PMG 50<br \/>\n<\/strong><\/span>Kwaliteit: UNC (plakkerresten)<\/p>\n<p>NVMH:01-c<br \/>\nPlomp:PL1c<br \/>\nPick: 4a<\/p>\n<p><strong style=\"--tw-scale-x: 1; --tw-scale-y: 1; --tw-scroll-snap-strictness: proximity; --tw-ring-offset-width: 0px; --tw-ring-offset-color: #fff; --tw-ring-color: #3b82f680; --tw-ring-offset-shadow: 0 0 #0000; --tw-ring-shadow: 0 0 #0000; --tw-shadow: 0 0 #0000; --tw-shadow-colored: 0 0 #0000;\">\u041e \u043a\u0430\u0447\u0435\u0441\u0442\u0432\u0435<\/strong><br style=\"--tw-scale-x: 1; --tw-scale-y: 1; --tw-scroll-snap-strictness: proximity; --tw-ring-offset-width: 0px; --tw-ring-offset-color: #fff; --tw-ring-color: #3b82f680; --tw-ring-offset-shadow: 0 0 #0000; --tw-ring-shadow: 0 0 #0000; --tw-shadow: 0 0 #0000; --tw-shadow-colored: 0 0 #0000;\" \/>Het bankbiljet is gekeurd in PMG 50, wat gelijk staat aan prachtig +. Op de achterkant zijn plakkerresten te zien aan de rechterzijde.<\/p>\n<p>Na het uitbreken van de eerste wereldoorlog brachten veel Nederlanders hun bankbiljetten en muntbiljetten naar de Nederlandsche Bank om ze om te wisselen voor gouden en zilveren munten. Daardoor ontstond er een schaarste aan muntgeld en moest de Nederlandse Bank samen met de regering tot een oplossing komen. Uiteindelijk werd besloten om zilverbonnen uit te geven om het tekort aan wisselgeld aan te vullen. Deze konden na aankondiging worden omgewisseld voor zilveren munten. De zilverbon van een gulden uit 1914 is uitgegeven door het ministerie van financi\u00ebn en heeft de handtekeningen van Anthonij Ewoud Jan Bertling (Minister van financi\u00ebn), en van A. L. Kulemkamp-Lemmers (Ambtenaar van het ministerie van financi\u00ebn). Naast de een gulden zilverbon 1914 zijn er ook nog de:<\/p>\n<p>-\u00a0<a href=\"https:\/\/www.david-coin.com\/ru\/product\/nederland-1-gulden-1914-zilverbon-fr\/%E2%80%9Dhttps:\/\/www.david-coin.com\/product\/nederland-25-gulden-zilverbon-1914\/%E2%80%9D\/\">Twee en een halve gulden zilverbon 1914;<\/a><br \/>\n-\u00a0<a href=\"https:\/\/www.david-coin.com\/ru\/product\/nederland-1-gulden-1914-zilverbon-fr\/%E2%80%9Dhttps:\/\/www.david-coin.com\/product\/nederland-5-gulden-1914-zilverbon\/%E2%80%9D\/\">Vijf gulden zilverbon 1914.<\/a><\/p>\n<p>De zilverbonnen verdwenen na de eerste wereldoorlog weer langzaam uit omloop omdat er weer meer gulden- en\u00a0<a href=\"https:\/\/www.david-coin.com\/ru\/product\/nederland-25-gulden-1929-wilhelmina\/\">rijksdaalder munten <\/a>gemaakt werden.<\/p>\n<p>\u0411\u043e\u043b\u0435\u0435 \u043f\u043e\u0434\u0440\u043e\u0431\u043d\u0443\u044e \u0438\u043d\u0444\u043e\u0440\u043c\u0430\u0446\u0438\u044e \u0441\u043c\u043e\u0442\u0440\u0438\u0442\u0435 \u043d\u0430 \u0441\u043a\u0430\u043d\u0430\u0445.<br style=\"--tw-scale-x: 1; --tw-scale-y: 1; --tw-scroll-snap-strictness: proximity; --tw-ring-offset-width: 0px; --tw-ring-offset-color: #fff; --tw-ring-color: #3b82f680; --tw-ring-offset-shadow: 0 0 #0000; --tw-ring-shadow: 0 0 #0000; --tw-shadow: 0 0 #0000; --tw-shadow-colored: 0 0 #0000;\" \/>\u0415\u0441\u043b\u0438 \u0443 \u0432\u0430\u0441 \u0432\u043e\u0437\u043d\u0438\u043a\u043b\u0438 \u0432\u043e\u043f\u0440\u043e\u0441\u044b, \u043d\u0435 \u0441\u0442\u0435\u0441\u043d\u044f\u0439\u0442\u0435\u0441\u044c \u043e\u0442\u043f\u0440\u0430\u0432\u0438\u0442\u044c \u043d\u0430\u043c \u0441\u043e\u043e\u0431\u0449\u0435\u043d\u0438\u0435.<\/p>","protected":false},"excerpt":{"rendered":"<p><span style=\"font-size: 12pt;\">NVMH:49-1a<\/span><br \/>\nPlomp: PL1c<br \/>\nPick:91b<\/p>\n<p>&nbsp;<\/p>","protected":false},"featured_media":152933,"comment_status":"closed","ping_status":"closed","template":"","meta":[],"product_brand":[],"product_cat":[5488,5472],"product_tag":[],"class_list":{"0":"post-152799","1":"product","2":"type-product","3":"status-publish","4":"has-post-thumbnail","6":"product_cat-1-gulden-biljet","7":"product_cat-nederlandse-bankbiljetten","8":"pa_bankbiljetwaarde-1gulden","9":"pa_kwaliteit-prachtig-plus","10":"pa_soort-pmgnotes","12":"first","13":"instock","14":"taxable","15":"shipping-taxable","16":"purchasable","17":"product-type-simple"},"yoast_head":"<!-- This site is optimized with the Yoast SEO Premium plugin v27.2 (Yoast SEO v27.4) - https:\/\/yoast.com\/product\/yoast-seo-premium-wordpress\/ -->\n<title>Nederland Zilverbon 1 gulden 1914 PMG 50<\/title>\n<meta name=\"description\" content=\"1000 gulden 1956 Rembrandt kopen? Bekijk ons complete aanbod van 1 gulden t\/m 1000 gulden. Ruim assortiment Nederlands papiergeld.\" \/>\n<meta name=\"robots\" content=\"index, follow, max-snippet:-1, max-image-preview:large, max-video-preview:-1\" \/>\n<link rel=\"canonical\" href=\"https:\/\/www.david-coin.com\/ru\/product\/nederland-zilverbon-1-gulden-1914-pmg-50\/\" \/>\n<meta property=\"og:locale\" content=\"ru_RU\" \/>\n<meta property=\"og:type\" content=\"article\" \/>\n<meta property=\"og:title\" content=\"Nederland Zilverbon 1 gulden 1914 PMG 50\" \/>\n<meta property=\"og:description\" content=\"1000 gulden 1956 Rembrandt kopen? Bekijk ons complete aanbod van 1 gulden t\/m 1000 gulden. Ruim assortiment Nederlands papiergeld.\" \/>\n<meta property=\"og:url\" content=\"https:\/\/www.david-coin.com\/ru\/product\/nederland-zilverbon-1-gulden-1914-pmg-50\/\" \/>\n<meta property=\"og:site_name\" content=\"David Coin\" \/>\n<meta property=\"article:publisher\" content=\"https:\/\/www.facebook.com\/Davidcoininkoopenverkoop\" \/>\n<meta property=\"article:modified_time\" content=\"2026-01-27T16:39:36+00:00\" \/>\n<meta property=\"og:image\" content=\"https:\/\/www.david-coin.com\/wp-content\/uploads\/2025\/08\/Nederland-1gulden-1914-vz-pmg50.jpg\" \/>\n\t<meta property=\"og:image:width\" content=\"1104\" \/>\n\t<meta property=\"og:image:height\" content=\"711\" \/>\n\t<meta property=\"og:image:type\" content=\"image\/jpeg\" \/>\n<meta name=\"twitter:card\" content=\"summary_large_image\" \/>\n<meta name=\"twitter:label1\" content=\"\u0426\u0435\u043d\u0430\" \/>\n\t<meta name=\"twitter:data1\" content=\"&euro;&nbsp;395,00\" \/>\n\t<meta name=\"twitter:label2\" content=\"\u0414\u043e\u0441\u0442\u0443\u043f\u043d\u043e\u0441\u0442\u044c\" \/>\n\t<meta name=\"twitter:data2\" content=\"\u0412 \u043d\u0430\u043b\u0438\u0447\u0438\u0438\" \/>\n<script type=\"application\/ld+json\" class=\"yoast-schema-graph\">{\"@context\":\"https:\\\/\\\/schema.org\",\"@graph\":[{\"@type\":\"WebPage\",\"@id\":\"https:\\\/\\\/www.david-coin.com\\\/product\\\/nederland-zilverbon-1-gulden-1914-pmg-50\\\/\",\"url\":\"https:\\\/\\\/www.david-coin.com\\\/product\\\/nederland-zilverbon-1-gulden-1914-pmg-50\\\/\",\"name\":\"Nederland Zilverbon 1 gulden 1914 PMG 50\",\"isPartOf\":{\"@id\":\"https:\\\/\\\/www.david-coin.com\\\/#website\"},\"primaryImageOfPage\":{\"@id\":\"https:\\\/\\\/www.david-coin.com\\\/product\\\/nederland-zilverbon-1-gulden-1914-pmg-50\\\/#primaryimage\"},\"image\":{\"@id\":\"https:\\\/\\\/www.david-coin.com\\\/product\\\/nederland-zilverbon-1-gulden-1914-pmg-50\\\/#primaryimage\"},\"thumbnailUrl\":\"https:\\\/\\\/www.david-coin.com\\\/wp-content\\\/uploads\\\/2025\\\/08\\\/Nederland-1gulden-1914-vz-pmg50.jpg\",\"datePublished\":\"2025-09-19T04:31:50+00:00\",\"dateModified\":\"2026-01-27T16:39:36+00:00\",\"description\":\"1000 gulden 1956 Rembrandt kopen? Bekijk ons complete aanbod van 1 gulden t\\\/m 1000 gulden. Ruim assortiment Nederlands papiergeld.\",\"breadcrumb\":{\"@id\":\"https:\\\/\\\/www.david-coin.com\\\/product\\\/nederland-zilverbon-1-gulden-1914-pmg-50\\\/#breadcrumb\"},\"inLanguage\":\"ru-RU\",\"potentialAction\":[{\"@type\":\"ReadAction\",\"target\":[\"https:\\\/\\\/www.david-coin.com\\\/product\\\/nederland-zilverbon-1-gulden-1914-pmg-50\\\/\"]}]},{\"@type\":\"ImageObject\",\"inLanguage\":\"ru-RU\",\"@id\":\"https:\\\/\\\/www.david-coin.com\\\/product\\\/nederland-zilverbon-1-gulden-1914-pmg-50\\\/#primaryimage\",\"url\":\"https:\\\/\\\/www.david-coin.com\\\/wp-content\\\/uploads\\\/2025\\\/08\\\/Nederland-1gulden-1914-vz-pmg50.jpg\",\"contentUrl\":\"https:\\\/\\\/www.david-coin.com\\\/wp-content\\\/uploads\\\/2025\\\/08\\\/Nederland-1gulden-1914-vz-pmg50.jpg\",\"width\":1104,\"height\":711,\"caption\":\"1 gulden 1914\"},{\"@type\":\"BreadcrumbList\",\"@id\":\"https:\\\/\\\/www.david-coin.com\\\/product\\\/nederland-zilverbon-1-gulden-1914-pmg-50\\\/#breadcrumb\",\"itemListElement\":[{\"@type\":\"ListItem\",\"position\":1,\"name\":\"Home\",\"item\":\"https:\\\/\\\/www.david-coin.com\\\/\"},{\"@type\":\"ListItem\",\"position\":2,\"name\":\"Winkel\",\"item\":\"https:\\\/\\\/www.david-coin.com\\\/winkel\\\/\"},{\"@type\":\"ListItem\",\"position\":3,\"name\":\"Nederland Zilverbon 1 gulden 1914 PMG 50\"}]},{\"@type\":\"WebSite\",\"@id\":\"https:\\\/\\\/www.david-coin.com\\\/#website\",\"url\":\"https:\\\/\\\/www.david-coin.com\\\/\",\"name\":\"David Coin\",\"description\":\"\",\"publisher\":{\"@id\":\"https:\\\/\\\/www.david-coin.com\\\/#organization\"},\"potentialAction\":[{\"@type\":\"SearchAction\",\"target\":{\"@type\":\"EntryPoint\",\"urlTemplate\":\"https:\\\/\\\/www.david-coin.com\\\/?s={search_term_string}\"},\"query-input\":{\"@type\":\"PropertyValueSpecification\",\"valueRequired\":true,\"valueName\":\"search_term_string\"}}],\"inLanguage\":\"ru-RU\"},{\"@type\":\"Organization\",\"@id\":\"https:\\\/\\\/www.david-coin.com\\\/#organization\",\"name\":\"David Coin\",\"url\":\"https:\\\/\\\/www.david-coin.com\\\/\",\"logo\":{\"@type\":\"ImageObject\",\"inLanguage\":\"ru-RU\",\"@id\":\"https:\\\/\\\/www.david-coin.com\\\/#\\\/schema\\\/logo\\\/image\\\/\",\"url\":\"https:\\\/\\\/www.david-coin.com\\\/wp-content\\\/uploads\\\/2024\\\/04\\\/davidcoin-logo-final.png\",\"contentUrl\":\"https:\\\/\\\/www.david-coin.com\\\/wp-content\\\/uploads\\\/2024\\\/04\\\/davidcoin-logo-final.png\",\"width\":800,\"height\":267,\"caption\":\"David Coin\"},\"image\":{\"@id\":\"https:\\\/\\\/www.david-coin.com\\\/#\\\/schema\\\/logo\\\/image\\\/\"},\"sameAs\":[\"https:\\\/\\\/www.facebook.com\\\/Davidcoininkoopenverkoop\",\"https:\\\/\\\/www.youtube.com\\\/channel\\\/UC39lihLKFSPTff0w6tv0pWQ\"]}]}<\/script>\n<meta property=\"product:price:amount\" content=\"395.00\" \/>\n<meta property=\"product:price:currency\" content=\"EUR\" \/>\n<meta property=\"og:availability\" content=\"instock\" \/>\n<meta property=\"product:availability\" content=\"instock\" \/>\n<meta property=\"product:retailer_item_id\" content=\"2943\" \/>\n<meta property=\"product:condition\" content=\"new\" \/>\n<!-- \/ Yoast SEO Premium plugin. -->","yoast_head_json":{"title":"\u041d\u0438\u0434\u0435\u0440\u043b\u0430\u043d\u0434\u044b \u0421\u0435\u0440\u0435\u0431\u0440\u044f\u043d\u0430\u044f \u0431\u0430\u043d\u043a\u043d\u043e\u0442\u0430 1 \u0433\u0443\u043b\u044c\u0434\u0435\u043d 1914 PMG 50","description":"1000 gulden 1956 Rembrandt kopen? Bekijk ons complete aanbod van 1 gulden t\/m 1000 gulden. Ruim assortiment Nederlands papiergeld.","robots":{"index":"index","follow":"follow","max-snippet":"max-snippet:-1","max-image-preview":"max-image-preview:large","max-video-preview":"max-video-preview:-1"},"canonical":"https:\/\/www.david-coin.com\/ru\/product\/nederland-zilverbon-1-gulden-1914-pmg-50\/","og_locale":"ru_RU","og_type":"article","og_title":"Nederland Zilverbon 1 gulden 1914 PMG 50","og_description":"1000 gulden 1956 Rembrandt kopen? Bekijk ons complete aanbod van 1 gulden t\/m 1000 gulden. Ruim assortiment Nederlands papiergeld.","og_url":"https:\/\/www.david-coin.com\/ru\/product\/nederland-zilverbon-1-gulden-1914-pmg-50\/","og_site_name":"David Coin","article_publisher":"https:\/\/www.facebook.com\/Davidcoininkoopenverkoop","article_modified_time":"2026-01-27T16:39:36+00:00","og_image":[{"width":1104,"height":711,"url":"https:\/\/www.david-coin.com\/wp-content\/uploads\/2025\/08\/Nederland-1gulden-1914-vz-pmg50.jpg","type":"image\/jpeg"}],"twitter_card":"summary_large_image","twitter_misc":{"\u0426\u0435\u043d\u0430":"&euro;&nbsp;395,00","\u0414\u043e\u0441\u0442\u0443\u043f\u043d\u043e\u0441\u0442\u044c":"\u0412 \u043d\u0430\u043b\u0438\u0447\u0438\u0438"},"schema":{"@context":"https:\/\/schema.org","@graph":[{"@type":"WebPage","@id":"https:\/\/www.david-coin.com\/product\/nederland-zilverbon-1-gulden-1914-pmg-50\/","url":"https:\/\/www.david-coin.com\/product\/nederland-zilverbon-1-gulden-1914-pmg-50\/","name":"\u041d\u0438\u0434\u0435\u0440\u043b\u0430\u043d\u0434\u044b \u0421\u0435\u0440\u0435\u0431\u0440\u044f\u043d\u0430\u044f \u0431\u0430\u043d\u043a\u043d\u043e\u0442\u0430 1 \u0433\u0443\u043b\u044c\u0434\u0435\u043d 1914 PMG 50","isPartOf":{"@id":"https:\/\/www.david-coin.com\/#website"},"primaryImageOfPage":{"@id":"https:\/\/www.david-coin.com\/product\/nederland-zilverbon-1-gulden-1914-pmg-50\/#primaryimage"},"image":{"@id":"https:\/\/www.david-coin.com\/product\/nederland-zilverbon-1-gulden-1914-pmg-50\/#primaryimage"},"thumbnailUrl":"https:\/\/www.david-coin.com\/wp-content\/uploads\/2025\/08\/Nederland-1gulden-1914-vz-pmg50.jpg","datePublished":"2025-09-19T04:31:50+00:00","dateModified":"2026-01-27T16:39:36+00:00","description":"1000 gulden 1956 Rembrandt kopen? Bekijk ons complete aanbod van 1 gulden t\/m 1000 gulden. Ruim assortiment Nederlands papiergeld.","breadcrumb":{"@id":"https:\/\/www.david-coin.com\/product\/nederland-zilverbon-1-gulden-1914-pmg-50\/#breadcrumb"},"inLanguage":"ru-RU","potentialAction":[{"@type":"ReadAction","target":["https:\/\/www.david-coin.com\/product\/nederland-zilverbon-1-gulden-1914-pmg-50\/"]}]},{"@type":"ImageObject","inLanguage":"ru-RU","@id":"https:\/\/www.david-coin.com\/product\/nederland-zilverbon-1-gulden-1914-pmg-50\/#primaryimage","url":"https:\/\/www.david-coin.com\/wp-content\/uploads\/2025\/08\/Nederland-1gulden-1914-vz-pmg50.jpg","contentUrl":"https:\/\/www.david-coin.com\/wp-content\/uploads\/2025\/08\/Nederland-1gulden-1914-vz-pmg50.jpg","width":1104,"height":711,"caption":"1 gulden 1914"},{"@type":"BreadcrumbList","@id":"https:\/\/www.david-coin.com\/product\/nederland-zilverbon-1-gulden-1914-pmg-50\/#breadcrumb","itemListElement":[{"@type":"ListItem","position":1,"name":"Home","item":"https:\/\/www.david-coin.com\/"},{"@type":"ListItem","position":2,"name":"Winkel","item":"https:\/\/www.david-coin.com\/winkel\/"},{"@type":"ListItem","position":3,"name":"Nederland Zilverbon 1 gulden 1914 PMG 50"}]},{"@type":"WebSite","@id":"https:\/\/www.david-coin.com\/#website","url":"https:\/\/www.david-coin.com\/","name":"David Coin","description":"","publisher":{"@id":"https:\/\/www.david-coin.com\/#organization"},"potentialAction":[{"@type":"SearchAction","target":{"@type":"EntryPoint","urlTemplate":"https:\/\/www.david-coin.com\/?s={search_term_string}"},"query-input":{"@type":"PropertyValueSpecification","valueRequired":true,"valueName":"search_term_string"}}],"inLanguage":"ru-RU"},{"@type":"Organization","@id":"https:\/\/www.david-coin.com\/#organization","name":"David Coin","url":"https:\/\/www.david-coin.com\/","logo":{"@type":"ImageObject","inLanguage":"ru-RU","@id":"https:\/\/www.david-coin.com\/#\/schema\/logo\/image\/","url":"https:\/\/www.david-coin.com\/wp-content\/uploads\/2024\/04\/davidcoin-logo-final.png","contentUrl":"https:\/\/www.david-coin.com\/wp-content\/uploads\/2024\/04\/davidcoin-logo-final.png","width":800,"height":267,"caption":"David Coin"},"image":{"@id":"https:\/\/www.david-coin.com\/#\/schema\/logo\/image\/"},"sameAs":["https:\/\/www.facebook.com\/Davidcoininkoopenverkoop","https:\/\/www.youtube.com\/channel\/UC39lihLKFSPTff0w6tv0pWQ"]}]},"product_price_amount":"395.00","product_price_currency":"EUR","og_availability":"instock","product_availability":"instock","product_retailer_item_id":"2943","product_condition":"new"},"_links":{"self":[{"href":"https:\/\/www.david-coin.com\/ru\/wp-json\/wp\/v2\/product\/152799","targetHints":{"allow":["GET"]}}],"collection":[{"href":"https:\/\/www.david-coin.com\/ru\/wp-json\/wp\/v2\/product"}],"about":[{"href":"https:\/\/www.david-coin.com\/ru\/wp-json\/wp\/v2\/types\/product"}],"replies":[{"embeddable":true,"href":"https:\/\/www.david-coin.com\/ru\/wp-json\/wp\/v2\/comments?post=152799"}],"wp:featuredmedia":[{"embeddable":true,"href":"https:\/\/www.david-coin.com\/ru\/wp-json\/wp\/v2\/media\/152933"}],"wp:attachment":[{"href":"https:\/\/www.david-coin.com\/ru\/wp-json\/wp\/v2\/media?parent=152799"}],"wp:term":[{"taxonomy":"product_brand","embeddable":true,"href":"https:\/\/www.david-coin.com\/ru\/wp-json\/wp\/v2\/product_brand?post=152799"},{"taxonomy":"product_cat","embeddable":true,"href":"https:\/\/www.david-coin.com\/ru\/wp-json\/wp\/v2\/product_cat?post=152799"},{"taxonomy":"product_tag","embeddable":true,"href":"https:\/\/www.david-coin.com\/ru\/wp-json\/wp\/v2\/product_tag?post=152799"}],"curies":[{"name":"wp","href":"https:\/\/api.w.org\/{rel}","templated":true}]}}