{"id":145891,"date":"2025-03-19T09:00:00","date_gmt":"2025-03-19T08:00:00","guid":{"rendered":"https:\/\/www.david-coin.com\/?post_type=product&#038;p=145891"},"modified":"2026-01-30T10:53:18","modified_gmt":"2026-01-30T09:53:18","slug":"duitsland-5-mark-1919-oorlogsgeld-blaubeuren","status":"publish","type":"product","link":"https:\/\/www.david-coin.com\/ru\/product\/duitsland-5-mark-1919-oorlogsgeld-blaubeuren\/","title":{"rendered":"Duitsland 5 Mark 1919 Oorlogsgeld Bla\u00fabe\u00faren"},"content":{"rendered":"<p>Duitsland 5 Mark 1919 Oorlogsgeld Bla\u00fabe\u00faren<br \/>\n\u0411\u043e\u043b\u0435\u0435 \u043f\u043e\u0434\u0440\u043e\u0431\u043d\u0443\u044e \u0438\u043d\u0444\u043e\u0440\u043c\u0430\u0446\u0438\u044e \u0441\u043c\u043e\u0442\u0440\u0438\u0442\u0435 \u043d\u0430 \u0441\u043a\u0430\u043d\u0430\u0445.<br \/>\n\u0415\u0441\u043b\u0438 \u0443 \u0432\u0430\u0441 \u0432\u043e\u0437\u043d\u0438\u043a\u043b\u0438 \u0432\u043e\u043f\u0440\u043e\u0441\u044b, \u043d\u0435 \u0441\u0442\u0435\u0441\u043d\u044f\u0439\u0442\u0435\u0441\u044c \u043e\u0442\u043f\u0440\u0430\u0432\u0438\u0442\u044c \u043d\u0430\u043c \u0441\u043e\u043e\u0431\u0449\u0435\u043d\u0438\u0435.<\/p>\n<p>&nbsp;<\/p>","protected":false},"excerpt":{"rendered":"<p>\u0421\u0442\u0430\u0440\u044b\u0435 \u043d\u0435\u043c\u0435\u0446\u043a\u0438\u0435 \u0431\u0443\u043c\u0430\u0436\u043d\u044b\u0435 \u0434\u0435\u043d\u044c\u0433\u0438 \u043d\u0430\u0447\u0430\u043b\u0430 XX \u0432\u0435\u043a\u0430<\/p>","protected":false},"featured_media":145505,"comment_status":"closed","ping_status":"open","template":"","meta":[],"product_brand":[],"product_cat":[5765,6292,5735,5474],"product_tag":[],"class_list":{"0":"post-145891","1":"product","2":"type-product","3":"status-publish","4":"has-post-thumbnail","6":"product_cat-duits-papiergeld","7":"product_cat-duitsland-bankbiljetten","8":"product_cat-europa-bankbiljetten","9":"product_cat-wereld-bankbiljetten-buitenlandse-bankbiljetten","10":"pa_bankbiljetwaarde-5-mark","11":"pa_kwaliteit-unc","12":"pa_land-duitsland","13":"pa_soort-noodgeld","14":"pa_soort-oorlogsgeld","16":"first","17":"instock","18":"purchasable","19":"product-type-simple"},"yoast_head":"<!-- This site is optimized with the Yoast SEO Premium plugin v27.2 (Yoast SEO v27.4) - https:\/\/yoast.com\/product\/yoast-seo-premium-wordpress\/ -->\n<title>Duitsland 5 Mark 1919 Oorlogsgeld Bla\u00fabe\u00faren<\/title>\n<meta name=\"description\" content=\"Duits noodgeld van begin 20e eeuw kopen? Bekijk nu ons ruime aanbod Duits papiergeld van 1918 t\/m 1923. Gratis verzending vanaf 75 euro binnen Nederland.\" \/>\n<meta name=\"robots\" content=\"index, follow, max-snippet:-1, max-image-preview:large, max-video-preview:-1\" \/>\n<link rel=\"canonical\" href=\"https:\/\/www.david-coin.com\/ru\/product\/duitsland-5-mark-1919-oorlogsgeld-blaubeuren\/\" \/>\n<meta property=\"og:locale\" content=\"ru_RU\" \/>\n<meta property=\"og:type\" content=\"article\" \/>\n<meta property=\"og:title\" content=\"Duitsland 5 Mark 1919 Oorlogsgeld Bla\u00fabe\u00faren\" \/>\n<meta property=\"og:description\" content=\"Duits noodgeld van begin 20e eeuw kopen? Bekijk nu ons ruime aanbod Duits papiergeld van 1918 t\/m 1923. Gratis verzending vanaf 75 euro binnen Nederland.\" \/>\n<meta property=\"og:url\" content=\"https:\/\/www.david-coin.com\/ru\/product\/duitsland-5-mark-1919-oorlogsgeld-blaubeuren\/\" \/>\n<meta property=\"og:site_name\" content=\"David Coin\" \/>\n<meta property=\"article:publisher\" content=\"https:\/\/www.facebook.com\/Davidcoininkoopenverkoop\" \/>\n<meta property=\"article:modified_time\" content=\"2026-01-30T09:53:18+00:00\" \/>\n<meta property=\"og:image\" content=\"https:\/\/www.david-coin.com\/wp-content\/uploads\/2025\/03\/Duitsland-5mark-1919-vz-7.95.jpg\" \/>\n\t<meta property=\"og:image:width\" content=\"559\" \/>\n\t<meta property=\"og:image:height\" content=\"894\" \/>\n\t<meta property=\"og:image:type\" content=\"image\/jpeg\" \/>\n<meta name=\"twitter:card\" content=\"summary_large_image\" \/>\n<meta name=\"twitter:label1\" content=\"\u0426\u0435\u043d\u0430\" \/>\n\t<meta name=\"twitter:data1\" content=\"&euro;&nbsp;7,95\" \/>\n\t<meta name=\"twitter:label2\" content=\"\u0414\u043e\u0441\u0442\u0443\u043f\u043d\u043e\u0441\u0442\u044c\" \/>\n\t<meta name=\"twitter:data2\" content=\"\u0412 \u043d\u0430\u043b\u0438\u0447\u0438\u0438\" \/>\n<script type=\"application\/ld+json\" class=\"yoast-schema-graph\">{\"@context\":\"https:\\\/\\\/schema.org\",\"@graph\":[{\"@type\":\"WebPage\",\"@id\":\"https:\\\/\\\/www.david-coin.com\\\/product\\\/duitsland-5-mark-1919-oorlogsgeld-blaubeuren\\\/\",\"url\":\"https:\\\/\\\/www.david-coin.com\\\/product\\\/duitsland-5-mark-1919-oorlogsgeld-blaubeuren\\\/\",\"name\":\"Duitsland 5 Mark 1919 Oorlogsgeld Bla\u00fabe\u00faren\",\"isPartOf\":{\"@id\":\"https:\\\/\\\/www.david-coin.com\\\/#website\"},\"primaryImageOfPage\":{\"@id\":\"https:\\\/\\\/www.david-coin.com\\\/product\\\/duitsland-5-mark-1919-oorlogsgeld-blaubeuren\\\/#primaryimage\"},\"image\":{\"@id\":\"https:\\\/\\\/www.david-coin.com\\\/product\\\/duitsland-5-mark-1919-oorlogsgeld-blaubeuren\\\/#primaryimage\"},\"thumbnailUrl\":\"https:\\\/\\\/www.david-coin.com\\\/wp-content\\\/uploads\\\/2025\\\/03\\\/Duitsland-5mark-1919-vz-7.95.jpg\",\"datePublished\":\"2025-03-19T08:00:00+00:00\",\"dateModified\":\"2026-01-30T09:53:18+00:00\",\"description\":\"Duits noodgeld van begin 20e eeuw kopen? Bekijk nu ons ruime aanbod Duits papiergeld van 1918 t\\\/m 1923. Gratis verzending vanaf 75 euro binnen Nederland.\",\"breadcrumb\":{\"@id\":\"https:\\\/\\\/www.david-coin.com\\\/product\\\/duitsland-5-mark-1919-oorlogsgeld-blaubeuren\\\/#breadcrumb\"},\"inLanguage\":\"ru-RU\",\"potentialAction\":[{\"@type\":\"ReadAction\",\"target\":[\"https:\\\/\\\/www.david-coin.com\\\/product\\\/duitsland-5-mark-1919-oorlogsgeld-blaubeuren\\\/\"]}]},{\"@type\":\"ImageObject\",\"inLanguage\":\"ru-RU\",\"@id\":\"https:\\\/\\\/www.david-coin.com\\\/product\\\/duitsland-5-mark-1919-oorlogsgeld-blaubeuren\\\/#primaryimage\",\"url\":\"https:\\\/\\\/www.david-coin.com\\\/wp-content\\\/uploads\\\/2025\\\/03\\\/Duitsland-5mark-1919-vz-7.95.jpg\",\"contentUrl\":\"https:\\\/\\\/www.david-coin.com\\\/wp-content\\\/uploads\\\/2025\\\/03\\\/Duitsland-5mark-1919-vz-7.95.jpg\",\"width\":559,\"height\":894,\"caption\":\"Duitsland 5 Mark 1919 Oorlogsgeld Bla\u00fabe\u00faren\"},{\"@type\":\"BreadcrumbList\",\"@id\":\"https:\\\/\\\/www.david-coin.com\\\/product\\\/duitsland-5-mark-1919-oorlogsgeld-blaubeuren\\\/#breadcrumb\",\"itemListElement\":[{\"@type\":\"ListItem\",\"position\":1,\"name\":\"Home\",\"item\":\"https:\\\/\\\/www.david-coin.com\\\/\"},{\"@type\":\"ListItem\",\"position\":2,\"name\":\"Winkel\",\"item\":\"https:\\\/\\\/www.david-coin.com\\\/winkel\\\/\"},{\"@type\":\"ListItem\",\"position\":3,\"name\":\"Duitsland 5 Mark 1919 Oorlogsgeld Bla\u00fabe\u00faren\"}]},{\"@type\":\"WebSite\",\"@id\":\"https:\\\/\\\/www.david-coin.com\\\/#website\",\"url\":\"https:\\\/\\\/www.david-coin.com\\\/\",\"name\":\"David Coin\",\"description\":\"\",\"publisher\":{\"@id\":\"https:\\\/\\\/www.david-coin.com\\\/#organization\"},\"potentialAction\":[{\"@type\":\"SearchAction\",\"target\":{\"@type\":\"EntryPoint\",\"urlTemplate\":\"https:\\\/\\\/www.david-coin.com\\\/?s={search_term_string}\"},\"query-input\":{\"@type\":\"PropertyValueSpecification\",\"valueRequired\":true,\"valueName\":\"search_term_string\"}}],\"inLanguage\":\"ru-RU\"},{\"@type\":\"Organization\",\"@id\":\"https:\\\/\\\/www.david-coin.com\\\/#organization\",\"name\":\"David Coin\",\"url\":\"https:\\\/\\\/www.david-coin.com\\\/\",\"logo\":{\"@type\":\"ImageObject\",\"inLanguage\":\"ru-RU\",\"@id\":\"https:\\\/\\\/www.david-coin.com\\\/#\\\/schema\\\/logo\\\/image\\\/\",\"url\":\"https:\\\/\\\/www.david-coin.com\\\/wp-content\\\/uploads\\\/2024\\\/04\\\/davidcoin-logo-final.png\",\"contentUrl\":\"https:\\\/\\\/www.david-coin.com\\\/wp-content\\\/uploads\\\/2024\\\/04\\\/davidcoin-logo-final.png\",\"width\":800,\"height\":267,\"caption\":\"David Coin\"},\"image\":{\"@id\":\"https:\\\/\\\/www.david-coin.com\\\/#\\\/schema\\\/logo\\\/image\\\/\"},\"sameAs\":[\"https:\\\/\\\/www.facebook.com\\\/Davidcoininkoopenverkoop\",\"https:\\\/\\\/www.youtube.com\\\/channel\\\/UC39lihLKFSPTff0w6tv0pWQ\"]}]}<\/script>\n<meta property=\"product:price:amount\" content=\"7.95\" \/>\n<meta property=\"product:price:currency\" content=\"EUR\" \/>\n<meta property=\"og:availability\" content=\"instock\" \/>\n<meta property=\"product:availability\" content=\"instock\" \/>\n<meta property=\"product:retailer_item_id\" content=\"13800\" \/>\n<meta property=\"product:condition\" content=\"new\" \/>\n<!-- \/ Yoast SEO Premium plugin. -->","yoast_head_json":{"title":"Duitsland 5 Mark 1919 Oorlogsgeld Bla\u00fabe\u00faren","description":"Duits noodgeld van begin 20e eeuw kopen? Bekijk nu ons ruime aanbod Duits papiergeld van 1918 t\/m 1923. Gratis verzending vanaf 75 euro binnen Nederland.","robots":{"index":"index","follow":"follow","max-snippet":"max-snippet:-1","max-image-preview":"max-image-preview:large","max-video-preview":"max-video-preview:-1"},"canonical":"https:\/\/www.david-coin.com\/ru\/product\/duitsland-5-mark-1919-oorlogsgeld-blaubeuren\/","og_locale":"ru_RU","og_type":"article","og_title":"Duitsland 5 Mark 1919 Oorlogsgeld Bla\u00fabe\u00faren","og_description":"Duits noodgeld van begin 20e eeuw kopen? Bekijk nu ons ruime aanbod Duits papiergeld van 1918 t\/m 1923. Gratis verzending vanaf 75 euro binnen Nederland.","og_url":"https:\/\/www.david-coin.com\/ru\/product\/duitsland-5-mark-1919-oorlogsgeld-blaubeuren\/","og_site_name":"David Coin","article_publisher":"https:\/\/www.facebook.com\/Davidcoininkoopenverkoop","article_modified_time":"2026-01-30T09:53:18+00:00","og_image":[{"width":559,"height":894,"url":"https:\/\/www.david-coin.com\/wp-content\/uploads\/2025\/03\/Duitsland-5mark-1919-vz-7.95.jpg","type":"image\/jpeg"}],"twitter_card":"summary_large_image","twitter_misc":{"\u0426\u0435\u043d\u0430":"&euro;&nbsp;7,95","\u0414\u043e\u0441\u0442\u0443\u043f\u043d\u043e\u0441\u0442\u044c":"\u0412 \u043d\u0430\u043b\u0438\u0447\u0438\u0438"},"schema":{"@context":"https:\/\/schema.org","@graph":[{"@type":"WebPage","@id":"https:\/\/www.david-coin.com\/product\/duitsland-5-mark-1919-oorlogsgeld-blaubeuren\/","url":"https:\/\/www.david-coin.com\/product\/duitsland-5-mark-1919-oorlogsgeld-blaubeuren\/","name":"Duitsland 5 Mark 1919 Oorlogsgeld Bla\u00fabe\u00faren","isPartOf":{"@id":"https:\/\/www.david-coin.com\/#website"},"primaryImageOfPage":{"@id":"https:\/\/www.david-coin.com\/product\/duitsland-5-mark-1919-oorlogsgeld-blaubeuren\/#primaryimage"},"image":{"@id":"https:\/\/www.david-coin.com\/product\/duitsland-5-mark-1919-oorlogsgeld-blaubeuren\/#primaryimage"},"thumbnailUrl":"https:\/\/www.david-coin.com\/wp-content\/uploads\/2025\/03\/Duitsland-5mark-1919-vz-7.95.jpg","datePublished":"2025-03-19T08:00:00+00:00","dateModified":"2026-01-30T09:53:18+00:00","description":"Duits noodgeld van begin 20e eeuw kopen? Bekijk nu ons ruime aanbod Duits papiergeld van 1918 t\/m 1923. Gratis verzending vanaf 75 euro binnen Nederland.","breadcrumb":{"@id":"https:\/\/www.david-coin.com\/product\/duitsland-5-mark-1919-oorlogsgeld-blaubeuren\/#breadcrumb"},"inLanguage":"ru-RU","potentialAction":[{"@type":"ReadAction","target":["https:\/\/www.david-coin.com\/product\/duitsland-5-mark-1919-oorlogsgeld-blaubeuren\/"]}]},{"@type":"ImageObject","inLanguage":"ru-RU","@id":"https:\/\/www.david-coin.com\/product\/duitsland-5-mark-1919-oorlogsgeld-blaubeuren\/#primaryimage","url":"https:\/\/www.david-coin.com\/wp-content\/uploads\/2025\/03\/Duitsland-5mark-1919-vz-7.95.jpg","contentUrl":"https:\/\/www.david-coin.com\/wp-content\/uploads\/2025\/03\/Duitsland-5mark-1919-vz-7.95.jpg","width":559,"height":894,"caption":"Duitsland 5 Mark 1919 Oorlogsgeld Bla\u00fabe\u00faren"},{"@type":"BreadcrumbList","@id":"https:\/\/www.david-coin.com\/product\/duitsland-5-mark-1919-oorlogsgeld-blaubeuren\/#breadcrumb","itemListElement":[{"@type":"ListItem","position":1,"name":"Home","item":"https:\/\/www.david-coin.com\/"},{"@type":"ListItem","position":2,"name":"Winkel","item":"https:\/\/www.david-coin.com\/winkel\/"},{"@type":"ListItem","position":3,"name":"Duitsland 5 Mark 1919 Oorlogsgeld Bla\u00fabe\u00faren"}]},{"@type":"WebSite","@id":"https:\/\/www.david-coin.com\/#website","url":"https:\/\/www.david-coin.com\/","name":"David Coin","description":"","publisher":{"@id":"https:\/\/www.david-coin.com\/#organization"},"potentialAction":[{"@type":"SearchAction","target":{"@type":"EntryPoint","urlTemplate":"https:\/\/www.david-coin.com\/?s={search_term_string}"},"query-input":{"@type":"PropertyValueSpecification","valueRequired":true,"valueName":"search_term_string"}}],"inLanguage":"ru-RU"},{"@type":"Organization","@id":"https:\/\/www.david-coin.com\/#organization","name":"David Coin","url":"https:\/\/www.david-coin.com\/","logo":{"@type":"ImageObject","inLanguage":"ru-RU","@id":"https:\/\/www.david-coin.com\/#\/schema\/logo\/image\/","url":"https:\/\/www.david-coin.com\/wp-content\/uploads\/2024\/04\/davidcoin-logo-final.png","contentUrl":"https:\/\/www.david-coin.com\/wp-content\/uploads\/2024\/04\/davidcoin-logo-final.png","width":800,"height":267,"caption":"David Coin"},"image":{"@id":"https:\/\/www.david-coin.com\/#\/schema\/logo\/image\/"},"sameAs":["https:\/\/www.facebook.com\/Davidcoininkoopenverkoop","https:\/\/www.youtube.com\/channel\/UC39lihLKFSPTff0w6tv0pWQ"]}]},"product_price_amount":"7.95","product_price_currency":"EUR","og_availability":"instock","product_availability":"instock","product_retailer_item_id":"13800","product_condition":"new"},"_links":{"self":[{"href":"https:\/\/www.david-coin.com\/ru\/wp-json\/wp\/v2\/product\/145891","targetHints":{"allow":["GET"]}}],"collection":[{"href":"https:\/\/www.david-coin.com\/ru\/wp-json\/wp\/v2\/product"}],"about":[{"href":"https:\/\/www.david-coin.com\/ru\/wp-json\/wp\/v2\/types\/product"}],"replies":[{"embeddable":true,"href":"https:\/\/www.david-coin.com\/ru\/wp-json\/wp\/v2\/comments?post=145891"}],"wp:featuredmedia":[{"embeddable":true,"href":"https:\/\/www.david-coin.com\/ru\/wp-json\/wp\/v2\/media\/145505"}],"wp:attachment":[{"href":"https:\/\/www.david-coin.com\/ru\/wp-json\/wp\/v2\/media?parent=145891"}],"wp:term":[{"taxonomy":"product_brand","embeddable":true,"href":"https:\/\/www.david-coin.com\/ru\/wp-json\/wp\/v2\/product_brand?post=145891"},{"taxonomy":"product_cat","embeddable":true,"href":"https:\/\/www.david-coin.com\/ru\/wp-json\/wp\/v2\/product_cat?post=145891"},{"taxonomy":"product_tag","embeddable":true,"href":"https:\/\/www.david-coin.com\/ru\/wp-json\/wp\/v2\/product_tag?post=145891"}],"curies":[{"name":"wp","href":"https:\/\/api.w.org\/{rel}","templated":true}]}}