{"id":123161,"date":"2024-02-06T14:40:05","date_gmt":"2024-02-06T14:40:05","guid":{"rendered":"https:\/\/www.david-coin.com\/product\/israel-official-piefort-mintset-1993-proof\/"},"modified":"2026-05-05T16:23:39","modified_gmt":"2026-05-05T14:23:39","slug":"israel-official-piefort-mintset-1993-proof","status":"publish","type":"product","link":"https:\/\/www.david-coin.com\/ru\/product\/israel-official-piefort-mintset-1993-proof\/","title":{"rendered":"Isra\u00ebl Official Piefort Mintset 1993 Proof"},"content":{"rendered":"<p><span style=\"font-size: 12pt;\"><strong>Isra\u00ebl Official Piefort Mintset 1993 Proof<\/strong><\/span><br \/><span style=\"font-size: 12pt;\">Speciale set in offici\u00eble Isra\u00eblische verpakking met munten die in dubbel gewicht geslagen zijn ter gelegenheid van 45 jaar Isra\u00ebl.\u00a0<\/span><span style=\"font-size: 12pt;\">Bevat de volgende munten:<\/span><\/p>\n<p><span style=\"font-size: 12pt;\">-1 Agora (Brons)<\/span><br \/><span style=\"font-size: 12pt;\">-5 Agorot (Brons)<\/span><br \/><span style=\"font-size: 12pt;\">-10 Agorot (Brons)<\/span><br \/><span style=\"font-size: 12pt;\">-1\/2 new sheqel (brons)<\/span><br \/><span style=\"font-size: 12pt;\">-1 New sheqel (Koper\/nikkel)<\/span><br \/><span style=\"font-size: 12pt;\">-5 New sheqalim (Koper\/nikkel)<br \/>-Inclusief een Jerusalem penning (Koper\/nikkel)<\/p>\n<p>Tevens extra informatie en\u00a0afbeeldingen in de uitklapbare set over de volgende 8 feiten;<\/p>\n<p>-Jerusalem, city of David<br \/>-The first temple<br \/>-The temple Mount in Herod&#8217;s time<br \/>-Jerusalem in the sixt century<br \/>-Jerusalem during the crusades<br \/>-Jerusalem in the nineteenth century<br \/>-Today&#8217;s Citadel compound<br \/>-Mishkenot Sha&#8217; ananim<br \/>-The Knesset<\/p>\n<p>Voor meer munten of bankbiljetten van Isra\u00ebl, <a href=\"https:\/\/www.david-coin.com\/ru\/search\/?q=israel\">bekijk hier meer exemplaren.\u00a0<\/a><\/span><\/p>\n<p><span style=\"font-size: 12pt;\">\u0411\u043e\u043b\u0435\u0435 \u043f\u043e\u0434\u0440\u043e\u0431\u043d\u0443\u044e \u0438\u043d\u0444\u043e\u0440\u043c\u0430\u0446\u0438\u044e \u0441\u043c\u043e\u0442\u0440\u0438\u0442\u0435 \u043d\u0430 \u0441\u043a\u0430\u043d\u0430\u0445.<\/span><br \/><span style=\"font-size: 12pt;\">\u0415\u0441\u043b\u0438 \u0443 \u0432\u0430\u0441 \u0432\u043e\u0437\u043d\u0438\u043a\u043b\u0438 \u0432\u043e\u043f\u0440\u043e\u0441\u044b, \u043d\u0435 \u0441\u0442\u0435\u0441\u043d\u044f\u0439\u0442\u0435\u0441\u044c \u043e\u0442\u043f\u0440\u0430\u0432\u0438\u0442\u044c \u043d\u0430\u043c \u0441\u043e\u043e\u0431\u0449\u0435\u043d\u0438\u0435.\u00a0<\/span><\/p>","protected":false},"excerpt":{"rendered":"<p>Isra\u00ebl Official Piefort Mintset 1993 ProofSpeciale set in offici\u00eble Isra\u00eblische verpakking met munten die in dubbel gewicht geslagen zijn ter gelegenheid van 45 jaar Isra\u00ebl.\u00a0Bevat de volgende munten: -1 Agora (Brons)-5 Agorot (Brons)-10 Agorot (Brons)-1\/2 new sheqel (brons)-1 New sheqel (Koper\/nikkel)-5 New sheqalim (Koper\/nikkel)-Inclusief een Jerusalem penning (Koper\/nikkel) Tevens extra informatie en\u00a0afbeeldingen in de uitklapbare [&hellip;]<\/p>\n","protected":false},"featured_media":123154,"comment_status":"closed","ping_status":"closed","template":"","meta":[],"product_brand":[],"product_cat":[5485,5579,5473],"product_tag":[],"class_list":{"0":"post-123161","1":"product","2":"type-product","3":"status-publish","4":"has-post-thumbnail","6":"product_cat-azie","7":"product_cat-wereld-sets","8":"product_cat-world-coins-romeinse-munten","9":"pa_kwaliteit-proof","10":"pa_land-israel","11":"pa_materiaal-divers","12":"pa_muntwaarde-set","14":"first","15":"outofstock","16":"taxable","17":"shipping-taxable","18":"purchasable","19":"product-type-simple"},"yoast_head":"<!-- This site is optimized with the Yoast SEO Premium plugin v27.6 (Yoast SEO v27.6) - https:\/\/yoast.com\/product\/yoast-seo-premium-wordpress\/ -->\n<title>Isra\u00ebl Official Piefort Mintset 1993 Proof<\/title>\n<meta name=\"description\" content=\"Muntsets met wereldmunten van diverse landen verkrijgbaar. Bekijk ons complete aanbod. Gratis verzending binnen Nederland vanaf 75 euro.\" \/>\n<meta name=\"robots\" content=\"index, follow, max-snippet:-1, max-image-preview:large, max-video-preview:-1\" \/>\n<link rel=\"canonical\" href=\"https:\/\/www.david-coin.com\/ru\/product\/israel-official-piefort-mintset-1993-proof\/\" \/>\n<meta property=\"og:locale\" content=\"ru_RU\" \/>\n<meta property=\"og:type\" content=\"article\" \/>\n<meta property=\"og:title\" content=\"Isra\u00ebl Official Piefort Mintset 1993 Proof\" \/>\n<meta property=\"og:description\" content=\"Muntsets met wereldmunten van diverse landen verkrijgbaar. Bekijk ons complete aanbod. Gratis verzending binnen Nederland vanaf 75 euro.\" \/>\n<meta property=\"og:url\" content=\"https:\/\/www.david-coin.com\/ru\/product\/israel-official-piefort-mintset-1993-proof\/\" \/>\n<meta property=\"og:site_name\" content=\"David Coin\" \/>\n<meta property=\"article:publisher\" content=\"https:\/\/www.facebook.com\/Davidcoininkoopenverkoop\" \/>\n<meta property=\"article:modified_time\" content=\"2026-05-05T14:23:39+00:00\" \/>\n<meta property=\"og:image\" content=\"https:\/\/www.david-coin.com\/wp-content\/uploads\/2024\/02\/Jerusalemmuntsetzijde1.jpg\" \/>\n\t<meta property=\"og:image:width\" content=\"733\" \/>\n\t<meta property=\"og:image:height\" content=\"800\" \/>\n\t<meta property=\"og:image:type\" content=\"image\/jpeg\" \/>\n<meta name=\"twitter:card\" content=\"summary_large_image\" \/>\n<meta name=\"twitter:label1\" content=\"\u0426\u0435\u043d\u0430\" \/>\n\t<meta name=\"twitter:data1\" content=\"&euro;&nbsp;34,95\" \/>\n\t<meta name=\"twitter:label2\" content=\"\u0414\u043e\u0441\u0442\u0443\u043f\u043d\u043e\u0441\u0442\u044c\" \/>\n\t<meta name=\"twitter:data2\" content=\"\u0420\u0430\u0441\u043f\u0440\u043e\u0434\u0430\u043d\u043e\" \/>\n<script type=\"application\/ld+json\" class=\"yoast-schema-graph\">{\"@context\":\"https:\\\/\\\/schema.org\",\"@graph\":[{\"@type\":\"WebPage\",\"@id\":\"https:\\\/\\\/www.david-coin.com\\\/product\\\/israel-official-piefort-mintset-1993-proof\\\/\",\"url\":\"https:\\\/\\\/www.david-coin.com\\\/product\\\/israel-official-piefort-mintset-1993-proof\\\/\",\"name\":\"Isra\u00ebl Official Piefort Mintset 1993 Proof\",\"isPartOf\":{\"@id\":\"https:\\\/\\\/www.david-coin.com\\\/#website\"},\"primaryImageOfPage\":{\"@id\":\"https:\\\/\\\/www.david-coin.com\\\/product\\\/israel-official-piefort-mintset-1993-proof\\\/#primaryimage\"},\"image\":{\"@id\":\"https:\\\/\\\/www.david-coin.com\\\/product\\\/israel-official-piefort-mintset-1993-proof\\\/#primaryimage\"},\"thumbnailUrl\":\"https:\\\/\\\/www.david-coin.com\\\/wp-content\\\/uploads\\\/2024\\\/02\\\/Jerusalemmuntsetzijde1.jpg\",\"datePublished\":\"2024-02-06T14:40:05+00:00\",\"dateModified\":\"2026-05-05T14:23:39+00:00\",\"description\":\"Muntsets met wereldmunten van diverse landen verkrijgbaar. Bekijk ons complete aanbod. Gratis verzending binnen Nederland vanaf 75 euro.\",\"breadcrumb\":{\"@id\":\"https:\\\/\\\/www.david-coin.com\\\/product\\\/israel-official-piefort-mintset-1993-proof\\\/#breadcrumb\"},\"inLanguage\":\"ru-RU\",\"potentialAction\":[{\"@type\":\"ReadAction\",\"target\":[\"https:\\\/\\\/www.david-coin.com\\\/product\\\/israel-official-piefort-mintset-1993-proof\\\/\"]}]},{\"@type\":\"ImageObject\",\"inLanguage\":\"ru-RU\",\"@id\":\"https:\\\/\\\/www.david-coin.com\\\/product\\\/israel-official-piefort-mintset-1993-proof\\\/#primaryimage\",\"url\":\"https:\\\/\\\/www.david-coin.com\\\/wp-content\\\/uploads\\\/2024\\\/02\\\/Jerusalemmuntsetzijde1.jpg\",\"contentUrl\":\"https:\\\/\\\/www.david-coin.com\\\/wp-content\\\/uploads\\\/2024\\\/02\\\/Jerusalemmuntsetzijde1.jpg\",\"width\":733,\"height\":800},{\"@type\":\"BreadcrumbList\",\"@id\":\"https:\\\/\\\/www.david-coin.com\\\/product\\\/israel-official-piefort-mintset-1993-proof\\\/#breadcrumb\",\"itemListElement\":[{\"@type\":\"ListItem\",\"position\":1,\"name\":\"Home\",\"item\":\"https:\\\/\\\/www.david-coin.com\\\/\"},{\"@type\":\"ListItem\",\"position\":2,\"name\":\"Winkel\",\"item\":\"https:\\\/\\\/www.david-coin.com\\\/winkel\\\/\"},{\"@type\":\"ListItem\",\"position\":3,\"name\":\"Isra\u00ebl Official Piefort Mintset 1993 Proof\"}]},{\"@type\":\"WebSite\",\"@id\":\"https:\\\/\\\/www.david-coin.com\\\/#website\",\"url\":\"https:\\\/\\\/www.david-coin.com\\\/\",\"name\":\"David Coin\",\"description\":\"\",\"publisher\":{\"@id\":\"https:\\\/\\\/www.david-coin.com\\\/#organization\"},\"potentialAction\":[{\"@type\":\"SearchAction\",\"target\":{\"@type\":\"EntryPoint\",\"urlTemplate\":\"https:\\\/\\\/www.david-coin.com\\\/?s={search_term_string}\"},\"query-input\":{\"@type\":\"PropertyValueSpecification\",\"valueRequired\":true,\"valueName\":\"search_term_string\"}}],\"inLanguage\":\"ru-RU\"},{\"@type\":\"Organization\",\"@id\":\"https:\\\/\\\/www.david-coin.com\\\/#organization\",\"name\":\"David Coin\",\"url\":\"https:\\\/\\\/www.david-coin.com\\\/\",\"logo\":{\"@type\":\"ImageObject\",\"inLanguage\":\"ru-RU\",\"@id\":\"https:\\\/\\\/www.david-coin.com\\\/#\\\/schema\\\/logo\\\/image\\\/\",\"url\":\"https:\\\/\\\/www.david-coin.com\\\/wp-content\\\/uploads\\\/2024\\\/04\\\/davidcoin-logo-final.png\",\"contentUrl\":\"https:\\\/\\\/www.david-coin.com\\\/wp-content\\\/uploads\\\/2024\\\/04\\\/davidcoin-logo-final.png\",\"width\":800,\"height\":267,\"caption\":\"David Coin\"},\"image\":{\"@id\":\"https:\\\/\\\/www.david-coin.com\\\/#\\\/schema\\\/logo\\\/image\\\/\"},\"sameAs\":[\"https:\\\/\\\/www.facebook.com\\\/Davidcoininkoopenverkoop\",\"https:\\\/\\\/www.youtube.com\\\/channel\\\/UC39lihLKFSPTff0w6tv0pWQ\"]}]}<\/script>\n<meta property=\"product:price:amount\" content=\"34.95\" \/>\n<meta property=\"product:price:currency\" content=\"EUR\" \/>\n<meta property=\"og:availability\" content=\"out of stock\" \/>\n<meta property=\"product:availability\" content=\"out of stock\" \/>\n<meta property=\"product:retailer_item_id\" content=\"20004\" \/>\n<meta property=\"product:condition\" content=\"new\" \/>\n<!-- \/ Yoast SEO Premium plugin. -->","yoast_head_json":{"title":"Isra\u00ebl Official Piefort Mintset 1993 Proof","description":"Muntsets met wereldmunten van diverse landen verkrijgbaar. Bekijk ons complete aanbod. Gratis verzending binnen Nederland vanaf 75 euro.","robots":{"index":"index","follow":"follow","max-snippet":"max-snippet:-1","max-image-preview":"max-image-preview:large","max-video-preview":"max-video-preview:-1"},"canonical":"https:\/\/www.david-coin.com\/ru\/product\/israel-official-piefort-mintset-1993-proof\/","og_locale":"ru_RU","og_type":"article","og_title":"Isra\u00ebl Official Piefort Mintset 1993 Proof","og_description":"Muntsets met wereldmunten van diverse landen verkrijgbaar. Bekijk ons complete aanbod. Gratis verzending binnen Nederland vanaf 75 euro.","og_url":"https:\/\/www.david-coin.com\/ru\/product\/israel-official-piefort-mintset-1993-proof\/","og_site_name":"David Coin","article_publisher":"https:\/\/www.facebook.com\/Davidcoininkoopenverkoop","article_modified_time":"2026-05-05T14:23:39+00:00","og_image":[{"width":733,"height":800,"url":"https:\/\/www.david-coin.com\/wp-content\/uploads\/2024\/02\/Jerusalemmuntsetzijde1.jpg","type":"image\/jpeg"}],"twitter_card":"summary_large_image","twitter_misc":{"\u0426\u0435\u043d\u0430":"&euro;&nbsp;34,95","\u0414\u043e\u0441\u0442\u0443\u043f\u043d\u043e\u0441\u0442\u044c":"\u0420\u0430\u0441\u043f\u0440\u043e\u0434\u0430\u043d\u043e"},"schema":{"@context":"https:\/\/schema.org","@graph":[{"@type":"WebPage","@id":"https:\/\/www.david-coin.com\/product\/israel-official-piefort-mintset-1993-proof\/","url":"https:\/\/www.david-coin.com\/product\/israel-official-piefort-mintset-1993-proof\/","name":"Isra\u00ebl Official Piefort Mintset 1993 Proof","isPartOf":{"@id":"https:\/\/www.david-coin.com\/#website"},"primaryImageOfPage":{"@id":"https:\/\/www.david-coin.com\/product\/israel-official-piefort-mintset-1993-proof\/#primaryimage"},"image":{"@id":"https:\/\/www.david-coin.com\/product\/israel-official-piefort-mintset-1993-proof\/#primaryimage"},"thumbnailUrl":"https:\/\/www.david-coin.com\/wp-content\/uploads\/2024\/02\/Jerusalemmuntsetzijde1.jpg","datePublished":"2024-02-06T14:40:05+00:00","dateModified":"2026-05-05T14:23:39+00:00","description":"Muntsets met wereldmunten van diverse landen verkrijgbaar. Bekijk ons complete aanbod. Gratis verzending binnen Nederland vanaf 75 euro.","breadcrumb":{"@id":"https:\/\/www.david-coin.com\/product\/israel-official-piefort-mintset-1993-proof\/#breadcrumb"},"inLanguage":"ru-RU","potentialAction":[{"@type":"ReadAction","target":["https:\/\/www.david-coin.com\/product\/israel-official-piefort-mintset-1993-proof\/"]}]},{"@type":"ImageObject","inLanguage":"ru-RU","@id":"https:\/\/www.david-coin.com\/product\/israel-official-piefort-mintset-1993-proof\/#primaryimage","url":"https:\/\/www.david-coin.com\/wp-content\/uploads\/2024\/02\/Jerusalemmuntsetzijde1.jpg","contentUrl":"https:\/\/www.david-coin.com\/wp-content\/uploads\/2024\/02\/Jerusalemmuntsetzijde1.jpg","width":733,"height":800},{"@type":"BreadcrumbList","@id":"https:\/\/www.david-coin.com\/product\/israel-official-piefort-mintset-1993-proof\/#breadcrumb","itemListElement":[{"@type":"ListItem","position":1,"name":"Home","item":"https:\/\/www.david-coin.com\/"},{"@type":"ListItem","position":2,"name":"Winkel","item":"https:\/\/www.david-coin.com\/winkel\/"},{"@type":"ListItem","position":3,"name":"Isra\u00ebl Official Piefort Mintset 1993 Proof"}]},{"@type":"WebSite","@id":"https:\/\/www.david-coin.com\/#website","url":"https:\/\/www.david-coin.com\/","name":"David Coin","description":"","publisher":{"@id":"https:\/\/www.david-coin.com\/#organization"},"potentialAction":[{"@type":"SearchAction","target":{"@type":"EntryPoint","urlTemplate":"https:\/\/www.david-coin.com\/?s={search_term_string}"},"query-input":{"@type":"PropertyValueSpecification","valueRequired":true,"valueName":"search_term_string"}}],"inLanguage":"ru-RU"},{"@type":"Organization","@id":"https:\/\/www.david-coin.com\/#organization","name":"David Coin","url":"https:\/\/www.david-coin.com\/","logo":{"@type":"ImageObject","inLanguage":"ru-RU","@id":"https:\/\/www.david-coin.com\/#\/schema\/logo\/image\/","url":"https:\/\/www.david-coin.com\/wp-content\/uploads\/2024\/04\/davidcoin-logo-final.png","contentUrl":"https:\/\/www.david-coin.com\/wp-content\/uploads\/2024\/04\/davidcoin-logo-final.png","width":800,"height":267,"caption":"David Coin"},"image":{"@id":"https:\/\/www.david-coin.com\/#\/schema\/logo\/image\/"},"sameAs":["https:\/\/www.facebook.com\/Davidcoininkoopenverkoop","https:\/\/www.youtube.com\/channel\/UC39lihLKFSPTff0w6tv0pWQ"]}]},"product_price_amount":"34.95","product_price_currency":"EUR","og_availability":"out of stock","product_availability":"out of stock","product_retailer_item_id":"20004","product_condition":"new"},"_links":{"self":[{"href":"https:\/\/www.david-coin.com\/ru\/wp-json\/wp\/v2\/product\/123161","targetHints":{"allow":["GET"]}}],"collection":[{"href":"https:\/\/www.david-coin.com\/ru\/wp-json\/wp\/v2\/product"}],"about":[{"href":"https:\/\/www.david-coin.com\/ru\/wp-json\/wp\/v2\/types\/product"}],"replies":[{"embeddable":true,"href":"https:\/\/www.david-coin.com\/ru\/wp-json\/wp\/v2\/comments?post=123161"}],"wp:featuredmedia":[{"embeddable":true,"href":"https:\/\/www.david-coin.com\/ru\/wp-json\/wp\/v2\/media\/123154"}],"wp:attachment":[{"href":"https:\/\/www.david-coin.com\/ru\/wp-json\/wp\/v2\/media?parent=123161"}],"wp:term":[{"taxonomy":"product_brand","embeddable":true,"href":"https:\/\/www.david-coin.com\/ru\/wp-json\/wp\/v2\/product_brand?post=123161"},{"taxonomy":"product_cat","embeddable":true,"href":"https:\/\/www.david-coin.com\/ru\/wp-json\/wp\/v2\/product_cat?post=123161"},{"taxonomy":"product_tag","embeddable":true,"href":"https:\/\/www.david-coin.com\/ru\/wp-json\/wp\/v2\/product_tag?post=123161"}],"curies":[{"name":"wp","href":"https:\/\/api.w.org\/{rel}","templated":true}]}}