{"id":168096,"date":"2026-05-08T20:00:59","date_gmt":"2026-05-08T18:00:59","guid":{"rendered":"https:\/\/www.david-coin.com\/?post_type=product&#038;p=168096"},"modified":"2026-05-05T10:42:03","modified_gmt":"2026-05-05T08:42:03","slug":"holland-gouden-7-gulden-1760","status":"publish","type":"product","link":"https:\/\/www.david-coin.com\/fr\/produit\/holland-gouden-7-gulden-1760\/","title":{"rendered":"Holland gouden 7 gulden 1760"},"content":{"rendered":"<p><strong>Holland gouden 7 Gulden 1760<br \/>\n<\/strong>Kwaliteit: Zeer fraai<\/p>\n<p>Gewicht: 4,93 gram<br \/>\nTeneur en or : 920\/1000<br \/>\nDiam\u00e8tre : 21 millim\u00e8tres<br \/>\nBord : bord du c\u00e2ble.<\/p>\n<p><strong>Sur les sept florins d'or :\u00a0<\/strong><\/p>\n<p>La pi\u00e8ce de 7 florins en or de la province d'Utrecht est l'une des plus grandes pi\u00e8ces d'or de la R\u00e9publique des Sept Pays-Bas unis. Comme beaucoup d'autres pi\u00e8ces de la r\u00e9publique, elle porte le texte \" Concordia res parvae crescunt \", qui signifie \" l'unit\u00e9 fait la grandeur des petites choses \". L'avers de la pi\u00e8ce porte les armoiries de la r\u00e9publique et la valeur nominale de 7 florins. Au revers, la pi\u00e8ce repr\u00e9sente un cavalier \u00e0 cheval arm\u00e9 d'une \u00e9p\u00e9e et, en dessous, les armoiries de la province de Hollande.<\/p>\n<p>Le 7 florins avait \u00e9galement un surnom, \u00e9tant donn\u00e9 qu'un cavalier figurait au revers et que le 14 florins \u00e9tait appel\u00e9 le cavalier d'or, cette pi\u00e8ce a \u00e9t\u00e9 baptis\u00e9e \"demi-cavalier d'or\". Ce nom faisait r\u00e9f\u00e9rence au rapport entre la pi\u00e8ce et les autres pi\u00e8ces du syst\u00e8me mon\u00e9taire provincial. Les pi\u00e8ces de 7 florins d'or \u00e9taient moins courantes que les pi\u00e8ces de 14 florins et donc plus difficiles \u00e0 trouver.<\/p>\n<p>La pi\u00e8ce fait partie des monnaies provinciales de l'\u00e9poque de la r\u00e9publique et n'\u00e9tait pas une monnaie courante \u00e0 l'\u00e9poque en raison de la valeur consid\u00e9rable qu'elle repr\u00e9sentait. La tranche de la pi\u00e8ce est orn\u00e9e d'un c\u00e2ble, afin d'\u00e9viter que la pi\u00e8ce ne soit taill\u00e9e (des morceaux d'or \u00e9taient retir\u00e9s de la pi\u00e8ce et la personne qui le faisait en retirait quelque chose de plus), ce qui \u00e9tait \u00e9galement interdit \u00e0 l'\u00e9poque mais se produisait encore si souvent que des mesures ont \u00e9t\u00e9 prises pour l'\u00e9viter.<\/p>\n<p>Vous trouverez d'autres pi\u00e8ces de monnaie provinciales des diff\u00e9rentes provinces dans la cat\u00e9gorie\u00a0<a href=\"https:\/\/www.david-coin.com\/fr\/categorie-produit\/provinciale-munten-kopen-leeuwendaalder-david-coin\/holland\/\">Pi\u00e8ces de monnaie provinciales<\/a>.<\/p>\n<p>Voir les scans pour plus de d\u00e9tails.<br \/>\nPour toute question, n'h\u00e9sitez pas \u00e0 nous envoyer un message.<\/p>\n<p>&nbsp;<\/p>\n<p>&nbsp;<\/p>","protected":false},"excerpt":{"rendered":"<p>Gouden Provinciale munt<\/p>","protected":false},"featured_media":167946,"comment_status":"closed","ping_status":"closed","template":"","meta":[],"product_brand":[],"product_cat":[5585,5518,5627],"product_tag":[5636],"class_list":{"0":"post-168096","1":"product","2":"type-product","3":"status-publish","4":"has-post-thumbnail","6":"product_cat-holland","7":"product_cat-provinciale-munten-kopen-leeuwendaalder-david-coin","8":"product_cat-topstukken","9":"product_tag-uitgelicht","10":"pa_kwaliteit-zeer-fraai","11":"pa_land-nederland","12":"pa_materiaal-goud","13":"pa_muntwaarde-7gulden","14":"pa_soort-provincialemunten","16":"first","17":"instock","18":"purchasable","19":"product-type-simple"},"yoast_head":"<!-- This site is optimized with the Yoast SEO Premium plugin v27.5 (Yoast SEO v27.6) - https:\/\/yoast.com\/product\/yoast-seo-premium-wordpress\/ -->\n<title>Holland gouden 7 gulden 1760<\/title>\n<meta name=\"description\" content=\"Provinciale munten kopen? Bekijk ons ruime aanbod munten uit o.a. (West-)Friesland, Holland, Utrecht en Zeeland. Gratis verzending vanaf 75 euro binnen NL.\" \/>\n<meta name=\"robots\" content=\"index, follow, max-snippet:-1, max-image-preview:large, max-video-preview:-1\" \/>\n<link rel=\"canonical\" href=\"https:\/\/www.david-coin.com\/fr\/produit\/holland-gouden-7-gulden-1760\/\" \/>\n<meta property=\"og:locale\" content=\"fr_FR\" \/>\n<meta property=\"og:type\" content=\"article\" \/>\n<meta property=\"og:title\" content=\"Holland gouden 7 gulden 1760\" \/>\n<meta property=\"og:description\" content=\"Provinciale munten kopen? Bekijk ons ruime aanbod munten uit o.a. (West-)Friesland, Holland, Utrecht en Zeeland. Gratis verzending vanaf 75 euro binnen NL.\" \/>\n<meta property=\"og:url\" content=\"https:\/\/www.david-coin.com\/fr\/produit\/holland-gouden-7-gulden-1760\/\" \/>\n<meta property=\"og:site_name\" content=\"David Coin\" \/>\n<meta property=\"article:publisher\" content=\"https:\/\/www.facebook.com\/Davidcoininkoopenverkoop\" \/>\n<meta property=\"og:image\" content=\"https:\/\/www.david-coin.com\/wp-content\/uploads\/2026\/05\/Holland-deGoudenRidder-7gulden-1760-vz.jpg\" \/>\n\t<meta property=\"og:image:width\" content=\"756\" \/>\n\t<meta property=\"og:image:height\" content=\"756\" \/>\n\t<meta property=\"og:image:type\" content=\"image\/jpeg\" \/>\n<meta name=\"twitter:card\" content=\"summary_large_image\" \/>\n<meta name=\"twitter:label1\" content=\"Prix\" \/>\n\t<meta name=\"twitter:data1\" content=\"&euro;&nbsp;1.095,00\" \/>\n\t<meta name=\"twitter:label2\" content=\"Disponibilit\u00e9\" \/>\n\t<meta name=\"twitter:data2\" content=\"En stock\" \/>\n<script type=\"application\/ld+json\" class=\"yoast-schema-graph\">{\"@context\":\"https:\\\/\\\/schema.org\",\"@graph\":[{\"@type\":\"WebPage\",\"@id\":\"https:\\\/\\\/www.david-coin.com\\\/product\\\/holland-gouden-7-gulden-1760\\\/\",\"url\":\"https:\\\/\\\/www.david-coin.com\\\/product\\\/holland-gouden-7-gulden-1760\\\/\",\"name\":\"Holland gouden 7 gulden 1760\",\"isPartOf\":{\"@id\":\"https:\\\/\\\/www.david-coin.com\\\/#website\"},\"primaryImageOfPage\":{\"@id\":\"https:\\\/\\\/www.david-coin.com\\\/product\\\/holland-gouden-7-gulden-1760\\\/#primaryimage\"},\"image\":{\"@id\":\"https:\\\/\\\/www.david-coin.com\\\/product\\\/holland-gouden-7-gulden-1760\\\/#primaryimage\"},\"thumbnailUrl\":\"https:\\\/\\\/www.david-coin.com\\\/wp-content\\\/uploads\\\/2026\\\/05\\\/Holland-deGoudenRidder-7gulden-1760-vz.jpg\",\"datePublished\":\"2026-05-08T18:00:59+00:00\",\"description\":\"Provinciale munten kopen? Bekijk ons ruime aanbod munten uit o.a. (West-)Friesland, Holland, Utrecht en Zeeland. Gratis verzending vanaf 75 euro binnen NL.\",\"breadcrumb\":{\"@id\":\"https:\\\/\\\/www.david-coin.com\\\/product\\\/holland-gouden-7-gulden-1760\\\/#breadcrumb\"},\"inLanguage\":\"fr-FR\",\"potentialAction\":[{\"@type\":\"ReadAction\",\"target\":[\"https:\\\/\\\/www.david-coin.com\\\/product\\\/holland-gouden-7-gulden-1760\\\/\"]}]},{\"@type\":\"ImageObject\",\"inLanguage\":\"fr-FR\",\"@id\":\"https:\\\/\\\/www.david-coin.com\\\/product\\\/holland-gouden-7-gulden-1760\\\/#primaryimage\",\"url\":\"https:\\\/\\\/www.david-coin.com\\\/wp-content\\\/uploads\\\/2026\\\/05\\\/Holland-deGoudenRidder-7gulden-1760-vz.jpg\",\"contentUrl\":\"https:\\\/\\\/www.david-coin.com\\\/wp-content\\\/uploads\\\/2026\\\/05\\\/Holland-deGoudenRidder-7gulden-1760-vz.jpg\",\"width\":756,\"height\":756,\"caption\":\"Holland gouden 7 gulden 1760\"},{\"@type\":\"BreadcrumbList\",\"@id\":\"https:\\\/\\\/www.david-coin.com\\\/product\\\/holland-gouden-7-gulden-1760\\\/#breadcrumb\",\"itemListElement\":[{\"@type\":\"ListItem\",\"position\":1,\"name\":\"Home\",\"item\":\"https:\\\/\\\/www.david-coin.com\\\/\"},{\"@type\":\"ListItem\",\"position\":2,\"name\":\"Winkel\",\"item\":\"https:\\\/\\\/www.david-coin.com\\\/winkel\\\/\"},{\"@type\":\"ListItem\",\"position\":3,\"name\":\"Holland gouden 7 gulden 1760\"}]},{\"@type\":\"WebSite\",\"@id\":\"https:\\\/\\\/www.david-coin.com\\\/#website\",\"url\":\"https:\\\/\\\/www.david-coin.com\\\/\",\"name\":\"David Coin\",\"description\":\"\",\"publisher\":{\"@id\":\"https:\\\/\\\/www.david-coin.com\\\/#organization\"},\"potentialAction\":[{\"@type\":\"SearchAction\",\"target\":{\"@type\":\"EntryPoint\",\"urlTemplate\":\"https:\\\/\\\/www.david-coin.com\\\/?s={search_term_string}\"},\"query-input\":{\"@type\":\"PropertyValueSpecification\",\"valueRequired\":true,\"valueName\":\"search_term_string\"}}],\"inLanguage\":\"fr-FR\"},{\"@type\":\"Organization\",\"@id\":\"https:\\\/\\\/www.david-coin.com\\\/#organization\",\"name\":\"David Coin\",\"url\":\"https:\\\/\\\/www.david-coin.com\\\/\",\"logo\":{\"@type\":\"ImageObject\",\"inLanguage\":\"fr-FR\",\"@id\":\"https:\\\/\\\/www.david-coin.com\\\/#\\\/schema\\\/logo\\\/image\\\/\",\"url\":\"https:\\\/\\\/www.david-coin.com\\\/wp-content\\\/uploads\\\/2024\\\/04\\\/davidcoin-logo-final.png\",\"contentUrl\":\"https:\\\/\\\/www.david-coin.com\\\/wp-content\\\/uploads\\\/2024\\\/04\\\/davidcoin-logo-final.png\",\"width\":800,\"height\":267,\"caption\":\"David Coin\"},\"image\":{\"@id\":\"https:\\\/\\\/www.david-coin.com\\\/#\\\/schema\\\/logo\\\/image\\\/\"},\"sameAs\":[\"https:\\\/\\\/www.facebook.com\\\/Davidcoininkoopenverkoop\",\"https:\\\/\\\/www.youtube.com\\\/channel\\\/UC39lihLKFSPTff0w6tv0pWQ\"]}]}<\/script>\n<meta property=\"product:price:amount\" content=\"1095.00\" \/>\n<meta property=\"product:price:currency\" content=\"EUR\" \/>\n<meta property=\"og:availability\" content=\"instock\" \/>\n<meta property=\"product:availability\" content=\"instock\" \/>\n<meta property=\"product:retailer_item_id\" content=\"40267\" \/>\n<meta property=\"product:condition\" content=\"new\" \/>\n<!-- \/ Yoast SEO Premium plugin. -->","yoast_head_json":{"title":"Holland gouden 7 gulden 1760","description":"Provinciale munten kopen? Bekijk ons ruime aanbod munten uit o.a. (West-)Friesland, Holland, Utrecht en Zeeland. Gratis verzending vanaf 75 euro binnen NL.","robots":{"index":"index","follow":"follow","max-snippet":"max-snippet:-1","max-image-preview":"max-image-preview:large","max-video-preview":"max-video-preview:-1"},"canonical":"https:\/\/www.david-coin.com\/fr\/produit\/holland-gouden-7-gulden-1760\/","og_locale":"fr_FR","og_type":"article","og_title":"Holland gouden 7 gulden 1760","og_description":"Provinciale munten kopen? Bekijk ons ruime aanbod munten uit o.a. (West-)Friesland, Holland, Utrecht en Zeeland. Gratis verzending vanaf 75 euro binnen NL.","og_url":"https:\/\/www.david-coin.com\/fr\/produit\/holland-gouden-7-gulden-1760\/","og_site_name":"David Coin","article_publisher":"https:\/\/www.facebook.com\/Davidcoininkoopenverkoop","og_image":[{"width":756,"height":756,"url":"https:\/\/www.david-coin.com\/wp-content\/uploads\/2026\/05\/Holland-deGoudenRidder-7gulden-1760-vz.jpg","type":"image\/jpeg"}],"twitter_card":"summary_large_image","twitter_misc":{"Prix":"&euro;&nbsp;1.095,00","Disponibilit\u00e9":"En stock"},"schema":{"@context":"https:\/\/schema.org","@graph":[{"@type":"WebPage","@id":"https:\/\/www.david-coin.com\/product\/holland-gouden-7-gulden-1760\/","url":"https:\/\/www.david-coin.com\/product\/holland-gouden-7-gulden-1760\/","name":"Holland gouden 7 gulden 1760","isPartOf":{"@id":"https:\/\/www.david-coin.com\/#website"},"primaryImageOfPage":{"@id":"https:\/\/www.david-coin.com\/product\/holland-gouden-7-gulden-1760\/#primaryimage"},"image":{"@id":"https:\/\/www.david-coin.com\/product\/holland-gouden-7-gulden-1760\/#primaryimage"},"thumbnailUrl":"https:\/\/www.david-coin.com\/wp-content\/uploads\/2026\/05\/Holland-deGoudenRidder-7gulden-1760-vz.jpg","datePublished":"2026-05-08T18:00:59+00:00","description":"Provinciale munten kopen? Bekijk ons ruime aanbod munten uit o.a. (West-)Friesland, Holland, Utrecht en Zeeland. Gratis verzending vanaf 75 euro binnen NL.","breadcrumb":{"@id":"https:\/\/www.david-coin.com\/product\/holland-gouden-7-gulden-1760\/#breadcrumb"},"inLanguage":"fr-FR","potentialAction":[{"@type":"ReadAction","target":["https:\/\/www.david-coin.com\/product\/holland-gouden-7-gulden-1760\/"]}]},{"@type":"ImageObject","inLanguage":"fr-FR","@id":"https:\/\/www.david-coin.com\/product\/holland-gouden-7-gulden-1760\/#primaryimage","url":"https:\/\/www.david-coin.com\/wp-content\/uploads\/2026\/05\/Holland-deGoudenRidder-7gulden-1760-vz.jpg","contentUrl":"https:\/\/www.david-coin.com\/wp-content\/uploads\/2026\/05\/Holland-deGoudenRidder-7gulden-1760-vz.jpg","width":756,"height":756,"caption":"Holland gouden 7 gulden 1760"},{"@type":"BreadcrumbList","@id":"https:\/\/www.david-coin.com\/product\/holland-gouden-7-gulden-1760\/#breadcrumb","itemListElement":[{"@type":"ListItem","position":1,"name":"Home","item":"https:\/\/www.david-coin.com\/"},{"@type":"ListItem","position":2,"name":"Winkel","item":"https:\/\/www.david-coin.com\/winkel\/"},{"@type":"ListItem","position":3,"name":"Holland gouden 7 gulden 1760"}]},{"@type":"WebSite","@id":"https:\/\/www.david-coin.com\/#website","url":"https:\/\/www.david-coin.com\/","name":"David Coin","description":"","publisher":{"@id":"https:\/\/www.david-coin.com\/#organization"},"potentialAction":[{"@type":"SearchAction","target":{"@type":"EntryPoint","urlTemplate":"https:\/\/www.david-coin.com\/?s={search_term_string}"},"query-input":{"@type":"PropertyValueSpecification","valueRequired":true,"valueName":"search_term_string"}}],"inLanguage":"fr-FR"},{"@type":"Organization","@id":"https:\/\/www.david-coin.com\/#organization","name":"David Coin","url":"https:\/\/www.david-coin.com\/","logo":{"@type":"ImageObject","inLanguage":"fr-FR","@id":"https:\/\/www.david-coin.com\/#\/schema\/logo\/image\/","url":"https:\/\/www.david-coin.com\/wp-content\/uploads\/2024\/04\/davidcoin-logo-final.png","contentUrl":"https:\/\/www.david-coin.com\/wp-content\/uploads\/2024\/04\/davidcoin-logo-final.png","width":800,"height":267,"caption":"David Coin"},"image":{"@id":"https:\/\/www.david-coin.com\/#\/schema\/logo\/image\/"},"sameAs":["https:\/\/www.facebook.com\/Davidcoininkoopenverkoop","https:\/\/www.youtube.com\/channel\/UC39lihLKFSPTff0w6tv0pWQ"]}]},"product_price_amount":"1095.00","product_price_currency":"EUR","og_availability":"instock","product_availability":"instock","product_retailer_item_id":"40267","product_condition":"new"},"_links":{"self":[{"href":"https:\/\/www.david-coin.com\/fr\/wp-json\/wp\/v2\/product\/168096","targetHints":{"allow":["GET"]}}],"collection":[{"href":"https:\/\/www.david-coin.com\/fr\/wp-json\/wp\/v2\/product"}],"about":[{"href":"https:\/\/www.david-coin.com\/fr\/wp-json\/wp\/v2\/types\/product"}],"replies":[{"embeddable":true,"href":"https:\/\/www.david-coin.com\/fr\/wp-json\/wp\/v2\/comments?post=168096"}],"wp:featuredmedia":[{"embeddable":true,"href":"https:\/\/www.david-coin.com\/fr\/wp-json\/wp\/v2\/media\/167946"}],"wp:attachment":[{"href":"https:\/\/www.david-coin.com\/fr\/wp-json\/wp\/v2\/media?parent=168096"}],"wp:term":[{"taxonomy":"product_brand","embeddable":true,"href":"https:\/\/www.david-coin.com\/fr\/wp-json\/wp\/v2\/product_brand?post=168096"},{"taxonomy":"product_cat","embeddable":true,"href":"https:\/\/www.david-coin.com\/fr\/wp-json\/wp\/v2\/product_cat?post=168096"},{"taxonomy":"product_tag","embeddable":true,"href":"https:\/\/www.david-coin.com\/fr\/wp-json\/wp\/v2\/product_tag?post=168096"}],"curies":[{"name":"wp","href":"https:\/\/api.w.org\/{rel}","templated":true}]}}