{"id":163783,"date":"2026-03-20T16:00:24","date_gmt":"2026-03-20T15:00:24","guid":{"rendered":"https:\/\/www.david-coin.com\/?post_type=product&#038;p=163783"},"modified":"2026-03-20T11:59:10","modified_gmt":"2026-03-20T10:59:10","slug":"nederland-100-gulden-1970-michiel-de-ruyter-pmg-66-epq","status":"publish","type":"product","link":"https:\/\/www.david-coin.com\/fr\/produit\/nederland-100-gulden-1970-michiel-de-ruyter-pmg-66-epq\/","title":{"rendered":"Nederland 100 Gulden 1970 Michiel de Ruyter PMG 66 EPQ"},"content":{"rendered":"<p><strong>Nederland 100 Gulden 1970 Michiel de Ruyter PMG 66 EPQ<\/strong><br \/>\nNVMH:122-1<br \/>\nPlomp:103<br \/>\nPick:93a<br \/>\nKwaliteit: UNC (PMG66)<\/p>\n<p><strong>Cent florins 1970 Michiel de Ruyter<\/strong><br \/>\nLe cent florins de Michiel de Ruyter est l'un des premiers billets de la s\u00e9rie legacy de R. D. E. Oxenaar, qui a \u00e9t\u00e9 mise en circulation au d\u00e9but des ann\u00e9es 1970. Le recto repr\u00e9sente le c\u00e9l\u00e8bre marin n\u00e9erlandais Michiel de Ruyter, qui a largement d\u00e9truit la flotte anglaise en 1667 lors du voyage nat Chatham. Le verso du billet pr\u00e9sente un motif tr\u00e8s similaire au gouvernail d'un cuirass\u00e9 du XVIIe si\u00e8cle. En filigrane, on retrouve \u00e9galement l'histoire de Ruyter, un drapeau n\u00e9erlandais flottant au vent sur une pile de boulets de canon. La centaine avec de Ruyter est l'une des notes de la s\u00e9rie de l'h\u00e9ritage d'Oxenaar. Outre de Ruyter, il y avait aussi :<br \/>\n&#8211; <a href=\"\/fr\/\u201dhttps:\/\/www.david-coin.com\/produit\/nederland-5-gulden-1966-vondel-i\/\u201d\/\">5 florins 1966 Vondel ;<\/a><br \/>\n&#8211; <a href=\"\/fr\/\u201dhttps:\/\/www.david-coin.com\/produit\/nederland-5-gulden-1973-vondel-pmg65-epq\/\u201d\/\">5 florins 1973 Vondel ;<\/a><br \/>\n&#8211; <a href=\"\/fr\/\u201dhttps:\/\/www.david-coin.com\/produit\/nederland-10-gulden-1968-frans-hals\/\u201d\/\">10 florins 1968 Frans Hals ;<\/a><br \/>\n&#8211; <a href=\"\/fr\/\u201dhttps:\/\/www.david-coin.com\/produit\/nederland-25-gulden-1971-sweelinck\/\u201d\/\">25 florins 1971 Sweelinck ;<\/a><br \/>\n&#8211; <a href=\"\/fr\/\u201dhttps:\/\/www.david-coin.com\/produit\/nederland-1000-gulden-1972-spinoza\/\u201d\/\">1000 florins 1972 Spinoza.<\/a><\/p>\n<p>Le billet de 100 florins a finalement \u00e9t\u00e9 retir\u00e9 de la circulation en 1985. <a href=\"\/fr\/\u201dhttps:\/\/www.david-coin.com\/produit\/nederland-100-gulden-1977-snip\/\u201d\/\"> Le coup des 100 florins<\/a> a ensuite pris le relais.<\/p>\n<p>Voir les scans pour plus de d\u00e9tails.<br \/>\nPour toute question, n'h\u00e9sitez pas \u00e0 nous envoyer un message.<\/p>","protected":false},"excerpt":{"rendered":"<p>NVMH:122-1<\/p>","protected":false},"featured_media":163737,"comment_status":"closed","ping_status":"closed","template":"","meta":[],"product_brand":[],"product_cat":[5497,5539,5472],"product_tag":[],"class_list":{"0":"post-163783","1":"product","2":"type-product","3":"status-publish","4":"has-post-thumbnail","6":"product_cat-100-gulden-biljet","7":"product_cat-laatste-oude-guldenbiljetten","8":"product_cat-nederlandse-bankbiljetten","9":"pa_bankbiljetwaarde-100gulden","10":"pa_kwaliteit-unc","11":"pa_land-nederland","12":"pa_soort-pmgnotes","14":"first","15":"instock","16":"taxable","17":"shipping-taxable","18":"purchasable","19":"product-type-simple"},"yoast_head":"<!-- This site is optimized with the Yoast SEO Premium plugin v27.2 (Yoast SEO v27.4) - https:\/\/yoast.com\/product\/yoast-seo-premium-wordpress\/ -->\n<title>Nederland 100 Gulden 1970 Michiel de Ruyter PMG 66<\/title>\n<meta name=\"description\" content=\"Nederlandse bankbiljetten bij David-coin. Bekijk ons complete aanbod uit de guldentijd. Gratis verzending binnen Nederland vanaf 75 euro.\" \/>\n<meta name=\"robots\" content=\"index, follow, max-snippet:-1, max-image-preview:large, max-video-preview:-1\" \/>\n<link rel=\"canonical\" href=\"https:\/\/www.david-coin.com\/fr\/produit\/nederland-100-gulden-1970-michiel-de-ruyter-pmg-66-epq\/\" \/>\n<meta property=\"og:locale\" content=\"fr_FR\" \/>\n<meta property=\"og:type\" content=\"article\" \/>\n<meta property=\"og:title\" content=\"Nederland 100 Gulden 1970 Michiel de Ruyter PMG 66 EPQ\" \/>\n<meta property=\"og:description\" content=\"Nederlandse bankbiljetten bij David-coin. Bekijk ons complete aanbod uit de guldentijd. Gratis verzending binnen Nederland vanaf 75 euro.\" \/>\n<meta property=\"og:url\" content=\"https:\/\/www.david-coin.com\/fr\/produit\/nederland-100-gulden-1970-michiel-de-ruyter-pmg-66-epq\/\" \/>\n<meta property=\"og:site_name\" content=\"David Coin\" \/>\n<meta property=\"article:publisher\" content=\"https:\/\/www.facebook.com\/Davidcoininkoopenverkoop\" \/>\n<meta property=\"og:image\" content=\"https:\/\/www.david-coin.com\/wp-content\/uploads\/2026\/03\/Nederland-100gulden-1970-vz-66.jpg\" \/>\n\t<meta property=\"og:image:width\" content=\"1198\" \/>\n\t<meta property=\"og:image:height\" content=\"754\" \/>\n\t<meta property=\"og:image:type\" content=\"image\/jpeg\" \/>\n<meta name=\"twitter:card\" content=\"summary_large_image\" \/>\n<meta name=\"twitter:label1\" content=\"Prix\" \/>\n\t<meta name=\"twitter:data1\" content=\"&euro;&nbsp;399,95\" \/>\n\t<meta name=\"twitter:label2\" content=\"Disponibilit\u00e9\" \/>\n\t<meta name=\"twitter:data2\" content=\"En stock\" \/>\n<script type=\"application\/ld+json\" class=\"yoast-schema-graph\">{\"@context\":\"https:\\\/\\\/schema.org\",\"@graph\":[{\"@type\":\"WebPage\",\"@id\":\"https:\\\/\\\/www.david-coin.com\\\/product\\\/nederland-100-gulden-1970-michiel-de-ruyter-pmg-66-epq\\\/\",\"url\":\"https:\\\/\\\/www.david-coin.com\\\/product\\\/nederland-100-gulden-1970-michiel-de-ruyter-pmg-66-epq\\\/\",\"name\":\"Nederland 100 Gulden 1970 Michiel de Ruyter PMG 66\",\"isPartOf\":{\"@id\":\"https:\\\/\\\/www.david-coin.com\\\/#website\"},\"primaryImageOfPage\":{\"@id\":\"https:\\\/\\\/www.david-coin.com\\\/product\\\/nederland-100-gulden-1970-michiel-de-ruyter-pmg-66-epq\\\/#primaryimage\"},\"image\":{\"@id\":\"https:\\\/\\\/www.david-coin.com\\\/product\\\/nederland-100-gulden-1970-michiel-de-ruyter-pmg-66-epq\\\/#primaryimage\"},\"thumbnailUrl\":\"https:\\\/\\\/www.david-coin.com\\\/wp-content\\\/uploads\\\/2026\\\/03\\\/Nederland-100gulden-1970-vz-66.jpg\",\"datePublished\":\"2026-03-20T15:00:24+00:00\",\"description\":\"Nederlandse bankbiljetten bij David-coin. Bekijk ons complete aanbod uit de guldentijd. Gratis verzending binnen Nederland vanaf 75 euro.\",\"breadcrumb\":{\"@id\":\"https:\\\/\\\/www.david-coin.com\\\/product\\\/nederland-100-gulden-1970-michiel-de-ruyter-pmg-66-epq\\\/#breadcrumb\"},\"inLanguage\":\"fr-FR\",\"potentialAction\":[{\"@type\":\"ReadAction\",\"target\":[\"https:\\\/\\\/www.david-coin.com\\\/product\\\/nederland-100-gulden-1970-michiel-de-ruyter-pmg-66-epq\\\/\"]}]},{\"@type\":\"ImageObject\",\"inLanguage\":\"fr-FR\",\"@id\":\"https:\\\/\\\/www.david-coin.com\\\/product\\\/nederland-100-gulden-1970-michiel-de-ruyter-pmg-66-epq\\\/#primaryimage\",\"url\":\"https:\\\/\\\/www.david-coin.com\\\/wp-content\\\/uploads\\\/2026\\\/03\\\/Nederland-100gulden-1970-vz-66.jpg\",\"contentUrl\":\"https:\\\/\\\/www.david-coin.com\\\/wp-content\\\/uploads\\\/2026\\\/03\\\/Nederland-100gulden-1970-vz-66.jpg\",\"width\":1198,\"height\":754,\"caption\":\"Nederland 100 Gulden 1970 Michiel de Ruyter PMG 66\"},{\"@type\":\"BreadcrumbList\",\"@id\":\"https:\\\/\\\/www.david-coin.com\\\/product\\\/nederland-100-gulden-1970-michiel-de-ruyter-pmg-66-epq\\\/#breadcrumb\",\"itemListElement\":[{\"@type\":\"ListItem\",\"position\":1,\"name\":\"Home\",\"item\":\"https:\\\/\\\/www.david-coin.com\\\/\"},{\"@type\":\"ListItem\",\"position\":2,\"name\":\"Winkel\",\"item\":\"https:\\\/\\\/www.david-coin.com\\\/winkel\\\/\"},{\"@type\":\"ListItem\",\"position\":3,\"name\":\"Nederland 100 Gulden 1970 Michiel de Ruyter PMG 66 EPQ\"}]},{\"@type\":\"WebSite\",\"@id\":\"https:\\\/\\\/www.david-coin.com\\\/#website\",\"url\":\"https:\\\/\\\/www.david-coin.com\\\/\",\"name\":\"David Coin\",\"description\":\"\",\"publisher\":{\"@id\":\"https:\\\/\\\/www.david-coin.com\\\/#organization\"},\"potentialAction\":[{\"@type\":\"SearchAction\",\"target\":{\"@type\":\"EntryPoint\",\"urlTemplate\":\"https:\\\/\\\/www.david-coin.com\\\/?s={search_term_string}\"},\"query-input\":{\"@type\":\"PropertyValueSpecification\",\"valueRequired\":true,\"valueName\":\"search_term_string\"}}],\"inLanguage\":\"fr-FR\"},{\"@type\":\"Organization\",\"@id\":\"https:\\\/\\\/www.david-coin.com\\\/#organization\",\"name\":\"David Coin\",\"url\":\"https:\\\/\\\/www.david-coin.com\\\/\",\"logo\":{\"@type\":\"ImageObject\",\"inLanguage\":\"fr-FR\",\"@id\":\"https:\\\/\\\/www.david-coin.com\\\/#\\\/schema\\\/logo\\\/image\\\/\",\"url\":\"https:\\\/\\\/www.david-coin.com\\\/wp-content\\\/uploads\\\/2024\\\/04\\\/davidcoin-logo-final.png\",\"contentUrl\":\"https:\\\/\\\/www.david-coin.com\\\/wp-content\\\/uploads\\\/2024\\\/04\\\/davidcoin-logo-final.png\",\"width\":800,\"height\":267,\"caption\":\"David Coin\"},\"image\":{\"@id\":\"https:\\\/\\\/www.david-coin.com\\\/#\\\/schema\\\/logo\\\/image\\\/\"},\"sameAs\":[\"https:\\\/\\\/www.facebook.com\\\/Davidcoininkoopenverkoop\",\"https:\\\/\\\/www.youtube.com\\\/channel\\\/UC39lihLKFSPTff0w6tv0pWQ\"]}]}<\/script>\n<meta property=\"product:price:amount\" content=\"399.95\" \/>\n<meta property=\"product:price:currency\" content=\"EUR\" \/>\n<meta property=\"og:availability\" content=\"instock\" \/>\n<meta property=\"product:availability\" content=\"instock\" \/>\n<meta property=\"product:retailer_item_id\" content=\"2988\" \/>\n<meta property=\"product:condition\" content=\"new\" \/>\n<!-- \/ Yoast SEO Premium plugin. -->","yoast_head_json":{"title":"Nederland 100 Gulden 1970 Michiel de Ruyter PMG 66","description":"Nederlandse bankbiljetten bij David-coin. Bekijk ons complete aanbod uit de guldentijd. Gratis verzending binnen Nederland vanaf 75 euro.","robots":{"index":"index","follow":"follow","max-snippet":"max-snippet:-1","max-image-preview":"max-image-preview:large","max-video-preview":"max-video-preview:-1"},"canonical":"https:\/\/www.david-coin.com\/fr\/produit\/nederland-100-gulden-1970-michiel-de-ruyter-pmg-66-epq\/","og_locale":"fr_FR","og_type":"article","og_title":"Nederland 100 Gulden 1970 Michiel de Ruyter PMG 66 EPQ","og_description":"Nederlandse bankbiljetten bij David-coin. Bekijk ons complete aanbod uit de guldentijd. Gratis verzending binnen Nederland vanaf 75 euro.","og_url":"https:\/\/www.david-coin.com\/fr\/produit\/nederland-100-gulden-1970-michiel-de-ruyter-pmg-66-epq\/","og_site_name":"David Coin","article_publisher":"https:\/\/www.facebook.com\/Davidcoininkoopenverkoop","og_image":[{"width":1198,"height":754,"url":"https:\/\/www.david-coin.com\/wp-content\/uploads\/2026\/03\/Nederland-100gulden-1970-vz-66.jpg","type":"image\/jpeg"}],"twitter_card":"summary_large_image","twitter_misc":{"Prix":"&euro;&nbsp;399,95","Disponibilit\u00e9":"En stock"},"schema":{"@context":"https:\/\/schema.org","@graph":[{"@type":"WebPage","@id":"https:\/\/www.david-coin.com\/product\/nederland-100-gulden-1970-michiel-de-ruyter-pmg-66-epq\/","url":"https:\/\/www.david-coin.com\/product\/nederland-100-gulden-1970-michiel-de-ruyter-pmg-66-epq\/","name":"Nederland 100 Gulden 1970 Michiel de Ruyter PMG 66","isPartOf":{"@id":"https:\/\/www.david-coin.com\/#website"},"primaryImageOfPage":{"@id":"https:\/\/www.david-coin.com\/product\/nederland-100-gulden-1970-michiel-de-ruyter-pmg-66-epq\/#primaryimage"},"image":{"@id":"https:\/\/www.david-coin.com\/product\/nederland-100-gulden-1970-michiel-de-ruyter-pmg-66-epq\/#primaryimage"},"thumbnailUrl":"https:\/\/www.david-coin.com\/wp-content\/uploads\/2026\/03\/Nederland-100gulden-1970-vz-66.jpg","datePublished":"2026-03-20T15:00:24+00:00","description":"Nederlandse bankbiljetten bij David-coin. Bekijk ons complete aanbod uit de guldentijd. Gratis verzending binnen Nederland vanaf 75 euro.","breadcrumb":{"@id":"https:\/\/www.david-coin.com\/product\/nederland-100-gulden-1970-michiel-de-ruyter-pmg-66-epq\/#breadcrumb"},"inLanguage":"fr-FR","potentialAction":[{"@type":"ReadAction","target":["https:\/\/www.david-coin.com\/product\/nederland-100-gulden-1970-michiel-de-ruyter-pmg-66-epq\/"]}]},{"@type":"ImageObject","inLanguage":"fr-FR","@id":"https:\/\/www.david-coin.com\/product\/nederland-100-gulden-1970-michiel-de-ruyter-pmg-66-epq\/#primaryimage","url":"https:\/\/www.david-coin.com\/wp-content\/uploads\/2026\/03\/Nederland-100gulden-1970-vz-66.jpg","contentUrl":"https:\/\/www.david-coin.com\/wp-content\/uploads\/2026\/03\/Nederland-100gulden-1970-vz-66.jpg","width":1198,"height":754,"caption":"Nederland 100 Gulden 1970 Michiel de Ruyter PMG 66"},{"@type":"BreadcrumbList","@id":"https:\/\/www.david-coin.com\/product\/nederland-100-gulden-1970-michiel-de-ruyter-pmg-66-epq\/#breadcrumb","itemListElement":[{"@type":"ListItem","position":1,"name":"Home","item":"https:\/\/www.david-coin.com\/"},{"@type":"ListItem","position":2,"name":"Winkel","item":"https:\/\/www.david-coin.com\/winkel\/"},{"@type":"ListItem","position":3,"name":"Nederland 100 Gulden 1970 Michiel de Ruyter PMG 66 EPQ"}]},{"@type":"WebSite","@id":"https:\/\/www.david-coin.com\/#website","url":"https:\/\/www.david-coin.com\/","name":"David Coin","description":"","publisher":{"@id":"https:\/\/www.david-coin.com\/#organization"},"potentialAction":[{"@type":"SearchAction","target":{"@type":"EntryPoint","urlTemplate":"https:\/\/www.david-coin.com\/?s={search_term_string}"},"query-input":{"@type":"PropertyValueSpecification","valueRequired":true,"valueName":"search_term_string"}}],"inLanguage":"fr-FR"},{"@type":"Organization","@id":"https:\/\/www.david-coin.com\/#organization","name":"David Coin","url":"https:\/\/www.david-coin.com\/","logo":{"@type":"ImageObject","inLanguage":"fr-FR","@id":"https:\/\/www.david-coin.com\/#\/schema\/logo\/image\/","url":"https:\/\/www.david-coin.com\/wp-content\/uploads\/2024\/04\/davidcoin-logo-final.png","contentUrl":"https:\/\/www.david-coin.com\/wp-content\/uploads\/2024\/04\/davidcoin-logo-final.png","width":800,"height":267,"caption":"David Coin"},"image":{"@id":"https:\/\/www.david-coin.com\/#\/schema\/logo\/image\/"},"sameAs":["https:\/\/www.facebook.com\/Davidcoininkoopenverkoop","https:\/\/www.youtube.com\/channel\/UC39lihLKFSPTff0w6tv0pWQ"]}]},"product_price_amount":"399.95","product_price_currency":"EUR","og_availability":"instock","product_availability":"instock","product_retailer_item_id":"2988","product_condition":"new"},"_links":{"self":[{"href":"https:\/\/www.david-coin.com\/fr\/wp-json\/wp\/v2\/product\/163783","targetHints":{"allow":["GET"]}}],"collection":[{"href":"https:\/\/www.david-coin.com\/fr\/wp-json\/wp\/v2\/product"}],"about":[{"href":"https:\/\/www.david-coin.com\/fr\/wp-json\/wp\/v2\/types\/product"}],"replies":[{"embeddable":true,"href":"https:\/\/www.david-coin.com\/fr\/wp-json\/wp\/v2\/comments?post=163783"}],"wp:featuredmedia":[{"embeddable":true,"href":"https:\/\/www.david-coin.com\/fr\/wp-json\/wp\/v2\/media\/163737"}],"wp:attachment":[{"href":"https:\/\/www.david-coin.com\/fr\/wp-json\/wp\/v2\/media?parent=163783"}],"wp:term":[{"taxonomy":"product_brand","embeddable":true,"href":"https:\/\/www.david-coin.com\/fr\/wp-json\/wp\/v2\/product_brand?post=163783"},{"taxonomy":"product_cat","embeddable":true,"href":"https:\/\/www.david-coin.com\/fr\/wp-json\/wp\/v2\/product_cat?post=163783"},{"taxonomy":"product_tag","embeddable":true,"href":"https:\/\/www.david-coin.com\/fr\/wp-json\/wp\/v2\/product_tag?post=163783"}],"curies":[{"name":"wp","href":"https:\/\/api.w.org\/{rel}","templated":true}]}}