{"id":152824,"date":"2025-08-28T16:54:03","date_gmt":"2025-08-28T14:54:03","guid":{"rendered":"https:\/\/www.david-coin.com\/?post_type=product&#038;p=152824"},"modified":"2026-04-19T11:20:24","modified_gmt":"2026-04-19T09:20:24","slug":"nederland-10-gulden-goud-4-types","status":"publish","type":"product","link":"https:\/\/www.david-coin.com\/fr\/produit\/nederland-10-gulden-goud-4-types\/","title":{"rendered":"Pays-Bas set 10 Gulden or 4 types"},"content":{"rendered":"<p><span style=\"font-size: 12pt;\"><strong>Pays-Bas 10 florins or 4 types<br \/>\n<\/strong>Qualit\u00e9 : Tr\u00e8s bonne.<\/span><br \/>\n<span style=\"font-size: 12pt;\">Poids d'une pi\u00e8ce d'or : 6,72 grammes<\/span><br \/>\n<span style=\"font-size: 12pt;\">Dosage : 900\/1000<\/span><\/p>\n<p><strong>Vous recevrez 4 dizaines d'or avec les 4 types de pi\u00e8ces suivants \u00e0 un prix tr\u00e8s comp\u00e9titif :<\/strong><\/p>\n<p>-Roi Guillaume 3<br \/>\n-Reine Wilhelmina avec les cheveux d\u00e9tach\u00e9s (1897)<br \/>\n-Reine Wilhelmina avec une robe de chambre en hermine<br \/>\n-La reine Wilhelmina avec ses cheveux relev\u00e9s<\/p>\n<p>La photo est une photo d'exemple. Vous recevrez des pi\u00e8ces similaires des 4 dizaines d'or. Les ann\u00e9es peuvent varier.<\/p>\n<p><span style=\"font-size: 12pt;\">Voir les scans pour plus de d\u00e9tails. Exemple de photo.\u00a0<\/span><br \/>\n<span style=\"font-size: 12pt;\">Pour toute question, n'h\u00e9sitez pas \u00e0 nous envoyer un message.<\/span><\/p>\n<p>N.B. Vous recherchez d'autres ann\u00e9es ou d'autres types de dizaines d'or. <a href=\"https:\/\/www.david-coin.com\/fr\/categorie-produit\/edelmetaal\/gouden-tientjes-vijfjes-en-dukaten-per-jaar\/\">Vous pouvez les consulter par ann\u00e9e en cliquant ici.<\/a><\/p>","protected":false},"excerpt":{"rendered":"<p>4 dizaines d'or diff\u00e9rentes en un seul achat.<\/p>","protected":false},"featured_media":152826,"comment_status":"closed","ping_status":"closed","template":"","meta":[],"product_brand":[],"product_cat":[5479,5567,5606,5471,5522],"product_tag":[],"class_list":{"0":"post-152824","1":"product","2":"type-product","3":"status-publish","4":"has-post-thumbnail","6":"product_cat-edelmetaal-goud-kopen","7":"product_cat-gouden-munten-of-baren","8":"product_cat-gouden-tientjes-vijfjes-en-dukaten-per-jaar","9":"product_cat-nederlandse-munten","10":"product_cat-wilhelmina-1890-1948","11":"pa_koning-koningin-wilhelmina","12":"pa_koning-koningin-willem3","13":"pa_kwaliteit-prachtig-min","14":"pa_land-nederland","15":"pa_materiaal-goud","16":"pa_muntwaarde-10guldengoud","18":"first","19":"instock","20":"purchasable","21":"product-type-simple"},"yoast_head":"<!-- This site is optimized with the Yoast SEO Premium plugin v27.2 (Yoast SEO v27.5) - https:\/\/yoast.com\/product\/yoast-seo-premium-wordpress\/ -->\n<title>Nederland set 10 Gulden goud 4 types<\/title>\n<meta name=\"description\" content=\"4 verschillende gouden tientjes van Willem 3 en Wilhelmina. Bekijk nu ons volledige aanbod. Gratis verzending binnen Nederland vanaf 5.000 euro.\" \/>\n<meta name=\"robots\" content=\"index, follow, max-snippet:-1, max-image-preview:large, max-video-preview:-1\" \/>\n<link rel=\"canonical\" href=\"https:\/\/www.david-coin.com\/fr\/produit\/nederland-10-gulden-goud-4-types\/\" \/>\n<meta property=\"og:locale\" content=\"fr_FR\" \/>\n<meta property=\"og:type\" content=\"article\" \/>\n<meta property=\"og:title\" content=\"Nederland set 10 Gulden goud 4 types\" \/>\n<meta property=\"og:description\" content=\"4 verschillende gouden tientjes van Willem 3 en Wilhelmina. Bekijk nu ons volledige aanbod. Gratis verzending binnen Nederland vanaf 5.000 euro.\" \/>\n<meta property=\"og:url\" content=\"https:\/\/www.david-coin.com\/fr\/produit\/nederland-10-gulden-goud-4-types\/\" \/>\n<meta property=\"og:site_name\" content=\"David Coin\" \/>\n<meta property=\"article:publisher\" content=\"https:\/\/www.facebook.com\/Davidcoininkoopenverkoop\" \/>\n<meta property=\"article:modified_time\" content=\"2026-04-19T09:20:24+00:00\" \/>\n<meta property=\"og:image\" content=\"https:\/\/www.david-coin.com\/wp-content\/uploads\/2025\/08\/gouden-tientjes-4x-2.jpg\" \/>\n\t<meta property=\"og:image:width\" content=\"852\" \/>\n\t<meta property=\"og:image:height\" content=\"852\" \/>\n\t<meta property=\"og:image:type\" content=\"image\/jpeg\" \/>\n<meta name=\"twitter:card\" content=\"summary_large_image\" \/>\n<meta name=\"twitter:label1\" content=\"Prix\" \/>\n\t<meta name=\"twitter:data1\" content=\"&euro;&nbsp;3.248,99\" \/>\n\t<meta name=\"twitter:label2\" content=\"Disponibilit\u00e9\" \/>\n\t<meta name=\"twitter:data2\" content=\"En stock\" \/>\n<script type=\"application\/ld+json\" class=\"yoast-schema-graph\">{\"@context\":\"https:\\\/\\\/schema.org\",\"@graph\":[{\"@type\":\"WebPage\",\"@id\":\"https:\\\/\\\/www.david-coin.com\\\/product\\\/nederland-10-gulden-goud-4-types\\\/\",\"url\":\"https:\\\/\\\/www.david-coin.com\\\/product\\\/nederland-10-gulden-goud-4-types\\\/\",\"name\":\"Nederland set 10 Gulden goud 4 types\",\"isPartOf\":{\"@id\":\"https:\\\/\\\/www.david-coin.com\\\/#website\"},\"primaryImageOfPage\":{\"@id\":\"https:\\\/\\\/www.david-coin.com\\\/product\\\/nederland-10-gulden-goud-4-types\\\/#primaryimage\"},\"image\":{\"@id\":\"https:\\\/\\\/www.david-coin.com\\\/product\\\/nederland-10-gulden-goud-4-types\\\/#primaryimage\"},\"thumbnailUrl\":\"https:\\\/\\\/www.david-coin.com\\\/wp-content\\\/uploads\\\/2025\\\/08\\\/gouden-tientjes-4x-2.jpg\",\"datePublished\":\"2025-08-28T14:54:03+00:00\",\"dateModified\":\"2026-04-19T09:20:24+00:00\",\"description\":\"4 verschillende gouden tientjes van Willem 3 en Wilhelmina. Bekijk nu ons volledige aanbod. Gratis verzending binnen Nederland vanaf 5.000 euro.\",\"breadcrumb\":{\"@id\":\"https:\\\/\\\/www.david-coin.com\\\/product\\\/nederland-10-gulden-goud-4-types\\\/#breadcrumb\"},\"inLanguage\":\"fr-FR\",\"potentialAction\":[{\"@type\":\"ReadAction\",\"target\":[\"https:\\\/\\\/www.david-coin.com\\\/product\\\/nederland-10-gulden-goud-4-types\\\/\"]}]},{\"@type\":\"ImageObject\",\"inLanguage\":\"fr-FR\",\"@id\":\"https:\\\/\\\/www.david-coin.com\\\/product\\\/nederland-10-gulden-goud-4-types\\\/#primaryimage\",\"url\":\"https:\\\/\\\/www.david-coin.com\\\/wp-content\\\/uploads\\\/2025\\\/08\\\/gouden-tientjes-4x-2.jpg\",\"contentUrl\":\"https:\\\/\\\/www.david-coin.com\\\/wp-content\\\/uploads\\\/2025\\\/08\\\/gouden-tientjes-4x-2.jpg\",\"width\":852,\"height\":852,\"caption\":\"Nederland 10 Gulden goud 4 types\"},{\"@type\":\"BreadcrumbList\",\"@id\":\"https:\\\/\\\/www.david-coin.com\\\/product\\\/nederland-10-gulden-goud-4-types\\\/#breadcrumb\",\"itemListElement\":[{\"@type\":\"ListItem\",\"position\":1,\"name\":\"Home\",\"item\":\"https:\\\/\\\/www.david-coin.com\\\/\"},{\"@type\":\"ListItem\",\"position\":2,\"name\":\"Winkel\",\"item\":\"https:\\\/\\\/www.david-coin.com\\\/winkel\\\/\"},{\"@type\":\"ListItem\",\"position\":3,\"name\":\"Nederland set 10 Gulden goud 4 types\"}]},{\"@type\":\"WebSite\",\"@id\":\"https:\\\/\\\/www.david-coin.com\\\/#website\",\"url\":\"https:\\\/\\\/www.david-coin.com\\\/\",\"name\":\"David Coin\",\"description\":\"\",\"publisher\":{\"@id\":\"https:\\\/\\\/www.david-coin.com\\\/#organization\"},\"potentialAction\":[{\"@type\":\"SearchAction\",\"target\":{\"@type\":\"EntryPoint\",\"urlTemplate\":\"https:\\\/\\\/www.david-coin.com\\\/?s={search_term_string}\"},\"query-input\":{\"@type\":\"PropertyValueSpecification\",\"valueRequired\":true,\"valueName\":\"search_term_string\"}}],\"inLanguage\":\"fr-FR\"},{\"@type\":\"Organization\",\"@id\":\"https:\\\/\\\/www.david-coin.com\\\/#organization\",\"name\":\"David Coin\",\"url\":\"https:\\\/\\\/www.david-coin.com\\\/\",\"logo\":{\"@type\":\"ImageObject\",\"inLanguage\":\"fr-FR\",\"@id\":\"https:\\\/\\\/www.david-coin.com\\\/#\\\/schema\\\/logo\\\/image\\\/\",\"url\":\"https:\\\/\\\/www.david-coin.com\\\/wp-content\\\/uploads\\\/2024\\\/04\\\/davidcoin-logo-final.png\",\"contentUrl\":\"https:\\\/\\\/www.david-coin.com\\\/wp-content\\\/uploads\\\/2024\\\/04\\\/davidcoin-logo-final.png\",\"width\":800,\"height\":267,\"caption\":\"David Coin\"},\"image\":{\"@id\":\"https:\\\/\\\/www.david-coin.com\\\/#\\\/schema\\\/logo\\\/image\\\/\"},\"sameAs\":[\"https:\\\/\\\/www.facebook.com\\\/Davidcoininkoopenverkoop\",\"https:\\\/\\\/www.youtube.com\\\/channel\\\/UC39lihLKFSPTff0w6tv0pWQ\"]}]}<\/script>\n<meta property=\"product:price:amount\" content=\"3248.99\" \/>\n<meta property=\"product:price:currency\" content=\"EUR\" \/>\n<meta property=\"og:availability\" content=\"instock\" \/>\n<meta property=\"product:availability\" content=\"instock\" \/>\n<meta property=\"product:retailer_item_id\" content=\"70011\" \/>\n<meta property=\"product:condition\" content=\"new\" \/>\n<!-- \/ Yoast SEO Premium plugin. -->","yoast_head_json":{"title":"Pays-Bas set 10 Gulden or 4 types","description":"4 verschillende gouden tientjes van Willem 3 en Wilhelmina. Bekijk nu ons volledige aanbod. Gratis verzending binnen Nederland vanaf 5.000 euro.","robots":{"index":"index","follow":"follow","max-snippet":"max-snippet:-1","max-image-preview":"max-image-preview:large","max-video-preview":"max-video-preview:-1"},"canonical":"https:\/\/www.david-coin.com\/fr\/produit\/nederland-10-gulden-goud-4-types\/","og_locale":"fr_FR","og_type":"article","og_title":"Nederland set 10 Gulden goud 4 types","og_description":"4 verschillende gouden tientjes van Willem 3 en Wilhelmina. Bekijk nu ons volledige aanbod. Gratis verzending binnen Nederland vanaf 5.000 euro.","og_url":"https:\/\/www.david-coin.com\/fr\/produit\/nederland-10-gulden-goud-4-types\/","og_site_name":"David Coin","article_publisher":"https:\/\/www.facebook.com\/Davidcoininkoopenverkoop","article_modified_time":"2026-04-19T09:20:24+00:00","og_image":[{"width":852,"height":852,"url":"https:\/\/www.david-coin.com\/wp-content\/uploads\/2025\/08\/gouden-tientjes-4x-2.jpg","type":"image\/jpeg"}],"twitter_card":"summary_large_image","twitter_misc":{"Prix":"&euro;&nbsp;3.248,99","Disponibilit\u00e9":"En stock"},"schema":{"@context":"https:\/\/schema.org","@graph":[{"@type":"WebPage","@id":"https:\/\/www.david-coin.com\/product\/nederland-10-gulden-goud-4-types\/","url":"https:\/\/www.david-coin.com\/product\/nederland-10-gulden-goud-4-types\/","name":"Pays-Bas set 10 Gulden or 4 types","isPartOf":{"@id":"https:\/\/www.david-coin.com\/#website"},"primaryImageOfPage":{"@id":"https:\/\/www.david-coin.com\/product\/nederland-10-gulden-goud-4-types\/#primaryimage"},"image":{"@id":"https:\/\/www.david-coin.com\/product\/nederland-10-gulden-goud-4-types\/#primaryimage"},"thumbnailUrl":"https:\/\/www.david-coin.com\/wp-content\/uploads\/2025\/08\/gouden-tientjes-4x-2.jpg","datePublished":"2025-08-28T14:54:03+00:00","dateModified":"2026-04-19T09:20:24+00:00","description":"4 verschillende gouden tientjes van Willem 3 en Wilhelmina. Bekijk nu ons volledige aanbod. Gratis verzending binnen Nederland vanaf 5.000 euro.","breadcrumb":{"@id":"https:\/\/www.david-coin.com\/product\/nederland-10-gulden-goud-4-types\/#breadcrumb"},"inLanguage":"fr-FR","potentialAction":[{"@type":"ReadAction","target":["https:\/\/www.david-coin.com\/product\/nederland-10-gulden-goud-4-types\/"]}]},{"@type":"ImageObject","inLanguage":"fr-FR","@id":"https:\/\/www.david-coin.com\/product\/nederland-10-gulden-goud-4-types\/#primaryimage","url":"https:\/\/www.david-coin.com\/wp-content\/uploads\/2025\/08\/gouden-tientjes-4x-2.jpg","contentUrl":"https:\/\/www.david-coin.com\/wp-content\/uploads\/2025\/08\/gouden-tientjes-4x-2.jpg","width":852,"height":852,"caption":"Nederland 10 Gulden goud 4 types"},{"@type":"BreadcrumbList","@id":"https:\/\/www.david-coin.com\/product\/nederland-10-gulden-goud-4-types\/#breadcrumb","itemListElement":[{"@type":"ListItem","position":1,"name":"Home","item":"https:\/\/www.david-coin.com\/"},{"@type":"ListItem","position":2,"name":"Winkel","item":"https:\/\/www.david-coin.com\/winkel\/"},{"@type":"ListItem","position":3,"name":"Nederland set 10 Gulden goud 4 types"}]},{"@type":"WebSite","@id":"https:\/\/www.david-coin.com\/#website","url":"https:\/\/www.david-coin.com\/","name":"David Coin","description":"","publisher":{"@id":"https:\/\/www.david-coin.com\/#organization"},"potentialAction":[{"@type":"SearchAction","target":{"@type":"EntryPoint","urlTemplate":"https:\/\/www.david-coin.com\/?s={search_term_string}"},"query-input":{"@type":"PropertyValueSpecification","valueRequired":true,"valueName":"search_term_string"}}],"inLanguage":"fr-FR"},{"@type":"Organization","@id":"https:\/\/www.david-coin.com\/#organization","name":"David Coin","url":"https:\/\/www.david-coin.com\/","logo":{"@type":"ImageObject","inLanguage":"fr-FR","@id":"https:\/\/www.david-coin.com\/#\/schema\/logo\/image\/","url":"https:\/\/www.david-coin.com\/wp-content\/uploads\/2024\/04\/davidcoin-logo-final.png","contentUrl":"https:\/\/www.david-coin.com\/wp-content\/uploads\/2024\/04\/davidcoin-logo-final.png","width":800,"height":267,"caption":"David Coin"},"image":{"@id":"https:\/\/www.david-coin.com\/#\/schema\/logo\/image\/"},"sameAs":["https:\/\/www.facebook.com\/Davidcoininkoopenverkoop","https:\/\/www.youtube.com\/channel\/UC39lihLKFSPTff0w6tv0pWQ"]}]},"product_price_amount":"3248.99","product_price_currency":"EUR","og_availability":"instock","product_availability":"instock","product_retailer_item_id":"70011","product_condition":"new"},"_links":{"self":[{"href":"https:\/\/www.david-coin.com\/fr\/wp-json\/wp\/v2\/product\/152824","targetHints":{"allow":["GET"]}}],"collection":[{"href":"https:\/\/www.david-coin.com\/fr\/wp-json\/wp\/v2\/product"}],"about":[{"href":"https:\/\/www.david-coin.com\/fr\/wp-json\/wp\/v2\/types\/product"}],"replies":[{"embeddable":true,"href":"https:\/\/www.david-coin.com\/fr\/wp-json\/wp\/v2\/comments?post=152824"}],"wp:featuredmedia":[{"embeddable":true,"href":"https:\/\/www.david-coin.com\/fr\/wp-json\/wp\/v2\/media\/152826"}],"wp:attachment":[{"href":"https:\/\/www.david-coin.com\/fr\/wp-json\/wp\/v2\/media?parent=152824"}],"wp:term":[{"taxonomy":"product_brand","embeddable":true,"href":"https:\/\/www.david-coin.com\/fr\/wp-json\/wp\/v2\/product_brand?post=152824"},{"taxonomy":"product_cat","embeddable":true,"href":"https:\/\/www.david-coin.com\/fr\/wp-json\/wp\/v2\/product_cat?post=152824"},{"taxonomy":"product_tag","embeddable":true,"href":"https:\/\/www.david-coin.com\/fr\/wp-json\/wp\/v2\/product_tag?post=152824"}],"curies":[{"name":"wp","href":"https:\/\/api.w.org\/{rel}","templated":true}]}}