{"id":152805,"date":"2025-09-19T18:08:32","date_gmt":"2025-09-19T16:08:32","guid":{"rendered":"https:\/\/www.david-coin.com\/?post_type=product&#038;p=152805"},"modified":"2026-01-27T17:37:25","modified_gmt":"2026-01-27T16:37:25","slug":"nederland-muntbiljet-25-gulden-wilhelmina-1943-specimen-pmg-66-epq","status":"publish","type":"product","link":"https:\/\/www.david-coin.com\/fr\/produit\/nederland-muntbiljet-25-gulden-wilhelmina-1943-specimen-pmg-66-epq\/","title":{"rendered":"Billets de banque n\u00e9erlandais 25 florins Wilhelmina 1943 \"SPECIMEN\" PMG 66 EPQ"},"content":{"rendered":"<div class=\"elementor-column elementor-col-50 elementor-top-column elementor-element elementor-element-91b6f8e\" data-id=\"91b6f8e\" data-element_type=\"column\">\n<div class=\"elementor-widget-wrap elementor-element-populated\">\n<div class=\"elementor-element elementor-element-fb54e5f elementor-widget elementor-widget-woocommerce-product-data-tabs\" data-id=\"fb54e5f\" data-element_type=\"widget\" data-widget_type=\"woocommerce-product-data-tabs.default\">\n<div class=\"elementor-widget-container\">\n<div class=\"woocommerce-tabs wc-tabs-wrapper\">\n<div id=\"tab-description\" class=\"woocommerce-Tabs-panel woocommerce-Tabs-panel--description panel entry-content wc-tab\" role=\"tabpanel\" aria-labelledby=\"tab-title-description\">\n<p><strong>Pays-Bas 25 florins 1943 <\/strong><strong>Wilhelmina\u00a0 <\/strong><strong>Specimen PMG 66 EPQ<\/strong><\/p>\n<p>Choisir : P67s<br \/>\nNvmh : 79<br \/>\nPlomp: PL64.s2.a<\/p>\n<p><strong>Sur la qualit\u00e9<\/strong><br \/>\nDe grading van PMG 66 EPQ is gelijk aan de kwaliteit UNC en het biljet is dus volledig ongecirculeerd. Het biljet bevat geen vouwen, geen scheuren of kreukels en geen gaatjes.<\/p>\n<p><strong>Nederland 25 gulden 1943 Wilhelmina <\/strong><\/p>\n<p>Pendant la Seconde Guerre mondiale, les Alli\u00e9s se pr\u00e9paraient d\u00e9j\u00e0 en 1943 \u00e0 l'invasion qui devait avoir lieu en 1944. Le billet de vingt-cinq florins sur lequel figure la reine Wilhelmine fait donc partie d'un pan particulier de l'histoire des Pays-Bas. Lors de la lib\u00e9ration des territoires, les soldats devaient \u00e9galement recevoir de l'argent \u00e0 d\u00e9penser dans les zones lib\u00e9r\u00e9es, car il \u00e9tait difficile de d\u00e9penser de l'argent \u00e9tranger dans des zones o\u00f9 le taux de cet argent n'\u00e9tait pas connu et o\u00f9 de nombreux habitants ne connaissaient pas l'argent et n'\u00e9taient pas susceptibles de l'accepter. Le minist\u00e8re des Finances d\u00e9cida donc d'imprimer des florins n\u00e9erlandais aux \u00c9tats-Unis, et ces billets de monnaie portaient donc l'image de la reine Wilhelmine au recto. Le billet de vingt-cinq florins \u00e9tait sign\u00e9 par Johannes van den Broek (ministre des Finances). Outre le billet de vingt-cinq florins, les billets suivants accompagnaient \u00e9galement la s\u00e9rie imprim\u00e9e aux \u00c9tats-Unis :<br \/>\n-\u00a0<a href=\"https:\/\/www.david-coin.com\/fr\/categorie-produit\/nederlandse-munten\/wilhelmina-1890-1948\/\">Wilhelmina<\/a><br \/>\n-\u00a0<a href=\"https:\/\/www.david-coin.com\/fr\/produit\/nederland-1-gulden-1943-wilhelmina-1-1701\/\">Billet d'un florin Wilhelmina 1943 ;<\/a><br \/>\n-\u00a0<a href=\"https:\/\/www.david-coin.com\/fr\/produit\/nederland-25-gulden-1943-wilhelmina-pmg64-epq\/\">Billet de deux florins et demi 1943<\/a><br \/>\n-\u00a0<a href=\"https:\/\/www.david-coin.com\/fr\/produit\/nederland-10-gulden-1943-wilhelmina-1\/\">Billet de dix florins 1943 ;<\/a><br \/>\n-\u00a0<a href=\"https:\/\/www.david-coin.com\/fr\/produit\/nederland-50-gulden-1943-wilhelmina\/\">Billet de cinq florins 1943<\/a><br \/>\n-\u00a0<a href=\"https:\/\/www.david-coin.com\/fr\/produit\/nederland-100-gulden-1943-wilhelmina-pmg64\/\">Billet de cent florins 1943<\/a><br \/>\nComme les billets de 1943 avaient d\u00e9j\u00e0 \u00e9t\u00e9 \u00e9mis avant la lib\u00e9ration des Pays-Bas septentrionaux, certains d'entre eux se sont retrouv\u00e9s dans le circuit de l'argent noir du territoire occup\u00e9, raison pour laquelle la s\u00e9rie a \u00e9t\u00e9 retir\u00e9e de la circulation lors de la purge mon\u00e9taire de 1945.<\/p>\n<p><strong>Sp\u00e9cimens de billets Pays-Bas<\/strong><br \/>\nLes sp\u00e9cimens de billets sont des billets authentiques qui ont \u00e9t\u00e9 invalid\u00e9s au cours du processus d'impression. Il y a souvent plusieurs raisons \u00e0 cela. Les sp\u00e9cimens de billets \u00e9taient souvent envoy\u00e9s sous forme d'\u00e9chantillons \u00e0 diff\u00e9rentes banques afin que le personnel puisse voir \u00e0 quoi ressemblaient les nouveaux billets et quels \u00e9taient les signes de s\u00e9curit\u00e9. Les sp\u00e9cimens de billets \u00e9taient \u00e9galement souvent utilis\u00e9s comme billets d'essai afin que le client puisse informer l'imprimerie de la qualit\u00e9 du billet et de la possibilit\u00e9 de l'imprimer en plus grand nombre.<br \/>\n\u00c9tant donn\u00e9 que le nombre de notes de sp\u00e9cimen accompagnant un dessin ou mod\u00e8le est souvent beaucoup plus faible que les notes r\u00e9guli\u00e8res du dessin ou mod\u00e8le, les diff\u00e9rents types de notes de sp\u00e9cimen ne figurent pas dans tous les catalogues. \u00c0 l'exception du\u00a0<a href=\"https:\/\/www.david-coin.com\/fr\/produit\/nederland-25-gulden-1943-wilhelmina-specimen-pmg-65-epq\/%E2%80%9Dhttps:\/\/www.david-coin.com\/produit\/catalogus-nederlands-papiergeld-1573-2002\/%E2%80%9D\/\">Catalogue Plomp<\/a>qui d\u00e9crit presque tous les sp\u00e9cimens de billets des Pays-Bas. Comme les sp\u00e9cimens de billets n'\u00e9taient pas destin\u00e9s \u00e0 la circulation, ils \u00e9taient finalement renvoy\u00e9s \u00e0 l'imprimeur ou d\u00e9truits, et il n'en reste aujourd'hui qu'une petite partie.<\/p>\n<p>Voir les scans pour plus de d\u00e9tails.<br \/>\nPour toute question, n'h\u00e9sitez pas \u00e0 nous envoyer un message.<\/p>\n<\/div>\n<\/div>\n<\/div>\n<\/div>\n<\/div>\n<\/div>\n<div class=\"elementor-column elementor-col-50 elementor-top-column elementor-element elementor-element-3157629\" data-id=\"3157629\" data-element_type=\"column\">\n<div class=\"elementor-widget-wrap elementor-element-populated\">\n<div class=\"elementor-element elementor-element-6a5ef7f products-heading-show elementor-grid-3 elementor-grid-tablet-3 elementor-grid-mobile-2 elementor-products-grid elementor-wc-products elementor-widget elementor-widget-woocommerce-products\" data-id=\"6a5ef7f\" data-element_type=\"widget\" data-widget_type=\"woocommerce-products.default\">\n<div class=\"elementor-widget-container\"><\/div>\n<\/div>\n<\/div>\n<\/div>","protected":false},"excerpt":{"rendered":"<p>Choisir : P67s<br \/>\nNvmh : 79<br \/>\nPlomp: PL64.s2.a<\/p>\n<p>&nbsp;<\/p>","protected":false},"featured_media":152947,"comment_status":"closed","ping_status":"closed","template":"","meta":[],"product_brand":[],"product_cat":[5493,5472],"product_tag":[],"class_list":{"0":"post-152805","1":"product","2":"type-product","3":"status-publish","4":"has-post-thumbnail","6":"product_cat-25-gulden-biljet","7":"product_cat-nederlandse-bankbiljetten","8":"pa_bankbiljetwaarde-25gulden","9":"pa_kwaliteit-unc","10":"pa_soort-pmgnotes","11":"pa_soort-specimen","13":"first","14":"instock","15":"taxable","16":"shipping-taxable","17":"purchasable","18":"product-type-simple"},"yoast_head":"<!-- This site is optimized with the Yoast SEO Premium plugin v27.2 (Yoast SEO v27.4) - https:\/\/yoast.com\/product\/yoast-seo-premium-wordpress\/ -->\n<title>Nederland muntbiljet 25 gulden Wilhelmina 1943 &#039;SPECIMEN&#039; PMG 66 EPQ<\/title>\n<meta name=\"description\" content=\"Specimen biljetten Nederland kopen? Bekijk ons complete aanbod van 1 gulden t\/m 1000 gulden. Ruim assortiment Nederlands papiergeld.\" \/>\n<meta name=\"robots\" content=\"index, follow, max-snippet:-1, max-image-preview:large, max-video-preview:-1\" \/>\n<link rel=\"canonical\" href=\"https:\/\/www.david-coin.com\/fr\/produit\/nederland-muntbiljet-25-gulden-wilhelmina-1943-specimen-pmg-66-epq\/\" \/>\n<meta property=\"og:locale\" content=\"fr_FR\" \/>\n<meta property=\"og:type\" content=\"article\" \/>\n<meta property=\"og:title\" content=\"Nederland muntbiljet 25 gulden Wilhelmina 1943 &#039;SPECIMEN&#039; PMG 66 EPQ\" \/>\n<meta property=\"og:description\" content=\"Specimen biljetten Nederland kopen? Bekijk ons complete aanbod van 1 gulden t\/m 1000 gulden. Ruim assortiment Nederlands papiergeld.\" \/>\n<meta property=\"og:url\" content=\"https:\/\/www.david-coin.com\/fr\/produit\/nederland-muntbiljet-25-gulden-wilhelmina-1943-specimen-pmg-66-epq\/\" \/>\n<meta property=\"og:site_name\" content=\"David Coin\" \/>\n<meta property=\"article:publisher\" content=\"https:\/\/www.facebook.com\/Davidcoininkoopenverkoop\" \/>\n<meta property=\"article:modified_time\" content=\"2026-01-27T16:37:25+00:00\" \/>\n<meta property=\"og:image\" content=\"https:\/\/www.david-coin.com\/wp-content\/uploads\/2025\/08\/Nederland-25gulden-1943-vz-pmg66.jpg\" \/>\n\t<meta property=\"og:image:width\" content=\"967\" \/>\n\t<meta property=\"og:image:height\" content=\"626\" \/>\n\t<meta property=\"og:image:type\" content=\"image\/jpeg\" \/>\n<meta name=\"twitter:card\" content=\"summary_large_image\" \/>\n<meta name=\"twitter:label1\" content=\"Prix\" \/>\n\t<meta name=\"twitter:data1\" content=\"&euro;&nbsp;550,00\" \/>\n\t<meta name=\"twitter:label2\" content=\"Disponibilit\u00e9\" \/>\n\t<meta name=\"twitter:data2\" content=\"En stock\" \/>\n<script type=\"application\/ld+json\" class=\"yoast-schema-graph\">{\"@context\":\"https:\\\/\\\/schema.org\",\"@graph\":[{\"@type\":\"WebPage\",\"@id\":\"https:\\\/\\\/www.david-coin.com\\\/product\\\/nederland-muntbiljet-25-gulden-wilhelmina-1943-specimen-pmg-66-epq\\\/\",\"url\":\"https:\\\/\\\/www.david-coin.com\\\/product\\\/nederland-muntbiljet-25-gulden-wilhelmina-1943-specimen-pmg-66-epq\\\/\",\"name\":\"Nederland muntbiljet 25 gulden Wilhelmina 1943 'SPECIMEN' PMG 66 EPQ\",\"isPartOf\":{\"@id\":\"https:\\\/\\\/www.david-coin.com\\\/#website\"},\"primaryImageOfPage\":{\"@id\":\"https:\\\/\\\/www.david-coin.com\\\/product\\\/nederland-muntbiljet-25-gulden-wilhelmina-1943-specimen-pmg-66-epq\\\/#primaryimage\"},\"image\":{\"@id\":\"https:\\\/\\\/www.david-coin.com\\\/product\\\/nederland-muntbiljet-25-gulden-wilhelmina-1943-specimen-pmg-66-epq\\\/#primaryimage\"},\"thumbnailUrl\":\"https:\\\/\\\/www.david-coin.com\\\/wp-content\\\/uploads\\\/2025\\\/08\\\/Nederland-25gulden-1943-vz-pmg66.jpg\",\"datePublished\":\"2025-09-19T16:08:32+00:00\",\"dateModified\":\"2026-01-27T16:37:25+00:00\",\"description\":\"Specimen biljetten Nederland kopen? Bekijk ons complete aanbod van 1 gulden t\\\/m 1000 gulden. Ruim assortiment Nederlands papiergeld.\",\"breadcrumb\":{\"@id\":\"https:\\\/\\\/www.david-coin.com\\\/product\\\/nederland-muntbiljet-25-gulden-wilhelmina-1943-specimen-pmg-66-epq\\\/#breadcrumb\"},\"inLanguage\":\"fr-FR\",\"potentialAction\":[{\"@type\":\"ReadAction\",\"target\":[\"https:\\\/\\\/www.david-coin.com\\\/product\\\/nederland-muntbiljet-25-gulden-wilhelmina-1943-specimen-pmg-66-epq\\\/\"]}]},{\"@type\":\"ImageObject\",\"inLanguage\":\"fr-FR\",\"@id\":\"https:\\\/\\\/www.david-coin.com\\\/product\\\/nederland-muntbiljet-25-gulden-wilhelmina-1943-specimen-pmg-66-epq\\\/#primaryimage\",\"url\":\"https:\\\/\\\/www.david-coin.com\\\/wp-content\\\/uploads\\\/2025\\\/08\\\/Nederland-25gulden-1943-vz-pmg66.jpg\",\"contentUrl\":\"https:\\\/\\\/www.david-coin.com\\\/wp-content\\\/uploads\\\/2025\\\/08\\\/Nederland-25gulden-1943-vz-pmg66.jpg\",\"width\":967,\"height\":626},{\"@type\":\"BreadcrumbList\",\"@id\":\"https:\\\/\\\/www.david-coin.com\\\/product\\\/nederland-muntbiljet-25-gulden-wilhelmina-1943-specimen-pmg-66-epq\\\/#breadcrumb\",\"itemListElement\":[{\"@type\":\"ListItem\",\"position\":1,\"name\":\"Home\",\"item\":\"https:\\\/\\\/www.david-coin.com\\\/\"},{\"@type\":\"ListItem\",\"position\":2,\"name\":\"Winkel\",\"item\":\"https:\\\/\\\/www.david-coin.com\\\/winkel\\\/\"},{\"@type\":\"ListItem\",\"position\":3,\"name\":\"Nederland muntbiljet 25 gulden Wilhelmina 1943 &#8216;SPECIMEN&#8217; PMG 66 EPQ\"}]},{\"@type\":\"WebSite\",\"@id\":\"https:\\\/\\\/www.david-coin.com\\\/#website\",\"url\":\"https:\\\/\\\/www.david-coin.com\\\/\",\"name\":\"David Coin\",\"description\":\"\",\"publisher\":{\"@id\":\"https:\\\/\\\/www.david-coin.com\\\/#organization\"},\"potentialAction\":[{\"@type\":\"SearchAction\",\"target\":{\"@type\":\"EntryPoint\",\"urlTemplate\":\"https:\\\/\\\/www.david-coin.com\\\/?s={search_term_string}\"},\"query-input\":{\"@type\":\"PropertyValueSpecification\",\"valueRequired\":true,\"valueName\":\"search_term_string\"}}],\"inLanguage\":\"fr-FR\"},{\"@type\":\"Organization\",\"@id\":\"https:\\\/\\\/www.david-coin.com\\\/#organization\",\"name\":\"David Coin\",\"url\":\"https:\\\/\\\/www.david-coin.com\\\/\",\"logo\":{\"@type\":\"ImageObject\",\"inLanguage\":\"fr-FR\",\"@id\":\"https:\\\/\\\/www.david-coin.com\\\/#\\\/schema\\\/logo\\\/image\\\/\",\"url\":\"https:\\\/\\\/www.david-coin.com\\\/wp-content\\\/uploads\\\/2024\\\/04\\\/davidcoin-logo-final.png\",\"contentUrl\":\"https:\\\/\\\/www.david-coin.com\\\/wp-content\\\/uploads\\\/2024\\\/04\\\/davidcoin-logo-final.png\",\"width\":800,\"height\":267,\"caption\":\"David Coin\"},\"image\":{\"@id\":\"https:\\\/\\\/www.david-coin.com\\\/#\\\/schema\\\/logo\\\/image\\\/\"},\"sameAs\":[\"https:\\\/\\\/www.facebook.com\\\/Davidcoininkoopenverkoop\",\"https:\\\/\\\/www.youtube.com\\\/channel\\\/UC39lihLKFSPTff0w6tv0pWQ\"]}]}<\/script>\n<meta property=\"product:price:amount\" content=\"550.00\" \/>\n<meta property=\"product:price:currency\" content=\"EUR\" \/>\n<meta property=\"og:availability\" content=\"instock\" \/>\n<meta property=\"product:availability\" content=\"instock\" \/>\n<meta property=\"product:retailer_item_id\" content=\"2949\" \/>\n<meta property=\"product:condition\" content=\"new\" \/>\n<!-- \/ Yoast SEO Premium plugin. -->","yoast_head_json":{"title":"Nederland muntbiljet 25 gulden Wilhelmina 1943 'SPECIMEN' PMG 66 EPQ","description":"Specimen biljetten Nederland kopen? Bekijk ons complete aanbod van 1 gulden t\/m 1000 gulden. Ruim assortiment Nederlands papiergeld.","robots":{"index":"index","follow":"follow","max-snippet":"max-snippet:-1","max-image-preview":"max-image-preview:large","max-video-preview":"max-video-preview:-1"},"canonical":"https:\/\/www.david-coin.com\/fr\/produit\/nederland-muntbiljet-25-gulden-wilhelmina-1943-specimen-pmg-66-epq\/","og_locale":"fr_FR","og_type":"article","og_title":"Nederland muntbiljet 25 gulden Wilhelmina 1943 'SPECIMEN' PMG 66 EPQ","og_description":"Specimen biljetten Nederland kopen? Bekijk ons complete aanbod van 1 gulden t\/m 1000 gulden. Ruim assortiment Nederlands papiergeld.","og_url":"https:\/\/www.david-coin.com\/fr\/produit\/nederland-muntbiljet-25-gulden-wilhelmina-1943-specimen-pmg-66-epq\/","og_site_name":"David Coin","article_publisher":"https:\/\/www.facebook.com\/Davidcoininkoopenverkoop","article_modified_time":"2026-01-27T16:37:25+00:00","og_image":[{"width":967,"height":626,"url":"https:\/\/www.david-coin.com\/wp-content\/uploads\/2025\/08\/Nederland-25gulden-1943-vz-pmg66.jpg","type":"image\/jpeg"}],"twitter_card":"summary_large_image","twitter_misc":{"Prix":"&euro;&nbsp;550,00","Disponibilit\u00e9":"En stock"},"schema":{"@context":"https:\/\/schema.org","@graph":[{"@type":"WebPage","@id":"https:\/\/www.david-coin.com\/product\/nederland-muntbiljet-25-gulden-wilhelmina-1943-specimen-pmg-66-epq\/","url":"https:\/\/www.david-coin.com\/product\/nederland-muntbiljet-25-gulden-wilhelmina-1943-specimen-pmg-66-epq\/","name":"Nederland muntbiljet 25 gulden Wilhelmina 1943 'SPECIMEN' PMG 66 EPQ","isPartOf":{"@id":"https:\/\/www.david-coin.com\/#website"},"primaryImageOfPage":{"@id":"https:\/\/www.david-coin.com\/product\/nederland-muntbiljet-25-gulden-wilhelmina-1943-specimen-pmg-66-epq\/#primaryimage"},"image":{"@id":"https:\/\/www.david-coin.com\/product\/nederland-muntbiljet-25-gulden-wilhelmina-1943-specimen-pmg-66-epq\/#primaryimage"},"thumbnailUrl":"https:\/\/www.david-coin.com\/wp-content\/uploads\/2025\/08\/Nederland-25gulden-1943-vz-pmg66.jpg","datePublished":"2025-09-19T16:08:32+00:00","dateModified":"2026-01-27T16:37:25+00:00","description":"Specimen biljetten Nederland kopen? Bekijk ons complete aanbod van 1 gulden t\/m 1000 gulden. Ruim assortiment Nederlands papiergeld.","breadcrumb":{"@id":"https:\/\/www.david-coin.com\/product\/nederland-muntbiljet-25-gulden-wilhelmina-1943-specimen-pmg-66-epq\/#breadcrumb"},"inLanguage":"fr-FR","potentialAction":[{"@type":"ReadAction","target":["https:\/\/www.david-coin.com\/product\/nederland-muntbiljet-25-gulden-wilhelmina-1943-specimen-pmg-66-epq\/"]}]},{"@type":"ImageObject","inLanguage":"fr-FR","@id":"https:\/\/www.david-coin.com\/product\/nederland-muntbiljet-25-gulden-wilhelmina-1943-specimen-pmg-66-epq\/#primaryimage","url":"https:\/\/www.david-coin.com\/wp-content\/uploads\/2025\/08\/Nederland-25gulden-1943-vz-pmg66.jpg","contentUrl":"https:\/\/www.david-coin.com\/wp-content\/uploads\/2025\/08\/Nederland-25gulden-1943-vz-pmg66.jpg","width":967,"height":626},{"@type":"BreadcrumbList","@id":"https:\/\/www.david-coin.com\/product\/nederland-muntbiljet-25-gulden-wilhelmina-1943-specimen-pmg-66-epq\/#breadcrumb","itemListElement":[{"@type":"ListItem","position":1,"name":"Home","item":"https:\/\/www.david-coin.com\/"},{"@type":"ListItem","position":2,"name":"Winkel","item":"https:\/\/www.david-coin.com\/winkel\/"},{"@type":"ListItem","position":3,"name":"Nederland muntbiljet 25 gulden Wilhelmina 1943 &#8216;SPECIMEN&#8217; PMG 66 EPQ"}]},{"@type":"WebSite","@id":"https:\/\/www.david-coin.com\/#website","url":"https:\/\/www.david-coin.com\/","name":"David Coin","description":"","publisher":{"@id":"https:\/\/www.david-coin.com\/#organization"},"potentialAction":[{"@type":"SearchAction","target":{"@type":"EntryPoint","urlTemplate":"https:\/\/www.david-coin.com\/?s={search_term_string}"},"query-input":{"@type":"PropertyValueSpecification","valueRequired":true,"valueName":"search_term_string"}}],"inLanguage":"fr-FR"},{"@type":"Organization","@id":"https:\/\/www.david-coin.com\/#organization","name":"David Coin","url":"https:\/\/www.david-coin.com\/","logo":{"@type":"ImageObject","inLanguage":"fr-FR","@id":"https:\/\/www.david-coin.com\/#\/schema\/logo\/image\/","url":"https:\/\/www.david-coin.com\/wp-content\/uploads\/2024\/04\/davidcoin-logo-final.png","contentUrl":"https:\/\/www.david-coin.com\/wp-content\/uploads\/2024\/04\/davidcoin-logo-final.png","width":800,"height":267,"caption":"David Coin"},"image":{"@id":"https:\/\/www.david-coin.com\/#\/schema\/logo\/image\/"},"sameAs":["https:\/\/www.facebook.com\/Davidcoininkoopenverkoop","https:\/\/www.youtube.com\/channel\/UC39lihLKFSPTff0w6tv0pWQ"]}]},"product_price_amount":"550.00","product_price_currency":"EUR","og_availability":"instock","product_availability":"instock","product_retailer_item_id":"2949","product_condition":"new"},"_links":{"self":[{"href":"https:\/\/www.david-coin.com\/fr\/wp-json\/wp\/v2\/product\/152805","targetHints":{"allow":["GET"]}}],"collection":[{"href":"https:\/\/www.david-coin.com\/fr\/wp-json\/wp\/v2\/product"}],"about":[{"href":"https:\/\/www.david-coin.com\/fr\/wp-json\/wp\/v2\/types\/product"}],"replies":[{"embeddable":true,"href":"https:\/\/www.david-coin.com\/fr\/wp-json\/wp\/v2\/comments?post=152805"}],"wp:featuredmedia":[{"embeddable":true,"href":"https:\/\/www.david-coin.com\/fr\/wp-json\/wp\/v2\/media\/152947"}],"wp:attachment":[{"href":"https:\/\/www.david-coin.com\/fr\/wp-json\/wp\/v2\/media?parent=152805"}],"wp:term":[{"taxonomy":"product_brand","embeddable":true,"href":"https:\/\/www.david-coin.com\/fr\/wp-json\/wp\/v2\/product_brand?post=152805"},{"taxonomy":"product_cat","embeddable":true,"href":"https:\/\/www.david-coin.com\/fr\/wp-json\/wp\/v2\/product_cat?post=152805"},{"taxonomy":"product_tag","embeddable":true,"href":"https:\/\/www.david-coin.com\/fr\/wp-json\/wp\/v2\/product_tag?post=152805"}],"curies":[{"name":"wp","href":"https:\/\/api.w.org\/{rel}","templated":true}]}}