{"id":151426,"date":"2025-07-16T10:00:00","date_gmt":"2025-07-16T08:00:00","guid":{"rendered":"https:\/\/www.david-coin.com\/?post_type=product&#038;p=151426"},"modified":"2026-03-30T22:40:49","modified_gmt":"2026-03-30T20:40:49","slug":"nederland-25-gulden-1955-huygens-3","status":"publish","type":"product","link":"https:\/\/www.david-coin.com\/fr\/produit\/nederland-25-gulden-1955-huygens-3\/","title":{"rendered":"Pays-Bas 25 florins 1955 Huygens"},"content":{"rendered":"<p>Pays-Bas 25 florins 1955 Huygens <br \/> NVMH : 83-1a <br \/>Plomp PL68<\/p>\n<p>Le <a href=\"https:\/\/www.david-coin.com\/fr\/categorie-produit\/nederlandse-bankbiljetten\/25-gulden-biljet\/?jsf=jet-woo-products-grid&#038;pagenum=3\">vingt-cinq florins<\/a> \u00e0 l'effigie de Christiaan Huygens fait partie de la s\u00e9rie de billets con\u00e7ue par Eppo Doeve dans les ann\u00e9es 1950 en tant que premi\u00e8re s\u00e9rie officielle h\u00e9rit\u00e9e du pass\u00e9. L'avers repr\u00e9sente l'astronome Christiaan Huygens et l'arri\u00e8re-plan montre une image de sa maison de campagne (Hofwijck) \u00e0 Voorburg. Quelques motifs guilloch\u00e9s sont visibles sur le huiti\u00e8me c\u00f4t\u00e9, et les signatures sur le billet sont celles du pr\u00e9sident du DNB, Holtrop, et du secr\u00e9taire du DNB, de Jong. Outre le billet de vingt-cinq florins de Huygens, les billets suivants font \u00e9galement partie de la s\u00e9rie de billets h\u00e9rit\u00e9s des ann\u00e9es 1950 :<br \/>\n1.\t<a href=\"https:\/\/www.david-coin.com\/fr\/produit\/nederland-10-gulden-1953-hugo-de-groot\/\">10 florins Hugo de Groot<\/a><br \/>\n2.\t<a href=\"https:\/\/www.david-coin.com\/fr\/produit\/nederland-20-gulden-1955-boerhaave-2\/\">20 florins Boerhave<\/a><br \/>\n3.\t<a href=\"https:\/\/www.david-coin.com\/fr\/produit\/nederland-100-gulden-1953-erasmus\/\">100 florins Erasmus ;<\/a><br \/>\n4.\t<a href=\"https:\/\/www.david-coin.com\/fr\/produit\/nederland-1-000-gulden-1946-rembrandt-2\/\">1000 florins Rembrandt<\/a><br \/>\nLe billet de vingt-cinq florins de Huygens a finalement \u00e9t\u00e9 retir\u00e9 de la circulation en 1978. <\/p>\n<p>\nVoir les scans pour plus de d\u00e9tails. <br \/>\nPour toute question, n'h\u00e9sitez pas \u00e0 nous envoyer un message.<\/p>\n<p>&nbsp;<\/p>","protected":false},"excerpt":{"rendered":"<p>NVMH : 83-1a<\/p>","protected":false},"featured_media":151216,"comment_status":"closed","ping_status":"open","template":"","meta":[],"product_brand":[],"product_cat":[5493,5472],"product_tag":[],"class_list":{"0":"post-151426","1":"product","2":"type-product","3":"status-publish","4":"has-post-thumbnail","6":"product_cat-25-gulden-biljet","7":"product_cat-nederlandse-bankbiljetten","8":"pa_bankbiljetwaarde-25gulden","9":"pa_delcampeid-5281","10":"pa_kwaliteit-zeer-fraai","11":"pa_land-nederland","13":"first","14":"outofstock","15":"purchasable","16":"product-type-simple"},"yoast_head":"<!-- This site is optimized with the Yoast SEO Premium plugin v27.2 (Yoast SEO v27.4) - https:\/\/yoast.com\/product\/yoast-seo-premium-wordpress\/ -->\n<title>Nederland 25 Gulden 1955 Huygens<\/title>\n<meta name=\"description\" content=\"Nederlandse guldenbiljetten kopen? Bekijk ons ruime aanbod bankbiljetten en munten, ook met PMG-grading. Gratis verzending vanaf 75 euro binnen Nederland.\" \/>\n<meta name=\"robots\" content=\"index, follow, max-snippet:-1, max-image-preview:large, max-video-preview:-1\" \/>\n<link rel=\"canonical\" href=\"https:\/\/www.david-coin.com\/fr\/produit\/nederland-25-gulden-1955-huygens-3\/\" \/>\n<meta property=\"og:locale\" content=\"fr_FR\" \/>\n<meta property=\"og:type\" content=\"article\" \/>\n<meta property=\"og:title\" content=\"Nederland 25 Gulden 1955 Huygens\" \/>\n<meta property=\"og:description\" content=\"Nederlandse guldenbiljetten kopen? Bekijk ons ruime aanbod bankbiljetten en munten, ook met PMG-grading. Gratis verzending vanaf 75 euro binnen Nederland.\" \/>\n<meta property=\"og:url\" content=\"https:\/\/www.david-coin.com\/fr\/produit\/nederland-25-gulden-1955-huygens-3\/\" \/>\n<meta property=\"og:site_name\" content=\"David Coin\" \/>\n<meta property=\"article:publisher\" content=\"https:\/\/www.facebook.com\/Davidcoininkoopenverkoop\" \/>\n<meta property=\"article:modified_time\" content=\"2026-03-30T20:40:49+00:00\" \/>\n<meta property=\"og:image\" content=\"https:\/\/www.david-coin.com\/wp-content\/uploads\/2025\/07\/nederland-25gulden-1955-vz.jpg\" \/>\n\t<meta property=\"og:image:width\" content=\"500\" \/>\n\t<meta property=\"og:image:height\" content=\"288\" \/>\n\t<meta property=\"og:image:type\" content=\"image\/jpeg\" \/>\n<meta name=\"twitter:card\" content=\"summary_large_image\" \/>\n<meta name=\"twitter:label1\" content=\"Prix\" \/>\n\t<meta name=\"twitter:data1\" content=\"&euro;&nbsp;34,95\" \/>\n\t<meta name=\"twitter:label2\" content=\"Disponibilit\u00e9\" \/>\n\t<meta name=\"twitter:data2\" content=\"Rupture de stock\" \/>\n<script type=\"application\/ld+json\" class=\"yoast-schema-graph\">{\"@context\":\"https:\\\/\\\/schema.org\",\"@graph\":[{\"@type\":\"WebPage\",\"@id\":\"https:\\\/\\\/www.david-coin.com\\\/product\\\/nederland-25-gulden-1955-huygens-3\\\/\",\"url\":\"https:\\\/\\\/www.david-coin.com\\\/product\\\/nederland-25-gulden-1955-huygens-3\\\/\",\"name\":\"Nederland 25 Gulden 1955 Huygens\",\"isPartOf\":{\"@id\":\"https:\\\/\\\/www.david-coin.com\\\/#website\"},\"primaryImageOfPage\":{\"@id\":\"https:\\\/\\\/www.david-coin.com\\\/product\\\/nederland-25-gulden-1955-huygens-3\\\/#primaryimage\"},\"image\":{\"@id\":\"https:\\\/\\\/www.david-coin.com\\\/product\\\/nederland-25-gulden-1955-huygens-3\\\/#primaryimage\"},\"thumbnailUrl\":\"https:\\\/\\\/www.david-coin.com\\\/wp-content\\\/uploads\\\/2025\\\/07\\\/nederland-25gulden-1955-vz.jpg\",\"datePublished\":\"2025-07-16T08:00:00+00:00\",\"dateModified\":\"2026-03-30T20:40:49+00:00\",\"description\":\"Nederlandse guldenbiljetten kopen? Bekijk ons ruime aanbod bankbiljetten en munten, ook met PMG-grading. Gratis verzending vanaf 75 euro binnen Nederland.\",\"breadcrumb\":{\"@id\":\"https:\\\/\\\/www.david-coin.com\\\/product\\\/nederland-25-gulden-1955-huygens-3\\\/#breadcrumb\"},\"inLanguage\":\"fr-FR\",\"potentialAction\":[{\"@type\":\"ReadAction\",\"target\":[\"https:\\\/\\\/www.david-coin.com\\\/product\\\/nederland-25-gulden-1955-huygens-3\\\/\"]}]},{\"@type\":\"ImageObject\",\"inLanguage\":\"fr-FR\",\"@id\":\"https:\\\/\\\/www.david-coin.com\\\/product\\\/nederland-25-gulden-1955-huygens-3\\\/#primaryimage\",\"url\":\"https:\\\/\\\/www.david-coin.com\\\/wp-content\\\/uploads\\\/2025\\\/07\\\/nederland-25gulden-1955-vz.jpg\",\"contentUrl\":\"https:\\\/\\\/www.david-coin.com\\\/wp-content\\\/uploads\\\/2025\\\/07\\\/nederland-25gulden-1955-vz.jpg\",\"width\":500,\"height\":288,\"caption\":\"Nederland 25 Gulden 1955 Huygens\"},{\"@type\":\"BreadcrumbList\",\"@id\":\"https:\\\/\\\/www.david-coin.com\\\/product\\\/nederland-25-gulden-1955-huygens-3\\\/#breadcrumb\",\"itemListElement\":[{\"@type\":\"ListItem\",\"position\":1,\"name\":\"Home\",\"item\":\"https:\\\/\\\/www.david-coin.com\\\/\"},{\"@type\":\"ListItem\",\"position\":2,\"name\":\"Winkel\",\"item\":\"https:\\\/\\\/www.david-coin.com\\\/winkel\\\/\"},{\"@type\":\"ListItem\",\"position\":3,\"name\":\"Nederland 25 Gulden 1955 Huygens\"}]},{\"@type\":\"WebSite\",\"@id\":\"https:\\\/\\\/www.david-coin.com\\\/#website\",\"url\":\"https:\\\/\\\/www.david-coin.com\\\/\",\"name\":\"David Coin\",\"description\":\"\",\"publisher\":{\"@id\":\"https:\\\/\\\/www.david-coin.com\\\/#organization\"},\"potentialAction\":[{\"@type\":\"SearchAction\",\"target\":{\"@type\":\"EntryPoint\",\"urlTemplate\":\"https:\\\/\\\/www.david-coin.com\\\/?s={search_term_string}\"},\"query-input\":{\"@type\":\"PropertyValueSpecification\",\"valueRequired\":true,\"valueName\":\"search_term_string\"}}],\"inLanguage\":\"fr-FR\"},{\"@type\":\"Organization\",\"@id\":\"https:\\\/\\\/www.david-coin.com\\\/#organization\",\"name\":\"David Coin\",\"url\":\"https:\\\/\\\/www.david-coin.com\\\/\",\"logo\":{\"@type\":\"ImageObject\",\"inLanguage\":\"fr-FR\",\"@id\":\"https:\\\/\\\/www.david-coin.com\\\/#\\\/schema\\\/logo\\\/image\\\/\",\"url\":\"https:\\\/\\\/www.david-coin.com\\\/wp-content\\\/uploads\\\/2024\\\/04\\\/davidcoin-logo-final.png\",\"contentUrl\":\"https:\\\/\\\/www.david-coin.com\\\/wp-content\\\/uploads\\\/2024\\\/04\\\/davidcoin-logo-final.png\",\"width\":800,\"height\":267,\"caption\":\"David Coin\"},\"image\":{\"@id\":\"https:\\\/\\\/www.david-coin.com\\\/#\\\/schema\\\/logo\\\/image\\\/\"},\"sameAs\":[\"https:\\\/\\\/www.facebook.com\\\/Davidcoininkoopenverkoop\",\"https:\\\/\\\/www.youtube.com\\\/channel\\\/UC39lihLKFSPTff0w6tv0pWQ\"]}]}<\/script>\n<meta property=\"product:price:amount\" content=\"34.95\" \/>\n<meta property=\"product:price:currency\" content=\"EUR\" \/>\n<meta property=\"og:availability\" content=\"out of stock\" \/>\n<meta property=\"product:availability\" content=\"out of stock\" \/>\n<meta property=\"product:retailer_item_id\" content=\"2908\" \/>\n<meta property=\"product:condition\" content=\"new\" \/>\n<!-- \/ Yoast SEO Premium plugin. -->","yoast_head_json":{"title":"Pays-Bas 25 florins 1955 Huygens","description":"Nederlandse guldenbiljetten kopen? Bekijk ons ruime aanbod bankbiljetten en munten, ook met PMG-grading. Gratis verzending vanaf 75 euro binnen Nederland.","robots":{"index":"index","follow":"follow","max-snippet":"max-snippet:-1","max-image-preview":"max-image-preview:large","max-video-preview":"max-video-preview:-1"},"canonical":"https:\/\/www.david-coin.com\/fr\/produit\/nederland-25-gulden-1955-huygens-3\/","og_locale":"fr_FR","og_type":"article","og_title":"Nederland 25 Gulden 1955 Huygens","og_description":"Nederlandse guldenbiljetten kopen? Bekijk ons ruime aanbod bankbiljetten en munten, ook met PMG-grading. Gratis verzending vanaf 75 euro binnen Nederland.","og_url":"https:\/\/www.david-coin.com\/fr\/produit\/nederland-25-gulden-1955-huygens-3\/","og_site_name":"David Coin","article_publisher":"https:\/\/www.facebook.com\/Davidcoininkoopenverkoop","article_modified_time":"2026-03-30T20:40:49+00:00","og_image":[{"width":500,"height":288,"url":"https:\/\/www.david-coin.com\/wp-content\/uploads\/2025\/07\/nederland-25gulden-1955-vz.jpg","type":"image\/jpeg"}],"twitter_card":"summary_large_image","twitter_misc":{"Prix":"&euro;&nbsp;34,95","Disponibilit\u00e9":"Rupture de stock"},"schema":{"@context":"https:\/\/schema.org","@graph":[{"@type":"WebPage","@id":"https:\/\/www.david-coin.com\/product\/nederland-25-gulden-1955-huygens-3\/","url":"https:\/\/www.david-coin.com\/product\/nederland-25-gulden-1955-huygens-3\/","name":"Pays-Bas 25 florins 1955 Huygens","isPartOf":{"@id":"https:\/\/www.david-coin.com\/#website"},"primaryImageOfPage":{"@id":"https:\/\/www.david-coin.com\/product\/nederland-25-gulden-1955-huygens-3\/#primaryimage"},"image":{"@id":"https:\/\/www.david-coin.com\/product\/nederland-25-gulden-1955-huygens-3\/#primaryimage"},"thumbnailUrl":"https:\/\/www.david-coin.com\/wp-content\/uploads\/2025\/07\/nederland-25gulden-1955-vz.jpg","datePublished":"2025-07-16T08:00:00+00:00","dateModified":"2026-03-30T20:40:49+00:00","description":"Nederlandse guldenbiljetten kopen? Bekijk ons ruime aanbod bankbiljetten en munten, ook met PMG-grading. Gratis verzending vanaf 75 euro binnen Nederland.","breadcrumb":{"@id":"https:\/\/www.david-coin.com\/product\/nederland-25-gulden-1955-huygens-3\/#breadcrumb"},"inLanguage":"fr-FR","potentialAction":[{"@type":"ReadAction","target":["https:\/\/www.david-coin.com\/product\/nederland-25-gulden-1955-huygens-3\/"]}]},{"@type":"ImageObject","inLanguage":"fr-FR","@id":"https:\/\/www.david-coin.com\/product\/nederland-25-gulden-1955-huygens-3\/#primaryimage","url":"https:\/\/www.david-coin.com\/wp-content\/uploads\/2025\/07\/nederland-25gulden-1955-vz.jpg","contentUrl":"https:\/\/www.david-coin.com\/wp-content\/uploads\/2025\/07\/nederland-25gulden-1955-vz.jpg","width":500,"height":288,"caption":"Nederland 25 Gulden 1955 Huygens"},{"@type":"BreadcrumbList","@id":"https:\/\/www.david-coin.com\/product\/nederland-25-gulden-1955-huygens-3\/#breadcrumb","itemListElement":[{"@type":"ListItem","position":1,"name":"Home","item":"https:\/\/www.david-coin.com\/"},{"@type":"ListItem","position":2,"name":"Winkel","item":"https:\/\/www.david-coin.com\/winkel\/"},{"@type":"ListItem","position":3,"name":"Nederland 25 Gulden 1955 Huygens"}]},{"@type":"WebSite","@id":"https:\/\/www.david-coin.com\/#website","url":"https:\/\/www.david-coin.com\/","name":"David Coin","description":"","publisher":{"@id":"https:\/\/www.david-coin.com\/#organization"},"potentialAction":[{"@type":"SearchAction","target":{"@type":"EntryPoint","urlTemplate":"https:\/\/www.david-coin.com\/?s={search_term_string}"},"query-input":{"@type":"PropertyValueSpecification","valueRequired":true,"valueName":"search_term_string"}}],"inLanguage":"fr-FR"},{"@type":"Organization","@id":"https:\/\/www.david-coin.com\/#organization","name":"David Coin","url":"https:\/\/www.david-coin.com\/","logo":{"@type":"ImageObject","inLanguage":"fr-FR","@id":"https:\/\/www.david-coin.com\/#\/schema\/logo\/image\/","url":"https:\/\/www.david-coin.com\/wp-content\/uploads\/2024\/04\/davidcoin-logo-final.png","contentUrl":"https:\/\/www.david-coin.com\/wp-content\/uploads\/2024\/04\/davidcoin-logo-final.png","width":800,"height":267,"caption":"David Coin"},"image":{"@id":"https:\/\/www.david-coin.com\/#\/schema\/logo\/image\/"},"sameAs":["https:\/\/www.facebook.com\/Davidcoininkoopenverkoop","https:\/\/www.youtube.com\/channel\/UC39lihLKFSPTff0w6tv0pWQ"]}]},"product_price_amount":"34.95","product_price_currency":"EUR","og_availability":"out of stock","product_availability":"out of stock","product_retailer_item_id":"2908","product_condition":"new"},"_links":{"self":[{"href":"https:\/\/www.david-coin.com\/fr\/wp-json\/wp\/v2\/product\/151426","targetHints":{"allow":["GET"]}}],"collection":[{"href":"https:\/\/www.david-coin.com\/fr\/wp-json\/wp\/v2\/product"}],"about":[{"href":"https:\/\/www.david-coin.com\/fr\/wp-json\/wp\/v2\/types\/product"}],"replies":[{"embeddable":true,"href":"https:\/\/www.david-coin.com\/fr\/wp-json\/wp\/v2\/comments?post=151426"}],"wp:featuredmedia":[{"embeddable":true,"href":"https:\/\/www.david-coin.com\/fr\/wp-json\/wp\/v2\/media\/151216"}],"wp:attachment":[{"href":"https:\/\/www.david-coin.com\/fr\/wp-json\/wp\/v2\/media?parent=151426"}],"wp:term":[{"taxonomy":"product_brand","embeddable":true,"href":"https:\/\/www.david-coin.com\/fr\/wp-json\/wp\/v2\/product_brand?post=151426"},{"taxonomy":"product_cat","embeddable":true,"href":"https:\/\/www.david-coin.com\/fr\/wp-json\/wp\/v2\/product_cat?post=151426"},{"taxonomy":"product_tag","embeddable":true,"href":"https:\/\/www.david-coin.com\/fr\/wp-json\/wp\/v2\/product_tag?post=151426"}],"curies":[{"name":"wp","href":"https:\/\/api.w.org\/{rel}","templated":true}]}}