{"id":147786,"date":"2025-05-15T22:00:00","date_gmt":"2025-05-15T20:00:00","guid":{"rendered":"https:\/\/www.david-coin.com\/product\/hartberger-2-euro-herdenkingsmunten-2010-supplement\/"},"modified":"2026-01-30T12:10:57","modified_gmt":"2026-01-30T11:10:57","slug":"hartberger-2-euro-herdenkingsmunten-2010-supplement","status":"publish","type":"product","link":"https:\/\/www.david-coin.com\/fr\/produit\/hartberger-2-euro-herdenkingsmunten-2010-supplement\/","title":{"rendered":"Hartberger 2 Euro Pi\u00e8ces comm\u00e9moratives 2010 suppl\u00e9ment"},"content":{"rendered":"<p>Hartberger 2 Euro Pi\u00e8ces comm\u00e9moratives 2010 suppl\u00e9ment <br \/>Le suppl\u00e9ment Hartberger pour les pi\u00e8ces comm\u00e9moratives de 2 euros ! <br \/>Feuilles pr\u00e9imprim\u00e9es fournies comprenant les feuilles d'insertion standard GM20 pour les supports de pi\u00e8ces. Toutefois, sans porte-monnaie. <\/p>\n<p>Voir les scans pour plus de d\u00e9tails. <br \/>\nPour toute question, n'h\u00e9sitez pas \u00e0 nous envoyer un message.<\/p>\n<p>&nbsp;<\/p>","protected":false},"excerpt":{"rendered":"<p>Extension pour votre dossier de collecte de 2 euros !<\/p>","protected":false},"featured_media":147742,"comment_status":"closed","ping_status":"open","template":"","meta":[],"product_brand":[],"product_cat":[5482,5959],"product_tag":[],"class_list":{"0":"post-147786","1":"product","2":"type-product","3":"status-publish","4":"has-post-thumbnail","6":"product_cat-munt-houder","7":"product_cat-supplementen","8":"pa_land-europa","9":"pa_muntwaarde-2euro","10":"pa_soort-2-euro-bladen","12":"first","13":"instock","14":"purchasable","15":"product-type-simple"},"yoast_head":"<!-- This site is optimized with the Yoast SEO Premium plugin v27.2 (Yoast SEO v27.4) - https:\/\/yoast.com\/product\/yoast-seo-premium-wordpress\/ -->\n<title>Hartberger 2 Euro Herdenkingsmunten 2010 supplement<\/title>\n<meta name=\"description\" content=\"Hartberger opbergsystemen voor uw verzamelitems van o.a. Munten en Bankbiljetten. Bekijk nu ons volledige aanbod. Gratis verzending binnen NL vanaf 75 euro.\" \/>\n<meta name=\"robots\" content=\"index, follow, max-snippet:-1, max-image-preview:large, max-video-preview:-1\" \/>\n<link rel=\"canonical\" href=\"https:\/\/www.david-coin.com\/fr\/produit\/hartberger-2-euro-herdenkingsmunten-2010-supplement\/\" \/>\n<meta property=\"og:locale\" content=\"fr_FR\" \/>\n<meta property=\"og:type\" content=\"article\" \/>\n<meta property=\"og:title\" content=\"Hartberger 2 Euro Herdenkingsmunten 2010 supplement\" \/>\n<meta property=\"og:description\" content=\"Hartberger opbergsystemen voor uw verzamelitems van o.a. Munten en Bankbiljetten. Bekijk nu ons volledige aanbod. Gratis verzending binnen NL vanaf 75 euro.\" \/>\n<meta property=\"og:url\" content=\"https:\/\/www.david-coin.com\/fr\/produit\/hartberger-2-euro-herdenkingsmunten-2010-supplement\/\" \/>\n<meta property=\"og:site_name\" content=\"David Coin\" \/>\n<meta property=\"article:publisher\" content=\"https:\/\/www.facebook.com\/Davidcoininkoopenverkoop\" \/>\n<meta property=\"article:modified_time\" content=\"2026-01-30T11:10:57+00:00\" \/>\n<meta property=\"og:image\" content=\"https:\/\/www.david-coin.com\/wp-content\/uploads\/2025\/05\/2EuroSupllement-1.jpg\" \/>\n\t<meta property=\"og:image:width\" content=\"520\" \/>\n\t<meta property=\"og:image:height\" content=\"541\" \/>\n\t<meta property=\"og:image:type\" content=\"image\/jpeg\" \/>\n<meta name=\"twitter:card\" content=\"summary_large_image\" \/>\n<meta name=\"twitter:label1\" content=\"Prix\" \/>\n\t<meta name=\"twitter:data1\" content=\"&euro;&nbsp;3,00\" \/>\n\t<meta name=\"twitter:label2\" content=\"Disponibilit\u00e9\" \/>\n\t<meta name=\"twitter:data2\" content=\"En stock\" \/>\n<script type=\"application\/ld+json\" class=\"yoast-schema-graph\">{\"@context\":\"https:\\\/\\\/schema.org\",\"@graph\":[{\"@type\":\"WebPage\",\"@id\":\"https:\\\/\\\/www.david-coin.com\\\/product\\\/hartberger-2-euro-herdenkingsmunten-2010-supplement\\\/\",\"url\":\"https:\\\/\\\/www.david-coin.com\\\/product\\\/hartberger-2-euro-herdenkingsmunten-2010-supplement\\\/\",\"name\":\"Hartberger 2 Euro Herdenkingsmunten 2010 supplement\",\"isPartOf\":{\"@id\":\"https:\\\/\\\/www.david-coin.com\\\/#website\"},\"primaryImageOfPage\":{\"@id\":\"https:\\\/\\\/www.david-coin.com\\\/product\\\/hartberger-2-euro-herdenkingsmunten-2010-supplement\\\/#primaryimage\"},\"image\":{\"@id\":\"https:\\\/\\\/www.david-coin.com\\\/product\\\/hartberger-2-euro-herdenkingsmunten-2010-supplement\\\/#primaryimage\"},\"thumbnailUrl\":\"https:\\\/\\\/www.david-coin.com\\\/wp-content\\\/uploads\\\/2025\\\/05\\\/2EuroSupllement-1.jpg\",\"datePublished\":\"2025-05-15T20:00:00+00:00\",\"dateModified\":\"2026-01-30T11:10:57+00:00\",\"description\":\"Hartberger opbergsystemen voor uw verzamelitems van o.a. Munten en Bankbiljetten. Bekijk nu ons volledige aanbod. Gratis verzending binnen NL vanaf 75 euro.\",\"breadcrumb\":{\"@id\":\"https:\\\/\\\/www.david-coin.com\\\/product\\\/hartberger-2-euro-herdenkingsmunten-2010-supplement\\\/#breadcrumb\"},\"inLanguage\":\"fr-FR\",\"potentialAction\":[{\"@type\":\"ReadAction\",\"target\":[\"https:\\\/\\\/www.david-coin.com\\\/product\\\/hartberger-2-euro-herdenkingsmunten-2010-supplement\\\/\"]}]},{\"@type\":\"ImageObject\",\"inLanguage\":\"fr-FR\",\"@id\":\"https:\\\/\\\/www.david-coin.com\\\/product\\\/hartberger-2-euro-herdenkingsmunten-2010-supplement\\\/#primaryimage\",\"url\":\"https:\\\/\\\/www.david-coin.com\\\/wp-content\\\/uploads\\\/2025\\\/05\\\/2EuroSupllement-1.jpg\",\"contentUrl\":\"https:\\\/\\\/www.david-coin.com\\\/wp-content\\\/uploads\\\/2025\\\/05\\\/2EuroSupllement-1.jpg\",\"width\":520,\"height\":541,\"caption\":\"Hartberger 2 Euro Herdenkingsmunten 2022 supplement\"},{\"@type\":\"BreadcrumbList\",\"@id\":\"https:\\\/\\\/www.david-coin.com\\\/product\\\/hartberger-2-euro-herdenkingsmunten-2010-supplement\\\/#breadcrumb\",\"itemListElement\":[{\"@type\":\"ListItem\",\"position\":1,\"name\":\"Home\",\"item\":\"https:\\\/\\\/www.david-coin.com\\\/\"},{\"@type\":\"ListItem\",\"position\":2,\"name\":\"Winkel\",\"item\":\"https:\\\/\\\/www.david-coin.com\\\/winkel\\\/\"},{\"@type\":\"ListItem\",\"position\":3,\"name\":\"Hartberger 2 Euro Herdenkingsmunten 2010 supplement\"}]},{\"@type\":\"WebSite\",\"@id\":\"https:\\\/\\\/www.david-coin.com\\\/#website\",\"url\":\"https:\\\/\\\/www.david-coin.com\\\/\",\"name\":\"David Coin\",\"description\":\"\",\"publisher\":{\"@id\":\"https:\\\/\\\/www.david-coin.com\\\/#organization\"},\"potentialAction\":[{\"@type\":\"SearchAction\",\"target\":{\"@type\":\"EntryPoint\",\"urlTemplate\":\"https:\\\/\\\/www.david-coin.com\\\/?s={search_term_string}\"},\"query-input\":{\"@type\":\"PropertyValueSpecification\",\"valueRequired\":true,\"valueName\":\"search_term_string\"}}],\"inLanguage\":\"fr-FR\"},{\"@type\":\"Organization\",\"@id\":\"https:\\\/\\\/www.david-coin.com\\\/#organization\",\"name\":\"David Coin\",\"url\":\"https:\\\/\\\/www.david-coin.com\\\/\",\"logo\":{\"@type\":\"ImageObject\",\"inLanguage\":\"fr-FR\",\"@id\":\"https:\\\/\\\/www.david-coin.com\\\/#\\\/schema\\\/logo\\\/image\\\/\",\"url\":\"https:\\\/\\\/www.david-coin.com\\\/wp-content\\\/uploads\\\/2024\\\/04\\\/davidcoin-logo-final.png\",\"contentUrl\":\"https:\\\/\\\/www.david-coin.com\\\/wp-content\\\/uploads\\\/2024\\\/04\\\/davidcoin-logo-final.png\",\"width\":800,\"height\":267,\"caption\":\"David Coin\"},\"image\":{\"@id\":\"https:\\\/\\\/www.david-coin.com\\\/#\\\/schema\\\/logo\\\/image\\\/\"},\"sameAs\":[\"https:\\\/\\\/www.facebook.com\\\/Davidcoininkoopenverkoop\",\"https:\\\/\\\/www.youtube.com\\\/channel\\\/UC39lihLKFSPTff0w6tv0pWQ\"]}]}<\/script>\n<meta property=\"product:price:amount\" content=\"3.00\" \/>\n<meta property=\"product:price:currency\" content=\"EUR\" \/>\n<meta property=\"og:availability\" content=\"instock\" \/>\n<meta property=\"product:availability\" content=\"instock\" \/>\n<meta property=\"product:retailer_item_id\" content=\"12297\" \/>\n<meta property=\"product:condition\" content=\"new\" \/>\n<!-- \/ Yoast SEO Premium plugin. -->","yoast_head_json":{"title":"Hartberger 2 Euro Pi\u00e8ces comm\u00e9moratives 2010 suppl\u00e9ment","description":"Hartberger opbergsystemen voor uw verzamelitems van o.a. Munten en Bankbiljetten. Bekijk nu ons volledige aanbod. Gratis verzending binnen NL vanaf 75 euro.","robots":{"index":"index","follow":"follow","max-snippet":"max-snippet:-1","max-image-preview":"max-image-preview:large","max-video-preview":"max-video-preview:-1"},"canonical":"https:\/\/www.david-coin.com\/fr\/produit\/hartberger-2-euro-herdenkingsmunten-2010-supplement\/","og_locale":"fr_FR","og_type":"article","og_title":"Hartberger 2 Euro Herdenkingsmunten 2010 supplement","og_description":"Hartberger opbergsystemen voor uw verzamelitems van o.a. Munten en Bankbiljetten. Bekijk nu ons volledige aanbod. Gratis verzending binnen NL vanaf 75 euro.","og_url":"https:\/\/www.david-coin.com\/fr\/produit\/hartberger-2-euro-herdenkingsmunten-2010-supplement\/","og_site_name":"David Coin","article_publisher":"https:\/\/www.facebook.com\/Davidcoininkoopenverkoop","article_modified_time":"2026-01-30T11:10:57+00:00","og_image":[{"width":520,"height":541,"url":"https:\/\/www.david-coin.com\/wp-content\/uploads\/2025\/05\/2EuroSupllement-1.jpg","type":"image\/jpeg"}],"twitter_card":"summary_large_image","twitter_misc":{"Prix":"&euro;&nbsp;3,00","Disponibilit\u00e9":"En stock"},"schema":{"@context":"https:\/\/schema.org","@graph":[{"@type":"WebPage","@id":"https:\/\/www.david-coin.com\/product\/hartberger-2-euro-herdenkingsmunten-2010-supplement\/","url":"https:\/\/www.david-coin.com\/product\/hartberger-2-euro-herdenkingsmunten-2010-supplement\/","name":"Hartberger 2 Euro Pi\u00e8ces comm\u00e9moratives 2010 suppl\u00e9ment","isPartOf":{"@id":"https:\/\/www.david-coin.com\/#website"},"primaryImageOfPage":{"@id":"https:\/\/www.david-coin.com\/product\/hartberger-2-euro-herdenkingsmunten-2010-supplement\/#primaryimage"},"image":{"@id":"https:\/\/www.david-coin.com\/product\/hartberger-2-euro-herdenkingsmunten-2010-supplement\/#primaryimage"},"thumbnailUrl":"https:\/\/www.david-coin.com\/wp-content\/uploads\/2025\/05\/2EuroSupllement-1.jpg","datePublished":"2025-05-15T20:00:00+00:00","dateModified":"2026-01-30T11:10:57+00:00","description":"Hartberger opbergsystemen voor uw verzamelitems van o.a. Munten en Bankbiljetten. Bekijk nu ons volledige aanbod. Gratis verzending binnen NL vanaf 75 euro.","breadcrumb":{"@id":"https:\/\/www.david-coin.com\/product\/hartberger-2-euro-herdenkingsmunten-2010-supplement\/#breadcrumb"},"inLanguage":"fr-FR","potentialAction":[{"@type":"ReadAction","target":["https:\/\/www.david-coin.com\/product\/hartberger-2-euro-herdenkingsmunten-2010-supplement\/"]}]},{"@type":"ImageObject","inLanguage":"fr-FR","@id":"https:\/\/www.david-coin.com\/product\/hartberger-2-euro-herdenkingsmunten-2010-supplement\/#primaryimage","url":"https:\/\/www.david-coin.com\/wp-content\/uploads\/2025\/05\/2EuroSupllement-1.jpg","contentUrl":"https:\/\/www.david-coin.com\/wp-content\/uploads\/2025\/05\/2EuroSupllement-1.jpg","width":520,"height":541,"caption":"Hartberger 2 Euro Herdenkingsmunten 2022 supplement"},{"@type":"BreadcrumbList","@id":"https:\/\/www.david-coin.com\/product\/hartberger-2-euro-herdenkingsmunten-2010-supplement\/#breadcrumb","itemListElement":[{"@type":"ListItem","position":1,"name":"Home","item":"https:\/\/www.david-coin.com\/"},{"@type":"ListItem","position":2,"name":"Winkel","item":"https:\/\/www.david-coin.com\/winkel\/"},{"@type":"ListItem","position":3,"name":"Hartberger 2 Euro Herdenkingsmunten 2010 supplement"}]},{"@type":"WebSite","@id":"https:\/\/www.david-coin.com\/#website","url":"https:\/\/www.david-coin.com\/","name":"David Coin","description":"","publisher":{"@id":"https:\/\/www.david-coin.com\/#organization"},"potentialAction":[{"@type":"SearchAction","target":{"@type":"EntryPoint","urlTemplate":"https:\/\/www.david-coin.com\/?s={search_term_string}"},"query-input":{"@type":"PropertyValueSpecification","valueRequired":true,"valueName":"search_term_string"}}],"inLanguage":"fr-FR"},{"@type":"Organization","@id":"https:\/\/www.david-coin.com\/#organization","name":"David Coin","url":"https:\/\/www.david-coin.com\/","logo":{"@type":"ImageObject","inLanguage":"fr-FR","@id":"https:\/\/www.david-coin.com\/#\/schema\/logo\/image\/","url":"https:\/\/www.david-coin.com\/wp-content\/uploads\/2024\/04\/davidcoin-logo-final.png","contentUrl":"https:\/\/www.david-coin.com\/wp-content\/uploads\/2024\/04\/davidcoin-logo-final.png","width":800,"height":267,"caption":"David Coin"},"image":{"@id":"https:\/\/www.david-coin.com\/#\/schema\/logo\/image\/"},"sameAs":["https:\/\/www.facebook.com\/Davidcoininkoopenverkoop","https:\/\/www.youtube.com\/channel\/UC39lihLKFSPTff0w6tv0pWQ"]}]},"product_price_amount":"3.00","product_price_currency":"EUR","og_availability":"instock","product_availability":"instock","product_retailer_item_id":"12297","product_condition":"new"},"_links":{"self":[{"href":"https:\/\/www.david-coin.com\/fr\/wp-json\/wp\/v2\/product\/147786","targetHints":{"allow":["GET"]}}],"collection":[{"href":"https:\/\/www.david-coin.com\/fr\/wp-json\/wp\/v2\/product"}],"about":[{"href":"https:\/\/www.david-coin.com\/fr\/wp-json\/wp\/v2\/types\/product"}],"replies":[{"embeddable":true,"href":"https:\/\/www.david-coin.com\/fr\/wp-json\/wp\/v2\/comments?post=147786"}],"wp:featuredmedia":[{"embeddable":true,"href":"https:\/\/www.david-coin.com\/fr\/wp-json\/wp\/v2\/media\/147742"}],"wp:attachment":[{"href":"https:\/\/www.david-coin.com\/fr\/wp-json\/wp\/v2\/media?parent=147786"}],"wp:term":[{"taxonomy":"product_brand","embeddable":true,"href":"https:\/\/www.david-coin.com\/fr\/wp-json\/wp\/v2\/product_brand?post=147786"},{"taxonomy":"product_cat","embeddable":true,"href":"https:\/\/www.david-coin.com\/fr\/wp-json\/wp\/v2\/product_cat?post=147786"},{"taxonomy":"product_tag","embeddable":true,"href":"https:\/\/www.david-coin.com\/fr\/wp-json\/wp\/v2\/product_tag?post=147786"}],"curies":[{"name":"wp","href":"https:\/\/api.w.org\/{rel}","templated":true}]}}