{"id":147720,"date":"2025-05-14T14:27:43","date_gmt":"2025-05-14T12:27:43","guid":{"rendered":"https:\/\/www.david-coin.com\/?post_type=product&#038;p=147720"},"modified":"2026-01-28T10:41:00","modified_gmt":"2026-01-28T09:41:00","slug":"belgie-250-euro-2025-in-coincard-streetart-met-nft","status":"publish","type":"product","link":"https:\/\/www.david-coin.com\/fr\/produit\/belgie-250-euro-2025-in-coincard-streetart-met-nft\/","title":{"rendered":"Belgique 2,50 euros 2025 en coincard Streetart avec NFT (FR)"},"content":{"rendered":"<p><strong>Belgique 2,50 euros 2025 en coincard Streetart avec NFT (fran\u00e7ais)<\/strong><\/p>\n<p>Par la Monnaie royale de Belgique (KMB) en collaboration avec commemorativemunten.be et cinq artistes de rue belges.<\/p>\n<p>Une nouvelle collection NFT a \u00e9t\u00e9 cr\u00e9\u00e9e suite \u00e0 la pi\u00e8ce de 2 \u00bd euro Streetart en Belgique 2025. La collection se compose de 2 x 5 000 pi\u00e8ces sp\u00e9ciales de 2 \u00bd euros Belgique en carte numismatique. Il y a 5 NFT diff\u00e9rentes au total.  Scannez le code QR et voyez quelle NFT vous avez obtenue. Seules 2 x 1.000 pi\u00e8ces de chaque NFT sont disponibles.<\/p>\n<ul>\n<li>NFT par : Bue the Warrior - Copains x 2 000 unit\u00e9s<\/li>\n<li>NFT par : Lindert Steegen - Patterns of Time x 2 000 unit\u00e9s<\/li>\n<li>NFT par : LobsterRobin - Monkey See, Monkey Demon x 2 000 unit\u00e9s<\/li>\n<li>NFT by : Resto - Seule l'herbe peut nous sauver x 2 000 unit\u00e9s<\/li>\n<li>NFT by : Toys - Punk not Dead x 2 000 unit\u00e9s<\/li>\n<\/ul>\n<p>Voir les scans pour plus de d\u00e9tails.<br \/>\nPour toute question, n'h\u00e9sitez pas \u00e0 nous envoyer un message.<\/p>","protected":false},"excerpt":{"rendered":"<p>NFT officiel de la Monnaie royale de Belgique en collaboration avec des artistes de rue<\/p>","protected":false},"featured_media":147724,"comment_status":"closed","ping_status":"closed","template":"","meta":[],"product_brand":[],"product_cat":[5581,5553,5478],"product_tag":[],"class_list":{"0":"post-147720","1":"product","2":"type-product","3":"status-publish","4":"has-post-thumbnail","6":"product_cat-coincards","7":"product_cat-coincards-eu-landen","8":"product_cat-zeldzame-euromunten","9":"pa_kwaliteit-bu","10":"pa_land-belgie","11":"pa_muntwaarde-25-euro","12":"pa_soort-coincard","14":"first","15":"instock","16":"taxable","17":"shipping-taxable","18":"purchasable","19":"product-type-simple"},"yoast_head":"<!-- This site is optimized with the Yoast SEO Premium plugin v27.2 (Yoast SEO v27.5) - https:\/\/yoast.com\/product\/yoast-seo-premium-wordpress\/ -->\n<title>Belgi\u00eb 2,50 euro 2025 in coincard Streetart met NFT (FR)<\/title>\n<meta name=\"description\" content=\"Belgische euromunten in coincard verkrijgbaar bij David-coin. Bekijk nu ons complete aanbod. Gratis verzending binnen Nederland vanaf 75 euro.\" \/>\n<meta name=\"robots\" content=\"index, follow, max-snippet:-1, max-image-preview:large, max-video-preview:-1\" \/>\n<link rel=\"canonical\" href=\"https:\/\/www.david-coin.com\/fr\/produit\/belgie-250-euro-2025-in-coincard-streetart-met-nft\/\" \/>\n<meta property=\"og:locale\" content=\"fr_FR\" \/>\n<meta property=\"og:type\" content=\"article\" \/>\n<meta property=\"og:title\" content=\"Belgi\u00eb 2,50 euro 2025 in coincard Streetart met NFT (FR)\" \/>\n<meta property=\"og:description\" content=\"Belgische euromunten in coincard verkrijgbaar bij David-coin. Bekijk nu ons complete aanbod. Gratis verzending binnen Nederland vanaf 75 euro.\" \/>\n<meta property=\"og:url\" content=\"https:\/\/www.david-coin.com\/fr\/produit\/belgie-250-euro-2025-in-coincard-streetart-met-nft\/\" \/>\n<meta property=\"og:site_name\" content=\"David Coin\" \/>\n<meta property=\"article:publisher\" content=\"https:\/\/www.facebook.com\/Davidcoininkoopenverkoop\" \/>\n<meta property=\"article:modified_time\" content=\"2026-01-28T09:41:00+00:00\" \/>\n<meta property=\"og:image\" content=\"https:\/\/www.david-coin.com\/wp-content\/uploads\/2025\/05\/BelgiE-2-50-euro-2025-streetart-FR-vz.jpg\" \/>\n\t<meta property=\"og:image:width\" content=\"643\" \/>\n\t<meta property=\"og:image:height\" content=\"432\" \/>\n\t<meta property=\"og:image:type\" content=\"image\/jpeg\" \/>\n<meta name=\"twitter:card\" content=\"summary_large_image\" \/>\n<meta name=\"twitter:label1\" content=\"Prix\" \/>\n\t<meta name=\"twitter:data1\" content=\"&euro;&nbsp;12,50\" \/>\n\t<meta name=\"twitter:label2\" content=\"Disponibilit\u00e9\" \/>\n\t<meta name=\"twitter:data2\" content=\"En stock\" \/>\n<script type=\"application\/ld+json\" class=\"yoast-schema-graph\">{\"@context\":\"https:\\\/\\\/schema.org\",\"@graph\":[{\"@type\":\"WebPage\",\"@id\":\"https:\\\/\\\/www.david-coin.com\\\/product\\\/belgie-250-euro-2025-in-coincard-streetart-met-nft\\\/\",\"url\":\"https:\\\/\\\/www.david-coin.com\\\/product\\\/belgie-250-euro-2025-in-coincard-streetart-met-nft\\\/\",\"name\":\"Belgi\u00eb 2,50 euro 2025 in coincard Streetart met NFT (FR)\",\"isPartOf\":{\"@id\":\"https:\\\/\\\/www.david-coin.com\\\/#website\"},\"primaryImageOfPage\":{\"@id\":\"https:\\\/\\\/www.david-coin.com\\\/product\\\/belgie-250-euro-2025-in-coincard-streetart-met-nft\\\/#primaryimage\"},\"image\":{\"@id\":\"https:\\\/\\\/www.david-coin.com\\\/product\\\/belgie-250-euro-2025-in-coincard-streetart-met-nft\\\/#primaryimage\"},\"thumbnailUrl\":\"https:\\\/\\\/www.david-coin.com\\\/wp-content\\\/uploads\\\/2025\\\/05\\\/BelgiE-2-50-euro-2025-streetart-FR-vz.jpg\",\"datePublished\":\"2025-05-14T12:27:43+00:00\",\"dateModified\":\"2026-01-28T09:41:00+00:00\",\"description\":\"Belgische euromunten in coincard verkrijgbaar bij David-coin. Bekijk nu ons complete aanbod. Gratis verzending binnen Nederland vanaf 75 euro.\",\"breadcrumb\":{\"@id\":\"https:\\\/\\\/www.david-coin.com\\\/product\\\/belgie-250-euro-2025-in-coincard-streetart-met-nft\\\/#breadcrumb\"},\"inLanguage\":\"fr-FR\",\"potentialAction\":[{\"@type\":\"ReadAction\",\"target\":[\"https:\\\/\\\/www.david-coin.com\\\/product\\\/belgie-250-euro-2025-in-coincard-streetart-met-nft\\\/\"]}]},{\"@type\":\"ImageObject\",\"inLanguage\":\"fr-FR\",\"@id\":\"https:\\\/\\\/www.david-coin.com\\\/product\\\/belgie-250-euro-2025-in-coincard-streetart-met-nft\\\/#primaryimage\",\"url\":\"https:\\\/\\\/www.david-coin.com\\\/wp-content\\\/uploads\\\/2025\\\/05\\\/BelgiE-2-50-euro-2025-streetart-FR-vz.jpg\",\"contentUrl\":\"https:\\\/\\\/www.david-coin.com\\\/wp-content\\\/uploads\\\/2025\\\/05\\\/BelgiE-2-50-euro-2025-streetart-FR-vz.jpg\",\"width\":643,\"height\":432,\"caption\":\"Belgi\u00eb 2,50 euro 2025 in coincard Streetart met NFT (FR)\"},{\"@type\":\"BreadcrumbList\",\"@id\":\"https:\\\/\\\/www.david-coin.com\\\/product\\\/belgie-250-euro-2025-in-coincard-streetart-met-nft\\\/#breadcrumb\",\"itemListElement\":[{\"@type\":\"ListItem\",\"position\":1,\"name\":\"Home\",\"item\":\"https:\\\/\\\/www.david-coin.com\\\/\"},{\"@type\":\"ListItem\",\"position\":2,\"name\":\"Winkel\",\"item\":\"https:\\\/\\\/www.david-coin.com\\\/winkel\\\/\"},{\"@type\":\"ListItem\",\"position\":3,\"name\":\"Belgi\u00eb 2,50 euro 2025 in coincard Streetart met NFT (FR)\"}]},{\"@type\":\"WebSite\",\"@id\":\"https:\\\/\\\/www.david-coin.com\\\/#website\",\"url\":\"https:\\\/\\\/www.david-coin.com\\\/\",\"name\":\"David Coin\",\"description\":\"\",\"publisher\":{\"@id\":\"https:\\\/\\\/www.david-coin.com\\\/#organization\"},\"potentialAction\":[{\"@type\":\"SearchAction\",\"target\":{\"@type\":\"EntryPoint\",\"urlTemplate\":\"https:\\\/\\\/www.david-coin.com\\\/?s={search_term_string}\"},\"query-input\":{\"@type\":\"PropertyValueSpecification\",\"valueRequired\":true,\"valueName\":\"search_term_string\"}}],\"inLanguage\":\"fr-FR\"},{\"@type\":\"Organization\",\"@id\":\"https:\\\/\\\/www.david-coin.com\\\/#organization\",\"name\":\"David Coin\",\"url\":\"https:\\\/\\\/www.david-coin.com\\\/\",\"logo\":{\"@type\":\"ImageObject\",\"inLanguage\":\"fr-FR\",\"@id\":\"https:\\\/\\\/www.david-coin.com\\\/#\\\/schema\\\/logo\\\/image\\\/\",\"url\":\"https:\\\/\\\/www.david-coin.com\\\/wp-content\\\/uploads\\\/2024\\\/04\\\/davidcoin-logo-final.png\",\"contentUrl\":\"https:\\\/\\\/www.david-coin.com\\\/wp-content\\\/uploads\\\/2024\\\/04\\\/davidcoin-logo-final.png\",\"width\":800,\"height\":267,\"caption\":\"David Coin\"},\"image\":{\"@id\":\"https:\\\/\\\/www.david-coin.com\\\/#\\\/schema\\\/logo\\\/image\\\/\"},\"sameAs\":[\"https:\\\/\\\/www.facebook.com\\\/Davidcoininkoopenverkoop\",\"https:\\\/\\\/www.youtube.com\\\/channel\\\/UC39lihLKFSPTff0w6tv0pWQ\"]}]}<\/script>\n<meta property=\"product:price:amount\" content=\"12.50\" \/>\n<meta property=\"product:price:currency\" content=\"EUR\" \/>\n<meta property=\"og:availability\" content=\"instock\" \/>\n<meta property=\"product:availability\" content=\"instock\" \/>\n<meta property=\"product:retailer_item_id\" content=\"31171\" \/>\n<meta property=\"product:condition\" content=\"new\" \/>\n<!-- \/ Yoast SEO Premium plugin. -->","yoast_head_json":{"title":"Belgique 2,50 euros 2025 en coincard Streetart avec NFT (FR)","description":"Belgische euromunten in coincard verkrijgbaar bij David-coin. Bekijk nu ons complete aanbod. Gratis verzending binnen Nederland vanaf 75 euro.","robots":{"index":"index","follow":"follow","max-snippet":"max-snippet:-1","max-image-preview":"max-image-preview:large","max-video-preview":"max-video-preview:-1"},"canonical":"https:\/\/www.david-coin.com\/fr\/produit\/belgie-250-euro-2025-in-coincard-streetart-met-nft\/","og_locale":"fr_FR","og_type":"article","og_title":"Belgi\u00eb 2,50 euro 2025 in coincard Streetart met NFT (FR)","og_description":"Belgische euromunten in coincard verkrijgbaar bij David-coin. Bekijk nu ons complete aanbod. Gratis verzending binnen Nederland vanaf 75 euro.","og_url":"https:\/\/www.david-coin.com\/fr\/produit\/belgie-250-euro-2025-in-coincard-streetart-met-nft\/","og_site_name":"David Coin","article_publisher":"https:\/\/www.facebook.com\/Davidcoininkoopenverkoop","article_modified_time":"2026-01-28T09:41:00+00:00","og_image":[{"width":643,"height":432,"url":"https:\/\/www.david-coin.com\/wp-content\/uploads\/2025\/05\/BelgiE-2-50-euro-2025-streetart-FR-vz.jpg","type":"image\/jpeg"}],"twitter_card":"summary_large_image","twitter_misc":{"Prix":"&euro;&nbsp;12,50","Disponibilit\u00e9":"En stock"},"schema":{"@context":"https:\/\/schema.org","@graph":[{"@type":"WebPage","@id":"https:\/\/www.david-coin.com\/product\/belgie-250-euro-2025-in-coincard-streetart-met-nft\/","url":"https:\/\/www.david-coin.com\/product\/belgie-250-euro-2025-in-coincard-streetart-met-nft\/","name":"Belgique 2,50 euros 2025 en coincard Streetart avec NFT (FR)","isPartOf":{"@id":"https:\/\/www.david-coin.com\/#website"},"primaryImageOfPage":{"@id":"https:\/\/www.david-coin.com\/product\/belgie-250-euro-2025-in-coincard-streetart-met-nft\/#primaryimage"},"image":{"@id":"https:\/\/www.david-coin.com\/product\/belgie-250-euro-2025-in-coincard-streetart-met-nft\/#primaryimage"},"thumbnailUrl":"https:\/\/www.david-coin.com\/wp-content\/uploads\/2025\/05\/BelgiE-2-50-euro-2025-streetart-FR-vz.jpg","datePublished":"2025-05-14T12:27:43+00:00","dateModified":"2026-01-28T09:41:00+00:00","description":"Belgische euromunten in coincard verkrijgbaar bij David-coin. Bekijk nu ons complete aanbod. Gratis verzending binnen Nederland vanaf 75 euro.","breadcrumb":{"@id":"https:\/\/www.david-coin.com\/product\/belgie-250-euro-2025-in-coincard-streetart-met-nft\/#breadcrumb"},"inLanguage":"fr-FR","potentialAction":[{"@type":"ReadAction","target":["https:\/\/www.david-coin.com\/product\/belgie-250-euro-2025-in-coincard-streetart-met-nft\/"]}]},{"@type":"ImageObject","inLanguage":"fr-FR","@id":"https:\/\/www.david-coin.com\/product\/belgie-250-euro-2025-in-coincard-streetart-met-nft\/#primaryimage","url":"https:\/\/www.david-coin.com\/wp-content\/uploads\/2025\/05\/BelgiE-2-50-euro-2025-streetart-FR-vz.jpg","contentUrl":"https:\/\/www.david-coin.com\/wp-content\/uploads\/2025\/05\/BelgiE-2-50-euro-2025-streetart-FR-vz.jpg","width":643,"height":432,"caption":"Belgi\u00eb 2,50 euro 2025 in coincard Streetart met NFT (FR)"},{"@type":"BreadcrumbList","@id":"https:\/\/www.david-coin.com\/product\/belgie-250-euro-2025-in-coincard-streetart-met-nft\/#breadcrumb","itemListElement":[{"@type":"ListItem","position":1,"name":"Home","item":"https:\/\/www.david-coin.com\/"},{"@type":"ListItem","position":2,"name":"Winkel","item":"https:\/\/www.david-coin.com\/winkel\/"},{"@type":"ListItem","position":3,"name":"Belgi\u00eb 2,50 euro 2025 in coincard Streetart met NFT (FR)"}]},{"@type":"WebSite","@id":"https:\/\/www.david-coin.com\/#website","url":"https:\/\/www.david-coin.com\/","name":"David Coin","description":"","publisher":{"@id":"https:\/\/www.david-coin.com\/#organization"},"potentialAction":[{"@type":"SearchAction","target":{"@type":"EntryPoint","urlTemplate":"https:\/\/www.david-coin.com\/?s={search_term_string}"},"query-input":{"@type":"PropertyValueSpecification","valueRequired":true,"valueName":"search_term_string"}}],"inLanguage":"fr-FR"},{"@type":"Organization","@id":"https:\/\/www.david-coin.com\/#organization","name":"David Coin","url":"https:\/\/www.david-coin.com\/","logo":{"@type":"ImageObject","inLanguage":"fr-FR","@id":"https:\/\/www.david-coin.com\/#\/schema\/logo\/image\/","url":"https:\/\/www.david-coin.com\/wp-content\/uploads\/2024\/04\/davidcoin-logo-final.png","contentUrl":"https:\/\/www.david-coin.com\/wp-content\/uploads\/2024\/04\/davidcoin-logo-final.png","width":800,"height":267,"caption":"David Coin"},"image":{"@id":"https:\/\/www.david-coin.com\/#\/schema\/logo\/image\/"},"sameAs":["https:\/\/www.facebook.com\/Davidcoininkoopenverkoop","https:\/\/www.youtube.com\/channel\/UC39lihLKFSPTff0w6tv0pWQ"]}]},"product_price_amount":"12.50","product_price_currency":"EUR","og_availability":"instock","product_availability":"instock","product_retailer_item_id":"31171","product_condition":"new"},"_links":{"self":[{"href":"https:\/\/www.david-coin.com\/fr\/wp-json\/wp\/v2\/product\/147720","targetHints":{"allow":["GET"]}}],"collection":[{"href":"https:\/\/www.david-coin.com\/fr\/wp-json\/wp\/v2\/product"}],"about":[{"href":"https:\/\/www.david-coin.com\/fr\/wp-json\/wp\/v2\/types\/product"}],"replies":[{"embeddable":true,"href":"https:\/\/www.david-coin.com\/fr\/wp-json\/wp\/v2\/comments?post=147720"}],"wp:featuredmedia":[{"embeddable":true,"href":"https:\/\/www.david-coin.com\/fr\/wp-json\/wp\/v2\/media\/147724"}],"wp:attachment":[{"href":"https:\/\/www.david-coin.com\/fr\/wp-json\/wp\/v2\/media?parent=147720"}],"wp:term":[{"taxonomy":"product_brand","embeddable":true,"href":"https:\/\/www.david-coin.com\/fr\/wp-json\/wp\/v2\/product_brand?post=147720"},{"taxonomy":"product_cat","embeddable":true,"href":"https:\/\/www.david-coin.com\/fr\/wp-json\/wp\/v2\/product_cat?post=147720"},{"taxonomy":"product_tag","embeddable":true,"href":"https:\/\/www.david-coin.com\/fr\/wp-json\/wp\/v2\/product_tag?post=147720"}],"curies":[{"name":"wp","href":"https:\/\/api.w.org\/{rel}","templated":true}]}}