{"id":146775,"date":"2025-04-07T16:00:00","date_gmt":"2025-04-07T14:00:00","guid":{"rendered":"https:\/\/www.david-coin.com\/?post_type=product&#038;p=146775"},"modified":"2026-01-27T17:32:20","modified_gmt":"2026-01-27T16:32:20","slug":"nederland-10-gulden-1945-staatsmijnen-pmg45-epq","status":"publish","type":"product","link":"https:\/\/www.david-coin.com\/fr\/produit\/nederland-10-gulden-1945-staatsmijnen-pmg45-epq\/","title":{"rendered":"Pays-Bas 10 florins 1945 State Mines PMG45 EPQ"},"content":{"rendered":"<p>Pays-Bas 10 florins 1945 State Mines PMG45 EPQ <br \/> Qualit\u00e9 exceptionnelle du papier <br \/> Kwaliteit: Choice Extremely Fine <br \/>Filigrane : Phoenix <br \/>Choix : 75b<br \/> NVMH : 46-1 <br \/>Plomp:pl43b <\/p>\n<p>Le billet de dix florins \"Staatsmijnen\" comporte au recto une photo du roi Guillaume 1er et au verso une photo des mines de l'\u00c9tat. Le billet est encore sign\u00e9 par le pr\u00e9sident de la DNB, Trip, et par le secr\u00e9taire de la DNB, Westerman-Holstijn. Ce billet porte encore la mention \"pays au porteur\", qui a fini par dispara\u00eetre des billets post\u00e9rieurs \u00e0 ce type. Le billet de 10 livres avec les mines de l'\u00c9tat fait partie de la s\u00e9rie de billets d'apr\u00e8s-guerre qui comprend \u00e9galement les billets suivants :<br \/>\n&#8211;\t<a href=\"https:\/\/www.david-coin.com\/fr\/produit\/nederland-20-gulden-1945-willem-iii\/\">Vingt florins William 3<\/a><br \/>\n&#8211;\t<a href=\"https:\/\/www.david-coin.com\/fr\/produit\/nederland-25-gulden-1945-meisje-in-blauw-2\/\">Vingt-cinq florins Fille en bleu<\/a><br \/>\n&#8211;\t<a href=\"https:\/\/www.david-coin.com\/fr\/produit\/nederland-50-gulden-1945-stadhouder-willem-3-pmg40\/\">Cinquante guilders stadholder<\/a><br \/>\n&#8211;\t<a href=\"https:\/\/www.david-coin.com\/fr\/produit\/nederland-1000-gulden-1945-willem-de-zwijger-pmg-35\/\">Mille florins Guillaume d'Orange<\/a><br \/>\nLe billet a \u00e9t\u00e9 retir\u00e9 de la circulation au d\u00e9but des ann\u00e9es 1950, lorsque la Banque de France a d\u00e9cid\u00e9 de le retirer de la circulation. <a href=\"https:\/\/www.david-coin.com\/fr\/produit\/nederland-10-gulden-1953-hugo-de-groot\/\">billet de dix florins de Hugo de Groot<\/a> a \u00e9t\u00e9 mis en circulation en 1953. <\/p>\n<p>\nVoir les scans pour plus de d\u00e9tails. <br \/>\nPour toute question, n'h\u00e9sitez pas \u00e0 nous envoyer un message.<\/p>\n<p>&nbsp;<\/p>","protected":false},"excerpt":{"rendered":"<p>Billet de florin class\u00e9 par PMG<\/p>","protected":false},"featured_media":146262,"comment_status":"closed","ping_status":"open","template":"","meta":[],"product_brand":[],"product_cat":[5491,5472],"product_tag":[],"class_list":{"0":"post-146775","1":"product","2":"type-product","3":"status-publish","4":"has-post-thumbnail","6":"product_cat-10-gulden-biljet","7":"product_cat-nederlandse-bankbiljetten","8":"pa_bankbiljetwaarde-10gulden","9":"pa_kwaliteit-prachtig","10":"pa_land-nederland","11":"pa_soort-pmgnotes","13":"first","14":"instock","15":"purchasable","16":"product-type-simple"},"yoast_head":"<!-- This site is optimized with the Yoast SEO Premium plugin v27.2 (Yoast SEO v27.4) - https:\/\/yoast.com\/product\/yoast-seo-premium-wordpress\/ -->\n<title>Nederland 10 Gulden 1945 Staatsmijnen PMG45 EPQ<\/title>\n<meta name=\"description\" content=\"Nederlandse guldenbiljetten verkrijgbaar bij David-coin. Bekijk nu ons ruime aanbod Koninkrijksbiljetten. Gratis verzending vanaf 75 euro binnen NL.\" \/>\n<meta name=\"robots\" content=\"index, follow, max-snippet:-1, max-image-preview:large, max-video-preview:-1\" \/>\n<link rel=\"canonical\" href=\"https:\/\/www.david-coin.com\/fr\/produit\/nederland-10-gulden-1945-staatsmijnen-pmg45-epq\/\" \/>\n<meta property=\"og:locale\" content=\"fr_FR\" \/>\n<meta property=\"og:type\" content=\"article\" \/>\n<meta property=\"og:title\" content=\"Nederland 10 Gulden 1945 Staatsmijnen PMG45 EPQ\" \/>\n<meta property=\"og:description\" content=\"Nederlandse guldenbiljetten verkrijgbaar bij David-coin. Bekijk nu ons ruime aanbod Koninkrijksbiljetten. Gratis verzending vanaf 75 euro binnen NL.\" \/>\n<meta property=\"og:url\" content=\"https:\/\/www.david-coin.com\/fr\/produit\/nederland-10-gulden-1945-staatsmijnen-pmg45-epq\/\" \/>\n<meta property=\"og:site_name\" content=\"David Coin\" \/>\n<meta property=\"article:publisher\" content=\"https:\/\/www.facebook.com\/Davidcoininkoopenverkoop\" \/>\n<meta property=\"article:modified_time\" content=\"2026-01-27T16:32:20+00:00\" \/>\n<meta property=\"og:image\" content=\"https:\/\/www.david-coin.com\/wp-content\/uploads\/2025\/03\/Nederland-PMG45-10gulden-1945-vz.jpg\" \/>\n\t<meta property=\"og:image:width\" content=\"1008\" \/>\n\t<meta property=\"og:image:height\" content=\"675\" \/>\n\t<meta property=\"og:image:type\" content=\"image\/jpeg\" \/>\n<meta name=\"twitter:card\" content=\"summary_large_image\" \/>\n<meta name=\"twitter:label1\" content=\"Prix\" \/>\n\t<meta name=\"twitter:data1\" content=\"&euro;&nbsp;274,95\" \/>\n\t<meta name=\"twitter:label2\" content=\"Disponibilit\u00e9\" \/>\n\t<meta name=\"twitter:data2\" content=\"En stock\" \/>\n<script type=\"application\/ld+json\" class=\"yoast-schema-graph\">{\"@context\":\"https:\\\/\\\/schema.org\",\"@graph\":[{\"@type\":\"WebPage\",\"@id\":\"https:\\\/\\\/www.david-coin.com\\\/product\\\/nederland-10-gulden-1945-staatsmijnen-pmg45-epq\\\/\",\"url\":\"https:\\\/\\\/www.david-coin.com\\\/product\\\/nederland-10-gulden-1945-staatsmijnen-pmg45-epq\\\/\",\"name\":\"Nederland 10 Gulden 1945 Staatsmijnen PMG45 EPQ\",\"isPartOf\":{\"@id\":\"https:\\\/\\\/www.david-coin.com\\\/#website\"},\"primaryImageOfPage\":{\"@id\":\"https:\\\/\\\/www.david-coin.com\\\/product\\\/nederland-10-gulden-1945-staatsmijnen-pmg45-epq\\\/#primaryimage\"},\"image\":{\"@id\":\"https:\\\/\\\/www.david-coin.com\\\/product\\\/nederland-10-gulden-1945-staatsmijnen-pmg45-epq\\\/#primaryimage\"},\"thumbnailUrl\":\"https:\\\/\\\/www.david-coin.com\\\/wp-content\\\/uploads\\\/2025\\\/03\\\/Nederland-PMG45-10gulden-1945-vz.jpg\",\"datePublished\":\"2025-04-07T14:00:00+00:00\",\"dateModified\":\"2026-01-27T16:32:20+00:00\",\"description\":\"Nederlandse guldenbiljetten verkrijgbaar bij David-coin. Bekijk nu ons ruime aanbod Koninkrijksbiljetten. Gratis verzending vanaf 75 euro binnen NL.\",\"breadcrumb\":{\"@id\":\"https:\\\/\\\/www.david-coin.com\\\/product\\\/nederland-10-gulden-1945-staatsmijnen-pmg45-epq\\\/#breadcrumb\"},\"inLanguage\":\"fr-FR\",\"potentialAction\":[{\"@type\":\"ReadAction\",\"target\":[\"https:\\\/\\\/www.david-coin.com\\\/product\\\/nederland-10-gulden-1945-staatsmijnen-pmg45-epq\\\/\"]}]},{\"@type\":\"ImageObject\",\"inLanguage\":\"fr-FR\",\"@id\":\"https:\\\/\\\/www.david-coin.com\\\/product\\\/nederland-10-gulden-1945-staatsmijnen-pmg45-epq\\\/#primaryimage\",\"url\":\"https:\\\/\\\/www.david-coin.com\\\/wp-content\\\/uploads\\\/2025\\\/03\\\/Nederland-PMG45-10gulden-1945-vz.jpg\",\"contentUrl\":\"https:\\\/\\\/www.david-coin.com\\\/wp-content\\\/uploads\\\/2025\\\/03\\\/Nederland-PMG45-10gulden-1945-vz.jpg\",\"width\":1008,\"height\":675,\"caption\":\"Nederland 10 Gulden 1945 Staatsmijnen PMG45 EPQ\"},{\"@type\":\"BreadcrumbList\",\"@id\":\"https:\\\/\\\/www.david-coin.com\\\/product\\\/nederland-10-gulden-1945-staatsmijnen-pmg45-epq\\\/#breadcrumb\",\"itemListElement\":[{\"@type\":\"ListItem\",\"position\":1,\"name\":\"Home\",\"item\":\"https:\\\/\\\/www.david-coin.com\\\/\"},{\"@type\":\"ListItem\",\"position\":2,\"name\":\"Winkel\",\"item\":\"https:\\\/\\\/www.david-coin.com\\\/winkel\\\/\"},{\"@type\":\"ListItem\",\"position\":3,\"name\":\"Nederland 10 Gulden 1945 Staatsmijnen PMG45 EPQ\"}]},{\"@type\":\"WebSite\",\"@id\":\"https:\\\/\\\/www.david-coin.com\\\/#website\",\"url\":\"https:\\\/\\\/www.david-coin.com\\\/\",\"name\":\"David Coin\",\"description\":\"\",\"publisher\":{\"@id\":\"https:\\\/\\\/www.david-coin.com\\\/#organization\"},\"potentialAction\":[{\"@type\":\"SearchAction\",\"target\":{\"@type\":\"EntryPoint\",\"urlTemplate\":\"https:\\\/\\\/www.david-coin.com\\\/?s={search_term_string}\"},\"query-input\":{\"@type\":\"PropertyValueSpecification\",\"valueRequired\":true,\"valueName\":\"search_term_string\"}}],\"inLanguage\":\"fr-FR\"},{\"@type\":\"Organization\",\"@id\":\"https:\\\/\\\/www.david-coin.com\\\/#organization\",\"name\":\"David Coin\",\"url\":\"https:\\\/\\\/www.david-coin.com\\\/\",\"logo\":{\"@type\":\"ImageObject\",\"inLanguage\":\"fr-FR\",\"@id\":\"https:\\\/\\\/www.david-coin.com\\\/#\\\/schema\\\/logo\\\/image\\\/\",\"url\":\"https:\\\/\\\/www.david-coin.com\\\/wp-content\\\/uploads\\\/2024\\\/04\\\/davidcoin-logo-final.png\",\"contentUrl\":\"https:\\\/\\\/www.david-coin.com\\\/wp-content\\\/uploads\\\/2024\\\/04\\\/davidcoin-logo-final.png\",\"width\":800,\"height\":267,\"caption\":\"David Coin\"},\"image\":{\"@id\":\"https:\\\/\\\/www.david-coin.com\\\/#\\\/schema\\\/logo\\\/image\\\/\"},\"sameAs\":[\"https:\\\/\\\/www.facebook.com\\\/Davidcoininkoopenverkoop\",\"https:\\\/\\\/www.youtube.com\\\/channel\\\/UC39lihLKFSPTff0w6tv0pWQ\"]}]}<\/script>\n<meta property=\"product:price:amount\" content=\"274.95\" \/>\n<meta property=\"product:price:currency\" content=\"EUR\" \/>\n<meta property=\"og:availability\" content=\"instock\" \/>\n<meta property=\"product:availability\" content=\"instock\" \/>\n<meta property=\"product:retailer_item_id\" content=\"2855\" \/>\n<meta property=\"product:condition\" content=\"new\" \/>\n<!-- \/ Yoast SEO Premium plugin. -->","yoast_head_json":{"title":"Nederland 10 Gulden 1945 Staatsmijnen PMG45 EPQ","description":"Nederlandse guldenbiljetten verkrijgbaar bij David-coin. Bekijk nu ons ruime aanbod Koninkrijksbiljetten. Gratis verzending vanaf 75 euro binnen NL.","robots":{"index":"index","follow":"follow","max-snippet":"max-snippet:-1","max-image-preview":"max-image-preview:large","max-video-preview":"max-video-preview:-1"},"canonical":"https:\/\/www.david-coin.com\/fr\/produit\/nederland-10-gulden-1945-staatsmijnen-pmg45-epq\/","og_locale":"fr_FR","og_type":"article","og_title":"Nederland 10 Gulden 1945 Staatsmijnen PMG45 EPQ","og_description":"Nederlandse guldenbiljetten verkrijgbaar bij David-coin. Bekijk nu ons ruime aanbod Koninkrijksbiljetten. Gratis verzending vanaf 75 euro binnen NL.","og_url":"https:\/\/www.david-coin.com\/fr\/produit\/nederland-10-gulden-1945-staatsmijnen-pmg45-epq\/","og_site_name":"David Coin","article_publisher":"https:\/\/www.facebook.com\/Davidcoininkoopenverkoop","article_modified_time":"2026-01-27T16:32:20+00:00","og_image":[{"width":1008,"height":675,"url":"https:\/\/www.david-coin.com\/wp-content\/uploads\/2025\/03\/Nederland-PMG45-10gulden-1945-vz.jpg","type":"image\/jpeg"}],"twitter_card":"summary_large_image","twitter_misc":{"Prix":"&euro;&nbsp;274,95","Disponibilit\u00e9":"En stock"},"schema":{"@context":"https:\/\/schema.org","@graph":[{"@type":"WebPage","@id":"https:\/\/www.david-coin.com\/product\/nederland-10-gulden-1945-staatsmijnen-pmg45-epq\/","url":"https:\/\/www.david-coin.com\/product\/nederland-10-gulden-1945-staatsmijnen-pmg45-epq\/","name":"Nederland 10 Gulden 1945 Staatsmijnen PMG45 EPQ","isPartOf":{"@id":"https:\/\/www.david-coin.com\/#website"},"primaryImageOfPage":{"@id":"https:\/\/www.david-coin.com\/product\/nederland-10-gulden-1945-staatsmijnen-pmg45-epq\/#primaryimage"},"image":{"@id":"https:\/\/www.david-coin.com\/product\/nederland-10-gulden-1945-staatsmijnen-pmg45-epq\/#primaryimage"},"thumbnailUrl":"https:\/\/www.david-coin.com\/wp-content\/uploads\/2025\/03\/Nederland-PMG45-10gulden-1945-vz.jpg","datePublished":"2025-04-07T14:00:00+00:00","dateModified":"2026-01-27T16:32:20+00:00","description":"Nederlandse guldenbiljetten verkrijgbaar bij David-coin. Bekijk nu ons ruime aanbod Koninkrijksbiljetten. Gratis verzending vanaf 75 euro binnen NL.","breadcrumb":{"@id":"https:\/\/www.david-coin.com\/product\/nederland-10-gulden-1945-staatsmijnen-pmg45-epq\/#breadcrumb"},"inLanguage":"fr-FR","potentialAction":[{"@type":"ReadAction","target":["https:\/\/www.david-coin.com\/product\/nederland-10-gulden-1945-staatsmijnen-pmg45-epq\/"]}]},{"@type":"ImageObject","inLanguage":"fr-FR","@id":"https:\/\/www.david-coin.com\/product\/nederland-10-gulden-1945-staatsmijnen-pmg45-epq\/#primaryimage","url":"https:\/\/www.david-coin.com\/wp-content\/uploads\/2025\/03\/Nederland-PMG45-10gulden-1945-vz.jpg","contentUrl":"https:\/\/www.david-coin.com\/wp-content\/uploads\/2025\/03\/Nederland-PMG45-10gulden-1945-vz.jpg","width":1008,"height":675,"caption":"Nederland 10 Gulden 1945 Staatsmijnen PMG45 EPQ"},{"@type":"BreadcrumbList","@id":"https:\/\/www.david-coin.com\/product\/nederland-10-gulden-1945-staatsmijnen-pmg45-epq\/#breadcrumb","itemListElement":[{"@type":"ListItem","position":1,"name":"Home","item":"https:\/\/www.david-coin.com\/"},{"@type":"ListItem","position":2,"name":"Winkel","item":"https:\/\/www.david-coin.com\/winkel\/"},{"@type":"ListItem","position":3,"name":"Nederland 10 Gulden 1945 Staatsmijnen PMG45 EPQ"}]},{"@type":"WebSite","@id":"https:\/\/www.david-coin.com\/#website","url":"https:\/\/www.david-coin.com\/","name":"David Coin","description":"","publisher":{"@id":"https:\/\/www.david-coin.com\/#organization"},"potentialAction":[{"@type":"SearchAction","target":{"@type":"EntryPoint","urlTemplate":"https:\/\/www.david-coin.com\/?s={search_term_string}"},"query-input":{"@type":"PropertyValueSpecification","valueRequired":true,"valueName":"search_term_string"}}],"inLanguage":"fr-FR"},{"@type":"Organization","@id":"https:\/\/www.david-coin.com\/#organization","name":"David Coin","url":"https:\/\/www.david-coin.com\/","logo":{"@type":"ImageObject","inLanguage":"fr-FR","@id":"https:\/\/www.david-coin.com\/#\/schema\/logo\/image\/","url":"https:\/\/www.david-coin.com\/wp-content\/uploads\/2024\/04\/davidcoin-logo-final.png","contentUrl":"https:\/\/www.david-coin.com\/wp-content\/uploads\/2024\/04\/davidcoin-logo-final.png","width":800,"height":267,"caption":"David Coin"},"image":{"@id":"https:\/\/www.david-coin.com\/#\/schema\/logo\/image\/"},"sameAs":["https:\/\/www.facebook.com\/Davidcoininkoopenverkoop","https:\/\/www.youtube.com\/channel\/UC39lihLKFSPTff0w6tv0pWQ"]}]},"product_price_amount":"274.95","product_price_currency":"EUR","og_availability":"instock","product_availability":"instock","product_retailer_item_id":"2855","product_condition":"new"},"_links":{"self":[{"href":"https:\/\/www.david-coin.com\/fr\/wp-json\/wp\/v2\/product\/146775","targetHints":{"allow":["GET"]}}],"collection":[{"href":"https:\/\/www.david-coin.com\/fr\/wp-json\/wp\/v2\/product"}],"about":[{"href":"https:\/\/www.david-coin.com\/fr\/wp-json\/wp\/v2\/types\/product"}],"replies":[{"embeddable":true,"href":"https:\/\/www.david-coin.com\/fr\/wp-json\/wp\/v2\/comments?post=146775"}],"wp:featuredmedia":[{"embeddable":true,"href":"https:\/\/www.david-coin.com\/fr\/wp-json\/wp\/v2\/media\/146262"}],"wp:attachment":[{"href":"https:\/\/www.david-coin.com\/fr\/wp-json\/wp\/v2\/media?parent=146775"}],"wp:term":[{"taxonomy":"product_brand","embeddable":true,"href":"https:\/\/www.david-coin.com\/fr\/wp-json\/wp\/v2\/product_brand?post=146775"},{"taxonomy":"product_cat","embeddable":true,"href":"https:\/\/www.david-coin.com\/fr\/wp-json\/wp\/v2\/product_cat?post=146775"},{"taxonomy":"product_tag","embeddable":true,"href":"https:\/\/www.david-coin.com\/fr\/wp-json\/wp\/v2\/product_tag?post=146775"}],"curies":[{"name":"wp","href":"https:\/\/api.w.org\/{rel}","templated":true}]}}