{"id":145153,"date":"2025-03-14T16:46:09","date_gmt":"2025-03-14T15:46:09","guid":{"rendered":"https:\/\/www.david-coin.com\/?post_type=product&#038;p=145153"},"modified":"2026-01-27T12:32:36","modified_gmt":"2026-01-27T11:32:36","slug":"nederland-serie-zilveren-guldenmunten-willem-1-t-m-wilhelmina","status":"publish","type":"product","link":"https:\/\/www.david-coin.com\/fr\/produit\/nederland-serie-zilveren-guldenmunten-willem-1-t-m-wilhelmina\/","title":{"rendered":"Pays-Bas s\u00e9rie de pi\u00e8ces en florins d'argent Willem 1 \u00e0 Wilhelmina (8 pi\u00e8ces)"},"content":{"rendered":"<p><span style=\"font-size: 12pt;\"><strong>Pays-Bas s\u00e9rie de pi\u00e8ces en florins d'argent Willem 1 \u00e0 Wilhelmina (8 pi\u00e8ces)<br \/>\n<\/strong><\/span>Bevat 8 verschillende type guldenmunten van de regeerperiode van Willem 1, die in 1815 zijn regeringsperiode begon t\/ Wilhelmina die t\/m 1948 regeerde. Van Wilhelmina zijn verschillenden portretten beschikbaar waaronder \u00e9\u00e9n exclusieve gulden uit 1940 in een nette kwaliteit die bewerkt is door het verzet. Op deze gulden is een helm bij Wilhelmina aangebracht als teken van verzet. (zie de foto&#8217;s ter verduidelijking).<br \/>\n<span style=\"font-size: 12pt;\">Kwaliteit: Divers &#8211; Fraai tot Zeer Fraai\/Prachtig<\/span><br \/>\n<span style=\"font-size: 12pt;\">Bevat de volgende serie Nederlandse zilveren guldenmunten in zilver geslagen:<\/span><\/p>\n<p>1840 &#8211; Willem 1<br \/>\n1847 &#8211; Willem 2<br \/>\n1863 &#8211; Willem 3<br \/>\n1897 &#8211; Wilhelmina met loshangend haar<br \/>\n1907 &#8211; Wilhelmina portret met diadeem<br \/>\n1914 &#8211; Wilhelmina met hermelijnen mantel<br \/>\n1931 &#8211; Wilhelmina portret met opgestoken haar<br \/>\n1940 &#8211; Wilhelmina met helm (In ongeveer prachtige kwaliteit)<\/p>\n<p><strong>Een unieke serie bij elkaar en nu eenmalig beschikbaar.\u00a0<\/strong><\/p>\n<p><span style=\"font-size: 12pt;\">Voir les scans pour plus de d\u00e9tails.<br \/>\nPour toute question, n'h\u00e9sitez pas \u00e0 nous envoyer un message.\u00a0<\/span><\/p>","protected":false},"excerpt":{"rendered":"<p>Unieke serie guldenmunten van Willem 1 t\/m Wilhelmina. 8 exemplaren. van de periode 1840 t\/m 1940. 100 jaar historie in \u00e9\u00e9n setje.<\/p>","protected":false},"featured_media":144908,"comment_status":"closed","ping_status":"closed","template":"","meta":[],"product_brand":[],"product_cat":[5517,5471,5608],"product_tag":[],"class_list":{"0":"post-145153","1":"product","2":"type-product","3":"status-publish","4":"has-post-thumbnail","6":"product_cat-aanbiedingen-munten-bankbiljetten","7":"product_cat-nederlandse-munten","8":"product_cat-munten-verzameling","9":"pa_delcampeid-5277","10":"pa_koning-koningin-wilhelmina","11":"pa_koning-koningin-willem1","12":"pa_koning-koningin-willem2","13":"pa_koning-koningin-willem3","14":"pa_kwaliteit-divers","15":"pa_land-nederland","16":"pa_materiaal-zilver","17":"pa_muntwaarde-1gulden","19":"first","20":"outofstock","21":"sale","22":"taxable","23":"shipping-taxable","24":"purchasable","25":"product-type-simple"},"yoast_head":"<!-- This site is optimized with the Yoast SEO Premium plugin v27.2 (Yoast SEO v27.5) - https:\/\/yoast.com\/product\/yoast-seo-premium-wordpress\/ -->\n<title>Nederland serie zilveren guldenmunten Willem 1 t\/m Wilhelmina (8 stuks)<\/title>\n<meta name=\"description\" content=\"Nederland serie zilveren guldenmunten Willem 1 t\/m Wilhelmina (8 stuks). Nu verkrijgbaar bij David-coin. Gratis verzending vanaf 75 euro binnen NL.\" \/>\n<meta name=\"robots\" content=\"index, follow, max-snippet:-1, max-image-preview:large, max-video-preview:-1\" \/>\n<link rel=\"canonical\" href=\"https:\/\/www.david-coin.com\/fr\/produit\/nederland-serie-zilveren-guldenmunten-willem-1-t-m-wilhelmina\/\" \/>\n<meta property=\"og:locale\" content=\"fr_FR\" \/>\n<meta property=\"og:type\" content=\"article\" \/>\n<meta property=\"og:title\" content=\"Nederland serie zilveren guldenmunten Willem 1 t\/m Wilhelmina (8 stuks)\" \/>\n<meta property=\"og:description\" content=\"Nederland serie zilveren guldenmunten Willem 1 t\/m Wilhelmina (8 stuks). Nu verkrijgbaar bij David-coin. Gratis verzending vanaf 75 euro binnen NL.\" \/>\n<meta property=\"og:url\" content=\"https:\/\/www.david-coin.com\/fr\/produit\/nederland-serie-zilveren-guldenmunten-willem-1-t-m-wilhelmina\/\" \/>\n<meta property=\"og:site_name\" content=\"David Coin\" \/>\n<meta property=\"article:publisher\" content=\"https:\/\/www.facebook.com\/Davidcoininkoopenverkoop\" \/>\n<meta property=\"article:modified_time\" content=\"2026-01-27T11:32:36+00:00\" \/>\n<meta property=\"og:image\" content=\"https:\/\/www.david-coin.com\/wp-content\/uploads\/2025\/02\/Nederland-Guldenmunten-willem1-wilhelmina-vz-e1741104387154.jpg\" \/>\n\t<meta property=\"og:image:width\" content=\"1170\" \/>\n\t<meta property=\"og:image:height\" content=\"907\" \/>\n\t<meta property=\"og:image:type\" content=\"image\/jpeg\" \/>\n<meta name=\"twitter:card\" content=\"summary_large_image\" \/>\n<meta name=\"twitter:label1\" content=\"Prix\" \/>\n\t<meta name=\"twitter:data1\" content=\"&euro;&nbsp;475,00\" \/>\n\t<meta name=\"twitter:label2\" content=\"Disponibilit\u00e9\" \/>\n\t<meta name=\"twitter:data2\" content=\"Rupture de stock\" \/>\n<script type=\"application\/ld+json\" class=\"yoast-schema-graph\">{\"@context\":\"https:\\\/\\\/schema.org\",\"@graph\":[{\"@type\":\"WebPage\",\"@id\":\"https:\\\/\\\/www.david-coin.com\\\/product\\\/nederland-serie-zilveren-guldenmunten-willem-1-t-m-wilhelmina\\\/\",\"url\":\"https:\\\/\\\/www.david-coin.com\\\/product\\\/nederland-serie-zilveren-guldenmunten-willem-1-t-m-wilhelmina\\\/\",\"name\":\"Nederland serie zilveren guldenmunten Willem 1 t\\\/m Wilhelmina (8 stuks)\",\"isPartOf\":{\"@id\":\"https:\\\/\\\/www.david-coin.com\\\/#website\"},\"primaryImageOfPage\":{\"@id\":\"https:\\\/\\\/www.david-coin.com\\\/product\\\/nederland-serie-zilveren-guldenmunten-willem-1-t-m-wilhelmina\\\/#primaryimage\"},\"image\":{\"@id\":\"https:\\\/\\\/www.david-coin.com\\\/product\\\/nederland-serie-zilveren-guldenmunten-willem-1-t-m-wilhelmina\\\/#primaryimage\"},\"thumbnailUrl\":\"https:\\\/\\\/www.david-coin.com\\\/wp-content\\\/uploads\\\/2025\\\/02\\\/Nederland-Guldenmunten-willem1-wilhelmina-vz-e1741104387154.jpg\",\"datePublished\":\"2025-03-14T15:46:09+00:00\",\"dateModified\":\"2026-01-27T11:32:36+00:00\",\"description\":\"Nederland serie zilveren guldenmunten Willem 1 t\\\/m Wilhelmina (8 stuks). Nu verkrijgbaar bij David-coin. Gratis verzending vanaf 75 euro binnen NL.\",\"breadcrumb\":{\"@id\":\"https:\\\/\\\/www.david-coin.com\\\/product\\\/nederland-serie-zilveren-guldenmunten-willem-1-t-m-wilhelmina\\\/#breadcrumb\"},\"inLanguage\":\"fr-FR\",\"potentialAction\":[{\"@type\":\"ReadAction\",\"target\":[\"https:\\\/\\\/www.david-coin.com\\\/product\\\/nederland-serie-zilveren-guldenmunten-willem-1-t-m-wilhelmina\\\/\"]}]},{\"@type\":\"ImageObject\",\"inLanguage\":\"fr-FR\",\"@id\":\"https:\\\/\\\/www.david-coin.com\\\/product\\\/nederland-serie-zilveren-guldenmunten-willem-1-t-m-wilhelmina\\\/#primaryimage\",\"url\":\"https:\\\/\\\/www.david-coin.com\\\/wp-content\\\/uploads\\\/2025\\\/02\\\/Nederland-Guldenmunten-willem1-wilhelmina-vz-e1741104387154.jpg\",\"contentUrl\":\"https:\\\/\\\/www.david-coin.com\\\/wp-content\\\/uploads\\\/2025\\\/02\\\/Nederland-Guldenmunten-willem1-wilhelmina-vz-e1741104387154.jpg\",\"width\":1170,\"height\":907,\"caption\":\"Nederland serie zilveren guldenmunten Willem 1 t\\\/m Wilhelmina\"},{\"@type\":\"BreadcrumbList\",\"@id\":\"https:\\\/\\\/www.david-coin.com\\\/product\\\/nederland-serie-zilveren-guldenmunten-willem-1-t-m-wilhelmina\\\/#breadcrumb\",\"itemListElement\":[{\"@type\":\"ListItem\",\"position\":1,\"name\":\"Home\",\"item\":\"https:\\\/\\\/www.david-coin.com\\\/\"},{\"@type\":\"ListItem\",\"position\":2,\"name\":\"Winkel\",\"item\":\"https:\\\/\\\/www.david-coin.com\\\/winkel\\\/\"},{\"@type\":\"ListItem\",\"position\":3,\"name\":\"Nederland serie zilveren guldenmunten Willem 1 t\\\/m Wilhelmina (8 stuks)\"}]},{\"@type\":\"WebSite\",\"@id\":\"https:\\\/\\\/www.david-coin.com\\\/#website\",\"url\":\"https:\\\/\\\/www.david-coin.com\\\/\",\"name\":\"David Coin\",\"description\":\"\",\"publisher\":{\"@id\":\"https:\\\/\\\/www.david-coin.com\\\/#organization\"},\"potentialAction\":[{\"@type\":\"SearchAction\",\"target\":{\"@type\":\"EntryPoint\",\"urlTemplate\":\"https:\\\/\\\/www.david-coin.com\\\/?s={search_term_string}\"},\"query-input\":{\"@type\":\"PropertyValueSpecification\",\"valueRequired\":true,\"valueName\":\"search_term_string\"}}],\"inLanguage\":\"fr-FR\"},{\"@type\":\"Organization\",\"@id\":\"https:\\\/\\\/www.david-coin.com\\\/#organization\",\"name\":\"David Coin\",\"url\":\"https:\\\/\\\/www.david-coin.com\\\/\",\"logo\":{\"@type\":\"ImageObject\",\"inLanguage\":\"fr-FR\",\"@id\":\"https:\\\/\\\/www.david-coin.com\\\/#\\\/schema\\\/logo\\\/image\\\/\",\"url\":\"https:\\\/\\\/www.david-coin.com\\\/wp-content\\\/uploads\\\/2024\\\/04\\\/davidcoin-logo-final.png\",\"contentUrl\":\"https:\\\/\\\/www.david-coin.com\\\/wp-content\\\/uploads\\\/2024\\\/04\\\/davidcoin-logo-final.png\",\"width\":800,\"height\":267,\"caption\":\"David Coin\"},\"image\":{\"@id\":\"https:\\\/\\\/www.david-coin.com\\\/#\\\/schema\\\/logo\\\/image\\\/\"},\"sameAs\":[\"https:\\\/\\\/www.facebook.com\\\/Davidcoininkoopenverkoop\",\"https:\\\/\\\/www.youtube.com\\\/channel\\\/UC39lihLKFSPTff0w6tv0pWQ\"]}]}<\/script>\n<meta property=\"product:price:amount\" content=\"475.00\" \/>\n<meta property=\"product:price:currency\" content=\"EUR\" \/>\n<meta property=\"og:availability\" content=\"out of stock\" \/>\n<meta property=\"product:availability\" content=\"out of stock\" \/>\n<meta property=\"product:retailer_item_id\" content=\"15965\" \/>\n<meta property=\"product:condition\" content=\"new\" \/>\n<!-- \/ Yoast SEO Premium plugin. -->","yoast_head_json":{"title":"Pays-Bas s\u00e9rie de pi\u00e8ces en florins d'argent Willem 1 \u00e0 Wilhelmina (8 pi\u00e8ces)","description":"Nederland serie zilveren guldenmunten Willem 1 t\/m Wilhelmina (8 stuks). Nu verkrijgbaar bij David-coin. Gratis verzending vanaf 75 euro binnen NL.","robots":{"index":"index","follow":"follow","max-snippet":"max-snippet:-1","max-image-preview":"max-image-preview:large","max-video-preview":"max-video-preview:-1"},"canonical":"https:\/\/www.david-coin.com\/fr\/produit\/nederland-serie-zilveren-guldenmunten-willem-1-t-m-wilhelmina\/","og_locale":"fr_FR","og_type":"article","og_title":"Nederland serie zilveren guldenmunten Willem 1 t\/m Wilhelmina (8 stuks)","og_description":"Nederland serie zilveren guldenmunten Willem 1 t\/m Wilhelmina (8 stuks). Nu verkrijgbaar bij David-coin. Gratis verzending vanaf 75 euro binnen NL.","og_url":"https:\/\/www.david-coin.com\/fr\/produit\/nederland-serie-zilveren-guldenmunten-willem-1-t-m-wilhelmina\/","og_site_name":"David Coin","article_publisher":"https:\/\/www.facebook.com\/Davidcoininkoopenverkoop","article_modified_time":"2026-01-27T11:32:36+00:00","og_image":[{"width":1170,"height":907,"url":"https:\/\/www.david-coin.com\/wp-content\/uploads\/2025\/02\/Nederland-Guldenmunten-willem1-wilhelmina-vz-e1741104387154.jpg","type":"image\/jpeg"}],"twitter_card":"summary_large_image","twitter_misc":{"Prix":"&euro;&nbsp;475,00","Disponibilit\u00e9":"Rupture de stock"},"schema":{"@context":"https:\/\/schema.org","@graph":[{"@type":"WebPage","@id":"https:\/\/www.david-coin.com\/product\/nederland-serie-zilveren-guldenmunten-willem-1-t-m-wilhelmina\/","url":"https:\/\/www.david-coin.com\/product\/nederland-serie-zilveren-guldenmunten-willem-1-t-m-wilhelmina\/","name":"Pays-Bas s\u00e9rie de pi\u00e8ces en florins d'argent Willem 1 \u00e0 Wilhelmina (8 pi\u00e8ces)","isPartOf":{"@id":"https:\/\/www.david-coin.com\/#website"},"primaryImageOfPage":{"@id":"https:\/\/www.david-coin.com\/product\/nederland-serie-zilveren-guldenmunten-willem-1-t-m-wilhelmina\/#primaryimage"},"image":{"@id":"https:\/\/www.david-coin.com\/product\/nederland-serie-zilveren-guldenmunten-willem-1-t-m-wilhelmina\/#primaryimage"},"thumbnailUrl":"https:\/\/www.david-coin.com\/wp-content\/uploads\/2025\/02\/Nederland-Guldenmunten-willem1-wilhelmina-vz-e1741104387154.jpg","datePublished":"2025-03-14T15:46:09+00:00","dateModified":"2026-01-27T11:32:36+00:00","description":"Nederland serie zilveren guldenmunten Willem 1 t\/m Wilhelmina (8 stuks). Nu verkrijgbaar bij David-coin. Gratis verzending vanaf 75 euro binnen NL.","breadcrumb":{"@id":"https:\/\/www.david-coin.com\/product\/nederland-serie-zilveren-guldenmunten-willem-1-t-m-wilhelmina\/#breadcrumb"},"inLanguage":"fr-FR","potentialAction":[{"@type":"ReadAction","target":["https:\/\/www.david-coin.com\/product\/nederland-serie-zilveren-guldenmunten-willem-1-t-m-wilhelmina\/"]}]},{"@type":"ImageObject","inLanguage":"fr-FR","@id":"https:\/\/www.david-coin.com\/product\/nederland-serie-zilveren-guldenmunten-willem-1-t-m-wilhelmina\/#primaryimage","url":"https:\/\/www.david-coin.com\/wp-content\/uploads\/2025\/02\/Nederland-Guldenmunten-willem1-wilhelmina-vz-e1741104387154.jpg","contentUrl":"https:\/\/www.david-coin.com\/wp-content\/uploads\/2025\/02\/Nederland-Guldenmunten-willem1-wilhelmina-vz-e1741104387154.jpg","width":1170,"height":907,"caption":"Nederland serie zilveren guldenmunten Willem 1 t\/m Wilhelmina"},{"@type":"BreadcrumbList","@id":"https:\/\/www.david-coin.com\/product\/nederland-serie-zilveren-guldenmunten-willem-1-t-m-wilhelmina\/#breadcrumb","itemListElement":[{"@type":"ListItem","position":1,"name":"Home","item":"https:\/\/www.david-coin.com\/"},{"@type":"ListItem","position":2,"name":"Winkel","item":"https:\/\/www.david-coin.com\/winkel\/"},{"@type":"ListItem","position":3,"name":"Nederland serie zilveren guldenmunten Willem 1 t\/m Wilhelmina (8 stuks)"}]},{"@type":"WebSite","@id":"https:\/\/www.david-coin.com\/#website","url":"https:\/\/www.david-coin.com\/","name":"David Coin","description":"","publisher":{"@id":"https:\/\/www.david-coin.com\/#organization"},"potentialAction":[{"@type":"SearchAction","target":{"@type":"EntryPoint","urlTemplate":"https:\/\/www.david-coin.com\/?s={search_term_string}"},"query-input":{"@type":"PropertyValueSpecification","valueRequired":true,"valueName":"search_term_string"}}],"inLanguage":"fr-FR"},{"@type":"Organization","@id":"https:\/\/www.david-coin.com\/#organization","name":"David Coin","url":"https:\/\/www.david-coin.com\/","logo":{"@type":"ImageObject","inLanguage":"fr-FR","@id":"https:\/\/www.david-coin.com\/#\/schema\/logo\/image\/","url":"https:\/\/www.david-coin.com\/wp-content\/uploads\/2024\/04\/davidcoin-logo-final.png","contentUrl":"https:\/\/www.david-coin.com\/wp-content\/uploads\/2024\/04\/davidcoin-logo-final.png","width":800,"height":267,"caption":"David Coin"},"image":{"@id":"https:\/\/www.david-coin.com\/#\/schema\/logo\/image\/"},"sameAs":["https:\/\/www.facebook.com\/Davidcoininkoopenverkoop","https:\/\/www.youtube.com\/channel\/UC39lihLKFSPTff0w6tv0pWQ"]}]},"product_price_amount":"475.00","product_price_currency":"EUR","og_availability":"out of stock","product_availability":"out of stock","product_retailer_item_id":"15965","product_condition":"new"},"_links":{"self":[{"href":"https:\/\/www.david-coin.com\/fr\/wp-json\/wp\/v2\/product\/145153","targetHints":{"allow":["GET"]}}],"collection":[{"href":"https:\/\/www.david-coin.com\/fr\/wp-json\/wp\/v2\/product"}],"about":[{"href":"https:\/\/www.david-coin.com\/fr\/wp-json\/wp\/v2\/types\/product"}],"replies":[{"embeddable":true,"href":"https:\/\/www.david-coin.com\/fr\/wp-json\/wp\/v2\/comments?post=145153"}],"wp:featuredmedia":[{"embeddable":true,"href":"https:\/\/www.david-coin.com\/fr\/wp-json\/wp\/v2\/media\/144908"}],"wp:attachment":[{"href":"https:\/\/www.david-coin.com\/fr\/wp-json\/wp\/v2\/media?parent=145153"}],"wp:term":[{"taxonomy":"product_brand","embeddable":true,"href":"https:\/\/www.david-coin.com\/fr\/wp-json\/wp\/v2\/product_brand?post=145153"},{"taxonomy":"product_cat","embeddable":true,"href":"https:\/\/www.david-coin.com\/fr\/wp-json\/wp\/v2\/product_cat?post=145153"},{"taxonomy":"product_tag","embeddable":true,"href":"https:\/\/www.david-coin.com\/fr\/wp-json\/wp\/v2\/product_tag?post=145153"}],"curies":[{"name":"wp","href":"https:\/\/api.w.org\/{rel}","templated":true}]}}