{"id":144950,"date":"2025-03-07T14:46:29","date_gmt":"2025-03-07T13:46:29","guid":{"rendered":"https:\/\/www.david-coin.com\/?post_type=product&#038;p=144950"},"modified":"2026-04-09T13:25:38","modified_gmt":"2026-04-09T11:25:38","slug":"nederland-10-gulden-1887-willem-3-unc","status":"publish","type":"product","link":"https:\/\/www.david-coin.com\/fr\/produit\/nederland-10-gulden-1887-willem-3-unc\/","title":{"rendered":"Pays-Bas 10 florins 1887 Willem 3 UNC"},"content":{"rendered":"<p><span style=\"font-size: 12pt;\"><strong>Pays-Bas 10 florins 1887 Willem 3 UNC<\/strong><br \/>\nGouden tientje met portret van Willem 3. Dit jaar is \u00e9\u00e9n van de lastigste jaren van koning Willem 3.<\/span><br \/>\n<span style=\"font-size: 12pt;\">Poids : 6,72 grammes<\/span><br \/>\n<span style=\"font-size: 12pt;\">Dosage : 900\/1000<br \/>\nMunt is in prachtige kwaliteit.<br \/>\nVoorzijde: borstbeeld naar rechts op halsafsnede diepliggend I.P.M.M.\u00a0<\/span><br \/>\n<span style=\"font-size: 12pt;\">Keerzijde: gekroond Nederlands wapen tussen 10-G met jaartal onder het wapen<\/span><br \/>\n<span style=\"font-size: 12pt;\">Rand: gekarteld<br \/>\nOplage: slechts 40.754 stuks (Schaars).<br \/>\n<\/span><\/p>\n<p>Le denier d'or est la deuxi\u00e8me pi\u00e8ce de paiement la plus \u00e9lev\u00e9e \u00e9mise sous le r\u00e8gne de Guillaume III. Le tenner d'or de <a href=\"https:\/\/www.david-coin.com\/fr\/categorie-produit\/nederlandse-munten\/willem-3-1849-1890\/\">William 3<\/a> est en or 900\/1000, p\u00e8se 6,72 grammes et a un diam\u00e8tre de 22,5 millim\u00e8tres. Le dixi\u00e8me d'or a un bord dentel\u00e9, laissant la phrase \"god be with us\" (Dieu soit avec nous) sur l'avers de la pi\u00e8ce. \u00c9mis entre 1876 et 1889, le Dix d'or de Guillaume 3 faisait partie de la s\u00e9rie de pi\u00e8ces mises en circulation sous le r\u00e8gne de Guillaume 3. Outre le Dix d'or de Guillaume 3, il existe les pi\u00e8ces suivantes :<br \/>\n&#8211; <a href=\"https:\/\/www.david-coin.com\/fr\/produit\/nederland-1-cent-1860-willem-3\/\u201d&quot;\/\">Cent William 3 ;<\/a><br \/>\n&#8211; <a href=\"https:\/\/www.david-coin.com\/fr\/produit\/nederland-5-cent-1862-willem-3\/\u201d&quot;\/\">Stuiver William 3 ;<\/a><br \/>\n&#8211; <a href=\"https:\/\/www.david-coin.com\/fr\/produit\/nederland-25-cent-1889-willem-3\/\u201d&quot;\/\">Quart de William 3 ;<\/a><br \/>\n&#8211; <a href=\"https:\/\/www.david-coin.com\/fr\/produit\/nederland-1-gulden-1856-willem-iii\/\u201d&quot;\/\">Guillaume d'or 3 ;<\/a><br \/>\n&#8211; <a href=\"https:\/\/www.david-coin.com\/fr\/produit\/nederland-gouden-5-gulden-1851-willem-3-2\/\u201d&quot;\/\">Cinq florins William 3 ;<\/a><br \/>\n&#8211; 20 gulden (dubbele-negotiepenning) Willem 3.<\/p>\n<p>Les pi\u00e8ces du roi Guillaume III ont lentement disparu de la circulation au d\u00e9but du 20e si\u00e8cle et ont \u00e9t\u00e9 progressivement remplac\u00e9es par les pi\u00e8ces du roi de France. <a href=\"https:\/\/www.david-coin.com\/fr\/categorie-produit\/nederlandse-munten\/wilhelmina-1890-1948\/\u201d&quot;\/\">Reine Wilhelmina<\/a>. Aujourd'hui, elles sont toujours tr\u00e8s recherch\u00e9es par les collectionneurs et sont donc tr\u00e8s populaires. Les dizaines d'or sont \u00e9galement appr\u00e9ci\u00e9es des investisseurs en raison de leur forte teneur en or.<\/p>\n<p><span style=\"font-size: 12pt;\"> Voir les scans pour plus de d\u00e9tails.<\/span><br \/>\n<span style=\"font-size: 12pt;\"> Pour toute question, n'h\u00e9sitez pas \u00e0 nous envoyer un message.<\/span><\/p>","protected":false},"excerpt":{"rendered":"<p>900\/1000<\/p>","protected":false},"featured_media":144947,"comment_status":"closed","ping_status":"closed","template":"","meta":[],"product_brand":[],"product_cat":[5479,5606,5471,5521],"product_tag":[],"class_list":{"0":"post-144950","1":"product","2":"type-product","3":"status-publish","4":"has-post-thumbnail","6":"product_cat-edelmetaal-goud-kopen","7":"product_cat-gouden-tientjes-vijfjes-en-dukaten-per-jaar","8":"product_cat-nederlandse-munten","9":"product_cat-willem-3-1849-1890","10":"pa_koning-koningin-willem3","11":"pa_kwaliteit-unc","12":"pa_land-nederland","13":"pa_materiaal-goud","14":"pa_muntwaarde-10guldengoud","16":"first","17":"outofstock","18":"taxable","19":"shipping-taxable","20":"purchasable","21":"product-type-simple"},"yoast_head":"<!-- This site is optimized with the Yoast SEO Premium plugin v27.2 (Yoast SEO v27.5) - https:\/\/yoast.com\/product\/yoast-seo-premium-wordpress\/ -->\n<title>Nederland 10 Gulden 1887 Willem 3 UNC<\/title>\n<meta name=\"description\" content=\"Nederlandse gouden munten verkrijgbaar bij David-coin. Bekijk ons complete aanbod. Gratis verzending binnen Nederland vanaf 5.000 euro.\" \/>\n<meta name=\"robots\" content=\"index, follow, max-snippet:-1, max-image-preview:large, max-video-preview:-1\" \/>\n<link rel=\"canonical\" href=\"https:\/\/www.david-coin.com\/fr\/produit\/nederland-10-gulden-1887-willem-3-unc\/\" \/>\n<meta property=\"og:locale\" content=\"fr_FR\" \/>\n<meta property=\"og:type\" content=\"article\" \/>\n<meta property=\"og:title\" content=\"Nederland 10 Gulden 1887 Willem 3 UNC\" \/>\n<meta property=\"og:description\" content=\"Nederlandse gouden munten verkrijgbaar bij David-coin. Bekijk ons complete aanbod. Gratis verzending binnen Nederland vanaf 5.000 euro.\" \/>\n<meta property=\"og:url\" content=\"https:\/\/www.david-coin.com\/fr\/produit\/nederland-10-gulden-1887-willem-3-unc\/\" \/>\n<meta property=\"og:site_name\" content=\"David Coin\" \/>\n<meta property=\"article:publisher\" content=\"https:\/\/www.facebook.com\/Davidcoininkoopenverkoop\" \/>\n<meta property=\"article:modified_time\" content=\"2026-04-09T11:25:38+00:00\" \/>\n<meta property=\"og:image\" content=\"https:\/\/www.david-coin.com\/wp-content\/uploads\/2025\/02\/Nederlands-10Gulden-1887-vz-.jpg\" \/>\n\t<meta property=\"og:image:width\" content=\"984\" \/>\n\t<meta property=\"og:image:height\" content=\"984\" \/>\n\t<meta property=\"og:image:type\" content=\"image\/jpeg\" \/>\n<meta name=\"twitter:card\" content=\"summary_large_image\" \/>\n<meta name=\"twitter:label1\" content=\"Prix\" \/>\n\t<meta name=\"twitter:data1\" content=\"&euro;&nbsp;974,75\" \/>\n\t<meta name=\"twitter:label2\" content=\"Disponibilit\u00e9\" \/>\n\t<meta name=\"twitter:data2\" content=\"Rupture de stock\" \/>\n<script type=\"application\/ld+json\" class=\"yoast-schema-graph\">{\"@context\":\"https:\\\/\\\/schema.org\",\"@graph\":[{\"@type\":\"WebPage\",\"@id\":\"https:\\\/\\\/www.david-coin.com\\\/product\\\/nederland-10-gulden-1887-willem-3-unc\\\/\",\"url\":\"https:\\\/\\\/www.david-coin.com\\\/product\\\/nederland-10-gulden-1887-willem-3-unc\\\/\",\"name\":\"Nederland 10 Gulden 1887 Willem 3 UNC\",\"isPartOf\":{\"@id\":\"https:\\\/\\\/www.david-coin.com\\\/#website\"},\"primaryImageOfPage\":{\"@id\":\"https:\\\/\\\/www.david-coin.com\\\/product\\\/nederland-10-gulden-1887-willem-3-unc\\\/#primaryimage\"},\"image\":{\"@id\":\"https:\\\/\\\/www.david-coin.com\\\/product\\\/nederland-10-gulden-1887-willem-3-unc\\\/#primaryimage\"},\"thumbnailUrl\":\"https:\\\/\\\/www.david-coin.com\\\/wp-content\\\/uploads\\\/2025\\\/02\\\/Nederlands-10Gulden-1887-vz-.jpg\",\"datePublished\":\"2025-03-07T13:46:29+00:00\",\"dateModified\":\"2026-04-09T11:25:38+00:00\",\"description\":\"Nederlandse gouden munten verkrijgbaar bij David-coin. Bekijk ons complete aanbod. Gratis verzending binnen Nederland vanaf 5.000 euro.\",\"breadcrumb\":{\"@id\":\"https:\\\/\\\/www.david-coin.com\\\/product\\\/nederland-10-gulden-1887-willem-3-unc\\\/#breadcrumb\"},\"inLanguage\":\"fr-FR\",\"potentialAction\":[{\"@type\":\"ReadAction\",\"target\":[\"https:\\\/\\\/www.david-coin.com\\\/product\\\/nederland-10-gulden-1887-willem-3-unc\\\/\"]}]},{\"@type\":\"ImageObject\",\"inLanguage\":\"fr-FR\",\"@id\":\"https:\\\/\\\/www.david-coin.com\\\/product\\\/nederland-10-gulden-1887-willem-3-unc\\\/#primaryimage\",\"url\":\"https:\\\/\\\/www.david-coin.com\\\/wp-content\\\/uploads\\\/2025\\\/02\\\/Nederlands-10Gulden-1887-vz-.jpg\",\"contentUrl\":\"https:\\\/\\\/www.david-coin.com\\\/wp-content\\\/uploads\\\/2025\\\/02\\\/Nederlands-10Gulden-1887-vz-.jpg\",\"width\":984,\"height\":984,\"caption\":\"Gouden tientje 1887\"},{\"@type\":\"BreadcrumbList\",\"@id\":\"https:\\\/\\\/www.david-coin.com\\\/product\\\/nederland-10-gulden-1887-willem-3-unc\\\/#breadcrumb\",\"itemListElement\":[{\"@type\":\"ListItem\",\"position\":1,\"name\":\"Home\",\"item\":\"https:\\\/\\\/www.david-coin.com\\\/\"},{\"@type\":\"ListItem\",\"position\":2,\"name\":\"Winkel\",\"item\":\"https:\\\/\\\/www.david-coin.com\\\/winkel\\\/\"},{\"@type\":\"ListItem\",\"position\":3,\"name\":\"Nederland 10 Gulden 1887 Willem 3 UNC\"}]},{\"@type\":\"WebSite\",\"@id\":\"https:\\\/\\\/www.david-coin.com\\\/#website\",\"url\":\"https:\\\/\\\/www.david-coin.com\\\/\",\"name\":\"David Coin\",\"description\":\"\",\"publisher\":{\"@id\":\"https:\\\/\\\/www.david-coin.com\\\/#organization\"},\"potentialAction\":[{\"@type\":\"SearchAction\",\"target\":{\"@type\":\"EntryPoint\",\"urlTemplate\":\"https:\\\/\\\/www.david-coin.com\\\/?s={search_term_string}\"},\"query-input\":{\"@type\":\"PropertyValueSpecification\",\"valueRequired\":true,\"valueName\":\"search_term_string\"}}],\"inLanguage\":\"fr-FR\"},{\"@type\":\"Organization\",\"@id\":\"https:\\\/\\\/www.david-coin.com\\\/#organization\",\"name\":\"David Coin\",\"url\":\"https:\\\/\\\/www.david-coin.com\\\/\",\"logo\":{\"@type\":\"ImageObject\",\"inLanguage\":\"fr-FR\",\"@id\":\"https:\\\/\\\/www.david-coin.com\\\/#\\\/schema\\\/logo\\\/image\\\/\",\"url\":\"https:\\\/\\\/www.david-coin.com\\\/wp-content\\\/uploads\\\/2024\\\/04\\\/davidcoin-logo-final.png\",\"contentUrl\":\"https:\\\/\\\/www.david-coin.com\\\/wp-content\\\/uploads\\\/2024\\\/04\\\/davidcoin-logo-final.png\",\"width\":800,\"height\":267,\"caption\":\"David Coin\"},\"image\":{\"@id\":\"https:\\\/\\\/www.david-coin.com\\\/#\\\/schema\\\/logo\\\/image\\\/\"},\"sameAs\":[\"https:\\\/\\\/www.facebook.com\\\/Davidcoininkoopenverkoop\",\"https:\\\/\\\/www.youtube.com\\\/channel\\\/UC39lihLKFSPTff0w6tv0pWQ\"]}]}<\/script>\n<meta property=\"product:price:amount\" content=\"974.75\" \/>\n<meta property=\"product:price:currency\" content=\"EUR\" \/>\n<meta property=\"og:availability\" content=\"out of stock\" \/>\n<meta property=\"product:availability\" content=\"out of stock\" \/>\n<meta property=\"product:retailer_item_id\" content=\"9873\" \/>\n<meta property=\"product:condition\" content=\"new\" \/>\n<!-- \/ Yoast SEO Premium plugin. -->","yoast_head_json":{"title":"Pays-Bas 10 florins 1887 Willem 3 UNC","description":"Nederlandse gouden munten verkrijgbaar bij David-coin. Bekijk ons complete aanbod. Gratis verzending binnen Nederland vanaf 5.000 euro.","robots":{"index":"index","follow":"follow","max-snippet":"max-snippet:-1","max-image-preview":"max-image-preview:large","max-video-preview":"max-video-preview:-1"},"canonical":"https:\/\/www.david-coin.com\/fr\/produit\/nederland-10-gulden-1887-willem-3-unc\/","og_locale":"fr_FR","og_type":"article","og_title":"Nederland 10 Gulden 1887 Willem 3 UNC","og_description":"Nederlandse gouden munten verkrijgbaar bij David-coin. Bekijk ons complete aanbod. Gratis verzending binnen Nederland vanaf 5.000 euro.","og_url":"https:\/\/www.david-coin.com\/fr\/produit\/nederland-10-gulden-1887-willem-3-unc\/","og_site_name":"David Coin","article_publisher":"https:\/\/www.facebook.com\/Davidcoininkoopenverkoop","article_modified_time":"2026-04-09T11:25:38+00:00","og_image":[{"width":984,"height":984,"url":"https:\/\/www.david-coin.com\/wp-content\/uploads\/2025\/02\/Nederlands-10Gulden-1887-vz-.jpg","type":"image\/jpeg"}],"twitter_card":"summary_large_image","twitter_misc":{"Prix":"&euro;&nbsp;974,75","Disponibilit\u00e9":"Rupture de stock"},"schema":{"@context":"https:\/\/schema.org","@graph":[{"@type":"WebPage","@id":"https:\/\/www.david-coin.com\/product\/nederland-10-gulden-1887-willem-3-unc\/","url":"https:\/\/www.david-coin.com\/product\/nederland-10-gulden-1887-willem-3-unc\/","name":"Pays-Bas 10 florins 1887 Willem 3 UNC","isPartOf":{"@id":"https:\/\/www.david-coin.com\/#website"},"primaryImageOfPage":{"@id":"https:\/\/www.david-coin.com\/product\/nederland-10-gulden-1887-willem-3-unc\/#primaryimage"},"image":{"@id":"https:\/\/www.david-coin.com\/product\/nederland-10-gulden-1887-willem-3-unc\/#primaryimage"},"thumbnailUrl":"https:\/\/www.david-coin.com\/wp-content\/uploads\/2025\/02\/Nederlands-10Gulden-1887-vz-.jpg","datePublished":"2025-03-07T13:46:29+00:00","dateModified":"2026-04-09T11:25:38+00:00","description":"Nederlandse gouden munten verkrijgbaar bij David-coin. Bekijk ons complete aanbod. Gratis verzending binnen Nederland vanaf 5.000 euro.","breadcrumb":{"@id":"https:\/\/www.david-coin.com\/product\/nederland-10-gulden-1887-willem-3-unc\/#breadcrumb"},"inLanguage":"fr-FR","potentialAction":[{"@type":"ReadAction","target":["https:\/\/www.david-coin.com\/product\/nederland-10-gulden-1887-willem-3-unc\/"]}]},{"@type":"ImageObject","inLanguage":"fr-FR","@id":"https:\/\/www.david-coin.com\/product\/nederland-10-gulden-1887-willem-3-unc\/#primaryimage","url":"https:\/\/www.david-coin.com\/wp-content\/uploads\/2025\/02\/Nederlands-10Gulden-1887-vz-.jpg","contentUrl":"https:\/\/www.david-coin.com\/wp-content\/uploads\/2025\/02\/Nederlands-10Gulden-1887-vz-.jpg","width":984,"height":984,"caption":"Gouden tientje 1887"},{"@type":"BreadcrumbList","@id":"https:\/\/www.david-coin.com\/product\/nederland-10-gulden-1887-willem-3-unc\/#breadcrumb","itemListElement":[{"@type":"ListItem","position":1,"name":"Home","item":"https:\/\/www.david-coin.com\/"},{"@type":"ListItem","position":2,"name":"Winkel","item":"https:\/\/www.david-coin.com\/winkel\/"},{"@type":"ListItem","position":3,"name":"Nederland 10 Gulden 1887 Willem 3 UNC"}]},{"@type":"WebSite","@id":"https:\/\/www.david-coin.com\/#website","url":"https:\/\/www.david-coin.com\/","name":"David Coin","description":"","publisher":{"@id":"https:\/\/www.david-coin.com\/#organization"},"potentialAction":[{"@type":"SearchAction","target":{"@type":"EntryPoint","urlTemplate":"https:\/\/www.david-coin.com\/?s={search_term_string}"},"query-input":{"@type":"PropertyValueSpecification","valueRequired":true,"valueName":"search_term_string"}}],"inLanguage":"fr-FR"},{"@type":"Organization","@id":"https:\/\/www.david-coin.com\/#organization","name":"David Coin","url":"https:\/\/www.david-coin.com\/","logo":{"@type":"ImageObject","inLanguage":"fr-FR","@id":"https:\/\/www.david-coin.com\/#\/schema\/logo\/image\/","url":"https:\/\/www.david-coin.com\/wp-content\/uploads\/2024\/04\/davidcoin-logo-final.png","contentUrl":"https:\/\/www.david-coin.com\/wp-content\/uploads\/2024\/04\/davidcoin-logo-final.png","width":800,"height":267,"caption":"David Coin"},"image":{"@id":"https:\/\/www.david-coin.com\/#\/schema\/logo\/image\/"},"sameAs":["https:\/\/www.facebook.com\/Davidcoininkoopenverkoop","https:\/\/www.youtube.com\/channel\/UC39lihLKFSPTff0w6tv0pWQ"]}]},"product_price_amount":"974.75","product_price_currency":"EUR","og_availability":"out of stock","product_availability":"out of stock","product_retailer_item_id":"9873","product_condition":"new"},"_links":{"self":[{"href":"https:\/\/www.david-coin.com\/fr\/wp-json\/wp\/v2\/product\/144950","targetHints":{"allow":["GET"]}}],"collection":[{"href":"https:\/\/www.david-coin.com\/fr\/wp-json\/wp\/v2\/product"}],"about":[{"href":"https:\/\/www.david-coin.com\/fr\/wp-json\/wp\/v2\/types\/product"}],"replies":[{"embeddable":true,"href":"https:\/\/www.david-coin.com\/fr\/wp-json\/wp\/v2\/comments?post=144950"}],"wp:featuredmedia":[{"embeddable":true,"href":"https:\/\/www.david-coin.com\/fr\/wp-json\/wp\/v2\/media\/144947"}],"wp:attachment":[{"href":"https:\/\/www.david-coin.com\/fr\/wp-json\/wp\/v2\/media?parent=144950"}],"wp:term":[{"taxonomy":"product_brand","embeddable":true,"href":"https:\/\/www.david-coin.com\/fr\/wp-json\/wp\/v2\/product_brand?post=144950"},{"taxonomy":"product_cat","embeddable":true,"href":"https:\/\/www.david-coin.com\/fr\/wp-json\/wp\/v2\/product_cat?post=144950"},{"taxonomy":"product_tag","embeddable":true,"href":"https:\/\/www.david-coin.com\/fr\/wp-json\/wp\/v2\/product_tag?post=144950"}],"curies":[{"name":"wp","href":"https:\/\/api.w.org\/{rel}","templated":true}]}}