{"id":143654,"date":"2025-02-08T00:15:03","date_gmt":"2025-02-07T23:15:03","guid":{"rendered":"https:\/\/www.david-coin.com\/?post_type=product&#038;p=143654"},"modified":"2026-04-21T18:20:54","modified_gmt":"2026-04-21T16:20:54","slug":"ons-tientje-boekwerk-inclusief-2-gouden-tientjes","status":"publish","type":"product","link":"https:\/\/www.david-coin.com\/fr\/produit\/ons-tientje-boekwerk-inclusief-2-gouden-tientjes\/","title":{"rendered":"Notre carnet de dixi\u00e8mes comprenant 2 dixi\u00e8mes d'or et 2 sp\u00e9cimens d'\u00e9mission"},"content":{"rendered":"<p><strong>Notre carnet de billets de dix, comprenant deux billets d'or et deux sp\u00e9cimens ;<\/strong><\/p>\n<p>Par Erik van der Kam (2007), chercheur dans le domaine du papier-monnaie, \u00e0 l'occasion de l'ouverture du Mus\u00e9e de la monnaie dans le b\u00e2timent de la Monnaie royale n\u00e9erlandaise \u00e0 Utrecht. Cette \u00e9dition de luxe de la n\u00e9crologie sur le tenge n\u00e9erlandais contient <br \/><strong>deux tennies en or<\/strong>: 1875 en 1917, <br \/><strong>\u00e9\u00e9n zilveren tientje<\/strong> van 1970 van Juliana en <br \/><strong>deux dizaines de papier en qualit\u00e9 UNC<\/strong>;<\/p>\n<p>-Type 10 florins Frans Hals 1968 SPECIMEN (PL47.s2)<br \/>\n-Type 10 florins Kingfisher 1997 SP\u00c9CIMEN (PL48.s2)<\/p>\n<p><strong>Sp\u00e9cimens de billets Pays-Bas<\/strong><br \/>\nLes sp\u00e9cimens de billets sont des billets authentiques qui ont \u00e9t\u00e9 invalid\u00e9s au cours du processus d'impression. Il y a souvent plusieurs raisons \u00e0 cela. Les sp\u00e9cimens de billets \u00e9taient souvent envoy\u00e9s sous forme d'\u00e9chantillons \u00e0 diff\u00e9rentes banques afin que le personnel puisse voir \u00e0 quoi ressemblaient les nouveaux billets et quels \u00e9taient les signes de s\u00e9curit\u00e9. Les sp\u00e9cimens de billets \u00e9taient \u00e9galement souvent utilis\u00e9s comme billets d'essai afin que le client puisse informer l'imprimerie de la qualit\u00e9 du billet et de la possibilit\u00e9 de l'imprimer en plus grand nombre.<br \/>\n\u00c9tant donn\u00e9 que le nombre de notes de sp\u00e9cimen accompagnant un dessin ou mod\u00e8le est souvent beaucoup plus faible que les notes r\u00e9guli\u00e8res du dessin ou mod\u00e8le, les diff\u00e9rents types de notes de sp\u00e9cimen ne figurent pas dans tous les catalogues. \u00c0 l'exception du <a href=\"\/fr\/\u201dhttps:\/\/www.david-coin.com\/produit\/catalogus-nederlands-papiergeld-1573-2002\/\u201d\/\">Catalogue Plomp<\/a>qui d\u00e9crit presque tous les sp\u00e9cimens de billets des Pays-Bas. Comme les sp\u00e9cimens de billets n'\u00e9taient pas destin\u00e9s \u00e0 la circulation, ils \u00e9taient finalement renvoy\u00e9s \u00e0 l'imprimeur ou d\u00e9truits, et il n'en reste aujourd'hui qu'une petite partie. <\/p>\n<p>Voir les scans pour plus de d\u00e9tails.<br \/>\nPour toute question, n'h\u00e9sitez pas \u00e0 nous envoyer un message.<\/p>","protected":false},"excerpt":{"rendered":"<p>Contient 2 pi\u00e8ces de 10 florins en or et 2 billets de 10 florins Sp\u00e9cimen.<\/p>","protected":false},"featured_media":143673,"comment_status":"closed","ping_status":"closed","template":"","meta":[],"product_brand":[],"product_cat":[5491,5517,5479,5472,5627],"product_tag":[],"class_list":{"0":"post-143654","1":"product","2":"type-product","3":"status-publish","4":"has-post-thumbnail","6":"product_cat-10-gulden-biljet","7":"product_cat-aanbiedingen-munten-bankbiljetten","8":"product_cat-edelmetaal-goud-kopen","9":"product_cat-nederlandse-bankbiljetten","10":"product_cat-topstukken","11":"pa_kwaliteit-unc","12":"pa_materiaal-goud","13":"pa_materiaal-zilver","15":"first","16":"instock","17":"sale","18":"taxable","19":"shipping-taxable","20":"purchasable","21":"product-type-simple"},"yoast_head":"<!-- This site is optimized with the Yoast SEO Premium plugin v27.2 (Yoast SEO v27.4) - https:\/\/yoast.com\/product\/yoast-seo-premium-wordpress\/ -->\n<title>Ons tientje boekwerk inclusief 2 gouden tientjes en 2 specimen uitgifte<\/title>\n<meta name=\"description\" content=\"Ons tientje boekwerk inclusief 2 gouden tientjes en specimen uitgiftes. Een uniek boekwerk! Ontdek er hier meer over en schaf deze bijzonder collectie aan!\" \/>\n<meta name=\"robots\" content=\"index, follow, max-snippet:-1, max-image-preview:large, max-video-preview:-1\" \/>\n<link rel=\"canonical\" href=\"https:\/\/www.david-coin.com\/fr\/produit\/ons-tientje-boekwerk-inclusief-2-gouden-tientjes\/\" \/>\n<meta property=\"og:locale\" content=\"fr_FR\" \/>\n<meta property=\"og:type\" content=\"article\" \/>\n<meta property=\"og:title\" content=\"Ons tientje boekwerk inclusief 2 gouden tientjes en 2 specimen uitgifte\" \/>\n<meta property=\"og:description\" content=\"Ons tientje boekwerk inclusief 2 gouden tientjes en specimen uitgiftes. Een uniek boekwerk! Ontdek er hier meer over en schaf deze bijzonder collectie aan!\" \/>\n<meta property=\"og:url\" content=\"https:\/\/www.david-coin.com\/fr\/produit\/ons-tientje-boekwerk-inclusief-2-gouden-tientjes\/\" \/>\n<meta property=\"og:site_name\" content=\"David Coin\" \/>\n<meta property=\"article:publisher\" content=\"https:\/\/www.facebook.com\/Davidcoininkoopenverkoop\" \/>\n<meta property=\"article:modified_time\" content=\"2026-04-21T16:20:54+00:00\" \/>\n<meta property=\"og:image\" content=\"https:\/\/www.david-coin.com\/wp-content\/uploads\/2025\/01\/2gouden-tientjes-2specimen-gildenbiljetten-18.jpg\" \/>\n\t<meta property=\"og:image:width\" content=\"1200\" \/>\n\t<meta property=\"og:image:height\" content=\"1600\" \/>\n\t<meta property=\"og:image:type\" content=\"image\/jpeg\" \/>\n<meta name=\"twitter:card\" content=\"summary_large_image\" \/>\n<meta name=\"twitter:label1\" content=\"Prix\" \/>\n\t<meta name=\"twitter:data1\" content=\"&euro;&nbsp;3.795,00\" \/>\n\t<meta name=\"twitter:label2\" content=\"Disponibilit\u00e9\" \/>\n\t<meta name=\"twitter:data2\" content=\"En stock\" \/>\n<script type=\"application\/ld+json\" class=\"yoast-schema-graph\">{\"@context\":\"https:\\\/\\\/schema.org\",\"@graph\":[{\"@type\":\"WebPage\",\"@id\":\"https:\\\/\\\/www.david-coin.com\\\/product\\\/ons-tientje-boekwerk-inclusief-2-gouden-tientjes\\\/\",\"url\":\"https:\\\/\\\/www.david-coin.com\\\/product\\\/ons-tientje-boekwerk-inclusief-2-gouden-tientjes\\\/\",\"name\":\"Ons tientje boekwerk inclusief 2 gouden tientjes en 2 specimen uitgifte\",\"isPartOf\":{\"@id\":\"https:\\\/\\\/www.david-coin.com\\\/#website\"},\"primaryImageOfPage\":{\"@id\":\"https:\\\/\\\/www.david-coin.com\\\/product\\\/ons-tientje-boekwerk-inclusief-2-gouden-tientjes\\\/#primaryimage\"},\"image\":{\"@id\":\"https:\\\/\\\/www.david-coin.com\\\/product\\\/ons-tientje-boekwerk-inclusief-2-gouden-tientjes\\\/#primaryimage\"},\"thumbnailUrl\":\"https:\\\/\\\/www.david-coin.com\\\/wp-content\\\/uploads\\\/2025\\\/01\\\/2gouden-tientjes-2specimen-gildenbiljetten-18.jpg\",\"datePublished\":\"2025-02-07T23:15:03+00:00\",\"dateModified\":\"2026-04-21T16:20:54+00:00\",\"description\":\"Ons tientje boekwerk inclusief 2 gouden tientjes en specimen uitgiftes. Een uniek boekwerk! Ontdek er hier meer over en schaf deze bijzonder collectie aan!\",\"breadcrumb\":{\"@id\":\"https:\\\/\\\/www.david-coin.com\\\/product\\\/ons-tientje-boekwerk-inclusief-2-gouden-tientjes\\\/#breadcrumb\"},\"inLanguage\":\"fr-FR\",\"potentialAction\":[{\"@type\":\"ReadAction\",\"target\":[\"https:\\\/\\\/www.david-coin.com\\\/product\\\/ons-tientje-boekwerk-inclusief-2-gouden-tientjes\\\/\"]}]},{\"@type\":\"ImageObject\",\"inLanguage\":\"fr-FR\",\"@id\":\"https:\\\/\\\/www.david-coin.com\\\/product\\\/ons-tientje-boekwerk-inclusief-2-gouden-tientjes\\\/#primaryimage\",\"url\":\"https:\\\/\\\/www.david-coin.com\\\/wp-content\\\/uploads\\\/2025\\\/01\\\/2gouden-tientjes-2specimen-gildenbiljetten-18.jpg\",\"contentUrl\":\"https:\\\/\\\/www.david-coin.com\\\/wp-content\\\/uploads\\\/2025\\\/01\\\/2gouden-tientjes-2specimen-gildenbiljetten-18.jpg\",\"width\":1200,\"height\":1600,\"caption\":\"Ons tientje boekwerk inclusief 2 gouden tientjes en 2 specimen uitgifte\"},{\"@type\":\"BreadcrumbList\",\"@id\":\"https:\\\/\\\/www.david-coin.com\\\/product\\\/ons-tientje-boekwerk-inclusief-2-gouden-tientjes\\\/#breadcrumb\",\"itemListElement\":[{\"@type\":\"ListItem\",\"position\":1,\"name\":\"Home\",\"item\":\"https:\\\/\\\/www.david-coin.com\\\/\"},{\"@type\":\"ListItem\",\"position\":2,\"name\":\"Winkel\",\"item\":\"https:\\\/\\\/www.david-coin.com\\\/winkel\\\/\"},{\"@type\":\"ListItem\",\"position\":3,\"name\":\"Ons tientje boekwerk inclusief 2 gouden tientjes en 2 specimen uitgifte\"}]},{\"@type\":\"WebSite\",\"@id\":\"https:\\\/\\\/www.david-coin.com\\\/#website\",\"url\":\"https:\\\/\\\/www.david-coin.com\\\/\",\"name\":\"David Coin\",\"description\":\"\",\"publisher\":{\"@id\":\"https:\\\/\\\/www.david-coin.com\\\/#organization\"},\"potentialAction\":[{\"@type\":\"SearchAction\",\"target\":{\"@type\":\"EntryPoint\",\"urlTemplate\":\"https:\\\/\\\/www.david-coin.com\\\/?s={search_term_string}\"},\"query-input\":{\"@type\":\"PropertyValueSpecification\",\"valueRequired\":true,\"valueName\":\"search_term_string\"}}],\"inLanguage\":\"fr-FR\"},{\"@type\":\"Organization\",\"@id\":\"https:\\\/\\\/www.david-coin.com\\\/#organization\",\"name\":\"David Coin\",\"url\":\"https:\\\/\\\/www.david-coin.com\\\/\",\"logo\":{\"@type\":\"ImageObject\",\"inLanguage\":\"fr-FR\",\"@id\":\"https:\\\/\\\/www.david-coin.com\\\/#\\\/schema\\\/logo\\\/image\\\/\",\"url\":\"https:\\\/\\\/www.david-coin.com\\\/wp-content\\\/uploads\\\/2024\\\/04\\\/davidcoin-logo-final.png\",\"contentUrl\":\"https:\\\/\\\/www.david-coin.com\\\/wp-content\\\/uploads\\\/2024\\\/04\\\/davidcoin-logo-final.png\",\"width\":800,\"height\":267,\"caption\":\"David Coin\"},\"image\":{\"@id\":\"https:\\\/\\\/www.david-coin.com\\\/#\\\/schema\\\/logo\\\/image\\\/\"},\"sameAs\":[\"https:\\\/\\\/www.facebook.com\\\/Davidcoininkoopenverkoop\",\"https:\\\/\\\/www.youtube.com\\\/channel\\\/UC39lihLKFSPTff0w6tv0pWQ\"]}]}<\/script>\n<meta property=\"product:price:amount\" content=\"3795.00\" \/>\n<meta property=\"product:price:currency\" content=\"EUR\" \/>\n<meta property=\"og:availability\" content=\"instock\" \/>\n<meta property=\"product:availability\" content=\"instock\" \/>\n<meta property=\"product:retailer_item_id\" content=\"9848\" \/>\n<meta property=\"product:condition\" content=\"new\" \/>\n<!-- \/ Yoast SEO Premium plugin. -->","yoast_head_json":{"title":"Notre carnet de dixi\u00e8mes comprenant 2 dixi\u00e8mes d'or et 2 sp\u00e9cimens d'\u00e9mission","description":"Ons tientje boekwerk inclusief 2 gouden tientjes en specimen uitgiftes. Een uniek boekwerk! Ontdek er hier meer over en schaf deze bijzonder collectie aan!","robots":{"index":"index","follow":"follow","max-snippet":"max-snippet:-1","max-image-preview":"max-image-preview:large","max-video-preview":"max-video-preview:-1"},"canonical":"https:\/\/www.david-coin.com\/fr\/produit\/ons-tientje-boekwerk-inclusief-2-gouden-tientjes\/","og_locale":"fr_FR","og_type":"article","og_title":"Ons tientje boekwerk inclusief 2 gouden tientjes en 2 specimen uitgifte","og_description":"Ons tientje boekwerk inclusief 2 gouden tientjes en specimen uitgiftes. Een uniek boekwerk! Ontdek er hier meer over en schaf deze bijzonder collectie aan!","og_url":"https:\/\/www.david-coin.com\/fr\/produit\/ons-tientje-boekwerk-inclusief-2-gouden-tientjes\/","og_site_name":"David Coin","article_publisher":"https:\/\/www.facebook.com\/Davidcoininkoopenverkoop","article_modified_time":"2026-04-21T16:20:54+00:00","og_image":[{"width":1200,"height":1600,"url":"https:\/\/www.david-coin.com\/wp-content\/uploads\/2025\/01\/2gouden-tientjes-2specimen-gildenbiljetten-18.jpg","type":"image\/jpeg"}],"twitter_card":"summary_large_image","twitter_misc":{"Prix":"&euro;&nbsp;3.795,00","Disponibilit\u00e9":"En stock"},"schema":{"@context":"https:\/\/schema.org","@graph":[{"@type":"WebPage","@id":"https:\/\/www.david-coin.com\/product\/ons-tientje-boekwerk-inclusief-2-gouden-tientjes\/","url":"https:\/\/www.david-coin.com\/product\/ons-tientje-boekwerk-inclusief-2-gouden-tientjes\/","name":"Notre carnet de dixi\u00e8mes comprenant 2 dixi\u00e8mes d'or et 2 sp\u00e9cimens d'\u00e9mission","isPartOf":{"@id":"https:\/\/www.david-coin.com\/#website"},"primaryImageOfPage":{"@id":"https:\/\/www.david-coin.com\/product\/ons-tientje-boekwerk-inclusief-2-gouden-tientjes\/#primaryimage"},"image":{"@id":"https:\/\/www.david-coin.com\/product\/ons-tientje-boekwerk-inclusief-2-gouden-tientjes\/#primaryimage"},"thumbnailUrl":"https:\/\/www.david-coin.com\/wp-content\/uploads\/2025\/01\/2gouden-tientjes-2specimen-gildenbiljetten-18.jpg","datePublished":"2025-02-07T23:15:03+00:00","dateModified":"2026-04-21T16:20:54+00:00","description":"Ons tientje boekwerk inclusief 2 gouden tientjes en specimen uitgiftes. Een uniek boekwerk! Ontdek er hier meer over en schaf deze bijzonder collectie aan!","breadcrumb":{"@id":"https:\/\/www.david-coin.com\/product\/ons-tientje-boekwerk-inclusief-2-gouden-tientjes\/#breadcrumb"},"inLanguage":"fr-FR","potentialAction":[{"@type":"ReadAction","target":["https:\/\/www.david-coin.com\/product\/ons-tientje-boekwerk-inclusief-2-gouden-tientjes\/"]}]},{"@type":"ImageObject","inLanguage":"fr-FR","@id":"https:\/\/www.david-coin.com\/product\/ons-tientje-boekwerk-inclusief-2-gouden-tientjes\/#primaryimage","url":"https:\/\/www.david-coin.com\/wp-content\/uploads\/2025\/01\/2gouden-tientjes-2specimen-gildenbiljetten-18.jpg","contentUrl":"https:\/\/www.david-coin.com\/wp-content\/uploads\/2025\/01\/2gouden-tientjes-2specimen-gildenbiljetten-18.jpg","width":1200,"height":1600,"caption":"Ons tientje boekwerk inclusief 2 gouden tientjes en 2 specimen uitgifte"},{"@type":"BreadcrumbList","@id":"https:\/\/www.david-coin.com\/product\/ons-tientje-boekwerk-inclusief-2-gouden-tientjes\/#breadcrumb","itemListElement":[{"@type":"ListItem","position":1,"name":"Home","item":"https:\/\/www.david-coin.com\/"},{"@type":"ListItem","position":2,"name":"Winkel","item":"https:\/\/www.david-coin.com\/winkel\/"},{"@type":"ListItem","position":3,"name":"Ons tientje boekwerk inclusief 2 gouden tientjes en 2 specimen uitgifte"}]},{"@type":"WebSite","@id":"https:\/\/www.david-coin.com\/#website","url":"https:\/\/www.david-coin.com\/","name":"David Coin","description":"","publisher":{"@id":"https:\/\/www.david-coin.com\/#organization"},"potentialAction":[{"@type":"SearchAction","target":{"@type":"EntryPoint","urlTemplate":"https:\/\/www.david-coin.com\/?s={search_term_string}"},"query-input":{"@type":"PropertyValueSpecification","valueRequired":true,"valueName":"search_term_string"}}],"inLanguage":"fr-FR"},{"@type":"Organization","@id":"https:\/\/www.david-coin.com\/#organization","name":"David Coin","url":"https:\/\/www.david-coin.com\/","logo":{"@type":"ImageObject","inLanguage":"fr-FR","@id":"https:\/\/www.david-coin.com\/#\/schema\/logo\/image\/","url":"https:\/\/www.david-coin.com\/wp-content\/uploads\/2024\/04\/davidcoin-logo-final.png","contentUrl":"https:\/\/www.david-coin.com\/wp-content\/uploads\/2024\/04\/davidcoin-logo-final.png","width":800,"height":267,"caption":"David Coin"},"image":{"@id":"https:\/\/www.david-coin.com\/#\/schema\/logo\/image\/"},"sameAs":["https:\/\/www.facebook.com\/Davidcoininkoopenverkoop","https:\/\/www.youtube.com\/channel\/UC39lihLKFSPTff0w6tv0pWQ"]}]},"product_price_amount":"3795.00","product_price_currency":"EUR","og_availability":"instock","product_availability":"instock","product_retailer_item_id":"9848","product_condition":"new"},"_links":{"self":[{"href":"https:\/\/www.david-coin.com\/fr\/wp-json\/wp\/v2\/product\/143654","targetHints":{"allow":["GET"]}}],"collection":[{"href":"https:\/\/www.david-coin.com\/fr\/wp-json\/wp\/v2\/product"}],"about":[{"href":"https:\/\/www.david-coin.com\/fr\/wp-json\/wp\/v2\/types\/product"}],"replies":[{"embeddable":true,"href":"https:\/\/www.david-coin.com\/fr\/wp-json\/wp\/v2\/comments?post=143654"}],"wp:featuredmedia":[{"embeddable":true,"href":"https:\/\/www.david-coin.com\/fr\/wp-json\/wp\/v2\/media\/143673"}],"wp:attachment":[{"href":"https:\/\/www.david-coin.com\/fr\/wp-json\/wp\/v2\/media?parent=143654"}],"wp:term":[{"taxonomy":"product_brand","embeddable":true,"href":"https:\/\/www.david-coin.com\/fr\/wp-json\/wp\/v2\/product_brand?post=143654"},{"taxonomy":"product_cat","embeddable":true,"href":"https:\/\/www.david-coin.com\/fr\/wp-json\/wp\/v2\/product_cat?post=143654"},{"taxonomy":"product_tag","embeddable":true,"href":"https:\/\/www.david-coin.com\/fr\/wp-json\/wp\/v2\/product_tag?post=143654"}],"curies":[{"name":"wp","href":"https:\/\/api.w.org\/{rel}","templated":true}]}}