{"id":141345,"date":"2024-12-10T01:44:34","date_gmt":"2024-12-10T00:44:34","guid":{"rendered":"https:\/\/www.david-coin.com\/?post_type=product&#038;p=141345"},"modified":"2026-01-30T11:26:57","modified_gmt":"2026-01-30T10:26:57","slug":"verenigde-staten-100-dollars-verguld-frodo-lord-of-the-rings","status":"publish","type":"product","link":"https:\/\/www.david-coin.com\/fr\/produit\/verenigde-staten-100-dollars-verguld-frodo-lord-of-the-rings\/","title":{"rendered":"\u00c9tats-Unis 100 dollars rachet\u00e9s Frodon (Le Seigneur des Anneaux)"},"content":{"rendered":"<p>\u00c9tats-Unis 100 dollars rachet\u00e9s Frodon (Le Seigneur des Anneaux)<br \/>\nCes \u00e9ditions sont des copies modernes dor\u00e9es \u00e9mises plus tard et ne sont donc pas des \u00e9ditions r\u00e9elles.<\/p>\n<p>Voir les scans pour plus de d\u00e9tails.<br \/>\nPour toute question, n'h\u00e9sitez pas \u00e0 nous envoyer un message.<\/p>\n<p>&nbsp;<\/p>","protected":false},"excerpt":{"rendered":"<p>Verenigde Staten 100 Dollars VERGULD Frodo (Lord of the Rings) Deze uitgiftes zijn moderne\u00a0vergulde exemplaren die later zijn uitgegeven en zijn dus niet daadwerkelijk uit te geven. Zie scans voor meer details. Voor vragen, stuur ons gerust een bericht. &nbsp;<\/p>","protected":false},"featured_media":141175,"comment_status":"closed","ping_status":"closed","template":"","meta":[],"product_brand":[],"product_cat":[5554,6217,5480,5610],"product_tag":[],"class_list":{"0":"post-141345","1":"product","2":"type-product","3":"status-publish","4":"has-post-thumbnail","6":"product_cat-0-euro-biljet","7":"product_cat-lord-of-the-rings-items","8":"product_cat-overige-verzamelitems","9":"product_cat-vergulde-bankbiljetten","10":"pa_bankbiljetwaarde-100-dollars","11":"pa_kwaliteit-unc","12":"pa_land-verenigdestaten","14":"first","15":"instock","16":"purchasable","17":"product-type-simple"},"yoast_head":"<!-- This site is optimized with the Yoast SEO Premium plugin v27.5 (Yoast SEO v27.5) - https:\/\/yoast.com\/product\/yoast-seo-premium-wordpress\/ -->\n<title>Verenigde Staten 100 Dollars Verguld Frodo (Lord of the Rings)<\/title>\n<meta name=\"description\" content=\"Vergulde bankbiljetten verkrijgbaar bij David-coin. Bekijk nu ons ruime assortiment vergulde biljetten. Gratis verzending binnen Nederland vanaf 75 euro.\" \/>\n<meta name=\"robots\" content=\"index, follow, max-snippet:-1, max-image-preview:large, max-video-preview:-1\" \/>\n<link rel=\"canonical\" href=\"https:\/\/www.david-coin.com\/fr\/produit\/verenigde-staten-100-dollars-verguld-frodo-lord-of-the-rings\/\" \/>\n<meta property=\"og:locale\" content=\"fr_FR\" \/>\n<meta property=\"og:type\" content=\"article\" \/>\n<meta property=\"og:title\" content=\"Verenigde Staten 100 Dollars VERGULD Frodo (Lord of the Rings)\" \/>\n<meta property=\"og:description\" content=\"Vergulde bankbiljetten verkrijgbaar bij David-coin. Bekijk nu ons ruime assortiment vergulde biljetten. Gratis verzending binnen Nederland vanaf 75 euro.\" \/>\n<meta property=\"og:url\" content=\"https:\/\/www.david-coin.com\/fr\/produit\/verenigde-staten-100-dollars-verguld-frodo-lord-of-the-rings\/\" \/>\n<meta property=\"og:site_name\" content=\"David Coin\" \/>\n<meta property=\"article:publisher\" content=\"https:\/\/www.facebook.com\/Davidcoininkoopenverkoop\" \/>\n<meta property=\"article:modified_time\" content=\"2026-01-30T10:26:57+00:00\" \/>\n<meta property=\"og:image\" content=\"https:\/\/www.david-coin.com\/wp-content\/uploads\/2024\/12\/Vergulde-wereldbankbiljetten-163.jpg\" \/>\n\t<meta property=\"og:image:width\" content=\"800\" \/>\n\t<meta property=\"og:image:height\" content=\"400\" \/>\n\t<meta property=\"og:image:type\" content=\"image\/jpeg\" \/>\n<meta name=\"twitter:card\" content=\"summary_large_image\" \/>\n<meta name=\"twitter:label1\" content=\"Prix\" \/>\n\t<meta name=\"twitter:data1\" content=\"&euro;&nbsp;9,95\" \/>\n\t<meta name=\"twitter:label2\" content=\"Disponibilit\u00e9\" \/>\n\t<meta name=\"twitter:data2\" content=\"En stock\" \/>\n<script type=\"application\/ld+json\" class=\"yoast-schema-graph\">{\"@context\":\"https:\\\/\\\/schema.org\",\"@graph\":[{\"@type\":\"WebPage\",\"@id\":\"https:\\\/\\\/www.david-coin.com\\\/product\\\/verenigde-staten-100-dollars-verguld-frodo-lord-of-the-rings\\\/\",\"url\":\"https:\\\/\\\/www.david-coin.com\\\/product\\\/verenigde-staten-100-dollars-verguld-frodo-lord-of-the-rings\\\/\",\"name\":\"Verenigde Staten 100 Dollars Verguld Frodo (Lord of the Rings)\",\"isPartOf\":{\"@id\":\"https:\\\/\\\/www.david-coin.com\\\/#website\"},\"primaryImageOfPage\":{\"@id\":\"https:\\\/\\\/www.david-coin.com\\\/product\\\/verenigde-staten-100-dollars-verguld-frodo-lord-of-the-rings\\\/#primaryimage\"},\"image\":{\"@id\":\"https:\\\/\\\/www.david-coin.com\\\/product\\\/verenigde-staten-100-dollars-verguld-frodo-lord-of-the-rings\\\/#primaryimage\"},\"thumbnailUrl\":\"https:\\\/\\\/www.david-coin.com\\\/wp-content\\\/uploads\\\/2024\\\/12\\\/Vergulde-wereldbankbiljetten-163.jpg\",\"datePublished\":\"2024-12-10T00:44:34+00:00\",\"dateModified\":\"2026-01-30T10:26:57+00:00\",\"description\":\"Vergulde bankbiljetten verkrijgbaar bij David-coin. Bekijk nu ons ruime assortiment vergulde biljetten. Gratis verzending binnen Nederland vanaf 75 euro.\",\"breadcrumb\":{\"@id\":\"https:\\\/\\\/www.david-coin.com\\\/product\\\/verenigde-staten-100-dollars-verguld-frodo-lord-of-the-rings\\\/#breadcrumb\"},\"inLanguage\":\"fr-FR\",\"potentialAction\":[{\"@type\":\"ReadAction\",\"target\":[\"https:\\\/\\\/www.david-coin.com\\\/product\\\/verenigde-staten-100-dollars-verguld-frodo-lord-of-the-rings\\\/\"]}]},{\"@type\":\"ImageObject\",\"inLanguage\":\"fr-FR\",\"@id\":\"https:\\\/\\\/www.david-coin.com\\\/product\\\/verenigde-staten-100-dollars-verguld-frodo-lord-of-the-rings\\\/#primaryimage\",\"url\":\"https:\\\/\\\/www.david-coin.com\\\/wp-content\\\/uploads\\\/2024\\\/12\\\/Vergulde-wereldbankbiljetten-163.jpg\",\"contentUrl\":\"https:\\\/\\\/www.david-coin.com\\\/wp-content\\\/uploads\\\/2024\\\/12\\\/Vergulde-wereldbankbiljetten-163.jpg\",\"width\":800,\"height\":400,\"caption\":\"Verenigde Staten 100 Dollars VERGULD Frodo (Lord of the Rings)\"},{\"@type\":\"BreadcrumbList\",\"@id\":\"https:\\\/\\\/www.david-coin.com\\\/product\\\/verenigde-staten-100-dollars-verguld-frodo-lord-of-the-rings\\\/#breadcrumb\",\"itemListElement\":[{\"@type\":\"ListItem\",\"position\":1,\"name\":\"Home\",\"item\":\"https:\\\/\\\/www.david-coin.com\\\/\"},{\"@type\":\"ListItem\",\"position\":2,\"name\":\"Winkel\",\"item\":\"https:\\\/\\\/www.david-coin.com\\\/winkel\\\/\"},{\"@type\":\"ListItem\",\"position\":3,\"name\":\"Verenigde Staten 100 Dollars VERGULD Frodo (Lord of the Rings)\"}]},{\"@type\":\"WebSite\",\"@id\":\"https:\\\/\\\/www.david-coin.com\\\/#website\",\"url\":\"https:\\\/\\\/www.david-coin.com\\\/\",\"name\":\"David Coin\",\"description\":\"\",\"publisher\":{\"@id\":\"https:\\\/\\\/www.david-coin.com\\\/#organization\"},\"potentialAction\":[{\"@type\":\"SearchAction\",\"target\":{\"@type\":\"EntryPoint\",\"urlTemplate\":\"https:\\\/\\\/www.david-coin.com\\\/?s={search_term_string}\"},\"query-input\":{\"@type\":\"PropertyValueSpecification\",\"valueRequired\":true,\"valueName\":\"search_term_string\"}}],\"inLanguage\":\"fr-FR\"},{\"@type\":\"Organization\",\"@id\":\"https:\\\/\\\/www.david-coin.com\\\/#organization\",\"name\":\"David Coin\",\"url\":\"https:\\\/\\\/www.david-coin.com\\\/\",\"logo\":{\"@type\":\"ImageObject\",\"inLanguage\":\"fr-FR\",\"@id\":\"https:\\\/\\\/www.david-coin.com\\\/#\\\/schema\\\/logo\\\/image\\\/\",\"url\":\"https:\\\/\\\/www.david-coin.com\\\/wp-content\\\/uploads\\\/2024\\\/04\\\/davidcoin-logo-final.png\",\"contentUrl\":\"https:\\\/\\\/www.david-coin.com\\\/wp-content\\\/uploads\\\/2024\\\/04\\\/davidcoin-logo-final.png\",\"width\":800,\"height\":267,\"caption\":\"David Coin\"},\"image\":{\"@id\":\"https:\\\/\\\/www.david-coin.com\\\/#\\\/schema\\\/logo\\\/image\\\/\"},\"sameAs\":[\"https:\\\/\\\/www.facebook.com\\\/Davidcoininkoopenverkoop\",\"https:\\\/\\\/www.youtube.com\\\/channel\\\/UC39lihLKFSPTff0w6tv0pWQ\"]}]}<\/script>\n<meta property=\"product:price:amount\" content=\"9.95\" \/>\n<meta property=\"product:price:currency\" content=\"EUR\" \/>\n<meta property=\"og:availability\" content=\"instock\" \/>\n<meta property=\"product:availability\" content=\"instock\" \/>\n<meta property=\"product:retailer_item_id\" content=\"4730\" \/>\n<meta property=\"product:condition\" content=\"new\" \/>\n<!-- \/ Yoast SEO Premium plugin. -->","yoast_head_json":{"title":"Verenigde Staten 100 Dollars Verguld Frodo (Lord of the Rings)","description":"Vergulde bankbiljetten verkrijgbaar bij David-coin. Bekijk nu ons ruime assortiment vergulde biljetten. Gratis verzending binnen Nederland vanaf 75 euro.","robots":{"index":"index","follow":"follow","max-snippet":"max-snippet:-1","max-image-preview":"max-image-preview:large","max-video-preview":"max-video-preview:-1"},"canonical":"https:\/\/www.david-coin.com\/fr\/produit\/verenigde-staten-100-dollars-verguld-frodo-lord-of-the-rings\/","og_locale":"fr_FR","og_type":"article","og_title":"Verenigde Staten 100 Dollars VERGULD Frodo (Lord of the Rings)","og_description":"Vergulde bankbiljetten verkrijgbaar bij David-coin. Bekijk nu ons ruime assortiment vergulde biljetten. Gratis verzending binnen Nederland vanaf 75 euro.","og_url":"https:\/\/www.david-coin.com\/fr\/produit\/verenigde-staten-100-dollars-verguld-frodo-lord-of-the-rings\/","og_site_name":"David Coin","article_publisher":"https:\/\/www.facebook.com\/Davidcoininkoopenverkoop","article_modified_time":"2026-01-30T10:26:57+00:00","og_image":[{"width":800,"height":400,"url":"https:\/\/www.david-coin.com\/wp-content\/uploads\/2024\/12\/Vergulde-wereldbankbiljetten-163.jpg","type":"image\/jpeg"}],"twitter_card":"summary_large_image","twitter_misc":{"Prix":"&euro;&nbsp;9,95","Disponibilit\u00e9":"En stock"},"schema":{"@context":"https:\/\/schema.org","@graph":[{"@type":"WebPage","@id":"https:\/\/www.david-coin.com\/product\/verenigde-staten-100-dollars-verguld-frodo-lord-of-the-rings\/","url":"https:\/\/www.david-coin.com\/product\/verenigde-staten-100-dollars-verguld-frodo-lord-of-the-rings\/","name":"Verenigde Staten 100 Dollars Verguld Frodo (Lord of the Rings)","isPartOf":{"@id":"https:\/\/www.david-coin.com\/#website"},"primaryImageOfPage":{"@id":"https:\/\/www.david-coin.com\/product\/verenigde-staten-100-dollars-verguld-frodo-lord-of-the-rings\/#primaryimage"},"image":{"@id":"https:\/\/www.david-coin.com\/product\/verenigde-staten-100-dollars-verguld-frodo-lord-of-the-rings\/#primaryimage"},"thumbnailUrl":"https:\/\/www.david-coin.com\/wp-content\/uploads\/2024\/12\/Vergulde-wereldbankbiljetten-163.jpg","datePublished":"2024-12-10T00:44:34+00:00","dateModified":"2026-01-30T10:26:57+00:00","description":"Vergulde bankbiljetten verkrijgbaar bij David-coin. Bekijk nu ons ruime assortiment vergulde biljetten. Gratis verzending binnen Nederland vanaf 75 euro.","breadcrumb":{"@id":"https:\/\/www.david-coin.com\/product\/verenigde-staten-100-dollars-verguld-frodo-lord-of-the-rings\/#breadcrumb"},"inLanguage":"fr-FR","potentialAction":[{"@type":"ReadAction","target":["https:\/\/www.david-coin.com\/product\/verenigde-staten-100-dollars-verguld-frodo-lord-of-the-rings\/"]}]},{"@type":"ImageObject","inLanguage":"fr-FR","@id":"https:\/\/www.david-coin.com\/product\/verenigde-staten-100-dollars-verguld-frodo-lord-of-the-rings\/#primaryimage","url":"https:\/\/www.david-coin.com\/wp-content\/uploads\/2024\/12\/Vergulde-wereldbankbiljetten-163.jpg","contentUrl":"https:\/\/www.david-coin.com\/wp-content\/uploads\/2024\/12\/Vergulde-wereldbankbiljetten-163.jpg","width":800,"height":400,"caption":"Verenigde Staten 100 Dollars VERGULD Frodo (Lord of the Rings)"},{"@type":"BreadcrumbList","@id":"https:\/\/www.david-coin.com\/product\/verenigde-staten-100-dollars-verguld-frodo-lord-of-the-rings\/#breadcrumb","itemListElement":[{"@type":"ListItem","position":1,"name":"Home","item":"https:\/\/www.david-coin.com\/"},{"@type":"ListItem","position":2,"name":"Winkel","item":"https:\/\/www.david-coin.com\/winkel\/"},{"@type":"ListItem","position":3,"name":"Verenigde Staten 100 Dollars VERGULD Frodo (Lord of the Rings)"}]},{"@type":"WebSite","@id":"https:\/\/www.david-coin.com\/#website","url":"https:\/\/www.david-coin.com\/","name":"David Coin","description":"","publisher":{"@id":"https:\/\/www.david-coin.com\/#organization"},"potentialAction":[{"@type":"SearchAction","target":{"@type":"EntryPoint","urlTemplate":"https:\/\/www.david-coin.com\/?s={search_term_string}"},"query-input":{"@type":"PropertyValueSpecification","valueRequired":true,"valueName":"search_term_string"}}],"inLanguage":"fr-FR"},{"@type":"Organization","@id":"https:\/\/www.david-coin.com\/#organization","name":"David Coin","url":"https:\/\/www.david-coin.com\/","logo":{"@type":"ImageObject","inLanguage":"fr-FR","@id":"https:\/\/www.david-coin.com\/#\/schema\/logo\/image\/","url":"https:\/\/www.david-coin.com\/wp-content\/uploads\/2024\/04\/davidcoin-logo-final.png","contentUrl":"https:\/\/www.david-coin.com\/wp-content\/uploads\/2024\/04\/davidcoin-logo-final.png","width":800,"height":267,"caption":"David Coin"},"image":{"@id":"https:\/\/www.david-coin.com\/#\/schema\/logo\/image\/"},"sameAs":["https:\/\/www.facebook.com\/Davidcoininkoopenverkoop","https:\/\/www.youtube.com\/channel\/UC39lihLKFSPTff0w6tv0pWQ"]}]},"product_price_amount":"9.95","product_price_currency":"EUR","og_availability":"instock","product_availability":"instock","product_retailer_item_id":"4730","product_condition":"new"},"_links":{"self":[{"href":"https:\/\/www.david-coin.com\/fr\/wp-json\/wp\/v2\/product\/141345","targetHints":{"allow":["GET"]}}],"collection":[{"href":"https:\/\/www.david-coin.com\/fr\/wp-json\/wp\/v2\/product"}],"about":[{"href":"https:\/\/www.david-coin.com\/fr\/wp-json\/wp\/v2\/types\/product"}],"replies":[{"embeddable":true,"href":"https:\/\/www.david-coin.com\/fr\/wp-json\/wp\/v2\/comments?post=141345"}],"wp:featuredmedia":[{"embeddable":true,"href":"https:\/\/www.david-coin.com\/fr\/wp-json\/wp\/v2\/media\/141175"}],"wp:attachment":[{"href":"https:\/\/www.david-coin.com\/fr\/wp-json\/wp\/v2\/media?parent=141345"}],"wp:term":[{"taxonomy":"product_brand","embeddable":true,"href":"https:\/\/www.david-coin.com\/fr\/wp-json\/wp\/v2\/product_brand?post=141345"},{"taxonomy":"product_cat","embeddable":true,"href":"https:\/\/www.david-coin.com\/fr\/wp-json\/wp\/v2\/product_cat?post=141345"},{"taxonomy":"product_tag","embeddable":true,"href":"https:\/\/www.david-coin.com\/fr\/wp-json\/wp\/v2\/product_tag?post=141345"}],"curies":[{"name":"wp","href":"https:\/\/api.w.org\/{rel}","templated":true}]}}