{"id":137393,"date":"2024-10-16T14:53:51","date_gmt":"2024-10-16T12:53:51","guid":{"rendered":"https:\/\/www.david-coin.com\/product\/utrecht-1-duit-1791\/"},"modified":"2026-01-28T09:35:31","modified_gmt":"2026-01-28T08:35:31","slug":"utrecht-1-duit-1791","status":"publish","type":"product","link":"https:\/\/www.david-coin.com\/fr\/produit\/utrecht-1-duit-1791\/","title":{"rendered":"Utrecht 1 Duit 1791"},"content":{"rendered":"<p><strong>Utrecht 1 Duit 1791<\/strong><\/p>\n<p>De duit van de provincie <a href=\"https:\/\/www.david-coin.com\/fr\/categorie-produit\/provinciale-munten-kopen-leeuwendaalder-david-coin\/utrecht\/\">Utrecht<\/a> is een van de kleinste betaalmunten uit de achttiende eeuw uitgegeven door de republiek. De munt is gemaakt van koper, weegt 3 gram en heeft een diameter van 22 millimeter. Op de voorzijde van de munt is de naam van de provincie te zien met het jaartal, bij de Utrechtse munten werd dit vermeld door de tekst &#8216;Stad Utrecht&#8217;. Op de keerzijde van de munt is het wapen van de provincie Utrecht te zien. De duit is onderdeel van de reeks munten die door de republiek is uitgegeven, en naast de duit van de stad Utrecht worden er ook nog de volgende munten aangeboden:<\/p>\n<ul>\n<li><a href=\"https:\/\/www.david-coin.com\/fr\/produit\/friesland-1-oord\/\">Le mot<\/a><\/li>\n<li><a href=\"https:\/\/www.david-coin.com\/fr\/produit\/west-friesland-1-stuiver-1738\/\">La pi\u00e8ce d'un penny<\/a><\/li>\n<li><a href=\"https:\/\/www.david-coin.com\/fr\/produit\/west-friesland-2-stuiver-1754\/\">La pi\u00e8ce de 2 pennies ou double pennies<\/a><\/li>\n<li><a href=\"https:\/\/www.david-coin.com\/fr\/produit\/west-friesland-6-stuiver-1752\/\">Le coquillage ou 6 pennies.<\/a><\/li>\n<li><a href=\"https:\/\/www.david-coin.com\/fr\/produit\/utrecht-1-4-gulden-1759\/\">Le quart de florin ou jeton de ma\u00eetre de la monnaie<\/a><\/li>\n<li><a href=\"https:\/\/www.david-coin.com\/fr\/produit\/holland-10-stuiver-1749\/\">La pi\u00e8ce de 10 pennies<\/a><\/li>\n<li><a href=\"https:\/\/www.david-coin.com\/fr\/produit\/utrecht-1-gulden-1793\/\">Le florin<\/a><\/li>\n<li><a href=\"https:\/\/www.david-coin.com\/fr\/produit\/holland-leeuwendaalder-16e-eeuws\/\">Le daalder (du lion)<\/a><\/li>\n<li><a href=\"https:\/\/www.david-coin.com\/fr\/produit\/utrecht-3-gulden-1795\/\">L'argent 3 florins<\/a><\/li>\n<li>Le ducat d'argent<\/li>\n<li>Les 7 florins d'or<\/li>\n<li><a href=\"https:\/\/www.david-coin.com\/fr\/produit\/holland-gouden-14-gulden-1750\/\">L'or \u00e0 14 florins<\/a><\/li>\n<\/ul>\n<p>Les pi\u00e8ces de la r\u00e9publique ont disparu apr\u00e8s l'invasion fran\u00e7aise de 1795 et la cr\u00e9ation de l'Union europ\u00e9enne. <a href=\"https:\/\/www.david-coin.com\/fr\/categorie-produit\/nederlandse-munten\/willem-1-1815-1840\/\">royaume des Pays-Bas<\/a> en 1815 ont peu \u00e0 peu disparu de la circulation et sont aujourd'hui tr\u00e8s recherch\u00e9s par les collectionneurs.<\/p>\n<p>Des pi\u00e8ces en florins ont continu\u00e9 \u00e0 \u00eatre \u00e9mises apr\u00e8s la fin de la r\u00e9publique. <a href=\"https:\/\/www.david-coin.com\/fr\/categorie-produit\/nederlandse-munten\/willem-1-1815-1840\/\">Le roi Guillaume Ier<\/a> jusqu'\u00e0 <a href=\"https:\/\/www.david-coin.com\/fr\/categorie-produit\/nederlandse-munten\/beatrix-1980-2013\/\">Reine Beatrix<\/a> disponibles. Les florins provinciaux de la r\u00e9publique ont dur\u00e9 jusqu'au milieu des ann\u00e9es 19<sup>e<\/sup> si\u00e8cle ont circul\u00e9 et sont donc tr\u00e8s recherch\u00e9s par les collectionneurs d'aujourd'hui.<\/p>\n<p>Voir les scans pour plus de d\u00e9tails.<br \/>\nPour toute question, n'h\u00e9sitez pas \u00e0 nous envoyer un message.<\/p>","protected":false},"excerpt":{"rendered":"<p>Utrecht 1 Duit 1791 De duit van de provincie Utrecht is een van de kleinste betaalmunten uit de achttiende eeuw uitgegeven door de republiek. De munt is gemaakt van koper, weegt 3 gram en heeft een diameter van 22 millimeter. Op de voorzijde van de munt is de naam van de provincie te zien met [&hellip;]<\/p>\n","protected":false},"featured_media":137349,"comment_status":"closed","ping_status":"closed","template":"","meta":[],"product_brand":[],"product_cat":[5518,5587],"product_tag":[],"class_list":{"0":"post-137393","1":"product","2":"type-product","3":"status-publish","4":"has-post-thumbnail","6":"product_cat-provinciale-munten-kopen-leeuwendaalder-david-coin","7":"product_cat-utrecht","8":"pa_kwaliteit-unc","9":"pa_land-nederland","10":"pa_materiaal-koper","11":"pa_muntwaarde-1duit","13":"first","14":"instock","15":"purchasable","16":"product-type-simple"},"yoast_head":"<!-- This site is optimized with the Yoast SEO Premium plugin v27.2 (Yoast SEO v27.4) - https:\/\/yoast.com\/product\/yoast-seo-premium-wordpress\/ -->\n<title>Utrecht 1 Duit 1791<\/title>\n<meta name=\"description\" content=\"Provinciale munten verkrijgbaar bij David-coin. Bekijk nu ons ruime aanbod. Gratis verzending vanaf 75 euro binnen Nederland.\" \/>\n<meta name=\"robots\" content=\"index, follow, max-snippet:-1, max-image-preview:large, max-video-preview:-1\" \/>\n<link rel=\"canonical\" href=\"https:\/\/www.david-coin.com\/fr\/produit\/utrecht-1-duit-1791\/\" \/>\n<meta property=\"og:locale\" content=\"fr_FR\" \/>\n<meta property=\"og:type\" content=\"article\" \/>\n<meta property=\"og:title\" content=\"Utrecht 1 Duit 1791\" \/>\n<meta property=\"og:description\" content=\"Provinciale munten verkrijgbaar bij David-coin. Bekijk nu ons ruime aanbod. Gratis verzending vanaf 75 euro binnen Nederland.\" \/>\n<meta property=\"og:url\" content=\"https:\/\/www.david-coin.com\/fr\/produit\/utrecht-1-duit-1791\/\" \/>\n<meta property=\"og:site_name\" content=\"David Coin\" \/>\n<meta property=\"article:publisher\" content=\"https:\/\/www.facebook.com\/Davidcoininkoopenverkoop\" \/>\n<meta property=\"article:modified_time\" content=\"2026-01-28T08:35:31+00:00\" \/>\n<meta property=\"og:image\" content=\"https:\/\/www.david-coin.com\/wp-content\/uploads\/2024\/10\/Utrecht-duit-1791-2.jpg\" \/>\n\t<meta property=\"og:image:width\" content=\"296\" \/>\n\t<meta property=\"og:image:height\" content=\"320\" \/>\n\t<meta property=\"og:image:type\" content=\"image\/jpeg\" \/>\n<meta name=\"twitter:card\" content=\"summary_large_image\" \/>\n<meta name=\"twitter:label1\" content=\"Prix\" \/>\n\t<meta name=\"twitter:data1\" content=\"&euro;&nbsp;99,95\" \/>\n\t<meta name=\"twitter:label2\" content=\"Disponibilit\u00e9\" \/>\n\t<meta name=\"twitter:data2\" content=\"En stock\" \/>\n<script type=\"application\/ld+json\" class=\"yoast-schema-graph\">{\"@context\":\"https:\\\/\\\/schema.org\",\"@graph\":[{\"@type\":\"WebPage\",\"@id\":\"https:\\\/\\\/www.david-coin.com\\\/product\\\/utrecht-1-duit-1791\\\/\",\"url\":\"https:\\\/\\\/www.david-coin.com\\\/product\\\/utrecht-1-duit-1791\\\/\",\"name\":\"Utrecht 1 Duit 1791\",\"isPartOf\":{\"@id\":\"https:\\\/\\\/www.david-coin.com\\\/#website\"},\"primaryImageOfPage\":{\"@id\":\"https:\\\/\\\/www.david-coin.com\\\/product\\\/utrecht-1-duit-1791\\\/#primaryimage\"},\"image\":{\"@id\":\"https:\\\/\\\/www.david-coin.com\\\/product\\\/utrecht-1-duit-1791\\\/#primaryimage\"},\"thumbnailUrl\":\"https:\\\/\\\/www.david-coin.com\\\/wp-content\\\/uploads\\\/2024\\\/10\\\/Utrecht-duit-1791-2.jpg\",\"datePublished\":\"2024-10-16T12:53:51+00:00\",\"dateModified\":\"2026-01-28T08:35:31+00:00\",\"description\":\"Provinciale munten verkrijgbaar bij David-coin. Bekijk nu ons ruime aanbod. Gratis verzending vanaf 75 euro binnen Nederland.\",\"breadcrumb\":{\"@id\":\"https:\\\/\\\/www.david-coin.com\\\/product\\\/utrecht-1-duit-1791\\\/#breadcrumb\"},\"inLanguage\":\"fr-FR\",\"potentialAction\":[{\"@type\":\"ReadAction\",\"target\":[\"https:\\\/\\\/www.david-coin.com\\\/product\\\/utrecht-1-duit-1791\\\/\"]}]},{\"@type\":\"ImageObject\",\"inLanguage\":\"fr-FR\",\"@id\":\"https:\\\/\\\/www.david-coin.com\\\/product\\\/utrecht-1-duit-1791\\\/#primaryimage\",\"url\":\"https:\\\/\\\/www.david-coin.com\\\/wp-content\\\/uploads\\\/2024\\\/10\\\/Utrecht-duit-1791-2.jpg\",\"contentUrl\":\"https:\\\/\\\/www.david-coin.com\\\/wp-content\\\/uploads\\\/2024\\\/10\\\/Utrecht-duit-1791-2.jpg\",\"width\":296,\"height\":320,\"caption\":\"Utrecht duit voc 1791\"},{\"@type\":\"BreadcrumbList\",\"@id\":\"https:\\\/\\\/www.david-coin.com\\\/product\\\/utrecht-1-duit-1791\\\/#breadcrumb\",\"itemListElement\":[{\"@type\":\"ListItem\",\"position\":1,\"name\":\"Home\",\"item\":\"https:\\\/\\\/www.david-coin.com\\\/\"},{\"@type\":\"ListItem\",\"position\":2,\"name\":\"Winkel\",\"item\":\"https:\\\/\\\/www.david-coin.com\\\/winkel\\\/\"},{\"@type\":\"ListItem\",\"position\":3,\"name\":\"Utrecht 1 Duit 1791\"}]},{\"@type\":\"WebSite\",\"@id\":\"https:\\\/\\\/www.david-coin.com\\\/#website\",\"url\":\"https:\\\/\\\/www.david-coin.com\\\/\",\"name\":\"David Coin\",\"description\":\"\",\"publisher\":{\"@id\":\"https:\\\/\\\/www.david-coin.com\\\/#organization\"},\"potentialAction\":[{\"@type\":\"SearchAction\",\"target\":{\"@type\":\"EntryPoint\",\"urlTemplate\":\"https:\\\/\\\/www.david-coin.com\\\/?s={search_term_string}\"},\"query-input\":{\"@type\":\"PropertyValueSpecification\",\"valueRequired\":true,\"valueName\":\"search_term_string\"}}],\"inLanguage\":\"fr-FR\"},{\"@type\":\"Organization\",\"@id\":\"https:\\\/\\\/www.david-coin.com\\\/#organization\",\"name\":\"David Coin\",\"url\":\"https:\\\/\\\/www.david-coin.com\\\/\",\"logo\":{\"@type\":\"ImageObject\",\"inLanguage\":\"fr-FR\",\"@id\":\"https:\\\/\\\/www.david-coin.com\\\/#\\\/schema\\\/logo\\\/image\\\/\",\"url\":\"https:\\\/\\\/www.david-coin.com\\\/wp-content\\\/uploads\\\/2024\\\/04\\\/davidcoin-logo-final.png\",\"contentUrl\":\"https:\\\/\\\/www.david-coin.com\\\/wp-content\\\/uploads\\\/2024\\\/04\\\/davidcoin-logo-final.png\",\"width\":800,\"height\":267,\"caption\":\"David Coin\"},\"image\":{\"@id\":\"https:\\\/\\\/www.david-coin.com\\\/#\\\/schema\\\/logo\\\/image\\\/\"},\"sameAs\":[\"https:\\\/\\\/www.facebook.com\\\/Davidcoininkoopenverkoop\",\"https:\\\/\\\/www.youtube.com\\\/channel\\\/UC39lihLKFSPTff0w6tv0pWQ\"]}]}<\/script>\n<meta property=\"product:price:amount\" content=\"99.95\" \/>\n<meta property=\"product:price:currency\" content=\"EUR\" \/>\n<meta property=\"og:availability\" content=\"instock\" \/>\n<meta property=\"product:availability\" content=\"instock\" \/>\n<meta property=\"product:retailer_item_id\" content=\"40028\" \/>\n<meta property=\"product:condition\" content=\"new\" \/>\n<!-- \/ Yoast SEO Premium plugin. -->","yoast_head_json":{"title":"Utrecht 1 Duit 1791","description":"Provinciale munten verkrijgbaar bij David-coin. Bekijk nu ons ruime aanbod. Gratis verzending vanaf 75 euro binnen Nederland.","robots":{"index":"index","follow":"follow","max-snippet":"max-snippet:-1","max-image-preview":"max-image-preview:large","max-video-preview":"max-video-preview:-1"},"canonical":"https:\/\/www.david-coin.com\/fr\/produit\/utrecht-1-duit-1791\/","og_locale":"fr_FR","og_type":"article","og_title":"Utrecht 1 Duit 1791","og_description":"Provinciale munten verkrijgbaar bij David-coin. Bekijk nu ons ruime aanbod. Gratis verzending vanaf 75 euro binnen Nederland.","og_url":"https:\/\/www.david-coin.com\/fr\/produit\/utrecht-1-duit-1791\/","og_site_name":"David Coin","article_publisher":"https:\/\/www.facebook.com\/Davidcoininkoopenverkoop","article_modified_time":"2026-01-28T08:35:31+00:00","og_image":[{"width":296,"height":320,"url":"https:\/\/www.david-coin.com\/wp-content\/uploads\/2024\/10\/Utrecht-duit-1791-2.jpg","type":"image\/jpeg"}],"twitter_card":"summary_large_image","twitter_misc":{"Prix":"&euro;&nbsp;99,95","Disponibilit\u00e9":"En stock"},"schema":{"@context":"https:\/\/schema.org","@graph":[{"@type":"WebPage","@id":"https:\/\/www.david-coin.com\/product\/utrecht-1-duit-1791\/","url":"https:\/\/www.david-coin.com\/product\/utrecht-1-duit-1791\/","name":"Utrecht 1 Duit 1791","isPartOf":{"@id":"https:\/\/www.david-coin.com\/#website"},"primaryImageOfPage":{"@id":"https:\/\/www.david-coin.com\/product\/utrecht-1-duit-1791\/#primaryimage"},"image":{"@id":"https:\/\/www.david-coin.com\/product\/utrecht-1-duit-1791\/#primaryimage"},"thumbnailUrl":"https:\/\/www.david-coin.com\/wp-content\/uploads\/2024\/10\/Utrecht-duit-1791-2.jpg","datePublished":"2024-10-16T12:53:51+00:00","dateModified":"2026-01-28T08:35:31+00:00","description":"Provinciale munten verkrijgbaar bij David-coin. Bekijk nu ons ruime aanbod. Gratis verzending vanaf 75 euro binnen Nederland.","breadcrumb":{"@id":"https:\/\/www.david-coin.com\/product\/utrecht-1-duit-1791\/#breadcrumb"},"inLanguage":"fr-FR","potentialAction":[{"@type":"ReadAction","target":["https:\/\/www.david-coin.com\/product\/utrecht-1-duit-1791\/"]}]},{"@type":"ImageObject","inLanguage":"fr-FR","@id":"https:\/\/www.david-coin.com\/product\/utrecht-1-duit-1791\/#primaryimage","url":"https:\/\/www.david-coin.com\/wp-content\/uploads\/2024\/10\/Utrecht-duit-1791-2.jpg","contentUrl":"https:\/\/www.david-coin.com\/wp-content\/uploads\/2024\/10\/Utrecht-duit-1791-2.jpg","width":296,"height":320,"caption":"Utrecht duit voc 1791"},{"@type":"BreadcrumbList","@id":"https:\/\/www.david-coin.com\/product\/utrecht-1-duit-1791\/#breadcrumb","itemListElement":[{"@type":"ListItem","position":1,"name":"Home","item":"https:\/\/www.david-coin.com\/"},{"@type":"ListItem","position":2,"name":"Winkel","item":"https:\/\/www.david-coin.com\/winkel\/"},{"@type":"ListItem","position":3,"name":"Utrecht 1 Duit 1791"}]},{"@type":"WebSite","@id":"https:\/\/www.david-coin.com\/#website","url":"https:\/\/www.david-coin.com\/","name":"David Coin","description":"","publisher":{"@id":"https:\/\/www.david-coin.com\/#organization"},"potentialAction":[{"@type":"SearchAction","target":{"@type":"EntryPoint","urlTemplate":"https:\/\/www.david-coin.com\/?s={search_term_string}"},"query-input":{"@type":"PropertyValueSpecification","valueRequired":true,"valueName":"search_term_string"}}],"inLanguage":"fr-FR"},{"@type":"Organization","@id":"https:\/\/www.david-coin.com\/#organization","name":"David Coin","url":"https:\/\/www.david-coin.com\/","logo":{"@type":"ImageObject","inLanguage":"fr-FR","@id":"https:\/\/www.david-coin.com\/#\/schema\/logo\/image\/","url":"https:\/\/www.david-coin.com\/wp-content\/uploads\/2024\/04\/davidcoin-logo-final.png","contentUrl":"https:\/\/www.david-coin.com\/wp-content\/uploads\/2024\/04\/davidcoin-logo-final.png","width":800,"height":267,"caption":"David Coin"},"image":{"@id":"https:\/\/www.david-coin.com\/#\/schema\/logo\/image\/"},"sameAs":["https:\/\/www.facebook.com\/Davidcoininkoopenverkoop","https:\/\/www.youtube.com\/channel\/UC39lihLKFSPTff0w6tv0pWQ"]}]},"product_price_amount":"99.95","product_price_currency":"EUR","og_availability":"instock","product_availability":"instock","product_retailer_item_id":"40028","product_condition":"new"},"_links":{"self":[{"href":"https:\/\/www.david-coin.com\/fr\/wp-json\/wp\/v2\/product\/137393","targetHints":{"allow":["GET"]}}],"collection":[{"href":"https:\/\/www.david-coin.com\/fr\/wp-json\/wp\/v2\/product"}],"about":[{"href":"https:\/\/www.david-coin.com\/fr\/wp-json\/wp\/v2\/types\/product"}],"replies":[{"embeddable":true,"href":"https:\/\/www.david-coin.com\/fr\/wp-json\/wp\/v2\/comments?post=137393"}],"wp:featuredmedia":[{"embeddable":true,"href":"https:\/\/www.david-coin.com\/fr\/wp-json\/wp\/v2\/media\/137349"}],"wp:attachment":[{"href":"https:\/\/www.david-coin.com\/fr\/wp-json\/wp\/v2\/media?parent=137393"}],"wp:term":[{"taxonomy":"product_brand","embeddable":true,"href":"https:\/\/www.david-coin.com\/fr\/wp-json\/wp\/v2\/product_brand?post=137393"},{"taxonomy":"product_cat","embeddable":true,"href":"https:\/\/www.david-coin.com\/fr\/wp-json\/wp\/v2\/product_cat?post=137393"},{"taxonomy":"product_tag","embeddable":true,"href":"https:\/\/www.david-coin.com\/fr\/wp-json\/wp\/v2\/product_tag?post=137393"}],"curies":[{"name":"wp","href":"https:\/\/api.w.org\/{rel}","templated":true}]}}