{"id":133757,"date":"2024-08-23T10:39:05","date_gmt":"2024-08-23T08:39:05","guid":{"rendered":"https:\/\/www.david-coin.com\/?post_type=product&#038;p=133757"},"modified":"2026-01-28T11:18:37","modified_gmt":"2026-01-28T10:18:37","slug":"wilhelmina-cent-coincard","status":"publish","type":"product","link":"https:\/\/www.david-coin.com\/fr\/produit\/wilhelmina-cent-coincard\/","title":{"rendered":"Pays-Bas 1 cent 1913-1931 Wilhelmina en carte numismatique (Ann\u00e9e al\u00e9atoire)"},"content":{"rendered":"<p class=\"head head3 heavy mb-2x\" style=\"text-align: left;\"><strong>Nederland 1 cent 1913-1931 Wilhelmina in coincard<\/strong><\/p>\n<p><em>\u00c9mis par la Monnaie royale n\u00e9erlandaise ;<\/em><\/p>\n<p>De eerste 1 cent munt van Nederland werd in 1817 onder Koning Willem I geslagen. De laatste bronzen 1 centmunt zonder portret verliet \u2019s Rijksmunt in 1941, nu alweer ruim 80 jaar geleden. De centen van Wilhelmina ondergingen tussen 1892 en 1941 een aantal subtiele ontwerpwijzigingen. Met name werd de leesbaarheid verbeterd en kregen de oranjetakken een prominentere rol. Tussen 1913-1931 maakte men de muntplaatjes voor de cent expres donkerder, om verwarring met het nieuwe (en enige!) gouden Vijfje van Wilhelmina met nagenoeg dezelfde diameter tegen te gaan. Als eerbetoon aan deze speciale uitvoering verschijnt in 2024 een originele bronzen, donkere 1 centmunt 1913-1931 in coincard.<\/p>\n<p><strong>Conception<\/strong><\/p>\n<p>Le bronze est un m\u00e9tal commun. \u00c0 l'\u00e9poque, l'effigie du monarque r\u00e9gnant n'\u00e9tait pas autoris\u00e9e sur une pi\u00e8ce de monnaie de base. L'avers repr\u00e9sente donc un lion avec une couronne ouverte, une \u00e9p\u00e9e et un faisceau de fl\u00e8ches, tandis que le revers montre un 1 cent dans deux branches d'oranger nou\u00e9es. Apr\u00e8s la guerre, juste avant son abdication, une autre pi\u00e8ce de 1 cent en bronze de 1948 est apparue avec Wilhelmina regardant vers la gauche.<\/p>\n<p>Il \u00e9tait impossible de le savoir \u00e0 l'avance, mais toutes les pi\u00e8ces de 1 cent d\u00e9lib\u00e9r\u00e9ment assombries entre 1913 et 1931 portent la marque du ma\u00eetre de la monnaie Zeepaard, du ma\u00eetre de la monnaie Dr C. Hoitsema (1909-1933). Les pi\u00e8ces de ce type frapp\u00e9es entre 1937 et 1941 ne b\u00e9n\u00e9ficient pas de ce traitement suppl\u00e9mentaire et portent la marque Druiventros du Dr W.J. van Heteren (1933-1942), le dernier ma\u00eetre de la monnaie d'Utrecht avant la Seconde Guerre mondiale.<\/p>\n<p>Les pi\u00e8ces sont pr\u00e9sent\u00e9es dans une carte \u00e9l\u00e9gante qui rend hommage aux branches d'oranger. Cette pi\u00e8ce en coincard est un merveilleux compl\u00e9ment \u00e0 l'\u00e9dition Yellow Copper 1943 qui est apparue plus t\u00f4t en coincard.<\/p>\n<p>Les ann\u00e9es pr\u00e9sent\u00e9es dans la carte \u00e0 tirage strictement limit\u00e9 n'ont pas \u00e9t\u00e9 r\u00e9pertori\u00e9es ; selon toute vraisemblance, pour des raisons de qualit\u00e9 et de disponibilit\u00e9, il s'agit des ann\u00e9es un peu plus tardives.<\/p>\n<p><strong>U ontvangt een willekeurig jaartal door ons gekozen.<\/strong><\/p>\n<p>Let op! Voorverkoop. Levering eind augustus\/begin september.<\/p>\n<p><span style=\"font-size: 12pt; font-family: arial, helvetica, sans-serif;\">Voir les scans pour plus de d\u00e9tails. Photo Vb.<\/span><br \/>\n<span style=\"font-size: 12pt; font-family: arial, helvetica, sans-serif;\">Pour toute question, n'h\u00e9sitez pas \u00e0 nous envoyer un message<\/span><\/p>","protected":false},"excerpt":{"rendered":"<p>Carte numismatique<\/p>","protected":false},"featured_media":133762,"comment_status":"closed","ping_status":"closed","template":"","meta":[],"product_brand":[],"product_cat":[5538,5478],"product_tag":[],"class_list":{"0":"post-133757","1":"product","2":"type-product","3":"status-publish","4":"has-post-thumbnail","6":"product_cat-coincards-met-guldenmunten","7":"product_cat-zeldzame-euromunten","8":"pa_delcampeid-5265","9":"pa_land-nederland","10":"pa_materiaal-brons","11":"pa_muntwaarde-1cent","12":"pa_soort-coincard","14":"first","15":"outofstock","16":"taxable","17":"shipping-taxable","18":"purchasable","19":"product-type-simple"},"yoast_head":"<!-- This site is optimized with the Yoast SEO Premium plugin v27.2 (Yoast SEO v27.4) - https:\/\/yoast.com\/product\/yoast-seo-premium-wordpress\/ -->\n<title>Wilhelmina cent coincard<\/title>\n<meta name=\"description\" content=\"Diverse Nederlandse guldenmunten in coincard verkrijgbaar bij David-coin. Bekijk ons complete aanbod. Gratis verzending binnen Nederland vanaf 75 euro.\" \/>\n<meta name=\"robots\" content=\"index, follow, max-snippet:-1, max-image-preview:large, max-video-preview:-1\" \/>\n<link rel=\"canonical\" href=\"https:\/\/www.david-coin.com\/fr\/produit\/wilhelmina-cent-coincard\/\" \/>\n<meta property=\"og:locale\" content=\"fr_FR\" \/>\n<meta property=\"og:type\" content=\"article\" \/>\n<meta property=\"og:title\" content=\"Nederland 1 cent 1913-1931 Wilhelmina in coincard (Willekeurig jaartal)\" \/>\n<meta property=\"og:description\" content=\"Diverse Nederlandse guldenmunten in coincard verkrijgbaar bij David-coin. Bekijk ons complete aanbod. Gratis verzending binnen Nederland vanaf 75 euro.\" \/>\n<meta property=\"og:url\" content=\"https:\/\/www.david-coin.com\/fr\/produit\/wilhelmina-cent-coincard\/\" \/>\n<meta property=\"og:site_name\" content=\"David Coin\" \/>\n<meta property=\"article:publisher\" content=\"https:\/\/www.facebook.com\/Davidcoininkoopenverkoop\" \/>\n<meta property=\"article:modified_time\" content=\"2026-01-28T10:18:37+00:00\" \/>\n<meta property=\"og:image\" content=\"https:\/\/www.david-coin.com\/wp-content\/uploads\/2024\/08\/coincard-wilhelmina-cent-3.jpg\" \/>\n\t<meta property=\"og:image:width\" content=\"602\" \/>\n\t<meta property=\"og:image:height\" content=\"432\" \/>\n\t<meta property=\"og:image:type\" content=\"image\/jpeg\" \/>\n<meta name=\"twitter:card\" content=\"summary_large_image\" \/>\n<meta name=\"twitter:label1\" content=\"Prix\" \/>\n\t<meta name=\"twitter:data1\" content=\"&euro;&nbsp;34,95\" \/>\n\t<meta name=\"twitter:label2\" content=\"Disponibilit\u00e9\" \/>\n\t<meta name=\"twitter:data2\" content=\"Rupture de stock\" \/>\n<script type=\"application\/ld+json\" class=\"yoast-schema-graph\">{\"@context\":\"https:\\\/\\\/schema.org\",\"@graph\":[{\"@type\":\"WebPage\",\"@id\":\"https:\\\/\\\/www.david-coin.com\\\/product\\\/wilhelmina-cent-coincard\\\/\",\"url\":\"https:\\\/\\\/www.david-coin.com\\\/product\\\/wilhelmina-cent-coincard\\\/\",\"name\":\"Wilhelmina cent coincard\",\"isPartOf\":{\"@id\":\"https:\\\/\\\/www.david-coin.com\\\/#website\"},\"primaryImageOfPage\":{\"@id\":\"https:\\\/\\\/www.david-coin.com\\\/product\\\/wilhelmina-cent-coincard\\\/#primaryimage\"},\"image\":{\"@id\":\"https:\\\/\\\/www.david-coin.com\\\/product\\\/wilhelmina-cent-coincard\\\/#primaryimage\"},\"thumbnailUrl\":\"https:\\\/\\\/www.david-coin.com\\\/wp-content\\\/uploads\\\/2024\\\/08\\\/coincard-wilhelmina-cent-3.jpg\",\"datePublished\":\"2024-08-23T08:39:05+00:00\",\"dateModified\":\"2026-01-28T10:18:37+00:00\",\"description\":\"Diverse Nederlandse guldenmunten in coincard verkrijgbaar bij David-coin. Bekijk ons complete aanbod. Gratis verzending binnen Nederland vanaf 75 euro.\",\"breadcrumb\":{\"@id\":\"https:\\\/\\\/www.david-coin.com\\\/product\\\/wilhelmina-cent-coincard\\\/#breadcrumb\"},\"inLanguage\":\"fr-FR\",\"potentialAction\":[{\"@type\":\"ReadAction\",\"target\":[\"https:\\\/\\\/www.david-coin.com\\\/product\\\/wilhelmina-cent-coincard\\\/\"]}]},{\"@type\":\"ImageObject\",\"inLanguage\":\"fr-FR\",\"@id\":\"https:\\\/\\\/www.david-coin.com\\\/product\\\/wilhelmina-cent-coincard\\\/#primaryimage\",\"url\":\"https:\\\/\\\/www.david-coin.com\\\/wp-content\\\/uploads\\\/2024\\\/08\\\/coincard-wilhelmina-cent-3.jpg\",\"contentUrl\":\"https:\\\/\\\/www.david-coin.com\\\/wp-content\\\/uploads\\\/2024\\\/08\\\/coincard-wilhelmina-cent-3.jpg\",\"width\":602,\"height\":432,\"caption\":\"Wilhelmina cent coincard\"},{\"@type\":\"BreadcrumbList\",\"@id\":\"https:\\\/\\\/www.david-coin.com\\\/product\\\/wilhelmina-cent-coincard\\\/#breadcrumb\",\"itemListElement\":[{\"@type\":\"ListItem\",\"position\":1,\"name\":\"Home\",\"item\":\"https:\\\/\\\/www.david-coin.com\\\/\"},{\"@type\":\"ListItem\",\"position\":2,\"name\":\"Winkel\",\"item\":\"https:\\\/\\\/www.david-coin.com\\\/winkel\\\/\"},{\"@type\":\"ListItem\",\"position\":3,\"name\":\"Nederland 1 cent 1913-1931 Wilhelmina in coincard (Willekeurig jaartal)\"}]},{\"@type\":\"WebSite\",\"@id\":\"https:\\\/\\\/www.david-coin.com\\\/#website\",\"url\":\"https:\\\/\\\/www.david-coin.com\\\/\",\"name\":\"David Coin\",\"description\":\"\",\"publisher\":{\"@id\":\"https:\\\/\\\/www.david-coin.com\\\/#organization\"},\"potentialAction\":[{\"@type\":\"SearchAction\",\"target\":{\"@type\":\"EntryPoint\",\"urlTemplate\":\"https:\\\/\\\/www.david-coin.com\\\/?s={search_term_string}\"},\"query-input\":{\"@type\":\"PropertyValueSpecification\",\"valueRequired\":true,\"valueName\":\"search_term_string\"}}],\"inLanguage\":\"fr-FR\"},{\"@type\":\"Organization\",\"@id\":\"https:\\\/\\\/www.david-coin.com\\\/#organization\",\"name\":\"David Coin\",\"url\":\"https:\\\/\\\/www.david-coin.com\\\/\",\"logo\":{\"@type\":\"ImageObject\",\"inLanguage\":\"fr-FR\",\"@id\":\"https:\\\/\\\/www.david-coin.com\\\/#\\\/schema\\\/logo\\\/image\\\/\",\"url\":\"https:\\\/\\\/www.david-coin.com\\\/wp-content\\\/uploads\\\/2024\\\/04\\\/davidcoin-logo-final.png\",\"contentUrl\":\"https:\\\/\\\/www.david-coin.com\\\/wp-content\\\/uploads\\\/2024\\\/04\\\/davidcoin-logo-final.png\",\"width\":800,\"height\":267,\"caption\":\"David Coin\"},\"image\":{\"@id\":\"https:\\\/\\\/www.david-coin.com\\\/#\\\/schema\\\/logo\\\/image\\\/\"},\"sameAs\":[\"https:\\\/\\\/www.facebook.com\\\/Davidcoininkoopenverkoop\",\"https:\\\/\\\/www.youtube.com\\\/channel\\\/UC39lihLKFSPTff0w6tv0pWQ\"]}]}<\/script>\n<meta property=\"product:price:amount\" content=\"34.95\" \/>\n<meta property=\"product:price:currency\" content=\"EUR\" \/>\n<meta property=\"og:availability\" content=\"out of stock\" \/>\n<meta property=\"product:availability\" content=\"out of stock\" \/>\n<meta property=\"product:retailer_item_id\" content=\"8831\" \/>\n<meta property=\"product:condition\" content=\"new\" \/>\n<!-- \/ Yoast SEO Premium plugin. -->","yoast_head_json":{"title":"Wilhelmina cent coincard","description":"Diverse Nederlandse guldenmunten in coincard verkrijgbaar bij David-coin. Bekijk ons complete aanbod. Gratis verzending binnen Nederland vanaf 75 euro.","robots":{"index":"index","follow":"follow","max-snippet":"max-snippet:-1","max-image-preview":"max-image-preview:large","max-video-preview":"max-video-preview:-1"},"canonical":"https:\/\/www.david-coin.com\/fr\/produit\/wilhelmina-cent-coincard\/","og_locale":"fr_FR","og_type":"article","og_title":"Nederland 1 cent 1913-1931 Wilhelmina in coincard (Willekeurig jaartal)","og_description":"Diverse Nederlandse guldenmunten in coincard verkrijgbaar bij David-coin. Bekijk ons complete aanbod. Gratis verzending binnen Nederland vanaf 75 euro.","og_url":"https:\/\/www.david-coin.com\/fr\/produit\/wilhelmina-cent-coincard\/","og_site_name":"David Coin","article_publisher":"https:\/\/www.facebook.com\/Davidcoininkoopenverkoop","article_modified_time":"2026-01-28T10:18:37+00:00","og_image":[{"width":602,"height":432,"url":"https:\/\/www.david-coin.com\/wp-content\/uploads\/2024\/08\/coincard-wilhelmina-cent-3.jpg","type":"image\/jpeg"}],"twitter_card":"summary_large_image","twitter_misc":{"Prix":"&euro;&nbsp;34,95","Disponibilit\u00e9":"Rupture de stock"},"schema":{"@context":"https:\/\/schema.org","@graph":[{"@type":"WebPage","@id":"https:\/\/www.david-coin.com\/product\/wilhelmina-cent-coincard\/","url":"https:\/\/www.david-coin.com\/product\/wilhelmina-cent-coincard\/","name":"Wilhelmina cent coincard","isPartOf":{"@id":"https:\/\/www.david-coin.com\/#website"},"primaryImageOfPage":{"@id":"https:\/\/www.david-coin.com\/product\/wilhelmina-cent-coincard\/#primaryimage"},"image":{"@id":"https:\/\/www.david-coin.com\/product\/wilhelmina-cent-coincard\/#primaryimage"},"thumbnailUrl":"https:\/\/www.david-coin.com\/wp-content\/uploads\/2024\/08\/coincard-wilhelmina-cent-3.jpg","datePublished":"2024-08-23T08:39:05+00:00","dateModified":"2026-01-28T10:18:37+00:00","description":"Diverse Nederlandse guldenmunten in coincard verkrijgbaar bij David-coin. Bekijk ons complete aanbod. Gratis verzending binnen Nederland vanaf 75 euro.","breadcrumb":{"@id":"https:\/\/www.david-coin.com\/product\/wilhelmina-cent-coincard\/#breadcrumb"},"inLanguage":"fr-FR","potentialAction":[{"@type":"ReadAction","target":["https:\/\/www.david-coin.com\/product\/wilhelmina-cent-coincard\/"]}]},{"@type":"ImageObject","inLanguage":"fr-FR","@id":"https:\/\/www.david-coin.com\/product\/wilhelmina-cent-coincard\/#primaryimage","url":"https:\/\/www.david-coin.com\/wp-content\/uploads\/2024\/08\/coincard-wilhelmina-cent-3.jpg","contentUrl":"https:\/\/www.david-coin.com\/wp-content\/uploads\/2024\/08\/coincard-wilhelmina-cent-3.jpg","width":602,"height":432,"caption":"Wilhelmina cent coincard"},{"@type":"BreadcrumbList","@id":"https:\/\/www.david-coin.com\/product\/wilhelmina-cent-coincard\/#breadcrumb","itemListElement":[{"@type":"ListItem","position":1,"name":"Home","item":"https:\/\/www.david-coin.com\/"},{"@type":"ListItem","position":2,"name":"Winkel","item":"https:\/\/www.david-coin.com\/winkel\/"},{"@type":"ListItem","position":3,"name":"Nederland 1 cent 1913-1931 Wilhelmina in coincard (Willekeurig jaartal)"}]},{"@type":"WebSite","@id":"https:\/\/www.david-coin.com\/#website","url":"https:\/\/www.david-coin.com\/","name":"David Coin","description":"","publisher":{"@id":"https:\/\/www.david-coin.com\/#organization"},"potentialAction":[{"@type":"SearchAction","target":{"@type":"EntryPoint","urlTemplate":"https:\/\/www.david-coin.com\/?s={search_term_string}"},"query-input":{"@type":"PropertyValueSpecification","valueRequired":true,"valueName":"search_term_string"}}],"inLanguage":"fr-FR"},{"@type":"Organization","@id":"https:\/\/www.david-coin.com\/#organization","name":"David Coin","url":"https:\/\/www.david-coin.com\/","logo":{"@type":"ImageObject","inLanguage":"fr-FR","@id":"https:\/\/www.david-coin.com\/#\/schema\/logo\/image\/","url":"https:\/\/www.david-coin.com\/wp-content\/uploads\/2024\/04\/davidcoin-logo-final.png","contentUrl":"https:\/\/www.david-coin.com\/wp-content\/uploads\/2024\/04\/davidcoin-logo-final.png","width":800,"height":267,"caption":"David Coin"},"image":{"@id":"https:\/\/www.david-coin.com\/#\/schema\/logo\/image\/"},"sameAs":["https:\/\/www.facebook.com\/Davidcoininkoopenverkoop","https:\/\/www.youtube.com\/channel\/UC39lihLKFSPTff0w6tv0pWQ"]}]},"product_price_amount":"34.95","product_price_currency":"EUR","og_availability":"out of stock","product_availability":"out of stock","product_retailer_item_id":"8831","product_condition":"new"},"_links":{"self":[{"href":"https:\/\/www.david-coin.com\/fr\/wp-json\/wp\/v2\/product\/133757","targetHints":{"allow":["GET"]}}],"collection":[{"href":"https:\/\/www.david-coin.com\/fr\/wp-json\/wp\/v2\/product"}],"about":[{"href":"https:\/\/www.david-coin.com\/fr\/wp-json\/wp\/v2\/types\/product"}],"replies":[{"embeddable":true,"href":"https:\/\/www.david-coin.com\/fr\/wp-json\/wp\/v2\/comments?post=133757"}],"wp:featuredmedia":[{"embeddable":true,"href":"https:\/\/www.david-coin.com\/fr\/wp-json\/wp\/v2\/media\/133762"}],"wp:attachment":[{"href":"https:\/\/www.david-coin.com\/fr\/wp-json\/wp\/v2\/media?parent=133757"}],"wp:term":[{"taxonomy":"product_brand","embeddable":true,"href":"https:\/\/www.david-coin.com\/fr\/wp-json\/wp\/v2\/product_brand?post=133757"},{"taxonomy":"product_cat","embeddable":true,"href":"https:\/\/www.david-coin.com\/fr\/wp-json\/wp\/v2\/product_cat?post=133757"},{"taxonomy":"product_tag","embeddable":true,"href":"https:\/\/www.david-coin.com\/fr\/wp-json\/wp\/v2\/product_tag?post=133757"}],"curies":[{"name":"wp","href":"https:\/\/api.w.org\/{rel}","templated":true}]}}