{"id":129300,"date":"2024-07-06T17:00:36","date_gmt":"2024-07-06T15:00:36","guid":{"rendered":"https:\/\/www.david-coin.com\/?post_type=product&#038;p=129300"},"modified":"2026-03-10T11:00:23","modified_gmt":"2026-03-10T10:00:23","slug":"china-volksrepubliek-muntset-van-7-munten-1980","status":"publish","type":"product","link":"https:\/\/www.david-coin.com\/fr\/produit\/china-volksrepubliek-muntset-van-7-munten-1980\/","title":{"rendered":"R\u00e9publique populaire de Chine s\u00e9rie de 7 pi\u00e8ces 1980"},"content":{"rendered":"<p><strong>De muntset van de Chinese Volksrepubliek uit 1980<\/strong><\/p>\n<p>In 1980 heeft de nationale bank van China een muntset uitgegeven voor verzamelaars. De set is maar in beperkte oplage gemaakt waardoor deze erg zeldzaam is. De set bestaat uit de volgende munten:<\/p>\n<ul>\n<li>Km1 1 Fen 0.7 gr. Aluminium 18.0 mm<\/li>\n<li>Km2 2 Fen 1.05 gr. Aluminium 21.0 mm<\/li>\n<li>Km3 5 Fen 1.6 gr. Aluminium 24.0 mm<\/li>\n<li>Km15 1 Jiao 2.6 gr. Messing 20.0 mm<\/li>\n<li>Km16 2 Jiao 4.15 gr. Messing 23.0 mm<\/li>\n<li>Km17 5 Jiao 6.0 gr. Messing 26.0 mm<\/li>\n<li>Km18 1 Yuan 9.3 gr. Koper\/nikkel 30.0 mm<\/li>\n<\/ul>\n<p>De set is zeer schaars door de beperkte oplage en daarom wereldwijd erg gewild onder verzamelaars. De set wordt geleverd in het originele blauwe mapje waar de munten bij uitgifte in zijn gedaan. De set is dan nu ook slechts <strong>eenmalig <\/strong>beschikbaar voor de verzamelaar.<\/p>\n<p><span style=\"font-size: 12pt;\"> Voir les scans pour plus de d\u00e9tails.\u00a0<\/span><br \/>\n<span style=\"font-size: 12pt;\"> Pour toute question, n'h\u00e9sitez pas \u00e0 nous envoyer un message.<\/span><\/p>","protected":false},"excerpt":{"rendered":"<p>Zeldzame set<\/p>","protected":false},"featured_media":129305,"comment_status":"closed","ping_status":"closed","template":"","meta":[],"product_brand":[],"product_cat":[5485,5627,5579,5473],"product_tag":[],"class_list":{"0":"post-129300","1":"product","2":"type-product","3":"status-publish","4":"has-post-thumbnail","6":"product_cat-azie","7":"product_cat-topstukken","8":"product_cat-wereld-sets","9":"product_cat-world-coins-romeinse-munten","10":"pa_delcampeid-5435","11":"pa_kwaliteit-proof","12":"pa_land-china","13":"pa_materiaal-divers","14":"pa_muntwaarde-set","15":"pa_soort-muntset","17":"first","18":"instock","19":"taxable","20":"shipping-taxable","21":"purchasable","22":"product-type-simple"},"yoast_head":"<!-- This site is optimized with the Yoast SEO Premium plugin v27.2 (Yoast SEO v27.4) - https:\/\/yoast.com\/product\/yoast-seo-premium-wordpress\/ -->\n<title>China Volksrepubliek muntset van 7 munten 1980<\/title>\n<meta name=\"description\" content=\"Muntsets met wereldmunten van diverse landen verkrijgbaar. Bekijk ons complete aanbod. Gratis verzending binnen Nederland vanaf 75 euro.\" \/>\n<meta name=\"robots\" content=\"index, follow, max-snippet:-1, max-image-preview:large, max-video-preview:-1\" \/>\n<link rel=\"canonical\" href=\"https:\/\/www.david-coin.com\/fr\/produit\/china-volksrepubliek-muntset-van-7-munten-1980\/\" \/>\n<meta property=\"og:locale\" content=\"fr_FR\" \/>\n<meta property=\"og:type\" content=\"article\" \/>\n<meta property=\"og:title\" content=\"China Volksrepubliek muntset van 7 munten 1980\" \/>\n<meta property=\"og:description\" content=\"Muntsets met wereldmunten van diverse landen verkrijgbaar. Bekijk ons complete aanbod. Gratis verzending binnen Nederland vanaf 75 euro.\" \/>\n<meta property=\"og:url\" content=\"https:\/\/www.david-coin.com\/fr\/produit\/china-volksrepubliek-muntset-van-7-munten-1980\/\" \/>\n<meta property=\"og:site_name\" content=\"David Coin\" \/>\n<meta property=\"article:publisher\" content=\"https:\/\/www.facebook.com\/Davidcoininkoopenverkoop\" \/>\n<meta property=\"article:modified_time\" content=\"2026-03-10T10:00:23+00:00\" \/>\n<meta property=\"og:image\" content=\"https:\/\/www.david-coin.com\/wp-content\/uploads\/2024\/07\/China-coins-1980-3.jpg\" \/>\n\t<meta property=\"og:image:width\" content=\"693\" \/>\n\t<meta property=\"og:image:height\" content=\"643\" \/>\n\t<meta property=\"og:image:type\" content=\"image\/jpeg\" \/>\n<meta name=\"twitter:card\" content=\"summary_large_image\" \/>\n<meta name=\"twitter:label1\" content=\"Prix\" \/>\n\t<meta name=\"twitter:data1\" content=\"&euro;&nbsp;1.795,00\" \/>\n\t<meta name=\"twitter:label2\" content=\"Disponibilit\u00e9\" \/>\n\t<meta name=\"twitter:data2\" content=\"En stock\" \/>\n<script type=\"application\/ld+json\" class=\"yoast-schema-graph\">{\"@context\":\"https:\\\/\\\/schema.org\",\"@graph\":[{\"@type\":\"WebPage\",\"@id\":\"https:\\\/\\\/www.david-coin.com\\\/product\\\/china-volksrepubliek-muntset-van-7-munten-1980\\\/\",\"url\":\"https:\\\/\\\/www.david-coin.com\\\/product\\\/china-volksrepubliek-muntset-van-7-munten-1980\\\/\",\"name\":\"China Volksrepubliek muntset van 7 munten 1980\",\"isPartOf\":{\"@id\":\"https:\\\/\\\/www.david-coin.com\\\/#website\"},\"primaryImageOfPage\":{\"@id\":\"https:\\\/\\\/www.david-coin.com\\\/product\\\/china-volksrepubliek-muntset-van-7-munten-1980\\\/#primaryimage\"},\"image\":{\"@id\":\"https:\\\/\\\/www.david-coin.com\\\/product\\\/china-volksrepubliek-muntset-van-7-munten-1980\\\/#primaryimage\"},\"thumbnailUrl\":\"https:\\\/\\\/www.david-coin.com\\\/wp-content\\\/uploads\\\/2024\\\/07\\\/China-coins-1980-3.jpg\",\"datePublished\":\"2024-07-06T15:00:36+00:00\",\"dateModified\":\"2026-03-10T10:00:23+00:00\",\"description\":\"Muntsets met wereldmunten van diverse landen verkrijgbaar. Bekijk ons complete aanbod. Gratis verzending binnen Nederland vanaf 75 euro.\",\"breadcrumb\":{\"@id\":\"https:\\\/\\\/www.david-coin.com\\\/product\\\/china-volksrepubliek-muntset-van-7-munten-1980\\\/#breadcrumb\"},\"inLanguage\":\"fr-FR\",\"potentialAction\":[{\"@type\":\"ReadAction\",\"target\":[\"https:\\\/\\\/www.david-coin.com\\\/product\\\/china-volksrepubliek-muntset-van-7-munten-1980\\\/\"]}]},{\"@type\":\"ImageObject\",\"inLanguage\":\"fr-FR\",\"@id\":\"https:\\\/\\\/www.david-coin.com\\\/product\\\/china-volksrepubliek-muntset-van-7-munten-1980\\\/#primaryimage\",\"url\":\"https:\\\/\\\/www.david-coin.com\\\/wp-content\\\/uploads\\\/2024\\\/07\\\/China-coins-1980-3.jpg\",\"contentUrl\":\"https:\\\/\\\/www.david-coin.com\\\/wp-content\\\/uploads\\\/2024\\\/07\\\/China-coins-1980-3.jpg\",\"width\":693,\"height\":643},{\"@type\":\"BreadcrumbList\",\"@id\":\"https:\\\/\\\/www.david-coin.com\\\/product\\\/china-volksrepubliek-muntset-van-7-munten-1980\\\/#breadcrumb\",\"itemListElement\":[{\"@type\":\"ListItem\",\"position\":1,\"name\":\"Home\",\"item\":\"https:\\\/\\\/www.david-coin.com\\\/\"},{\"@type\":\"ListItem\",\"position\":2,\"name\":\"Winkel\",\"item\":\"https:\\\/\\\/www.david-coin.com\\\/winkel\\\/\"},{\"@type\":\"ListItem\",\"position\":3,\"name\":\"China Volksrepubliek muntset van 7 munten 1980\"}]},{\"@type\":\"WebSite\",\"@id\":\"https:\\\/\\\/www.david-coin.com\\\/#website\",\"url\":\"https:\\\/\\\/www.david-coin.com\\\/\",\"name\":\"David Coin\",\"description\":\"\",\"publisher\":{\"@id\":\"https:\\\/\\\/www.david-coin.com\\\/#organization\"},\"potentialAction\":[{\"@type\":\"SearchAction\",\"target\":{\"@type\":\"EntryPoint\",\"urlTemplate\":\"https:\\\/\\\/www.david-coin.com\\\/?s={search_term_string}\"},\"query-input\":{\"@type\":\"PropertyValueSpecification\",\"valueRequired\":true,\"valueName\":\"search_term_string\"}}],\"inLanguage\":\"fr-FR\"},{\"@type\":\"Organization\",\"@id\":\"https:\\\/\\\/www.david-coin.com\\\/#organization\",\"name\":\"David Coin\",\"url\":\"https:\\\/\\\/www.david-coin.com\\\/\",\"logo\":{\"@type\":\"ImageObject\",\"inLanguage\":\"fr-FR\",\"@id\":\"https:\\\/\\\/www.david-coin.com\\\/#\\\/schema\\\/logo\\\/image\\\/\",\"url\":\"https:\\\/\\\/www.david-coin.com\\\/wp-content\\\/uploads\\\/2024\\\/04\\\/davidcoin-logo-final.png\",\"contentUrl\":\"https:\\\/\\\/www.david-coin.com\\\/wp-content\\\/uploads\\\/2024\\\/04\\\/davidcoin-logo-final.png\",\"width\":800,\"height\":267,\"caption\":\"David Coin\"},\"image\":{\"@id\":\"https:\\\/\\\/www.david-coin.com\\\/#\\\/schema\\\/logo\\\/image\\\/\"},\"sameAs\":[\"https:\\\/\\\/www.facebook.com\\\/Davidcoininkoopenverkoop\",\"https:\\\/\\\/www.youtube.com\\\/channel\\\/UC39lihLKFSPTff0w6tv0pWQ\"]}]}<\/script>\n<meta property=\"product:price:amount\" content=\"1795.00\" \/>\n<meta property=\"product:price:currency\" content=\"EUR\" \/>\n<meta property=\"og:availability\" content=\"instock\" \/>\n<meta property=\"product:availability\" content=\"instock\" \/>\n<meta property=\"product:retailer_item_id\" content=\"20242\" \/>\n<meta property=\"product:condition\" content=\"new\" \/>\n<!-- \/ Yoast SEO Premium plugin. -->","yoast_head_json":{"title":"R\u00e9publique populaire de Chine s\u00e9rie de 7 pi\u00e8ces 1980","description":"Muntsets met wereldmunten van diverse landen verkrijgbaar. Bekijk ons complete aanbod. Gratis verzending binnen Nederland vanaf 75 euro.","robots":{"index":"index","follow":"follow","max-snippet":"max-snippet:-1","max-image-preview":"max-image-preview:large","max-video-preview":"max-video-preview:-1"},"canonical":"https:\/\/www.david-coin.com\/fr\/produit\/china-volksrepubliek-muntset-van-7-munten-1980\/","og_locale":"fr_FR","og_type":"article","og_title":"China Volksrepubliek muntset van 7 munten 1980","og_description":"Muntsets met wereldmunten van diverse landen verkrijgbaar. Bekijk ons complete aanbod. Gratis verzending binnen Nederland vanaf 75 euro.","og_url":"https:\/\/www.david-coin.com\/fr\/produit\/china-volksrepubliek-muntset-van-7-munten-1980\/","og_site_name":"David Coin","article_publisher":"https:\/\/www.facebook.com\/Davidcoininkoopenverkoop","article_modified_time":"2026-03-10T10:00:23+00:00","og_image":[{"width":693,"height":643,"url":"https:\/\/www.david-coin.com\/wp-content\/uploads\/2024\/07\/China-coins-1980-3.jpg","type":"image\/jpeg"}],"twitter_card":"summary_large_image","twitter_misc":{"Prix":"&euro;&nbsp;1.795,00","Disponibilit\u00e9":"En stock"},"schema":{"@context":"https:\/\/schema.org","@graph":[{"@type":"WebPage","@id":"https:\/\/www.david-coin.com\/product\/china-volksrepubliek-muntset-van-7-munten-1980\/","url":"https:\/\/www.david-coin.com\/product\/china-volksrepubliek-muntset-van-7-munten-1980\/","name":"R\u00e9publique populaire de Chine s\u00e9rie de 7 pi\u00e8ces 1980","isPartOf":{"@id":"https:\/\/www.david-coin.com\/#website"},"primaryImageOfPage":{"@id":"https:\/\/www.david-coin.com\/product\/china-volksrepubliek-muntset-van-7-munten-1980\/#primaryimage"},"image":{"@id":"https:\/\/www.david-coin.com\/product\/china-volksrepubliek-muntset-van-7-munten-1980\/#primaryimage"},"thumbnailUrl":"https:\/\/www.david-coin.com\/wp-content\/uploads\/2024\/07\/China-coins-1980-3.jpg","datePublished":"2024-07-06T15:00:36+00:00","dateModified":"2026-03-10T10:00:23+00:00","description":"Muntsets met wereldmunten van diverse landen verkrijgbaar. Bekijk ons complete aanbod. Gratis verzending binnen Nederland vanaf 75 euro.","breadcrumb":{"@id":"https:\/\/www.david-coin.com\/product\/china-volksrepubliek-muntset-van-7-munten-1980\/#breadcrumb"},"inLanguage":"fr-FR","potentialAction":[{"@type":"ReadAction","target":["https:\/\/www.david-coin.com\/product\/china-volksrepubliek-muntset-van-7-munten-1980\/"]}]},{"@type":"ImageObject","inLanguage":"fr-FR","@id":"https:\/\/www.david-coin.com\/product\/china-volksrepubliek-muntset-van-7-munten-1980\/#primaryimage","url":"https:\/\/www.david-coin.com\/wp-content\/uploads\/2024\/07\/China-coins-1980-3.jpg","contentUrl":"https:\/\/www.david-coin.com\/wp-content\/uploads\/2024\/07\/China-coins-1980-3.jpg","width":693,"height":643},{"@type":"BreadcrumbList","@id":"https:\/\/www.david-coin.com\/product\/china-volksrepubliek-muntset-van-7-munten-1980\/#breadcrumb","itemListElement":[{"@type":"ListItem","position":1,"name":"Home","item":"https:\/\/www.david-coin.com\/"},{"@type":"ListItem","position":2,"name":"Winkel","item":"https:\/\/www.david-coin.com\/winkel\/"},{"@type":"ListItem","position":3,"name":"China Volksrepubliek muntset van 7 munten 1980"}]},{"@type":"WebSite","@id":"https:\/\/www.david-coin.com\/#website","url":"https:\/\/www.david-coin.com\/","name":"David Coin","description":"","publisher":{"@id":"https:\/\/www.david-coin.com\/#organization"},"potentialAction":[{"@type":"SearchAction","target":{"@type":"EntryPoint","urlTemplate":"https:\/\/www.david-coin.com\/?s={search_term_string}"},"query-input":{"@type":"PropertyValueSpecification","valueRequired":true,"valueName":"search_term_string"}}],"inLanguage":"fr-FR"},{"@type":"Organization","@id":"https:\/\/www.david-coin.com\/#organization","name":"David Coin","url":"https:\/\/www.david-coin.com\/","logo":{"@type":"ImageObject","inLanguage":"fr-FR","@id":"https:\/\/www.david-coin.com\/#\/schema\/logo\/image\/","url":"https:\/\/www.david-coin.com\/wp-content\/uploads\/2024\/04\/davidcoin-logo-final.png","contentUrl":"https:\/\/www.david-coin.com\/wp-content\/uploads\/2024\/04\/davidcoin-logo-final.png","width":800,"height":267,"caption":"David Coin"},"image":{"@id":"https:\/\/www.david-coin.com\/#\/schema\/logo\/image\/"},"sameAs":["https:\/\/www.facebook.com\/Davidcoininkoopenverkoop","https:\/\/www.youtube.com\/channel\/UC39lihLKFSPTff0w6tv0pWQ"]}]},"product_price_amount":"1795.00","product_price_currency":"EUR","og_availability":"instock","product_availability":"instock","product_retailer_item_id":"20242","product_condition":"new"},"_links":{"self":[{"href":"https:\/\/www.david-coin.com\/fr\/wp-json\/wp\/v2\/product\/129300","targetHints":{"allow":["GET"]}}],"collection":[{"href":"https:\/\/www.david-coin.com\/fr\/wp-json\/wp\/v2\/product"}],"about":[{"href":"https:\/\/www.david-coin.com\/fr\/wp-json\/wp\/v2\/types\/product"}],"replies":[{"embeddable":true,"href":"https:\/\/www.david-coin.com\/fr\/wp-json\/wp\/v2\/comments?post=129300"}],"wp:featuredmedia":[{"embeddable":true,"href":"https:\/\/www.david-coin.com\/fr\/wp-json\/wp\/v2\/media\/129305"}],"wp:attachment":[{"href":"https:\/\/www.david-coin.com\/fr\/wp-json\/wp\/v2\/media?parent=129300"}],"wp:term":[{"taxonomy":"product_brand","embeddable":true,"href":"https:\/\/www.david-coin.com\/fr\/wp-json\/wp\/v2\/product_brand?post=129300"},{"taxonomy":"product_cat","embeddable":true,"href":"https:\/\/www.david-coin.com\/fr\/wp-json\/wp\/v2\/product_cat?post=129300"},{"taxonomy":"product_tag","embeddable":true,"href":"https:\/\/www.david-coin.com\/fr\/wp-json\/wp\/v2\/product_tag?post=129300"}],"curies":[{"name":"wp","href":"https:\/\/api.w.org\/{rel}","templated":true}]}}