{"id":129222,"date":"2024-07-04T11:05:54","date_gmt":"2024-07-04T09:05:54","guid":{"rendered":"https:\/\/www.david-coin.com\/product\/nederland-halve-cent-1827-b-willem-1\/"},"modified":"2026-01-27T12:52:52","modified_gmt":"2026-01-27T11:52:52","slug":"nederland-halve-cent-1827-b-willem-1","status":"publish","type":"product","link":"https:\/\/www.david-coin.com\/fr\/produit\/nederland-halve-cent-1827-b-willem-1\/","title":{"rendered":"Demi-cent n\u00e9erlandais 1827-B William 1"},"content":{"rendered":"<p>Demi-cent n\u00e9erlandais 1827-B William 1<\/p>\n<p>De halve cent munt van <a href=\"\/fr\/\u201chttps:\/\/www.david-coin.com\/categorie-produit\/nederlandse-munten\/willem-1-1815-1840\/\u201d\/\">Le roi Guillaume Ier<\/a>, geslagen tussen 1819 en 1837, is een stukje Nederlandse koninkrijk geschiedenis. Deze koperen munt had een diameter van slechts 16 millimeter en woog 1,92 gram, waardoor het \u00e9\u00e9n van de kleinste en lichtste circulatiemunten uit die periode was. Omdat Belgi\u00eb in het begin van de negentiende eeuw nog onderdeel van Nederland was, zijn de halve centen zowel in Utrecht als in Brussel geslagen. Op de voorkant staat het gekroonde symbool van <a href=\"\/fr\/\u201chttps:\/\/www.david-coin.com\/categorie-produit\/nederlandse-munten\/willem-1-1815-1840\/\u201d\/\">Le roi Guillaume Ier<\/a> afgebeeld samen met het jaartal. De keerzijde toont de muntwaarde &#8220;\u00bd CENT&#8221;.<br \/>\nNaast de halve cent zijn er ook nog de<br \/>\n&#8211;\tCent Willem 1;<br \/>\n&#8211;\t<a href=\"\/fr\/\u201chttps:\/\/www.david-coin.com\/produit\/nederland-5-cent-1827-willem-1-4789\/\u201d\/\">Stuiver William 1 ;<\/a><br \/>\n&#8211;\t<a href=\"\/fr\/\u201chttps:\/\/www.david-coin.com\/produit\/nederland-10-cent-1827u-willem-2\/\u201d\/\">Double William 1 ;<\/a><br \/>\n&#8211;\t<a href=\"\/fr\/\u201chttps:\/\/www.david-coin.com\/produit\/nederland-25-cent-1825-u-willem-1\/\u201d\/\">Quart William 1 ;<\/a><br \/>\n&#8211;\t<a href=\"\/fr\/\u201chttps:\/\/www.david-coin.com\/produit\/nederland-1-2-gulden-1822-u-b-willem-i\/\u201d\/\">Demi florin William 1 ;<\/a><br \/>\n&#8211;\t<a href=\"\/fr\/\u201chttps:\/\/www.david-coin.com\/produit\/nederland-1-gulden-1832-willem-2\/\u201d\/\">Guillaume d'or 1 ;<\/a><br \/>\n&#8211;\t<a href=\"\/fr\/\u201chttps:\/\/www.david-coin.com\/produit\/nederland-25-gulden-1840-willem-i\/\u201d\/\">Reichdaalder Willem 1 ;<\/a><br \/>\n&#8211;\t<a href=\"\/fr\/\u201chttps:\/\/www.david-coin.com\/produit\/nederland-3-gulden-1824-willem-1\/\u201d\/\">3 florins William 1 ;<\/a><br \/>\n- 5 florins William 1 or ;<br \/>\n&#8211;\t<a href=\"\/fr\/\u201chttps:\/\/www.david-coin.com\/produit\/nederland-gouden-tientje-1825-willem-1\/\u201d\/\">10 florins William 1 or.<\/a><br \/>\nLes pi\u00e8ces du roi Guillaume 1er ont lentement disparu de la circulation au cours du 19e si\u00e8cle, puis ont \u00e9t\u00e9 progressivement remplac\u00e9es par les pi\u00e8ces du roi de France. <a href=\"\/fr\/\u201chttps:\/\/www.david-coin.com\/categorie-produit\/nederlandse-munten\/willem-2-1840-1849\/\u201d\/\">Roi Guillaume 2<\/a> et <a href=\"\/fr\/\u201chttps:\/\/www.david-coin.com\/categorie-produit\/nederlandse-munten\/willem-3-1849-1890\/\u201d\/\">Roi Guillaume 3.<\/a> Aujourd'hui, les pi\u00e8ces du roi Guillaume 1 sont tr\u00e8s recherch\u00e9es par les collectionneurs. <\/p>\n<p>Voir les scans pour plus de d\u00e9tails.<br \/>\nPour toute question, n'h\u00e9sitez pas \u00e0 nous envoyer un message.<\/p>","protected":false},"excerpt":{"rendered":"<p>Nederland halve cent 1827-B Willem 1 De halve cent munt van Koning Willem I, geslagen tussen 1819 en 1837, is een stukje Nederlandse koninkrijk geschiedenis. Deze koperen munt had een diameter van slechts 16 millimeter en woog 1,92 gram, waardoor het \u00e9\u00e9n van de kleinste en lichtste circulatiemunten uit die periode was. Omdat Belgi\u00eb in [&hellip;]<\/p>\n","protected":false},"featured_media":129151,"comment_status":"closed","ping_status":"open","template":"","meta":[],"product_brand":[],"product_cat":[5471,5519],"product_tag":[],"class_list":{"0":"post-129222","1":"product","2":"type-product","3":"status-publish","4":"has-post-thumbnail","6":"product_cat-nederlandse-munten","7":"product_cat-willem-1-1815-1840","8":"pa_koning-koningin-willem1","9":"pa_kwaliteit-fraai","10":"pa_land-nederland","11":"pa_materiaal-koper","12":"pa_muntwaarde-halvecent","14":"first","15":"outofstock","16":"purchasable","17":"product-type-simple"},"yoast_head":"<!-- This site is optimized with the Yoast SEO Premium plugin v27.2 (Yoast SEO v27.4) - https:\/\/yoast.com\/product\/yoast-seo-premium-wordpress\/ -->\n<title>Nederland halve cent 1827-B Willem 1<\/title>\n<meta name=\"description\" content=\"Nederlandse munten kopen? Bekijk nu ons aanbod Willem 1 t\/m Beatrix, halve centen t\/m zilveren 50 guldenmunten. Gratis verzending vanaf 75 euro binnen NL.\" \/>\n<meta name=\"robots\" content=\"index, follow, max-snippet:-1, max-image-preview:large, max-video-preview:-1\" \/>\n<link rel=\"canonical\" href=\"https:\/\/www.david-coin.com\/fr\/produit\/nederland-halve-cent-1827-b-willem-1\/\" \/>\n<meta property=\"og:locale\" content=\"fr_FR\" \/>\n<meta property=\"og:type\" content=\"article\" \/>\n<meta property=\"og:title\" content=\"Nederland halve cent 1827-B Willem 1\" \/>\n<meta property=\"og:description\" content=\"Nederlandse munten kopen? Bekijk nu ons aanbod Willem 1 t\/m Beatrix, halve centen t\/m zilveren 50 guldenmunten. Gratis verzending vanaf 75 euro binnen NL.\" \/>\n<meta property=\"og:url\" content=\"https:\/\/www.david-coin.com\/fr\/produit\/nederland-halve-cent-1827-b-willem-1\/\" \/>\n<meta property=\"og:site_name\" content=\"David Coin\" \/>\n<meta property=\"article:publisher\" content=\"https:\/\/www.facebook.com\/Davidcoininkoopenverkoop\" \/>\n<meta property=\"article:modified_time\" content=\"2026-01-27T11:52:52+00:00\" \/>\n<meta property=\"og:image\" content=\"https:\/\/www.david-coin.com\/wp-content\/uploads\/2024\/07\/1827halvecent-2.jpg\" \/>\n\t<meta property=\"og:image:width\" content=\"472\" \/>\n\t<meta property=\"og:image:height\" content=\"417\" \/>\n\t<meta property=\"og:image:type\" content=\"image\/jpeg\" \/>\n<meta name=\"twitter:card\" content=\"summary_large_image\" \/>\n<meta name=\"twitter:label1\" content=\"Prix\" \/>\n\t<meta name=\"twitter:data1\" content=\"&euro;&nbsp;49,95\" \/>\n\t<meta name=\"twitter:label2\" content=\"Disponibilit\u00e9\" \/>\n\t<meta name=\"twitter:data2\" content=\"Rupture de stock\" \/>\n<script type=\"application\/ld+json\" class=\"yoast-schema-graph\">{\"@context\":\"https:\\\/\\\/schema.org\",\"@graph\":[{\"@type\":\"WebPage\",\"@id\":\"https:\\\/\\\/www.david-coin.com\\\/product\\\/nederland-halve-cent-1827-b-willem-1\\\/\",\"url\":\"https:\\\/\\\/www.david-coin.com\\\/product\\\/nederland-halve-cent-1827-b-willem-1\\\/\",\"name\":\"Nederland halve cent 1827-B Willem 1\",\"isPartOf\":{\"@id\":\"https:\\\/\\\/www.david-coin.com\\\/#website\"},\"primaryImageOfPage\":{\"@id\":\"https:\\\/\\\/www.david-coin.com\\\/product\\\/nederland-halve-cent-1827-b-willem-1\\\/#primaryimage\"},\"image\":{\"@id\":\"https:\\\/\\\/www.david-coin.com\\\/product\\\/nederland-halve-cent-1827-b-willem-1\\\/#primaryimage\"},\"thumbnailUrl\":\"https:\\\/\\\/www.david-coin.com\\\/wp-content\\\/uploads\\\/2024\\\/07\\\/1827halvecent-2.jpg\",\"datePublished\":\"2024-07-04T09:05:54+00:00\",\"dateModified\":\"2026-01-27T11:52:52+00:00\",\"description\":\"Nederlandse munten kopen? Bekijk nu ons aanbod Willem 1 t\\\/m Beatrix, halve centen t\\\/m zilveren 50 guldenmunten. Gratis verzending vanaf 75 euro binnen NL.\",\"breadcrumb\":{\"@id\":\"https:\\\/\\\/www.david-coin.com\\\/product\\\/nederland-halve-cent-1827-b-willem-1\\\/#breadcrumb\"},\"inLanguage\":\"fr-FR\",\"potentialAction\":[{\"@type\":\"ReadAction\",\"target\":[\"https:\\\/\\\/www.david-coin.com\\\/product\\\/nederland-halve-cent-1827-b-willem-1\\\/\"]}]},{\"@type\":\"ImageObject\",\"inLanguage\":\"fr-FR\",\"@id\":\"https:\\\/\\\/www.david-coin.com\\\/product\\\/nederland-halve-cent-1827-b-willem-1\\\/#primaryimage\",\"url\":\"https:\\\/\\\/www.david-coin.com\\\/wp-content\\\/uploads\\\/2024\\\/07\\\/1827halvecent-2.jpg\",\"contentUrl\":\"https:\\\/\\\/www.david-coin.com\\\/wp-content\\\/uploads\\\/2024\\\/07\\\/1827halvecent-2.jpg\",\"width\":472,\"height\":417},{\"@type\":\"BreadcrumbList\",\"@id\":\"https:\\\/\\\/www.david-coin.com\\\/product\\\/nederland-halve-cent-1827-b-willem-1\\\/#breadcrumb\",\"itemListElement\":[{\"@type\":\"ListItem\",\"position\":1,\"name\":\"Home\",\"item\":\"https:\\\/\\\/www.david-coin.com\\\/\"},{\"@type\":\"ListItem\",\"position\":2,\"name\":\"Winkel\",\"item\":\"https:\\\/\\\/www.david-coin.com\\\/winkel\\\/\"},{\"@type\":\"ListItem\",\"position\":3,\"name\":\"Nederland halve cent 1827-B Willem 1\"}]},{\"@type\":\"WebSite\",\"@id\":\"https:\\\/\\\/www.david-coin.com\\\/#website\",\"url\":\"https:\\\/\\\/www.david-coin.com\\\/\",\"name\":\"David Coin\",\"description\":\"\",\"publisher\":{\"@id\":\"https:\\\/\\\/www.david-coin.com\\\/#organization\"},\"potentialAction\":[{\"@type\":\"SearchAction\",\"target\":{\"@type\":\"EntryPoint\",\"urlTemplate\":\"https:\\\/\\\/www.david-coin.com\\\/?s={search_term_string}\"},\"query-input\":{\"@type\":\"PropertyValueSpecification\",\"valueRequired\":true,\"valueName\":\"search_term_string\"}}],\"inLanguage\":\"fr-FR\"},{\"@type\":\"Organization\",\"@id\":\"https:\\\/\\\/www.david-coin.com\\\/#organization\",\"name\":\"David Coin\",\"url\":\"https:\\\/\\\/www.david-coin.com\\\/\",\"logo\":{\"@type\":\"ImageObject\",\"inLanguage\":\"fr-FR\",\"@id\":\"https:\\\/\\\/www.david-coin.com\\\/#\\\/schema\\\/logo\\\/image\\\/\",\"url\":\"https:\\\/\\\/www.david-coin.com\\\/wp-content\\\/uploads\\\/2024\\\/04\\\/davidcoin-logo-final.png\",\"contentUrl\":\"https:\\\/\\\/www.david-coin.com\\\/wp-content\\\/uploads\\\/2024\\\/04\\\/davidcoin-logo-final.png\",\"width\":800,\"height\":267,\"caption\":\"David Coin\"},\"image\":{\"@id\":\"https:\\\/\\\/www.david-coin.com\\\/#\\\/schema\\\/logo\\\/image\\\/\"},\"sameAs\":[\"https:\\\/\\\/www.facebook.com\\\/Davidcoininkoopenverkoop\",\"https:\\\/\\\/www.youtube.com\\\/channel\\\/UC39lihLKFSPTff0w6tv0pWQ\"]}]}<\/script>\n<meta property=\"product:price:amount\" content=\"49.95\" \/>\n<meta property=\"product:price:currency\" content=\"EUR\" \/>\n<meta property=\"og:availability\" content=\"out of stock\" \/>\n<meta property=\"product:availability\" content=\"out of stock\" \/>\n<meta property=\"product:retailer_item_id\" content=\"15592\" \/>\n<meta property=\"product:condition\" content=\"new\" \/>\n<!-- \/ Yoast SEO Premium plugin. -->","yoast_head_json":{"title":"Demi-cent n\u00e9erlandais 1827-B William 1","description":"Nederlandse munten kopen? Bekijk nu ons aanbod Willem 1 t\/m Beatrix, halve centen t\/m zilveren 50 guldenmunten. Gratis verzending vanaf 75 euro binnen NL.","robots":{"index":"index","follow":"follow","max-snippet":"max-snippet:-1","max-image-preview":"max-image-preview:large","max-video-preview":"max-video-preview:-1"},"canonical":"https:\/\/www.david-coin.com\/fr\/produit\/nederland-halve-cent-1827-b-willem-1\/","og_locale":"fr_FR","og_type":"article","og_title":"Nederland halve cent 1827-B Willem 1","og_description":"Nederlandse munten kopen? Bekijk nu ons aanbod Willem 1 t\/m Beatrix, halve centen t\/m zilveren 50 guldenmunten. Gratis verzending vanaf 75 euro binnen NL.","og_url":"https:\/\/www.david-coin.com\/fr\/produit\/nederland-halve-cent-1827-b-willem-1\/","og_site_name":"David Coin","article_publisher":"https:\/\/www.facebook.com\/Davidcoininkoopenverkoop","article_modified_time":"2026-01-27T11:52:52+00:00","og_image":[{"width":472,"height":417,"url":"https:\/\/www.david-coin.com\/wp-content\/uploads\/2024\/07\/1827halvecent-2.jpg","type":"image\/jpeg"}],"twitter_card":"summary_large_image","twitter_misc":{"Prix":"&euro;&nbsp;49,95","Disponibilit\u00e9":"Rupture de stock"},"schema":{"@context":"https:\/\/schema.org","@graph":[{"@type":"WebPage","@id":"https:\/\/www.david-coin.com\/product\/nederland-halve-cent-1827-b-willem-1\/","url":"https:\/\/www.david-coin.com\/product\/nederland-halve-cent-1827-b-willem-1\/","name":"Demi-cent n\u00e9erlandais 1827-B William 1","isPartOf":{"@id":"https:\/\/www.david-coin.com\/#website"},"primaryImageOfPage":{"@id":"https:\/\/www.david-coin.com\/product\/nederland-halve-cent-1827-b-willem-1\/#primaryimage"},"image":{"@id":"https:\/\/www.david-coin.com\/product\/nederland-halve-cent-1827-b-willem-1\/#primaryimage"},"thumbnailUrl":"https:\/\/www.david-coin.com\/wp-content\/uploads\/2024\/07\/1827halvecent-2.jpg","datePublished":"2024-07-04T09:05:54+00:00","dateModified":"2026-01-27T11:52:52+00:00","description":"Nederlandse munten kopen? Bekijk nu ons aanbod Willem 1 t\/m Beatrix, halve centen t\/m zilveren 50 guldenmunten. Gratis verzending vanaf 75 euro binnen NL.","breadcrumb":{"@id":"https:\/\/www.david-coin.com\/product\/nederland-halve-cent-1827-b-willem-1\/#breadcrumb"},"inLanguage":"fr-FR","potentialAction":[{"@type":"ReadAction","target":["https:\/\/www.david-coin.com\/product\/nederland-halve-cent-1827-b-willem-1\/"]}]},{"@type":"ImageObject","inLanguage":"fr-FR","@id":"https:\/\/www.david-coin.com\/product\/nederland-halve-cent-1827-b-willem-1\/#primaryimage","url":"https:\/\/www.david-coin.com\/wp-content\/uploads\/2024\/07\/1827halvecent-2.jpg","contentUrl":"https:\/\/www.david-coin.com\/wp-content\/uploads\/2024\/07\/1827halvecent-2.jpg","width":472,"height":417},{"@type":"BreadcrumbList","@id":"https:\/\/www.david-coin.com\/product\/nederland-halve-cent-1827-b-willem-1\/#breadcrumb","itemListElement":[{"@type":"ListItem","position":1,"name":"Home","item":"https:\/\/www.david-coin.com\/"},{"@type":"ListItem","position":2,"name":"Winkel","item":"https:\/\/www.david-coin.com\/winkel\/"},{"@type":"ListItem","position":3,"name":"Nederland halve cent 1827-B Willem 1"}]},{"@type":"WebSite","@id":"https:\/\/www.david-coin.com\/#website","url":"https:\/\/www.david-coin.com\/","name":"David Coin","description":"","publisher":{"@id":"https:\/\/www.david-coin.com\/#organization"},"potentialAction":[{"@type":"SearchAction","target":{"@type":"EntryPoint","urlTemplate":"https:\/\/www.david-coin.com\/?s={search_term_string}"},"query-input":{"@type":"PropertyValueSpecification","valueRequired":true,"valueName":"search_term_string"}}],"inLanguage":"fr-FR"},{"@type":"Organization","@id":"https:\/\/www.david-coin.com\/#organization","name":"David Coin","url":"https:\/\/www.david-coin.com\/","logo":{"@type":"ImageObject","inLanguage":"fr-FR","@id":"https:\/\/www.david-coin.com\/#\/schema\/logo\/image\/","url":"https:\/\/www.david-coin.com\/wp-content\/uploads\/2024\/04\/davidcoin-logo-final.png","contentUrl":"https:\/\/www.david-coin.com\/wp-content\/uploads\/2024\/04\/davidcoin-logo-final.png","width":800,"height":267,"caption":"David Coin"},"image":{"@id":"https:\/\/www.david-coin.com\/#\/schema\/logo\/image\/"},"sameAs":["https:\/\/www.facebook.com\/Davidcoininkoopenverkoop","https:\/\/www.youtube.com\/channel\/UC39lihLKFSPTff0w6tv0pWQ"]}]},"product_price_amount":"49.95","product_price_currency":"EUR","og_availability":"out of stock","product_availability":"out of stock","product_retailer_item_id":"15592","product_condition":"new"},"_links":{"self":[{"href":"https:\/\/www.david-coin.com\/fr\/wp-json\/wp\/v2\/product\/129222","targetHints":{"allow":["GET"]}}],"collection":[{"href":"https:\/\/www.david-coin.com\/fr\/wp-json\/wp\/v2\/product"}],"about":[{"href":"https:\/\/www.david-coin.com\/fr\/wp-json\/wp\/v2\/types\/product"}],"replies":[{"embeddable":true,"href":"https:\/\/www.david-coin.com\/fr\/wp-json\/wp\/v2\/comments?post=129222"}],"wp:featuredmedia":[{"embeddable":true,"href":"https:\/\/www.david-coin.com\/fr\/wp-json\/wp\/v2\/media\/129151"}],"wp:attachment":[{"href":"https:\/\/www.david-coin.com\/fr\/wp-json\/wp\/v2\/media?parent=129222"}],"wp:term":[{"taxonomy":"product_brand","embeddable":true,"href":"https:\/\/www.david-coin.com\/fr\/wp-json\/wp\/v2\/product_brand?post=129222"},{"taxonomy":"product_cat","embeddable":true,"href":"https:\/\/www.david-coin.com\/fr\/wp-json\/wp\/v2\/product_cat?post=129222"},{"taxonomy":"product_tag","embeddable":true,"href":"https:\/\/www.david-coin.com\/fr\/wp-json\/wp\/v2\/product_tag?post=129222"}],"curies":[{"name":"wp","href":"https:\/\/api.w.org\/{rel}","templated":true}]}}