{"id":123227,"date":"2024-02-09T12:29:04","date_gmt":"2024-02-09T12:29:04","guid":{"rendered":"https:\/\/www.david-coin.com\/product\/nederland-25-gulden-1922-zilverbon-pmg64-epq\/"},"modified":"2026-01-27T17:36:17","modified_gmt":"2026-01-27T16:36:17","slug":"nederland-25-gulden-1922-zilverbon-pmg64-epq","status":"publish","type":"product","link":"https:\/\/www.david-coin.com\/fr\/produit\/nederland-25-gulden-1922-zilverbon-pmg64-epq\/","title":{"rendered":"Pays-Bas 2,5 florins 1922 billet en argent PMG64 EPQ"},"content":{"rendered":"<p><span style=\"font-size: 12pt;\"><strong>Pays-Bas 2,5 florins 1922 billet en argent PMG64 EPQ<\/strong><br \/>En haute qualit\u00e9. Non circul\u00e9.\u00a0<br \/><\/span><\/p>\n<p><span style=\"font-size: 12pt;\">NVMH : 12-1b<br \/><\/span><span style=\"font-size: 12pt;\">Plomp : PL13a2.b<br \/>Pick:18<\/span><\/p>\n<p>La p\u00e9nurie de pi\u00e8ces de deux florins et demi ne s'\u00e9tant finalement pas r\u00e9sorb\u00e9e aussi rapidement que pr\u00e9vu, le minist\u00e8re des Finances dut encore \u00e9mettre des bons d'argent au d\u00e9but des ann\u00e9es 1920. Ces coupons ont \u00e9t\u00e9 con\u00e7us diff\u00e9remment des s\u00e9ries pr\u00e9c\u00e9dentes, afin d'\u00e9viter la contrefa\u00e7on et d'accro\u00eetre la confiance du public dans les coupons. Par cons\u00e9quent, \u00e0 partir du d\u00e9but des ann\u00e9es 1920, les billets d'argent furent imprim\u00e9s sur les deux faces. Le billet en argent de deux florins et demi \u00e9mis de 1922 \u00e0 1927 pr\u00e9sente deux combinaisons de signatures :<br \/>\n- 1922 : Luijsterburg (fonctionnaire\/agent du minist\u00e8re des finances) et Dr Hendrik Colijn (ministre des finances) ;<br \/>\n- 1923-1927 : Luijsterburg (fonctionnaire\/agent du minist\u00e8re des Finances) et Dr Hendrik Colijn (ministre des Finances).<br \/>\nLes bons en argent des ann\u00e9es 1920 se sont rapidement us\u00e9s et ont finalement \u00e9t\u00e9 remplac\u00e9s par le <a href=\"https:\/\/www.david-coin.com\/fr\/produit\/nederland-25-gulden-1929-wilhelmina\/\">pi\u00e8ces d'argent de deux florins et demi<\/a>. <\/p>\n<p><span style=\"font-size: 12pt;\">Voir les scans pour plus de d\u00e9tails.<br \/>Pour toute question, n'h\u00e9sitez pas \u00e0 nous envoyer un message.<\/span><\/p>","protected":false},"excerpt":{"rendered":"<p>NVMH : 12-1b<\/p>","protected":false},"featured_media":123225,"comment_status":"closed","ping_status":"closed","template":"","meta":[],"product_brand":[],"product_cat":[5489,5472,5627],"product_tag":[],"class_list":{"0":"post-123227","1":"product","2":"type-product","3":"status-publish","4":"has-post-thumbnail","6":"product_cat-2-5-gulden-biljet","7":"product_cat-nederlandse-bankbiljetten","8":"product_cat-topstukken","9":"pa_bankbiljetwaarde-2_5gulden","10":"pa_kwaliteit-unc","11":"pa_land-nederland","12":"pa_soort-pmgnotes","14":"first","15":"instock","16":"sale","17":"taxable","18":"shipping-taxable","19":"purchasable","20":"product-type-simple"},"yoast_head":"<!-- This site is optimized with the Yoast SEO Premium plugin v27.5 (Yoast SEO v27.5) - https:\/\/yoast.com\/product\/yoast-seo-premium-wordpress\/ -->\n<title>Nederland 2,5 gulden 1922 zilverbon PMG64 EPQ<\/title>\n<meta name=\"description\" content=\"Nederlandse bankbiljetten verkrijgbaar bij David-coin. Bekijk nu ons ruime aanbod. Gratis verzending binnen Nederland vanaf 75 euro.\" \/>\n<meta name=\"robots\" content=\"index, follow, max-snippet:-1, max-image-preview:large, max-video-preview:-1\" \/>\n<link rel=\"canonical\" href=\"https:\/\/www.david-coin.com\/fr\/produit\/nederland-25-gulden-1922-zilverbon-pmg64-epq\/\" \/>\n<meta property=\"og:locale\" content=\"fr_FR\" \/>\n<meta property=\"og:type\" content=\"article\" \/>\n<meta property=\"og:title\" content=\"Nederland 2,5 gulden 1922 zilverbon PMG64 EPQ\" \/>\n<meta property=\"og:description\" content=\"Nederlandse bankbiljetten verkrijgbaar bij David-coin. Bekijk nu ons ruime aanbod. Gratis verzending binnen Nederland vanaf 75 euro.\" \/>\n<meta property=\"og:url\" content=\"https:\/\/www.david-coin.com\/fr\/produit\/nederland-25-gulden-1922-zilverbon-pmg64-epq\/\" \/>\n<meta property=\"og:site_name\" content=\"David Coin\" \/>\n<meta property=\"article:publisher\" content=\"https:\/\/www.facebook.com\/Davidcoininkoopenverkoop\" \/>\n<meta property=\"article:modified_time\" content=\"2026-01-27T16:36:17+00:00\" \/>\n<meta property=\"og:image\" content=\"https:\/\/www.david-coin.com\/wp-content\/uploads\/2024\/02\/nederland2.50guldenPMG641922.jpg\" \/>\n\t<meta property=\"og:image:width\" content=\"800\" \/>\n\t<meta property=\"og:image:height\" content=\"501\" \/>\n\t<meta property=\"og:image:type\" content=\"image\/jpeg\" \/>\n<meta name=\"twitter:card\" content=\"summary_large_image\" \/>\n<meta name=\"twitter:label1\" content=\"Prix\" \/>\n\t<meta name=\"twitter:data1\" content=\"&euro;&nbsp;999,95\" \/>\n\t<meta name=\"twitter:label2\" content=\"Disponibilit\u00e9\" \/>\n\t<meta name=\"twitter:data2\" content=\"En stock\" \/>\n<script type=\"application\/ld+json\" class=\"yoast-schema-graph\">{\"@context\":\"https:\\\/\\\/schema.org\",\"@graph\":[{\"@type\":\"WebPage\",\"@id\":\"https:\\\/\\\/www.david-coin.com\\\/product\\\/nederland-25-gulden-1922-zilverbon-pmg64-epq\\\/\",\"url\":\"https:\\\/\\\/www.david-coin.com\\\/product\\\/nederland-25-gulden-1922-zilverbon-pmg64-epq\\\/\",\"name\":\"Nederland 2,5 gulden 1922 zilverbon PMG64 EPQ\",\"isPartOf\":{\"@id\":\"https:\\\/\\\/www.david-coin.com\\\/#website\"},\"primaryImageOfPage\":{\"@id\":\"https:\\\/\\\/www.david-coin.com\\\/product\\\/nederland-25-gulden-1922-zilverbon-pmg64-epq\\\/#primaryimage\"},\"image\":{\"@id\":\"https:\\\/\\\/www.david-coin.com\\\/product\\\/nederland-25-gulden-1922-zilverbon-pmg64-epq\\\/#primaryimage\"},\"thumbnailUrl\":\"https:\\\/\\\/www.david-coin.com\\\/wp-content\\\/uploads\\\/2024\\\/02\\\/nederland2.50guldenPMG641922.jpg\",\"datePublished\":\"2024-02-09T12:29:04+00:00\",\"dateModified\":\"2026-01-27T16:36:17+00:00\",\"description\":\"Nederlandse bankbiljetten verkrijgbaar bij David-coin. Bekijk nu ons ruime aanbod. Gratis verzending binnen Nederland vanaf 75 euro.\",\"breadcrumb\":{\"@id\":\"https:\\\/\\\/www.david-coin.com\\\/product\\\/nederland-25-gulden-1922-zilverbon-pmg64-epq\\\/#breadcrumb\"},\"inLanguage\":\"fr-FR\",\"potentialAction\":[{\"@type\":\"ReadAction\",\"target\":[\"https:\\\/\\\/www.david-coin.com\\\/product\\\/nederland-25-gulden-1922-zilverbon-pmg64-epq\\\/\"]}]},{\"@type\":\"ImageObject\",\"inLanguage\":\"fr-FR\",\"@id\":\"https:\\\/\\\/www.david-coin.com\\\/product\\\/nederland-25-gulden-1922-zilverbon-pmg64-epq\\\/#primaryimage\",\"url\":\"https:\\\/\\\/www.david-coin.com\\\/wp-content\\\/uploads\\\/2024\\\/02\\\/nederland2.50guldenPMG641922.jpg\",\"contentUrl\":\"https:\\\/\\\/www.david-coin.com\\\/wp-content\\\/uploads\\\/2024\\\/02\\\/nederland2.50guldenPMG641922.jpg\",\"width\":800,\"height\":501},{\"@type\":\"BreadcrumbList\",\"@id\":\"https:\\\/\\\/www.david-coin.com\\\/product\\\/nederland-25-gulden-1922-zilverbon-pmg64-epq\\\/#breadcrumb\",\"itemListElement\":[{\"@type\":\"ListItem\",\"position\":1,\"name\":\"Home\",\"item\":\"https:\\\/\\\/www.david-coin.com\\\/\"},{\"@type\":\"ListItem\",\"position\":2,\"name\":\"Winkel\",\"item\":\"https:\\\/\\\/www.david-coin.com\\\/winkel\\\/\"},{\"@type\":\"ListItem\",\"position\":3,\"name\":\"Nederland 2,5 gulden 1922 zilverbon PMG64 EPQ\"}]},{\"@type\":\"WebSite\",\"@id\":\"https:\\\/\\\/www.david-coin.com\\\/#website\",\"url\":\"https:\\\/\\\/www.david-coin.com\\\/\",\"name\":\"David Coin\",\"description\":\"\",\"publisher\":{\"@id\":\"https:\\\/\\\/www.david-coin.com\\\/#organization\"},\"potentialAction\":[{\"@type\":\"SearchAction\",\"target\":{\"@type\":\"EntryPoint\",\"urlTemplate\":\"https:\\\/\\\/www.david-coin.com\\\/?s={search_term_string}\"},\"query-input\":{\"@type\":\"PropertyValueSpecification\",\"valueRequired\":true,\"valueName\":\"search_term_string\"}}],\"inLanguage\":\"fr-FR\"},{\"@type\":\"Organization\",\"@id\":\"https:\\\/\\\/www.david-coin.com\\\/#organization\",\"name\":\"David Coin\",\"url\":\"https:\\\/\\\/www.david-coin.com\\\/\",\"logo\":{\"@type\":\"ImageObject\",\"inLanguage\":\"fr-FR\",\"@id\":\"https:\\\/\\\/www.david-coin.com\\\/#\\\/schema\\\/logo\\\/image\\\/\",\"url\":\"https:\\\/\\\/www.david-coin.com\\\/wp-content\\\/uploads\\\/2024\\\/04\\\/davidcoin-logo-final.png\",\"contentUrl\":\"https:\\\/\\\/www.david-coin.com\\\/wp-content\\\/uploads\\\/2024\\\/04\\\/davidcoin-logo-final.png\",\"width\":800,\"height\":267,\"caption\":\"David Coin\"},\"image\":{\"@id\":\"https:\\\/\\\/www.david-coin.com\\\/#\\\/schema\\\/logo\\\/image\\\/\"},\"sameAs\":[\"https:\\\/\\\/www.facebook.com\\\/Davidcoininkoopenverkoop\",\"https:\\\/\\\/www.youtube.com\\\/channel\\\/UC39lihLKFSPTff0w6tv0pWQ\"]}]}<\/script>\n<meta property=\"product:price:amount\" content=\"999.95\" \/>\n<meta property=\"product:price:currency\" content=\"EUR\" \/>\n<meta property=\"og:availability\" content=\"instock\" \/>\n<meta property=\"product:availability\" content=\"instock\" \/>\n<meta property=\"product:retailer_item_id\" content=\"2692\" \/>\n<meta property=\"product:condition\" content=\"new\" \/>\n<!-- \/ Yoast SEO Premium plugin. -->","yoast_head_json":{"title":"Pays-Bas 2,5 florins 1922 billet en argent PMG64 EPQ","description":"Nederlandse bankbiljetten verkrijgbaar bij David-coin. Bekijk nu ons ruime aanbod. Gratis verzending binnen Nederland vanaf 75 euro.","robots":{"index":"index","follow":"follow","max-snippet":"max-snippet:-1","max-image-preview":"max-image-preview:large","max-video-preview":"max-video-preview:-1"},"canonical":"https:\/\/www.david-coin.com\/fr\/produit\/nederland-25-gulden-1922-zilverbon-pmg64-epq\/","og_locale":"fr_FR","og_type":"article","og_title":"Nederland 2,5 gulden 1922 zilverbon PMG64 EPQ","og_description":"Nederlandse bankbiljetten verkrijgbaar bij David-coin. Bekijk nu ons ruime aanbod. Gratis verzending binnen Nederland vanaf 75 euro.","og_url":"https:\/\/www.david-coin.com\/fr\/produit\/nederland-25-gulden-1922-zilverbon-pmg64-epq\/","og_site_name":"David Coin","article_publisher":"https:\/\/www.facebook.com\/Davidcoininkoopenverkoop","article_modified_time":"2026-01-27T16:36:17+00:00","og_image":[{"width":800,"height":501,"url":"https:\/\/www.david-coin.com\/wp-content\/uploads\/2024\/02\/nederland2.50guldenPMG641922.jpg","type":"image\/jpeg"}],"twitter_card":"summary_large_image","twitter_misc":{"Prix":"&euro;&nbsp;999,95","Disponibilit\u00e9":"En stock"},"schema":{"@context":"https:\/\/schema.org","@graph":[{"@type":"WebPage","@id":"https:\/\/www.david-coin.com\/product\/nederland-25-gulden-1922-zilverbon-pmg64-epq\/","url":"https:\/\/www.david-coin.com\/product\/nederland-25-gulden-1922-zilverbon-pmg64-epq\/","name":"Pays-Bas 2,5 florins 1922 billet en argent PMG64 EPQ","isPartOf":{"@id":"https:\/\/www.david-coin.com\/#website"},"primaryImageOfPage":{"@id":"https:\/\/www.david-coin.com\/product\/nederland-25-gulden-1922-zilverbon-pmg64-epq\/#primaryimage"},"image":{"@id":"https:\/\/www.david-coin.com\/product\/nederland-25-gulden-1922-zilverbon-pmg64-epq\/#primaryimage"},"thumbnailUrl":"https:\/\/www.david-coin.com\/wp-content\/uploads\/2024\/02\/nederland2.50guldenPMG641922.jpg","datePublished":"2024-02-09T12:29:04+00:00","dateModified":"2026-01-27T16:36:17+00:00","description":"Nederlandse bankbiljetten verkrijgbaar bij David-coin. Bekijk nu ons ruime aanbod. Gratis verzending binnen Nederland vanaf 75 euro.","breadcrumb":{"@id":"https:\/\/www.david-coin.com\/product\/nederland-25-gulden-1922-zilverbon-pmg64-epq\/#breadcrumb"},"inLanguage":"fr-FR","potentialAction":[{"@type":"ReadAction","target":["https:\/\/www.david-coin.com\/product\/nederland-25-gulden-1922-zilverbon-pmg64-epq\/"]}]},{"@type":"ImageObject","inLanguage":"fr-FR","@id":"https:\/\/www.david-coin.com\/product\/nederland-25-gulden-1922-zilverbon-pmg64-epq\/#primaryimage","url":"https:\/\/www.david-coin.com\/wp-content\/uploads\/2024\/02\/nederland2.50guldenPMG641922.jpg","contentUrl":"https:\/\/www.david-coin.com\/wp-content\/uploads\/2024\/02\/nederland2.50guldenPMG641922.jpg","width":800,"height":501},{"@type":"BreadcrumbList","@id":"https:\/\/www.david-coin.com\/product\/nederland-25-gulden-1922-zilverbon-pmg64-epq\/#breadcrumb","itemListElement":[{"@type":"ListItem","position":1,"name":"Home","item":"https:\/\/www.david-coin.com\/"},{"@type":"ListItem","position":2,"name":"Winkel","item":"https:\/\/www.david-coin.com\/winkel\/"},{"@type":"ListItem","position":3,"name":"Nederland 2,5 gulden 1922 zilverbon PMG64 EPQ"}]},{"@type":"WebSite","@id":"https:\/\/www.david-coin.com\/#website","url":"https:\/\/www.david-coin.com\/","name":"David Coin","description":"","publisher":{"@id":"https:\/\/www.david-coin.com\/#organization"},"potentialAction":[{"@type":"SearchAction","target":{"@type":"EntryPoint","urlTemplate":"https:\/\/www.david-coin.com\/?s={search_term_string}"},"query-input":{"@type":"PropertyValueSpecification","valueRequired":true,"valueName":"search_term_string"}}],"inLanguage":"fr-FR"},{"@type":"Organization","@id":"https:\/\/www.david-coin.com\/#organization","name":"David Coin","url":"https:\/\/www.david-coin.com\/","logo":{"@type":"ImageObject","inLanguage":"fr-FR","@id":"https:\/\/www.david-coin.com\/#\/schema\/logo\/image\/","url":"https:\/\/www.david-coin.com\/wp-content\/uploads\/2024\/04\/davidcoin-logo-final.png","contentUrl":"https:\/\/www.david-coin.com\/wp-content\/uploads\/2024\/04\/davidcoin-logo-final.png","width":800,"height":267,"caption":"David Coin"},"image":{"@id":"https:\/\/www.david-coin.com\/#\/schema\/logo\/image\/"},"sameAs":["https:\/\/www.facebook.com\/Davidcoininkoopenverkoop","https:\/\/www.youtube.com\/channel\/UC39lihLKFSPTff0w6tv0pWQ"]}]},"product_price_amount":"999.95","product_price_currency":"EUR","og_availability":"instock","product_availability":"instock","product_retailer_item_id":"2692","product_condition":"new"},"_links":{"self":[{"href":"https:\/\/www.david-coin.com\/fr\/wp-json\/wp\/v2\/product\/123227","targetHints":{"allow":["GET"]}}],"collection":[{"href":"https:\/\/www.david-coin.com\/fr\/wp-json\/wp\/v2\/product"}],"about":[{"href":"https:\/\/www.david-coin.com\/fr\/wp-json\/wp\/v2\/types\/product"}],"replies":[{"embeddable":true,"href":"https:\/\/www.david-coin.com\/fr\/wp-json\/wp\/v2\/comments?post=123227"}],"wp:featuredmedia":[{"embeddable":true,"href":"https:\/\/www.david-coin.com\/fr\/wp-json\/wp\/v2\/media\/123225"}],"wp:attachment":[{"href":"https:\/\/www.david-coin.com\/fr\/wp-json\/wp\/v2\/media?parent=123227"}],"wp:term":[{"taxonomy":"product_brand","embeddable":true,"href":"https:\/\/www.david-coin.com\/fr\/wp-json\/wp\/v2\/product_brand?post=123227"},{"taxonomy":"product_cat","embeddable":true,"href":"https:\/\/www.david-coin.com\/fr\/wp-json\/wp\/v2\/product_cat?post=123227"},{"taxonomy":"product_tag","embeddable":true,"href":"https:\/\/www.david-coin.com\/fr\/wp-json\/wp\/v2\/product_tag?post=123227"}],"curies":[{"name":"wp","href":"https:\/\/api.w.org\/{rel}","templated":true}]}}