{"id":123164,"date":"2024-02-07T18:03:13","date_gmt":"2024-02-07T18:03:13","guid":{"rendered":"https:\/\/www.david-coin.com\/product\/nederland-1-gulden-1938-zilverbon-1\/"},"modified":"2026-01-27T17:39:42","modified_gmt":"2026-01-27T16:39:42","slug":"nederland-1-gulden-1938-zilverbon-1","status":"publish","type":"product","link":"https:\/\/www.david-coin.com\/fr\/produit\/nederland-1-gulden-1938-zilverbon-1\/","title":{"rendered":"Pays-Bas 1 florin 1938 Coupon d'argent"},"content":{"rendered":"<p><span style=\"font-size: 12pt;\">Pays-Bas 1 florin 1938 Coupon d'argent\u00a0<\/span><br \/><span style=\"font-size: 12pt;\"> NVMH:04-1b <\/span><br \/><span style=\"font-size: 12pt;\"> Plomp:PL4.b<\/span><\/p>\n<p>\u00c0 la fin des ann\u00e9es 1930, en raison des fortes tensions en Europe et du d\u00e9clenchement de la Seconde Guerre mondiale, la population n\u00e9erlandaise a th\u00e9sauris\u00e9 un grand nombre de pi\u00e8ces d'argent. Il en r\u00e9sulta une \u00e9norme p\u00e9nurie de monnaie, et le minist\u00e8re des Finances dut r\u00e9\u00e9mettre des jetons d'argent, comme lors de la Premi\u00e8re Guerre mondiale. Les coupons d'argent portant la date de 1938 ont \u00e9t\u00e9 largement \u00e9mis pendant l'occupation, car toutes les pi\u00e8ces de un et de deux florins et demi devaient \u00eatre remises aux forces d'occupation. Le coupon d'argent de 1938 porte les signatures de Jacob Adrian de Wilde (ministre des Finances) et de Luijsterburg (fonctionnaire du minist\u00e8re des Finances). Outre le billet d'argent de 1938, la s\u00e9rie comprend \u00e9galement les billets suivants :<br \/>\n&#8211;\t<a href=\"https:\/\/www.david-coin.com\/fr\/produit\/nederland-25-gulden-1938-zilverbon\/\">Billet en argent de deux florins et demi 1938<\/a><br \/>\n&#8211;\t<a href=\"https:\/\/www.david-coin.com\/fr\/produit\/nederland-5-gulden-1944-zilverbon-serie-z\/\">Coupon de cinq florins en argent 1944. <\/a><br \/>\nLe coupon d'argent de 1938 a finalement \u00e9t\u00e9 retir\u00e9 de la circulation en septembre 1945 et a \u00e9t\u00e9 remplac\u00e9 par un coupon d'argent. <a href=\"https:\/\/www.david-coin.com\/fr\/produit\/nederland-1-gulden-1945-wilhelmina-3\/\">Billet de 1945 avec la Reine Wilhelmina dessus<\/a>. <\/p>\n<p><span style=\"font-size: 12pt;\">Voir les scans pour plus de d\u00e9tails.<\/span><br \/><span style=\"font-size: 12pt;\"> VB Photo. Vous recevrez un exemplaire identique.<\/span><br \/><span style=\"font-size: 12pt;\"> Pour toute question, n'h\u00e9sitez pas \u00e0 nous envoyer un message.<\/span><\/p>","protected":false},"excerpt":{"rendered":"<p>NVMH:13-1b <\/p>","protected":false},"featured_media":123162,"comment_status":"closed","ping_status":"closed","template":"","meta":[],"product_brand":[],"product_cat":[5488,5472],"product_tag":[],"class_list":{"0":"post-123164","1":"product","2":"type-product","3":"status-publish","4":"has-post-thumbnail","6":"product_cat-1-gulden-biljet","7":"product_cat-nederlandse-bankbiljetten","8":"pa_bankbiljetwaarde-1gulden","9":"pa_delcampeid-5348","10":"pa_kwaliteit-prachtig","11":"pa_land-nederland","13":"first","14":"instock","15":"taxable","16":"shipping-taxable","17":"purchasable","18":"product-type-simple"},"yoast_head":"<!-- This site is optimized with the Yoast SEO Premium plugin v27.2 (Yoast SEO v27.5) - https:\/\/yoast.com\/product\/yoast-seo-premium-wordpress\/ -->\n<title>Nederland 1 Gulden 1938 Zilverbon<\/title>\n<meta name=\"description\" content=\"Nederlandse Bankbiljetten bij David-coin Gratis verzending vanaf \u20ac75,-\" \/>\n<meta name=\"robots\" content=\"index, follow, max-snippet:-1, max-image-preview:large, max-video-preview:-1\" \/>\n<link rel=\"canonical\" href=\"https:\/\/www.david-coin.com\/fr\/produit\/nederland-1-gulden-1938-zilverbon-1\/\" \/>\n<meta property=\"og:locale\" content=\"fr_FR\" \/>\n<meta property=\"og:type\" content=\"article\" \/>\n<meta property=\"og:title\" content=\"Nederland 1 Gulden 1938 Zilverbon\" \/>\n<meta property=\"og:description\" content=\"Nederlandse Bankbiljetten bij David-coin Gratis verzending vanaf \u20ac75,-\" \/>\n<meta property=\"og:url\" content=\"https:\/\/www.david-coin.com\/fr\/produit\/nederland-1-gulden-1938-zilverbon-1\/\" \/>\n<meta property=\"og:site_name\" content=\"David Coin\" \/>\n<meta property=\"article:publisher\" content=\"https:\/\/www.facebook.com\/Davidcoininkoopenverkoop\" \/>\n<meta property=\"article:modified_time\" content=\"2026-01-27T16:39:42+00:00\" \/>\n<meta property=\"og:image\" content=\"https:\/\/www.david-coin.com\/wp-content\/uploads\/2024\/02\/1gulden1938vz.jpg\" \/>\n\t<meta property=\"og:image:width\" content=\"800\" \/>\n\t<meta property=\"og:image:height\" content=\"480\" \/>\n\t<meta property=\"og:image:type\" content=\"image\/jpeg\" \/>\n<meta name=\"twitter:card\" content=\"summary_large_image\" \/>\n<meta name=\"twitter:label1\" content=\"Prix\" \/>\n\t<meta name=\"twitter:data1\" content=\"&euro;&nbsp;9,95\" \/>\n\t<meta name=\"twitter:label2\" content=\"Disponibilit\u00e9\" \/>\n\t<meta name=\"twitter:data2\" content=\"En stock\" \/>\n<script type=\"application\/ld+json\" class=\"yoast-schema-graph\">{\"@context\":\"https:\\\/\\\/schema.org\",\"@graph\":[{\"@type\":\"WebPage\",\"@id\":\"https:\\\/\\\/www.david-coin.com\\\/product\\\/nederland-1-gulden-1938-zilverbon-1\\\/\",\"url\":\"https:\\\/\\\/www.david-coin.com\\\/product\\\/nederland-1-gulden-1938-zilverbon-1\\\/\",\"name\":\"Nederland 1 Gulden 1938 Zilverbon\",\"isPartOf\":{\"@id\":\"https:\\\/\\\/www.david-coin.com\\\/#website\"},\"primaryImageOfPage\":{\"@id\":\"https:\\\/\\\/www.david-coin.com\\\/product\\\/nederland-1-gulden-1938-zilverbon-1\\\/#primaryimage\"},\"image\":{\"@id\":\"https:\\\/\\\/www.david-coin.com\\\/product\\\/nederland-1-gulden-1938-zilverbon-1\\\/#primaryimage\"},\"thumbnailUrl\":\"https:\\\/\\\/www.david-coin.com\\\/wp-content\\\/uploads\\\/2024\\\/02\\\/1gulden1938vz.jpg\",\"datePublished\":\"2024-02-07T18:03:13+00:00\",\"dateModified\":\"2026-01-27T16:39:42+00:00\",\"description\":\"Nederlandse Bankbiljetten bij David-coin Gratis verzending vanaf \u20ac75,-\",\"breadcrumb\":{\"@id\":\"https:\\\/\\\/www.david-coin.com\\\/product\\\/nederland-1-gulden-1938-zilverbon-1\\\/#breadcrumb\"},\"inLanguage\":\"fr-FR\",\"potentialAction\":[{\"@type\":\"ReadAction\",\"target\":[\"https:\\\/\\\/www.david-coin.com\\\/product\\\/nederland-1-gulden-1938-zilverbon-1\\\/\"]}]},{\"@type\":\"ImageObject\",\"inLanguage\":\"fr-FR\",\"@id\":\"https:\\\/\\\/www.david-coin.com\\\/product\\\/nederland-1-gulden-1938-zilverbon-1\\\/#primaryimage\",\"url\":\"https:\\\/\\\/www.david-coin.com\\\/wp-content\\\/uploads\\\/2024\\\/02\\\/1gulden1938vz.jpg\",\"contentUrl\":\"https:\\\/\\\/www.david-coin.com\\\/wp-content\\\/uploads\\\/2024\\\/02\\\/1gulden1938vz.jpg\",\"width\":800,\"height\":480},{\"@type\":\"BreadcrumbList\",\"@id\":\"https:\\\/\\\/www.david-coin.com\\\/product\\\/nederland-1-gulden-1938-zilverbon-1\\\/#breadcrumb\",\"itemListElement\":[{\"@type\":\"ListItem\",\"position\":1,\"name\":\"Home\",\"item\":\"https:\\\/\\\/www.david-coin.com\\\/\"},{\"@type\":\"ListItem\",\"position\":2,\"name\":\"Winkel\",\"item\":\"https:\\\/\\\/www.david-coin.com\\\/winkel\\\/\"},{\"@type\":\"ListItem\",\"position\":3,\"name\":\"Nederland 1 Gulden 1938 Zilverbon\"}]},{\"@type\":\"WebSite\",\"@id\":\"https:\\\/\\\/www.david-coin.com\\\/#website\",\"url\":\"https:\\\/\\\/www.david-coin.com\\\/\",\"name\":\"David Coin\",\"description\":\"\",\"publisher\":{\"@id\":\"https:\\\/\\\/www.david-coin.com\\\/#organization\"},\"potentialAction\":[{\"@type\":\"SearchAction\",\"target\":{\"@type\":\"EntryPoint\",\"urlTemplate\":\"https:\\\/\\\/www.david-coin.com\\\/?s={search_term_string}\"},\"query-input\":{\"@type\":\"PropertyValueSpecification\",\"valueRequired\":true,\"valueName\":\"search_term_string\"}}],\"inLanguage\":\"fr-FR\"},{\"@type\":\"Organization\",\"@id\":\"https:\\\/\\\/www.david-coin.com\\\/#organization\",\"name\":\"David Coin\",\"url\":\"https:\\\/\\\/www.david-coin.com\\\/\",\"logo\":{\"@type\":\"ImageObject\",\"inLanguage\":\"fr-FR\",\"@id\":\"https:\\\/\\\/www.david-coin.com\\\/#\\\/schema\\\/logo\\\/image\\\/\",\"url\":\"https:\\\/\\\/www.david-coin.com\\\/wp-content\\\/uploads\\\/2024\\\/04\\\/davidcoin-logo-final.png\",\"contentUrl\":\"https:\\\/\\\/www.david-coin.com\\\/wp-content\\\/uploads\\\/2024\\\/04\\\/davidcoin-logo-final.png\",\"width\":800,\"height\":267,\"caption\":\"David Coin\"},\"image\":{\"@id\":\"https:\\\/\\\/www.david-coin.com\\\/#\\\/schema\\\/logo\\\/image\\\/\"},\"sameAs\":[\"https:\\\/\\\/www.facebook.com\\\/Davidcoininkoopenverkoop\",\"https:\\\/\\\/www.youtube.com\\\/channel\\\/UC39lihLKFSPTff0w6tv0pWQ\"]}]}<\/script>\n<meta property=\"product:price:amount\" content=\"9.95\" \/>\n<meta property=\"product:price:currency\" content=\"EUR\" \/>\n<meta property=\"og:availability\" content=\"instock\" \/>\n<meta property=\"product:availability\" content=\"instock\" \/>\n<meta property=\"product:retailer_item_id\" content=\"2675\" \/>\n<meta property=\"product:condition\" content=\"new\" \/>\n<!-- \/ Yoast SEO Premium plugin. -->","yoast_head_json":{"title":"Pays-Bas 1 florin 1938 Coupon d'argent","description":"Nederlandse Bankbiljetten bij David-coin Gratis verzending vanaf \u20ac75,-","robots":{"index":"index","follow":"follow","max-snippet":"max-snippet:-1","max-image-preview":"max-image-preview:large","max-video-preview":"max-video-preview:-1"},"canonical":"https:\/\/www.david-coin.com\/fr\/produit\/nederland-1-gulden-1938-zilverbon-1\/","og_locale":"fr_FR","og_type":"article","og_title":"Nederland 1 Gulden 1938 Zilverbon","og_description":"Nederlandse Bankbiljetten bij David-coin Gratis verzending vanaf \u20ac75,-","og_url":"https:\/\/www.david-coin.com\/fr\/produit\/nederland-1-gulden-1938-zilverbon-1\/","og_site_name":"David Coin","article_publisher":"https:\/\/www.facebook.com\/Davidcoininkoopenverkoop","article_modified_time":"2026-01-27T16:39:42+00:00","og_image":[{"width":800,"height":480,"url":"https:\/\/www.david-coin.com\/wp-content\/uploads\/2024\/02\/1gulden1938vz.jpg","type":"image\/jpeg"}],"twitter_card":"summary_large_image","twitter_misc":{"Prix":"&euro;&nbsp;9,95","Disponibilit\u00e9":"En stock"},"schema":{"@context":"https:\/\/schema.org","@graph":[{"@type":"WebPage","@id":"https:\/\/www.david-coin.com\/product\/nederland-1-gulden-1938-zilverbon-1\/","url":"https:\/\/www.david-coin.com\/product\/nederland-1-gulden-1938-zilverbon-1\/","name":"Pays-Bas 1 florin 1938 Coupon d'argent","isPartOf":{"@id":"https:\/\/www.david-coin.com\/#website"},"primaryImageOfPage":{"@id":"https:\/\/www.david-coin.com\/product\/nederland-1-gulden-1938-zilverbon-1\/#primaryimage"},"image":{"@id":"https:\/\/www.david-coin.com\/product\/nederland-1-gulden-1938-zilverbon-1\/#primaryimage"},"thumbnailUrl":"https:\/\/www.david-coin.com\/wp-content\/uploads\/2024\/02\/1gulden1938vz.jpg","datePublished":"2024-02-07T18:03:13+00:00","dateModified":"2026-01-27T16:39:42+00:00","description":"Nederlandse Bankbiljetten bij David-coin Gratis verzending vanaf \u20ac75,-","breadcrumb":{"@id":"https:\/\/www.david-coin.com\/product\/nederland-1-gulden-1938-zilverbon-1\/#breadcrumb"},"inLanguage":"fr-FR","potentialAction":[{"@type":"ReadAction","target":["https:\/\/www.david-coin.com\/product\/nederland-1-gulden-1938-zilverbon-1\/"]}]},{"@type":"ImageObject","inLanguage":"fr-FR","@id":"https:\/\/www.david-coin.com\/product\/nederland-1-gulden-1938-zilverbon-1\/#primaryimage","url":"https:\/\/www.david-coin.com\/wp-content\/uploads\/2024\/02\/1gulden1938vz.jpg","contentUrl":"https:\/\/www.david-coin.com\/wp-content\/uploads\/2024\/02\/1gulden1938vz.jpg","width":800,"height":480},{"@type":"BreadcrumbList","@id":"https:\/\/www.david-coin.com\/product\/nederland-1-gulden-1938-zilverbon-1\/#breadcrumb","itemListElement":[{"@type":"ListItem","position":1,"name":"Home","item":"https:\/\/www.david-coin.com\/"},{"@type":"ListItem","position":2,"name":"Winkel","item":"https:\/\/www.david-coin.com\/winkel\/"},{"@type":"ListItem","position":3,"name":"Nederland 1 Gulden 1938 Zilverbon"}]},{"@type":"WebSite","@id":"https:\/\/www.david-coin.com\/#website","url":"https:\/\/www.david-coin.com\/","name":"David Coin","description":"","publisher":{"@id":"https:\/\/www.david-coin.com\/#organization"},"potentialAction":[{"@type":"SearchAction","target":{"@type":"EntryPoint","urlTemplate":"https:\/\/www.david-coin.com\/?s={search_term_string}"},"query-input":{"@type":"PropertyValueSpecification","valueRequired":true,"valueName":"search_term_string"}}],"inLanguage":"fr-FR"},{"@type":"Organization","@id":"https:\/\/www.david-coin.com\/#organization","name":"David Coin","url":"https:\/\/www.david-coin.com\/","logo":{"@type":"ImageObject","inLanguage":"fr-FR","@id":"https:\/\/www.david-coin.com\/#\/schema\/logo\/image\/","url":"https:\/\/www.david-coin.com\/wp-content\/uploads\/2024\/04\/davidcoin-logo-final.png","contentUrl":"https:\/\/www.david-coin.com\/wp-content\/uploads\/2024\/04\/davidcoin-logo-final.png","width":800,"height":267,"caption":"David Coin"},"image":{"@id":"https:\/\/www.david-coin.com\/#\/schema\/logo\/image\/"},"sameAs":["https:\/\/www.facebook.com\/Davidcoininkoopenverkoop","https:\/\/www.youtube.com\/channel\/UC39lihLKFSPTff0w6tv0pWQ"]}]},"product_price_amount":"9.95","product_price_currency":"EUR","og_availability":"instock","product_availability":"instock","product_retailer_item_id":"2675","product_condition":"new"},"_links":{"self":[{"href":"https:\/\/www.david-coin.com\/fr\/wp-json\/wp\/v2\/product\/123164","targetHints":{"allow":["GET"]}}],"collection":[{"href":"https:\/\/www.david-coin.com\/fr\/wp-json\/wp\/v2\/product"}],"about":[{"href":"https:\/\/www.david-coin.com\/fr\/wp-json\/wp\/v2\/types\/product"}],"replies":[{"embeddable":true,"href":"https:\/\/www.david-coin.com\/fr\/wp-json\/wp\/v2\/comments?post=123164"}],"wp:featuredmedia":[{"embeddable":true,"href":"https:\/\/www.david-coin.com\/fr\/wp-json\/wp\/v2\/media\/123162"}],"wp:attachment":[{"href":"https:\/\/www.david-coin.com\/fr\/wp-json\/wp\/v2\/media?parent=123164"}],"wp:term":[{"taxonomy":"product_brand","embeddable":true,"href":"https:\/\/www.david-coin.com\/fr\/wp-json\/wp\/v2\/product_brand?post=123164"},{"taxonomy":"product_cat","embeddable":true,"href":"https:\/\/www.david-coin.com\/fr\/wp-json\/wp\/v2\/product_cat?post=123164"},{"taxonomy":"product_tag","embeddable":true,"href":"https:\/\/www.david-coin.com\/fr\/wp-json\/wp\/v2\/product_tag?post=123164"}],"curies":[{"name":"wp","href":"https:\/\/api.w.org\/{rel}","templated":true}]}}