{"id":122837,"date":"2024-01-11T17:55:33","date_gmt":"2024-01-11T17:55:33","guid":{"rendered":"https:\/\/www.david-coin.com\/product\/utrecht-gouden-dukaat-1780\/"},"modified":"2026-01-28T13:01:33","modified_gmt":"2026-01-28T12:01:33","slug":"utrecht-gouden-dukaat-1780","status":"publish","type":"product","link":"https:\/\/www.david-coin.com\/fr\/produit\/utrecht-gouden-dukaat-1780\/","title":{"rendered":"Ducat d'or d'Utrecht 1780"},"content":{"rendered":"<p><span style=\"font-size: 12pt;\"><strong>Ducat d'or d'Utrecht 1780<br \/>\n<\/strong>Qualit\u00e9 : Tr\u00e8s fine<br \/>\n<\/span><span style=\"font-size: 12pt;\">Poids : 3,5 grammes<\/span><br \/>\n<span style=\"font-size: 12pt;\">Teneur en or : 986\/1000<\/span><\/p>\n<p><strong>A propos de la pi\u00e8ce :<\/strong><\/p>\n<p>Le ducat d'or de la <a href=\"https:\/\/www.david-coin.com\/fr\/categorie-produit\/provinciale-munten-kopen-leeuwendaalder-david-coin\/utrecht\/\">province d'Utrecht<\/a> is onderdeel van de muntenreeks uitgegeven door de Republiek der zeven verenigde Nederlanden, en is een van de hogere muntwaardes bestemd voor circulatie. De munt heeft op de voorzijde een ridder met een bundel pijlen en een zwaard in de hand, die de militaire kracht en standvastigheid van de republiek vertegenwoordigde. Het randschrift van de munt bevat de Latijnse tekst: &#8216;Concordia res parvae crescunt&#8217;, wat &#8216;Eendracht maakt kleine dingen groot betekent&#8217;. De dukaat heeft op de keerzijde een versierd patroon met de tekst: MO: ORD: PROVIN: FOEDER BELG \u00b7 AD LEG \u00b7 IMP, ofwel &#8216;Moneta ordinum provinciarum foederatorum belgicarum ad legem imperii; wat samengevat te maken heeft met de munten die uitgegeven zijn door de provincies in naam van de Republiek. De Dukaat is gemaakt van 986\/1000 goud, en heeft gemiddeld een diameter van 21,8 millimeter en weegt 3,5 gram. Naast de gouden dukaat werden er ook nog de volgende munten gebruikt in de republiek:<\/p>\n<ul>\n<li><a href=\"https:\/\/www.david-coin.com\/fr\/produit\/west-friesland-voc-1-duit-1736\/\">Le deux<\/a><\/li>\n<li><a href=\"https:\/\/www.david-coin.com\/fr\/produit\/friesland-1-oord\/\">Le mot<\/a><\/li>\n<li><a href=\"https:\/\/www.david-coin.com\/fr\/produit\/west-friesland-1-stuiver-1738\/\">La pi\u00e8ce d'un penny<\/a><\/li>\n<li><a href=\"https:\/\/www.david-coin.com\/fr\/produit\/west-friesland-2-stuiver-1754\/\">La pi\u00e8ce de 2 pennies ou double pennies<\/a><\/li>\n<li><a href=\"https:\/\/www.david-coin.com\/fr\/produit\/west-friesland-6-stuiver-1752\/\">Le coquillage ou 6 pennies.<\/a><\/li>\n<li><a href=\"https:\/\/www.david-coin.com\/fr\/produit\/utrecht-1-4-gulden-1759\/\">Le quart de florin ou jeton de ma\u00eetre de la monnaie<\/a><\/li>\n<li><a href=\"https:\/\/www.david-coin.com\/fr\/produit\/holland-10-stuiver-1749\/\">La pi\u00e8ce de 10 pennies<\/a><\/li>\n<li><a href=\"https:\/\/www.david-coin.com\/fr\/produit\/utrecht-1-gulden-1793\/\">Le florin<\/a><\/li>\n<li><a href=\"https:\/\/www.david-coin.com\/fr\/produit\/holland-leeuwendaalder-16e-eeuws\/\">Le daalder (du lion)<\/a><\/li>\n<li><a href=\"https:\/\/www.david-coin.com\/fr\/produit\/utrecht-3-gulden-1795\/\">L'argent 3 florins<\/a><\/li>\n<li>Le ducat d'argent<\/li>\n<li>Les 7 florins d'or<\/li>\n<li><a href=\"https:\/\/www.david-coin.com\/fr\/produit\/holland-gouden-14-gulden-1750\/\">L'or \u00e0 14 florins<\/a><\/li>\n<\/ul>\n<p>Le <a href=\"https:\/\/www.david-coin.com\/fr\/categorie-produit\/provinciale-munten-kopen-leeuwendaalder-david-coin\/holland\/\">pi\u00e8ces de monnaie provinciales<\/a> ont circul\u00e9 depuis le XVIe si\u00e8cle jusqu'au milieu du XIXe si\u00e8cle, et sont donc tr\u00e8s populaires aupr\u00e8s des collectionneurs d'aujourd'hui.<\/p>\n<p>&nbsp;<\/p>\n<p><span style=\"font-size: 12pt;\">Voir les scans pour plus de d\u00e9tails.<\/span><br \/>\n<span style=\"font-size: 12pt;\">Pour toute question, n'h\u00e9sitez pas \u00e0 nous envoyer un message.<\/span><\/p>\n<p><span style=\"font-size: 12pt;\">\u00a0<\/span><\/p>\n<p><strong>\u00a0<\/strong><\/p>","protected":false},"excerpt":{"rendered":"<p>Utrecht Gouden Dukaat 1780 Kwaliteit: Zeer Fraai Gewicht: 3,5 gram Goudgehalte:986\/1000 Over de munt: De gouden dukaat van de provincie Utrecht is onderdeel van de muntenreeks uitgegeven door de Republiek der zeven verenigde Nederlanden, en is een van de hogere muntwaardes bestemd voor circulatie. De munt heeft op de voorzijde een ridder met een bundel [&hellip;]<\/p>\n","protected":false},"featured_media":122835,"comment_status":"closed","ping_status":"closed","template":"","meta":[],"product_brand":[],"product_cat":[5606,5518,5587],"product_tag":[],"class_list":{"0":"post-122837","1":"product","2":"type-product","3":"status-publish","4":"has-post-thumbnail","6":"product_cat-gouden-tientjes-vijfjes-en-dukaten-per-jaar","7":"product_cat-provinciale-munten-kopen-leeuwendaalder-david-coin","8":"product_cat-utrecht","9":"pa_delcampeid-5438","10":"pa_kwaliteit-zeer-fraai","11":"pa_land-nederland","12":"pa_materiaal-goud","13":"pa_muntwaarde-dukaat","15":"first","16":"instock","17":"taxable","18":"shipping-taxable","19":"purchasable","20":"product-type-simple"},"yoast_head":"<!-- This site is optimized with the Yoast SEO Premium plugin v27.6 (Yoast SEO v27.6) - https:\/\/yoast.com\/product\/yoast-seo-premium-wordpress\/ -->\n<title>Utrecht Gouden Dukaat 1780<\/title>\n<meta name=\"description\" content=\"Gouden en Zilveren munten verkrijgbaar bij David-coin. Bekijk nu ons volledige aanbod. Gratis verzending binnen Nederland vanaf 75 euro.\" \/>\n<meta name=\"robots\" content=\"index, follow, max-snippet:-1, max-image-preview:large, max-video-preview:-1\" \/>\n<link rel=\"canonical\" href=\"https:\/\/www.david-coin.com\/fr\/produit\/utrecht-gouden-dukaat-1780\/\" \/>\n<meta property=\"og:locale\" content=\"fr_FR\" \/>\n<meta property=\"og:type\" content=\"article\" \/>\n<meta property=\"og:title\" content=\"Utrecht Gouden Dukaat 1780\" \/>\n<meta property=\"og:description\" content=\"Gouden en Zilveren munten verkrijgbaar bij David-coin. Bekijk nu ons volledige aanbod. Gratis verzending binnen Nederland vanaf 75 euro.\" \/>\n<meta property=\"og:url\" content=\"https:\/\/www.david-coin.com\/fr\/produit\/utrecht-gouden-dukaat-1780\/\" \/>\n<meta property=\"og:site_name\" content=\"David Coin\" \/>\n<meta property=\"article:publisher\" content=\"https:\/\/www.facebook.com\/Davidcoininkoopenverkoop\" \/>\n<meta property=\"article:modified_time\" content=\"2026-01-28T12:01:33+00:00\" \/>\n<meta property=\"og:image\" content=\"https:\/\/www.david-coin.com\/wp-content\/uploads\/2024\/01\/GoudendukaatUtrecht1780.jpg\" \/>\n\t<meta property=\"og:image:width\" content=\"573\" \/>\n\t<meta property=\"og:image:height\" content=\"572\" \/>\n\t<meta property=\"og:image:type\" content=\"image\/jpeg\" \/>\n<meta name=\"twitter:card\" content=\"summary_large_image\" \/>\n<meta name=\"twitter:label1\" content=\"Prix\" \/>\n\t<meta name=\"twitter:data1\" content=\"&euro;&nbsp;649,95\" \/>\n\t<meta name=\"twitter:label2\" content=\"Disponibilit\u00e9\" \/>\n\t<meta name=\"twitter:data2\" content=\"En stock\" \/>\n<script type=\"application\/ld+json\" class=\"yoast-schema-graph\">{\"@context\":\"https:\\\/\\\/schema.org\",\"@graph\":[{\"@type\":\"WebPage\",\"@id\":\"https:\\\/\\\/www.david-coin.com\\\/product\\\/utrecht-gouden-dukaat-1780\\\/\",\"url\":\"https:\\\/\\\/www.david-coin.com\\\/product\\\/utrecht-gouden-dukaat-1780\\\/\",\"name\":\"Utrecht Gouden Dukaat 1780\",\"isPartOf\":{\"@id\":\"https:\\\/\\\/www.david-coin.com\\\/#website\"},\"primaryImageOfPage\":{\"@id\":\"https:\\\/\\\/www.david-coin.com\\\/product\\\/utrecht-gouden-dukaat-1780\\\/#primaryimage\"},\"image\":{\"@id\":\"https:\\\/\\\/www.david-coin.com\\\/product\\\/utrecht-gouden-dukaat-1780\\\/#primaryimage\"},\"thumbnailUrl\":\"https:\\\/\\\/www.david-coin.com\\\/wp-content\\\/uploads\\\/2024\\\/01\\\/GoudendukaatUtrecht1780.jpg\",\"datePublished\":\"2024-01-11T17:55:33+00:00\",\"dateModified\":\"2026-01-28T12:01:33+00:00\",\"description\":\"Gouden en Zilveren munten verkrijgbaar bij David-coin. Bekijk nu ons volledige aanbod. Gratis verzending binnen Nederland vanaf 75 euro.\",\"breadcrumb\":{\"@id\":\"https:\\\/\\\/www.david-coin.com\\\/product\\\/utrecht-gouden-dukaat-1780\\\/#breadcrumb\"},\"inLanguage\":\"fr-FR\",\"potentialAction\":[{\"@type\":\"ReadAction\",\"target\":[\"https:\\\/\\\/www.david-coin.com\\\/product\\\/utrecht-gouden-dukaat-1780\\\/\"]}]},{\"@type\":\"ImageObject\",\"inLanguage\":\"fr-FR\",\"@id\":\"https:\\\/\\\/www.david-coin.com\\\/product\\\/utrecht-gouden-dukaat-1780\\\/#primaryimage\",\"url\":\"https:\\\/\\\/www.david-coin.com\\\/wp-content\\\/uploads\\\/2024\\\/01\\\/GoudendukaatUtrecht1780.jpg\",\"contentUrl\":\"https:\\\/\\\/www.david-coin.com\\\/wp-content\\\/uploads\\\/2024\\\/01\\\/GoudendukaatUtrecht1780.jpg\",\"width\":573,\"height\":572},{\"@type\":\"BreadcrumbList\",\"@id\":\"https:\\\/\\\/www.david-coin.com\\\/product\\\/utrecht-gouden-dukaat-1780\\\/#breadcrumb\",\"itemListElement\":[{\"@type\":\"ListItem\",\"position\":1,\"name\":\"Home\",\"item\":\"https:\\\/\\\/www.david-coin.com\\\/\"},{\"@type\":\"ListItem\",\"position\":2,\"name\":\"Winkel\",\"item\":\"https:\\\/\\\/www.david-coin.com\\\/winkel\\\/\"},{\"@type\":\"ListItem\",\"position\":3,\"name\":\"Utrecht Gouden Dukaat 1780\"}]},{\"@type\":\"WebSite\",\"@id\":\"https:\\\/\\\/www.david-coin.com\\\/#website\",\"url\":\"https:\\\/\\\/www.david-coin.com\\\/\",\"name\":\"David Coin\",\"description\":\"\",\"publisher\":{\"@id\":\"https:\\\/\\\/www.david-coin.com\\\/#organization\"},\"potentialAction\":[{\"@type\":\"SearchAction\",\"target\":{\"@type\":\"EntryPoint\",\"urlTemplate\":\"https:\\\/\\\/www.david-coin.com\\\/?s={search_term_string}\"},\"query-input\":{\"@type\":\"PropertyValueSpecification\",\"valueRequired\":true,\"valueName\":\"search_term_string\"}}],\"inLanguage\":\"fr-FR\"},{\"@type\":\"Organization\",\"@id\":\"https:\\\/\\\/www.david-coin.com\\\/#organization\",\"name\":\"David Coin\",\"url\":\"https:\\\/\\\/www.david-coin.com\\\/\",\"logo\":{\"@type\":\"ImageObject\",\"inLanguage\":\"fr-FR\",\"@id\":\"https:\\\/\\\/www.david-coin.com\\\/#\\\/schema\\\/logo\\\/image\\\/\",\"url\":\"https:\\\/\\\/www.david-coin.com\\\/wp-content\\\/uploads\\\/2024\\\/04\\\/davidcoin-logo-final.png\",\"contentUrl\":\"https:\\\/\\\/www.david-coin.com\\\/wp-content\\\/uploads\\\/2024\\\/04\\\/davidcoin-logo-final.png\",\"width\":800,\"height\":267,\"caption\":\"David Coin\"},\"image\":{\"@id\":\"https:\\\/\\\/www.david-coin.com\\\/#\\\/schema\\\/logo\\\/image\\\/\"},\"sameAs\":[\"https:\\\/\\\/www.facebook.com\\\/Davidcoininkoopenverkoop\",\"https:\\\/\\\/www.youtube.com\\\/channel\\\/UC39lihLKFSPTff0w6tv0pWQ\"]}]}<\/script>\n<meta property=\"product:price:amount\" content=\"649.95\" \/>\n<meta property=\"product:price:currency\" content=\"EUR\" \/>\n<meta property=\"og:availability\" content=\"instock\" \/>\n<meta property=\"product:availability\" content=\"instock\" \/>\n<meta property=\"product:retailer_item_id\" content=\"9290\" \/>\n<meta property=\"product:condition\" content=\"new\" \/>\n<!-- \/ Yoast SEO Premium plugin. -->","yoast_head_json":{"title":"Ducat d'or d'Utrecht 1780","description":"Gouden en Zilveren munten verkrijgbaar bij David-coin. Bekijk nu ons volledige aanbod. Gratis verzending binnen Nederland vanaf 75 euro.","robots":{"index":"index","follow":"follow","max-snippet":"max-snippet:-1","max-image-preview":"max-image-preview:large","max-video-preview":"max-video-preview:-1"},"canonical":"https:\/\/www.david-coin.com\/fr\/produit\/utrecht-gouden-dukaat-1780\/","og_locale":"fr_FR","og_type":"article","og_title":"Utrecht Gouden Dukaat 1780","og_description":"Gouden en Zilveren munten verkrijgbaar bij David-coin. Bekijk nu ons volledige aanbod. Gratis verzending binnen Nederland vanaf 75 euro.","og_url":"https:\/\/www.david-coin.com\/fr\/produit\/utrecht-gouden-dukaat-1780\/","og_site_name":"David Coin","article_publisher":"https:\/\/www.facebook.com\/Davidcoininkoopenverkoop","article_modified_time":"2026-01-28T12:01:33+00:00","og_image":[{"width":573,"height":572,"url":"https:\/\/www.david-coin.com\/wp-content\/uploads\/2024\/01\/GoudendukaatUtrecht1780.jpg","type":"image\/jpeg"}],"twitter_card":"summary_large_image","twitter_misc":{"Prix":"&euro;&nbsp;649,95","Disponibilit\u00e9":"En stock"},"schema":{"@context":"https:\/\/schema.org","@graph":[{"@type":"WebPage","@id":"https:\/\/www.david-coin.com\/product\/utrecht-gouden-dukaat-1780\/","url":"https:\/\/www.david-coin.com\/product\/utrecht-gouden-dukaat-1780\/","name":"Ducat d'or d'Utrecht 1780","isPartOf":{"@id":"https:\/\/www.david-coin.com\/#website"},"primaryImageOfPage":{"@id":"https:\/\/www.david-coin.com\/product\/utrecht-gouden-dukaat-1780\/#primaryimage"},"image":{"@id":"https:\/\/www.david-coin.com\/product\/utrecht-gouden-dukaat-1780\/#primaryimage"},"thumbnailUrl":"https:\/\/www.david-coin.com\/wp-content\/uploads\/2024\/01\/GoudendukaatUtrecht1780.jpg","datePublished":"2024-01-11T17:55:33+00:00","dateModified":"2026-01-28T12:01:33+00:00","description":"Gouden en Zilveren munten verkrijgbaar bij David-coin. Bekijk nu ons volledige aanbod. Gratis verzending binnen Nederland vanaf 75 euro.","breadcrumb":{"@id":"https:\/\/www.david-coin.com\/product\/utrecht-gouden-dukaat-1780\/#breadcrumb"},"inLanguage":"fr-FR","potentialAction":[{"@type":"ReadAction","target":["https:\/\/www.david-coin.com\/product\/utrecht-gouden-dukaat-1780\/"]}]},{"@type":"ImageObject","inLanguage":"fr-FR","@id":"https:\/\/www.david-coin.com\/product\/utrecht-gouden-dukaat-1780\/#primaryimage","url":"https:\/\/www.david-coin.com\/wp-content\/uploads\/2024\/01\/GoudendukaatUtrecht1780.jpg","contentUrl":"https:\/\/www.david-coin.com\/wp-content\/uploads\/2024\/01\/GoudendukaatUtrecht1780.jpg","width":573,"height":572},{"@type":"BreadcrumbList","@id":"https:\/\/www.david-coin.com\/product\/utrecht-gouden-dukaat-1780\/#breadcrumb","itemListElement":[{"@type":"ListItem","position":1,"name":"Home","item":"https:\/\/www.david-coin.com\/"},{"@type":"ListItem","position":2,"name":"Winkel","item":"https:\/\/www.david-coin.com\/winkel\/"},{"@type":"ListItem","position":3,"name":"Utrecht Gouden Dukaat 1780"}]},{"@type":"WebSite","@id":"https:\/\/www.david-coin.com\/#website","url":"https:\/\/www.david-coin.com\/","name":"David Coin","description":"","publisher":{"@id":"https:\/\/www.david-coin.com\/#organization"},"potentialAction":[{"@type":"SearchAction","target":{"@type":"EntryPoint","urlTemplate":"https:\/\/www.david-coin.com\/?s={search_term_string}"},"query-input":{"@type":"PropertyValueSpecification","valueRequired":true,"valueName":"search_term_string"}}],"inLanguage":"fr-FR"},{"@type":"Organization","@id":"https:\/\/www.david-coin.com\/#organization","name":"David Coin","url":"https:\/\/www.david-coin.com\/","logo":{"@type":"ImageObject","inLanguage":"fr-FR","@id":"https:\/\/www.david-coin.com\/#\/schema\/logo\/image\/","url":"https:\/\/www.david-coin.com\/wp-content\/uploads\/2024\/04\/davidcoin-logo-final.png","contentUrl":"https:\/\/www.david-coin.com\/wp-content\/uploads\/2024\/04\/davidcoin-logo-final.png","width":800,"height":267,"caption":"David Coin"},"image":{"@id":"https:\/\/www.david-coin.com\/#\/schema\/logo\/image\/"},"sameAs":["https:\/\/www.facebook.com\/Davidcoininkoopenverkoop","https:\/\/www.youtube.com\/channel\/UC39lihLKFSPTff0w6tv0pWQ"]}]},"product_price_amount":"649.95","product_price_currency":"EUR","og_availability":"instock","product_availability":"instock","product_retailer_item_id":"9290","product_condition":"new"},"_links":{"self":[{"href":"https:\/\/www.david-coin.com\/fr\/wp-json\/wp\/v2\/product\/122837","targetHints":{"allow":["GET"]}}],"collection":[{"href":"https:\/\/www.david-coin.com\/fr\/wp-json\/wp\/v2\/product"}],"about":[{"href":"https:\/\/www.david-coin.com\/fr\/wp-json\/wp\/v2\/types\/product"}],"replies":[{"embeddable":true,"href":"https:\/\/www.david-coin.com\/fr\/wp-json\/wp\/v2\/comments?post=122837"}],"wp:featuredmedia":[{"embeddable":true,"href":"https:\/\/www.david-coin.com\/fr\/wp-json\/wp\/v2\/media\/122835"}],"wp:attachment":[{"href":"https:\/\/www.david-coin.com\/fr\/wp-json\/wp\/v2\/media?parent=122837"}],"wp:term":[{"taxonomy":"product_brand","embeddable":true,"href":"https:\/\/www.david-coin.com\/fr\/wp-json\/wp\/v2\/product_brand?post=122837"},{"taxonomy":"product_cat","embeddable":true,"href":"https:\/\/www.david-coin.com\/fr\/wp-json\/wp\/v2\/product_cat?post=122837"},{"taxonomy":"product_tag","embeddable":true,"href":"https:\/\/www.david-coin.com\/fr\/wp-json\/wp\/v2\/product_tag?post=122837"}],"curies":[{"name":"wp","href":"https:\/\/api.w.org\/{rel}","templated":true}]}}