{"id":122144,"date":"2023-11-28T16:21:06","date_gmt":"2023-11-28T16:21:06","guid":{"rendered":"https:\/\/www.david-coin.com\/product\/one-banknote-100-jaar-turkse-republiek-2000-2023-turkiye-cumhuriyetinin-100-yili-2000-2023\/"},"modified":"2025-10-02T15:54:04","modified_gmt":"2025-10-02T13:54:04","slug":"one-banknote-100-jaar-turkse-republiek-2000-2023-turkiye-cumhuriyetinin-100-yili-2000-2023","status":"publish","type":"product","link":"https:\/\/www.david-coin.com\/fr\/produit\/one-banknote-100-jaar-turkse-republiek-2000-2023-turkiye-cumhuriyetinin-100-yili-2000-2023\/","title":{"rendered":"Un billet 100 ans de la R\u00e9publique turque 2000 - 2023 - T\u00fcrkiye Cumhuriyeti'nin 100 y\u0131l\u0131 2000 - 2023"},"content":{"rendered":"<h1 class=\"page-title eshop-title\"><span style=\"color: #000000; font-family: arial, helvetica, sans-serif;\"><strong>Un billet 100 ans de la R\u00e9publique turque 2000 - 2023 - T\u00fcrkiye Cumhuriyeti'nin 100 y\u0131l\u0131 2000 - 2023<\/strong><\/span><\/h1>\n<p><span style=\"font-size: 12pt; font-family: arial, helvetica, sans-serif;\">Het vierde biljet van de verzamelaarsreeks ter ere van het 100-jarige bestaan van de Turkse Republiek belicht de periode 2000-2023. Met een doordachte combinatie van symbolen en afbeeldingen, vertelt het biljet het verhaal van de dynamische ontwikkelingen en prestaties van Turkije gedurende deze tijdspanne. Kortom, dit biljet is niet alleen een eerbetoon aan een eeuw van vooruitgang, maar ook een artistieke viering van de rijke geschiedenis en veelbelovende toekomst van Turkije.<\/span><\/p>\n<p><span style=\"font-size: 12pt; font-family: arial, helvetica, sans-serif;\">T\u00fcrkiye Cumhuriyeti&#8217;nin 100. y\u0131l\u0131n\u0131 kutlayan koleksiyoner serisinin d\u00f6rd\u00fcnc\u00fc banknotu 2000-2023 d\u00f6nemini vurguluyor. Sembol ve imgelerin \u00f6zenli bir bile\u015fiminden olu\u015fan bu banknot, T\u00fcrkiye&#8217;nin bu d\u00f6nemdeki dinamik geli\u015fmelerini ve ba\u015far\u0131lar\u0131n\u0131 anlat\u0131yor. K\u0131sacas\u0131, bu banknot sadece bir as\u0131rl\u0131k ilerlemeye bir \u00f6vg\u00fc de\u011fil, ayn\u0131 zamanda T\u00fcrkiye&#8217;nin zengin tarihinin ve gelecek vaat eden gelece\u011finin sanatsal bir kutlamas\u0131d\u0131r.<\/span><\/p>\n<p><span style=\"font-size: 12pt; color: #000000; font-family: arial, helvetica, sans-serif;\">Voir les scans pour plus de d\u00e9tails.<br \/>Pour toute question, n'h\u00e9sitez pas \u00e0 nous envoyer un message.\u00a0<\/span><\/p>","protected":false},"excerpt":{"rendered":"<p>One Banknote 100 jaar Turkse Republiek 2000 &#8211; 2023 &#8211; T\u00fcrkiye Cumhuriyeti&#8217;nin 100 y\u0131l\u0131 2000 &#8211; 2023 Het vierde biljet van de verzamelaarsreeks ter ere van het 100-jarige bestaan van de Turkse Republiek belicht de periode 2000-2023. Met een doordachte combinatie van symbolen en afbeeldingen, vertelt het biljet het verhaal van de dynamische ontwikkelingen en [&hellip;]<\/p>\n","protected":false},"featured_media":122143,"comment_status":"closed","ping_status":"closed","template":"","meta":[],"product_brand":[],"product_cat":[5609],"product_tag":[],"class_list":{"0":"post-122144","1":"product","2":"type-product","3":"status-publish","4":"has-post-thumbnail","6":"product_cat-one-banknote-serie","7":"pa_kwaliteit-unc","8":"pa_land-turkije","10":"first","11":"instock","12":"taxable","13":"shipping-taxable","14":"purchasable","15":"product-type-simple"},"yoast_head":"<!-- This site is optimized with the Yoast SEO Premium plugin v27.6 (Yoast SEO v27.6) - https:\/\/yoast.com\/product\/yoast-seo-premium-wordpress\/ -->\n<title>One Banknote 100 jaar Turkse Republiek 2000 - 2023 - T\u00fcrkiye Cumhuriyeti&#039;nin 100 y\u0131l\u0131 2000 - 2023<\/title>\n<meta name=\"description\" content=\"One banknote series verkrijgbaar bij David-coin. Bekijk nu ons ruime assortiment one banknote series. Gratis verzending binnen Nederland vanaf 75 euro.\" \/>\n<meta name=\"robots\" content=\"index, follow, max-snippet:-1, max-image-preview:large, max-video-preview:-1\" \/>\n<link rel=\"canonical\" href=\"https:\/\/www.david-coin.com\/fr\/produit\/one-banknote-100-jaar-turkse-republiek-2000-2023-turkiye-cumhuriyetinin-100-yili-2000-2023\/\" \/>\n<meta property=\"og:locale\" content=\"fr_FR\" \/>\n<meta property=\"og:type\" content=\"article\" \/>\n<meta property=\"og:title\" content=\"One Banknote 100 jaar Turkse Republiek 2000 - 2023 - T\u00fcrkiye Cumhuriyeti&#039;nin 100 y\u0131l\u0131 2000 - 2023\" \/>\n<meta property=\"og:description\" content=\"One banknote series verkrijgbaar bij David-coin. Bekijk nu ons ruime assortiment one banknote series. Gratis verzending binnen Nederland vanaf 75 euro.\" \/>\n<meta property=\"og:url\" content=\"https:\/\/www.david-coin.com\/fr\/produit\/one-banknote-100-jaar-turkse-republiek-2000-2023-turkiye-cumhuriyetinin-100-yili-2000-2023\/\" \/>\n<meta property=\"og:site_name\" content=\"David Coin\" \/>\n<meta property=\"article:publisher\" content=\"https:\/\/www.facebook.com\/Davidcoininkoopenverkoop\" \/>\n<meta property=\"article:modified_time\" content=\"2025-10-02T13:54:04+00:00\" \/>\n<meta property=\"og:image\" content=\"https:\/\/www.david-coin.com\/wp-content\/uploads\/2023\/11\/one-banknote-serie-turkije-8.jpg\" \/>\n\t<meta property=\"og:image:width\" content=\"500\" \/>\n\t<meta property=\"og:image:height\" content=\"500\" \/>\n\t<meta property=\"og:image:type\" content=\"image\/jpeg\" \/>\n<meta name=\"twitter:card\" content=\"summary_large_image\" \/>\n<meta name=\"twitter:label1\" content=\"Prix\" \/>\n\t<meta name=\"twitter:data1\" content=\"&euro;&nbsp;9,95\" \/>\n\t<meta name=\"twitter:label2\" content=\"Disponibilit\u00e9\" \/>\n\t<meta name=\"twitter:data2\" content=\"En stock\" \/>\n<script type=\"application\/ld+json\" class=\"yoast-schema-graph\">{\"@context\":\"https:\\\/\\\/schema.org\",\"@graph\":[{\"@type\":\"WebPage\",\"@id\":\"https:\\\/\\\/www.david-coin.com\\\/product\\\/one-banknote-100-jaar-turkse-republiek-2000-2023-turkiye-cumhuriyetinin-100-yili-2000-2023\\\/\",\"url\":\"https:\\\/\\\/www.david-coin.com\\\/product\\\/one-banknote-100-jaar-turkse-republiek-2000-2023-turkiye-cumhuriyetinin-100-yili-2000-2023\\\/\",\"name\":\"One Banknote 100 jaar Turkse Republiek 2000 - 2023 - T\u00fcrkiye Cumhuriyeti'nin 100 y\u0131l\u0131 2000 - 2023\",\"isPartOf\":{\"@id\":\"https:\\\/\\\/www.david-coin.com\\\/#website\"},\"primaryImageOfPage\":{\"@id\":\"https:\\\/\\\/www.david-coin.com\\\/product\\\/one-banknote-100-jaar-turkse-republiek-2000-2023-turkiye-cumhuriyetinin-100-yili-2000-2023\\\/#primaryimage\"},\"image\":{\"@id\":\"https:\\\/\\\/www.david-coin.com\\\/product\\\/one-banknote-100-jaar-turkse-republiek-2000-2023-turkiye-cumhuriyetinin-100-yili-2000-2023\\\/#primaryimage\"},\"thumbnailUrl\":\"https:\\\/\\\/www.david-coin.com\\\/wp-content\\\/uploads\\\/2023\\\/11\\\/one-banknote-serie-turkije-8.jpg\",\"datePublished\":\"2023-11-28T16:21:06+00:00\",\"dateModified\":\"2025-10-02T13:54:04+00:00\",\"description\":\"One banknote series verkrijgbaar bij David-coin. Bekijk nu ons ruime assortiment one banknote series. Gratis verzending binnen Nederland vanaf 75 euro.\",\"breadcrumb\":{\"@id\":\"https:\\\/\\\/www.david-coin.com\\\/product\\\/one-banknote-100-jaar-turkse-republiek-2000-2023-turkiye-cumhuriyetinin-100-yili-2000-2023\\\/#breadcrumb\"},\"inLanguage\":\"fr-FR\",\"potentialAction\":[{\"@type\":\"ReadAction\",\"target\":[\"https:\\\/\\\/www.david-coin.com\\\/product\\\/one-banknote-100-jaar-turkse-republiek-2000-2023-turkiye-cumhuriyetinin-100-yili-2000-2023\\\/\"]}]},{\"@type\":\"ImageObject\",\"inLanguage\":\"fr-FR\",\"@id\":\"https:\\\/\\\/www.david-coin.com\\\/product\\\/one-banknote-100-jaar-turkse-republiek-2000-2023-turkiye-cumhuriyetinin-100-yili-2000-2023\\\/#primaryimage\",\"url\":\"https:\\\/\\\/www.david-coin.com\\\/wp-content\\\/uploads\\\/2023\\\/11\\\/one-banknote-serie-turkije-8.jpg\",\"contentUrl\":\"https:\\\/\\\/www.david-coin.com\\\/wp-content\\\/uploads\\\/2023\\\/11\\\/one-banknote-serie-turkije-8.jpg\",\"width\":500,\"height\":500},{\"@type\":\"BreadcrumbList\",\"@id\":\"https:\\\/\\\/www.david-coin.com\\\/product\\\/one-banknote-100-jaar-turkse-republiek-2000-2023-turkiye-cumhuriyetinin-100-yili-2000-2023\\\/#breadcrumb\",\"itemListElement\":[{\"@type\":\"ListItem\",\"position\":1,\"name\":\"Home\",\"item\":\"https:\\\/\\\/www.david-coin.com\\\/\"},{\"@type\":\"ListItem\",\"position\":2,\"name\":\"Winkel\",\"item\":\"https:\\\/\\\/www.david-coin.com\\\/winkel\\\/\"},{\"@type\":\"ListItem\",\"position\":3,\"name\":\"One Banknote 100 jaar Turkse Republiek 2000 &#8211; 2023 &#8211; T\u00fcrkiye Cumhuriyeti&#8217;nin 100 y\u0131l\u0131 2000 &#8211; 2023\"}]},{\"@type\":\"WebSite\",\"@id\":\"https:\\\/\\\/www.david-coin.com\\\/#website\",\"url\":\"https:\\\/\\\/www.david-coin.com\\\/\",\"name\":\"David Coin\",\"description\":\"\",\"publisher\":{\"@id\":\"https:\\\/\\\/www.david-coin.com\\\/#organization\"},\"potentialAction\":[{\"@type\":\"SearchAction\",\"target\":{\"@type\":\"EntryPoint\",\"urlTemplate\":\"https:\\\/\\\/www.david-coin.com\\\/?s={search_term_string}\"},\"query-input\":{\"@type\":\"PropertyValueSpecification\",\"valueRequired\":true,\"valueName\":\"search_term_string\"}}],\"inLanguage\":\"fr-FR\"},{\"@type\":\"Organization\",\"@id\":\"https:\\\/\\\/www.david-coin.com\\\/#organization\",\"name\":\"David Coin\",\"url\":\"https:\\\/\\\/www.david-coin.com\\\/\",\"logo\":{\"@type\":\"ImageObject\",\"inLanguage\":\"fr-FR\",\"@id\":\"https:\\\/\\\/www.david-coin.com\\\/#\\\/schema\\\/logo\\\/image\\\/\",\"url\":\"https:\\\/\\\/www.david-coin.com\\\/wp-content\\\/uploads\\\/2024\\\/04\\\/davidcoin-logo-final.png\",\"contentUrl\":\"https:\\\/\\\/www.david-coin.com\\\/wp-content\\\/uploads\\\/2024\\\/04\\\/davidcoin-logo-final.png\",\"width\":800,\"height\":267,\"caption\":\"David Coin\"},\"image\":{\"@id\":\"https:\\\/\\\/www.david-coin.com\\\/#\\\/schema\\\/logo\\\/image\\\/\"},\"sameAs\":[\"https:\\\/\\\/www.facebook.com\\\/Davidcoininkoopenverkoop\",\"https:\\\/\\\/www.youtube.com\\\/channel\\\/UC39lihLKFSPTff0w6tv0pWQ\"]}]}<\/script>\n<meta property=\"product:price:amount\" content=\"9.95\" \/>\n<meta property=\"product:price:currency\" content=\"EUR\" \/>\n<meta property=\"og:availability\" content=\"instock\" \/>\n<meta property=\"product:availability\" content=\"instock\" \/>\n<meta property=\"product:retailer_item_id\" content=\"4519\" \/>\n<meta property=\"product:condition\" content=\"new\" \/>\n<!-- \/ Yoast SEO Premium plugin. -->","yoast_head_json":{"title":"One Banknote 100 jaar Turkse Republiek 2000 - 2023 - T\u00fcrkiye Cumhuriyeti'nin 100 y\u0131l\u0131 2000 - 2023","description":"One banknote series verkrijgbaar bij David-coin. Bekijk nu ons ruime assortiment one banknote series. Gratis verzending binnen Nederland vanaf 75 euro.","robots":{"index":"index","follow":"follow","max-snippet":"max-snippet:-1","max-image-preview":"max-image-preview:large","max-video-preview":"max-video-preview:-1"},"canonical":"https:\/\/www.david-coin.com\/fr\/produit\/one-banknote-100-jaar-turkse-republiek-2000-2023-turkiye-cumhuriyetinin-100-yili-2000-2023\/","og_locale":"fr_FR","og_type":"article","og_title":"One Banknote 100 jaar Turkse Republiek 2000 - 2023 - T\u00fcrkiye Cumhuriyeti'nin 100 y\u0131l\u0131 2000 - 2023","og_description":"One banknote series verkrijgbaar bij David-coin. Bekijk nu ons ruime assortiment one banknote series. Gratis verzending binnen Nederland vanaf 75 euro.","og_url":"https:\/\/www.david-coin.com\/fr\/produit\/one-banknote-100-jaar-turkse-republiek-2000-2023-turkiye-cumhuriyetinin-100-yili-2000-2023\/","og_site_name":"David Coin","article_publisher":"https:\/\/www.facebook.com\/Davidcoininkoopenverkoop","article_modified_time":"2025-10-02T13:54:04+00:00","og_image":[{"width":500,"height":500,"url":"https:\/\/www.david-coin.com\/wp-content\/uploads\/2023\/11\/one-banknote-serie-turkije-8.jpg","type":"image\/jpeg"}],"twitter_card":"summary_large_image","twitter_misc":{"Prix":"&euro;&nbsp;9,95","Disponibilit\u00e9":"En stock"},"schema":{"@context":"https:\/\/schema.org","@graph":[{"@type":"WebPage","@id":"https:\/\/www.david-coin.com\/product\/one-banknote-100-jaar-turkse-republiek-2000-2023-turkiye-cumhuriyetinin-100-yili-2000-2023\/","url":"https:\/\/www.david-coin.com\/product\/one-banknote-100-jaar-turkse-republiek-2000-2023-turkiye-cumhuriyetinin-100-yili-2000-2023\/","name":"One Banknote 100 jaar Turkse Republiek 2000 - 2023 - T\u00fcrkiye Cumhuriyeti'nin 100 y\u0131l\u0131 2000 - 2023","isPartOf":{"@id":"https:\/\/www.david-coin.com\/#website"},"primaryImageOfPage":{"@id":"https:\/\/www.david-coin.com\/product\/one-banknote-100-jaar-turkse-republiek-2000-2023-turkiye-cumhuriyetinin-100-yili-2000-2023\/#primaryimage"},"image":{"@id":"https:\/\/www.david-coin.com\/product\/one-banknote-100-jaar-turkse-republiek-2000-2023-turkiye-cumhuriyetinin-100-yili-2000-2023\/#primaryimage"},"thumbnailUrl":"https:\/\/www.david-coin.com\/wp-content\/uploads\/2023\/11\/one-banknote-serie-turkije-8.jpg","datePublished":"2023-11-28T16:21:06+00:00","dateModified":"2025-10-02T13:54:04+00:00","description":"One banknote series verkrijgbaar bij David-coin. Bekijk nu ons ruime assortiment one banknote series. Gratis verzending binnen Nederland vanaf 75 euro.","breadcrumb":{"@id":"https:\/\/www.david-coin.com\/product\/one-banknote-100-jaar-turkse-republiek-2000-2023-turkiye-cumhuriyetinin-100-yili-2000-2023\/#breadcrumb"},"inLanguage":"fr-FR","potentialAction":[{"@type":"ReadAction","target":["https:\/\/www.david-coin.com\/product\/one-banknote-100-jaar-turkse-republiek-2000-2023-turkiye-cumhuriyetinin-100-yili-2000-2023\/"]}]},{"@type":"ImageObject","inLanguage":"fr-FR","@id":"https:\/\/www.david-coin.com\/product\/one-banknote-100-jaar-turkse-republiek-2000-2023-turkiye-cumhuriyetinin-100-yili-2000-2023\/#primaryimage","url":"https:\/\/www.david-coin.com\/wp-content\/uploads\/2023\/11\/one-banknote-serie-turkije-8.jpg","contentUrl":"https:\/\/www.david-coin.com\/wp-content\/uploads\/2023\/11\/one-banknote-serie-turkije-8.jpg","width":500,"height":500},{"@type":"BreadcrumbList","@id":"https:\/\/www.david-coin.com\/product\/one-banknote-100-jaar-turkse-republiek-2000-2023-turkiye-cumhuriyetinin-100-yili-2000-2023\/#breadcrumb","itemListElement":[{"@type":"ListItem","position":1,"name":"Home","item":"https:\/\/www.david-coin.com\/"},{"@type":"ListItem","position":2,"name":"Winkel","item":"https:\/\/www.david-coin.com\/winkel\/"},{"@type":"ListItem","position":3,"name":"One Banknote 100 jaar Turkse Republiek 2000 &#8211; 2023 &#8211; T\u00fcrkiye Cumhuriyeti&#8217;nin 100 y\u0131l\u0131 2000 &#8211; 2023"}]},{"@type":"WebSite","@id":"https:\/\/www.david-coin.com\/#website","url":"https:\/\/www.david-coin.com\/","name":"David Coin","description":"","publisher":{"@id":"https:\/\/www.david-coin.com\/#organization"},"potentialAction":[{"@type":"SearchAction","target":{"@type":"EntryPoint","urlTemplate":"https:\/\/www.david-coin.com\/?s={search_term_string}"},"query-input":{"@type":"PropertyValueSpecification","valueRequired":true,"valueName":"search_term_string"}}],"inLanguage":"fr-FR"},{"@type":"Organization","@id":"https:\/\/www.david-coin.com\/#organization","name":"David Coin","url":"https:\/\/www.david-coin.com\/","logo":{"@type":"ImageObject","inLanguage":"fr-FR","@id":"https:\/\/www.david-coin.com\/#\/schema\/logo\/image\/","url":"https:\/\/www.david-coin.com\/wp-content\/uploads\/2024\/04\/davidcoin-logo-final.png","contentUrl":"https:\/\/www.david-coin.com\/wp-content\/uploads\/2024\/04\/davidcoin-logo-final.png","width":800,"height":267,"caption":"David Coin"},"image":{"@id":"https:\/\/www.david-coin.com\/#\/schema\/logo\/image\/"},"sameAs":["https:\/\/www.facebook.com\/Davidcoininkoopenverkoop","https:\/\/www.youtube.com\/channel\/UC39lihLKFSPTff0w6tv0pWQ"]}]},"product_price_amount":"9.95","product_price_currency":"EUR","og_availability":"instock","product_availability":"instock","product_retailer_item_id":"4519","product_condition":"new"},"_links":{"self":[{"href":"https:\/\/www.david-coin.com\/fr\/wp-json\/wp\/v2\/product\/122144","targetHints":{"allow":["GET"]}}],"collection":[{"href":"https:\/\/www.david-coin.com\/fr\/wp-json\/wp\/v2\/product"}],"about":[{"href":"https:\/\/www.david-coin.com\/fr\/wp-json\/wp\/v2\/types\/product"}],"replies":[{"embeddable":true,"href":"https:\/\/www.david-coin.com\/fr\/wp-json\/wp\/v2\/comments?post=122144"}],"wp:featuredmedia":[{"embeddable":true,"href":"https:\/\/www.david-coin.com\/fr\/wp-json\/wp\/v2\/media\/122143"}],"wp:attachment":[{"href":"https:\/\/www.david-coin.com\/fr\/wp-json\/wp\/v2\/media?parent=122144"}],"wp:term":[{"taxonomy":"product_brand","embeddable":true,"href":"https:\/\/www.david-coin.com\/fr\/wp-json\/wp\/v2\/product_brand?post=122144"},{"taxonomy":"product_cat","embeddable":true,"href":"https:\/\/www.david-coin.com\/fr\/wp-json\/wp\/v2\/product_cat?post=122144"},{"taxonomy":"product_tag","embeddable":true,"href":"https:\/\/www.david-coin.com\/fr\/wp-json\/wp\/v2\/product_tag?post=122144"}],"curies":[{"name":"wp","href":"https:\/\/api.w.org\/{rel}","templated":true}]}}