{"id":121680,"date":"2023-10-30T14:15:01","date_gmt":"2023-10-30T14:15:01","guid":{"rendered":"https:\/\/www.david-coin.com\/product\/nederland-5-gulden-1966-vondel-i-serie-xg\/"},"modified":"2026-01-27T17:43:35","modified_gmt":"2026-01-27T16:43:35","slug":"nederland-5-gulden-1966-vondel-i-serie-xg","status":"publish","type":"product","link":"https:\/\/www.david-coin.com\/fr\/produit\/nederland-5-gulden-1966-vondel-i-serie-xg\/","title":{"rendered":"Pays-Bas 5 florins 1966 Vondel I Series XG"},"content":{"rendered":"<p><span style=\"font-size: 12pt;\">Nederland 5 Gulden 1966 Vondel I Serie XG<\/span><br \/><span style=\"font-size: 12pt;\"> NVMH:23-1b <\/span><br \/><span style=\"font-size: 12pt;\"> Plomp:PL22.c1 <\/span><\/p>\n<p><strong>Billet de cinq florins 1966 Vondel 1<\/strong><br \/>\nUn billet de cinq florins a \u00e9t\u00e9 \u00e9mis par la Banque des Pays-Bas pour la premi\u00e8re fois en 1966. Auparavant, des billets en argent avaient \u00e9t\u00e9 \u00e9mis par le minist\u00e8re des Finances. Lorsque les premiers billets de cinq florins ont \u00e9t\u00e9 mis en circulation en 1966, de nombreuses personnes ont pens\u00e9 qu'il s'agissait de fausse monnaie, notamment en raison de la nouvelle conception avec les diff\u00e9rentes couleurs et le mot \"FIVE\" au recto. Outre les billets de cinq (1966 et 1973), quatre autres billets font partie de la s\u00e9rie historique :<br \/>\n&#8211;\t<a href=\"\/fr\/\u201dhttps:\/\/www.david-coin.com\/produit\/nederland-10-gulden-1968-frans-hals\/\u201d\/\">10 florins 1968 Frans Hals ;<\/a><br \/>\n&#8211;\t<a href=\"\/fr\/\u201dhttps:\/\/www.david-coin.com\/produit\/nederland-25-gulden-1971-sweelinck\/\u201d\/\">25 florins 1971 Sweelinck ;<\/a><br \/>\n&#8211;\t<a href=\"\/fr\/\u201dhttps:\/\/www.david-coin.com\/produit\/nederland-100-gulden-1970-michiel-de-ruyter\/\u201d\/\">100 florins 1970 Michiel de Ruyter ;<\/a><br \/>\n&#8211;\t<a href=\"\/fr\/\u201dhttps:\/\/www.david-coin.com\/produit\/nederland-1000-gulden-1972-spinoza\/\u201d\/\">1000 florins 1972 Spinoza.<\/a><br \/>\nLe billet de cinq florins de 1966 a \u00e9t\u00e9 con\u00e7u par le c\u00e9l\u00e8bre dessinateur Oxenaar, qui avait \u00e9t\u00e9 charg\u00e9 par la banque n\u00e9erlandaise de concevoir une toute nouvelle s\u00e9rie de billets r\u00e9volutionnaires. Le billet de cinq florins de 1966 a \u00e9t\u00e9 remplac\u00e9 par une pi\u00e8ce de cinq florins en 1988 et a \u00e9t\u00e9 retir\u00e9 de la circulation en 1995. <\/p>\n<p><span style=\"font-size: 12pt;\"> Pour toute question, n'h\u00e9sitez pas \u00e0 nous envoyer un message.<\/span><\/p>","protected":false},"excerpt":{"rendered":"<p>NVMH:23-1b <\/p>","protected":false},"featured_media":121679,"comment_status":"closed","ping_status":"closed","template":"","meta":[],"product_brand":[],"product_cat":[5490,5472],"product_tag":[],"class_list":{"0":"post-121680","1":"product","2":"type-product","3":"status-publish","4":"has-post-thumbnail","6":"product_cat-5-gulden-biljet","7":"product_cat-nederlandse-bankbiljetten","8":"pa_bankbiljetwaarde-5gulden","9":"pa_delcampeid-5274","10":"pa_kwaliteit-prachtig-plus","11":"pa_land-nederland","13":"first","14":"instock","15":"taxable","16":"shipping-taxable","17":"purchasable","18":"product-type-simple"},"yoast_head":"<!-- This site is optimized with the Yoast SEO Premium plugin v27.2 (Yoast SEO v27.4) - https:\/\/yoast.com\/product\/yoast-seo-premium-wordpress\/ -->\n<title>Nederland 5 Gulden 1966 Vondel I Serie XG<\/title>\n<meta name=\"description\" content=\"Bekijk al onze biljetten in onze webshop\" \/>\n<meta name=\"robots\" content=\"index, follow, max-snippet:-1, max-image-preview:large, max-video-preview:-1\" \/>\n<link rel=\"canonical\" href=\"https:\/\/www.david-coin.com\/fr\/produit\/nederland-5-gulden-1966-vondel-i-serie-xg\/\" \/>\n<meta property=\"og:locale\" content=\"fr_FR\" \/>\n<meta property=\"og:type\" content=\"article\" \/>\n<meta property=\"og:title\" content=\"Nederland 5 Gulden 1966 Vondel I Serie XG\" \/>\n<meta property=\"og:description\" content=\"Bekijk al onze biljetten in onze webshop\" \/>\n<meta property=\"og:url\" content=\"https:\/\/www.david-coin.com\/fr\/produit\/nederland-5-gulden-1966-vondel-i-serie-xg\/\" \/>\n<meta property=\"og:site_name\" content=\"David Coin\" \/>\n<meta property=\"article:publisher\" content=\"https:\/\/www.facebook.com\/Davidcoininkoopenverkoop\" \/>\n<meta property=\"article:modified_time\" content=\"2026-01-27T16:43:35+00:00\" \/>\n<meta property=\"og:image\" content=\"https:\/\/www.david-coin.com\/wp-content\/uploads\/2023\/10\/SerieXVondel.jpg\" \/>\n\t<meta property=\"og:image:width\" content=\"800\" \/>\n\t<meta property=\"og:image:height\" content=\"451\" \/>\n\t<meta property=\"og:image:type\" content=\"image\/jpeg\" \/>\n<meta name=\"twitter:card\" content=\"summary_large_image\" \/>\n<meta name=\"twitter:label1\" content=\"Prix\" \/>\n\t<meta name=\"twitter:data1\" content=\"&euro;&nbsp;99,50\" \/>\n\t<meta name=\"twitter:label2\" content=\"Disponibilit\u00e9\" \/>\n\t<meta name=\"twitter:data2\" content=\"En stock\" \/>\n<script type=\"application\/ld+json\" class=\"yoast-schema-graph\">{\"@context\":\"https:\\\/\\\/schema.org\",\"@graph\":[{\"@type\":\"WebPage\",\"@id\":\"https:\\\/\\\/www.david-coin.com\\\/product\\\/nederland-5-gulden-1966-vondel-i-serie-xg\\\/\",\"url\":\"https:\\\/\\\/www.david-coin.com\\\/product\\\/nederland-5-gulden-1966-vondel-i-serie-xg\\\/\",\"name\":\"Nederland 5 Gulden 1966 Vondel I Serie XG\",\"isPartOf\":{\"@id\":\"https:\\\/\\\/www.david-coin.com\\\/#website\"},\"primaryImageOfPage\":{\"@id\":\"https:\\\/\\\/www.david-coin.com\\\/product\\\/nederland-5-gulden-1966-vondel-i-serie-xg\\\/#primaryimage\"},\"image\":{\"@id\":\"https:\\\/\\\/www.david-coin.com\\\/product\\\/nederland-5-gulden-1966-vondel-i-serie-xg\\\/#primaryimage\"},\"thumbnailUrl\":\"https:\\\/\\\/www.david-coin.com\\\/wp-content\\\/uploads\\\/2023\\\/10\\\/SerieXVondel.jpg\",\"datePublished\":\"2023-10-30T14:15:01+00:00\",\"dateModified\":\"2026-01-27T16:43:35+00:00\",\"description\":\"Bekijk al onze biljetten in onze webshop\",\"breadcrumb\":{\"@id\":\"https:\\\/\\\/www.david-coin.com\\\/product\\\/nederland-5-gulden-1966-vondel-i-serie-xg\\\/#breadcrumb\"},\"inLanguage\":\"fr-FR\",\"potentialAction\":[{\"@type\":\"ReadAction\",\"target\":[\"https:\\\/\\\/www.david-coin.com\\\/product\\\/nederland-5-gulden-1966-vondel-i-serie-xg\\\/\"]}]},{\"@type\":\"ImageObject\",\"inLanguage\":\"fr-FR\",\"@id\":\"https:\\\/\\\/www.david-coin.com\\\/product\\\/nederland-5-gulden-1966-vondel-i-serie-xg\\\/#primaryimage\",\"url\":\"https:\\\/\\\/www.david-coin.com\\\/wp-content\\\/uploads\\\/2023\\\/10\\\/SerieXVondel.jpg\",\"contentUrl\":\"https:\\\/\\\/www.david-coin.com\\\/wp-content\\\/uploads\\\/2023\\\/10\\\/SerieXVondel.jpg\",\"width\":800,\"height\":451},{\"@type\":\"BreadcrumbList\",\"@id\":\"https:\\\/\\\/www.david-coin.com\\\/product\\\/nederland-5-gulden-1966-vondel-i-serie-xg\\\/#breadcrumb\",\"itemListElement\":[{\"@type\":\"ListItem\",\"position\":1,\"name\":\"Home\",\"item\":\"https:\\\/\\\/www.david-coin.com\\\/\"},{\"@type\":\"ListItem\",\"position\":2,\"name\":\"Winkel\",\"item\":\"https:\\\/\\\/www.david-coin.com\\\/winkel\\\/\"},{\"@type\":\"ListItem\",\"position\":3,\"name\":\"Nederland 5 Gulden 1966 Vondel I Serie XG\"}]},{\"@type\":\"WebSite\",\"@id\":\"https:\\\/\\\/www.david-coin.com\\\/#website\",\"url\":\"https:\\\/\\\/www.david-coin.com\\\/\",\"name\":\"David Coin\",\"description\":\"\",\"publisher\":{\"@id\":\"https:\\\/\\\/www.david-coin.com\\\/#organization\"},\"potentialAction\":[{\"@type\":\"SearchAction\",\"target\":{\"@type\":\"EntryPoint\",\"urlTemplate\":\"https:\\\/\\\/www.david-coin.com\\\/?s={search_term_string}\"},\"query-input\":{\"@type\":\"PropertyValueSpecification\",\"valueRequired\":true,\"valueName\":\"search_term_string\"}}],\"inLanguage\":\"fr-FR\"},{\"@type\":\"Organization\",\"@id\":\"https:\\\/\\\/www.david-coin.com\\\/#organization\",\"name\":\"David Coin\",\"url\":\"https:\\\/\\\/www.david-coin.com\\\/\",\"logo\":{\"@type\":\"ImageObject\",\"inLanguage\":\"fr-FR\",\"@id\":\"https:\\\/\\\/www.david-coin.com\\\/#\\\/schema\\\/logo\\\/image\\\/\",\"url\":\"https:\\\/\\\/www.david-coin.com\\\/wp-content\\\/uploads\\\/2024\\\/04\\\/davidcoin-logo-final.png\",\"contentUrl\":\"https:\\\/\\\/www.david-coin.com\\\/wp-content\\\/uploads\\\/2024\\\/04\\\/davidcoin-logo-final.png\",\"width\":800,\"height\":267,\"caption\":\"David Coin\"},\"image\":{\"@id\":\"https:\\\/\\\/www.david-coin.com\\\/#\\\/schema\\\/logo\\\/image\\\/\"},\"sameAs\":[\"https:\\\/\\\/www.facebook.com\\\/Davidcoininkoopenverkoop\",\"https:\\\/\\\/www.youtube.com\\\/channel\\\/UC39lihLKFSPTff0w6tv0pWQ\"]}]}<\/script>\n<meta property=\"product:price:amount\" content=\"99.50\" \/>\n<meta property=\"product:price:currency\" content=\"EUR\" \/>\n<meta property=\"og:availability\" content=\"instock\" \/>\n<meta property=\"product:availability\" content=\"instock\" \/>\n<meta property=\"product:retailer_item_id\" content=\"2647\" \/>\n<meta property=\"product:condition\" content=\"new\" \/>\n<!-- \/ Yoast SEO Premium plugin. -->","yoast_head_json":{"title":"Nederland 5 Gulden 1966 Vondel I Serie XG","description":"Bekijk al onze biljetten in onze webshop","robots":{"index":"index","follow":"follow","max-snippet":"max-snippet:-1","max-image-preview":"max-image-preview:large","max-video-preview":"max-video-preview:-1"},"canonical":"https:\/\/www.david-coin.com\/fr\/produit\/nederland-5-gulden-1966-vondel-i-serie-xg\/","og_locale":"fr_FR","og_type":"article","og_title":"Nederland 5 Gulden 1966 Vondel I Serie XG","og_description":"Bekijk al onze biljetten in onze webshop","og_url":"https:\/\/www.david-coin.com\/fr\/produit\/nederland-5-gulden-1966-vondel-i-serie-xg\/","og_site_name":"David Coin","article_publisher":"https:\/\/www.facebook.com\/Davidcoininkoopenverkoop","article_modified_time":"2026-01-27T16:43:35+00:00","og_image":[{"width":800,"height":451,"url":"https:\/\/www.david-coin.com\/wp-content\/uploads\/2023\/10\/SerieXVondel.jpg","type":"image\/jpeg"}],"twitter_card":"summary_large_image","twitter_misc":{"Prix":"&euro;&nbsp;99,50","Disponibilit\u00e9":"En stock"},"schema":{"@context":"https:\/\/schema.org","@graph":[{"@type":"WebPage","@id":"https:\/\/www.david-coin.com\/product\/nederland-5-gulden-1966-vondel-i-serie-xg\/","url":"https:\/\/www.david-coin.com\/product\/nederland-5-gulden-1966-vondel-i-serie-xg\/","name":"Nederland 5 Gulden 1966 Vondel I Serie XG","isPartOf":{"@id":"https:\/\/www.david-coin.com\/#website"},"primaryImageOfPage":{"@id":"https:\/\/www.david-coin.com\/product\/nederland-5-gulden-1966-vondel-i-serie-xg\/#primaryimage"},"image":{"@id":"https:\/\/www.david-coin.com\/product\/nederland-5-gulden-1966-vondel-i-serie-xg\/#primaryimage"},"thumbnailUrl":"https:\/\/www.david-coin.com\/wp-content\/uploads\/2023\/10\/SerieXVondel.jpg","datePublished":"2023-10-30T14:15:01+00:00","dateModified":"2026-01-27T16:43:35+00:00","description":"Bekijk al onze biljetten in onze webshop","breadcrumb":{"@id":"https:\/\/www.david-coin.com\/product\/nederland-5-gulden-1966-vondel-i-serie-xg\/#breadcrumb"},"inLanguage":"fr-FR","potentialAction":[{"@type":"ReadAction","target":["https:\/\/www.david-coin.com\/product\/nederland-5-gulden-1966-vondel-i-serie-xg\/"]}]},{"@type":"ImageObject","inLanguage":"fr-FR","@id":"https:\/\/www.david-coin.com\/product\/nederland-5-gulden-1966-vondel-i-serie-xg\/#primaryimage","url":"https:\/\/www.david-coin.com\/wp-content\/uploads\/2023\/10\/SerieXVondel.jpg","contentUrl":"https:\/\/www.david-coin.com\/wp-content\/uploads\/2023\/10\/SerieXVondel.jpg","width":800,"height":451},{"@type":"BreadcrumbList","@id":"https:\/\/www.david-coin.com\/product\/nederland-5-gulden-1966-vondel-i-serie-xg\/#breadcrumb","itemListElement":[{"@type":"ListItem","position":1,"name":"Home","item":"https:\/\/www.david-coin.com\/"},{"@type":"ListItem","position":2,"name":"Winkel","item":"https:\/\/www.david-coin.com\/winkel\/"},{"@type":"ListItem","position":3,"name":"Nederland 5 Gulden 1966 Vondel I Serie XG"}]},{"@type":"WebSite","@id":"https:\/\/www.david-coin.com\/#website","url":"https:\/\/www.david-coin.com\/","name":"David Coin","description":"","publisher":{"@id":"https:\/\/www.david-coin.com\/#organization"},"potentialAction":[{"@type":"SearchAction","target":{"@type":"EntryPoint","urlTemplate":"https:\/\/www.david-coin.com\/?s={search_term_string}"},"query-input":{"@type":"PropertyValueSpecification","valueRequired":true,"valueName":"search_term_string"}}],"inLanguage":"fr-FR"},{"@type":"Organization","@id":"https:\/\/www.david-coin.com\/#organization","name":"David Coin","url":"https:\/\/www.david-coin.com\/","logo":{"@type":"ImageObject","inLanguage":"fr-FR","@id":"https:\/\/www.david-coin.com\/#\/schema\/logo\/image\/","url":"https:\/\/www.david-coin.com\/wp-content\/uploads\/2024\/04\/davidcoin-logo-final.png","contentUrl":"https:\/\/www.david-coin.com\/wp-content\/uploads\/2024\/04\/davidcoin-logo-final.png","width":800,"height":267,"caption":"David Coin"},"image":{"@id":"https:\/\/www.david-coin.com\/#\/schema\/logo\/image\/"},"sameAs":["https:\/\/www.facebook.com\/Davidcoininkoopenverkoop","https:\/\/www.youtube.com\/channel\/UC39lihLKFSPTff0w6tv0pWQ"]}]},"product_price_amount":"99.50","product_price_currency":"EUR","og_availability":"instock","product_availability":"instock","product_retailer_item_id":"2647","product_condition":"new"},"_links":{"self":[{"href":"https:\/\/www.david-coin.com\/fr\/wp-json\/wp\/v2\/product\/121680","targetHints":{"allow":["GET"]}}],"collection":[{"href":"https:\/\/www.david-coin.com\/fr\/wp-json\/wp\/v2\/product"}],"about":[{"href":"https:\/\/www.david-coin.com\/fr\/wp-json\/wp\/v2\/types\/product"}],"replies":[{"embeddable":true,"href":"https:\/\/www.david-coin.com\/fr\/wp-json\/wp\/v2\/comments?post=121680"}],"wp:featuredmedia":[{"embeddable":true,"href":"https:\/\/www.david-coin.com\/fr\/wp-json\/wp\/v2\/media\/121679"}],"wp:attachment":[{"href":"https:\/\/www.david-coin.com\/fr\/wp-json\/wp\/v2\/media?parent=121680"}],"wp:term":[{"taxonomy":"product_brand","embeddable":true,"href":"https:\/\/www.david-coin.com\/fr\/wp-json\/wp\/v2\/product_brand?post=121680"},{"taxonomy":"product_cat","embeddable":true,"href":"https:\/\/www.david-coin.com\/fr\/wp-json\/wp\/v2\/product_cat?post=121680"},{"taxonomy":"product_tag","embeddable":true,"href":"https:\/\/www.david-coin.com\/fr\/wp-json\/wp\/v2\/product_tag?post=121680"}],"curies":[{"name":"wp","href":"https:\/\/api.w.org\/{rel}","templated":true}]}}