{"id":121370,"date":"2023-10-17T12:26:29","date_gmt":"2023-10-17T12:26:29","guid":{"rendered":"https:\/\/www.david-coin.com\/product\/turkije-0-eurobiljet-ankara-m-kemal-ataturk\/"},"modified":"2026-01-28T15:27:47","modified_gmt":"2026-01-28T14:27:47","slug":"turkije-0-eurobiljet-ankara-m-kemal-ataturk","status":"publish","type":"product","link":"https:\/\/www.david-coin.com\/fr\/produit\/turkije-0-eurobiljet-ankara-m-kemal-ataturk\/","title":{"rendered":"Turquie Billet de 0 euro Ankara M. Kemal Atat\u00fcrk"},"content":{"rendered":"<p><span style=\"font-size: 12pt;\"><strong>Turquie Billet de 0 euro Ankara M. Kemal Atat\u00fcrk (1881-1938)<\/strong><br \/>\n<\/span><\/p>\n<p><span style=\"font-size: 12pt;\">Mustafa Kemal Atat\u00fcrk (1881-1938) est le fondateur de la R\u00e9publique moderne de Turquie et est consid\u00e9r\u00e9 comme le \"p\u00e8re de la patrie\" (Atat\u00fcrk signifie \"p\u00e8re des Turcs\" en turc).<\/span><\/p>\n<p><span style=\"font-size: 12pt;\">L'Empire ottoman s'\u00e9tait joint \u00e0 l'Allemagne et \u00e0 l'Autriche-Hongrie lors de la Premi\u00e8re Guerre mondiale, combattant les Britanniques dans la p\u00e9ninsule arabique et les Russes dans le Caucase. En 1918, la Premi\u00e8re Guerre mondiale a pris fin et l'Empire ottoman a perdu d'immenses territoires. Le territoire turc, qui \u00e9tait l'un des plus grands empires de l'histoire moderne, a \u00e9t\u00e9 r\u00e9duit \u00e0 un \u00c9tat croupion autour d'Ankara.<\/span><\/p>\n<p><span style=\"font-size: 12pt;\">Les exigences des Alli\u00e9s en mati\u00e8re d'occupation des territoires turcs ont \u00e9t\u00e9 d\u00e9finies dans le trait\u00e9 de S\u00e8vres (1920). Ce trait\u00e9 attribue des territoires \u00e0 la France, \u00e0 la Gr\u00e8ce, \u00e0 l'Italie et au Royaume-Uni. Ces exigences ont \u00e9t\u00e9 accept\u00e9es par le dernier sultan Mehmet VI, ce qui a entra\u00een\u00e9 une r\u00e9volte massive du peuple turc.<\/span><\/p>\n<p><span style=\"font-size: 12pt;\">Atat\u00fcrk s'\u00e9tait d\u00e9j\u00e0 r\u00e9v\u00e9l\u00e9 un grand strat\u00e8ge militaire dans de nombreuses guerres, y compris la Premi\u00e8re Guerre mondiale<span style=\"color: #000000;\">log (bataille de Gallipoli<span style=\"text-decoration: underline;\">,<\/span> 191<\/span>5). Nationaliste turc, il n'\u00e9tait pas non plus satisfait du trait\u00e9 de S\u00e8vres et a pris la t\u00eate des soul\u00e8vements turcs pour reconqu\u00e9rir ces territoires. Au cours d'une guerre de quatre ans (guerre d'ind\u00e9pendance turque 1919-1924), les alli\u00e9s ont \u00e9t\u00e9 repouss\u00e9s jusqu'\u00e0 ce que la p\u00e9ninsule anatolienne soit \u00e0 nouveau enti\u00e8rement aux mains des Turcs. Le sultan est alors d\u00e9pos\u00e9 pour avoir sign\u00e9 le d\u00e9test\u00e9 trait\u00e9 de S\u00e8vres et Atat\u00fcrk lui succ\u00e8de \u00e0 la pr\u00e9sidence.<\/span><\/p>\n<p><span style=\"font-size: 12pt;\">Sous la pr\u00e9sidence d'Atat\u00fcrk, la Turquie est devenue une r\u00e9publique d\u00e9mocratique et la\u00efque dont la croissance \u00e9conomique est l'une des plus rapides. Atat\u00fcrk est mort en 1938 et a eu droit \u00e0 d'imposantes fun\u00e9railles nationales. Le billet montre le mausol\u00e9e o\u00f9 il est enterr\u00e9. Le billet a \u00e9t\u00e9 \u00e9mis pour comm\u00e9morer le 80e anniversaire de la mort de M. Kemal Atat\u00fcrk.<\/span><\/p>\n<p><span style=\"font-size: 12pt;\">Voir les scans pour plus de d\u00e9tails.<\/span><br \/>\n<span style=\"font-size: 12pt;\">Pour toute question, n'h\u00e9sitez pas \u00e0 nous envoyer un message.<\/span><\/p>","protected":false},"excerpt":{"rendered":"<p>Turkije 0-Eurobiljet Ankara M. Kemal Atat\u00fcrk (1881-1938) Mustafa Kemal Atat\u00fcrk (1881-1938) is de stichter van de moderne Republiek Turkije en wordt gezien als de \u2018vader des vaderlands\u2019 (Atat\u00fcrk is Turks voor \u2018vader der Turken\u2019). Het Ottomaanse Rijk had zich in de Eerste Wereldoorlog aangesloten bij Duitsland en Oostenrijk-Hongarije en vocht daarmee tegen de Britten op [&hellip;]<\/p>\n","protected":false},"featured_media":121369,"comment_status":"closed","ping_status":"closed","template":"","meta":[],"product_brand":[],"product_cat":[5561,5554,5576],"product_tag":[],"class_list":{"0":"post-121370","1":"product","2":"type-product","3":"status-publish","4":"has-post-thumbnail","6":"product_cat-0-euro-biljetten-paars","7":"product_cat-0-euro-biljet","8":"product_cat-overige-landen-0-eurobiljetten","9":"pa_bankbiljetwaarde-0euro","10":"pa_delcampeid-5264","11":"pa_land-turkije","12":"pa_soort-0_eurobiljetpaars","14":"first","15":"instock","16":"taxable","17":"shipping-taxable","18":"purchasable","19":"product-type-simple"},"yoast_head":"<!-- This site is optimized with the Yoast SEO Premium plugin v27.6 (Yoast SEO v27.6) - https:\/\/yoast.com\/product\/yoast-seo-premium-wordpress\/ -->\n<title>Turkije 0-Eurobiljet Ankara M. Kemal Atat\u00fcrk<\/title>\n<meta name=\"description\" content=\"Groene en paarse 0 Eurobiljetten verkrijgbaar bij David-coin. Bekijk ons complete aanbod. Gratis verzending vanaf 75 euro binnen Nederland.\" \/>\n<meta name=\"robots\" content=\"index, follow, max-snippet:-1, max-image-preview:large, max-video-preview:-1\" \/>\n<link rel=\"canonical\" href=\"https:\/\/www.david-coin.com\/fr\/produit\/turkije-0-eurobiljet-ankara-m-kemal-ataturk\/\" \/>\n<meta property=\"og:locale\" content=\"fr_FR\" \/>\n<meta property=\"og:type\" content=\"article\" \/>\n<meta property=\"og:title\" content=\"Turkije 0-Eurobiljet Ankara M. Kemal Atat\u00fcrk\" \/>\n<meta property=\"og:description\" content=\"Groene en paarse 0 Eurobiljetten verkrijgbaar bij David-coin. Bekijk ons complete aanbod. Gratis verzending vanaf 75 euro binnen Nederland.\" \/>\n<meta property=\"og:url\" content=\"https:\/\/www.david-coin.com\/fr\/produit\/turkije-0-eurobiljet-ankara-m-kemal-ataturk\/\" \/>\n<meta property=\"og:site_name\" content=\"David Coin\" \/>\n<meta property=\"article:publisher\" content=\"https:\/\/www.facebook.com\/Davidcoininkoopenverkoop\" \/>\n<meta property=\"article:modified_time\" content=\"2026-01-28T14:27:47+00:00\" \/>\n<meta property=\"og:image\" content=\"https:\/\/www.david-coin.com\/wp-content\/uploads\/2023\/10\/2019-ankara-m.-kemal-atatuerk-tuaa-0eurobiljet-paars.jpg\" \/>\n\t<meta property=\"og:image:width\" content=\"750\" \/>\n\t<meta property=\"og:image:height\" content=\"413\" \/>\n\t<meta property=\"og:image:type\" content=\"image\/jpeg\" \/>\n<meta name=\"twitter:card\" content=\"summary_large_image\" \/>\n<meta name=\"twitter:label1\" content=\"Prix\" \/>\n\t<meta name=\"twitter:data1\" content=\"&euro;&nbsp;59,95\" \/>\n\t<meta name=\"twitter:label2\" content=\"Disponibilit\u00e9\" \/>\n\t<meta name=\"twitter:data2\" content=\"En stock\" \/>\n<script type=\"application\/ld+json\" class=\"yoast-schema-graph\">{\"@context\":\"https:\\\/\\\/schema.org\",\"@graph\":[{\"@type\":\"WebPage\",\"@id\":\"https:\\\/\\\/www.david-coin.com\\\/product\\\/turkije-0-eurobiljet-ankara-m-kemal-ataturk\\\/\",\"url\":\"https:\\\/\\\/www.david-coin.com\\\/product\\\/turkije-0-eurobiljet-ankara-m-kemal-ataturk\\\/\",\"name\":\"Turkije 0-Eurobiljet Ankara M. Kemal Atat\u00fcrk\",\"isPartOf\":{\"@id\":\"https:\\\/\\\/www.david-coin.com\\\/#website\"},\"primaryImageOfPage\":{\"@id\":\"https:\\\/\\\/www.david-coin.com\\\/product\\\/turkije-0-eurobiljet-ankara-m-kemal-ataturk\\\/#primaryimage\"},\"image\":{\"@id\":\"https:\\\/\\\/www.david-coin.com\\\/product\\\/turkije-0-eurobiljet-ankara-m-kemal-ataturk\\\/#primaryimage\"},\"thumbnailUrl\":\"https:\\\/\\\/www.david-coin.com\\\/wp-content\\\/uploads\\\/2023\\\/10\\\/2019-ankara-m.-kemal-atatuerk-tuaa-0eurobiljet-paars.jpg\",\"datePublished\":\"2023-10-17T12:26:29+00:00\",\"dateModified\":\"2026-01-28T14:27:47+00:00\",\"description\":\"Groene en paarse 0 Eurobiljetten verkrijgbaar bij David-coin. Bekijk ons complete aanbod. Gratis verzending vanaf 75 euro binnen Nederland.\",\"breadcrumb\":{\"@id\":\"https:\\\/\\\/www.david-coin.com\\\/product\\\/turkije-0-eurobiljet-ankara-m-kemal-ataturk\\\/#breadcrumb\"},\"inLanguage\":\"fr-FR\",\"potentialAction\":[{\"@type\":\"ReadAction\",\"target\":[\"https:\\\/\\\/www.david-coin.com\\\/product\\\/turkije-0-eurobiljet-ankara-m-kemal-ataturk\\\/\"]}]},{\"@type\":\"ImageObject\",\"inLanguage\":\"fr-FR\",\"@id\":\"https:\\\/\\\/www.david-coin.com\\\/product\\\/turkije-0-eurobiljet-ankara-m-kemal-ataturk\\\/#primaryimage\",\"url\":\"https:\\\/\\\/www.david-coin.com\\\/wp-content\\\/uploads\\\/2023\\\/10\\\/2019-ankara-m.-kemal-atatuerk-tuaa-0eurobiljet-paars.jpg\",\"contentUrl\":\"https:\\\/\\\/www.david-coin.com\\\/wp-content\\\/uploads\\\/2023\\\/10\\\/2019-ankara-m.-kemal-atatuerk-tuaa-0eurobiljet-paars.jpg\",\"width\":750,\"height\":413},{\"@type\":\"BreadcrumbList\",\"@id\":\"https:\\\/\\\/www.david-coin.com\\\/product\\\/turkije-0-eurobiljet-ankara-m-kemal-ataturk\\\/#breadcrumb\",\"itemListElement\":[{\"@type\":\"ListItem\",\"position\":1,\"name\":\"Home\",\"item\":\"https:\\\/\\\/www.david-coin.com\\\/\"},{\"@type\":\"ListItem\",\"position\":2,\"name\":\"Winkel\",\"item\":\"https:\\\/\\\/www.david-coin.com\\\/winkel\\\/\"},{\"@type\":\"ListItem\",\"position\":3,\"name\":\"Turkije 0-Eurobiljet Ankara M. Kemal Atat\u00fcrk\"}]},{\"@type\":\"WebSite\",\"@id\":\"https:\\\/\\\/www.david-coin.com\\\/#website\",\"url\":\"https:\\\/\\\/www.david-coin.com\\\/\",\"name\":\"David Coin\",\"description\":\"\",\"publisher\":{\"@id\":\"https:\\\/\\\/www.david-coin.com\\\/#organization\"},\"potentialAction\":[{\"@type\":\"SearchAction\",\"target\":{\"@type\":\"EntryPoint\",\"urlTemplate\":\"https:\\\/\\\/www.david-coin.com\\\/?s={search_term_string}\"},\"query-input\":{\"@type\":\"PropertyValueSpecification\",\"valueRequired\":true,\"valueName\":\"search_term_string\"}}],\"inLanguage\":\"fr-FR\"},{\"@type\":\"Organization\",\"@id\":\"https:\\\/\\\/www.david-coin.com\\\/#organization\",\"name\":\"David Coin\",\"url\":\"https:\\\/\\\/www.david-coin.com\\\/\",\"logo\":{\"@type\":\"ImageObject\",\"inLanguage\":\"fr-FR\",\"@id\":\"https:\\\/\\\/www.david-coin.com\\\/#\\\/schema\\\/logo\\\/image\\\/\",\"url\":\"https:\\\/\\\/www.david-coin.com\\\/wp-content\\\/uploads\\\/2024\\\/04\\\/davidcoin-logo-final.png\",\"contentUrl\":\"https:\\\/\\\/www.david-coin.com\\\/wp-content\\\/uploads\\\/2024\\\/04\\\/davidcoin-logo-final.png\",\"width\":800,\"height\":267,\"caption\":\"David Coin\"},\"image\":{\"@id\":\"https:\\\/\\\/www.david-coin.com\\\/#\\\/schema\\\/logo\\\/image\\\/\"},\"sameAs\":[\"https:\\\/\\\/www.facebook.com\\\/Davidcoininkoopenverkoop\",\"https:\\\/\\\/www.youtube.com\\\/channel\\\/UC39lihLKFSPTff0w6tv0pWQ\"]}]}<\/script>\n<meta property=\"product:price:amount\" content=\"59.95\" \/>\n<meta property=\"product:price:currency\" content=\"EUR\" \/>\n<meta property=\"og:availability\" content=\"instock\" \/>\n<meta property=\"product:availability\" content=\"instock\" \/>\n<meta property=\"product:retailer_item_id\" content=\"4511\" \/>\n<meta property=\"product:condition\" content=\"new\" \/>\n<!-- \/ Yoast SEO Premium plugin. -->","yoast_head_json":{"title":"Turquie Billet de 0 euro Ankara M. Kemal Atat\u00fcrk","description":"Groene en paarse 0 Eurobiljetten verkrijgbaar bij David-coin. Bekijk ons complete aanbod. Gratis verzending vanaf 75 euro binnen Nederland.","robots":{"index":"index","follow":"follow","max-snippet":"max-snippet:-1","max-image-preview":"max-image-preview:large","max-video-preview":"max-video-preview:-1"},"canonical":"https:\/\/www.david-coin.com\/fr\/produit\/turkije-0-eurobiljet-ankara-m-kemal-ataturk\/","og_locale":"fr_FR","og_type":"article","og_title":"Turkije 0-Eurobiljet Ankara M. Kemal Atat\u00fcrk","og_description":"Groene en paarse 0 Eurobiljetten verkrijgbaar bij David-coin. Bekijk ons complete aanbod. Gratis verzending vanaf 75 euro binnen Nederland.","og_url":"https:\/\/www.david-coin.com\/fr\/produit\/turkije-0-eurobiljet-ankara-m-kemal-ataturk\/","og_site_name":"David Coin","article_publisher":"https:\/\/www.facebook.com\/Davidcoininkoopenverkoop","article_modified_time":"2026-01-28T14:27:47+00:00","og_image":[{"width":750,"height":413,"url":"https:\/\/www.david-coin.com\/wp-content\/uploads\/2023\/10\/2019-ankara-m.-kemal-atatuerk-tuaa-0eurobiljet-paars.jpg","type":"image\/jpeg"}],"twitter_card":"summary_large_image","twitter_misc":{"Prix":"&euro;&nbsp;59,95","Disponibilit\u00e9":"En stock"},"schema":{"@context":"https:\/\/schema.org","@graph":[{"@type":"WebPage","@id":"https:\/\/www.david-coin.com\/product\/turkije-0-eurobiljet-ankara-m-kemal-ataturk\/","url":"https:\/\/www.david-coin.com\/product\/turkije-0-eurobiljet-ankara-m-kemal-ataturk\/","name":"Turquie Billet de 0 euro Ankara M. Kemal Atat\u00fcrk","isPartOf":{"@id":"https:\/\/www.david-coin.com\/#website"},"primaryImageOfPage":{"@id":"https:\/\/www.david-coin.com\/product\/turkije-0-eurobiljet-ankara-m-kemal-ataturk\/#primaryimage"},"image":{"@id":"https:\/\/www.david-coin.com\/product\/turkije-0-eurobiljet-ankara-m-kemal-ataturk\/#primaryimage"},"thumbnailUrl":"https:\/\/www.david-coin.com\/wp-content\/uploads\/2023\/10\/2019-ankara-m.-kemal-atatuerk-tuaa-0eurobiljet-paars.jpg","datePublished":"2023-10-17T12:26:29+00:00","dateModified":"2026-01-28T14:27:47+00:00","description":"Groene en paarse 0 Eurobiljetten verkrijgbaar bij David-coin. Bekijk ons complete aanbod. Gratis verzending vanaf 75 euro binnen Nederland.","breadcrumb":{"@id":"https:\/\/www.david-coin.com\/product\/turkije-0-eurobiljet-ankara-m-kemal-ataturk\/#breadcrumb"},"inLanguage":"fr-FR","potentialAction":[{"@type":"ReadAction","target":["https:\/\/www.david-coin.com\/product\/turkije-0-eurobiljet-ankara-m-kemal-ataturk\/"]}]},{"@type":"ImageObject","inLanguage":"fr-FR","@id":"https:\/\/www.david-coin.com\/product\/turkije-0-eurobiljet-ankara-m-kemal-ataturk\/#primaryimage","url":"https:\/\/www.david-coin.com\/wp-content\/uploads\/2023\/10\/2019-ankara-m.-kemal-atatuerk-tuaa-0eurobiljet-paars.jpg","contentUrl":"https:\/\/www.david-coin.com\/wp-content\/uploads\/2023\/10\/2019-ankara-m.-kemal-atatuerk-tuaa-0eurobiljet-paars.jpg","width":750,"height":413},{"@type":"BreadcrumbList","@id":"https:\/\/www.david-coin.com\/product\/turkije-0-eurobiljet-ankara-m-kemal-ataturk\/#breadcrumb","itemListElement":[{"@type":"ListItem","position":1,"name":"Home","item":"https:\/\/www.david-coin.com\/"},{"@type":"ListItem","position":2,"name":"Winkel","item":"https:\/\/www.david-coin.com\/winkel\/"},{"@type":"ListItem","position":3,"name":"Turkije 0-Eurobiljet Ankara M. Kemal Atat\u00fcrk"}]},{"@type":"WebSite","@id":"https:\/\/www.david-coin.com\/#website","url":"https:\/\/www.david-coin.com\/","name":"David Coin","description":"","publisher":{"@id":"https:\/\/www.david-coin.com\/#organization"},"potentialAction":[{"@type":"SearchAction","target":{"@type":"EntryPoint","urlTemplate":"https:\/\/www.david-coin.com\/?s={search_term_string}"},"query-input":{"@type":"PropertyValueSpecification","valueRequired":true,"valueName":"search_term_string"}}],"inLanguage":"fr-FR"},{"@type":"Organization","@id":"https:\/\/www.david-coin.com\/#organization","name":"David Coin","url":"https:\/\/www.david-coin.com\/","logo":{"@type":"ImageObject","inLanguage":"fr-FR","@id":"https:\/\/www.david-coin.com\/#\/schema\/logo\/image\/","url":"https:\/\/www.david-coin.com\/wp-content\/uploads\/2024\/04\/davidcoin-logo-final.png","contentUrl":"https:\/\/www.david-coin.com\/wp-content\/uploads\/2024\/04\/davidcoin-logo-final.png","width":800,"height":267,"caption":"David Coin"},"image":{"@id":"https:\/\/www.david-coin.com\/#\/schema\/logo\/image\/"},"sameAs":["https:\/\/www.facebook.com\/Davidcoininkoopenverkoop","https:\/\/www.youtube.com\/channel\/UC39lihLKFSPTff0w6tv0pWQ"]}]},"product_price_amount":"59.95","product_price_currency":"EUR","og_availability":"instock","product_availability":"instock","product_retailer_item_id":"4511","product_condition":"new"},"_links":{"self":[{"href":"https:\/\/www.david-coin.com\/fr\/wp-json\/wp\/v2\/product\/121370","targetHints":{"allow":["GET"]}}],"collection":[{"href":"https:\/\/www.david-coin.com\/fr\/wp-json\/wp\/v2\/product"}],"about":[{"href":"https:\/\/www.david-coin.com\/fr\/wp-json\/wp\/v2\/types\/product"}],"replies":[{"embeddable":true,"href":"https:\/\/www.david-coin.com\/fr\/wp-json\/wp\/v2\/comments?post=121370"}],"wp:featuredmedia":[{"embeddable":true,"href":"https:\/\/www.david-coin.com\/fr\/wp-json\/wp\/v2\/media\/121369"}],"wp:attachment":[{"href":"https:\/\/www.david-coin.com\/fr\/wp-json\/wp\/v2\/media?parent=121370"}],"wp:term":[{"taxonomy":"product_brand","embeddable":true,"href":"https:\/\/www.david-coin.com\/fr\/wp-json\/wp\/v2\/product_brand?post=121370"},{"taxonomy":"product_cat","embeddable":true,"href":"https:\/\/www.david-coin.com\/fr\/wp-json\/wp\/v2\/product_cat?post=121370"},{"taxonomy":"product_tag","embeddable":true,"href":"https:\/\/www.david-coin.com\/fr\/wp-json\/wp\/v2\/product_tag?post=121370"}],"curies":[{"name":"wp","href":"https:\/\/api.w.org\/{rel}","templated":true}]}}