{"id":120694,"date":"2023-08-31T15:35:17","date_gmt":"2023-08-31T15:35:17","guid":{"rendered":"https:\/\/www.david-coin.com\/product\/10-kilo-netto-zilvergeld-nederland\/"},"modified":"2026-04-13T16:50:51","modified_gmt":"2026-04-13T14:50:51","slug":"10-kilo-netto-zilvergeld-nederland","status":"publish","type":"product","link":"https:\/\/www.david-coin.com\/fr\/produit\/10-kilo-netto-zilvergeld-nederland\/","title":{"rendered":"10 kilogrammes d'argent net Pays-Bas"},"content":{"rendered":"<p><span style=\"text-decoration: underline; font-size: 12pt;\"><strong>10 kilogrammes d'argent net Pays-Bas<\/strong><\/span><br \/>\n<span style=\"font-size: 12pt;\">Dosage:720\/1000<\/span><br \/>\n<span style=\"font-size: 12pt;\">Brut 13890 grammes<\/span><br \/>\n<span style=\"font-size: 12pt;\">Net 10 kilos d'argent<\/span><\/p>\n<p><span style=\"font-size: 12pt;\">Au total, vous recevrez 13890 grammes de pi\u00e8ces n\u00e9erlandaises en florins d'argent.<\/span><br \/>\n<span style=\"font-size: 12pt;\">Ce kilo peut contenir les pi\u00e8ces suivantes :<\/span><\/p>\n<p><span style=\"font-size: 12pt;\">Argent Juliana florins <\/span><br \/>\n<span style=\"font-size: 12pt;\">Argent Juliana rijksdaalders<\/span><br \/>\n<span style=\"font-size: 12pt;\">Juliana d'argent 10 pi\u00e8ces de florins.<\/span><br \/>\n<span style=\"font-size: 12pt;\">Argent 10 florins 1994 Beatrix<\/span><br \/>\n<span style=\"font-size: 12pt;\">Ou d'autres pi\u00e8ces n\u00e9erlandaises en argent de 720\/1000.<\/span><\/p>\n<p><span style=\"font-size: 12pt;\"><span style=\"text-decoration: underline;\"><strong>Net vous recevrez 10 kilos de pi\u00e8ces d'argent pur.<\/strong><\/span>\u00a0 Cet achat de pi\u00e8ces de 10 kilos est largement achet\u00e9 par les investisseurs et est id\u00e9al pour un investissement dans l'argent.<br \/>\n<\/span><br \/>\n<span style=\"font-size: 12pt;\">Voir les scans pour plus de d\u00e9tails. Vb Photo.<br \/>\nLivraison assur\u00e9e dans les 3 \u00e0 5 jours ouvrables<\/span><br \/>\n<span style=\"font-size: 12pt;\">Pour toute question, n'h\u00e9sitez pas \u00e0 nous envoyer un message.<\/span><\/p>","protected":false},"excerpt":{"rendered":"<p>13890 grammes (720\/1000)<br \/>\n10 kg d'argent net. Achet\u00e9 en grande partie pour investir dans l'argent.<br \/>\n<strong>Disponibilit\u00e9 limit\u00e9e !<\/strong><\/p>","protected":false},"featured_media":120689,"comment_status":"closed","ping_status":"closed","template":"","meta":[],"product_brand":[],"product_cat":[5479,5523,5475,5613,5471,5568],"product_tag":[],"class_list":{"0":"post-120694","1":"product","2":"type-product","3":"status-publish","4":"has-post-thumbnail","6":"product_cat-edelmetaal-goud-kopen","7":"product_cat-juliana-1948-1980","8":"product_cat-kilos-munten","9":"product_cat-kilos-nederlandse-munten","10":"product_cat-nederlandse-munten","11":"product_cat-zilveren-munten-per-kilo","12":"pa_gewicht-10kilo","13":"pa_land-nederland","14":"pa_materiaal-zilver","15":"pa_muntwaarde-mix","17":"first","18":"instock","19":"taxable","20":"shipping-taxable","21":"purchasable","22":"product-type-simple"},"yoast_head":"<!-- This site is optimized with the Yoast SEO Premium plugin v27.2 (Yoast SEO v27.5) - https:\/\/yoast.com\/product\/yoast-seo-premium-wordpress\/ -->\n<title>10 kilo netto zilvergeld Nederland<\/title>\n<meta name=\"description\" content=\"Koop kilo&#039;s zilveren munten bij David-coin. Voor belegging in zilver hebben wij een ruim aanbod. Bekijk nu ons volledige aanbod.\" \/>\n<meta name=\"robots\" content=\"index, follow, max-snippet:-1, max-image-preview:large, max-video-preview:-1\" \/>\n<link rel=\"canonical\" href=\"https:\/\/www.david-coin.com\/fr\/produit\/10-kilo-netto-zilvergeld-nederland\/\" \/>\n<meta property=\"og:locale\" content=\"fr_FR\" \/>\n<meta property=\"og:type\" content=\"article\" \/>\n<meta property=\"og:title\" content=\"10 kilo netto zilvergeld Nederland\" \/>\n<meta property=\"og:description\" content=\"Koop kilo&#039;s zilveren munten bij David-coin. Voor belegging in zilver hebben wij een ruim aanbod. Bekijk nu ons volledige aanbod.\" \/>\n<meta property=\"og:url\" content=\"https:\/\/www.david-coin.com\/fr\/produit\/10-kilo-netto-zilvergeld-nederland\/\" \/>\n<meta property=\"og:site_name\" content=\"David Coin\" \/>\n<meta property=\"article:publisher\" content=\"https:\/\/www.facebook.com\/Davidcoininkoopenverkoop\" \/>\n<meta property=\"article:modified_time\" content=\"2026-04-13T14:50:51+00:00\" \/>\n<meta property=\"og:image\" content=\"https:\/\/www.david-coin.com\/wp-content\/uploads\/2023\/08\/zilveren-munten-kopen-kilo-5-2.jpg\" \/>\n\t<meta property=\"og:image:width\" content=\"800\" \/>\n\t<meta property=\"og:image:height\" content=\"600\" \/>\n\t<meta property=\"og:image:type\" content=\"image\/jpeg\" \/>\n<meta name=\"twitter:card\" content=\"summary_large_image\" \/>\n<meta name=\"twitter:label1\" content=\"Prix\" \/>\n\t<meta name=\"twitter:data1\" content=\"&euro;&nbsp;22.665,22\" \/>\n\t<meta name=\"twitter:label2\" content=\"Disponibilit\u00e9\" \/>\n\t<meta name=\"twitter:data2\" content=\"En stock\" \/>\n<script type=\"application\/ld+json\" class=\"yoast-schema-graph\">{\"@context\":\"https:\\\/\\\/schema.org\",\"@graph\":[{\"@type\":\"WebPage\",\"@id\":\"https:\\\/\\\/www.david-coin.com\\\/product\\\/10-kilo-netto-zilvergeld-nederland\\\/\",\"url\":\"https:\\\/\\\/www.david-coin.com\\\/product\\\/10-kilo-netto-zilvergeld-nederland\\\/\",\"name\":\"10 kilo netto zilvergeld Nederland\",\"isPartOf\":{\"@id\":\"https:\\\/\\\/www.david-coin.com\\\/#website\"},\"primaryImageOfPage\":{\"@id\":\"https:\\\/\\\/www.david-coin.com\\\/product\\\/10-kilo-netto-zilvergeld-nederland\\\/#primaryimage\"},\"image\":{\"@id\":\"https:\\\/\\\/www.david-coin.com\\\/product\\\/10-kilo-netto-zilvergeld-nederland\\\/#primaryimage\"},\"thumbnailUrl\":\"https:\\\/\\\/www.david-coin.com\\\/wp-content\\\/uploads\\\/2023\\\/08\\\/zilveren-munten-kopen-kilo-5-2.jpg\",\"datePublished\":\"2023-08-31T15:35:17+00:00\",\"dateModified\":\"2026-04-13T14:50:51+00:00\",\"description\":\"Koop kilo's zilveren munten bij David-coin. Voor belegging in zilver hebben wij een ruim aanbod. Bekijk nu ons volledige aanbod.\",\"breadcrumb\":{\"@id\":\"https:\\\/\\\/www.david-coin.com\\\/product\\\/10-kilo-netto-zilvergeld-nederland\\\/#breadcrumb\"},\"inLanguage\":\"fr-FR\",\"potentialAction\":[{\"@type\":\"ReadAction\",\"target\":[\"https:\\\/\\\/www.david-coin.com\\\/product\\\/10-kilo-netto-zilvergeld-nederland\\\/\"]}]},{\"@type\":\"ImageObject\",\"inLanguage\":\"fr-FR\",\"@id\":\"https:\\\/\\\/www.david-coin.com\\\/product\\\/10-kilo-netto-zilvergeld-nederland\\\/#primaryimage\",\"url\":\"https:\\\/\\\/www.david-coin.com\\\/wp-content\\\/uploads\\\/2023\\\/08\\\/zilveren-munten-kopen-kilo-5-2.jpg\",\"contentUrl\":\"https:\\\/\\\/www.david-coin.com\\\/wp-content\\\/uploads\\\/2023\\\/08\\\/zilveren-munten-kopen-kilo-5-2.jpg\",\"width\":800,\"height\":600,\"caption\":\"Zilveren kilo's munten\"},{\"@type\":\"BreadcrumbList\",\"@id\":\"https:\\\/\\\/www.david-coin.com\\\/product\\\/10-kilo-netto-zilvergeld-nederland\\\/#breadcrumb\",\"itemListElement\":[{\"@type\":\"ListItem\",\"position\":1,\"name\":\"Home\",\"item\":\"https:\\\/\\\/www.david-coin.com\\\/\"},{\"@type\":\"ListItem\",\"position\":2,\"name\":\"Winkel\",\"item\":\"https:\\\/\\\/www.david-coin.com\\\/winkel\\\/\"},{\"@type\":\"ListItem\",\"position\":3,\"name\":\"10 kilo netto zilvergeld Nederland\"}]},{\"@type\":\"WebSite\",\"@id\":\"https:\\\/\\\/www.david-coin.com\\\/#website\",\"url\":\"https:\\\/\\\/www.david-coin.com\\\/\",\"name\":\"David Coin\",\"description\":\"\",\"publisher\":{\"@id\":\"https:\\\/\\\/www.david-coin.com\\\/#organization\"},\"potentialAction\":[{\"@type\":\"SearchAction\",\"target\":{\"@type\":\"EntryPoint\",\"urlTemplate\":\"https:\\\/\\\/www.david-coin.com\\\/?s={search_term_string}\"},\"query-input\":{\"@type\":\"PropertyValueSpecification\",\"valueRequired\":true,\"valueName\":\"search_term_string\"}}],\"inLanguage\":\"fr-FR\"},{\"@type\":\"Organization\",\"@id\":\"https:\\\/\\\/www.david-coin.com\\\/#organization\",\"name\":\"David Coin\",\"url\":\"https:\\\/\\\/www.david-coin.com\\\/\",\"logo\":{\"@type\":\"ImageObject\",\"inLanguage\":\"fr-FR\",\"@id\":\"https:\\\/\\\/www.david-coin.com\\\/#\\\/schema\\\/logo\\\/image\\\/\",\"url\":\"https:\\\/\\\/www.david-coin.com\\\/wp-content\\\/uploads\\\/2024\\\/04\\\/davidcoin-logo-final.png\",\"contentUrl\":\"https:\\\/\\\/www.david-coin.com\\\/wp-content\\\/uploads\\\/2024\\\/04\\\/davidcoin-logo-final.png\",\"width\":800,\"height\":267,\"caption\":\"David Coin\"},\"image\":{\"@id\":\"https:\\\/\\\/www.david-coin.com\\\/#\\\/schema\\\/logo\\\/image\\\/\"},\"sameAs\":[\"https:\\\/\\\/www.facebook.com\\\/Davidcoininkoopenverkoop\",\"https:\\\/\\\/www.youtube.com\\\/channel\\\/UC39lihLKFSPTff0w6tv0pWQ\"]}]}<\/script>\n<meta property=\"product:price:amount\" content=\"22665.22\" \/>\n<meta property=\"product:price:currency\" content=\"EUR\" \/>\n<meta property=\"og:availability\" content=\"instock\" \/>\n<meta property=\"product:availability\" content=\"instock\" \/>\n<meta property=\"product:retailer_item_id\" content=\"9225\" \/>\n<meta property=\"product:condition\" content=\"new\" \/>\n<!-- \/ Yoast SEO Premium plugin. -->","yoast_head_json":{"title":"10 kilogrammes d'argent net Pays-Bas","description":"Koop kilo's zilveren munten bij David-coin. Voor belegging in zilver hebben wij een ruim aanbod. Bekijk nu ons volledige aanbod.","robots":{"index":"index","follow":"follow","max-snippet":"max-snippet:-1","max-image-preview":"max-image-preview:large","max-video-preview":"max-video-preview:-1"},"canonical":"https:\/\/www.david-coin.com\/fr\/produit\/10-kilo-netto-zilvergeld-nederland\/","og_locale":"fr_FR","og_type":"article","og_title":"10 kilo netto zilvergeld Nederland","og_description":"Koop kilo's zilveren munten bij David-coin. Voor belegging in zilver hebben wij een ruim aanbod. Bekijk nu ons volledige aanbod.","og_url":"https:\/\/www.david-coin.com\/fr\/produit\/10-kilo-netto-zilvergeld-nederland\/","og_site_name":"David Coin","article_publisher":"https:\/\/www.facebook.com\/Davidcoininkoopenverkoop","article_modified_time":"2026-04-13T14:50:51+00:00","og_image":[{"width":800,"height":600,"url":"https:\/\/www.david-coin.com\/wp-content\/uploads\/2023\/08\/zilveren-munten-kopen-kilo-5-2.jpg","type":"image\/jpeg"}],"twitter_card":"summary_large_image","twitter_misc":{"Prix":"&euro;&nbsp;22.665,22","Disponibilit\u00e9":"En stock"},"schema":{"@context":"https:\/\/schema.org","@graph":[{"@type":"WebPage","@id":"https:\/\/www.david-coin.com\/product\/10-kilo-netto-zilvergeld-nederland\/","url":"https:\/\/www.david-coin.com\/product\/10-kilo-netto-zilvergeld-nederland\/","name":"10 kilogrammes d'argent net Pays-Bas","isPartOf":{"@id":"https:\/\/www.david-coin.com\/#website"},"primaryImageOfPage":{"@id":"https:\/\/www.david-coin.com\/product\/10-kilo-netto-zilvergeld-nederland\/#primaryimage"},"image":{"@id":"https:\/\/www.david-coin.com\/product\/10-kilo-netto-zilvergeld-nederland\/#primaryimage"},"thumbnailUrl":"https:\/\/www.david-coin.com\/wp-content\/uploads\/2023\/08\/zilveren-munten-kopen-kilo-5-2.jpg","datePublished":"2023-08-31T15:35:17+00:00","dateModified":"2026-04-13T14:50:51+00:00","description":"Koop kilo's zilveren munten bij David-coin. Voor belegging in zilver hebben wij een ruim aanbod. Bekijk nu ons volledige aanbod.","breadcrumb":{"@id":"https:\/\/www.david-coin.com\/product\/10-kilo-netto-zilvergeld-nederland\/#breadcrumb"},"inLanguage":"fr-FR","potentialAction":[{"@type":"ReadAction","target":["https:\/\/www.david-coin.com\/product\/10-kilo-netto-zilvergeld-nederland\/"]}]},{"@type":"ImageObject","inLanguage":"fr-FR","@id":"https:\/\/www.david-coin.com\/product\/10-kilo-netto-zilvergeld-nederland\/#primaryimage","url":"https:\/\/www.david-coin.com\/wp-content\/uploads\/2023\/08\/zilveren-munten-kopen-kilo-5-2.jpg","contentUrl":"https:\/\/www.david-coin.com\/wp-content\/uploads\/2023\/08\/zilveren-munten-kopen-kilo-5-2.jpg","width":800,"height":600,"caption":"Zilveren kilo's munten"},{"@type":"BreadcrumbList","@id":"https:\/\/www.david-coin.com\/product\/10-kilo-netto-zilvergeld-nederland\/#breadcrumb","itemListElement":[{"@type":"ListItem","position":1,"name":"Home","item":"https:\/\/www.david-coin.com\/"},{"@type":"ListItem","position":2,"name":"Winkel","item":"https:\/\/www.david-coin.com\/winkel\/"},{"@type":"ListItem","position":3,"name":"10 kilo netto zilvergeld Nederland"}]},{"@type":"WebSite","@id":"https:\/\/www.david-coin.com\/#website","url":"https:\/\/www.david-coin.com\/","name":"David Coin","description":"","publisher":{"@id":"https:\/\/www.david-coin.com\/#organization"},"potentialAction":[{"@type":"SearchAction","target":{"@type":"EntryPoint","urlTemplate":"https:\/\/www.david-coin.com\/?s={search_term_string}"},"query-input":{"@type":"PropertyValueSpecification","valueRequired":true,"valueName":"search_term_string"}}],"inLanguage":"fr-FR"},{"@type":"Organization","@id":"https:\/\/www.david-coin.com\/#organization","name":"David Coin","url":"https:\/\/www.david-coin.com\/","logo":{"@type":"ImageObject","inLanguage":"fr-FR","@id":"https:\/\/www.david-coin.com\/#\/schema\/logo\/image\/","url":"https:\/\/www.david-coin.com\/wp-content\/uploads\/2024\/04\/davidcoin-logo-final.png","contentUrl":"https:\/\/www.david-coin.com\/wp-content\/uploads\/2024\/04\/davidcoin-logo-final.png","width":800,"height":267,"caption":"David Coin"},"image":{"@id":"https:\/\/www.david-coin.com\/#\/schema\/logo\/image\/"},"sameAs":["https:\/\/www.facebook.com\/Davidcoininkoopenverkoop","https:\/\/www.youtube.com\/channel\/UC39lihLKFSPTff0w6tv0pWQ"]}]},"product_price_amount":"22665.22","product_price_currency":"EUR","og_availability":"instock","product_availability":"instock","product_retailer_item_id":"9225","product_condition":"new"},"_links":{"self":[{"href":"https:\/\/www.david-coin.com\/fr\/wp-json\/wp\/v2\/product\/120694","targetHints":{"allow":["GET"]}}],"collection":[{"href":"https:\/\/www.david-coin.com\/fr\/wp-json\/wp\/v2\/product"}],"about":[{"href":"https:\/\/www.david-coin.com\/fr\/wp-json\/wp\/v2\/types\/product"}],"replies":[{"embeddable":true,"href":"https:\/\/www.david-coin.com\/fr\/wp-json\/wp\/v2\/comments?post=120694"}],"wp:featuredmedia":[{"embeddable":true,"href":"https:\/\/www.david-coin.com\/fr\/wp-json\/wp\/v2\/media\/120689"}],"wp:attachment":[{"href":"https:\/\/www.david-coin.com\/fr\/wp-json\/wp\/v2\/media?parent=120694"}],"wp:term":[{"taxonomy":"product_brand","embeddable":true,"href":"https:\/\/www.david-coin.com\/fr\/wp-json\/wp\/v2\/product_brand?post=120694"},{"taxonomy":"product_cat","embeddable":true,"href":"https:\/\/www.david-coin.com\/fr\/wp-json\/wp\/v2\/product_cat?post=120694"},{"taxonomy":"product_tag","embeddable":true,"href":"https:\/\/www.david-coin.com\/fr\/wp-json\/wp\/v2\/product_tag?post=120694"}],"curies":[{"name":"wp","href":"https:\/\/api.w.org\/{rel}","templated":true}]}}