{"id":120680,"date":"2023-08-30T09:35:04","date_gmt":"2023-08-30T09:35:04","guid":{"rendered":"https:\/\/www.david-coin.com\/product\/nederland-80-jaar-kwartje-wilhelmina-1928-in-coincard\/"},"modified":"2026-04-16T15:19:43","modified_gmt":"2026-04-16T13:19:43","slug":"nederland-80-jaar-kwartje-wilhelmina-1928-in-coincard","status":"publish","type":"product","link":"https:\/\/www.david-coin.com\/fr\/produit\/nederland-80-jaar-kwartje-wilhelmina-1928-in-coincard\/","title":{"rendered":"Pays-Bas 80 ans Wilhelmina 1928 en carte numismatique"},"content":{"rendered":"<header class=\"fr-b3 b0_12 b3_14\">\n<h1 class=\"head head3 heavy mb-2x\"><\/h1>\n<p><span style=\"font-size: 12pt;\"><strong>Pays-Bas 80 ans Wilhelmina 1928 en carte numismatique<\/strong><\/span><\/p>\n<\/header>\n<div id=\"details-pri\" class=\"details-pri b0_12 b3_14 b3_push_01\">\n<div class=\"block mb-2x detail-desc html-content\">\n<div class=\"mb-2x\">\n<ul>\n<li><span style=\"font-size: 12pt;\">Het laatste zilveren kwartje van ons land!<\/span><\/li>\n<li><span style=\"font-size: 12pt;\">Toont Wilhelmina met opgestoken haar, naar beeltenis van J.C. Wienecke<\/span><\/li>\n<li><span style=\"font-size: 12pt;\">\u00c9dition tr\u00e8s limit\u00e9e \u00e0 3 600 exemplaires<\/span><\/li>\n<li><span style=\"font-size: 12pt;\">Fait partie du catalogue n\u00e9erlandais de cartes numismatiques<\/span><\/li>\n<\/ul>\n<p><span style=\"font-size: 12pt;\">Pays-Bas 80 ans Wilhelmina 1928 en carte numismatique<\/span><\/p>\n<\/div>\n<\/div>\n<\/div>\n<p><span style=\"font-size: 12pt;\">Voir les scans pour plus de d\u00e9tails. Photo Vb.\u00a0<\/span><br \/>\n<span style=\"font-size: 12pt;\">Pour toute question, n'h\u00e9sitez pas \u00e0 nous envoyer un message.<\/span><\/p>","protected":false},"excerpt":{"rendered":"<p>Nederland 80 jaar kwartje Wilhelmina 1928 in coincard Het laatste zilveren kwartje van ons land! Toont Wilhelmina met opgestoken haar, naar beeltenis van J.C. Wienecke Zeer beperkte oplage van 3.600 coincards Onderdeel van de Nederlandse Coincard Catalogus Nederland 80 jaar kwartje Wilhelmina 1928 in coincard Zie scans voor meer details. Vb-foto.\u00a0 Voor vragen stuur ons [&hellip;]<\/p>\n","protected":false},"featured_media":120674,"comment_status":"closed","ping_status":"closed","template":"","meta":[],"product_brand":[],"product_cat":[5538],"product_tag":[5636],"class_list":{"0":"post-120680","1":"product","2":"type-product","3":"status-publish","4":"has-post-thumbnail","6":"product_cat-coincards-met-guldenmunten","7":"product_tag-uitgelicht","8":"pa_delcampeid-5269","9":"pa_koning-koningin-wilhelmina","10":"pa_land-nederland","11":"pa_materiaal-zilver","12":"pa_muntwaarde-25cent","13":"pa_soort-coincard","15":"first","16":"instock","17":"taxable","18":"shipping-taxable","19":"purchasable","20":"product-type-simple"},"yoast_head":"<!-- This site is optimized with the Yoast SEO Premium plugin v27.2 (Yoast SEO v27.4) - https:\/\/yoast.com\/product\/yoast-seo-premium-wordpress\/ -->\n<title>Nederland 80 jaar kwartje Wilhelmina 1928 in coincard<\/title>\n<meta name=\"description\" content=\"Diverse Nederlandse guldenmunten in coincard verkrijgbaar bij David-coin. Bekijk ons complete aanbod. Gratis verzending binnen Nederland vanaf 75 euro.\" \/>\n<meta name=\"robots\" content=\"index, follow, max-snippet:-1, max-image-preview:large, max-video-preview:-1\" \/>\n<link rel=\"canonical\" href=\"https:\/\/www.david-coin.com\/fr\/produit\/nederland-80-jaar-kwartje-wilhelmina-1928-in-coincard\/\" \/>\n<meta property=\"og:locale\" content=\"fr_FR\" \/>\n<meta property=\"og:type\" content=\"article\" \/>\n<meta property=\"og:title\" content=\"Nederland 80 jaar kwartje Wilhelmina 1928 in coincard\" \/>\n<meta property=\"og:description\" content=\"Diverse Nederlandse guldenmunten in coincard verkrijgbaar bij David-coin. Bekijk ons complete aanbod. Gratis verzending binnen Nederland vanaf 75 euro.\" \/>\n<meta property=\"og:url\" content=\"https:\/\/www.david-coin.com\/fr\/produit\/nederland-80-jaar-kwartje-wilhelmina-1928-in-coincard\/\" \/>\n<meta property=\"og:site_name\" content=\"David Coin\" \/>\n<meta property=\"article:publisher\" content=\"https:\/\/www.facebook.com\/Davidcoininkoopenverkoop\" \/>\n<meta property=\"article:modified_time\" content=\"2026-04-16T13:19:43+00:00\" \/>\n<meta property=\"og:image\" content=\"https:\/\/www.david-coin.com\/wp-content\/uploads\/2023\/08\/laatstekwartjewilhelminaincoincard.jpg\" \/>\n\t<meta property=\"og:image:width\" content=\"800\" \/>\n\t<meta property=\"og:image:height\" content=\"800\" \/>\n\t<meta property=\"og:image:type\" content=\"image\/jpeg\" \/>\n<meta name=\"twitter:card\" content=\"summary_large_image\" \/>\n<meta name=\"twitter:label1\" content=\"Prix\" \/>\n\t<meta name=\"twitter:data1\" content=\"&euro;&nbsp;42,50\" \/>\n\t<meta name=\"twitter:label2\" content=\"Disponibilit\u00e9\" \/>\n\t<meta name=\"twitter:data2\" content=\"En stock\" \/>\n<script type=\"application\/ld+json\" class=\"yoast-schema-graph\">{\"@context\":\"https:\\\/\\\/schema.org\",\"@graph\":[{\"@type\":\"WebPage\",\"@id\":\"https:\\\/\\\/www.david-coin.com\\\/product\\\/nederland-80-jaar-kwartje-wilhelmina-1928-in-coincard\\\/\",\"url\":\"https:\\\/\\\/www.david-coin.com\\\/product\\\/nederland-80-jaar-kwartje-wilhelmina-1928-in-coincard\\\/\",\"name\":\"Nederland 80 jaar kwartje Wilhelmina 1928 in coincard\",\"isPartOf\":{\"@id\":\"https:\\\/\\\/www.david-coin.com\\\/#website\"},\"primaryImageOfPage\":{\"@id\":\"https:\\\/\\\/www.david-coin.com\\\/product\\\/nederland-80-jaar-kwartje-wilhelmina-1928-in-coincard\\\/#primaryimage\"},\"image\":{\"@id\":\"https:\\\/\\\/www.david-coin.com\\\/product\\\/nederland-80-jaar-kwartje-wilhelmina-1928-in-coincard\\\/#primaryimage\"},\"thumbnailUrl\":\"https:\\\/\\\/www.david-coin.com\\\/wp-content\\\/uploads\\\/2023\\\/08\\\/laatstekwartjewilhelminaincoincard.jpg\",\"datePublished\":\"2023-08-30T09:35:04+00:00\",\"dateModified\":\"2026-04-16T13:19:43+00:00\",\"description\":\"Diverse Nederlandse guldenmunten in coincard verkrijgbaar bij David-coin. Bekijk ons complete aanbod. Gratis verzending binnen Nederland vanaf 75 euro.\",\"breadcrumb\":{\"@id\":\"https:\\\/\\\/www.david-coin.com\\\/product\\\/nederland-80-jaar-kwartje-wilhelmina-1928-in-coincard\\\/#breadcrumb\"},\"inLanguage\":\"fr-FR\",\"potentialAction\":[{\"@type\":\"ReadAction\",\"target\":[\"https:\\\/\\\/www.david-coin.com\\\/product\\\/nederland-80-jaar-kwartje-wilhelmina-1928-in-coincard\\\/\"]}]},{\"@type\":\"ImageObject\",\"inLanguage\":\"fr-FR\",\"@id\":\"https:\\\/\\\/www.david-coin.com\\\/product\\\/nederland-80-jaar-kwartje-wilhelmina-1928-in-coincard\\\/#primaryimage\",\"url\":\"https:\\\/\\\/www.david-coin.com\\\/wp-content\\\/uploads\\\/2023\\\/08\\\/laatstekwartjewilhelminaincoincard.jpg\",\"contentUrl\":\"https:\\\/\\\/www.david-coin.com\\\/wp-content\\\/uploads\\\/2023\\\/08\\\/laatstekwartjewilhelminaincoincard.jpg\",\"width\":800,\"height\":800},{\"@type\":\"BreadcrumbList\",\"@id\":\"https:\\\/\\\/www.david-coin.com\\\/product\\\/nederland-80-jaar-kwartje-wilhelmina-1928-in-coincard\\\/#breadcrumb\",\"itemListElement\":[{\"@type\":\"ListItem\",\"position\":1,\"name\":\"Home\",\"item\":\"https:\\\/\\\/www.david-coin.com\\\/\"},{\"@type\":\"ListItem\",\"position\":2,\"name\":\"Winkel\",\"item\":\"https:\\\/\\\/www.david-coin.com\\\/winkel\\\/\"},{\"@type\":\"ListItem\",\"position\":3,\"name\":\"Nederland 80 jaar kwartje Wilhelmina 1928 in coincard\"}]},{\"@type\":\"WebSite\",\"@id\":\"https:\\\/\\\/www.david-coin.com\\\/#website\",\"url\":\"https:\\\/\\\/www.david-coin.com\\\/\",\"name\":\"David Coin\",\"description\":\"\",\"publisher\":{\"@id\":\"https:\\\/\\\/www.david-coin.com\\\/#organization\"},\"potentialAction\":[{\"@type\":\"SearchAction\",\"target\":{\"@type\":\"EntryPoint\",\"urlTemplate\":\"https:\\\/\\\/www.david-coin.com\\\/?s={search_term_string}\"},\"query-input\":{\"@type\":\"PropertyValueSpecification\",\"valueRequired\":true,\"valueName\":\"search_term_string\"}}],\"inLanguage\":\"fr-FR\"},{\"@type\":\"Organization\",\"@id\":\"https:\\\/\\\/www.david-coin.com\\\/#organization\",\"name\":\"David Coin\",\"url\":\"https:\\\/\\\/www.david-coin.com\\\/\",\"logo\":{\"@type\":\"ImageObject\",\"inLanguage\":\"fr-FR\",\"@id\":\"https:\\\/\\\/www.david-coin.com\\\/#\\\/schema\\\/logo\\\/image\\\/\",\"url\":\"https:\\\/\\\/www.david-coin.com\\\/wp-content\\\/uploads\\\/2024\\\/04\\\/davidcoin-logo-final.png\",\"contentUrl\":\"https:\\\/\\\/www.david-coin.com\\\/wp-content\\\/uploads\\\/2024\\\/04\\\/davidcoin-logo-final.png\",\"width\":800,\"height\":267,\"caption\":\"David Coin\"},\"image\":{\"@id\":\"https:\\\/\\\/www.david-coin.com\\\/#\\\/schema\\\/logo\\\/image\\\/\"},\"sameAs\":[\"https:\\\/\\\/www.facebook.com\\\/Davidcoininkoopenverkoop\",\"https:\\\/\\\/www.youtube.com\\\/channel\\\/UC39lihLKFSPTff0w6tv0pWQ\"]}]}<\/script>\n<meta property=\"product:price:amount\" content=\"42.50\" \/>\n<meta property=\"product:price:currency\" content=\"EUR\" \/>\n<meta property=\"og:availability\" content=\"instock\" \/>\n<meta property=\"product:availability\" content=\"instock\" \/>\n<meta property=\"product:retailer_item_id\" content=\"15504\" \/>\n<meta property=\"product:condition\" content=\"new\" \/>\n<!-- \/ Yoast SEO Premium plugin. -->","yoast_head_json":{"title":"Pays-Bas 80 ans Wilhelmina 1928 en carte numismatique","description":"Diverse Nederlandse guldenmunten in coincard verkrijgbaar bij David-coin. Bekijk ons complete aanbod. Gratis verzending binnen Nederland vanaf 75 euro.","robots":{"index":"index","follow":"follow","max-snippet":"max-snippet:-1","max-image-preview":"max-image-preview:large","max-video-preview":"max-video-preview:-1"},"canonical":"https:\/\/www.david-coin.com\/fr\/produit\/nederland-80-jaar-kwartje-wilhelmina-1928-in-coincard\/","og_locale":"fr_FR","og_type":"article","og_title":"Nederland 80 jaar kwartje Wilhelmina 1928 in coincard","og_description":"Diverse Nederlandse guldenmunten in coincard verkrijgbaar bij David-coin. Bekijk ons complete aanbod. Gratis verzending binnen Nederland vanaf 75 euro.","og_url":"https:\/\/www.david-coin.com\/fr\/produit\/nederland-80-jaar-kwartje-wilhelmina-1928-in-coincard\/","og_site_name":"David Coin","article_publisher":"https:\/\/www.facebook.com\/Davidcoininkoopenverkoop","article_modified_time":"2026-04-16T13:19:43+00:00","og_image":[{"width":800,"height":800,"url":"https:\/\/www.david-coin.com\/wp-content\/uploads\/2023\/08\/laatstekwartjewilhelminaincoincard.jpg","type":"image\/jpeg"}],"twitter_card":"summary_large_image","twitter_misc":{"Prix":"&euro;&nbsp;42,50","Disponibilit\u00e9":"En stock"},"schema":{"@context":"https:\/\/schema.org","@graph":[{"@type":"WebPage","@id":"https:\/\/www.david-coin.com\/product\/nederland-80-jaar-kwartje-wilhelmina-1928-in-coincard\/","url":"https:\/\/www.david-coin.com\/product\/nederland-80-jaar-kwartje-wilhelmina-1928-in-coincard\/","name":"Pays-Bas 80 ans Wilhelmina 1928 en carte numismatique","isPartOf":{"@id":"https:\/\/www.david-coin.com\/#website"},"primaryImageOfPage":{"@id":"https:\/\/www.david-coin.com\/product\/nederland-80-jaar-kwartje-wilhelmina-1928-in-coincard\/#primaryimage"},"image":{"@id":"https:\/\/www.david-coin.com\/product\/nederland-80-jaar-kwartje-wilhelmina-1928-in-coincard\/#primaryimage"},"thumbnailUrl":"https:\/\/www.david-coin.com\/wp-content\/uploads\/2023\/08\/laatstekwartjewilhelminaincoincard.jpg","datePublished":"2023-08-30T09:35:04+00:00","dateModified":"2026-04-16T13:19:43+00:00","description":"Diverse Nederlandse guldenmunten in coincard verkrijgbaar bij David-coin. Bekijk ons complete aanbod. Gratis verzending binnen Nederland vanaf 75 euro.","breadcrumb":{"@id":"https:\/\/www.david-coin.com\/product\/nederland-80-jaar-kwartje-wilhelmina-1928-in-coincard\/#breadcrumb"},"inLanguage":"fr-FR","potentialAction":[{"@type":"ReadAction","target":["https:\/\/www.david-coin.com\/product\/nederland-80-jaar-kwartje-wilhelmina-1928-in-coincard\/"]}]},{"@type":"ImageObject","inLanguage":"fr-FR","@id":"https:\/\/www.david-coin.com\/product\/nederland-80-jaar-kwartje-wilhelmina-1928-in-coincard\/#primaryimage","url":"https:\/\/www.david-coin.com\/wp-content\/uploads\/2023\/08\/laatstekwartjewilhelminaincoincard.jpg","contentUrl":"https:\/\/www.david-coin.com\/wp-content\/uploads\/2023\/08\/laatstekwartjewilhelminaincoincard.jpg","width":800,"height":800},{"@type":"BreadcrumbList","@id":"https:\/\/www.david-coin.com\/product\/nederland-80-jaar-kwartje-wilhelmina-1928-in-coincard\/#breadcrumb","itemListElement":[{"@type":"ListItem","position":1,"name":"Home","item":"https:\/\/www.david-coin.com\/"},{"@type":"ListItem","position":2,"name":"Winkel","item":"https:\/\/www.david-coin.com\/winkel\/"},{"@type":"ListItem","position":3,"name":"Nederland 80 jaar kwartje Wilhelmina 1928 in coincard"}]},{"@type":"WebSite","@id":"https:\/\/www.david-coin.com\/#website","url":"https:\/\/www.david-coin.com\/","name":"David Coin","description":"","publisher":{"@id":"https:\/\/www.david-coin.com\/#organization"},"potentialAction":[{"@type":"SearchAction","target":{"@type":"EntryPoint","urlTemplate":"https:\/\/www.david-coin.com\/?s={search_term_string}"},"query-input":{"@type":"PropertyValueSpecification","valueRequired":true,"valueName":"search_term_string"}}],"inLanguage":"fr-FR"},{"@type":"Organization","@id":"https:\/\/www.david-coin.com\/#organization","name":"David Coin","url":"https:\/\/www.david-coin.com\/","logo":{"@type":"ImageObject","inLanguage":"fr-FR","@id":"https:\/\/www.david-coin.com\/#\/schema\/logo\/image\/","url":"https:\/\/www.david-coin.com\/wp-content\/uploads\/2024\/04\/davidcoin-logo-final.png","contentUrl":"https:\/\/www.david-coin.com\/wp-content\/uploads\/2024\/04\/davidcoin-logo-final.png","width":800,"height":267,"caption":"David Coin"},"image":{"@id":"https:\/\/www.david-coin.com\/#\/schema\/logo\/image\/"},"sameAs":["https:\/\/www.facebook.com\/Davidcoininkoopenverkoop","https:\/\/www.youtube.com\/channel\/UC39lihLKFSPTff0w6tv0pWQ"]}]},"product_price_amount":"42.50","product_price_currency":"EUR","og_availability":"instock","product_availability":"instock","product_retailer_item_id":"15504","product_condition":"new"},"_links":{"self":[{"href":"https:\/\/www.david-coin.com\/fr\/wp-json\/wp\/v2\/product\/120680","targetHints":{"allow":["GET"]}}],"collection":[{"href":"https:\/\/www.david-coin.com\/fr\/wp-json\/wp\/v2\/product"}],"about":[{"href":"https:\/\/www.david-coin.com\/fr\/wp-json\/wp\/v2\/types\/product"}],"replies":[{"embeddable":true,"href":"https:\/\/www.david-coin.com\/fr\/wp-json\/wp\/v2\/comments?post=120680"}],"wp:featuredmedia":[{"embeddable":true,"href":"https:\/\/www.david-coin.com\/fr\/wp-json\/wp\/v2\/media\/120674"}],"wp:attachment":[{"href":"https:\/\/www.david-coin.com\/fr\/wp-json\/wp\/v2\/media?parent=120680"}],"wp:term":[{"taxonomy":"product_brand","embeddable":true,"href":"https:\/\/www.david-coin.com\/fr\/wp-json\/wp\/v2\/product_brand?post=120680"},{"taxonomy":"product_cat","embeddable":true,"href":"https:\/\/www.david-coin.com\/fr\/wp-json\/wp\/v2\/product_cat?post=120680"},{"taxonomy":"product_tag","embeddable":true,"href":"https:\/\/www.david-coin.com\/fr\/wp-json\/wp\/v2\/product_tag?post=120680"}],"curies":[{"name":"wp","href":"https:\/\/api.w.org\/{rel}","templated":true}]}}