{"id":120347,"date":"2023-08-04T10:52:25","date_gmt":"2023-08-04T10:52:25","guid":{"rendered":"https:\/\/www.david-coin.com\/product\/nederland-10-gulden-1996-jan-steen-proof\/"},"modified":"2026-03-10T13:52:08","modified_gmt":"2026-03-10T12:52:08","slug":"nederland-10-gulden-1996-jan-steen-proof","status":"publish","type":"product","link":"https:\/\/www.david-coin.com\/fr\/produit\/nederland-10-gulden-1996-jan-steen-proof\/","title":{"rendered":"Pays-Bas 10 florins 1996 Jan Steen Preuve"},"content":{"rendered":"<p><span style=\"font-size: 12pt;\"><strong>Pays-Bas 10 florins 1996 Jan Steen Preuve<\/strong><br \/>\nGeslagen in proof kwaliteit en\u00a0verpakt in een capsule.<br \/>\nGewicht:15 gram<\/span><br \/>\n<span style=\"font-size: 12pt;\">Gehalt:800\/1000<\/span><\/p>\n<p><strong>Les dizaines d'argent de la reine Beatrix<\/strong><br \/>\nPlusieurs pi\u00e8ces comm\u00e9moratives ont \u00e9t\u00e9 \u00e9mises dans les ann\u00e9es 1990. Elles ont toutes \u00e9t\u00e9 con\u00e7ues autour d'un th\u00e8me unique et portent toutes l'image de la reine Beatrix sur l'avers :<br \/>\n&#8211; <a href=\"\/fr\/\u201dhttps:\/\/www.david-coin.com\/produit\/nederland-10-gulden-1994-50e-verjaardag-benelux-verdrag\/\u201d\/\">1994, le billet de dix dollars du Benelux (dessin\u00e9 par Willem Vis) ;<\/a><br \/>\n&#8211; <a href=\"\/fr\/\u201dhttps:\/\/www.david-coin.com\/produit\/nederland-10-gulden-1995-hugo-de-groot\/\u201d\/\">1995, tenner Hugo de Groot (dessin\u00e9 par Jaap Drupsteen) ; <\/a><br \/>\n&#8211; <a href=\"\/fr\/\u201dhttps:\/\/www.david-coin.com\/produit\/nederland-10-gulden-1996-jan-steen\/\u201d\/\">1996, Jan Steen tenner (con\u00e7u par E. Claus) ; <\/a><br \/>\n&#8211; <a href=\"\/fr\/\u201dhttps:\/\/www.david-coin.com\/produit\/nederland-10-gulden-1997-marshall-plan\/\u201d\/\">1997, tenner Marchall (con\u00e7u par B. Strik) ; <\/a><br \/>\n&#8211; <a href=\"\/fr\/\u201dhttps:\/\/www.david-coin.com\/produit\/nederland-10-gulden-1999-millennium\/\u201d\/\">1999, Millennium tenner (con\u00e7u par H. Jongenelis).<\/a><br \/>\n\u00c0 l'exception du dix florins de 1994, toutes les pi\u00e8ces de dix florins des ann\u00e9es 1990 sont en argent 800\/1000, p\u00e8sent 15 grammes et ont un diam\u00e8tre de 33 millim\u00e8tres. Jaap Drupsteen, le concepteur du dix florins de 1996, a \u00e9galement dessin\u00e9 la derni\u00e8re s\u00e9rie de billets de banque n\u00e9erlandais en florins. Les dizaines ont \u00e9t\u00e9 \u00e9mises en tant que pi\u00e8ces de collection et ont donc \u00e9t\u00e9 peu utilis\u00e9es dans les op\u00e9rations de paiement. Aujourd'hui, les dizaines sont \u00e9galement recherch\u00e9es par les investisseurs, car elles ont une teneur en argent relativement \u00e9lev\u00e9e.<\/p>\n<p><span style=\"font-size: 12pt;\">Voir les scans pour plus de d\u00e9tails.<\/span><br \/>\n<span style=\"font-size: 12pt;\"> Pour toute question, n'h\u00e9sitez pas \u00e0 nous envoyer un message.<\/span><\/p>","protected":false},"excerpt":{"rendered":"<p>Nederland 10 gulden 1996 Jan Steen Proof Geslagen in proof kwaliteit en\u00a0verpakt in een capsule. Gewicht:15 gram Gehalt:800\/1000 De zilveren tientjes van koningin Beatrix In de jaren 90 werden er verschillende herdenkingsmunten uitgegeven. Deze werden allemaal met een uniek thema ontworpen, en dragen allemaal op de kopzijde de afbeelding van koningin Beatrix: &#8211; 1994, het [&hellip;]<\/p>\n","protected":false},"featured_media":120345,"comment_status":"closed","ping_status":"closed","template":"","meta":[],"product_brand":[],"product_cat":[5524,5471],"product_tag":[],"class_list":{"0":"post-120347","1":"product","2":"type-product","3":"status-publish","4":"has-post-thumbnail","6":"product_cat-beatrix-1980-2013","7":"product_cat-nederlandse-munten","8":"pa_delcampeid-5272","9":"pa_koning-koningin-beatrix","10":"pa_kwaliteit-proof","11":"pa_land-nederland","12":"pa_materiaal-zilver","13":"pa_muntwaarde-10gulden","15":"first","16":"instock","17":"taxable","18":"shipping-taxable","19":"purchasable","20":"product-type-simple"},"yoast_head":"<!-- This site is optimized with the Yoast SEO Premium plugin v27.2 (Yoast SEO v27.4) - https:\/\/yoast.com\/product\/yoast-seo-premium-wordpress\/ -->\n<title>Nederland 10 gulden 1996 Jan Steen Proof<\/title>\n<meta name=\"description\" content=\"Nederlandse munten kopen? Bekijk ons volledige aanbod van Nederlandse munten bij David-Coin. Gratis verzending binnen Nederland vanaf 75 euro.\" \/>\n<meta name=\"robots\" content=\"index, follow, max-snippet:-1, max-image-preview:large, max-video-preview:-1\" \/>\n<link rel=\"canonical\" href=\"https:\/\/www.david-coin.com\/fr\/produit\/nederland-10-gulden-1996-jan-steen-proof\/\" \/>\n<meta property=\"og:locale\" content=\"fr_FR\" \/>\n<meta property=\"og:type\" content=\"article\" \/>\n<meta property=\"og:title\" content=\"Nederland 10 gulden 1996 Jan Steen Proof\" \/>\n<meta property=\"og:description\" content=\"Nederlandse munten kopen? Bekijk ons volledige aanbod van Nederlandse munten bij David-Coin. Gratis verzending binnen Nederland vanaf 75 euro.\" \/>\n<meta property=\"og:url\" content=\"https:\/\/www.david-coin.com\/fr\/produit\/nederland-10-gulden-1996-jan-steen-proof\/\" \/>\n<meta property=\"og:site_name\" content=\"David Coin\" \/>\n<meta property=\"article:publisher\" content=\"https:\/\/www.facebook.com\/Davidcoininkoopenverkoop\" \/>\n<meta property=\"article:modified_time\" content=\"2026-03-10T12:52:08+00:00\" \/>\n<meta property=\"og:image\" content=\"https:\/\/www.david-coin.com\/wp-content\/uploads\/2023\/08\/10gulden1996vz.jpg\" \/>\n\t<meta property=\"og:image:width\" content=\"736\" \/>\n\t<meta property=\"og:image:height\" content=\"800\" \/>\n\t<meta property=\"og:image:type\" content=\"image\/jpeg\" \/>\n<meta name=\"twitter:card\" content=\"summary_large_image\" \/>\n<meta name=\"twitter:label1\" content=\"Prix\" \/>\n\t<meta name=\"twitter:data1\" content=\"&euro;&nbsp;35,81\" \/>\n\t<meta name=\"twitter:label2\" content=\"Disponibilit\u00e9\" \/>\n\t<meta name=\"twitter:data2\" content=\"En stock\" \/>\n<script type=\"application\/ld+json\" class=\"yoast-schema-graph\">{\"@context\":\"https:\\\/\\\/schema.org\",\"@graph\":[{\"@type\":\"WebPage\",\"@id\":\"https:\\\/\\\/www.david-coin.com\\\/product\\\/nederland-10-gulden-1996-jan-steen-proof\\\/\",\"url\":\"https:\\\/\\\/www.david-coin.com\\\/product\\\/nederland-10-gulden-1996-jan-steen-proof\\\/\",\"name\":\"Nederland 10 gulden 1996 Jan Steen Proof\",\"isPartOf\":{\"@id\":\"https:\\\/\\\/www.david-coin.com\\\/#website\"},\"primaryImageOfPage\":{\"@id\":\"https:\\\/\\\/www.david-coin.com\\\/product\\\/nederland-10-gulden-1996-jan-steen-proof\\\/#primaryimage\"},\"image\":{\"@id\":\"https:\\\/\\\/www.david-coin.com\\\/product\\\/nederland-10-gulden-1996-jan-steen-proof\\\/#primaryimage\"},\"thumbnailUrl\":\"https:\\\/\\\/www.david-coin.com\\\/wp-content\\\/uploads\\\/2023\\\/08\\\/10gulden1996vz.jpg\",\"datePublished\":\"2023-08-04T10:52:25+00:00\",\"dateModified\":\"2026-03-10T12:52:08+00:00\",\"description\":\"Nederlandse munten kopen? Bekijk ons volledige aanbod van Nederlandse munten bij David-Coin. Gratis verzending binnen Nederland vanaf 75 euro.\",\"breadcrumb\":{\"@id\":\"https:\\\/\\\/www.david-coin.com\\\/product\\\/nederland-10-gulden-1996-jan-steen-proof\\\/#breadcrumb\"},\"inLanguage\":\"fr-FR\",\"potentialAction\":[{\"@type\":\"ReadAction\",\"target\":[\"https:\\\/\\\/www.david-coin.com\\\/product\\\/nederland-10-gulden-1996-jan-steen-proof\\\/\"]}]},{\"@type\":\"ImageObject\",\"inLanguage\":\"fr-FR\",\"@id\":\"https:\\\/\\\/www.david-coin.com\\\/product\\\/nederland-10-gulden-1996-jan-steen-proof\\\/#primaryimage\",\"url\":\"https:\\\/\\\/www.david-coin.com\\\/wp-content\\\/uploads\\\/2023\\\/08\\\/10gulden1996vz.jpg\",\"contentUrl\":\"https:\\\/\\\/www.david-coin.com\\\/wp-content\\\/uploads\\\/2023\\\/08\\\/10gulden1996vz.jpg\",\"width\":736,\"height\":800},{\"@type\":\"BreadcrumbList\",\"@id\":\"https:\\\/\\\/www.david-coin.com\\\/product\\\/nederland-10-gulden-1996-jan-steen-proof\\\/#breadcrumb\",\"itemListElement\":[{\"@type\":\"ListItem\",\"position\":1,\"name\":\"Home\",\"item\":\"https:\\\/\\\/www.david-coin.com\\\/\"},{\"@type\":\"ListItem\",\"position\":2,\"name\":\"Winkel\",\"item\":\"https:\\\/\\\/www.david-coin.com\\\/winkel\\\/\"},{\"@type\":\"ListItem\",\"position\":3,\"name\":\"Nederland 10 gulden 1996 Jan Steen Proof\"}]},{\"@type\":\"WebSite\",\"@id\":\"https:\\\/\\\/www.david-coin.com\\\/#website\",\"url\":\"https:\\\/\\\/www.david-coin.com\\\/\",\"name\":\"David Coin\",\"description\":\"\",\"publisher\":{\"@id\":\"https:\\\/\\\/www.david-coin.com\\\/#organization\"},\"potentialAction\":[{\"@type\":\"SearchAction\",\"target\":{\"@type\":\"EntryPoint\",\"urlTemplate\":\"https:\\\/\\\/www.david-coin.com\\\/?s={search_term_string}\"},\"query-input\":{\"@type\":\"PropertyValueSpecification\",\"valueRequired\":true,\"valueName\":\"search_term_string\"}}],\"inLanguage\":\"fr-FR\"},{\"@type\":\"Organization\",\"@id\":\"https:\\\/\\\/www.david-coin.com\\\/#organization\",\"name\":\"David Coin\",\"url\":\"https:\\\/\\\/www.david-coin.com\\\/\",\"logo\":{\"@type\":\"ImageObject\",\"inLanguage\":\"fr-FR\",\"@id\":\"https:\\\/\\\/www.david-coin.com\\\/#\\\/schema\\\/logo\\\/image\\\/\",\"url\":\"https:\\\/\\\/www.david-coin.com\\\/wp-content\\\/uploads\\\/2024\\\/04\\\/davidcoin-logo-final.png\",\"contentUrl\":\"https:\\\/\\\/www.david-coin.com\\\/wp-content\\\/uploads\\\/2024\\\/04\\\/davidcoin-logo-final.png\",\"width\":800,\"height\":267,\"caption\":\"David Coin\"},\"image\":{\"@id\":\"https:\\\/\\\/www.david-coin.com\\\/#\\\/schema\\\/logo\\\/image\\\/\"},\"sameAs\":[\"https:\\\/\\\/www.facebook.com\\\/Davidcoininkoopenverkoop\",\"https:\\\/\\\/www.youtube.com\\\/channel\\\/UC39lihLKFSPTff0w6tv0pWQ\"]}]}<\/script>\n<meta property=\"product:price:amount\" content=\"35.81\" \/>\n<meta property=\"product:price:currency\" content=\"EUR\" \/>\n<meta property=\"og:availability\" content=\"instock\" \/>\n<meta property=\"product:availability\" content=\"instock\" \/>\n<meta property=\"product:retailer_item_id\" content=\"15491\" \/>\n<meta property=\"product:condition\" content=\"new\" \/>\n<!-- \/ Yoast SEO Premium plugin. -->","yoast_head_json":{"title":"Pays-Bas 10 florins 1996 Jan Steen Preuve","description":"Nederlandse munten kopen? Bekijk ons volledige aanbod van Nederlandse munten bij David-Coin. Gratis verzending binnen Nederland vanaf 75 euro.","robots":{"index":"index","follow":"follow","max-snippet":"max-snippet:-1","max-image-preview":"max-image-preview:large","max-video-preview":"max-video-preview:-1"},"canonical":"https:\/\/www.david-coin.com\/fr\/produit\/nederland-10-gulden-1996-jan-steen-proof\/","og_locale":"fr_FR","og_type":"article","og_title":"Nederland 10 gulden 1996 Jan Steen Proof","og_description":"Nederlandse munten kopen? Bekijk ons volledige aanbod van Nederlandse munten bij David-Coin. Gratis verzending binnen Nederland vanaf 75 euro.","og_url":"https:\/\/www.david-coin.com\/fr\/produit\/nederland-10-gulden-1996-jan-steen-proof\/","og_site_name":"David Coin","article_publisher":"https:\/\/www.facebook.com\/Davidcoininkoopenverkoop","article_modified_time":"2026-03-10T12:52:08+00:00","og_image":[{"width":736,"height":800,"url":"https:\/\/www.david-coin.com\/wp-content\/uploads\/2023\/08\/10gulden1996vz.jpg","type":"image\/jpeg"}],"twitter_card":"summary_large_image","twitter_misc":{"Prix":"&euro;&nbsp;35,81","Disponibilit\u00e9":"En stock"},"schema":{"@context":"https:\/\/schema.org","@graph":[{"@type":"WebPage","@id":"https:\/\/www.david-coin.com\/product\/nederland-10-gulden-1996-jan-steen-proof\/","url":"https:\/\/www.david-coin.com\/product\/nederland-10-gulden-1996-jan-steen-proof\/","name":"Pays-Bas 10 florins 1996 Jan Steen Preuve","isPartOf":{"@id":"https:\/\/www.david-coin.com\/#website"},"primaryImageOfPage":{"@id":"https:\/\/www.david-coin.com\/product\/nederland-10-gulden-1996-jan-steen-proof\/#primaryimage"},"image":{"@id":"https:\/\/www.david-coin.com\/product\/nederland-10-gulden-1996-jan-steen-proof\/#primaryimage"},"thumbnailUrl":"https:\/\/www.david-coin.com\/wp-content\/uploads\/2023\/08\/10gulden1996vz.jpg","datePublished":"2023-08-04T10:52:25+00:00","dateModified":"2026-03-10T12:52:08+00:00","description":"Nederlandse munten kopen? Bekijk ons volledige aanbod van Nederlandse munten bij David-Coin. Gratis verzending binnen Nederland vanaf 75 euro.","breadcrumb":{"@id":"https:\/\/www.david-coin.com\/product\/nederland-10-gulden-1996-jan-steen-proof\/#breadcrumb"},"inLanguage":"fr-FR","potentialAction":[{"@type":"ReadAction","target":["https:\/\/www.david-coin.com\/product\/nederland-10-gulden-1996-jan-steen-proof\/"]}]},{"@type":"ImageObject","inLanguage":"fr-FR","@id":"https:\/\/www.david-coin.com\/product\/nederland-10-gulden-1996-jan-steen-proof\/#primaryimage","url":"https:\/\/www.david-coin.com\/wp-content\/uploads\/2023\/08\/10gulden1996vz.jpg","contentUrl":"https:\/\/www.david-coin.com\/wp-content\/uploads\/2023\/08\/10gulden1996vz.jpg","width":736,"height":800},{"@type":"BreadcrumbList","@id":"https:\/\/www.david-coin.com\/product\/nederland-10-gulden-1996-jan-steen-proof\/#breadcrumb","itemListElement":[{"@type":"ListItem","position":1,"name":"Home","item":"https:\/\/www.david-coin.com\/"},{"@type":"ListItem","position":2,"name":"Winkel","item":"https:\/\/www.david-coin.com\/winkel\/"},{"@type":"ListItem","position":3,"name":"Nederland 10 gulden 1996 Jan Steen Proof"}]},{"@type":"WebSite","@id":"https:\/\/www.david-coin.com\/#website","url":"https:\/\/www.david-coin.com\/","name":"David Coin","description":"","publisher":{"@id":"https:\/\/www.david-coin.com\/#organization"},"potentialAction":[{"@type":"SearchAction","target":{"@type":"EntryPoint","urlTemplate":"https:\/\/www.david-coin.com\/?s={search_term_string}"},"query-input":{"@type":"PropertyValueSpecification","valueRequired":true,"valueName":"search_term_string"}}],"inLanguage":"fr-FR"},{"@type":"Organization","@id":"https:\/\/www.david-coin.com\/#organization","name":"David Coin","url":"https:\/\/www.david-coin.com\/","logo":{"@type":"ImageObject","inLanguage":"fr-FR","@id":"https:\/\/www.david-coin.com\/#\/schema\/logo\/image\/","url":"https:\/\/www.david-coin.com\/wp-content\/uploads\/2024\/04\/davidcoin-logo-final.png","contentUrl":"https:\/\/www.david-coin.com\/wp-content\/uploads\/2024\/04\/davidcoin-logo-final.png","width":800,"height":267,"caption":"David Coin"},"image":{"@id":"https:\/\/www.david-coin.com\/#\/schema\/logo\/image\/"},"sameAs":["https:\/\/www.facebook.com\/Davidcoininkoopenverkoop","https:\/\/www.youtube.com\/channel\/UC39lihLKFSPTff0w6tv0pWQ"]}]},"product_price_amount":"35.81","product_price_currency":"EUR","og_availability":"instock","product_availability":"instock","product_retailer_item_id":"15491","product_condition":"new"},"_links":{"self":[{"href":"https:\/\/www.david-coin.com\/fr\/wp-json\/wp\/v2\/product\/120347","targetHints":{"allow":["GET"]}}],"collection":[{"href":"https:\/\/www.david-coin.com\/fr\/wp-json\/wp\/v2\/product"}],"about":[{"href":"https:\/\/www.david-coin.com\/fr\/wp-json\/wp\/v2\/types\/product"}],"replies":[{"embeddable":true,"href":"https:\/\/www.david-coin.com\/fr\/wp-json\/wp\/v2\/comments?post=120347"}],"wp:featuredmedia":[{"embeddable":true,"href":"https:\/\/www.david-coin.com\/fr\/wp-json\/wp\/v2\/media\/120345"}],"wp:attachment":[{"href":"https:\/\/www.david-coin.com\/fr\/wp-json\/wp\/v2\/media?parent=120347"}],"wp:term":[{"taxonomy":"product_brand","embeddable":true,"href":"https:\/\/www.david-coin.com\/fr\/wp-json\/wp\/v2\/product_brand?post=120347"},{"taxonomy":"product_cat","embeddable":true,"href":"https:\/\/www.david-coin.com\/fr\/wp-json\/wp\/v2\/product_cat?post=120347"},{"taxonomy":"product_tag","embeddable":true,"href":"https:\/\/www.david-coin.com\/fr\/wp-json\/wp\/v2\/product_tag?post=120347"}],"curies":[{"name":"wp","href":"https:\/\/api.w.org\/{rel}","templated":true}]}}