{"id":119840,"date":"2019-12-16T16:59:46","date_gmt":"2019-12-16T16:59:46","guid":{"rendered":"https:\/\/www.david-coin.com\/product\/nederland-5-gulden-1973-vondel-ii-677\/"},"modified":"2026-05-02T12:30:10","modified_gmt":"2026-05-02T10:30:10","slug":"nederland-5-gulden-1973-vondel-ii-677","status":"publish","type":"product","link":"https:\/\/www.david-coin.com\/fr\/produit\/nederland-5-gulden-1973-vondel-ii-677\/","title":{"rendered":"Pays-Bas 5 florins 1973 Vondel II"},"content":{"rendered":"<p><span style=\"font-size: 12pt;\"><strong>Pays-Bas 5 florins 1973 Vondel II <\/strong><\/span><br \/>\n<span style=\"font-size: 12pt;\"> NVMH:24-1 <\/span><br \/>\n<span style=\"font-size: 12pt;\"> Plomp:PL23<\/span><\/p>\n<p><strong>Billet de cinq florins 1973 Vondel 2<\/strong><br \/>\nEn 1973, un nouveau dessin a \u00e9t\u00e9 n\u00e9cessaire pour le billet de 5 euros, car la variante de 1966 ne correspondait pas tout \u00e0 fait aux autres dessins tels que le billet de 10 euros de Frans Hals et le jaune de Sweelinck (25 florins). Un syst\u00e8me automatique a \u00e9galement \u00e9t\u00e9 utilis\u00e9 pour traiter les billets, mais les num\u00e9ros de s\u00e9rie de l'ancien billet de cinq cents n'ont pas pu \u00eatre lus correctement par la machine. Outre les deux billets de cinq euros, quatre autres billets font partie de l'ancienne s\u00e9rie :<br \/>\n&#8211;\t<a href=\"\/fr\/\u201dhttps:\/\/www.david-coin.com\/produit\/nederland-10-gulden-1968-frans-hals\/\u201d\/\">10 florins 1968 Frans Hals ;<\/a><br \/>\n&#8211;\t<a href=\"\/fr\/\u201dhttps:\/\/www.david-coin.com\/produit\/nederland-25-gulden-1971-sweelinck\/\u201d\/\">25 florins 1971 Sweelinck ;<\/a><br \/>\n&#8211;\t<a href=\"\/fr\/\u201dhttps:\/\/www.david-coin.com\/produit\/nederland-100-gulden-1970-michiel-de-ruyter\/\u201d\/\">100 florins 1970 Michiel de Ruyter ;<\/a><br \/>\n&#8211;\t<a href=\"\/fr\/\u201dhttps:\/\/www.david-coin.com\/produit\/nederland-1000-gulden-1972-spinoza\/\u201d\/\">1000 florins 1972 Spinoza.<\/a><br \/>\nLe cinq de 1973 a \u00e9t\u00e9 con\u00e7u par Oxenaar et faisait partie de la s\u00e9rie d'h\u00e9ritage d'Oxenaar. Elle a \u00e9t\u00e9 remplac\u00e9e par une pi\u00e8ce de m\u00eame valeur en 1988 et a \u00e9t\u00e9 retir\u00e9e de la circulation en 1995. <\/p>\n<p><span style=\"font-size: 12pt;\">Voir les scans pour plus de d\u00e9tails.<\/span><br \/>\n<span style=\"font-size: 12pt;\"> Pour toute question, n'h\u00e9sitez pas \u00e0 nous envoyer un message.<\/span><\/p>","protected":false},"excerpt":{"rendered":"<p>NVMH:24-1<\/p>","protected":false},"featured_media":109498,"comment_status":"closed","ping_status":"closed","template":"","meta":[],"product_brand":[],"product_cat":[5490,5565,5539,5472],"product_tag":[],"class_list":{"0":"post-119840","1":"product","2":"type-product","3":"status-publish","4":"has-post-thumbnail","6":"product_cat-5-gulden-biljet","7":"product_cat-cadeaus-voor-de-verzamelaar","8":"product_cat-laatste-oude-guldenbiljetten","9":"product_cat-nederlandse-bankbiljetten","10":"pa_bankbiljetwaarde-5gulden","11":"pa_delcampeid-5274","12":"pa_kwaliteit-fraai","13":"pa_land-nederland","15":"first","16":"instock","17":"taxable","18":"shipping-taxable","19":"purchasable","20":"product-type-simple"},"yoast_head":"<!-- This site is optimized with the Yoast SEO Premium plugin v27.5 (Yoast SEO v27.5) - https:\/\/yoast.com\/product\/yoast-seo-premium-wordpress\/ -->\n<title>Nederland 5 Gulden 1973 Vondel II<\/title>\n<meta name=\"description\" content=\"De laatste guldenbiljetten verkrijgbaar bij David-coin Van 5 gulden Vondel t\/m 1000 gulden Kieviet. Gratis verzending vanaf \u20ac75,- binnen NL.\" \/>\n<meta name=\"robots\" content=\"index, follow, max-snippet:-1, max-image-preview:large, max-video-preview:-1\" \/>\n<link rel=\"canonical\" href=\"https:\/\/www.david-coin.com\/fr\/produit\/nederland-5-gulden-1973-vondel-ii-677\/\" \/>\n<meta property=\"og:locale\" content=\"fr_FR\" \/>\n<meta property=\"og:type\" content=\"article\" \/>\n<meta property=\"og:title\" content=\"Nederland 5 Gulden 1973 Vondel II\" \/>\n<meta property=\"og:description\" content=\"De laatste guldenbiljetten verkrijgbaar bij David-coin Van 5 gulden Vondel t\/m 1000 gulden Kieviet. Gratis verzending vanaf \u20ac75,- binnen NL.\" \/>\n<meta property=\"og:url\" content=\"https:\/\/www.david-coin.com\/fr\/produit\/nederland-5-gulden-1973-vondel-ii-677\/\" \/>\n<meta property=\"og:site_name\" content=\"David Coin\" \/>\n<meta property=\"article:publisher\" content=\"https:\/\/www.facebook.com\/Davidcoininkoopenverkoop\" \/>\n<meta property=\"article:modified_time\" content=\"2026-05-02T10:30:10+00:00\" \/>\n<meta property=\"og:image\" content=\"https:\/\/www.david-coin.com\/wp-content\/uploads\/2019\/12\/5-Gulden-1973-Vondel-II_2068vz_.jpg\" \/>\n\t<meta property=\"og:image:width\" content=\"1600\" \/>\n\t<meta property=\"og:image:height\" content=\"915\" \/>\n\t<meta property=\"og:image:type\" content=\"image\/jpeg\" \/>\n<meta name=\"twitter:card\" content=\"summary_large_image\" \/>\n<meta name=\"twitter:label1\" content=\"Prix\" \/>\n\t<meta name=\"twitter:data1\" content=\"&euro;&nbsp;4,95\" \/>\n\t<meta name=\"twitter:label2\" content=\"Disponibilit\u00e9\" \/>\n\t<meta name=\"twitter:data2\" content=\"En stock\" \/>\n<script type=\"application\/ld+json\" class=\"yoast-schema-graph\">{\"@context\":\"https:\\\/\\\/schema.org\",\"@graph\":[{\"@type\":\"WebPage\",\"@id\":\"https:\\\/\\\/www.david-coin.com\\\/product\\\/nederland-5-gulden-1973-vondel-ii-677\\\/\",\"url\":\"https:\\\/\\\/www.david-coin.com\\\/product\\\/nederland-5-gulden-1973-vondel-ii-677\\\/\",\"name\":\"Nederland 5 Gulden 1973 Vondel II\",\"isPartOf\":{\"@id\":\"https:\\\/\\\/www.david-coin.com\\\/#website\"},\"primaryImageOfPage\":{\"@id\":\"https:\\\/\\\/www.david-coin.com\\\/product\\\/nederland-5-gulden-1973-vondel-ii-677\\\/#primaryimage\"},\"image\":{\"@id\":\"https:\\\/\\\/www.david-coin.com\\\/product\\\/nederland-5-gulden-1973-vondel-ii-677\\\/#primaryimage\"},\"thumbnailUrl\":\"https:\\\/\\\/www.david-coin.com\\\/wp-content\\\/uploads\\\/2019\\\/12\\\/5-Gulden-1973-Vondel-II_2068vz_.jpg\",\"datePublished\":\"2019-12-16T16:59:46+00:00\",\"dateModified\":\"2026-05-02T10:30:10+00:00\",\"description\":\"De laatste guldenbiljetten verkrijgbaar bij David-coin Van 5 gulden Vondel t\\\/m 1000 gulden Kieviet. Gratis verzending vanaf \u20ac75,- binnen NL.\",\"breadcrumb\":{\"@id\":\"https:\\\/\\\/www.david-coin.com\\\/product\\\/nederland-5-gulden-1973-vondel-ii-677\\\/#breadcrumb\"},\"inLanguage\":\"fr-FR\",\"potentialAction\":[{\"@type\":\"ReadAction\",\"target\":[\"https:\\\/\\\/www.david-coin.com\\\/product\\\/nederland-5-gulden-1973-vondel-ii-677\\\/\"]}]},{\"@type\":\"ImageObject\",\"inLanguage\":\"fr-FR\",\"@id\":\"https:\\\/\\\/www.david-coin.com\\\/product\\\/nederland-5-gulden-1973-vondel-ii-677\\\/#primaryimage\",\"url\":\"https:\\\/\\\/www.david-coin.com\\\/wp-content\\\/uploads\\\/2019\\\/12\\\/5-Gulden-1973-Vondel-II_2068vz_.jpg\",\"contentUrl\":\"https:\\\/\\\/www.david-coin.com\\\/wp-content\\\/uploads\\\/2019\\\/12\\\/5-Gulden-1973-Vondel-II_2068vz_.jpg\",\"width\":1600,\"height\":915,\"caption\":\"5-Gulden--1973-Vondel-II_2068vz_.jpg\"},{\"@type\":\"BreadcrumbList\",\"@id\":\"https:\\\/\\\/www.david-coin.com\\\/product\\\/nederland-5-gulden-1973-vondel-ii-677\\\/#breadcrumb\",\"itemListElement\":[{\"@type\":\"ListItem\",\"position\":1,\"name\":\"Home\",\"item\":\"https:\\\/\\\/www.david-coin.com\\\/\"},{\"@type\":\"ListItem\",\"position\":2,\"name\":\"Winkel\",\"item\":\"https:\\\/\\\/www.david-coin.com\\\/winkel\\\/\"},{\"@type\":\"ListItem\",\"position\":3,\"name\":\"Nederland 5 Gulden 1973 Vondel II\"}]},{\"@type\":\"WebSite\",\"@id\":\"https:\\\/\\\/www.david-coin.com\\\/#website\",\"url\":\"https:\\\/\\\/www.david-coin.com\\\/\",\"name\":\"David Coin\",\"description\":\"\",\"publisher\":{\"@id\":\"https:\\\/\\\/www.david-coin.com\\\/#organization\"},\"potentialAction\":[{\"@type\":\"SearchAction\",\"target\":{\"@type\":\"EntryPoint\",\"urlTemplate\":\"https:\\\/\\\/www.david-coin.com\\\/?s={search_term_string}\"},\"query-input\":{\"@type\":\"PropertyValueSpecification\",\"valueRequired\":true,\"valueName\":\"search_term_string\"}}],\"inLanguage\":\"fr-FR\"},{\"@type\":\"Organization\",\"@id\":\"https:\\\/\\\/www.david-coin.com\\\/#organization\",\"name\":\"David Coin\",\"url\":\"https:\\\/\\\/www.david-coin.com\\\/\",\"logo\":{\"@type\":\"ImageObject\",\"inLanguage\":\"fr-FR\",\"@id\":\"https:\\\/\\\/www.david-coin.com\\\/#\\\/schema\\\/logo\\\/image\\\/\",\"url\":\"https:\\\/\\\/www.david-coin.com\\\/wp-content\\\/uploads\\\/2024\\\/04\\\/davidcoin-logo-final.png\",\"contentUrl\":\"https:\\\/\\\/www.david-coin.com\\\/wp-content\\\/uploads\\\/2024\\\/04\\\/davidcoin-logo-final.png\",\"width\":800,\"height\":267,\"caption\":\"David Coin\"},\"image\":{\"@id\":\"https:\\\/\\\/www.david-coin.com\\\/#\\\/schema\\\/logo\\\/image\\\/\"},\"sameAs\":[\"https:\\\/\\\/www.facebook.com\\\/Davidcoininkoopenverkoop\",\"https:\\\/\\\/www.youtube.com\\\/channel\\\/UC39lihLKFSPTff0w6tv0pWQ\"]}]}<\/script>\n<meta property=\"product:price:amount\" content=\"4.95\" \/>\n<meta property=\"product:price:currency\" content=\"EUR\" \/>\n<meta property=\"og:availability\" content=\"instock\" \/>\n<meta property=\"product:availability\" content=\"instock\" \/>\n<meta property=\"product:retailer_item_id\" content=\"2068\" \/>\n<meta property=\"product:condition\" content=\"new\" \/>\n<!-- \/ Yoast SEO Premium plugin. -->","yoast_head_json":{"title":"Pays-Bas 5 florins 1973 Vondel II","description":"De laatste guldenbiljetten verkrijgbaar bij David-coin Van 5 gulden Vondel t\/m 1000 gulden Kieviet. Gratis verzending vanaf \u20ac75,- binnen NL.","robots":{"index":"index","follow":"follow","max-snippet":"max-snippet:-1","max-image-preview":"max-image-preview:large","max-video-preview":"max-video-preview:-1"},"canonical":"https:\/\/www.david-coin.com\/fr\/produit\/nederland-5-gulden-1973-vondel-ii-677\/","og_locale":"fr_FR","og_type":"article","og_title":"Nederland 5 Gulden 1973 Vondel II","og_description":"De laatste guldenbiljetten verkrijgbaar bij David-coin Van 5 gulden Vondel t\/m 1000 gulden Kieviet. Gratis verzending vanaf \u20ac75,- binnen NL.","og_url":"https:\/\/www.david-coin.com\/fr\/produit\/nederland-5-gulden-1973-vondel-ii-677\/","og_site_name":"David Coin","article_publisher":"https:\/\/www.facebook.com\/Davidcoininkoopenverkoop","article_modified_time":"2026-05-02T10:30:10+00:00","og_image":[{"width":1600,"height":915,"url":"https:\/\/www.david-coin.com\/wp-content\/uploads\/2019\/12\/5-Gulden-1973-Vondel-II_2068vz_.jpg","type":"image\/jpeg"}],"twitter_card":"summary_large_image","twitter_misc":{"Prix":"&euro;&nbsp;4,95","Disponibilit\u00e9":"En stock"},"schema":{"@context":"https:\/\/schema.org","@graph":[{"@type":"WebPage","@id":"https:\/\/www.david-coin.com\/product\/nederland-5-gulden-1973-vondel-ii-677\/","url":"https:\/\/www.david-coin.com\/product\/nederland-5-gulden-1973-vondel-ii-677\/","name":"Pays-Bas 5 florins 1973 Vondel II","isPartOf":{"@id":"https:\/\/www.david-coin.com\/#website"},"primaryImageOfPage":{"@id":"https:\/\/www.david-coin.com\/product\/nederland-5-gulden-1973-vondel-ii-677\/#primaryimage"},"image":{"@id":"https:\/\/www.david-coin.com\/product\/nederland-5-gulden-1973-vondel-ii-677\/#primaryimage"},"thumbnailUrl":"https:\/\/www.david-coin.com\/wp-content\/uploads\/2019\/12\/5-Gulden-1973-Vondel-II_2068vz_.jpg","datePublished":"2019-12-16T16:59:46+00:00","dateModified":"2026-05-02T10:30:10+00:00","description":"De laatste guldenbiljetten verkrijgbaar bij David-coin Van 5 gulden Vondel t\/m 1000 gulden Kieviet. Gratis verzending vanaf \u20ac75,- binnen NL.","breadcrumb":{"@id":"https:\/\/www.david-coin.com\/product\/nederland-5-gulden-1973-vondel-ii-677\/#breadcrumb"},"inLanguage":"fr-FR","potentialAction":[{"@type":"ReadAction","target":["https:\/\/www.david-coin.com\/product\/nederland-5-gulden-1973-vondel-ii-677\/"]}]},{"@type":"ImageObject","inLanguage":"fr-FR","@id":"https:\/\/www.david-coin.com\/product\/nederland-5-gulden-1973-vondel-ii-677\/#primaryimage","url":"https:\/\/www.david-coin.com\/wp-content\/uploads\/2019\/12\/5-Gulden-1973-Vondel-II_2068vz_.jpg","contentUrl":"https:\/\/www.david-coin.com\/wp-content\/uploads\/2019\/12\/5-Gulden-1973-Vondel-II_2068vz_.jpg","width":1600,"height":915,"caption":"5-Gulden--1973-Vondel-II_2068vz_.jpg"},{"@type":"BreadcrumbList","@id":"https:\/\/www.david-coin.com\/product\/nederland-5-gulden-1973-vondel-ii-677\/#breadcrumb","itemListElement":[{"@type":"ListItem","position":1,"name":"Home","item":"https:\/\/www.david-coin.com\/"},{"@type":"ListItem","position":2,"name":"Winkel","item":"https:\/\/www.david-coin.com\/winkel\/"},{"@type":"ListItem","position":3,"name":"Nederland 5 Gulden 1973 Vondel II"}]},{"@type":"WebSite","@id":"https:\/\/www.david-coin.com\/#website","url":"https:\/\/www.david-coin.com\/","name":"David Coin","description":"","publisher":{"@id":"https:\/\/www.david-coin.com\/#organization"},"potentialAction":[{"@type":"SearchAction","target":{"@type":"EntryPoint","urlTemplate":"https:\/\/www.david-coin.com\/?s={search_term_string}"},"query-input":{"@type":"PropertyValueSpecification","valueRequired":true,"valueName":"search_term_string"}}],"inLanguage":"fr-FR"},{"@type":"Organization","@id":"https:\/\/www.david-coin.com\/#organization","name":"David Coin","url":"https:\/\/www.david-coin.com\/","logo":{"@type":"ImageObject","inLanguage":"fr-FR","@id":"https:\/\/www.david-coin.com\/#\/schema\/logo\/image\/","url":"https:\/\/www.david-coin.com\/wp-content\/uploads\/2024\/04\/davidcoin-logo-final.png","contentUrl":"https:\/\/www.david-coin.com\/wp-content\/uploads\/2024\/04\/davidcoin-logo-final.png","width":800,"height":267,"caption":"David Coin"},"image":{"@id":"https:\/\/www.david-coin.com\/#\/schema\/logo\/image\/"},"sameAs":["https:\/\/www.facebook.com\/Davidcoininkoopenverkoop","https:\/\/www.youtube.com\/channel\/UC39lihLKFSPTff0w6tv0pWQ"]}]},"product_price_amount":"4.95","product_price_currency":"EUR","og_availability":"instock","product_availability":"instock","product_retailer_item_id":"2068","product_condition":"new"},"_links":{"self":[{"href":"https:\/\/www.david-coin.com\/fr\/wp-json\/wp\/v2\/product\/119840","targetHints":{"allow":["GET"]}}],"collection":[{"href":"https:\/\/www.david-coin.com\/fr\/wp-json\/wp\/v2\/product"}],"about":[{"href":"https:\/\/www.david-coin.com\/fr\/wp-json\/wp\/v2\/types\/product"}],"replies":[{"embeddable":true,"href":"https:\/\/www.david-coin.com\/fr\/wp-json\/wp\/v2\/comments?post=119840"}],"wp:featuredmedia":[{"embeddable":true,"href":"https:\/\/www.david-coin.com\/fr\/wp-json\/wp\/v2\/media\/109498"}],"wp:attachment":[{"href":"https:\/\/www.david-coin.com\/fr\/wp-json\/wp\/v2\/media?parent=119840"}],"wp:term":[{"taxonomy":"product_brand","embeddable":true,"href":"https:\/\/www.david-coin.com\/fr\/wp-json\/wp\/v2\/product_brand?post=119840"},{"taxonomy":"product_cat","embeddable":true,"href":"https:\/\/www.david-coin.com\/fr\/wp-json\/wp\/v2\/product_cat?post=119840"},{"taxonomy":"product_tag","embeddable":true,"href":"https:\/\/www.david-coin.com\/fr\/wp-json\/wp\/v2\/product_tag?post=119840"}],"curies":[{"name":"wp","href":"https:\/\/api.w.org\/{rel}","templated":true}]}}