{"id":117923,"date":"2023-03-08T11:49:28","date_gmt":"2023-03-08T11:49:28","guid":{"rendered":"https:\/\/www.david-coin.com\/product\/nederland-1-gulden-1913-wilhelmina-1\/"},"modified":"2026-03-09T12:53:00","modified_gmt":"2026-03-09T11:53:00","slug":"nederland-1-gulden-1913-wilhelmina-1","status":"publish","type":"product","link":"https:\/\/www.david-coin.com\/fr\/produit\/nederland-1-gulden-1913-wilhelmina-1\/","title":{"rendered":"Pays-Bas 1 florin 1913 Wilhelmina"},"content":{"rendered":"<p>Pays-Bas 1 florin 1913 Wilhelmina<\/p>\n<p><strong>Le florin d'argent Wilhelmina<\/strong><br \/>\nLe florin d'argent Wilhelmina a \u00e9t\u00e9 frapp\u00e9 de 1892 \u00e0 1945. Le florin d'argent comporte plusieurs portraits de Wilhelmina<br \/>\n&#8211; <a href=\"https:\/\/www.david-coin.com\/fr\/produit\/nederland-1-gulden-1892-wilhelmina-1\/\">Wilhelmina cheveux l\u00e2ch\u00e9s ;<\/a><br \/>\n&#8211; <a href=\"https:\/\/www.david-coin.com\/fr\/produit\/nederland-1-gulden-1898-wilhelmina-3\/\">Type de couronnement de Wilhelmina ;<\/a><br \/>\n&#8211; <a href=\"https:\/\/www.david-coin.com\/fr\/produit\/nederland-1-gulden-1916-wilhelmina-hermelijnen-mantel\/\">Wilhelmina avec le manteau d'hermine ;<\/a><br \/>\n&#8211; <a href=\"https:\/\/www.david-coin.com\/fr\/produit\/nederland-1-gulden-1928\/\">Wilhelmina coiff\u00e9e.<\/a><br \/>\nDe zilveren gulden van Wilhelmina werd net zoals de zilveren rijksdaalder in de tweede wereldoorlog als verzetsdaad bewerkt waardoor er een helm op het hoofd van Wilhelmina te zien is en de tekst rond het portret is veranderd naar &#8216;Wilhelmina in Londen&#8217;. De zilveren gulden is er zowel in 945\/1000 zilver (1892-1917) en van 720\/1000 zilver (1922-1945). De zilveren gulden weegt 10 gram en heeft een diameter van 28 millimeter. In de jaren 1892 tot en met 1941 werd de zilveren gulden in Utrecht geslagen, en in 1944 en 1945 werd door de omstandigheden van de oorlog de zilveren gulden in de Verenigde Staten (Philadelphia) geslagen.<\/p>\n<p>Voir les scans pour plus de d\u00e9tails.<br \/>\nPour toute question, n'h\u00e9sitez pas \u00e0 nous envoyer un message.<\/p>","protected":false},"excerpt":{"rendered":"<p>Nederland 1 gulden 1913 Wilhelmina De zilveren Wilhelminagulden De zilveren Wilhelminagulden is geslagen in de jaren 1892 tot en met 1945. De zilveren gulden kent meerdere portretten van Wilhelmina &#8211; Wilhelmina loshangend haar; &#8211; Wilhelmina kroningstype; &#8211; Wilhelmina met de hermelijnen mantel; &#8211; Wilhelmina met opgestoken haar. De zilveren gulden van Wilhelmina werd net zoals [&hellip;]<\/p>\n","protected":false},"featured_media":117921,"comment_status":"closed","ping_status":"closed","template":"","meta":[],"product_brand":[],"product_cat":[5471,5522],"product_tag":[],"class_list":{"0":"post-117923","1":"product","2":"type-product","3":"status-publish","4":"has-post-thumbnail","6":"product_cat-nederlandse-munten","7":"product_cat-wilhelmina-1890-1948","8":"pa_delcampeid-5273","9":"pa_koning-koningin-wilhelmina","10":"pa_kwaliteit-zeer-fraai-plus","11":"pa_land-nederland","12":"pa_materiaal-zilver","13":"pa_muntwaarde-1gulden","15":"first","16":"outofstock","17":"taxable","18":"shipping-taxable","19":"purchasable","20":"product-type-simple"},"yoast_head":"<!-- This site is optimized with the Yoast SEO Premium plugin v27.2 (Yoast SEO v27.4) - https:\/\/yoast.com\/product\/yoast-seo-premium-wordpress\/ -->\n<title>Nederland 1 gulden 1913 Wilhelmina<\/title>\n<meta name=\"description\" content=\"Wilhelmina munten van diverse jaren verkrijgbaar bij David-coin. Bekijk nu ons complete aanbod. Gratis verzending binnen Nederland vanaf 75 euro.\" \/>\n<meta name=\"robots\" content=\"index, follow, max-snippet:-1, max-image-preview:large, max-video-preview:-1\" \/>\n<link rel=\"canonical\" href=\"https:\/\/www.david-coin.com\/fr\/produit\/nederland-1-gulden-1913-wilhelmina-1\/\" \/>\n<meta property=\"og:locale\" content=\"fr_FR\" \/>\n<meta property=\"og:type\" content=\"article\" \/>\n<meta property=\"og:title\" content=\"Nederland 1 gulden 1913 Wilhelmina\" \/>\n<meta property=\"og:description\" content=\"Wilhelmina munten van diverse jaren verkrijgbaar bij David-coin. Bekijk nu ons complete aanbod. Gratis verzending binnen Nederland vanaf 75 euro.\" \/>\n<meta property=\"og:url\" content=\"https:\/\/www.david-coin.com\/fr\/produit\/nederland-1-gulden-1913-wilhelmina-1\/\" \/>\n<meta property=\"og:site_name\" content=\"David Coin\" \/>\n<meta property=\"article:publisher\" content=\"https:\/\/www.facebook.com\/Davidcoininkoopenverkoop\" \/>\n<meta property=\"article:modified_time\" content=\"2026-03-09T11:53:00+00:00\" \/>\n<meta property=\"og:image\" content=\"https:\/\/www.david-coin.com\/wp-content\/uploads\/2023\/03\/1GuldenWilhelmina1913-zf.vz_.jpg\" \/>\n\t<meta property=\"og:image:width\" content=\"748\" \/>\n\t<meta property=\"og:image:height\" content=\"745\" \/>\n\t<meta property=\"og:image:type\" content=\"image\/jpeg\" \/>\n<meta name=\"twitter:card\" content=\"summary_large_image\" \/>\n<meta name=\"twitter:label1\" content=\"Prix\" \/>\n\t<meta name=\"twitter:data1\" content=\"&euro;&nbsp;39,50\" \/>\n\t<meta name=\"twitter:label2\" content=\"Disponibilit\u00e9\" \/>\n\t<meta name=\"twitter:data2\" content=\"Rupture de stock\" \/>\n<script type=\"application\/ld+json\" class=\"yoast-schema-graph\">{\"@context\":\"https:\\\/\\\/schema.org\",\"@graph\":[{\"@type\":\"WebPage\",\"@id\":\"https:\\\/\\\/www.david-coin.com\\\/product\\\/nederland-1-gulden-1913-wilhelmina-1\\\/\",\"url\":\"https:\\\/\\\/www.david-coin.com\\\/product\\\/nederland-1-gulden-1913-wilhelmina-1\\\/\",\"name\":\"Nederland 1 gulden 1913 Wilhelmina\",\"isPartOf\":{\"@id\":\"https:\\\/\\\/www.david-coin.com\\\/#website\"},\"primaryImageOfPage\":{\"@id\":\"https:\\\/\\\/www.david-coin.com\\\/product\\\/nederland-1-gulden-1913-wilhelmina-1\\\/#primaryimage\"},\"image\":{\"@id\":\"https:\\\/\\\/www.david-coin.com\\\/product\\\/nederland-1-gulden-1913-wilhelmina-1\\\/#primaryimage\"},\"thumbnailUrl\":\"https:\\\/\\\/www.david-coin.com\\\/wp-content\\\/uploads\\\/2023\\\/03\\\/1GuldenWilhelmina1913-zf.vz_.jpg\",\"datePublished\":\"2023-03-08T11:49:28+00:00\",\"dateModified\":\"2026-03-09T11:53:00+00:00\",\"description\":\"Wilhelmina munten van diverse jaren verkrijgbaar bij David-coin. Bekijk nu ons complete aanbod. Gratis verzending binnen Nederland vanaf 75 euro.\",\"breadcrumb\":{\"@id\":\"https:\\\/\\\/www.david-coin.com\\\/product\\\/nederland-1-gulden-1913-wilhelmina-1\\\/#breadcrumb\"},\"inLanguage\":\"fr-FR\",\"potentialAction\":[{\"@type\":\"ReadAction\",\"target\":[\"https:\\\/\\\/www.david-coin.com\\\/product\\\/nederland-1-gulden-1913-wilhelmina-1\\\/\"]}]},{\"@type\":\"ImageObject\",\"inLanguage\":\"fr-FR\",\"@id\":\"https:\\\/\\\/www.david-coin.com\\\/product\\\/nederland-1-gulden-1913-wilhelmina-1\\\/#primaryimage\",\"url\":\"https:\\\/\\\/www.david-coin.com\\\/wp-content\\\/uploads\\\/2023\\\/03\\\/1GuldenWilhelmina1913-zf.vz_.jpg\",\"contentUrl\":\"https:\\\/\\\/www.david-coin.com\\\/wp-content\\\/uploads\\\/2023\\\/03\\\/1GuldenWilhelmina1913-zf.vz_.jpg\",\"width\":748,\"height\":745,\"caption\":\"1GuldenWilhelmina1913-zf+.vz.jpg\"},{\"@type\":\"BreadcrumbList\",\"@id\":\"https:\\\/\\\/www.david-coin.com\\\/product\\\/nederland-1-gulden-1913-wilhelmina-1\\\/#breadcrumb\",\"itemListElement\":[{\"@type\":\"ListItem\",\"position\":1,\"name\":\"Home\",\"item\":\"https:\\\/\\\/www.david-coin.com\\\/\"},{\"@type\":\"ListItem\",\"position\":2,\"name\":\"Winkel\",\"item\":\"https:\\\/\\\/www.david-coin.com\\\/winkel\\\/\"},{\"@type\":\"ListItem\",\"position\":3,\"name\":\"Nederland 1 gulden 1913 Wilhelmina\"}]},{\"@type\":\"WebSite\",\"@id\":\"https:\\\/\\\/www.david-coin.com\\\/#website\",\"url\":\"https:\\\/\\\/www.david-coin.com\\\/\",\"name\":\"David Coin\",\"description\":\"\",\"publisher\":{\"@id\":\"https:\\\/\\\/www.david-coin.com\\\/#organization\"},\"potentialAction\":[{\"@type\":\"SearchAction\",\"target\":{\"@type\":\"EntryPoint\",\"urlTemplate\":\"https:\\\/\\\/www.david-coin.com\\\/?s={search_term_string}\"},\"query-input\":{\"@type\":\"PropertyValueSpecification\",\"valueRequired\":true,\"valueName\":\"search_term_string\"}}],\"inLanguage\":\"fr-FR\"},{\"@type\":\"Organization\",\"@id\":\"https:\\\/\\\/www.david-coin.com\\\/#organization\",\"name\":\"David Coin\",\"url\":\"https:\\\/\\\/www.david-coin.com\\\/\",\"logo\":{\"@type\":\"ImageObject\",\"inLanguage\":\"fr-FR\",\"@id\":\"https:\\\/\\\/www.david-coin.com\\\/#\\\/schema\\\/logo\\\/image\\\/\",\"url\":\"https:\\\/\\\/www.david-coin.com\\\/wp-content\\\/uploads\\\/2024\\\/04\\\/davidcoin-logo-final.png\",\"contentUrl\":\"https:\\\/\\\/www.david-coin.com\\\/wp-content\\\/uploads\\\/2024\\\/04\\\/davidcoin-logo-final.png\",\"width\":800,\"height\":267,\"caption\":\"David Coin\"},\"image\":{\"@id\":\"https:\\\/\\\/www.david-coin.com\\\/#\\\/schema\\\/logo\\\/image\\\/\"},\"sameAs\":[\"https:\\\/\\\/www.facebook.com\\\/Davidcoininkoopenverkoop\",\"https:\\\/\\\/www.youtube.com\\\/channel\\\/UC39lihLKFSPTff0w6tv0pWQ\"]}]}<\/script>\n<meta property=\"product:price:amount\" content=\"39.50\" \/>\n<meta property=\"product:price:currency\" content=\"EUR\" \/>\n<meta property=\"og:availability\" content=\"out of stock\" \/>\n<meta property=\"product:availability\" content=\"out of stock\" \/>\n<meta property=\"product:retailer_item_id\" content=\"15366\" \/>\n<meta property=\"product:condition\" content=\"new\" \/>\n<!-- \/ Yoast SEO Premium plugin. -->","yoast_head_json":{"title":"Pays-Bas 1 florin 1913 Wilhelmina","description":"Wilhelmina munten van diverse jaren verkrijgbaar bij David-coin. Bekijk nu ons complete aanbod. Gratis verzending binnen Nederland vanaf 75 euro.","robots":{"index":"index","follow":"follow","max-snippet":"max-snippet:-1","max-image-preview":"max-image-preview:large","max-video-preview":"max-video-preview:-1"},"canonical":"https:\/\/www.david-coin.com\/fr\/produit\/nederland-1-gulden-1913-wilhelmina-1\/","og_locale":"fr_FR","og_type":"article","og_title":"Nederland 1 gulden 1913 Wilhelmina","og_description":"Wilhelmina munten van diverse jaren verkrijgbaar bij David-coin. Bekijk nu ons complete aanbod. Gratis verzending binnen Nederland vanaf 75 euro.","og_url":"https:\/\/www.david-coin.com\/fr\/produit\/nederland-1-gulden-1913-wilhelmina-1\/","og_site_name":"David Coin","article_publisher":"https:\/\/www.facebook.com\/Davidcoininkoopenverkoop","article_modified_time":"2026-03-09T11:53:00+00:00","og_image":[{"width":748,"height":745,"url":"https:\/\/www.david-coin.com\/wp-content\/uploads\/2023\/03\/1GuldenWilhelmina1913-zf.vz_.jpg","type":"image\/jpeg"}],"twitter_card":"summary_large_image","twitter_misc":{"Prix":"&euro;&nbsp;39,50","Disponibilit\u00e9":"Rupture de stock"},"schema":{"@context":"https:\/\/schema.org","@graph":[{"@type":"WebPage","@id":"https:\/\/www.david-coin.com\/product\/nederland-1-gulden-1913-wilhelmina-1\/","url":"https:\/\/www.david-coin.com\/product\/nederland-1-gulden-1913-wilhelmina-1\/","name":"Pays-Bas 1 florin 1913 Wilhelmina","isPartOf":{"@id":"https:\/\/www.david-coin.com\/#website"},"primaryImageOfPage":{"@id":"https:\/\/www.david-coin.com\/product\/nederland-1-gulden-1913-wilhelmina-1\/#primaryimage"},"image":{"@id":"https:\/\/www.david-coin.com\/product\/nederland-1-gulden-1913-wilhelmina-1\/#primaryimage"},"thumbnailUrl":"https:\/\/www.david-coin.com\/wp-content\/uploads\/2023\/03\/1GuldenWilhelmina1913-zf.vz_.jpg","datePublished":"2023-03-08T11:49:28+00:00","dateModified":"2026-03-09T11:53:00+00:00","description":"Wilhelmina munten van diverse jaren verkrijgbaar bij David-coin. Bekijk nu ons complete aanbod. Gratis verzending binnen Nederland vanaf 75 euro.","breadcrumb":{"@id":"https:\/\/www.david-coin.com\/product\/nederland-1-gulden-1913-wilhelmina-1\/#breadcrumb"},"inLanguage":"fr-FR","potentialAction":[{"@type":"ReadAction","target":["https:\/\/www.david-coin.com\/product\/nederland-1-gulden-1913-wilhelmina-1\/"]}]},{"@type":"ImageObject","inLanguage":"fr-FR","@id":"https:\/\/www.david-coin.com\/product\/nederland-1-gulden-1913-wilhelmina-1\/#primaryimage","url":"https:\/\/www.david-coin.com\/wp-content\/uploads\/2023\/03\/1GuldenWilhelmina1913-zf.vz_.jpg","contentUrl":"https:\/\/www.david-coin.com\/wp-content\/uploads\/2023\/03\/1GuldenWilhelmina1913-zf.vz_.jpg","width":748,"height":745,"caption":"1GuldenWilhelmina1913-zf+.vz.jpg"},{"@type":"BreadcrumbList","@id":"https:\/\/www.david-coin.com\/product\/nederland-1-gulden-1913-wilhelmina-1\/#breadcrumb","itemListElement":[{"@type":"ListItem","position":1,"name":"Home","item":"https:\/\/www.david-coin.com\/"},{"@type":"ListItem","position":2,"name":"Winkel","item":"https:\/\/www.david-coin.com\/winkel\/"},{"@type":"ListItem","position":3,"name":"Nederland 1 gulden 1913 Wilhelmina"}]},{"@type":"WebSite","@id":"https:\/\/www.david-coin.com\/#website","url":"https:\/\/www.david-coin.com\/","name":"David Coin","description":"","publisher":{"@id":"https:\/\/www.david-coin.com\/#organization"},"potentialAction":[{"@type":"SearchAction","target":{"@type":"EntryPoint","urlTemplate":"https:\/\/www.david-coin.com\/?s={search_term_string}"},"query-input":{"@type":"PropertyValueSpecification","valueRequired":true,"valueName":"search_term_string"}}],"inLanguage":"fr-FR"},{"@type":"Organization","@id":"https:\/\/www.david-coin.com\/#organization","name":"David Coin","url":"https:\/\/www.david-coin.com\/","logo":{"@type":"ImageObject","inLanguage":"fr-FR","@id":"https:\/\/www.david-coin.com\/#\/schema\/logo\/image\/","url":"https:\/\/www.david-coin.com\/wp-content\/uploads\/2024\/04\/davidcoin-logo-final.png","contentUrl":"https:\/\/www.david-coin.com\/wp-content\/uploads\/2024\/04\/davidcoin-logo-final.png","width":800,"height":267,"caption":"David Coin"},"image":{"@id":"https:\/\/www.david-coin.com\/#\/schema\/logo\/image\/"},"sameAs":["https:\/\/www.facebook.com\/Davidcoininkoopenverkoop","https:\/\/www.youtube.com\/channel\/UC39lihLKFSPTff0w6tv0pWQ"]}]},"product_price_amount":"39.50","product_price_currency":"EUR","og_availability":"out of stock","product_availability":"out of stock","product_retailer_item_id":"15366","product_condition":"new"},"_links":{"self":[{"href":"https:\/\/www.david-coin.com\/fr\/wp-json\/wp\/v2\/product\/117923","targetHints":{"allow":["GET"]}}],"collection":[{"href":"https:\/\/www.david-coin.com\/fr\/wp-json\/wp\/v2\/product"}],"about":[{"href":"https:\/\/www.david-coin.com\/fr\/wp-json\/wp\/v2\/types\/product"}],"replies":[{"embeddable":true,"href":"https:\/\/www.david-coin.com\/fr\/wp-json\/wp\/v2\/comments?post=117923"}],"wp:featuredmedia":[{"embeddable":true,"href":"https:\/\/www.david-coin.com\/fr\/wp-json\/wp\/v2\/media\/117921"}],"wp:attachment":[{"href":"https:\/\/www.david-coin.com\/fr\/wp-json\/wp\/v2\/media?parent=117923"}],"wp:term":[{"taxonomy":"product_brand","embeddable":true,"href":"https:\/\/www.david-coin.com\/fr\/wp-json\/wp\/v2\/product_brand?post=117923"},{"taxonomy":"product_cat","embeddable":true,"href":"https:\/\/www.david-coin.com\/fr\/wp-json\/wp\/v2\/product_cat?post=117923"},{"taxonomy":"product_tag","embeddable":true,"href":"https:\/\/www.david-coin.com\/fr\/wp-json\/wp\/v2\/product_tag?post=117923"}],"curies":[{"name":"wp","href":"https:\/\/api.w.org\/{rel}","templated":true}]}}