{"id":117801,"date":"2023-03-03T13:35:43","date_gmt":"2023-03-03T13:35:43","guid":{"rendered":"https:\/\/www.david-coin.com\/product\/nederland-25-gulden-1949-juliana-pmg69\/"},"modified":"2026-01-27T17:34:03","modified_gmt":"2026-01-27T16:34:03","slug":"nederland-25-gulden-1949-juliana-pmg69","status":"publish","type":"product","link":"https:\/\/www.david-coin.com\/fr\/produit\/nederland-25-gulden-1949-juliana-pmg69\/","title":{"rendered":"Nederland 2,5 Gulden 1949 Juliana PMG69"},"content":{"rendered":"<p><span style=\"font-size: 12pt;\">Nederland 2,5 Gulden 1949 Juliana PMG69<br \/>Qualit\u00e9 exceptionnelle du papier.<br \/><\/span><br \/><span style=\"font-size: 12pt;\"> NVMH:16-1b<\/span><br \/><span style=\"font-size: 12pt;\"> Plomp:PL17a<br \/>Choisir:73<br \/><\/span><\/p>\n<p>Apr\u00e8s la purge mon\u00e9taire, tous les billets avaient \u00e9t\u00e9 remplac\u00e9s par de la nouvelle monnaie, mais il n'\u00e9tait toujours pas possible de frapper de nouvelles pi\u00e8ces d'argent en raison de leur raret\u00e9. C'est pourquoi, lors de l'intronisation de <a href=\"https:\/\/www.david-coin.com\/fr\/categorie-produit\/nederlandse-munten\/juliana-1948-1980\/\">Reine Juliana<\/a>  de nouveaux billets de monnaie ont \u00e9t\u00e9 con\u00e7us pour remplacer les anciens billets \u00e0 l'effigie de Wilhelmina. Dans le cadre de cette s\u00e9rie, le billet de deux florins et demi \u00e0 l'effigie de Juliana a \u00e9galement \u00e9t\u00e9 con\u00e7u. Le dessin des nouveaux billets comporte une image de la nouvelle reine entour\u00e9e deux fois de la lettre \"J\", qui signifie Juliana. Les nouveaux billets ont \u00e9t\u00e9 sign\u00e9s par le ministre des Finances Pieter Lieftinck, qui \u00e9tait \u00e9galement responsable de la purge des liquidit\u00e9s en juillet et septembre 1945. Outre le billet de deux florins et demi, il existe \u00e9galement le billet de deux florins et demi :<br \/>\n&#8211;\t<a href=\"https:\/\/www.david-coin.com\/fr\/produit\/nederland-1-gulden-1949-juliana\/\">Billet d'un florin 1949 Juliana<\/a>.<br \/>\nLe billet de deux florins et demi \u00e0 l'effigie de Juliana a lentement disparu de la circulation au milieu des ann\u00e9es 1970. Les premiers rijksdaalders en argent avaient d\u00e9j\u00e0 \u00e9t\u00e9 mis en circulation \u00e0 la fin des ann\u00e9es 1950, mais de nombreux billets de monnaie avaient \u00e9t\u00e9 \u00e9mis entre-temps. <\/p>\n<p><span style=\"font-size: 12pt;\"> Voir les scans pour plus de d\u00e9tails. Notez que ce que vous voyez est ce que vous recevez.\u00a0<\/span><br \/><span style=\"font-size: 12pt;\"> Pour toute question, n'h\u00e9sitez pas \u00e0 nous envoyer un message.<\/span><\/p>","protected":false},"excerpt":{"rendered":"<p>NVMH:16-1b<\/p>","protected":false},"featured_media":117799,"comment_status":"closed","ping_status":"closed","template":"","meta":[],"product_brand":[],"product_cat":[5489,5472],"product_tag":[],"class_list":{"0":"post-117801","1":"product","2":"type-product","3":"status-publish","4":"has-post-thumbnail","6":"product_cat-2-5-gulden-biljet","7":"product_cat-nederlandse-bankbiljetten","8":"pa_bankbiljetwaarde-2_5gulden","9":"pa_delcampeid-5280","10":"pa_kwaliteit-unc","11":"pa_land-nederland","12":"pa_soort-pmgnotes","14":"first","15":"instock","16":"sale","17":"taxable","18":"shipping-taxable","19":"purchasable","20":"product-type-simple"},"yoast_head":"<!-- This site is optimized with the Yoast SEO Premium plugin v27.2 (Yoast SEO v27.4) - https:\/\/yoast.com\/product\/yoast-seo-premium-wordpress\/ -->\n<title>Nederland 2,5 Gulden 1949 Juliana PMG69<\/title>\n<meta name=\"description\" content=\"Nederlandse bankbiljetten in hoge kwaliteit verkrijgbaar bij David-coin. Van 1 gulden t\/m 1000 gulden. Bekijk nu ons complete aanbod.\" \/>\n<meta name=\"robots\" content=\"index, follow, max-snippet:-1, max-image-preview:large, max-video-preview:-1\" \/>\n<link rel=\"canonical\" href=\"https:\/\/www.david-coin.com\/fr\/produit\/nederland-25-gulden-1949-juliana-pmg69\/\" \/>\n<meta property=\"og:locale\" content=\"fr_FR\" \/>\n<meta property=\"og:type\" content=\"article\" \/>\n<meta property=\"og:title\" content=\"Nederland 2,5 Gulden 1949 Juliana PMG69\" \/>\n<meta property=\"og:description\" content=\"Nederlandse bankbiljetten in hoge kwaliteit verkrijgbaar bij David-coin. Van 1 gulden t\/m 1000 gulden. Bekijk nu ons complete aanbod.\" \/>\n<meta property=\"og:url\" content=\"https:\/\/www.david-coin.com\/fr\/produit\/nederland-25-gulden-1949-juliana-pmg69\/\" \/>\n<meta property=\"og:site_name\" content=\"David Coin\" \/>\n<meta property=\"article:publisher\" content=\"https:\/\/www.facebook.com\/Davidcoininkoopenverkoop\" \/>\n<meta property=\"article:modified_time\" content=\"2026-01-27T16:34:03+00:00\" \/>\n<meta property=\"og:image\" content=\"https:\/\/www.david-coin.com\/wp-content\/uploads\/2023\/03\/Nederlandmuntbiljet25gulden1949-PMG69-vz-1.jpg\" \/>\n\t<meta property=\"og:image:width\" content=\"800\" \/>\n\t<meta property=\"og:image:height\" content=\"428\" \/>\n\t<meta property=\"og:image:type\" content=\"image\/jpeg\" \/>\n<meta name=\"twitter:card\" content=\"summary_large_image\" \/>\n<meta name=\"twitter:label1\" content=\"Prix\" \/>\n\t<meta name=\"twitter:data1\" content=\"&euro;&nbsp;299,95\" \/>\n\t<meta name=\"twitter:label2\" content=\"Disponibilit\u00e9\" \/>\n\t<meta name=\"twitter:data2\" content=\"En stock\" \/>\n<script type=\"application\/ld+json\" class=\"yoast-schema-graph\">{\"@context\":\"https:\\\/\\\/schema.org\",\"@graph\":[{\"@type\":\"WebPage\",\"@id\":\"https:\\\/\\\/www.david-coin.com\\\/product\\\/nederland-25-gulden-1949-juliana-pmg69\\\/\",\"url\":\"https:\\\/\\\/www.david-coin.com\\\/product\\\/nederland-25-gulden-1949-juliana-pmg69\\\/\",\"name\":\"Nederland 2,5 Gulden 1949 Juliana PMG69\",\"isPartOf\":{\"@id\":\"https:\\\/\\\/www.david-coin.com\\\/#website\"},\"primaryImageOfPage\":{\"@id\":\"https:\\\/\\\/www.david-coin.com\\\/product\\\/nederland-25-gulden-1949-juliana-pmg69\\\/#primaryimage\"},\"image\":{\"@id\":\"https:\\\/\\\/www.david-coin.com\\\/product\\\/nederland-25-gulden-1949-juliana-pmg69\\\/#primaryimage\"},\"thumbnailUrl\":\"https:\\\/\\\/www.david-coin.com\\\/wp-content\\\/uploads\\\/2023\\\/03\\\/Nederlandmuntbiljet25gulden1949-PMG69-vz-1.jpg\",\"datePublished\":\"2023-03-03T13:35:43+00:00\",\"dateModified\":\"2026-01-27T16:34:03+00:00\",\"description\":\"Nederlandse bankbiljetten in hoge kwaliteit verkrijgbaar bij David-coin. Van 1 gulden t\\\/m 1000 gulden. Bekijk nu ons complete aanbod.\",\"breadcrumb\":{\"@id\":\"https:\\\/\\\/www.david-coin.com\\\/product\\\/nederland-25-gulden-1949-juliana-pmg69\\\/#breadcrumb\"},\"inLanguage\":\"fr-FR\",\"potentialAction\":[{\"@type\":\"ReadAction\",\"target\":[\"https:\\\/\\\/www.david-coin.com\\\/product\\\/nederland-25-gulden-1949-juliana-pmg69\\\/\"]}]},{\"@type\":\"ImageObject\",\"inLanguage\":\"fr-FR\",\"@id\":\"https:\\\/\\\/www.david-coin.com\\\/product\\\/nederland-25-gulden-1949-juliana-pmg69\\\/#primaryimage\",\"url\":\"https:\\\/\\\/www.david-coin.com\\\/wp-content\\\/uploads\\\/2023\\\/03\\\/Nederlandmuntbiljet25gulden1949-PMG69-vz-1.jpg\",\"contentUrl\":\"https:\\\/\\\/www.david-coin.com\\\/wp-content\\\/uploads\\\/2023\\\/03\\\/Nederlandmuntbiljet25gulden1949-PMG69-vz-1.jpg\",\"width\":800,\"height\":428},{\"@type\":\"BreadcrumbList\",\"@id\":\"https:\\\/\\\/www.david-coin.com\\\/product\\\/nederland-25-gulden-1949-juliana-pmg69\\\/#breadcrumb\",\"itemListElement\":[{\"@type\":\"ListItem\",\"position\":1,\"name\":\"Home\",\"item\":\"https:\\\/\\\/www.david-coin.com\\\/\"},{\"@type\":\"ListItem\",\"position\":2,\"name\":\"Winkel\",\"item\":\"https:\\\/\\\/www.david-coin.com\\\/winkel\\\/\"},{\"@type\":\"ListItem\",\"position\":3,\"name\":\"Nederland 2,5 Gulden 1949 Juliana PMG69\"}]},{\"@type\":\"WebSite\",\"@id\":\"https:\\\/\\\/www.david-coin.com\\\/#website\",\"url\":\"https:\\\/\\\/www.david-coin.com\\\/\",\"name\":\"David Coin\",\"description\":\"\",\"publisher\":{\"@id\":\"https:\\\/\\\/www.david-coin.com\\\/#organization\"},\"potentialAction\":[{\"@type\":\"SearchAction\",\"target\":{\"@type\":\"EntryPoint\",\"urlTemplate\":\"https:\\\/\\\/www.david-coin.com\\\/?s={search_term_string}\"},\"query-input\":{\"@type\":\"PropertyValueSpecification\",\"valueRequired\":true,\"valueName\":\"search_term_string\"}}],\"inLanguage\":\"fr-FR\"},{\"@type\":\"Organization\",\"@id\":\"https:\\\/\\\/www.david-coin.com\\\/#organization\",\"name\":\"David Coin\",\"url\":\"https:\\\/\\\/www.david-coin.com\\\/\",\"logo\":{\"@type\":\"ImageObject\",\"inLanguage\":\"fr-FR\",\"@id\":\"https:\\\/\\\/www.david-coin.com\\\/#\\\/schema\\\/logo\\\/image\\\/\",\"url\":\"https:\\\/\\\/www.david-coin.com\\\/wp-content\\\/uploads\\\/2024\\\/04\\\/davidcoin-logo-final.png\",\"contentUrl\":\"https:\\\/\\\/www.david-coin.com\\\/wp-content\\\/uploads\\\/2024\\\/04\\\/davidcoin-logo-final.png\",\"width\":800,\"height\":267,\"caption\":\"David Coin\"},\"image\":{\"@id\":\"https:\\\/\\\/www.david-coin.com\\\/#\\\/schema\\\/logo\\\/image\\\/\"},\"sameAs\":[\"https:\\\/\\\/www.facebook.com\\\/Davidcoininkoopenverkoop\",\"https:\\\/\\\/www.youtube.com\\\/channel\\\/UC39lihLKFSPTff0w6tv0pWQ\"]}]}<\/script>\n<meta property=\"product:price:amount\" content=\"299.95\" \/>\n<meta property=\"product:price:currency\" content=\"EUR\" \/>\n<meta property=\"og:availability\" content=\"instock\" \/>\n<meta property=\"product:availability\" content=\"instock\" \/>\n<meta property=\"product:retailer_item_id\" content=\"2598\" \/>\n<meta property=\"product:condition\" content=\"new\" \/>\n<!-- \/ Yoast SEO Premium plugin. -->","yoast_head_json":{"title":"Nederland 2,5 Gulden 1949 Juliana PMG69","description":"Nederlandse bankbiljetten in hoge kwaliteit verkrijgbaar bij David-coin. Van 1 gulden t\/m 1000 gulden. Bekijk nu ons complete aanbod.","robots":{"index":"index","follow":"follow","max-snippet":"max-snippet:-1","max-image-preview":"max-image-preview:large","max-video-preview":"max-video-preview:-1"},"canonical":"https:\/\/www.david-coin.com\/fr\/produit\/nederland-25-gulden-1949-juliana-pmg69\/","og_locale":"fr_FR","og_type":"article","og_title":"Nederland 2,5 Gulden 1949 Juliana PMG69","og_description":"Nederlandse bankbiljetten in hoge kwaliteit verkrijgbaar bij David-coin. Van 1 gulden t\/m 1000 gulden. Bekijk nu ons complete aanbod.","og_url":"https:\/\/www.david-coin.com\/fr\/produit\/nederland-25-gulden-1949-juliana-pmg69\/","og_site_name":"David Coin","article_publisher":"https:\/\/www.facebook.com\/Davidcoininkoopenverkoop","article_modified_time":"2026-01-27T16:34:03+00:00","og_image":[{"width":800,"height":428,"url":"https:\/\/www.david-coin.com\/wp-content\/uploads\/2023\/03\/Nederlandmuntbiljet25gulden1949-PMG69-vz-1.jpg","type":"image\/jpeg"}],"twitter_card":"summary_large_image","twitter_misc":{"Prix":"&euro;&nbsp;299,95","Disponibilit\u00e9":"En stock"},"schema":{"@context":"https:\/\/schema.org","@graph":[{"@type":"WebPage","@id":"https:\/\/www.david-coin.com\/product\/nederland-25-gulden-1949-juliana-pmg69\/","url":"https:\/\/www.david-coin.com\/product\/nederland-25-gulden-1949-juliana-pmg69\/","name":"Nederland 2,5 Gulden 1949 Juliana PMG69","isPartOf":{"@id":"https:\/\/www.david-coin.com\/#website"},"primaryImageOfPage":{"@id":"https:\/\/www.david-coin.com\/product\/nederland-25-gulden-1949-juliana-pmg69\/#primaryimage"},"image":{"@id":"https:\/\/www.david-coin.com\/product\/nederland-25-gulden-1949-juliana-pmg69\/#primaryimage"},"thumbnailUrl":"https:\/\/www.david-coin.com\/wp-content\/uploads\/2023\/03\/Nederlandmuntbiljet25gulden1949-PMG69-vz-1.jpg","datePublished":"2023-03-03T13:35:43+00:00","dateModified":"2026-01-27T16:34:03+00:00","description":"Nederlandse bankbiljetten in hoge kwaliteit verkrijgbaar bij David-coin. Van 1 gulden t\/m 1000 gulden. Bekijk nu ons complete aanbod.","breadcrumb":{"@id":"https:\/\/www.david-coin.com\/product\/nederland-25-gulden-1949-juliana-pmg69\/#breadcrumb"},"inLanguage":"fr-FR","potentialAction":[{"@type":"ReadAction","target":["https:\/\/www.david-coin.com\/product\/nederland-25-gulden-1949-juliana-pmg69\/"]}]},{"@type":"ImageObject","inLanguage":"fr-FR","@id":"https:\/\/www.david-coin.com\/product\/nederland-25-gulden-1949-juliana-pmg69\/#primaryimage","url":"https:\/\/www.david-coin.com\/wp-content\/uploads\/2023\/03\/Nederlandmuntbiljet25gulden1949-PMG69-vz-1.jpg","contentUrl":"https:\/\/www.david-coin.com\/wp-content\/uploads\/2023\/03\/Nederlandmuntbiljet25gulden1949-PMG69-vz-1.jpg","width":800,"height":428},{"@type":"BreadcrumbList","@id":"https:\/\/www.david-coin.com\/product\/nederland-25-gulden-1949-juliana-pmg69\/#breadcrumb","itemListElement":[{"@type":"ListItem","position":1,"name":"Home","item":"https:\/\/www.david-coin.com\/"},{"@type":"ListItem","position":2,"name":"Winkel","item":"https:\/\/www.david-coin.com\/winkel\/"},{"@type":"ListItem","position":3,"name":"Nederland 2,5 Gulden 1949 Juliana PMG69"}]},{"@type":"WebSite","@id":"https:\/\/www.david-coin.com\/#website","url":"https:\/\/www.david-coin.com\/","name":"David Coin","description":"","publisher":{"@id":"https:\/\/www.david-coin.com\/#organization"},"potentialAction":[{"@type":"SearchAction","target":{"@type":"EntryPoint","urlTemplate":"https:\/\/www.david-coin.com\/?s={search_term_string}"},"query-input":{"@type":"PropertyValueSpecification","valueRequired":true,"valueName":"search_term_string"}}],"inLanguage":"fr-FR"},{"@type":"Organization","@id":"https:\/\/www.david-coin.com\/#organization","name":"David Coin","url":"https:\/\/www.david-coin.com\/","logo":{"@type":"ImageObject","inLanguage":"fr-FR","@id":"https:\/\/www.david-coin.com\/#\/schema\/logo\/image\/","url":"https:\/\/www.david-coin.com\/wp-content\/uploads\/2024\/04\/davidcoin-logo-final.png","contentUrl":"https:\/\/www.david-coin.com\/wp-content\/uploads\/2024\/04\/davidcoin-logo-final.png","width":800,"height":267,"caption":"David Coin"},"image":{"@id":"https:\/\/www.david-coin.com\/#\/schema\/logo\/image\/"},"sameAs":["https:\/\/www.facebook.com\/Davidcoininkoopenverkoop","https:\/\/www.youtube.com\/channel\/UC39lihLKFSPTff0w6tv0pWQ"]}]},"product_price_amount":"299.95","product_price_currency":"EUR","og_availability":"instock","product_availability":"instock","product_retailer_item_id":"2598","product_condition":"new"},"_links":{"self":[{"href":"https:\/\/www.david-coin.com\/fr\/wp-json\/wp\/v2\/product\/117801","targetHints":{"allow":["GET"]}}],"collection":[{"href":"https:\/\/www.david-coin.com\/fr\/wp-json\/wp\/v2\/product"}],"about":[{"href":"https:\/\/www.david-coin.com\/fr\/wp-json\/wp\/v2\/types\/product"}],"replies":[{"embeddable":true,"href":"https:\/\/www.david-coin.com\/fr\/wp-json\/wp\/v2\/comments?post=117801"}],"wp:featuredmedia":[{"embeddable":true,"href":"https:\/\/www.david-coin.com\/fr\/wp-json\/wp\/v2\/media\/117799"}],"wp:attachment":[{"href":"https:\/\/www.david-coin.com\/fr\/wp-json\/wp\/v2\/media?parent=117801"}],"wp:term":[{"taxonomy":"product_brand","embeddable":true,"href":"https:\/\/www.david-coin.com\/fr\/wp-json\/wp\/v2\/product_brand?post=117801"},{"taxonomy":"product_cat","embeddable":true,"href":"https:\/\/www.david-coin.com\/fr\/wp-json\/wp\/v2\/product_cat?post=117801"},{"taxonomy":"product_tag","embeddable":true,"href":"https:\/\/www.david-coin.com\/fr\/wp-json\/wp\/v2\/product_tag?post=117801"}],"curies":[{"name":"wp","href":"https:\/\/api.w.org\/{rel}","templated":true}]}}