{"id":117120,"date":"2023-01-06T16:10:40","date_gmt":"2023-01-06T16:10:40","guid":{"rendered":"https:\/\/www.david-coin.com\/product\/nederland-10-gulden-1997-ijsvogel-pmg70-epq-ster\/"},"modified":"2026-01-27T17:33:23","modified_gmt":"2026-01-27T16:33:23","slug":"nederland-10-gulden-1997-ijsvogel-pmg70-epq-ster","status":"publish","type":"product","link":"https:\/\/www.david-coin.com\/fr\/produit\/nederland-10-gulden-1997-ijsvogel-pmg70-epq-ster\/","title":{"rendered":"Pays-Bas 10 florins 1997 Kingfisher PMG70 EPQ (Star)"},"content":{"rendered":"<p><span style=\"font-size: 12pt;\"><span style=\"text-decoration: underline;\"><strong>Pays-Bas 10 florins 1997 Kingfisher PMG70 EPQ (Star)<\/strong><\/span><br \/>\nQualit\u00e9 exceptionnelle du papier. Seventy Gem Unc. La meilleure qualit\u00e9 possible avec le num\u00e9ro 70 et l'\u00e9toile.<br \/>\nTr\u00e8s rare dans cette qualit\u00e9.\u00a0<\/span><br \/>\n<span style=\"font-size: 12pt;\"> NVMH : 50-1 <\/span><br \/>\n<span style=\"font-size: 12pt;\"> Plump : PL48 <\/span><br \/>\n<span style=\"font-size: 12pt;\"> Choix : 99<\/span><\/p>\n<p><strong>Dix florins 1997 Kingfisher<\/strong><br \/>\nLe martin-p\u00eacheur de dix florins a \u00e9t\u00e9 mis en circulation en tant que dernier billet de banque n\u00e9erlandais en 1997. Dessin\u00e9 par Jaap Drupsteen, le billet de dix florins comporte de nombreuses formes graphiques modernistes. \u00c0 c\u00f4t\u00e9 du filigrane, une forme bleue\/violette brille lorsqu'on l'\u00e9claire, et plusieurs paillettes brillantes apparaissent au verso. Le terme \" martin-p\u00eacheur \" provient du martin-p\u00eacheur figurant dans le filigrane du billet. Le billet de dix fait partie de la derni\u00e8re s\u00e9rie de billets de florins n\u00e9erlandais, outre le martin-p\u00eacheur, il y a aussi le :<br \/>\n&#8211;\t<a href=\"\/fr\/\u201d\/\" https:>Vingt-cinq florins 1989 Robins ;<\/a><br \/>\n&#8211;\t<a href=\"\/fr\/\u201d\/\" https:>Cent florins 1992 Chouette de pierre ;<\/a><br \/>\n&#8211;\t<a href=\"\/fr\/\u201d\/\" https:>Mille florins 1994 Kieviet.<\/a><br \/>\nPar ailleurs, le dix avec le martin-p\u00eacheur est le seul billet n\u00e9erlandais qui contient l'abr\u00e9viation (ISO-CODE) du florin n\u00e9erlandais, \u00e0 savoir \" NLG \". Le dix avec le martin-p\u00eacheur a finalement \u00e9t\u00e9 retir\u00e9 de la circulation en 2002 avec l'introduction de l'euro. <\/p>\n<p><span style=\"font-size: 12pt;\"> Voir les scans pour plus de d\u00e9tails. <\/span><br \/>\n<span style=\"font-size: 12pt;\"> Pour toute question, n'h\u00e9sitez pas \u00e0 nous envoyer un message.<\/span><\/p>","protected":false},"excerpt":{"rendered":"<p>NVMH : 50-1<\/p>","protected":false},"featured_media":117117,"comment_status":"closed","ping_status":"closed","template":"","meta":[],"product_brand":[],"product_cat":[5491,5517,5472,5627],"product_tag":[],"class_list":{"0":"post-117120","1":"product","2":"type-product","3":"status-publish","4":"has-post-thumbnail","6":"product_cat-10-gulden-biljet","7":"product_cat-aanbiedingen-munten-bankbiljetten","8":"product_cat-nederlandse-bankbiljetten","9":"product_cat-topstukken","10":"pa_bankbiljetwaarde-10gulden","11":"pa_delcampeid-5278","12":"pa_kwaliteit-unc","13":"pa_land-nederland","14":"pa_soort-pmgnotes","16":"first","17":"instock","18":"sale","19":"taxable","20":"shipping-taxable","21":"purchasable","22":"product-type-simple"},"yoast_head":"<!-- This site is optimized with the Yoast SEO Premium plugin v27.2 (Yoast SEO v27.5) - https:\/\/yoast.com\/product\/yoast-seo-premium-wordpress\/ -->\n<title>Nederland 10 Gulden 1997 Ijsvogel PMG70 EPQ (Ster)<\/title>\n<meta name=\"description\" content=\"Ruim aanbod Nederlandse Bankbiljetten verkrijgbaar bij David-coin. Bekijk nu ons complete aanbod. Gratis verzending binnen Nederland vanaf 75 euro.\" \/>\n<meta name=\"robots\" content=\"index, follow, max-snippet:-1, max-image-preview:large, max-video-preview:-1\" \/>\n<link rel=\"canonical\" href=\"https:\/\/www.david-coin.com\/fr\/produit\/nederland-10-gulden-1997-ijsvogel-pmg70-epq-ster\/\" \/>\n<meta property=\"og:locale\" content=\"fr_FR\" \/>\n<meta property=\"og:type\" content=\"article\" \/>\n<meta property=\"og:title\" content=\"Nederland 10 Gulden 1997 Ijsvogel PMG70 EPQ (Ster)\" \/>\n<meta property=\"og:description\" content=\"Ruim aanbod Nederlandse Bankbiljetten verkrijgbaar bij David-coin. Bekijk nu ons complete aanbod. Gratis verzending binnen Nederland vanaf 75 euro.\" \/>\n<meta property=\"og:url\" content=\"https:\/\/www.david-coin.com\/fr\/produit\/nederland-10-gulden-1997-ijsvogel-pmg70-epq-ster\/\" \/>\n<meta property=\"og:site_name\" content=\"David Coin\" \/>\n<meta property=\"article:publisher\" content=\"https:\/\/www.facebook.com\/Davidcoininkoopenverkoop\" \/>\n<meta property=\"article:modified_time\" content=\"2026-01-27T16:33:23+00:00\" \/>\n<meta property=\"og:image\" content=\"https:\/\/www.david-coin.com\/wp-content\/uploads\/2023\/01\/10gulden1997ijsvogelPMG70Star-vz.jpg\" \/>\n\t<meta property=\"og:image:width\" content=\"800\" \/>\n\t<meta property=\"og:image:height\" content=\"517\" \/>\n\t<meta property=\"og:image:type\" content=\"image\/jpeg\" \/>\n<meta name=\"twitter:card\" content=\"summary_large_image\" \/>\n<meta name=\"twitter:label1\" content=\"Prix\" \/>\n\t<meta name=\"twitter:data1\" content=\"&euro;&nbsp;695,00\" \/>\n\t<meta name=\"twitter:label2\" content=\"Disponibilit\u00e9\" \/>\n\t<meta name=\"twitter:data2\" content=\"En stock\" \/>\n<script type=\"application\/ld+json\" class=\"yoast-schema-graph\">{\"@context\":\"https:\\\/\\\/schema.org\",\"@graph\":[{\"@type\":\"WebPage\",\"@id\":\"https:\\\/\\\/www.david-coin.com\\\/product\\\/nederland-10-gulden-1997-ijsvogel-pmg70-epq-ster\\\/\",\"url\":\"https:\\\/\\\/www.david-coin.com\\\/product\\\/nederland-10-gulden-1997-ijsvogel-pmg70-epq-ster\\\/\",\"name\":\"Nederland 10 Gulden 1997 Ijsvogel PMG70 EPQ (Ster)\",\"isPartOf\":{\"@id\":\"https:\\\/\\\/www.david-coin.com\\\/#website\"},\"primaryImageOfPage\":{\"@id\":\"https:\\\/\\\/www.david-coin.com\\\/product\\\/nederland-10-gulden-1997-ijsvogel-pmg70-epq-ster\\\/#primaryimage\"},\"image\":{\"@id\":\"https:\\\/\\\/www.david-coin.com\\\/product\\\/nederland-10-gulden-1997-ijsvogel-pmg70-epq-ster\\\/#primaryimage\"},\"thumbnailUrl\":\"https:\\\/\\\/www.david-coin.com\\\/wp-content\\\/uploads\\\/2023\\\/01\\\/10gulden1997ijsvogelPMG70Star-vz.jpg\",\"datePublished\":\"2023-01-06T16:10:40+00:00\",\"dateModified\":\"2026-01-27T16:33:23+00:00\",\"description\":\"Ruim aanbod Nederlandse Bankbiljetten verkrijgbaar bij David-coin. Bekijk nu ons complete aanbod. Gratis verzending binnen Nederland vanaf 75 euro.\",\"breadcrumb\":{\"@id\":\"https:\\\/\\\/www.david-coin.com\\\/product\\\/nederland-10-gulden-1997-ijsvogel-pmg70-epq-ster\\\/#breadcrumb\"},\"inLanguage\":\"fr-FR\",\"potentialAction\":[{\"@type\":\"ReadAction\",\"target\":[\"https:\\\/\\\/www.david-coin.com\\\/product\\\/nederland-10-gulden-1997-ijsvogel-pmg70-epq-ster\\\/\"]}]},{\"@type\":\"ImageObject\",\"inLanguage\":\"fr-FR\",\"@id\":\"https:\\\/\\\/www.david-coin.com\\\/product\\\/nederland-10-gulden-1997-ijsvogel-pmg70-epq-ster\\\/#primaryimage\",\"url\":\"https:\\\/\\\/www.david-coin.com\\\/wp-content\\\/uploads\\\/2023\\\/01\\\/10gulden1997ijsvogelPMG70Star-vz.jpg\",\"contentUrl\":\"https:\\\/\\\/www.david-coin.com\\\/wp-content\\\/uploads\\\/2023\\\/01\\\/10gulden1997ijsvogelPMG70Star-vz.jpg\",\"width\":800,\"height\":517},{\"@type\":\"BreadcrumbList\",\"@id\":\"https:\\\/\\\/www.david-coin.com\\\/product\\\/nederland-10-gulden-1997-ijsvogel-pmg70-epq-ster\\\/#breadcrumb\",\"itemListElement\":[{\"@type\":\"ListItem\",\"position\":1,\"name\":\"Home\",\"item\":\"https:\\\/\\\/www.david-coin.com\\\/\"},{\"@type\":\"ListItem\",\"position\":2,\"name\":\"Winkel\",\"item\":\"https:\\\/\\\/www.david-coin.com\\\/winkel\\\/\"},{\"@type\":\"ListItem\",\"position\":3,\"name\":\"Nederland 10 Gulden 1997 Ijsvogel PMG70 EPQ (Ster)\"}]},{\"@type\":\"WebSite\",\"@id\":\"https:\\\/\\\/www.david-coin.com\\\/#website\",\"url\":\"https:\\\/\\\/www.david-coin.com\\\/\",\"name\":\"David Coin\",\"description\":\"\",\"publisher\":{\"@id\":\"https:\\\/\\\/www.david-coin.com\\\/#organization\"},\"potentialAction\":[{\"@type\":\"SearchAction\",\"target\":{\"@type\":\"EntryPoint\",\"urlTemplate\":\"https:\\\/\\\/www.david-coin.com\\\/?s={search_term_string}\"},\"query-input\":{\"@type\":\"PropertyValueSpecification\",\"valueRequired\":true,\"valueName\":\"search_term_string\"}}],\"inLanguage\":\"fr-FR\"},{\"@type\":\"Organization\",\"@id\":\"https:\\\/\\\/www.david-coin.com\\\/#organization\",\"name\":\"David Coin\",\"url\":\"https:\\\/\\\/www.david-coin.com\\\/\",\"logo\":{\"@type\":\"ImageObject\",\"inLanguage\":\"fr-FR\",\"@id\":\"https:\\\/\\\/www.david-coin.com\\\/#\\\/schema\\\/logo\\\/image\\\/\",\"url\":\"https:\\\/\\\/www.david-coin.com\\\/wp-content\\\/uploads\\\/2024\\\/04\\\/davidcoin-logo-final.png\",\"contentUrl\":\"https:\\\/\\\/www.david-coin.com\\\/wp-content\\\/uploads\\\/2024\\\/04\\\/davidcoin-logo-final.png\",\"width\":800,\"height\":267,\"caption\":\"David Coin\"},\"image\":{\"@id\":\"https:\\\/\\\/www.david-coin.com\\\/#\\\/schema\\\/logo\\\/image\\\/\"},\"sameAs\":[\"https:\\\/\\\/www.facebook.com\\\/Davidcoininkoopenverkoop\",\"https:\\\/\\\/www.youtube.com\\\/channel\\\/UC39lihLKFSPTff0w6tv0pWQ\"]}]}<\/script>\n<meta property=\"product:price:amount\" content=\"695.00\" \/>\n<meta property=\"product:price:currency\" content=\"EUR\" \/>\n<meta property=\"og:availability\" content=\"instock\" \/>\n<meta property=\"product:availability\" content=\"instock\" \/>\n<meta property=\"product:retailer_item_id\" content=\"2594\" \/>\n<meta property=\"product:condition\" content=\"new\" \/>\n<!-- \/ Yoast SEO Premium plugin. -->","yoast_head_json":{"title":"Pays-Bas 10 florins 1997 Kingfisher PMG70 EPQ (Star)","description":"Ruim aanbod Nederlandse Bankbiljetten verkrijgbaar bij David-coin. Bekijk nu ons complete aanbod. Gratis verzending binnen Nederland vanaf 75 euro.","robots":{"index":"index","follow":"follow","max-snippet":"max-snippet:-1","max-image-preview":"max-image-preview:large","max-video-preview":"max-video-preview:-1"},"canonical":"https:\/\/www.david-coin.com\/fr\/produit\/nederland-10-gulden-1997-ijsvogel-pmg70-epq-ster\/","og_locale":"fr_FR","og_type":"article","og_title":"Nederland 10 Gulden 1997 Ijsvogel PMG70 EPQ (Ster)","og_description":"Ruim aanbod Nederlandse Bankbiljetten verkrijgbaar bij David-coin. Bekijk nu ons complete aanbod. Gratis verzending binnen Nederland vanaf 75 euro.","og_url":"https:\/\/www.david-coin.com\/fr\/produit\/nederland-10-gulden-1997-ijsvogel-pmg70-epq-ster\/","og_site_name":"David Coin","article_publisher":"https:\/\/www.facebook.com\/Davidcoininkoopenverkoop","article_modified_time":"2026-01-27T16:33:23+00:00","og_image":[{"width":800,"height":517,"url":"https:\/\/www.david-coin.com\/wp-content\/uploads\/2023\/01\/10gulden1997ijsvogelPMG70Star-vz.jpg","type":"image\/jpeg"}],"twitter_card":"summary_large_image","twitter_misc":{"Prix":"&euro;&nbsp;695,00","Disponibilit\u00e9":"En stock"},"schema":{"@context":"https:\/\/schema.org","@graph":[{"@type":"WebPage","@id":"https:\/\/www.david-coin.com\/product\/nederland-10-gulden-1997-ijsvogel-pmg70-epq-ster\/","url":"https:\/\/www.david-coin.com\/product\/nederland-10-gulden-1997-ijsvogel-pmg70-epq-ster\/","name":"Pays-Bas 10 florins 1997 Kingfisher PMG70 EPQ (Star)","isPartOf":{"@id":"https:\/\/www.david-coin.com\/#website"},"primaryImageOfPage":{"@id":"https:\/\/www.david-coin.com\/product\/nederland-10-gulden-1997-ijsvogel-pmg70-epq-ster\/#primaryimage"},"image":{"@id":"https:\/\/www.david-coin.com\/product\/nederland-10-gulden-1997-ijsvogel-pmg70-epq-ster\/#primaryimage"},"thumbnailUrl":"https:\/\/www.david-coin.com\/wp-content\/uploads\/2023\/01\/10gulden1997ijsvogelPMG70Star-vz.jpg","datePublished":"2023-01-06T16:10:40+00:00","dateModified":"2026-01-27T16:33:23+00:00","description":"Ruim aanbod Nederlandse Bankbiljetten verkrijgbaar bij David-coin. Bekijk nu ons complete aanbod. Gratis verzending binnen Nederland vanaf 75 euro.","breadcrumb":{"@id":"https:\/\/www.david-coin.com\/product\/nederland-10-gulden-1997-ijsvogel-pmg70-epq-ster\/#breadcrumb"},"inLanguage":"fr-FR","potentialAction":[{"@type":"ReadAction","target":["https:\/\/www.david-coin.com\/product\/nederland-10-gulden-1997-ijsvogel-pmg70-epq-ster\/"]}]},{"@type":"ImageObject","inLanguage":"fr-FR","@id":"https:\/\/www.david-coin.com\/product\/nederland-10-gulden-1997-ijsvogel-pmg70-epq-ster\/#primaryimage","url":"https:\/\/www.david-coin.com\/wp-content\/uploads\/2023\/01\/10gulden1997ijsvogelPMG70Star-vz.jpg","contentUrl":"https:\/\/www.david-coin.com\/wp-content\/uploads\/2023\/01\/10gulden1997ijsvogelPMG70Star-vz.jpg","width":800,"height":517},{"@type":"BreadcrumbList","@id":"https:\/\/www.david-coin.com\/product\/nederland-10-gulden-1997-ijsvogel-pmg70-epq-ster\/#breadcrumb","itemListElement":[{"@type":"ListItem","position":1,"name":"Home","item":"https:\/\/www.david-coin.com\/"},{"@type":"ListItem","position":2,"name":"Winkel","item":"https:\/\/www.david-coin.com\/winkel\/"},{"@type":"ListItem","position":3,"name":"Nederland 10 Gulden 1997 Ijsvogel PMG70 EPQ (Ster)"}]},{"@type":"WebSite","@id":"https:\/\/www.david-coin.com\/#website","url":"https:\/\/www.david-coin.com\/","name":"David Coin","description":"","publisher":{"@id":"https:\/\/www.david-coin.com\/#organization"},"potentialAction":[{"@type":"SearchAction","target":{"@type":"EntryPoint","urlTemplate":"https:\/\/www.david-coin.com\/?s={search_term_string}"},"query-input":{"@type":"PropertyValueSpecification","valueRequired":true,"valueName":"search_term_string"}}],"inLanguage":"fr-FR"},{"@type":"Organization","@id":"https:\/\/www.david-coin.com\/#organization","name":"David Coin","url":"https:\/\/www.david-coin.com\/","logo":{"@type":"ImageObject","inLanguage":"fr-FR","@id":"https:\/\/www.david-coin.com\/#\/schema\/logo\/image\/","url":"https:\/\/www.david-coin.com\/wp-content\/uploads\/2024\/04\/davidcoin-logo-final.png","contentUrl":"https:\/\/www.david-coin.com\/wp-content\/uploads\/2024\/04\/davidcoin-logo-final.png","width":800,"height":267,"caption":"David Coin"},"image":{"@id":"https:\/\/www.david-coin.com\/#\/schema\/logo\/image\/"},"sameAs":["https:\/\/www.facebook.com\/Davidcoininkoopenverkoop","https:\/\/www.youtube.com\/channel\/UC39lihLKFSPTff0w6tv0pWQ"]}]},"product_price_amount":"695.00","product_price_currency":"EUR","og_availability":"instock","product_availability":"instock","product_retailer_item_id":"2594","product_condition":"new"},"_links":{"self":[{"href":"https:\/\/www.david-coin.com\/fr\/wp-json\/wp\/v2\/product\/117120","targetHints":{"allow":["GET"]}}],"collection":[{"href":"https:\/\/www.david-coin.com\/fr\/wp-json\/wp\/v2\/product"}],"about":[{"href":"https:\/\/www.david-coin.com\/fr\/wp-json\/wp\/v2\/types\/product"}],"replies":[{"embeddable":true,"href":"https:\/\/www.david-coin.com\/fr\/wp-json\/wp\/v2\/comments?post=117120"}],"wp:featuredmedia":[{"embeddable":true,"href":"https:\/\/www.david-coin.com\/fr\/wp-json\/wp\/v2\/media\/117117"}],"wp:attachment":[{"href":"https:\/\/www.david-coin.com\/fr\/wp-json\/wp\/v2\/media?parent=117120"}],"wp:term":[{"taxonomy":"product_brand","embeddable":true,"href":"https:\/\/www.david-coin.com\/fr\/wp-json\/wp\/v2\/product_brand?post=117120"},{"taxonomy":"product_cat","embeddable":true,"href":"https:\/\/www.david-coin.com\/fr\/wp-json\/wp\/v2\/product_cat?post=117120"},{"taxonomy":"product_tag","embeddable":true,"href":"https:\/\/www.david-coin.com\/fr\/wp-json\/wp\/v2\/product_tag?post=117120"}],"curies":[{"name":"wp","href":"https:\/\/api.w.org\/{rel}","templated":true}]}}