{"id":117004,"date":"2022-12-22T17:38:17","date_gmt":"2022-12-22T17:38:17","guid":{"rendered":"https:\/\/www.david-coin.com\/product\/nederland-25-gulden-1971-sweelinck-unc-1\/"},"modified":"2026-01-27T17:37:48","modified_gmt":"2026-01-27T16:37:48","slug":"nederland-25-gulden-1971-sweelinck-unc-1","status":"publish","type":"product","link":"https:\/\/www.david-coin.com\/fr\/produit\/nederland-25-gulden-1971-sweelinck-unc-1\/","title":{"rendered":"Pays-Bas 25 Guilder 1971 Sweelinck UNC- (11 marques)"},"content":{"rendered":"<p><span style=\"font-size: 12pt;\">Nederland 25 Gulden 1971 Sweelinck UNC-<\/span><br \/><span style=\"font-size: 12pt;\"> NVMH : 84-2<\/span><br \/><span style=\"font-size: 12pt;\"> Plomp : PL70-f<\/span><\/p>\n<p><strong>Vingt-cinq florins 1971 Sweelinck<\/strong><br \/>\nLe billet de vingt-cinq florins, introduit en 1971, est \u00e0 l'effigie du compositeur Jan Pieterszoon Sweelinck. Il a succ\u00e9d\u00e9 \u00e0 son pr\u00e9d\u00e9cesseur \u00e0 l'effigie de Christiaan Huygens, qui datait des ann\u00e9es 1950. Le billet de vingt-cinq florins \u00e0 l'effigie de Sweelinck pr\u00e9sente des motifs guilloch\u00e9s color\u00e9s au recto et au verso et est donc tr\u00e8s appr\u00e9ci\u00e9 des collectionneurs de billets. Le billet de vingt-cinq florins avec Sweelinck fait partie de la s\u00e9rie \" heirloom \" d'Oxenaar, qui comprend, outre le jaune, les billets de vingt-cinq florins avec Sweelinck :<br \/>\n&#8211;\t<a href=\"\/fr\/\u201dhttps:\/\/www.david-coin.com\/produit\/nederland-5-gulden-1966-vondel-i\/\u201d\/\">5 florins 1966 Vondel ;<\/a><br \/>\n&#8211;\t<a href=\"\/fr\/\u201dhttps:\/\/www.david-coin.com\/produit\/nederland-5-gulden-1973-vondel-pmg65-epq\/\u201d\/\">5 florins 1973 Vondel ;<\/a><br \/>\n&#8211;\t<a href=\"\/fr\/\u201dhttps:\/\/www.david-coin.com\/produit\/nederland-100-gulden-1970-michiel-de-ruyter\/\u201d\/\">100 florins 1970 Michiel de Ruyter ;<\/a><br \/>\n&#8211;\t<a href=\"\/fr\/\u201dhttps:\/\/www.david-coin.com\/produit\/nederland-1000-gulden-1972-spinoza\/\u201d\/\">1000 florins 1972 Spinoza.<\/a><br \/>\nLe billet de vingt-cinq florins Sweelinck a \u00e9t\u00e9 retir\u00e9 de la circulation en 1995. Il a \u00e9t\u00e9 remplac\u00e9 par le billet de vingt-cinq florins qui avait d\u00e9j\u00e0 \u00e9t\u00e9 mis en circulation en 1990. <\/p>\n<p><span style=\"font-size: 12pt;\">Voir les scans pour plus de d\u00e9tails. Photo Vb.\u00a0<\/span><br \/><span style=\"font-size: 12pt;\"> Pour toute question, n'h\u00e9sitez pas \u00e0 nous envoyer un message.<\/span><\/p>","protected":false},"excerpt":{"rendered":"<p>NVMH:84-2<\/p>","protected":false},"featured_media":117002,"comment_status":"closed","ping_status":"closed","template":"","meta":[],"product_brand":[],"product_cat":[5493,5472],"product_tag":[],"class_list":{"0":"post-117004","1":"product","2":"type-product","3":"status-publish","4":"has-post-thumbnail","6":"product_cat-25-gulden-biljet","7":"product_cat-nederlandse-bankbiljetten","8":"pa_bankbiljetwaarde-25gulden","9":"pa_delcampeid-5281","10":"pa_kwaliteit-unc-min","11":"pa_land-nederland","13":"first","14":"instock","15":"taxable","16":"shipping-taxable","17":"purchasable","18":"product-type-simple"},"yoast_head":"<!-- This site is optimized with the Yoast SEO Premium plugin v27.2 (Yoast SEO v27.4) - https:\/\/yoast.com\/product\/yoast-seo-premium-wordpress\/ -->\n<title>Nederland 25 Gulden 1971 Sweelinck UNC-<\/title>\n<meta name=\"description\" content=\"Nederlandse Bankbiljetten met vele varianten beschikbaar bij David-coin Bekijk ons complete aanbod.\" \/>\n<meta name=\"robots\" content=\"index, follow, max-snippet:-1, max-image-preview:large, max-video-preview:-1\" \/>\n<link rel=\"canonical\" href=\"https:\/\/www.david-coin.com\/fr\/produit\/nederland-25-gulden-1971-sweelinck-unc-1\/\" \/>\n<meta property=\"og:locale\" content=\"fr_FR\" \/>\n<meta property=\"og:type\" content=\"article\" \/>\n<meta property=\"og:title\" content=\"Nederland 25 Gulden 1971 Sweelinck UNC- (11 cijfers)\" \/>\n<meta property=\"og:description\" content=\"Nederlandse Bankbiljetten met vele varianten beschikbaar bij David-coin Bekijk ons complete aanbod.\" \/>\n<meta property=\"og:url\" content=\"https:\/\/www.david-coin.com\/fr\/produit\/nederland-25-gulden-1971-sweelinck-unc-1\/\" \/>\n<meta property=\"og:site_name\" content=\"David Coin\" \/>\n<meta property=\"article:publisher\" content=\"https:\/\/www.facebook.com\/Davidcoininkoopenverkoop\" \/>\n<meta property=\"article:modified_time\" content=\"2026-01-27T16:37:48+00:00\" \/>\n<meta property=\"og:image\" content=\"https:\/\/www.david-coin.com\/wp-content\/uploads\/2022\/12\/25guldensweelinck-vz-unc-11cijfers.jpg\" \/>\n\t<meta property=\"og:image:width\" content=\"800\" \/>\n\t<meta property=\"og:image:height\" content=\"434\" \/>\n\t<meta property=\"og:image:type\" content=\"image\/jpeg\" \/>\n<meta name=\"twitter:card\" content=\"summary_large_image\" \/>\n<meta name=\"twitter:label1\" content=\"Prix\" \/>\n\t<meta name=\"twitter:data1\" content=\"&euro;&nbsp;59,95\" \/>\n\t<meta name=\"twitter:label2\" content=\"Disponibilit\u00e9\" \/>\n\t<meta name=\"twitter:data2\" content=\"En stock\" \/>\n<script type=\"application\/ld+json\" class=\"yoast-schema-graph\">{\"@context\":\"https:\\\/\\\/schema.org\",\"@graph\":[{\"@type\":\"WebPage\",\"@id\":\"https:\\\/\\\/www.david-coin.com\\\/product\\\/nederland-25-gulden-1971-sweelinck-unc-1\\\/\",\"url\":\"https:\\\/\\\/www.david-coin.com\\\/product\\\/nederland-25-gulden-1971-sweelinck-unc-1\\\/\",\"name\":\"Nederland 25 Gulden 1971 Sweelinck UNC-\",\"isPartOf\":{\"@id\":\"https:\\\/\\\/www.david-coin.com\\\/#website\"},\"primaryImageOfPage\":{\"@id\":\"https:\\\/\\\/www.david-coin.com\\\/product\\\/nederland-25-gulden-1971-sweelinck-unc-1\\\/#primaryimage\"},\"image\":{\"@id\":\"https:\\\/\\\/www.david-coin.com\\\/product\\\/nederland-25-gulden-1971-sweelinck-unc-1\\\/#primaryimage\"},\"thumbnailUrl\":\"https:\\\/\\\/www.david-coin.com\\\/wp-content\\\/uploads\\\/2022\\\/12\\\/25guldensweelinck-vz-unc-11cijfers.jpg\",\"datePublished\":\"2022-12-22T17:38:17+00:00\",\"dateModified\":\"2026-01-27T16:37:48+00:00\",\"description\":\"Nederlandse Bankbiljetten met vele varianten beschikbaar bij David-coin Bekijk ons complete aanbod.\",\"breadcrumb\":{\"@id\":\"https:\\\/\\\/www.david-coin.com\\\/product\\\/nederland-25-gulden-1971-sweelinck-unc-1\\\/#breadcrumb\"},\"inLanguage\":\"fr-FR\",\"potentialAction\":[{\"@type\":\"ReadAction\",\"target\":[\"https:\\\/\\\/www.david-coin.com\\\/product\\\/nederland-25-gulden-1971-sweelinck-unc-1\\\/\"]}]},{\"@type\":\"ImageObject\",\"inLanguage\":\"fr-FR\",\"@id\":\"https:\\\/\\\/www.david-coin.com\\\/product\\\/nederland-25-gulden-1971-sweelinck-unc-1\\\/#primaryimage\",\"url\":\"https:\\\/\\\/www.david-coin.com\\\/wp-content\\\/uploads\\\/2022\\\/12\\\/25guldensweelinck-vz-unc-11cijfers.jpg\",\"contentUrl\":\"https:\\\/\\\/www.david-coin.com\\\/wp-content\\\/uploads\\\/2022\\\/12\\\/25guldensweelinck-vz-unc-11cijfers.jpg\",\"width\":800,\"height\":434,\"caption\":\"Sweelinck 25 guldenbiljet\"},{\"@type\":\"BreadcrumbList\",\"@id\":\"https:\\\/\\\/www.david-coin.com\\\/product\\\/nederland-25-gulden-1971-sweelinck-unc-1\\\/#breadcrumb\",\"itemListElement\":[{\"@type\":\"ListItem\",\"position\":1,\"name\":\"Home\",\"item\":\"https:\\\/\\\/www.david-coin.com\\\/\"},{\"@type\":\"ListItem\",\"position\":2,\"name\":\"Winkel\",\"item\":\"https:\\\/\\\/www.david-coin.com\\\/winkel\\\/\"},{\"@type\":\"ListItem\",\"position\":3,\"name\":\"Nederland 25 Gulden 1971 Sweelinck UNC- (11 cijfers)\"}]},{\"@type\":\"WebSite\",\"@id\":\"https:\\\/\\\/www.david-coin.com\\\/#website\",\"url\":\"https:\\\/\\\/www.david-coin.com\\\/\",\"name\":\"David Coin\",\"description\":\"\",\"publisher\":{\"@id\":\"https:\\\/\\\/www.david-coin.com\\\/#organization\"},\"potentialAction\":[{\"@type\":\"SearchAction\",\"target\":{\"@type\":\"EntryPoint\",\"urlTemplate\":\"https:\\\/\\\/www.david-coin.com\\\/?s={search_term_string}\"},\"query-input\":{\"@type\":\"PropertyValueSpecification\",\"valueRequired\":true,\"valueName\":\"search_term_string\"}}],\"inLanguage\":\"fr-FR\"},{\"@type\":\"Organization\",\"@id\":\"https:\\\/\\\/www.david-coin.com\\\/#organization\",\"name\":\"David Coin\",\"url\":\"https:\\\/\\\/www.david-coin.com\\\/\",\"logo\":{\"@type\":\"ImageObject\",\"inLanguage\":\"fr-FR\",\"@id\":\"https:\\\/\\\/www.david-coin.com\\\/#\\\/schema\\\/logo\\\/image\\\/\",\"url\":\"https:\\\/\\\/www.david-coin.com\\\/wp-content\\\/uploads\\\/2024\\\/04\\\/davidcoin-logo-final.png\",\"contentUrl\":\"https:\\\/\\\/www.david-coin.com\\\/wp-content\\\/uploads\\\/2024\\\/04\\\/davidcoin-logo-final.png\",\"width\":800,\"height\":267,\"caption\":\"David Coin\"},\"image\":{\"@id\":\"https:\\\/\\\/www.david-coin.com\\\/#\\\/schema\\\/logo\\\/image\\\/\"},\"sameAs\":[\"https:\\\/\\\/www.facebook.com\\\/Davidcoininkoopenverkoop\",\"https:\\\/\\\/www.youtube.com\\\/channel\\\/UC39lihLKFSPTff0w6tv0pWQ\"]}]}<\/script>\n<meta property=\"product:price:amount\" content=\"59.95\" \/>\n<meta property=\"product:price:currency\" content=\"EUR\" \/>\n<meta property=\"og:availability\" content=\"instock\" \/>\n<meta property=\"product:availability\" content=\"instock\" \/>\n<meta property=\"product:retailer_item_id\" content=\"2474\" \/>\n<meta property=\"product:condition\" content=\"new\" \/>\n<!-- \/ Yoast SEO Premium plugin. -->","yoast_head_json":{"title":"Nederland 25 Gulden 1971 Sweelinck UNC-","description":"Nederlandse Bankbiljetten met vele varianten beschikbaar bij David-coin Bekijk ons complete aanbod.","robots":{"index":"index","follow":"follow","max-snippet":"max-snippet:-1","max-image-preview":"max-image-preview:large","max-video-preview":"max-video-preview:-1"},"canonical":"https:\/\/www.david-coin.com\/fr\/produit\/nederland-25-gulden-1971-sweelinck-unc-1\/","og_locale":"fr_FR","og_type":"article","og_title":"Nederland 25 Gulden 1971 Sweelinck UNC- (11 cijfers)","og_description":"Nederlandse Bankbiljetten met vele varianten beschikbaar bij David-coin Bekijk ons complete aanbod.","og_url":"https:\/\/www.david-coin.com\/fr\/produit\/nederland-25-gulden-1971-sweelinck-unc-1\/","og_site_name":"David Coin","article_publisher":"https:\/\/www.facebook.com\/Davidcoininkoopenverkoop","article_modified_time":"2026-01-27T16:37:48+00:00","og_image":[{"width":800,"height":434,"url":"https:\/\/www.david-coin.com\/wp-content\/uploads\/2022\/12\/25guldensweelinck-vz-unc-11cijfers.jpg","type":"image\/jpeg"}],"twitter_card":"summary_large_image","twitter_misc":{"Prix":"&euro;&nbsp;59,95","Disponibilit\u00e9":"En stock"},"schema":{"@context":"https:\/\/schema.org","@graph":[{"@type":"WebPage","@id":"https:\/\/www.david-coin.com\/product\/nederland-25-gulden-1971-sweelinck-unc-1\/","url":"https:\/\/www.david-coin.com\/product\/nederland-25-gulden-1971-sweelinck-unc-1\/","name":"Nederland 25 Gulden 1971 Sweelinck UNC-","isPartOf":{"@id":"https:\/\/www.david-coin.com\/#website"},"primaryImageOfPage":{"@id":"https:\/\/www.david-coin.com\/product\/nederland-25-gulden-1971-sweelinck-unc-1\/#primaryimage"},"image":{"@id":"https:\/\/www.david-coin.com\/product\/nederland-25-gulden-1971-sweelinck-unc-1\/#primaryimage"},"thumbnailUrl":"https:\/\/www.david-coin.com\/wp-content\/uploads\/2022\/12\/25guldensweelinck-vz-unc-11cijfers.jpg","datePublished":"2022-12-22T17:38:17+00:00","dateModified":"2026-01-27T16:37:48+00:00","description":"Nederlandse Bankbiljetten met vele varianten beschikbaar bij David-coin Bekijk ons complete aanbod.","breadcrumb":{"@id":"https:\/\/www.david-coin.com\/product\/nederland-25-gulden-1971-sweelinck-unc-1\/#breadcrumb"},"inLanguage":"fr-FR","potentialAction":[{"@type":"ReadAction","target":["https:\/\/www.david-coin.com\/product\/nederland-25-gulden-1971-sweelinck-unc-1\/"]}]},{"@type":"ImageObject","inLanguage":"fr-FR","@id":"https:\/\/www.david-coin.com\/product\/nederland-25-gulden-1971-sweelinck-unc-1\/#primaryimage","url":"https:\/\/www.david-coin.com\/wp-content\/uploads\/2022\/12\/25guldensweelinck-vz-unc-11cijfers.jpg","contentUrl":"https:\/\/www.david-coin.com\/wp-content\/uploads\/2022\/12\/25guldensweelinck-vz-unc-11cijfers.jpg","width":800,"height":434,"caption":"Sweelinck 25 guldenbiljet"},{"@type":"BreadcrumbList","@id":"https:\/\/www.david-coin.com\/product\/nederland-25-gulden-1971-sweelinck-unc-1\/#breadcrumb","itemListElement":[{"@type":"ListItem","position":1,"name":"Home","item":"https:\/\/www.david-coin.com\/"},{"@type":"ListItem","position":2,"name":"Winkel","item":"https:\/\/www.david-coin.com\/winkel\/"},{"@type":"ListItem","position":3,"name":"Nederland 25 Gulden 1971 Sweelinck UNC- (11 cijfers)"}]},{"@type":"WebSite","@id":"https:\/\/www.david-coin.com\/#website","url":"https:\/\/www.david-coin.com\/","name":"David Coin","description":"","publisher":{"@id":"https:\/\/www.david-coin.com\/#organization"},"potentialAction":[{"@type":"SearchAction","target":{"@type":"EntryPoint","urlTemplate":"https:\/\/www.david-coin.com\/?s={search_term_string}"},"query-input":{"@type":"PropertyValueSpecification","valueRequired":true,"valueName":"search_term_string"}}],"inLanguage":"fr-FR"},{"@type":"Organization","@id":"https:\/\/www.david-coin.com\/#organization","name":"David Coin","url":"https:\/\/www.david-coin.com\/","logo":{"@type":"ImageObject","inLanguage":"fr-FR","@id":"https:\/\/www.david-coin.com\/#\/schema\/logo\/image\/","url":"https:\/\/www.david-coin.com\/wp-content\/uploads\/2024\/04\/davidcoin-logo-final.png","contentUrl":"https:\/\/www.david-coin.com\/wp-content\/uploads\/2024\/04\/davidcoin-logo-final.png","width":800,"height":267,"caption":"David Coin"},"image":{"@id":"https:\/\/www.david-coin.com\/#\/schema\/logo\/image\/"},"sameAs":["https:\/\/www.facebook.com\/Davidcoininkoopenverkoop","https:\/\/www.youtube.com\/channel\/UC39lihLKFSPTff0w6tv0pWQ"]}]},"product_price_amount":"59.95","product_price_currency":"EUR","og_availability":"instock","product_availability":"instock","product_retailer_item_id":"2474","product_condition":"new"},"_links":{"self":[{"href":"https:\/\/www.david-coin.com\/fr\/wp-json\/wp\/v2\/product\/117004","targetHints":{"allow":["GET"]}}],"collection":[{"href":"https:\/\/www.david-coin.com\/fr\/wp-json\/wp\/v2\/product"}],"about":[{"href":"https:\/\/www.david-coin.com\/fr\/wp-json\/wp\/v2\/types\/product"}],"replies":[{"embeddable":true,"href":"https:\/\/www.david-coin.com\/fr\/wp-json\/wp\/v2\/comments?post=117004"}],"wp:featuredmedia":[{"embeddable":true,"href":"https:\/\/www.david-coin.com\/fr\/wp-json\/wp\/v2\/media\/117002"}],"wp:attachment":[{"href":"https:\/\/www.david-coin.com\/fr\/wp-json\/wp\/v2\/media?parent=117004"}],"wp:term":[{"taxonomy":"product_brand","embeddable":true,"href":"https:\/\/www.david-coin.com\/fr\/wp-json\/wp\/v2\/product_brand?post=117004"},{"taxonomy":"product_cat","embeddable":true,"href":"https:\/\/www.david-coin.com\/fr\/wp-json\/wp\/v2\/product_cat?post=117004"},{"taxonomy":"product_tag","embeddable":true,"href":"https:\/\/www.david-coin.com\/fr\/wp-json\/wp\/v2\/product_tag?post=117004"}],"curies":[{"name":"wp","href":"https:\/\/api.w.org\/{rel}","templated":true}]}}