{"id":116998,"date":"2022-12-22T17:26:26","date_gmt":"2022-12-22T17:26:26","guid":{"rendered":"https:\/\/www.david-coin.com\/product\/nederland-25-gulden-1943-wilhelmina-934\/"},"modified":"2026-01-27T17:31:28","modified_gmt":"2026-01-27T16:31:28","slug":"nederland-25-gulden-1943-wilhelmina-934","status":"publish","type":"product","link":"https:\/\/www.david-coin.com\/fr\/produit\/nederland-25-gulden-1943-wilhelmina-934\/","title":{"rendered":"Pays-Bas 25 florins 1943 Wilhelmina"},"content":{"rendered":"<p><span style=\"font-size: 12pt;\">Pays-Bas 25 florins 1943 Wilhelmina<\/span><br \/>\n<span style=\"font-size: 12pt;\">NVMH:79-1<\/span><br \/>\n<span style=\"font-size: 12pt;\">Plomp:PL64<\/span><\/p>\n<p>Pendant la Seconde Guerre mondiale, les Alli\u00e9s se pr\u00e9paraient d\u00e9j\u00e0 en 1943 \u00e0 l'invasion qui devait avoir lieu en 1944. Le billet de vingt-cinq florins sur lequel figure la reine Wilhelmine fait donc partie d'un pan particulier de l'histoire des Pays-Bas. Lors de la lib\u00e9ration des territoires, les soldats devaient \u00e9galement recevoir de l'argent \u00e0 d\u00e9penser dans les zones lib\u00e9r\u00e9es, car il \u00e9tait difficile de d\u00e9penser de l'argent \u00e9tranger dans des zones o\u00f9 le taux de cet argent n'\u00e9tait pas connu et o\u00f9 de nombreux habitants ne connaissaient pas l'argent et n'\u00e9taient pas susceptibles de l'accepter. Le minist\u00e8re des Finances d\u00e9cida donc d'imprimer des florins n\u00e9erlandais aux \u00c9tats-Unis, et ces billets de monnaie portaient donc l'image de la reine Wilhelmine au recto. Le billet de vingt-cinq florins \u00e9tait sign\u00e9 par Johannes van den Broek (ministre des Finances). Outre le billet de vingt-cinq florins, les billets suivants accompagnaient \u00e9galement la s\u00e9rie imprim\u00e9e aux \u00c9tats-Unis :<br \/>\n&#8211;\t<a href=\"https:\/\/www.david-coin.com\/fr\/categorie-produit\/nederlandse-munten\/wilhelmina-1890-1948\/\">Wilhelmina<\/a><br \/>\n&#8211;\t<a href=\"https:\/\/www.david-coin.com\/fr\/produit\/nederland-1-gulden-1943-wilhelmina-1-1701\/\">Billet d'un florin Wilhelmina 1943 ;<\/a><br \/>\n&#8211;\t<a href=\"https:\/\/www.david-coin.com\/fr\/produit\/nederland-25-gulden-1943-wilhelmina-pmg64-epq\/\">Billet de deux florins et demi 1943<\/a><br \/>\n&#8211;\t<a href=\"https:\/\/www.david-coin.com\/fr\/produit\/nederland-10-gulden-1943-wilhelmina-1\/\">Billet de dix florins 1943 ;<\/a><br \/>\n&#8211;\t<a href=\"https:\/\/www.david-coin.com\/fr\/produit\/nederland-50-gulden-1943-wilhelmina\/\">Billet de cinq florins 1943<\/a><br \/>\n&#8211;\t<a href=\"https:\/\/www.david-coin.com\/fr\/produit\/nederland-100-gulden-1943-wilhelmina-pmg64\/\">Billet de cent florins 1943<\/a><br \/>\nComme les billets de 1943 avaient d\u00e9j\u00e0 \u00e9t\u00e9 \u00e9mis avant la lib\u00e9ration des Pays-Bas septentrionaux, certains d'entre eux se sont retrouv\u00e9s dans le circuit de l'argent noir du territoire occup\u00e9, raison pour laquelle la s\u00e9rie a \u00e9t\u00e9 retir\u00e9e de la circulation lors de la purge mon\u00e9taire de 1945. <\/p>\n<p><span style=\"font-size: 12pt;\">Voir les scans pour plus de d\u00e9tails. Photo Vb.\u00a0<\/span><br \/>\n<span style=\"font-size: 12pt;\">Pour toute question, n'h\u00e9sitez pas \u00e0 nous envoyer un message.<\/span><\/p>","protected":false},"excerpt":{"rendered":"<p>NVMH:79-1<\/p>","protected":false},"featured_media":116996,"comment_status":"closed","ping_status":"closed","template":"","meta":[],"product_brand":[],"product_cat":[5493,5472],"product_tag":[],"class_list":{"0":"post-116998","1":"product","2":"type-product","3":"status-publish","4":"has-post-thumbnail","6":"product_cat-25-gulden-biljet","7":"product_cat-nederlandse-bankbiljetten","8":"pa_bankbiljetwaarde-25gulden","9":"pa_delcampeid-5280","10":"pa_land-nederland","12":"first","13":"outofstock","14":"taxable","15":"shipping-taxable","16":"purchasable","17":"product-type-simple"},"yoast_head":"<!-- This site is optimized with the Yoast SEO Premium plugin v27.2 (Yoast SEO v27.4) - https:\/\/yoast.com\/product\/yoast-seo-premium-wordpress\/ -->\n<title>Nederland 25 Gulden 1943 Wilhelmina<\/title>\n<meta name=\"description\" content=\"Koop uw Nederlandse bankbiljetten bij David-coin. Bekijk ons ruime aanbod. Gratis verzending binnen Nederland vanaf 75 euro.\" \/>\n<meta name=\"robots\" content=\"index, follow, max-snippet:-1, max-image-preview:large, max-video-preview:-1\" \/>\n<link rel=\"canonical\" href=\"https:\/\/www.david-coin.com\/fr\/produit\/nederland-25-gulden-1943-wilhelmina-934\/\" \/>\n<meta property=\"og:locale\" content=\"fr_FR\" \/>\n<meta property=\"og:type\" content=\"article\" \/>\n<meta property=\"og:title\" content=\"Nederland 25 Gulden 1943 Wilhelmina\" \/>\n<meta property=\"og:description\" content=\"Koop uw Nederlandse bankbiljetten bij David-coin. Bekijk ons ruime aanbod. Gratis verzending binnen Nederland vanaf 75 euro.\" \/>\n<meta property=\"og:url\" content=\"https:\/\/www.david-coin.com\/fr\/produit\/nederland-25-gulden-1943-wilhelmina-934\/\" \/>\n<meta property=\"og:site_name\" content=\"David Coin\" \/>\n<meta property=\"article:publisher\" content=\"https:\/\/www.facebook.com\/Davidcoininkoopenverkoop\" \/>\n<meta property=\"article:modified_time\" content=\"2026-01-27T16:31:28+00:00\" \/>\n<meta property=\"og:image\" content=\"https:\/\/www.david-coin.com\/wp-content\/uploads\/2022\/12\/25gulden1943Wilhelmina-vz.jpg\" \/>\n\t<meta property=\"og:image:width\" content=\"800\" \/>\n\t<meta property=\"og:image:height\" content=\"400\" \/>\n\t<meta property=\"og:image:type\" content=\"image\/jpeg\" \/>\n<meta name=\"twitter:card\" content=\"summary_large_image\" \/>\n<meta name=\"twitter:label1\" content=\"Prix\" \/>\n\t<meta name=\"twitter:data1\" content=\"&euro;&nbsp;159,95\" \/>\n\t<meta name=\"twitter:label2\" content=\"Disponibilit\u00e9\" \/>\n\t<meta name=\"twitter:data2\" content=\"Rupture de stock\" \/>\n<script type=\"application\/ld+json\" class=\"yoast-schema-graph\">{\"@context\":\"https:\\\/\\\/schema.org\",\"@graph\":[{\"@type\":\"WebPage\",\"@id\":\"https:\\\/\\\/www.david-coin.com\\\/product\\\/nederland-25-gulden-1943-wilhelmina-934\\\/\",\"url\":\"https:\\\/\\\/www.david-coin.com\\\/product\\\/nederland-25-gulden-1943-wilhelmina-934\\\/\",\"name\":\"Nederland 25 Gulden 1943 Wilhelmina\",\"isPartOf\":{\"@id\":\"https:\\\/\\\/www.david-coin.com\\\/#website\"},\"primaryImageOfPage\":{\"@id\":\"https:\\\/\\\/www.david-coin.com\\\/product\\\/nederland-25-gulden-1943-wilhelmina-934\\\/#primaryimage\"},\"image\":{\"@id\":\"https:\\\/\\\/www.david-coin.com\\\/product\\\/nederland-25-gulden-1943-wilhelmina-934\\\/#primaryimage\"},\"thumbnailUrl\":\"https:\\\/\\\/www.david-coin.com\\\/wp-content\\\/uploads\\\/2022\\\/12\\\/25gulden1943Wilhelmina-vz.jpg\",\"datePublished\":\"2022-12-22T17:26:26+00:00\",\"dateModified\":\"2026-01-27T16:31:28+00:00\",\"description\":\"Koop uw Nederlandse bankbiljetten bij David-coin. Bekijk ons ruime aanbod. Gratis verzending binnen Nederland vanaf 75 euro.\",\"breadcrumb\":{\"@id\":\"https:\\\/\\\/www.david-coin.com\\\/product\\\/nederland-25-gulden-1943-wilhelmina-934\\\/#breadcrumb\"},\"inLanguage\":\"fr-FR\",\"potentialAction\":[{\"@type\":\"ReadAction\",\"target\":[\"https:\\\/\\\/www.david-coin.com\\\/product\\\/nederland-25-gulden-1943-wilhelmina-934\\\/\"]}]},{\"@type\":\"ImageObject\",\"inLanguage\":\"fr-FR\",\"@id\":\"https:\\\/\\\/www.david-coin.com\\\/product\\\/nederland-25-gulden-1943-wilhelmina-934\\\/#primaryimage\",\"url\":\"https:\\\/\\\/www.david-coin.com\\\/wp-content\\\/uploads\\\/2022\\\/12\\\/25gulden1943Wilhelmina-vz.jpg\",\"contentUrl\":\"https:\\\/\\\/www.david-coin.com\\\/wp-content\\\/uploads\\\/2022\\\/12\\\/25gulden1943Wilhelmina-vz.jpg\",\"width\":800,\"height\":400},{\"@type\":\"BreadcrumbList\",\"@id\":\"https:\\\/\\\/www.david-coin.com\\\/product\\\/nederland-25-gulden-1943-wilhelmina-934\\\/#breadcrumb\",\"itemListElement\":[{\"@type\":\"ListItem\",\"position\":1,\"name\":\"Home\",\"item\":\"https:\\\/\\\/www.david-coin.com\\\/\"},{\"@type\":\"ListItem\",\"position\":2,\"name\":\"Winkel\",\"item\":\"https:\\\/\\\/www.david-coin.com\\\/winkel\\\/\"},{\"@type\":\"ListItem\",\"position\":3,\"name\":\"Nederland 25 Gulden 1943 Wilhelmina\"}]},{\"@type\":\"WebSite\",\"@id\":\"https:\\\/\\\/www.david-coin.com\\\/#website\",\"url\":\"https:\\\/\\\/www.david-coin.com\\\/\",\"name\":\"David Coin\",\"description\":\"\",\"publisher\":{\"@id\":\"https:\\\/\\\/www.david-coin.com\\\/#organization\"},\"potentialAction\":[{\"@type\":\"SearchAction\",\"target\":{\"@type\":\"EntryPoint\",\"urlTemplate\":\"https:\\\/\\\/www.david-coin.com\\\/?s={search_term_string}\"},\"query-input\":{\"@type\":\"PropertyValueSpecification\",\"valueRequired\":true,\"valueName\":\"search_term_string\"}}],\"inLanguage\":\"fr-FR\"},{\"@type\":\"Organization\",\"@id\":\"https:\\\/\\\/www.david-coin.com\\\/#organization\",\"name\":\"David Coin\",\"url\":\"https:\\\/\\\/www.david-coin.com\\\/\",\"logo\":{\"@type\":\"ImageObject\",\"inLanguage\":\"fr-FR\",\"@id\":\"https:\\\/\\\/www.david-coin.com\\\/#\\\/schema\\\/logo\\\/image\\\/\",\"url\":\"https:\\\/\\\/www.david-coin.com\\\/wp-content\\\/uploads\\\/2024\\\/04\\\/davidcoin-logo-final.png\",\"contentUrl\":\"https:\\\/\\\/www.david-coin.com\\\/wp-content\\\/uploads\\\/2024\\\/04\\\/davidcoin-logo-final.png\",\"width\":800,\"height\":267,\"caption\":\"David Coin\"},\"image\":{\"@id\":\"https:\\\/\\\/www.david-coin.com\\\/#\\\/schema\\\/logo\\\/image\\\/\"},\"sameAs\":[\"https:\\\/\\\/www.facebook.com\\\/Davidcoininkoopenverkoop\",\"https:\\\/\\\/www.youtube.com\\\/channel\\\/UC39lihLKFSPTff0w6tv0pWQ\"]}]}<\/script>\n<meta property=\"product:price:amount\" content=\"159.95\" \/>\n<meta property=\"product:price:currency\" content=\"EUR\" \/>\n<meta property=\"og:availability\" content=\"out of stock\" \/>\n<meta property=\"product:availability\" content=\"out of stock\" \/>\n<meta property=\"product:retailer_item_id\" content=\"2789\" \/>\n<meta property=\"product:condition\" content=\"new\" \/>\n<!-- \/ Yoast SEO Premium plugin. -->","yoast_head_json":{"title":"Pays-Bas 25 florins 1943 Wilhelmina","description":"Koop uw Nederlandse bankbiljetten bij David-coin. Bekijk ons ruime aanbod. Gratis verzending binnen Nederland vanaf 75 euro.","robots":{"index":"index","follow":"follow","max-snippet":"max-snippet:-1","max-image-preview":"max-image-preview:large","max-video-preview":"max-video-preview:-1"},"canonical":"https:\/\/www.david-coin.com\/fr\/produit\/nederland-25-gulden-1943-wilhelmina-934\/","og_locale":"fr_FR","og_type":"article","og_title":"Nederland 25 Gulden 1943 Wilhelmina","og_description":"Koop uw Nederlandse bankbiljetten bij David-coin. Bekijk ons ruime aanbod. Gratis verzending binnen Nederland vanaf 75 euro.","og_url":"https:\/\/www.david-coin.com\/fr\/produit\/nederland-25-gulden-1943-wilhelmina-934\/","og_site_name":"David Coin","article_publisher":"https:\/\/www.facebook.com\/Davidcoininkoopenverkoop","article_modified_time":"2026-01-27T16:31:28+00:00","og_image":[{"width":800,"height":400,"url":"https:\/\/www.david-coin.com\/wp-content\/uploads\/2022\/12\/25gulden1943Wilhelmina-vz.jpg","type":"image\/jpeg"}],"twitter_card":"summary_large_image","twitter_misc":{"Prix":"&euro;&nbsp;159,95","Disponibilit\u00e9":"Rupture de stock"},"schema":{"@context":"https:\/\/schema.org","@graph":[{"@type":"WebPage","@id":"https:\/\/www.david-coin.com\/product\/nederland-25-gulden-1943-wilhelmina-934\/","url":"https:\/\/www.david-coin.com\/product\/nederland-25-gulden-1943-wilhelmina-934\/","name":"Pays-Bas 25 florins 1943 Wilhelmina","isPartOf":{"@id":"https:\/\/www.david-coin.com\/#website"},"primaryImageOfPage":{"@id":"https:\/\/www.david-coin.com\/product\/nederland-25-gulden-1943-wilhelmina-934\/#primaryimage"},"image":{"@id":"https:\/\/www.david-coin.com\/product\/nederland-25-gulden-1943-wilhelmina-934\/#primaryimage"},"thumbnailUrl":"https:\/\/www.david-coin.com\/wp-content\/uploads\/2022\/12\/25gulden1943Wilhelmina-vz.jpg","datePublished":"2022-12-22T17:26:26+00:00","dateModified":"2026-01-27T16:31:28+00:00","description":"Koop uw Nederlandse bankbiljetten bij David-coin. Bekijk ons ruime aanbod. Gratis verzending binnen Nederland vanaf 75 euro.","breadcrumb":{"@id":"https:\/\/www.david-coin.com\/product\/nederland-25-gulden-1943-wilhelmina-934\/#breadcrumb"},"inLanguage":"fr-FR","potentialAction":[{"@type":"ReadAction","target":["https:\/\/www.david-coin.com\/product\/nederland-25-gulden-1943-wilhelmina-934\/"]}]},{"@type":"ImageObject","inLanguage":"fr-FR","@id":"https:\/\/www.david-coin.com\/product\/nederland-25-gulden-1943-wilhelmina-934\/#primaryimage","url":"https:\/\/www.david-coin.com\/wp-content\/uploads\/2022\/12\/25gulden1943Wilhelmina-vz.jpg","contentUrl":"https:\/\/www.david-coin.com\/wp-content\/uploads\/2022\/12\/25gulden1943Wilhelmina-vz.jpg","width":800,"height":400},{"@type":"BreadcrumbList","@id":"https:\/\/www.david-coin.com\/product\/nederland-25-gulden-1943-wilhelmina-934\/#breadcrumb","itemListElement":[{"@type":"ListItem","position":1,"name":"Home","item":"https:\/\/www.david-coin.com\/"},{"@type":"ListItem","position":2,"name":"Winkel","item":"https:\/\/www.david-coin.com\/winkel\/"},{"@type":"ListItem","position":3,"name":"Nederland 25 Gulden 1943 Wilhelmina"}]},{"@type":"WebSite","@id":"https:\/\/www.david-coin.com\/#website","url":"https:\/\/www.david-coin.com\/","name":"David Coin","description":"","publisher":{"@id":"https:\/\/www.david-coin.com\/#organization"},"potentialAction":[{"@type":"SearchAction","target":{"@type":"EntryPoint","urlTemplate":"https:\/\/www.david-coin.com\/?s={search_term_string}"},"query-input":{"@type":"PropertyValueSpecification","valueRequired":true,"valueName":"search_term_string"}}],"inLanguage":"fr-FR"},{"@type":"Organization","@id":"https:\/\/www.david-coin.com\/#organization","name":"David Coin","url":"https:\/\/www.david-coin.com\/","logo":{"@type":"ImageObject","inLanguage":"fr-FR","@id":"https:\/\/www.david-coin.com\/#\/schema\/logo\/image\/","url":"https:\/\/www.david-coin.com\/wp-content\/uploads\/2024\/04\/davidcoin-logo-final.png","contentUrl":"https:\/\/www.david-coin.com\/wp-content\/uploads\/2024\/04\/davidcoin-logo-final.png","width":800,"height":267,"caption":"David Coin"},"image":{"@id":"https:\/\/www.david-coin.com\/#\/schema\/logo\/image\/"},"sameAs":["https:\/\/www.facebook.com\/Davidcoininkoopenverkoop","https:\/\/www.youtube.com\/channel\/UC39lihLKFSPTff0w6tv0pWQ"]}]},"product_price_amount":"159.95","product_price_currency":"EUR","og_availability":"out of stock","product_availability":"out of stock","product_retailer_item_id":"2789","product_condition":"new"},"_links":{"self":[{"href":"https:\/\/www.david-coin.com\/fr\/wp-json\/wp\/v2\/product\/116998","targetHints":{"allow":["GET"]}}],"collection":[{"href":"https:\/\/www.david-coin.com\/fr\/wp-json\/wp\/v2\/product"}],"about":[{"href":"https:\/\/www.david-coin.com\/fr\/wp-json\/wp\/v2\/types\/product"}],"replies":[{"embeddable":true,"href":"https:\/\/www.david-coin.com\/fr\/wp-json\/wp\/v2\/comments?post=116998"}],"wp:featuredmedia":[{"embeddable":true,"href":"https:\/\/www.david-coin.com\/fr\/wp-json\/wp\/v2\/media\/116996"}],"wp:attachment":[{"href":"https:\/\/www.david-coin.com\/fr\/wp-json\/wp\/v2\/media?parent=116998"}],"wp:term":[{"taxonomy":"product_brand","embeddable":true,"href":"https:\/\/www.david-coin.com\/fr\/wp-json\/wp\/v2\/product_brand?post=116998"},{"taxonomy":"product_cat","embeddable":true,"href":"https:\/\/www.david-coin.com\/fr\/wp-json\/wp\/v2\/product_cat?post=116998"},{"taxonomy":"product_tag","embeddable":true,"href":"https:\/\/www.david-coin.com\/fr\/wp-json\/wp\/v2\/product_tag?post=116998"}],"curies":[{"name":"wp","href":"https:\/\/api.w.org\/{rel}","templated":true}]}}