{"id":115096,"date":"2022-05-21T10:49:30","date_gmt":"2022-05-21T10:49:30","guid":{"rendered":"https:\/\/www.david-coin.com\/product\/juliana-25-gulden-1962-met-klop-amerika\/"},"modified":"2026-01-27T12:38:29","modified_gmt":"2026-01-27T11:38:29","slug":"juliana-25-gulden-1962-met-klop-amerika","status":"publish","type":"product","link":"https:\/\/www.david-coin.com\/fr\/produit\/juliana-25-gulden-1962-met-klop-amerika\/","title":{"rendered":"Juliana 2,5 florins 1962 avec frappe de l'Am\u00e9rique"},"content":{"rendered":"<p><span style=\"font-size: 12pt;\">Juliana 2,5 florins 1962 avec frappe de l'Am\u00e9rique<\/span><br \/>\n<span style=\"font-size: 12pt;\">Klop met arend en wapen 200 jaar Nederland-Amerika.\u00a0<\/span><\/p>\n<p><strong>Le chevalier d'argent de Juliana<\/strong><br \/>\nApr\u00e8s la Seconde Guerre mondiale, les florins et les rijksdaalders ont \u00e9t\u00e9 remplac\u00e9s par des billets de banque en papier. Ces derniers s'usant rapidement en raison de leur valeur relativement faible, les premiers florins ont \u00e9t\u00e9 mis en circulation au d\u00e9but des ann\u00e9es 1950 (1954) et les premiers florins d'argent ont \u00e9t\u00e9 mis en circulation \u00e0 la fin des ann\u00e9es 1950 (1959). Les rijksdaalders en argent repr\u00e9sentant Juliana ont \u00e9t\u00e9 frapp\u00e9s de 1959 \u00e0 1966 (ce n'est qu'en 1965 qu'aucun rijksdaalder en argent n'a \u00e9t\u00e9 \u00e9mis). Le rijksdaalder de Juliana est en argent 720\/1000, p\u00e8se 15 grammes et a un diam\u00e8tre de 33 millim\u00e8tres. En 1969, les rijksdaalder en argent ont \u00e9t\u00e9 remplac\u00e9s par une variante plus petite en nickel, ce qui a entra\u00een\u00e9 une certaine confusion lors de l'utilisation. C'est pourquoi des autocollants (avec de la publicit\u00e9 ou un autre message) ont encore parfois \u00e9t\u00e9 appos\u00e9s sur les m\u00e9dailles de nickel afin d'\u00e9viter toute confusion. Le dessin de l'image de Juliana (avers) a \u00e9t\u00e9 r\u00e9alis\u00e9 par Ludwig Oswald Wenckebach, ce qui explique que l'on trouve un \"W\" sous l'image \u00e0 l'avers.<\/p>\n<p><span style=\"font-size: 12pt;\">Voir les scans pour plus de d\u00e9tails.<\/span><br \/>\n<span style=\"font-size: 12pt;\">Pour toute question, n'h\u00e9sitez pas \u00e0 nous envoyer un message.\u00a0<\/span><\/p>","protected":false},"excerpt":{"rendered":"<p>Juliana 2,5 gulden 1962 met klop Amerika Klop met arend en wapen 200 jaar Nederland-Amerika.\u00a0 De zilveren knaak van Juliana Na de tweede wereldoorlog werden de guldens en rijksdaalders vervangen door papieren muntbiljetten. Omdat deze door hun relatief lage waarde zo snel versleten, kwamen er in begin jaren 50 (1954) de eerste guldens in omloop [&hellip;]<\/p>\n","protected":false},"featured_media":115094,"comment_status":"closed","ping_status":"closed","template":"","meta":[],"product_brand":[],"product_cat":[5523,5476,5471],"product_tag":[],"class_list":{"0":"post-115096","1":"product","2":"type-product","3":"status-publish","4":"has-post-thumbnail","6":"product_cat-juliana-1948-1980","7":"product_cat-misslagen","8":"product_cat-nederlandse-munten","9":"pa_delcampeid-5269","10":"pa_koning-koningin-juliana","11":"pa_kwaliteit-fraai","12":"pa_land-nederland","13":"pa_materiaal-zilver","14":"pa_muntwaarde-2_5gulden","15":"pa_soort-muntenmetklop","17":"first","18":"outofstock","19":"taxable","20":"shipping-taxable","21":"purchasable","22":"product-type-simple"},"yoast_head":"<!-- This site is optimized with the Yoast SEO Premium plugin v27.2 (Yoast SEO v27.4) - https:\/\/yoast.com\/product\/yoast-seo-premium-wordpress\/ -->\n<title>Juliana 2.5 gulden 1962 met klop Amerika<\/title>\n<meta name=\"description\" content=\"Nederlandse munten verkrijgbaar bij David-coin. Bekijk nu ons complete aanbod. Gratis verzending binnen Nederland vanaf 75 euro.\" \/>\n<meta name=\"robots\" content=\"index, follow, max-snippet:-1, max-image-preview:large, max-video-preview:-1\" \/>\n<link rel=\"canonical\" href=\"https:\/\/www.david-coin.com\/fr\/produit\/juliana-25-gulden-1962-met-klop-amerika\/\" \/>\n<meta property=\"og:locale\" content=\"fr_FR\" \/>\n<meta property=\"og:type\" content=\"article\" \/>\n<meta property=\"og:title\" content=\"Juliana 2,5 gulden 1962 met klop Amerika\" \/>\n<meta property=\"og:description\" content=\"Nederlandse munten verkrijgbaar bij David-coin. Bekijk nu ons complete aanbod. Gratis verzending binnen Nederland vanaf 75 euro.\" \/>\n<meta property=\"og:url\" content=\"https:\/\/www.david-coin.com\/fr\/produit\/juliana-25-gulden-1962-met-klop-amerika\/\" \/>\n<meta property=\"og:site_name\" content=\"David Coin\" \/>\n<meta property=\"article:publisher\" content=\"https:\/\/www.facebook.com\/Davidcoininkoopenverkoop\" \/>\n<meta property=\"article:modified_time\" content=\"2026-01-27T11:38:29+00:00\" \/>\n<meta property=\"og:image\" content=\"https:\/\/www.david-coin.com\/wp-content\/uploads\/2022\/05\/kloprijksdaalderAmerika-vz.jpg\" \/>\n\t<meta property=\"og:image:width\" content=\"800\" \/>\n\t<meta property=\"og:image:height\" content=\"788\" \/>\n\t<meta property=\"og:image:type\" content=\"image\/jpeg\" \/>\n<meta name=\"twitter:card\" content=\"summary_large_image\" \/>\n<meta name=\"twitter:label1\" content=\"Prix\" \/>\n\t<meta name=\"twitter:data1\" content=\"&euro;&nbsp;52,43\" \/>\n\t<meta name=\"twitter:label2\" content=\"Disponibilit\u00e9\" \/>\n\t<meta name=\"twitter:data2\" content=\"Rupture de stock\" \/>\n<script type=\"application\/ld+json\" class=\"yoast-schema-graph\">{\"@context\":\"https:\\\/\\\/schema.org\",\"@graph\":[{\"@type\":\"WebPage\",\"@id\":\"https:\\\/\\\/www.david-coin.com\\\/product\\\/juliana-25-gulden-1962-met-klop-amerika\\\/\",\"url\":\"https:\\\/\\\/www.david-coin.com\\\/product\\\/juliana-25-gulden-1962-met-klop-amerika\\\/\",\"name\":\"Juliana 2.5 gulden 1962 met klop Amerika\",\"isPartOf\":{\"@id\":\"https:\\\/\\\/www.david-coin.com\\\/#website\"},\"primaryImageOfPage\":{\"@id\":\"https:\\\/\\\/www.david-coin.com\\\/product\\\/juliana-25-gulden-1962-met-klop-amerika\\\/#primaryimage\"},\"image\":{\"@id\":\"https:\\\/\\\/www.david-coin.com\\\/product\\\/juliana-25-gulden-1962-met-klop-amerika\\\/#primaryimage\"},\"thumbnailUrl\":\"https:\\\/\\\/www.david-coin.com\\\/wp-content\\\/uploads\\\/2022\\\/05\\\/kloprijksdaalderAmerika-vz.jpg\",\"datePublished\":\"2022-05-21T10:49:30+00:00\",\"dateModified\":\"2026-01-27T11:38:29+00:00\",\"description\":\"Nederlandse munten verkrijgbaar bij David-coin. Bekijk nu ons complete aanbod. Gratis verzending binnen Nederland vanaf 75 euro.\",\"breadcrumb\":{\"@id\":\"https:\\\/\\\/www.david-coin.com\\\/product\\\/juliana-25-gulden-1962-met-klop-amerika\\\/#breadcrumb\"},\"inLanguage\":\"fr-FR\",\"potentialAction\":[{\"@type\":\"ReadAction\",\"target\":[\"https:\\\/\\\/www.david-coin.com\\\/product\\\/juliana-25-gulden-1962-met-klop-amerika\\\/\"]}]},{\"@type\":\"ImageObject\",\"inLanguage\":\"fr-FR\",\"@id\":\"https:\\\/\\\/www.david-coin.com\\\/product\\\/juliana-25-gulden-1962-met-klop-amerika\\\/#primaryimage\",\"url\":\"https:\\\/\\\/www.david-coin.com\\\/wp-content\\\/uploads\\\/2022\\\/05\\\/kloprijksdaalderAmerika-vz.jpg\",\"contentUrl\":\"https:\\\/\\\/www.david-coin.com\\\/wp-content\\\/uploads\\\/2022\\\/05\\\/kloprijksdaalderAmerika-vz.jpg\",\"width\":800,\"height\":788},{\"@type\":\"BreadcrumbList\",\"@id\":\"https:\\\/\\\/www.david-coin.com\\\/product\\\/juliana-25-gulden-1962-met-klop-amerika\\\/#breadcrumb\",\"itemListElement\":[{\"@type\":\"ListItem\",\"position\":1,\"name\":\"Home\",\"item\":\"https:\\\/\\\/www.david-coin.com\\\/\"},{\"@type\":\"ListItem\",\"position\":2,\"name\":\"Winkel\",\"item\":\"https:\\\/\\\/www.david-coin.com\\\/winkel\\\/\"},{\"@type\":\"ListItem\",\"position\":3,\"name\":\"Juliana 2,5 gulden 1962 met klop Amerika\"}]},{\"@type\":\"WebSite\",\"@id\":\"https:\\\/\\\/www.david-coin.com\\\/#website\",\"url\":\"https:\\\/\\\/www.david-coin.com\\\/\",\"name\":\"David Coin\",\"description\":\"\",\"publisher\":{\"@id\":\"https:\\\/\\\/www.david-coin.com\\\/#organization\"},\"potentialAction\":[{\"@type\":\"SearchAction\",\"target\":{\"@type\":\"EntryPoint\",\"urlTemplate\":\"https:\\\/\\\/www.david-coin.com\\\/?s={search_term_string}\"},\"query-input\":{\"@type\":\"PropertyValueSpecification\",\"valueRequired\":true,\"valueName\":\"search_term_string\"}}],\"inLanguage\":\"fr-FR\"},{\"@type\":\"Organization\",\"@id\":\"https:\\\/\\\/www.david-coin.com\\\/#organization\",\"name\":\"David Coin\",\"url\":\"https:\\\/\\\/www.david-coin.com\\\/\",\"logo\":{\"@type\":\"ImageObject\",\"inLanguage\":\"fr-FR\",\"@id\":\"https:\\\/\\\/www.david-coin.com\\\/#\\\/schema\\\/logo\\\/image\\\/\",\"url\":\"https:\\\/\\\/www.david-coin.com\\\/wp-content\\\/uploads\\\/2024\\\/04\\\/davidcoin-logo-final.png\",\"contentUrl\":\"https:\\\/\\\/www.david-coin.com\\\/wp-content\\\/uploads\\\/2024\\\/04\\\/davidcoin-logo-final.png\",\"width\":800,\"height\":267,\"caption\":\"David Coin\"},\"image\":{\"@id\":\"https:\\\/\\\/www.david-coin.com\\\/#\\\/schema\\\/logo\\\/image\\\/\"},\"sameAs\":[\"https:\\\/\\\/www.facebook.com\\\/Davidcoininkoopenverkoop\",\"https:\\\/\\\/www.youtube.com\\\/channel\\\/UC39lihLKFSPTff0w6tv0pWQ\"]}]}<\/script>\n<meta property=\"product:price:amount\" content=\"52.43\" \/>\n<meta property=\"product:price:currency\" content=\"EUR\" \/>\n<meta property=\"og:availability\" content=\"out of stock\" \/>\n<meta property=\"product:availability\" content=\"out of stock\" \/>\n<meta property=\"product:retailer_item_id\" content=\"15929\" \/>\n<meta property=\"product:condition\" content=\"new\" \/>\n<!-- \/ Yoast SEO Premium plugin. -->","yoast_head_json":{"title":"Juliana 2.5 gulden 1962 met klop Amerika","description":"Nederlandse munten verkrijgbaar bij David-coin. Bekijk nu ons complete aanbod. Gratis verzending binnen Nederland vanaf 75 euro.","robots":{"index":"index","follow":"follow","max-snippet":"max-snippet:-1","max-image-preview":"max-image-preview:large","max-video-preview":"max-video-preview:-1"},"canonical":"https:\/\/www.david-coin.com\/fr\/produit\/juliana-25-gulden-1962-met-klop-amerika\/","og_locale":"fr_FR","og_type":"article","og_title":"Juliana 2,5 gulden 1962 met klop Amerika","og_description":"Nederlandse munten verkrijgbaar bij David-coin. Bekijk nu ons complete aanbod. Gratis verzending binnen Nederland vanaf 75 euro.","og_url":"https:\/\/www.david-coin.com\/fr\/produit\/juliana-25-gulden-1962-met-klop-amerika\/","og_site_name":"David Coin","article_publisher":"https:\/\/www.facebook.com\/Davidcoininkoopenverkoop","article_modified_time":"2026-01-27T11:38:29+00:00","og_image":[{"width":800,"height":788,"url":"https:\/\/www.david-coin.com\/wp-content\/uploads\/2022\/05\/kloprijksdaalderAmerika-vz.jpg","type":"image\/jpeg"}],"twitter_card":"summary_large_image","twitter_misc":{"Prix":"&euro;&nbsp;52,43","Disponibilit\u00e9":"Rupture de stock"},"schema":{"@context":"https:\/\/schema.org","@graph":[{"@type":"WebPage","@id":"https:\/\/www.david-coin.com\/product\/juliana-25-gulden-1962-met-klop-amerika\/","url":"https:\/\/www.david-coin.com\/product\/juliana-25-gulden-1962-met-klop-amerika\/","name":"Juliana 2.5 gulden 1962 met klop Amerika","isPartOf":{"@id":"https:\/\/www.david-coin.com\/#website"},"primaryImageOfPage":{"@id":"https:\/\/www.david-coin.com\/product\/juliana-25-gulden-1962-met-klop-amerika\/#primaryimage"},"image":{"@id":"https:\/\/www.david-coin.com\/product\/juliana-25-gulden-1962-met-klop-amerika\/#primaryimage"},"thumbnailUrl":"https:\/\/www.david-coin.com\/wp-content\/uploads\/2022\/05\/kloprijksdaalderAmerika-vz.jpg","datePublished":"2022-05-21T10:49:30+00:00","dateModified":"2026-01-27T11:38:29+00:00","description":"Nederlandse munten verkrijgbaar bij David-coin. Bekijk nu ons complete aanbod. Gratis verzending binnen Nederland vanaf 75 euro.","breadcrumb":{"@id":"https:\/\/www.david-coin.com\/product\/juliana-25-gulden-1962-met-klop-amerika\/#breadcrumb"},"inLanguage":"fr-FR","potentialAction":[{"@type":"ReadAction","target":["https:\/\/www.david-coin.com\/product\/juliana-25-gulden-1962-met-klop-amerika\/"]}]},{"@type":"ImageObject","inLanguage":"fr-FR","@id":"https:\/\/www.david-coin.com\/product\/juliana-25-gulden-1962-met-klop-amerika\/#primaryimage","url":"https:\/\/www.david-coin.com\/wp-content\/uploads\/2022\/05\/kloprijksdaalderAmerika-vz.jpg","contentUrl":"https:\/\/www.david-coin.com\/wp-content\/uploads\/2022\/05\/kloprijksdaalderAmerika-vz.jpg","width":800,"height":788},{"@type":"BreadcrumbList","@id":"https:\/\/www.david-coin.com\/product\/juliana-25-gulden-1962-met-klop-amerika\/#breadcrumb","itemListElement":[{"@type":"ListItem","position":1,"name":"Home","item":"https:\/\/www.david-coin.com\/"},{"@type":"ListItem","position":2,"name":"Winkel","item":"https:\/\/www.david-coin.com\/winkel\/"},{"@type":"ListItem","position":3,"name":"Juliana 2,5 gulden 1962 met klop Amerika"}]},{"@type":"WebSite","@id":"https:\/\/www.david-coin.com\/#website","url":"https:\/\/www.david-coin.com\/","name":"David Coin","description":"","publisher":{"@id":"https:\/\/www.david-coin.com\/#organization"},"potentialAction":[{"@type":"SearchAction","target":{"@type":"EntryPoint","urlTemplate":"https:\/\/www.david-coin.com\/?s={search_term_string}"},"query-input":{"@type":"PropertyValueSpecification","valueRequired":true,"valueName":"search_term_string"}}],"inLanguage":"fr-FR"},{"@type":"Organization","@id":"https:\/\/www.david-coin.com\/#organization","name":"David Coin","url":"https:\/\/www.david-coin.com\/","logo":{"@type":"ImageObject","inLanguage":"fr-FR","@id":"https:\/\/www.david-coin.com\/#\/schema\/logo\/image\/","url":"https:\/\/www.david-coin.com\/wp-content\/uploads\/2024\/04\/davidcoin-logo-final.png","contentUrl":"https:\/\/www.david-coin.com\/wp-content\/uploads\/2024\/04\/davidcoin-logo-final.png","width":800,"height":267,"caption":"David Coin"},"image":{"@id":"https:\/\/www.david-coin.com\/#\/schema\/logo\/image\/"},"sameAs":["https:\/\/www.facebook.com\/Davidcoininkoopenverkoop","https:\/\/www.youtube.com\/channel\/UC39lihLKFSPTff0w6tv0pWQ"]}]},"product_price_amount":"52.43","product_price_currency":"EUR","og_availability":"out of stock","product_availability":"out of stock","product_retailer_item_id":"15929","product_condition":"new"},"_links":{"self":[{"href":"https:\/\/www.david-coin.com\/fr\/wp-json\/wp\/v2\/product\/115096","targetHints":{"allow":["GET"]}}],"collection":[{"href":"https:\/\/www.david-coin.com\/fr\/wp-json\/wp\/v2\/product"}],"about":[{"href":"https:\/\/www.david-coin.com\/fr\/wp-json\/wp\/v2\/types\/product"}],"replies":[{"embeddable":true,"href":"https:\/\/www.david-coin.com\/fr\/wp-json\/wp\/v2\/comments?post=115096"}],"wp:featuredmedia":[{"embeddable":true,"href":"https:\/\/www.david-coin.com\/fr\/wp-json\/wp\/v2\/media\/115094"}],"wp:attachment":[{"href":"https:\/\/www.david-coin.com\/fr\/wp-json\/wp\/v2\/media?parent=115096"}],"wp:term":[{"taxonomy":"product_brand","embeddable":true,"href":"https:\/\/www.david-coin.com\/fr\/wp-json\/wp\/v2\/product_brand?post=115096"},{"taxonomy":"product_cat","embeddable":true,"href":"https:\/\/www.david-coin.com\/fr\/wp-json\/wp\/v2\/product_cat?post=115096"},{"taxonomy":"product_tag","embeddable":true,"href":"https:\/\/www.david-coin.com\/fr\/wp-json\/wp\/v2\/product_tag?post=115096"}],"curies":[{"name":"wp","href":"https:\/\/api.w.org\/{rel}","templated":true}]}}