{"id":114460,"date":"2022-03-02T16:11:44","date_gmt":"2022-03-02T16:11:44","guid":{"rendered":"https:\/\/www.david-coin.com\/product\/american-eagle-1-ounce-zilver-2021-type-2\/"},"modified":"2026-01-29T09:06:31","modified_gmt":"2026-01-29T08:06:31","slug":"american-eagle-1-ounce-zilver-2021-type-2","status":"publish","type":"product","link":"https:\/\/www.david-coin.com\/fr\/produit\/american-eagle-1-ounce-zilver-2021-type-2\/","title":{"rendered":"American Eagle 1 Once Argent 2021 (type 2)"},"content":{"rendered":"<p><span style=\"font-size: 12pt;\"><strong><span style=\"font-family: arial, helvetica, sans-serif;\">American Eagle 1 Once Argent 2021 (type 2)<br \/>\n<\/span><\/strong><\/span><\/p>\n<p><span style=\"font-size: 12pt;\"><span style=\"font-family: arial, helvetica, sans-serif; color: #000000;\">Le\u00a0<b>Aigle d'argent am\u00e9ricain<\/b>\u00a0est une pi\u00e8ce d'argent officielle des \u00c9tats-Unis.<\/span><\/span><\/p>\n<p><span style=\"font-size: 12pt;\"><span style=\"font-family: arial, helvetica, sans-serif; color: #000000;\">Elle a \u00e9t\u00e9 mise en circulation pour la premi\u00e8re fois par l'US Mint le 24 novembre 1986. Elle n'a \u00e9t\u00e9 frapp\u00e9e que pour un poids d'une once troy, soit 31,103 grammes. La pi\u00e8ce a une valeur faciale d'un dollar et est garantie contenir une once troy d'argent pur \u00e0 99,91 TTP3T. Son contenu, son poids et sa puret\u00e9 sont certifi\u00e9s par la Monnaie des \u00c9tats-Unis. Outre la version bullion, la Monnaie des \u00c9tats-Unis produit une version proof et une version Uncirculated pour les collectionneurs. Le Silver Eagle est produit en trois vari\u00e9t\u00e9s : \u00e0 la Monnaie de Philadelphie, \u00e0 la Monnaie de San Francisco et \u00e0 la Monnaie de West Point. L'American Silver Eagle est donc une pi\u00e8ce d'investissement tr\u00e8s r\u00e9pandue, appr\u00e9ci\u00e9e des collectionneurs et des investisseurs.<\/span><\/span><\/p>\n<p><span style=\"font-size: 12pt;\"><span style=\"font-family: arial, helvetica, sans-serif; color: #000000;\">VB Photo. Vous recevrez un exemplaire identique.<br \/>\nVoir les scans pour plus de d\u00e9tails.<br \/>\nPour toute question, n'h\u00e9sitez pas \u00e0 nous envoyer un message.<\/span><\/span><\/p>","protected":false},"excerpt":{"rendered":"<p>999\/1000<\/p>","protected":false},"featured_media":114458,"comment_status":"closed","ping_status":"closed","template":"","meta":[],"product_brand":[],"product_cat":[5484,5479,5566,5602,6290,5473,5760],"product_tag":[],"class_list":{"0":"post-114460","1":"product","2":"type-product","3":"status-publish","4":"has-post-thumbnail","6":"product_cat-amerika-verenigde-staten","7":"product_cat-edelmetaal-goud-kopen","8":"product_cat-noord-amerika","9":"product_cat-troy-ounce-munten","10":"product_cat-verenigde-staten-amerika","11":"product_cat-world-coins-romeinse-munten","12":"product_cat-zilveren-amerikaanse-eagles","13":"pa_land-verenigdestaten","14":"pa_materiaal-zilver","15":"pa_muntwaarde-1dollar","17":"first","18":"outofstock","19":"taxable","20":"shipping-taxable","21":"purchasable","22":"product-type-simple"},"yoast_head":"<!-- This site is optimized with the Yoast SEO Premium plugin v27.2 (Yoast SEO v27.4) - https:\/\/yoast.com\/product\/yoast-seo-premium-wordpress\/ -->\n<title>American Eagle 1 Ounce Zilver 2021 (type 2)<\/title>\n<meta name=\"description\" content=\"Zilveren Amerikaanse munten verkrijgbaar bij David-coin. Bekijk nu ons aanbod wereldmunten. Gratis verzending binnen Nederland vanaf 5.000 euro.\" \/>\n<meta name=\"robots\" content=\"index, follow, max-snippet:-1, max-image-preview:large, max-video-preview:-1\" \/>\n<link rel=\"canonical\" href=\"https:\/\/www.david-coin.com\/fr\/produit\/american-eagle-1-ounce-zilver-2021-type-2\/\" \/>\n<meta property=\"og:locale\" content=\"fr_FR\" \/>\n<meta property=\"og:type\" content=\"article\" \/>\n<meta property=\"og:title\" content=\"American Eagle 1 Ounce Zilver 2021 (type 2)\" \/>\n<meta property=\"og:description\" content=\"Zilveren Amerikaanse munten verkrijgbaar bij David-coin. Bekijk nu ons aanbod wereldmunten. Gratis verzending binnen Nederland vanaf 5.000 euro.\" \/>\n<meta property=\"og:url\" content=\"https:\/\/www.david-coin.com\/fr\/produit\/american-eagle-1-ounce-zilver-2021-type-2\/\" \/>\n<meta property=\"og:site_name\" content=\"David Coin\" \/>\n<meta property=\"article:publisher\" content=\"https:\/\/www.facebook.com\/Davidcoininkoopenverkoop\" \/>\n<meta property=\"article:modified_time\" content=\"2026-01-29T08:06:31+00:00\" \/>\n<meta property=\"og:image\" content=\"https:\/\/www.david-coin.com\/wp-content\/uploads\/2022\/03\/Amerika1dollar2021WA-vz.jpg\" \/>\n\t<meta property=\"og:image:width\" content=\"800\" \/>\n\t<meta property=\"og:image:height\" content=\"770\" \/>\n\t<meta property=\"og:image:type\" content=\"image\/jpeg\" \/>\n<meta name=\"twitter:card\" content=\"summary_large_image\" \/>\n<meta name=\"twitter:label1\" content=\"Prix\" \/>\n\t<meta name=\"twitter:data1\" content=\"&euro;&nbsp;96,18\" \/>\n\t<meta name=\"twitter:label2\" content=\"Disponibilit\u00e9\" \/>\n\t<meta name=\"twitter:data2\" content=\"Rupture de stock\" \/>\n<script type=\"application\/ld+json\" class=\"yoast-schema-graph\">{\"@context\":\"https:\\\/\\\/schema.org\",\"@graph\":[{\"@type\":\"WebPage\",\"@id\":\"https:\\\/\\\/www.david-coin.com\\\/product\\\/american-eagle-1-ounce-zilver-2021-type-2\\\/\",\"url\":\"https:\\\/\\\/www.david-coin.com\\\/product\\\/american-eagle-1-ounce-zilver-2021-type-2\\\/\",\"name\":\"American Eagle 1 Ounce Zilver 2021 (type 2)\",\"isPartOf\":{\"@id\":\"https:\\\/\\\/www.david-coin.com\\\/#website\"},\"primaryImageOfPage\":{\"@id\":\"https:\\\/\\\/www.david-coin.com\\\/product\\\/american-eagle-1-ounce-zilver-2021-type-2\\\/#primaryimage\"},\"image\":{\"@id\":\"https:\\\/\\\/www.david-coin.com\\\/product\\\/american-eagle-1-ounce-zilver-2021-type-2\\\/#primaryimage\"},\"thumbnailUrl\":\"https:\\\/\\\/www.david-coin.com\\\/wp-content\\\/uploads\\\/2022\\\/03\\\/Amerika1dollar2021WA-vz.jpg\",\"datePublished\":\"2022-03-02T16:11:44+00:00\",\"dateModified\":\"2026-01-29T08:06:31+00:00\",\"description\":\"Zilveren Amerikaanse munten verkrijgbaar bij David-coin. Bekijk nu ons aanbod wereldmunten. Gratis verzending binnen Nederland vanaf 5.000 euro.\",\"breadcrumb\":{\"@id\":\"https:\\\/\\\/www.david-coin.com\\\/product\\\/american-eagle-1-ounce-zilver-2021-type-2\\\/#breadcrumb\"},\"inLanguage\":\"fr-FR\",\"potentialAction\":[{\"@type\":\"ReadAction\",\"target\":[\"https:\\\/\\\/www.david-coin.com\\\/product\\\/american-eagle-1-ounce-zilver-2021-type-2\\\/\"]}]},{\"@type\":\"ImageObject\",\"inLanguage\":\"fr-FR\",\"@id\":\"https:\\\/\\\/www.david-coin.com\\\/product\\\/american-eagle-1-ounce-zilver-2021-type-2\\\/#primaryimage\",\"url\":\"https:\\\/\\\/www.david-coin.com\\\/wp-content\\\/uploads\\\/2022\\\/03\\\/Amerika1dollar2021WA-vz.jpg\",\"contentUrl\":\"https:\\\/\\\/www.david-coin.com\\\/wp-content\\\/uploads\\\/2022\\\/03\\\/Amerika1dollar2021WA-vz.jpg\",\"width\":800,\"height\":770},{\"@type\":\"BreadcrumbList\",\"@id\":\"https:\\\/\\\/www.david-coin.com\\\/product\\\/american-eagle-1-ounce-zilver-2021-type-2\\\/#breadcrumb\",\"itemListElement\":[{\"@type\":\"ListItem\",\"position\":1,\"name\":\"Home\",\"item\":\"https:\\\/\\\/www.david-coin.com\\\/\"},{\"@type\":\"ListItem\",\"position\":2,\"name\":\"Winkel\",\"item\":\"https:\\\/\\\/www.david-coin.com\\\/winkel\\\/\"},{\"@type\":\"ListItem\",\"position\":3,\"name\":\"American Eagle 1 Ounce Zilver 2021 (type 2)\"}]},{\"@type\":\"WebSite\",\"@id\":\"https:\\\/\\\/www.david-coin.com\\\/#website\",\"url\":\"https:\\\/\\\/www.david-coin.com\\\/\",\"name\":\"David Coin\",\"description\":\"\",\"publisher\":{\"@id\":\"https:\\\/\\\/www.david-coin.com\\\/#organization\"},\"potentialAction\":[{\"@type\":\"SearchAction\",\"target\":{\"@type\":\"EntryPoint\",\"urlTemplate\":\"https:\\\/\\\/www.david-coin.com\\\/?s={search_term_string}\"},\"query-input\":{\"@type\":\"PropertyValueSpecification\",\"valueRequired\":true,\"valueName\":\"search_term_string\"}}],\"inLanguage\":\"fr-FR\"},{\"@type\":\"Organization\",\"@id\":\"https:\\\/\\\/www.david-coin.com\\\/#organization\",\"name\":\"David Coin\",\"url\":\"https:\\\/\\\/www.david-coin.com\\\/\",\"logo\":{\"@type\":\"ImageObject\",\"inLanguage\":\"fr-FR\",\"@id\":\"https:\\\/\\\/www.david-coin.com\\\/#\\\/schema\\\/logo\\\/image\\\/\",\"url\":\"https:\\\/\\\/www.david-coin.com\\\/wp-content\\\/uploads\\\/2024\\\/04\\\/davidcoin-logo-final.png\",\"contentUrl\":\"https:\\\/\\\/www.david-coin.com\\\/wp-content\\\/uploads\\\/2024\\\/04\\\/davidcoin-logo-final.png\",\"width\":800,\"height\":267,\"caption\":\"David Coin\"},\"image\":{\"@id\":\"https:\\\/\\\/www.david-coin.com\\\/#\\\/schema\\\/logo\\\/image\\\/\"},\"sameAs\":[\"https:\\\/\\\/www.facebook.com\\\/Davidcoininkoopenverkoop\",\"https:\\\/\\\/www.youtube.com\\\/channel\\\/UC39lihLKFSPTff0w6tv0pWQ\"]}]}<\/script>\n<meta property=\"product:price:amount\" content=\"96.18\" \/>\n<meta property=\"product:price:currency\" content=\"EUR\" \/>\n<meta property=\"og:availability\" content=\"out of stock\" \/>\n<meta property=\"product:availability\" content=\"out of stock\" \/>\n<meta property=\"product:retailer_item_id\" content=\"9082\" \/>\n<meta property=\"product:condition\" content=\"new\" \/>\n<!-- \/ Yoast SEO Premium plugin. -->","yoast_head_json":{"title":"American Eagle 1 Once Argent 2021 (type 2)","description":"Zilveren Amerikaanse munten verkrijgbaar bij David-coin. Bekijk nu ons aanbod wereldmunten. Gratis verzending binnen Nederland vanaf 5.000 euro.","robots":{"index":"index","follow":"follow","max-snippet":"max-snippet:-1","max-image-preview":"max-image-preview:large","max-video-preview":"max-video-preview:-1"},"canonical":"https:\/\/www.david-coin.com\/fr\/produit\/american-eagle-1-ounce-zilver-2021-type-2\/","og_locale":"fr_FR","og_type":"article","og_title":"American Eagle 1 Ounce Zilver 2021 (type 2)","og_description":"Zilveren Amerikaanse munten verkrijgbaar bij David-coin. Bekijk nu ons aanbod wereldmunten. Gratis verzending binnen Nederland vanaf 5.000 euro.","og_url":"https:\/\/www.david-coin.com\/fr\/produit\/american-eagle-1-ounce-zilver-2021-type-2\/","og_site_name":"David Coin","article_publisher":"https:\/\/www.facebook.com\/Davidcoininkoopenverkoop","article_modified_time":"2026-01-29T08:06:31+00:00","og_image":[{"width":800,"height":770,"url":"https:\/\/www.david-coin.com\/wp-content\/uploads\/2022\/03\/Amerika1dollar2021WA-vz.jpg","type":"image\/jpeg"}],"twitter_card":"summary_large_image","twitter_misc":{"Prix":"&euro;&nbsp;96,18","Disponibilit\u00e9":"Rupture de stock"},"schema":{"@context":"https:\/\/schema.org","@graph":[{"@type":"WebPage","@id":"https:\/\/www.david-coin.com\/product\/american-eagle-1-ounce-zilver-2021-type-2\/","url":"https:\/\/www.david-coin.com\/product\/american-eagle-1-ounce-zilver-2021-type-2\/","name":"American Eagle 1 Once Argent 2021 (type 2)","isPartOf":{"@id":"https:\/\/www.david-coin.com\/#website"},"primaryImageOfPage":{"@id":"https:\/\/www.david-coin.com\/product\/american-eagle-1-ounce-zilver-2021-type-2\/#primaryimage"},"image":{"@id":"https:\/\/www.david-coin.com\/product\/american-eagle-1-ounce-zilver-2021-type-2\/#primaryimage"},"thumbnailUrl":"https:\/\/www.david-coin.com\/wp-content\/uploads\/2022\/03\/Amerika1dollar2021WA-vz.jpg","datePublished":"2022-03-02T16:11:44+00:00","dateModified":"2026-01-29T08:06:31+00:00","description":"Zilveren Amerikaanse munten verkrijgbaar bij David-coin. Bekijk nu ons aanbod wereldmunten. Gratis verzending binnen Nederland vanaf 5.000 euro.","breadcrumb":{"@id":"https:\/\/www.david-coin.com\/product\/american-eagle-1-ounce-zilver-2021-type-2\/#breadcrumb"},"inLanguage":"fr-FR","potentialAction":[{"@type":"ReadAction","target":["https:\/\/www.david-coin.com\/product\/american-eagle-1-ounce-zilver-2021-type-2\/"]}]},{"@type":"ImageObject","inLanguage":"fr-FR","@id":"https:\/\/www.david-coin.com\/product\/american-eagle-1-ounce-zilver-2021-type-2\/#primaryimage","url":"https:\/\/www.david-coin.com\/wp-content\/uploads\/2022\/03\/Amerika1dollar2021WA-vz.jpg","contentUrl":"https:\/\/www.david-coin.com\/wp-content\/uploads\/2022\/03\/Amerika1dollar2021WA-vz.jpg","width":800,"height":770},{"@type":"BreadcrumbList","@id":"https:\/\/www.david-coin.com\/product\/american-eagle-1-ounce-zilver-2021-type-2\/#breadcrumb","itemListElement":[{"@type":"ListItem","position":1,"name":"Home","item":"https:\/\/www.david-coin.com\/"},{"@type":"ListItem","position":2,"name":"Winkel","item":"https:\/\/www.david-coin.com\/winkel\/"},{"@type":"ListItem","position":3,"name":"American Eagle 1 Ounce Zilver 2021 (type 2)"}]},{"@type":"WebSite","@id":"https:\/\/www.david-coin.com\/#website","url":"https:\/\/www.david-coin.com\/","name":"David Coin","description":"","publisher":{"@id":"https:\/\/www.david-coin.com\/#organization"},"potentialAction":[{"@type":"SearchAction","target":{"@type":"EntryPoint","urlTemplate":"https:\/\/www.david-coin.com\/?s={search_term_string}"},"query-input":{"@type":"PropertyValueSpecification","valueRequired":true,"valueName":"search_term_string"}}],"inLanguage":"fr-FR"},{"@type":"Organization","@id":"https:\/\/www.david-coin.com\/#organization","name":"David Coin","url":"https:\/\/www.david-coin.com\/","logo":{"@type":"ImageObject","inLanguage":"fr-FR","@id":"https:\/\/www.david-coin.com\/#\/schema\/logo\/image\/","url":"https:\/\/www.david-coin.com\/wp-content\/uploads\/2024\/04\/davidcoin-logo-final.png","contentUrl":"https:\/\/www.david-coin.com\/wp-content\/uploads\/2024\/04\/davidcoin-logo-final.png","width":800,"height":267,"caption":"David Coin"},"image":{"@id":"https:\/\/www.david-coin.com\/#\/schema\/logo\/image\/"},"sameAs":["https:\/\/www.facebook.com\/Davidcoininkoopenverkoop","https:\/\/www.youtube.com\/channel\/UC39lihLKFSPTff0w6tv0pWQ"]}]},"product_price_amount":"96.18","product_price_currency":"EUR","og_availability":"out of stock","product_availability":"out of stock","product_retailer_item_id":"9082","product_condition":"new"},"_links":{"self":[{"href":"https:\/\/www.david-coin.com\/fr\/wp-json\/wp\/v2\/product\/114460","targetHints":{"allow":["GET"]}}],"collection":[{"href":"https:\/\/www.david-coin.com\/fr\/wp-json\/wp\/v2\/product"}],"about":[{"href":"https:\/\/www.david-coin.com\/fr\/wp-json\/wp\/v2\/types\/product"}],"replies":[{"embeddable":true,"href":"https:\/\/www.david-coin.com\/fr\/wp-json\/wp\/v2\/comments?post=114460"}],"wp:featuredmedia":[{"embeddable":true,"href":"https:\/\/www.david-coin.com\/fr\/wp-json\/wp\/v2\/media\/114458"}],"wp:attachment":[{"href":"https:\/\/www.david-coin.com\/fr\/wp-json\/wp\/v2\/media?parent=114460"}],"wp:term":[{"taxonomy":"product_brand","embeddable":true,"href":"https:\/\/www.david-coin.com\/fr\/wp-json\/wp\/v2\/product_brand?post=114460"},{"taxonomy":"product_cat","embeddable":true,"href":"https:\/\/www.david-coin.com\/fr\/wp-json\/wp\/v2\/product_cat?post=114460"},{"taxonomy":"product_tag","embeddable":true,"href":"https:\/\/www.david-coin.com\/fr\/wp-json\/wp\/v2\/product_tag?post=114460"}],"curies":[{"name":"wp","href":"https:\/\/api.w.org\/{rel}","templated":true}]}}