{"id":114077,"date":"2022-01-17T15:55:37","date_gmt":"2022-01-17T15:55:37","guid":{"rendered":"https:\/\/www.david-coin.com\/product\/nederland-1-gulden-1943-wilhelmina-buiten-omloop-gesteld\/"},"modified":"2026-01-27T17:44:05","modified_gmt":"2026-01-27T16:44:05","slug":"nederland-1-gulden-1943-wilhelmina-buiten-omloop-gesteld","status":"publish","type":"product","link":"https:\/\/www.david-coin.com\/fr\/produit\/nederland-1-gulden-1943-wilhelmina-buiten-omloop-gesteld\/","title":{"rendered":"Pays-Bas 1 florin 1943 Wilhelmina retir\u00e9 de la circulation"},"content":{"rendered":"<p><span style=\"font-size: 12pt;\">Pays-Bas 1 florin 1943 Wilhelmina retir\u00e9 de la circulation<\/span><br \/>\n<span style=\"font-size: 12pt; font-family: arial, helvetica, sans-serif;\"> NVMH:05-1<\/span><br \/>\n<span style=\"font-size: 12pt;\"><span style=\"font-family: arial, helvetica, sans-serif;\"> Plomp: PL5<br \/>\n<\/span><span style=\"font-family: arial, helvetica, sans-serif;\">Stempel:Bo2.c<br \/>\n<\/span><\/span><\/p>\n<p>Pendant la Seconde Guerre mondiale, les Alli\u00e9s se pr\u00e9parent d\u00e8s 1943 \u00e0 l'invasion qui aura lieu en 1944. Le billet d'un florin avec <a href=\"https:\/\/www.david-coin.com\/fr\/categorie-produit\/nederlandse-munten\/wilhelmina-1890-1948\/?jsf=jet-woo-products-grid&#038;pagenum=4\"> Reine Wilhelmina<\/a> Il fait donc partie d'un pan particulier de l'histoire n\u00e9erlandaise. Lors de la lib\u00e9ration des r\u00e9gions, les soldats devaient \u00e9galement recevoir de l'argent \u00e0 d\u00e9penser dans les zones lib\u00e9r\u00e9es, car il \u00e9tait difficile d'\u00e9mettre de la monnaie \u00e9trang\u00e8re dans des r\u00e9gions o\u00f9 le taux de change de cette monnaie n'\u00e9tait pas connu et o\u00f9 de nombreux habitants ne connaissaient pas la monnaie et ne l'accepteraient probablement pas. Le minist\u00e8re des Finances a donc d\u00e9cid\u00e9 d'imprimer des florins n\u00e9erlandais aux \u00c9tats-Unis, et ces billets de monnaie portaient donc l'image de la reine Wilhelmine au recto. Le billet d'un florin a \u00e9t\u00e9 \u00e9mis en 1943 et porte la signature de Johannes van den Broek (ministre des Finances) au recto. La s\u00e9rie de florins imprim\u00e9s en Am\u00e9rique comprenait \u00e9galement le :<br \/>\n&#8211;\t<a href=\"https:\/\/www.david-coin.com\/fr\/produit\/nederland-25-gulden-1943-wilhelmina-pmg64-epq\/\">Billet de deux florins et demi 1943<\/a>;<br \/>\n&#8211;\t<a href=\"https:\/\/www.david-coin.com\/fr\/produit\/nederland-10-gulden-1943-wilhelmina-1\/\">Billet de dix florins 1943<\/a>;<br \/>\n&#8211;\t<a href=\"https:\/\/www.david-coin.com\/fr\/produit\/nederland-25-gulden-1943-wilhelmina-1\/\">Billet de vingt-cinq florins 1943<\/a>;<br \/>\n&#8211;\t<a href=\"https:\/\/www.david-coin.com\/fr\/produit\/nederland-50-gulden-1943-wilhelmina\/\">Billet de cinquante florins 1943 ; <\/a><br \/>\n&#8211;\t<a href=\"https:\/\/www.david-coin.com\/fr\/produit\/nederland-100-gulden-1943-wilhelmina-pmg64\/\">Billet de cent florins 1943.<\/a><br \/>\nComme les billets de 1943 avaient d\u00e9j\u00e0 \u00e9t\u00e9 \u00e9mis avant la lib\u00e9ration des Pays-Bas septentrionaux, certains d'entre eux se sont retrouv\u00e9s dans le circuit de l'argent noir du territoire occup\u00e9, raison pour laquelle la s\u00e9rie a \u00e9t\u00e9 retir\u00e9e de la circulation lors de la purge mon\u00e9taire de 1945. <\/p>\n<p><span style=\"font-size: 12pt; font-family: arial, helvetica, sans-serif;\"> Voir les scans pour plus de d\u00e9tails. <\/span><br \/>\n<span style=\"font-size: 12pt; font-family: arial, helvetica, sans-serif;\"> Pour toute question, n'h\u00e9sitez pas \u00e0 nous envoyer un message.<\/span><\/p>","protected":false},"excerpt":{"rendered":"<p>NVMH:05-1<\/p>","protected":false},"featured_media":114075,"comment_status":"closed","ping_status":"closed","template":"","meta":[],"product_brand":[],"product_cat":[5488,5472],"product_tag":[],"class_list":{"0":"post-114077","1":"product","2":"type-product","3":"status-publish","4":"has-post-thumbnail","6":"product_cat-1-gulden-biljet","7":"product_cat-nederlandse-bankbiljetten","8":"pa_bankbiljetwaarde-1gulden","9":"pa_delcampeid-5280","10":"pa_kwaliteit-zeer-fraai","11":"pa_land-nederland","13":"first","14":"instock","15":"taxable","16":"shipping-taxable","17":"purchasable","18":"product-type-simple"},"yoast_head":"<!-- This site is optimized with the Yoast SEO Premium plugin v27.2 (Yoast SEO v27.4) - https:\/\/yoast.com\/product\/yoast-seo-premium-wordpress\/ -->\n<title>Nederland 1 Gulden 1943 Wilhelmina Buiten omloop gesteld<\/title>\n<meta name=\"description\" content=\"Nederlandse Bankbiljetten van 1 gulden t\/m 1000 gulden. Inclusief varianten, buiten omloop stempels, specimen, etc. Bekijk nu ons volledige aanbod.\" \/>\n<meta name=\"robots\" content=\"index, follow, max-snippet:-1, max-image-preview:large, max-video-preview:-1\" \/>\n<link rel=\"canonical\" href=\"https:\/\/www.david-coin.com\/fr\/produit\/nederland-1-gulden-1943-wilhelmina-buiten-omloop-gesteld\/\" \/>\n<meta property=\"og:locale\" content=\"fr_FR\" \/>\n<meta property=\"og:type\" content=\"article\" \/>\n<meta property=\"og:title\" content=\"Nederland 1 Gulden 1943 Wilhelmina Buiten omloop gesteld\" \/>\n<meta property=\"og:description\" content=\"Nederlandse Bankbiljetten van 1 gulden t\/m 1000 gulden. Inclusief varianten, buiten omloop stempels, specimen, etc. Bekijk nu ons volledige aanbod.\" \/>\n<meta property=\"og:url\" content=\"https:\/\/www.david-coin.com\/fr\/produit\/nederland-1-gulden-1943-wilhelmina-buiten-omloop-gesteld\/\" \/>\n<meta property=\"og:site_name\" content=\"David Coin\" \/>\n<meta property=\"article:publisher\" content=\"https:\/\/www.facebook.com\/Davidcoininkoopenverkoop\" \/>\n<meta property=\"article:modified_time\" content=\"2026-01-27T16:44:05+00:00\" \/>\n<meta property=\"og:image\" content=\"https:\/\/www.david-coin.com\/wp-content\/uploads\/2022\/01\/1g1943bovz.jpg\" \/>\n\t<meta property=\"og:image:width\" content=\"800\" \/>\n\t<meta property=\"og:image:height\" content=\"472\" \/>\n\t<meta property=\"og:image:type\" content=\"image\/jpeg\" \/>\n<meta name=\"twitter:card\" content=\"summary_large_image\" \/>\n<meta name=\"twitter:label1\" content=\"Prix\" \/>\n\t<meta name=\"twitter:data1\" content=\"&euro;&nbsp;59,50\" \/>\n\t<meta name=\"twitter:label2\" content=\"Disponibilit\u00e9\" \/>\n\t<meta name=\"twitter:data2\" content=\"En stock\" \/>\n<script type=\"application\/ld+json\" class=\"yoast-schema-graph\">{\"@context\":\"https:\\\/\\\/schema.org\",\"@graph\":[{\"@type\":\"WebPage\",\"@id\":\"https:\\\/\\\/www.david-coin.com\\\/product\\\/nederland-1-gulden-1943-wilhelmina-buiten-omloop-gesteld\\\/\",\"url\":\"https:\\\/\\\/www.david-coin.com\\\/product\\\/nederland-1-gulden-1943-wilhelmina-buiten-omloop-gesteld\\\/\",\"name\":\"Nederland 1 Gulden 1943 Wilhelmina Buiten omloop gesteld\",\"isPartOf\":{\"@id\":\"https:\\\/\\\/www.david-coin.com\\\/#website\"},\"primaryImageOfPage\":{\"@id\":\"https:\\\/\\\/www.david-coin.com\\\/product\\\/nederland-1-gulden-1943-wilhelmina-buiten-omloop-gesteld\\\/#primaryimage\"},\"image\":{\"@id\":\"https:\\\/\\\/www.david-coin.com\\\/product\\\/nederland-1-gulden-1943-wilhelmina-buiten-omloop-gesteld\\\/#primaryimage\"},\"thumbnailUrl\":\"https:\\\/\\\/www.david-coin.com\\\/wp-content\\\/uploads\\\/2022\\\/01\\\/1g1943bovz.jpg\",\"datePublished\":\"2022-01-17T15:55:37+00:00\",\"dateModified\":\"2026-01-27T16:44:05+00:00\",\"description\":\"Nederlandse Bankbiljetten van 1 gulden t\\\/m 1000 gulden. Inclusief varianten, buiten omloop stempels, specimen, etc. Bekijk nu ons volledige aanbod.\",\"breadcrumb\":{\"@id\":\"https:\\\/\\\/www.david-coin.com\\\/product\\\/nederland-1-gulden-1943-wilhelmina-buiten-omloop-gesteld\\\/#breadcrumb\"},\"inLanguage\":\"fr-FR\",\"potentialAction\":[{\"@type\":\"ReadAction\",\"target\":[\"https:\\\/\\\/www.david-coin.com\\\/product\\\/nederland-1-gulden-1943-wilhelmina-buiten-omloop-gesteld\\\/\"]}]},{\"@type\":\"ImageObject\",\"inLanguage\":\"fr-FR\",\"@id\":\"https:\\\/\\\/www.david-coin.com\\\/product\\\/nederland-1-gulden-1943-wilhelmina-buiten-omloop-gesteld\\\/#primaryimage\",\"url\":\"https:\\\/\\\/www.david-coin.com\\\/wp-content\\\/uploads\\\/2022\\\/01\\\/1g1943bovz.jpg\",\"contentUrl\":\"https:\\\/\\\/www.david-coin.com\\\/wp-content\\\/uploads\\\/2022\\\/01\\\/1g1943bovz.jpg\",\"width\":800,\"height\":472},{\"@type\":\"BreadcrumbList\",\"@id\":\"https:\\\/\\\/www.david-coin.com\\\/product\\\/nederland-1-gulden-1943-wilhelmina-buiten-omloop-gesteld\\\/#breadcrumb\",\"itemListElement\":[{\"@type\":\"ListItem\",\"position\":1,\"name\":\"Home\",\"item\":\"https:\\\/\\\/www.david-coin.com\\\/\"},{\"@type\":\"ListItem\",\"position\":2,\"name\":\"Winkel\",\"item\":\"https:\\\/\\\/www.david-coin.com\\\/winkel\\\/\"},{\"@type\":\"ListItem\",\"position\":3,\"name\":\"Nederland 1 Gulden 1943 Wilhelmina Buiten omloop gesteld\"}]},{\"@type\":\"WebSite\",\"@id\":\"https:\\\/\\\/www.david-coin.com\\\/#website\",\"url\":\"https:\\\/\\\/www.david-coin.com\\\/\",\"name\":\"David Coin\",\"description\":\"\",\"publisher\":{\"@id\":\"https:\\\/\\\/www.david-coin.com\\\/#organization\"},\"potentialAction\":[{\"@type\":\"SearchAction\",\"target\":{\"@type\":\"EntryPoint\",\"urlTemplate\":\"https:\\\/\\\/www.david-coin.com\\\/?s={search_term_string}\"},\"query-input\":{\"@type\":\"PropertyValueSpecification\",\"valueRequired\":true,\"valueName\":\"search_term_string\"}}],\"inLanguage\":\"fr-FR\"},{\"@type\":\"Organization\",\"@id\":\"https:\\\/\\\/www.david-coin.com\\\/#organization\",\"name\":\"David Coin\",\"url\":\"https:\\\/\\\/www.david-coin.com\\\/\",\"logo\":{\"@type\":\"ImageObject\",\"inLanguage\":\"fr-FR\",\"@id\":\"https:\\\/\\\/www.david-coin.com\\\/#\\\/schema\\\/logo\\\/image\\\/\",\"url\":\"https:\\\/\\\/www.david-coin.com\\\/wp-content\\\/uploads\\\/2024\\\/04\\\/davidcoin-logo-final.png\",\"contentUrl\":\"https:\\\/\\\/www.david-coin.com\\\/wp-content\\\/uploads\\\/2024\\\/04\\\/davidcoin-logo-final.png\",\"width\":800,\"height\":267,\"caption\":\"David Coin\"},\"image\":{\"@id\":\"https:\\\/\\\/www.david-coin.com\\\/#\\\/schema\\\/logo\\\/image\\\/\"},\"sameAs\":[\"https:\\\/\\\/www.facebook.com\\\/Davidcoininkoopenverkoop\",\"https:\\\/\\\/www.youtube.com\\\/channel\\\/UC39lihLKFSPTff0w6tv0pWQ\"]}]}<\/script>\n<meta property=\"product:price:amount\" content=\"59.50\" \/>\n<meta property=\"product:price:currency\" content=\"EUR\" \/>\n<meta property=\"og:availability\" content=\"instock\" \/>\n<meta property=\"product:availability\" content=\"instock\" \/>\n<meta property=\"product:retailer_item_id\" content=\"2340\" \/>\n<meta property=\"product:condition\" content=\"new\" \/>\n<!-- \/ Yoast SEO Premium plugin. -->","yoast_head_json":{"title":"Pays-Bas 1 florin 1943 Wilhelmina retir\u00e9 de la circulation","description":"Nederlandse Bankbiljetten van 1 gulden t\/m 1000 gulden. Inclusief varianten, buiten omloop stempels, specimen, etc. Bekijk nu ons volledige aanbod.","robots":{"index":"index","follow":"follow","max-snippet":"max-snippet:-1","max-image-preview":"max-image-preview:large","max-video-preview":"max-video-preview:-1"},"canonical":"https:\/\/www.david-coin.com\/fr\/produit\/nederland-1-gulden-1943-wilhelmina-buiten-omloop-gesteld\/","og_locale":"fr_FR","og_type":"article","og_title":"Nederland 1 Gulden 1943 Wilhelmina Buiten omloop gesteld","og_description":"Nederlandse Bankbiljetten van 1 gulden t\/m 1000 gulden. Inclusief varianten, buiten omloop stempels, specimen, etc. Bekijk nu ons volledige aanbod.","og_url":"https:\/\/www.david-coin.com\/fr\/produit\/nederland-1-gulden-1943-wilhelmina-buiten-omloop-gesteld\/","og_site_name":"David Coin","article_publisher":"https:\/\/www.facebook.com\/Davidcoininkoopenverkoop","article_modified_time":"2026-01-27T16:44:05+00:00","og_image":[{"width":800,"height":472,"url":"https:\/\/www.david-coin.com\/wp-content\/uploads\/2022\/01\/1g1943bovz.jpg","type":"image\/jpeg"}],"twitter_card":"summary_large_image","twitter_misc":{"Prix":"&euro;&nbsp;59,50","Disponibilit\u00e9":"En stock"},"schema":{"@context":"https:\/\/schema.org","@graph":[{"@type":"WebPage","@id":"https:\/\/www.david-coin.com\/product\/nederland-1-gulden-1943-wilhelmina-buiten-omloop-gesteld\/","url":"https:\/\/www.david-coin.com\/product\/nederland-1-gulden-1943-wilhelmina-buiten-omloop-gesteld\/","name":"Pays-Bas 1 florin 1943 Wilhelmina retir\u00e9 de la circulation","isPartOf":{"@id":"https:\/\/www.david-coin.com\/#website"},"primaryImageOfPage":{"@id":"https:\/\/www.david-coin.com\/product\/nederland-1-gulden-1943-wilhelmina-buiten-omloop-gesteld\/#primaryimage"},"image":{"@id":"https:\/\/www.david-coin.com\/product\/nederland-1-gulden-1943-wilhelmina-buiten-omloop-gesteld\/#primaryimage"},"thumbnailUrl":"https:\/\/www.david-coin.com\/wp-content\/uploads\/2022\/01\/1g1943bovz.jpg","datePublished":"2022-01-17T15:55:37+00:00","dateModified":"2026-01-27T16:44:05+00:00","description":"Nederlandse Bankbiljetten van 1 gulden t\/m 1000 gulden. Inclusief varianten, buiten omloop stempels, specimen, etc. Bekijk nu ons volledige aanbod.","breadcrumb":{"@id":"https:\/\/www.david-coin.com\/product\/nederland-1-gulden-1943-wilhelmina-buiten-omloop-gesteld\/#breadcrumb"},"inLanguage":"fr-FR","potentialAction":[{"@type":"ReadAction","target":["https:\/\/www.david-coin.com\/product\/nederland-1-gulden-1943-wilhelmina-buiten-omloop-gesteld\/"]}]},{"@type":"ImageObject","inLanguage":"fr-FR","@id":"https:\/\/www.david-coin.com\/product\/nederland-1-gulden-1943-wilhelmina-buiten-omloop-gesteld\/#primaryimage","url":"https:\/\/www.david-coin.com\/wp-content\/uploads\/2022\/01\/1g1943bovz.jpg","contentUrl":"https:\/\/www.david-coin.com\/wp-content\/uploads\/2022\/01\/1g1943bovz.jpg","width":800,"height":472},{"@type":"BreadcrumbList","@id":"https:\/\/www.david-coin.com\/product\/nederland-1-gulden-1943-wilhelmina-buiten-omloop-gesteld\/#breadcrumb","itemListElement":[{"@type":"ListItem","position":1,"name":"Home","item":"https:\/\/www.david-coin.com\/"},{"@type":"ListItem","position":2,"name":"Winkel","item":"https:\/\/www.david-coin.com\/winkel\/"},{"@type":"ListItem","position":3,"name":"Nederland 1 Gulden 1943 Wilhelmina Buiten omloop gesteld"}]},{"@type":"WebSite","@id":"https:\/\/www.david-coin.com\/#website","url":"https:\/\/www.david-coin.com\/","name":"David Coin","description":"","publisher":{"@id":"https:\/\/www.david-coin.com\/#organization"},"potentialAction":[{"@type":"SearchAction","target":{"@type":"EntryPoint","urlTemplate":"https:\/\/www.david-coin.com\/?s={search_term_string}"},"query-input":{"@type":"PropertyValueSpecification","valueRequired":true,"valueName":"search_term_string"}}],"inLanguage":"fr-FR"},{"@type":"Organization","@id":"https:\/\/www.david-coin.com\/#organization","name":"David Coin","url":"https:\/\/www.david-coin.com\/","logo":{"@type":"ImageObject","inLanguage":"fr-FR","@id":"https:\/\/www.david-coin.com\/#\/schema\/logo\/image\/","url":"https:\/\/www.david-coin.com\/wp-content\/uploads\/2024\/04\/davidcoin-logo-final.png","contentUrl":"https:\/\/www.david-coin.com\/wp-content\/uploads\/2024\/04\/davidcoin-logo-final.png","width":800,"height":267,"caption":"David Coin"},"image":{"@id":"https:\/\/www.david-coin.com\/#\/schema\/logo\/image\/"},"sameAs":["https:\/\/www.facebook.com\/Davidcoininkoopenverkoop","https:\/\/www.youtube.com\/channel\/UC39lihLKFSPTff0w6tv0pWQ"]}]},"product_price_amount":"59.50","product_price_currency":"EUR","og_availability":"instock","product_availability":"instock","product_retailer_item_id":"2340","product_condition":"new"},"_links":{"self":[{"href":"https:\/\/www.david-coin.com\/fr\/wp-json\/wp\/v2\/product\/114077","targetHints":{"allow":["GET"]}}],"collection":[{"href":"https:\/\/www.david-coin.com\/fr\/wp-json\/wp\/v2\/product"}],"about":[{"href":"https:\/\/www.david-coin.com\/fr\/wp-json\/wp\/v2\/types\/product"}],"replies":[{"embeddable":true,"href":"https:\/\/www.david-coin.com\/fr\/wp-json\/wp\/v2\/comments?post=114077"}],"wp:featuredmedia":[{"embeddable":true,"href":"https:\/\/www.david-coin.com\/fr\/wp-json\/wp\/v2\/media\/114075"}],"wp:attachment":[{"href":"https:\/\/www.david-coin.com\/fr\/wp-json\/wp\/v2\/media?parent=114077"}],"wp:term":[{"taxonomy":"product_brand","embeddable":true,"href":"https:\/\/www.david-coin.com\/fr\/wp-json\/wp\/v2\/product_brand?post=114077"},{"taxonomy":"product_cat","embeddable":true,"href":"https:\/\/www.david-coin.com\/fr\/wp-json\/wp\/v2\/product_cat?post=114077"},{"taxonomy":"product_tag","embeddable":true,"href":"https:\/\/www.david-coin.com\/fr\/wp-json\/wp\/v2\/product_tag?post=114077"}],"curies":[{"name":"wp","href":"https:\/\/api.w.org\/{rel}","templated":true}]}}