{"id":113586,"date":"2021-12-01T10:51:19","date_gmt":"2021-12-01T10:51:19","guid":{"rendered":"https:\/\/www.david-coin.com\/product\/nederland-themaset-2005-60-jaar-bevrijding\/"},"modified":"2026-01-28T11:26:52","modified_gmt":"2026-01-28T10:26:52","slug":"nederland-themaset-2005-60-jaar-bevrijding","status":"publish","type":"product","link":"https:\/\/www.david-coin.com\/fr\/produit\/nederland-themaset-2005-60-jaar-bevrijding\/","title":{"rendered":"Le th\u00e8me des Pays-Bas pour 2005 : 60 ans de lib\u00e9ration"},"content":{"rendered":"<p>Le th\u00e8me des Pays-Bas pour 2005 : 60 ans de lib\u00e9ration<br \/>Bevat de 1 cent t\/m de 2 euro in BU-kwaliteit geslagen.<br \/>Inclusief zilveren Koninklijke Nederlandse munt bevrijdingspenning, zilveren\u00a025 cents Canada van de Royal Canadian Mint 2005\u00a0en extra, in de set vermeldde informatie betreffende het thema.<\/p>\n<p>Voir les scans pour plus de d\u00e9tails.<br \/>Pour toute question, n'h\u00e9sitez pas \u00e0 nous envoyer un message.<\/p>","protected":false},"excerpt":{"rendered":"<p>Nederland themaset 2005 60 jaar bevrijdingBevat de 1 cent t\/m de 2 euro in BU-kwaliteit geslagen.Inclusief zilveren Koninklijke Nederlandse munt bevrijdingspenning, zilveren\u00a025 cents Canada van de Royal Canadian Mint 2005\u00a0en extra, in de set vermeldde informatie betreffende het thema. Zie scans voor meer details.Voor vragen, stuur ons gerust een bericht.<\/p>","protected":false},"featured_media":108552,"comment_status":"closed","ping_status":"closed","template":"","meta":[],"product_brand":[],"product_cat":[5478,5622,5919,5563],"product_tag":[],"class_list":{"0":"post-113586","1":"product","2":"type-product","3":"status-publish","4":"has-post-thumbnail","6":"product_cat-zeldzame-euromunten","7":"product_cat-fdc-en-bu-sets-eurolanden","8":"product_cat-nederlandse-muntsets","9":"product_cat-themasets","10":"pa_delcampeid-5265","11":"pa_koning-koningin-beatrix","12":"pa_kwaliteit-bu","13":"pa_land-nederland","14":"pa_muntwaarde-set","15":"pa_soort-muntset","17":"first","18":"outofstock","19":"taxable","20":"shipping-taxable","21":"purchasable","22":"product-type-simple"},"yoast_head":"<!-- This site is optimized with the Yoast SEO Premium plugin v27.2 (Yoast SEO v27.5) - https:\/\/yoast.com\/product\/yoast-seo-premium-wordpress\/ -->\n<title>Nederland themaset 2005 60 jaar bevrijding<\/title>\n<meta name=\"description\" content=\"Euromunten in themasets verkrijgbaar bij David-coin. Bekijk ons complete aanbod. Gratis verzending binnen Nederland vanaf 75 euro.\" \/>\n<meta name=\"robots\" content=\"index, follow, max-snippet:-1, max-image-preview:large, max-video-preview:-1\" \/>\n<link rel=\"canonical\" href=\"https:\/\/www.david-coin.com\/fr\/produit\/nederland-themaset-2005-60-jaar-bevrijding\/\" \/>\n<meta property=\"og:locale\" content=\"fr_FR\" \/>\n<meta property=\"og:type\" content=\"article\" \/>\n<meta property=\"og:title\" content=\"Nederland themaset 2005 60 jaar bevrijding\" \/>\n<meta property=\"og:description\" content=\"Euromunten in themasets verkrijgbaar bij David-coin. Bekijk ons complete aanbod. Gratis verzending binnen Nederland vanaf 75 euro.\" \/>\n<meta property=\"og:url\" content=\"https:\/\/www.david-coin.com\/fr\/produit\/nederland-themaset-2005-60-jaar-bevrijding\/\" \/>\n<meta property=\"og:site_name\" content=\"David Coin\" \/>\n<meta property=\"article:publisher\" content=\"https:\/\/www.facebook.com\/Davidcoininkoopenverkoop\" \/>\n<meta property=\"article:modified_time\" content=\"2026-01-28T10:26:52+00:00\" \/>\n<meta property=\"og:image\" content=\"https:\/\/www.david-coin.com\/wp-content\/uploads\/2021\/12\/60jaarbevrijdingvz.jpg\" \/>\n\t<meta property=\"og:image:width\" content=\"800\" \/>\n\t<meta property=\"og:image:height\" content=\"795\" \/>\n\t<meta property=\"og:image:type\" content=\"image\/jpeg\" \/>\n<meta name=\"twitter:card\" content=\"summary_large_image\" \/>\n<meta name=\"twitter:label1\" content=\"Prix\" \/>\n\t<meta name=\"twitter:data1\" content=\"&euro;&nbsp;49,95\" \/>\n\t<meta name=\"twitter:label2\" content=\"Disponibilit\u00e9\" \/>\n\t<meta name=\"twitter:data2\" content=\"Rupture de stock\" \/>\n<script type=\"application\/ld+json\" class=\"yoast-schema-graph\">{\"@context\":\"https:\\\/\\\/schema.org\",\"@graph\":[{\"@type\":\"WebPage\",\"@id\":\"https:\\\/\\\/www.david-coin.com\\\/product\\\/nederland-themaset-2005-60-jaar-bevrijding\\\/\",\"url\":\"https:\\\/\\\/www.david-coin.com\\\/product\\\/nederland-themaset-2005-60-jaar-bevrijding\\\/\",\"name\":\"Nederland themaset 2005 60 jaar bevrijding\",\"isPartOf\":{\"@id\":\"https:\\\/\\\/www.david-coin.com\\\/#website\"},\"primaryImageOfPage\":{\"@id\":\"https:\\\/\\\/www.david-coin.com\\\/product\\\/nederland-themaset-2005-60-jaar-bevrijding\\\/#primaryimage\"},\"image\":{\"@id\":\"https:\\\/\\\/www.david-coin.com\\\/product\\\/nederland-themaset-2005-60-jaar-bevrijding\\\/#primaryimage\"},\"thumbnailUrl\":\"https:\\\/\\\/www.david-coin.com\\\/wp-content\\\/uploads\\\/2021\\\/12\\\/60jaarbevrijdingvz.jpg\",\"datePublished\":\"2021-12-01T10:51:19+00:00\",\"dateModified\":\"2026-01-28T10:26:52+00:00\",\"description\":\"Euromunten in themasets verkrijgbaar bij David-coin. Bekijk ons complete aanbod. Gratis verzending binnen Nederland vanaf 75 euro.\",\"breadcrumb\":{\"@id\":\"https:\\\/\\\/www.david-coin.com\\\/product\\\/nederland-themaset-2005-60-jaar-bevrijding\\\/#breadcrumb\"},\"inLanguage\":\"fr-FR\",\"potentialAction\":[{\"@type\":\"ReadAction\",\"target\":[\"https:\\\/\\\/www.david-coin.com\\\/product\\\/nederland-themaset-2005-60-jaar-bevrijding\\\/\"]}]},{\"@type\":\"ImageObject\",\"inLanguage\":\"fr-FR\",\"@id\":\"https:\\\/\\\/www.david-coin.com\\\/product\\\/nederland-themaset-2005-60-jaar-bevrijding\\\/#primaryimage\",\"url\":\"https:\\\/\\\/www.david-coin.com\\\/wp-content\\\/uploads\\\/2021\\\/12\\\/60jaarbevrijdingvz.jpg\",\"contentUrl\":\"https:\\\/\\\/www.david-coin.com\\\/wp-content\\\/uploads\\\/2021\\\/12\\\/60jaarbevrijdingvz.jpg\",\"width\":800,\"height\":795},{\"@type\":\"BreadcrumbList\",\"@id\":\"https:\\\/\\\/www.david-coin.com\\\/product\\\/nederland-themaset-2005-60-jaar-bevrijding\\\/#breadcrumb\",\"itemListElement\":[{\"@type\":\"ListItem\",\"position\":1,\"name\":\"Home\",\"item\":\"https:\\\/\\\/www.david-coin.com\\\/\"},{\"@type\":\"ListItem\",\"position\":2,\"name\":\"Winkel\",\"item\":\"https:\\\/\\\/www.david-coin.com\\\/winkel\\\/\"},{\"@type\":\"ListItem\",\"position\":3,\"name\":\"Nederland themaset 2005 60 jaar bevrijding\"}]},{\"@type\":\"WebSite\",\"@id\":\"https:\\\/\\\/www.david-coin.com\\\/#website\",\"url\":\"https:\\\/\\\/www.david-coin.com\\\/\",\"name\":\"David Coin\",\"description\":\"\",\"publisher\":{\"@id\":\"https:\\\/\\\/www.david-coin.com\\\/#organization\"},\"potentialAction\":[{\"@type\":\"SearchAction\",\"target\":{\"@type\":\"EntryPoint\",\"urlTemplate\":\"https:\\\/\\\/www.david-coin.com\\\/?s={search_term_string}\"},\"query-input\":{\"@type\":\"PropertyValueSpecification\",\"valueRequired\":true,\"valueName\":\"search_term_string\"}}],\"inLanguage\":\"fr-FR\"},{\"@type\":\"Organization\",\"@id\":\"https:\\\/\\\/www.david-coin.com\\\/#organization\",\"name\":\"David Coin\",\"url\":\"https:\\\/\\\/www.david-coin.com\\\/\",\"logo\":{\"@type\":\"ImageObject\",\"inLanguage\":\"fr-FR\",\"@id\":\"https:\\\/\\\/www.david-coin.com\\\/#\\\/schema\\\/logo\\\/image\\\/\",\"url\":\"https:\\\/\\\/www.david-coin.com\\\/wp-content\\\/uploads\\\/2024\\\/04\\\/davidcoin-logo-final.png\",\"contentUrl\":\"https:\\\/\\\/www.david-coin.com\\\/wp-content\\\/uploads\\\/2024\\\/04\\\/davidcoin-logo-final.png\",\"width\":800,\"height\":267,\"caption\":\"David Coin\"},\"image\":{\"@id\":\"https:\\\/\\\/www.david-coin.com\\\/#\\\/schema\\\/logo\\\/image\\\/\"},\"sameAs\":[\"https:\\\/\\\/www.facebook.com\\\/Davidcoininkoopenverkoop\",\"https:\\\/\\\/www.youtube.com\\\/channel\\\/UC39lihLKFSPTff0w6tv0pWQ\"]}]}<\/script>\n<meta property=\"product:price:amount\" content=\"49.95\" \/>\n<meta property=\"product:price:currency\" content=\"EUR\" \/>\n<meta property=\"og:availability\" content=\"out of stock\" \/>\n<meta property=\"product:availability\" content=\"out of stock\" \/>\n<meta property=\"product:retailer_item_id\" content=\"8242\" \/>\n<meta property=\"product:condition\" content=\"new\" \/>\n<!-- \/ Yoast SEO Premium plugin. -->","yoast_head_json":{"title":"Le th\u00e8me des Pays-Bas pour 2005 : 60 ans de lib\u00e9ration","description":"Euromunten in themasets verkrijgbaar bij David-coin. Bekijk ons complete aanbod. Gratis verzending binnen Nederland vanaf 75 euro.","robots":{"index":"index","follow":"follow","max-snippet":"max-snippet:-1","max-image-preview":"max-image-preview:large","max-video-preview":"max-video-preview:-1"},"canonical":"https:\/\/www.david-coin.com\/fr\/produit\/nederland-themaset-2005-60-jaar-bevrijding\/","og_locale":"fr_FR","og_type":"article","og_title":"Nederland themaset 2005 60 jaar bevrijding","og_description":"Euromunten in themasets verkrijgbaar bij David-coin. Bekijk ons complete aanbod. Gratis verzending binnen Nederland vanaf 75 euro.","og_url":"https:\/\/www.david-coin.com\/fr\/produit\/nederland-themaset-2005-60-jaar-bevrijding\/","og_site_name":"David Coin","article_publisher":"https:\/\/www.facebook.com\/Davidcoininkoopenverkoop","article_modified_time":"2026-01-28T10:26:52+00:00","og_image":[{"width":800,"height":795,"url":"https:\/\/www.david-coin.com\/wp-content\/uploads\/2021\/12\/60jaarbevrijdingvz.jpg","type":"image\/jpeg"}],"twitter_card":"summary_large_image","twitter_misc":{"Prix":"&euro;&nbsp;49,95","Disponibilit\u00e9":"Rupture de stock"},"schema":{"@context":"https:\/\/schema.org","@graph":[{"@type":"WebPage","@id":"https:\/\/www.david-coin.com\/product\/nederland-themaset-2005-60-jaar-bevrijding\/","url":"https:\/\/www.david-coin.com\/product\/nederland-themaset-2005-60-jaar-bevrijding\/","name":"Le th\u00e8me des Pays-Bas pour 2005 : 60 ans de lib\u00e9ration","isPartOf":{"@id":"https:\/\/www.david-coin.com\/#website"},"primaryImageOfPage":{"@id":"https:\/\/www.david-coin.com\/product\/nederland-themaset-2005-60-jaar-bevrijding\/#primaryimage"},"image":{"@id":"https:\/\/www.david-coin.com\/product\/nederland-themaset-2005-60-jaar-bevrijding\/#primaryimage"},"thumbnailUrl":"https:\/\/www.david-coin.com\/wp-content\/uploads\/2021\/12\/60jaarbevrijdingvz.jpg","datePublished":"2021-12-01T10:51:19+00:00","dateModified":"2026-01-28T10:26:52+00:00","description":"Euromunten in themasets verkrijgbaar bij David-coin. Bekijk ons complete aanbod. Gratis verzending binnen Nederland vanaf 75 euro.","breadcrumb":{"@id":"https:\/\/www.david-coin.com\/product\/nederland-themaset-2005-60-jaar-bevrijding\/#breadcrumb"},"inLanguage":"fr-FR","potentialAction":[{"@type":"ReadAction","target":["https:\/\/www.david-coin.com\/product\/nederland-themaset-2005-60-jaar-bevrijding\/"]}]},{"@type":"ImageObject","inLanguage":"fr-FR","@id":"https:\/\/www.david-coin.com\/product\/nederland-themaset-2005-60-jaar-bevrijding\/#primaryimage","url":"https:\/\/www.david-coin.com\/wp-content\/uploads\/2021\/12\/60jaarbevrijdingvz.jpg","contentUrl":"https:\/\/www.david-coin.com\/wp-content\/uploads\/2021\/12\/60jaarbevrijdingvz.jpg","width":800,"height":795},{"@type":"BreadcrumbList","@id":"https:\/\/www.david-coin.com\/product\/nederland-themaset-2005-60-jaar-bevrijding\/#breadcrumb","itemListElement":[{"@type":"ListItem","position":1,"name":"Home","item":"https:\/\/www.david-coin.com\/"},{"@type":"ListItem","position":2,"name":"Winkel","item":"https:\/\/www.david-coin.com\/winkel\/"},{"@type":"ListItem","position":3,"name":"Nederland themaset 2005 60 jaar bevrijding"}]},{"@type":"WebSite","@id":"https:\/\/www.david-coin.com\/#website","url":"https:\/\/www.david-coin.com\/","name":"David Coin","description":"","publisher":{"@id":"https:\/\/www.david-coin.com\/#organization"},"potentialAction":[{"@type":"SearchAction","target":{"@type":"EntryPoint","urlTemplate":"https:\/\/www.david-coin.com\/?s={search_term_string}"},"query-input":{"@type":"PropertyValueSpecification","valueRequired":true,"valueName":"search_term_string"}}],"inLanguage":"fr-FR"},{"@type":"Organization","@id":"https:\/\/www.david-coin.com\/#organization","name":"David Coin","url":"https:\/\/www.david-coin.com\/","logo":{"@type":"ImageObject","inLanguage":"fr-FR","@id":"https:\/\/www.david-coin.com\/#\/schema\/logo\/image\/","url":"https:\/\/www.david-coin.com\/wp-content\/uploads\/2024\/04\/davidcoin-logo-final.png","contentUrl":"https:\/\/www.david-coin.com\/wp-content\/uploads\/2024\/04\/davidcoin-logo-final.png","width":800,"height":267,"caption":"David Coin"},"image":{"@id":"https:\/\/www.david-coin.com\/#\/schema\/logo\/image\/"},"sameAs":["https:\/\/www.facebook.com\/Davidcoininkoopenverkoop","https:\/\/www.youtube.com\/channel\/UC39lihLKFSPTff0w6tv0pWQ"]}]},"product_price_amount":"49.95","product_price_currency":"EUR","og_availability":"out of stock","product_availability":"out of stock","product_retailer_item_id":"8242","product_condition":"new"},"_links":{"self":[{"href":"https:\/\/www.david-coin.com\/fr\/wp-json\/wp\/v2\/product\/113586","targetHints":{"allow":["GET"]}}],"collection":[{"href":"https:\/\/www.david-coin.com\/fr\/wp-json\/wp\/v2\/product"}],"about":[{"href":"https:\/\/www.david-coin.com\/fr\/wp-json\/wp\/v2\/types\/product"}],"replies":[{"embeddable":true,"href":"https:\/\/www.david-coin.com\/fr\/wp-json\/wp\/v2\/comments?post=113586"}],"wp:featuredmedia":[{"embeddable":true,"href":"https:\/\/www.david-coin.com\/fr\/wp-json\/wp\/v2\/media\/108552"}],"wp:attachment":[{"href":"https:\/\/www.david-coin.com\/fr\/wp-json\/wp\/v2\/media?parent=113586"}],"wp:term":[{"taxonomy":"product_brand","embeddable":true,"href":"https:\/\/www.david-coin.com\/fr\/wp-json\/wp\/v2\/product_brand?post=113586"},{"taxonomy":"product_cat","embeddable":true,"href":"https:\/\/www.david-coin.com\/fr\/wp-json\/wp\/v2\/product_cat?post=113586"},{"taxonomy":"product_tag","embeddable":true,"href":"https:\/\/www.david-coin.com\/fr\/wp-json\/wp\/v2\/product_tag?post=113586"}],"curies":[{"name":"wp","href":"https:\/\/api.w.org\/{rel}","templated":true}]}}