{"id":111763,"date":"2020-12-26T14:02:17","date_gmt":"2020-12-26T13:02:17","guid":{"rendered":"https:\/\/www.david-coin.com\/product\/nederland-1-cent-1826u-willem-1\/"},"modified":"2026-01-27T12:50:51","modified_gmt":"2026-01-27T11:50:51","slug":"nederland-1-cent-1826u-willem-1","status":"publish","type":"product","link":"https:\/\/www.david-coin.com\/fr\/produit\/nederland-1-cent-1826u-willem-1\/","title":{"rendered":"Pays-Bas 1 cent 1826U William 1"},"content":{"rendered":"<p>Pays-Bas 1 cent 1826U William 1<\/p>\n<p>De cent van <a href=\"https:\/\/www.david-coin.com\/fr\/categorie-produit\/nederlandse-munten\/willem-1-1815-1840\/\">Le roi Guillaume Ier<\/a>, geslagen tussen 1818 en 1839, is onderdeel van de Nederlandse geldgeschiedenis. Deze munt is gemaakt van koper, heeft een diameter van 22 millimeter en weegt 3,8 gram. Op de voorzijde staat de grote &#8216;W&#8217; van <a href=\"\/fr\/\u201chttps:\/\/www.david-coin.com\/categorie-produit\/nederlandse-munten\/willem-1-1815-1840\/\u201d\/\">Le roi Guillaume Ier<\/a> samen met het jaartal. De keerzijde toont de waarde aanduiding &#8220;1 C&#8221;. Omdat Belgi\u00eb in het begin van de negentiende eeuw nog onderdeel van Nederland was, zijn de centen zowel in Utrecht als in Brussel geslagen. Naast de 1 cent zijn er ook nog de volgende munten bij de serie:<br \/>\n&#8211;\t<a href=\"\/fr\/\u201chttps:\/\/www.david-coin.com\/produit\/nederland-1-cent-1821-u-willem-2\/\u201d\/\">Cent William 1 ;<\/a><br \/>\n&#8211;\t<a href=\"\/fr\/\u201chttps:\/\/www.david-coin.com\/produit\/nederland-5-cent-1827-willem-1-4789\/\u201d\/\">Stuiver William 1 ;<\/a><br \/>\n&#8211;\t<a href=\"\/fr\/\u201chttps:\/\/www.david-coin.com\/produit\/nederland-10-cent-1827u-willem-2\/\u201d\/\">Double William 1 ;<\/a><br \/>\n&#8211;\t<a href=\"\/fr\/\u201chttps:\/\/www.david-coin.com\/produit\/nederland-25-cent-1825-u-willem-1\/\u201d\/\">Quart William 1 ;<\/a><br \/>\n&#8211;\t<a href=\"\/fr\/\u201chttps:\/\/www.david-coin.com\/produit\/nederland-1-2-gulden-1822-u-b-willem-i\/\u201d\/\">Demi florin William 1 ;<\/a><br \/>\n&#8211;\t<a href=\"\/fr\/\u201chttps:\/\/www.david-coin.com\/produit\/nederland-1-gulden-1832-willem-2\/\u201d\/\">Guillaume d'or 1 ;<\/a><br \/>\n&#8211;\t<a href=\"\/fr\/\u201chttps:\/\/www.david-coin.com\/produit\/nederland-25-gulden-1840-willem-i\/\u201d\/\">Reichdaalder Willem 1 ;<\/a><br \/>\n&#8211;\t<a href=\"\/fr\/\u201chttps:\/\/www.david-coin.com\/produit\/nederland-3-gulden-1824-willem-1\/\u201d\/\">3 florins William 1 ;<\/a><br \/>\n- 5 florins William 1 or ;<br \/>\n&#8211;\t<a href=\"\/fr\/\u201chttps:\/\/www.david-coin.com\/produit\/nederland-gouden-tientje-1825-willem-1\/\u201d\/\">10 florins William 1 or.<\/a><\/p>\n<p>Les pi\u00e8ces du roi Guillaume 1er ont lentement disparu de la circulation au cours du 19e si\u00e8cle, puis ont \u00e9t\u00e9 progressivement remplac\u00e9es par les pi\u00e8ces du roi de France. <a href=\"\/fr\/\u201chttps:\/\/www.david-coin.com\/categorie-produit\/nederlandse-munten\/willem-2-1840-1849\/\u201d\/\">Roi Guillaume 2<\/a> et <a href=\"\/fr\/\u201chttps:\/\/www.david-coin.com\/categorie-produit\/nederlandse-munten\/willem-3-1849-1890\/\u201d\/\">Roi Guillaume 3.<\/a> Aujourd'hui, les pi\u00e8ces du roi Guillaume 1 sont tr\u00e8s recherch\u00e9es par les collectionneurs. <\/p>\n<p>Voir les scans pour plus de d\u00e9tails.<br \/>\nPour toute question, n'h\u00e9sitez pas \u00e0 nous envoyer un message.<\/p>","protected":false},"excerpt":{"rendered":"<p>Nederland 1 Cent 1826U Willem 1 De cent van Koning Willem I, geslagen tussen 1818 en 1839, is onderdeel van de Nederlandse geldgeschiedenis. Deze munt is gemaakt van koper, heeft een diameter van 22 millimeter en weegt 3,8 gram. Op de voorzijde staat de grote &#8216;W&#8217; van Koning Willem I samen met het jaartal. De [&hellip;]<\/p>\n","protected":false},"featured_media":111761,"comment_status":"closed","ping_status":"open","template":"","meta":[],"product_brand":[],"product_cat":[5471,5519],"product_tag":[],"class_list":{"0":"post-111763","1":"product","2":"type-product","3":"status-publish","4":"has-post-thumbnail","6":"product_cat-nederlandse-munten","7":"product_cat-willem-1-1815-1840","8":"pa_delcampeid-5362","9":"pa_koning-koningin-willem1","10":"pa_kwaliteit-zeer-fraai","11":"pa_land-nederland","12":"pa_materiaal-koper","13":"pa_muntwaarde-1cent","15":"first","16":"instock","17":"taxable","18":"shipping-taxable","19":"purchasable","20":"product-type-simple"},"yoast_head":"<!-- This site is optimized with the Yoast SEO Premium plugin v27.2 (Yoast SEO v27.4) - https:\/\/yoast.com\/product\/yoast-seo-premium-wordpress\/ -->\n<title>Nederland 1 Cent 1826U Willem 1<\/title>\n<meta name=\"description\" content=\"Nederlandse munten verkrijgbaar bij David-coin. Bekijk nu ons complete aanbod. Gratis verzending binnen Nederland vanaf 75 euro.\" \/>\n<meta name=\"robots\" content=\"index, follow, max-snippet:-1, max-image-preview:large, max-video-preview:-1\" \/>\n<link rel=\"canonical\" href=\"https:\/\/www.david-coin.com\/fr\/produit\/nederland-1-cent-1826u-willem-1\/\" \/>\n<meta property=\"og:locale\" content=\"fr_FR\" \/>\n<meta property=\"og:type\" content=\"article\" \/>\n<meta property=\"og:title\" content=\"Nederland 1 Cent 1826U Willem 1\" \/>\n<meta property=\"og:description\" content=\"Nederlandse munten verkrijgbaar bij David-coin. Bekijk nu ons complete aanbod. Gratis verzending binnen Nederland vanaf 75 euro.\" \/>\n<meta property=\"og:url\" content=\"https:\/\/www.david-coin.com\/fr\/produit\/nederland-1-cent-1826u-willem-1\/\" \/>\n<meta property=\"og:site_name\" content=\"David Coin\" \/>\n<meta property=\"article:publisher\" content=\"https:\/\/www.facebook.com\/Davidcoininkoopenverkoop\" \/>\n<meta property=\"article:modified_time\" content=\"2026-01-27T11:50:51+00:00\" \/>\n<meta property=\"og:image\" content=\"https:\/\/www.david-coin.com\/wp-content\/uploads\/2020\/12\/Nederland1centWilhelmina1826Willem1vz.jpg\" \/>\n\t<meta property=\"og:image:width\" content=\"574\" \/>\n\t<meta property=\"og:image:height\" content=\"600\" \/>\n\t<meta property=\"og:image:type\" content=\"image\/jpeg\" \/>\n<meta name=\"twitter:card\" content=\"summary_large_image\" \/>\n<meta name=\"twitter:label1\" content=\"Prix\" \/>\n\t<meta name=\"twitter:data1\" content=\"&euro;&nbsp;5,00\" \/>\n\t<meta name=\"twitter:label2\" content=\"Disponibilit\u00e9\" \/>\n\t<meta name=\"twitter:data2\" content=\"En stock\" \/>\n<script type=\"application\/ld+json\" class=\"yoast-schema-graph\">{\"@context\":\"https:\\\/\\\/schema.org\",\"@graph\":[{\"@type\":\"WebPage\",\"@id\":\"https:\\\/\\\/www.david-coin.com\\\/product\\\/nederland-1-cent-1826u-willem-1\\\/\",\"url\":\"https:\\\/\\\/www.david-coin.com\\\/product\\\/nederland-1-cent-1826u-willem-1\\\/\",\"name\":\"Nederland 1 Cent 1826U Willem 1\",\"isPartOf\":{\"@id\":\"https:\\\/\\\/www.david-coin.com\\\/#website\"},\"primaryImageOfPage\":{\"@id\":\"https:\\\/\\\/www.david-coin.com\\\/product\\\/nederland-1-cent-1826u-willem-1\\\/#primaryimage\"},\"image\":{\"@id\":\"https:\\\/\\\/www.david-coin.com\\\/product\\\/nederland-1-cent-1826u-willem-1\\\/#primaryimage\"},\"thumbnailUrl\":\"https:\\\/\\\/www.david-coin.com\\\/wp-content\\\/uploads\\\/2020\\\/12\\\/Nederland1centWilhelmina1826Willem1vz.jpg\",\"datePublished\":\"2020-12-26T13:02:17+00:00\",\"dateModified\":\"2026-01-27T11:50:51+00:00\",\"description\":\"Nederlandse munten verkrijgbaar bij David-coin. Bekijk nu ons complete aanbod. Gratis verzending binnen Nederland vanaf 75 euro.\",\"breadcrumb\":{\"@id\":\"https:\\\/\\\/www.david-coin.com\\\/product\\\/nederland-1-cent-1826u-willem-1\\\/#breadcrumb\"},\"inLanguage\":\"fr-FR\",\"potentialAction\":[{\"@type\":\"ReadAction\",\"target\":[\"https:\\\/\\\/www.david-coin.com\\\/product\\\/nederland-1-cent-1826u-willem-1\\\/\"]}]},{\"@type\":\"ImageObject\",\"inLanguage\":\"fr-FR\",\"@id\":\"https:\\\/\\\/www.david-coin.com\\\/product\\\/nederland-1-cent-1826u-willem-1\\\/#primaryimage\",\"url\":\"https:\\\/\\\/www.david-coin.com\\\/wp-content\\\/uploads\\\/2020\\\/12\\\/Nederland1centWilhelmina1826Willem1vz.jpg\",\"contentUrl\":\"https:\\\/\\\/www.david-coin.com\\\/wp-content\\\/uploads\\\/2020\\\/12\\\/Nederland1centWilhelmina1826Willem1vz.jpg\",\"width\":574,\"height\":600,\"caption\":\"Nederland1centWilhelmina1826Willem1vz.jpg\"},{\"@type\":\"BreadcrumbList\",\"@id\":\"https:\\\/\\\/www.david-coin.com\\\/product\\\/nederland-1-cent-1826u-willem-1\\\/#breadcrumb\",\"itemListElement\":[{\"@type\":\"ListItem\",\"position\":1,\"name\":\"Home\",\"item\":\"https:\\\/\\\/www.david-coin.com\\\/\"},{\"@type\":\"ListItem\",\"position\":2,\"name\":\"Winkel\",\"item\":\"https:\\\/\\\/www.david-coin.com\\\/winkel\\\/\"},{\"@type\":\"ListItem\",\"position\":3,\"name\":\"Nederland 1 Cent 1826U Willem 1\"}]},{\"@type\":\"WebSite\",\"@id\":\"https:\\\/\\\/www.david-coin.com\\\/#website\",\"url\":\"https:\\\/\\\/www.david-coin.com\\\/\",\"name\":\"David Coin\",\"description\":\"\",\"publisher\":{\"@id\":\"https:\\\/\\\/www.david-coin.com\\\/#organization\"},\"potentialAction\":[{\"@type\":\"SearchAction\",\"target\":{\"@type\":\"EntryPoint\",\"urlTemplate\":\"https:\\\/\\\/www.david-coin.com\\\/?s={search_term_string}\"},\"query-input\":{\"@type\":\"PropertyValueSpecification\",\"valueRequired\":true,\"valueName\":\"search_term_string\"}}],\"inLanguage\":\"fr-FR\"},{\"@type\":\"Organization\",\"@id\":\"https:\\\/\\\/www.david-coin.com\\\/#organization\",\"name\":\"David Coin\",\"url\":\"https:\\\/\\\/www.david-coin.com\\\/\",\"logo\":{\"@type\":\"ImageObject\",\"inLanguage\":\"fr-FR\",\"@id\":\"https:\\\/\\\/www.david-coin.com\\\/#\\\/schema\\\/logo\\\/image\\\/\",\"url\":\"https:\\\/\\\/www.david-coin.com\\\/wp-content\\\/uploads\\\/2024\\\/04\\\/davidcoin-logo-final.png\",\"contentUrl\":\"https:\\\/\\\/www.david-coin.com\\\/wp-content\\\/uploads\\\/2024\\\/04\\\/davidcoin-logo-final.png\",\"width\":800,\"height\":267,\"caption\":\"David Coin\"},\"image\":{\"@id\":\"https:\\\/\\\/www.david-coin.com\\\/#\\\/schema\\\/logo\\\/image\\\/\"},\"sameAs\":[\"https:\\\/\\\/www.facebook.com\\\/Davidcoininkoopenverkoop\",\"https:\\\/\\\/www.youtube.com\\\/channel\\\/UC39lihLKFSPTff0w6tv0pWQ\"]}]}<\/script>\n<meta property=\"product:price:amount\" content=\"5.00\" \/>\n<meta property=\"product:price:currency\" content=\"EUR\" \/>\n<meta property=\"og:availability\" content=\"instock\" \/>\n<meta property=\"product:availability\" content=\"instock\" \/>\n<meta property=\"product:retailer_item_id\" content=\"15926\" \/>\n<meta property=\"product:condition\" content=\"new\" \/>\n<!-- \/ Yoast SEO Premium plugin. -->","yoast_head_json":{"title":"Pays-Bas 1 cent 1826U William 1","description":"Nederlandse munten verkrijgbaar bij David-coin. Bekijk nu ons complete aanbod. Gratis verzending binnen Nederland vanaf 75 euro.","robots":{"index":"index","follow":"follow","max-snippet":"max-snippet:-1","max-image-preview":"max-image-preview:large","max-video-preview":"max-video-preview:-1"},"canonical":"https:\/\/www.david-coin.com\/fr\/produit\/nederland-1-cent-1826u-willem-1\/","og_locale":"fr_FR","og_type":"article","og_title":"Nederland 1 Cent 1826U Willem 1","og_description":"Nederlandse munten verkrijgbaar bij David-coin. Bekijk nu ons complete aanbod. Gratis verzending binnen Nederland vanaf 75 euro.","og_url":"https:\/\/www.david-coin.com\/fr\/produit\/nederland-1-cent-1826u-willem-1\/","og_site_name":"David Coin","article_publisher":"https:\/\/www.facebook.com\/Davidcoininkoopenverkoop","article_modified_time":"2026-01-27T11:50:51+00:00","og_image":[{"width":574,"height":600,"url":"https:\/\/www.david-coin.com\/wp-content\/uploads\/2020\/12\/Nederland1centWilhelmina1826Willem1vz.jpg","type":"image\/jpeg"}],"twitter_card":"summary_large_image","twitter_misc":{"Prix":"&euro;&nbsp;5,00","Disponibilit\u00e9":"En stock"},"schema":{"@context":"https:\/\/schema.org","@graph":[{"@type":"WebPage","@id":"https:\/\/www.david-coin.com\/product\/nederland-1-cent-1826u-willem-1\/","url":"https:\/\/www.david-coin.com\/product\/nederland-1-cent-1826u-willem-1\/","name":"Pays-Bas 1 cent 1826U William 1","isPartOf":{"@id":"https:\/\/www.david-coin.com\/#website"},"primaryImageOfPage":{"@id":"https:\/\/www.david-coin.com\/product\/nederland-1-cent-1826u-willem-1\/#primaryimage"},"image":{"@id":"https:\/\/www.david-coin.com\/product\/nederland-1-cent-1826u-willem-1\/#primaryimage"},"thumbnailUrl":"https:\/\/www.david-coin.com\/wp-content\/uploads\/2020\/12\/Nederland1centWilhelmina1826Willem1vz.jpg","datePublished":"2020-12-26T13:02:17+00:00","dateModified":"2026-01-27T11:50:51+00:00","description":"Nederlandse munten verkrijgbaar bij David-coin. Bekijk nu ons complete aanbod. Gratis verzending binnen Nederland vanaf 75 euro.","breadcrumb":{"@id":"https:\/\/www.david-coin.com\/product\/nederland-1-cent-1826u-willem-1\/#breadcrumb"},"inLanguage":"fr-FR","potentialAction":[{"@type":"ReadAction","target":["https:\/\/www.david-coin.com\/product\/nederland-1-cent-1826u-willem-1\/"]}]},{"@type":"ImageObject","inLanguage":"fr-FR","@id":"https:\/\/www.david-coin.com\/product\/nederland-1-cent-1826u-willem-1\/#primaryimage","url":"https:\/\/www.david-coin.com\/wp-content\/uploads\/2020\/12\/Nederland1centWilhelmina1826Willem1vz.jpg","contentUrl":"https:\/\/www.david-coin.com\/wp-content\/uploads\/2020\/12\/Nederland1centWilhelmina1826Willem1vz.jpg","width":574,"height":600,"caption":"Nederland1centWilhelmina1826Willem1vz.jpg"},{"@type":"BreadcrumbList","@id":"https:\/\/www.david-coin.com\/product\/nederland-1-cent-1826u-willem-1\/#breadcrumb","itemListElement":[{"@type":"ListItem","position":1,"name":"Home","item":"https:\/\/www.david-coin.com\/"},{"@type":"ListItem","position":2,"name":"Winkel","item":"https:\/\/www.david-coin.com\/winkel\/"},{"@type":"ListItem","position":3,"name":"Nederland 1 Cent 1826U Willem 1"}]},{"@type":"WebSite","@id":"https:\/\/www.david-coin.com\/#website","url":"https:\/\/www.david-coin.com\/","name":"David Coin","description":"","publisher":{"@id":"https:\/\/www.david-coin.com\/#organization"},"potentialAction":[{"@type":"SearchAction","target":{"@type":"EntryPoint","urlTemplate":"https:\/\/www.david-coin.com\/?s={search_term_string}"},"query-input":{"@type":"PropertyValueSpecification","valueRequired":true,"valueName":"search_term_string"}}],"inLanguage":"fr-FR"},{"@type":"Organization","@id":"https:\/\/www.david-coin.com\/#organization","name":"David Coin","url":"https:\/\/www.david-coin.com\/","logo":{"@type":"ImageObject","inLanguage":"fr-FR","@id":"https:\/\/www.david-coin.com\/#\/schema\/logo\/image\/","url":"https:\/\/www.david-coin.com\/wp-content\/uploads\/2024\/04\/davidcoin-logo-final.png","contentUrl":"https:\/\/www.david-coin.com\/wp-content\/uploads\/2024\/04\/davidcoin-logo-final.png","width":800,"height":267,"caption":"David Coin"},"image":{"@id":"https:\/\/www.david-coin.com\/#\/schema\/logo\/image\/"},"sameAs":["https:\/\/www.facebook.com\/Davidcoininkoopenverkoop","https:\/\/www.youtube.com\/channel\/UC39lihLKFSPTff0w6tv0pWQ"]}]},"product_price_amount":"5.00","product_price_currency":"EUR","og_availability":"instock","product_availability":"instock","product_retailer_item_id":"15926","product_condition":"new"},"_links":{"self":[{"href":"https:\/\/www.david-coin.com\/fr\/wp-json\/wp\/v2\/product\/111763","targetHints":{"allow":["GET"]}}],"collection":[{"href":"https:\/\/www.david-coin.com\/fr\/wp-json\/wp\/v2\/product"}],"about":[{"href":"https:\/\/www.david-coin.com\/fr\/wp-json\/wp\/v2\/types\/product"}],"replies":[{"embeddable":true,"href":"https:\/\/www.david-coin.com\/fr\/wp-json\/wp\/v2\/comments?post=111763"}],"wp:featuredmedia":[{"embeddable":true,"href":"https:\/\/www.david-coin.com\/fr\/wp-json\/wp\/v2\/media\/111761"}],"wp:attachment":[{"href":"https:\/\/www.david-coin.com\/fr\/wp-json\/wp\/v2\/media?parent=111763"}],"wp:term":[{"taxonomy":"product_brand","embeddable":true,"href":"https:\/\/www.david-coin.com\/fr\/wp-json\/wp\/v2\/product_brand?post=111763"},{"taxonomy":"product_cat","embeddable":true,"href":"https:\/\/www.david-coin.com\/fr\/wp-json\/wp\/v2\/product_cat?post=111763"},{"taxonomy":"product_tag","embeddable":true,"href":"https:\/\/www.david-coin.com\/fr\/wp-json\/wp\/v2\/product_tag?post=111763"}],"curies":[{"name":"wp","href":"https:\/\/api.w.org\/{rel}","templated":true}]}}