{"id":111561,"date":"2020-10-21T15:04:48","date_gmt":"2020-10-21T15:04:48","guid":{"rendered":"https:\/\/www.david-coin.com\/product\/set-nederlands-kerkgeld-5-10-25-en-50-cent-1948\/"},"modified":"2026-01-27T17:38:19","modified_gmt":"2026-01-27T16:38:19","slug":"set-nederlands-kerkgeld-5-10-25-en-50-cent-1948","status":"publish","type":"product","link":"https:\/\/www.david-coin.com\/fr\/produit\/set-nederlands-kerkgeld-5-10-25-en-50-cent-1948\/","title":{"rendered":"Fixer la monnaie de l'\u00e9glise hollandaise \u00e0 5, 10, 25 et 50 cents 1948"},"content":{"rendered":"<p>Fixer la monnaie de l'\u00e9glise hollandaise \u00e0 5, 10, 25 et 50 cents 1948<br \/>\nDonatiegeld om te helpen bij het bouwen van fondsen voor het herstel van de Eerste Nederlands Hervormde Kerk die door brand verwoest is.<br \/>\nBiljet heeft aan de voorzijde o.a. het kerkgebouw, de waarde en 2 handtekeningen.<\/p>\n<p>Voir les scans pour plus de d\u00e9tails.<br \/>\nPour toute question, n'h\u00e9sitez pas \u00e0 nous envoyer un message.<\/p>","protected":false},"excerpt":{"rendered":"<p>Set Nederlands kerkgeld 5, 10, 25 en 50 cent 1948 Donatiegeld om te helpen bij het bouwen van fondsen voor het herstel van de Eerste Nederlands Hervormde Kerk die door brand verwoest is. Biljet heeft aan de voorzijde o.a. het kerkgebouw, de waarde en 2 handtekeningen. Zie scans voor meer details. Voor vragen stuur ons [&hellip;]<\/p>\n","protected":false},"featured_media":111559,"comment_status":"closed","ping_status":"closed","template":"","meta":[],"product_brand":[],"product_cat":[5472,5506],"product_tag":[],"class_list":{"0":"post-111561","1":"product","2":"type-product","3":"status-publish","4":"has-post-thumbnail","6":"product_cat-nederlandse-bankbiljetten","7":"product_cat-overige-biljetten","8":"pa_bankbiljetwaarde-diversewaardes","9":"pa_delcampeid-5371","10":"pa_kwaliteit-unc-min","11":"pa_land-nederland","13":"first","14":"outofstock","15":"taxable","16":"shipping-taxable","17":"purchasable","18":"product-type-simple"},"yoast_head":"<!-- This site is optimized with the Yoast SEO Premium plugin v27.5 (Yoast SEO v27.5) - https:\/\/yoast.com\/product\/yoast-seo-premium-wordpress\/ -->\n<title>Set Nederlands kerkgeld 5, 10, 25 en 50 cent 1948<\/title>\n<meta name=\"description\" content=\"Vele soorten papiergeld bij David-coin. Waaronder school- en scheepsgeld. Gratis verzending binnen Nederland vanaf 75 euro.\" \/>\n<meta name=\"robots\" content=\"index, follow, max-snippet:-1, max-image-preview:large, max-video-preview:-1\" \/>\n<link rel=\"canonical\" href=\"https:\/\/www.david-coin.com\/fr\/produit\/set-nederlands-kerkgeld-5-10-25-en-50-cent-1948\/\" \/>\n<meta property=\"og:locale\" content=\"fr_FR\" \/>\n<meta property=\"og:type\" content=\"article\" \/>\n<meta property=\"og:title\" content=\"Set Nederlands kerkgeld 5, 10, 25 en 50 cent 1948\" \/>\n<meta property=\"og:description\" content=\"Vele soorten papiergeld bij David-coin. Waaronder school- en scheepsgeld. Gratis verzending binnen Nederland vanaf 75 euro.\" \/>\n<meta property=\"og:url\" content=\"https:\/\/www.david-coin.com\/fr\/produit\/set-nederlands-kerkgeld-5-10-25-en-50-cent-1948\/\" \/>\n<meta property=\"og:site_name\" content=\"David Coin\" \/>\n<meta property=\"article:publisher\" content=\"https:\/\/www.facebook.com\/Davidcoininkoopenverkoop\" \/>\n<meta property=\"article:modified_time\" content=\"2026-01-27T16:38:19+00:00\" \/>\n<meta property=\"og:image\" content=\"https:\/\/www.david-coin.com\/wp-content\/uploads\/2020\/10\/Set-Dutch-Reformed-Church-4-stuks-5-50-cents.jpg\" \/>\n\t<meta property=\"og:image:width\" content=\"439\" \/>\n\t<meta property=\"og:image:height\" content=\"886\" \/>\n\t<meta property=\"og:image:type\" content=\"image\/jpeg\" \/>\n<meta name=\"twitter:card\" content=\"summary_large_image\" \/>\n<meta name=\"twitter:label1\" content=\"Prix\" \/>\n\t<meta name=\"twitter:data1\" content=\"&euro;&nbsp;29,50\" \/>\n\t<meta name=\"twitter:label2\" content=\"Disponibilit\u00e9\" \/>\n\t<meta name=\"twitter:data2\" content=\"Rupture de stock\" \/>\n<script type=\"application\/ld+json\" class=\"yoast-schema-graph\">{\"@context\":\"https:\\\/\\\/schema.org\",\"@graph\":[{\"@type\":\"WebPage\",\"@id\":\"https:\\\/\\\/www.david-coin.com\\\/product\\\/set-nederlands-kerkgeld-5-10-25-en-50-cent-1948\\\/\",\"url\":\"https:\\\/\\\/www.david-coin.com\\\/product\\\/set-nederlands-kerkgeld-5-10-25-en-50-cent-1948\\\/\",\"name\":\"Set Nederlands kerkgeld 5, 10, 25 en 50 cent 1948\",\"isPartOf\":{\"@id\":\"https:\\\/\\\/www.david-coin.com\\\/#website\"},\"primaryImageOfPage\":{\"@id\":\"https:\\\/\\\/www.david-coin.com\\\/product\\\/set-nederlands-kerkgeld-5-10-25-en-50-cent-1948\\\/#primaryimage\"},\"image\":{\"@id\":\"https:\\\/\\\/www.david-coin.com\\\/product\\\/set-nederlands-kerkgeld-5-10-25-en-50-cent-1948\\\/#primaryimage\"},\"thumbnailUrl\":\"https:\\\/\\\/www.david-coin.com\\\/wp-content\\\/uploads\\\/2020\\\/10\\\/Set-Dutch-Reformed-Church-4-stuks-5-50-cents.jpg\",\"datePublished\":\"2020-10-21T15:04:48+00:00\",\"dateModified\":\"2026-01-27T16:38:19+00:00\",\"description\":\"Vele soorten papiergeld bij David-coin. Waaronder school- en scheepsgeld. Gratis verzending binnen Nederland vanaf 75 euro.\",\"breadcrumb\":{\"@id\":\"https:\\\/\\\/www.david-coin.com\\\/product\\\/set-nederlands-kerkgeld-5-10-25-en-50-cent-1948\\\/#breadcrumb\"},\"inLanguage\":\"fr-FR\",\"potentialAction\":[{\"@type\":\"ReadAction\",\"target\":[\"https:\\\/\\\/www.david-coin.com\\\/product\\\/set-nederlands-kerkgeld-5-10-25-en-50-cent-1948\\\/\"]}]},{\"@type\":\"ImageObject\",\"inLanguage\":\"fr-FR\",\"@id\":\"https:\\\/\\\/www.david-coin.com\\\/product\\\/set-nederlands-kerkgeld-5-10-25-en-50-cent-1948\\\/#primaryimage\",\"url\":\"https:\\\/\\\/www.david-coin.com\\\/wp-content\\\/uploads\\\/2020\\\/10\\\/Set-Dutch-Reformed-Church-4-stuks-5-50-cents.jpg\",\"contentUrl\":\"https:\\\/\\\/www.david-coin.com\\\/wp-content\\\/uploads\\\/2020\\\/10\\\/Set-Dutch-Reformed-Church-4-stuks-5-50-cents.jpg\",\"width\":439,\"height\":886,\"caption\":\"Set-Dutch-Reformed-Church-4-stuks-5-50-cents.jpg\"},{\"@type\":\"BreadcrumbList\",\"@id\":\"https:\\\/\\\/www.david-coin.com\\\/product\\\/set-nederlands-kerkgeld-5-10-25-en-50-cent-1948\\\/#breadcrumb\",\"itemListElement\":[{\"@type\":\"ListItem\",\"position\":1,\"name\":\"Home\",\"item\":\"https:\\\/\\\/www.david-coin.com\\\/\"},{\"@type\":\"ListItem\",\"position\":2,\"name\":\"Winkel\",\"item\":\"https:\\\/\\\/www.david-coin.com\\\/winkel\\\/\"},{\"@type\":\"ListItem\",\"position\":3,\"name\":\"Set Nederlands kerkgeld 5, 10, 25 en 50 cent 1948\"}]},{\"@type\":\"WebSite\",\"@id\":\"https:\\\/\\\/www.david-coin.com\\\/#website\",\"url\":\"https:\\\/\\\/www.david-coin.com\\\/\",\"name\":\"David Coin\",\"description\":\"\",\"publisher\":{\"@id\":\"https:\\\/\\\/www.david-coin.com\\\/#organization\"},\"potentialAction\":[{\"@type\":\"SearchAction\",\"target\":{\"@type\":\"EntryPoint\",\"urlTemplate\":\"https:\\\/\\\/www.david-coin.com\\\/?s={search_term_string}\"},\"query-input\":{\"@type\":\"PropertyValueSpecification\",\"valueRequired\":true,\"valueName\":\"search_term_string\"}}],\"inLanguage\":\"fr-FR\"},{\"@type\":\"Organization\",\"@id\":\"https:\\\/\\\/www.david-coin.com\\\/#organization\",\"name\":\"David Coin\",\"url\":\"https:\\\/\\\/www.david-coin.com\\\/\",\"logo\":{\"@type\":\"ImageObject\",\"inLanguage\":\"fr-FR\",\"@id\":\"https:\\\/\\\/www.david-coin.com\\\/#\\\/schema\\\/logo\\\/image\\\/\",\"url\":\"https:\\\/\\\/www.david-coin.com\\\/wp-content\\\/uploads\\\/2024\\\/04\\\/davidcoin-logo-final.png\",\"contentUrl\":\"https:\\\/\\\/www.david-coin.com\\\/wp-content\\\/uploads\\\/2024\\\/04\\\/davidcoin-logo-final.png\",\"width\":800,\"height\":267,\"caption\":\"David Coin\"},\"image\":{\"@id\":\"https:\\\/\\\/www.david-coin.com\\\/#\\\/schema\\\/logo\\\/image\\\/\"},\"sameAs\":[\"https:\\\/\\\/www.facebook.com\\\/Davidcoininkoopenverkoop\",\"https:\\\/\\\/www.youtube.com\\\/channel\\\/UC39lihLKFSPTff0w6tv0pWQ\"]}]}<\/script>\n<meta property=\"product:price:amount\" content=\"29.50\" \/>\n<meta property=\"product:price:currency\" content=\"EUR\" \/>\n<meta property=\"og:availability\" content=\"out of stock\" \/>\n<meta property=\"product:availability\" content=\"out of stock\" \/>\n<meta property=\"product:retailer_item_id\" content=\"2220\" \/>\n<meta property=\"product:condition\" content=\"new\" \/>\n<!-- \/ Yoast SEO Premium plugin. -->","yoast_head_json":{"title":"Fixer la monnaie de l'\u00e9glise hollandaise \u00e0 5, 10, 25 et 50 cents 1948","description":"Vele soorten papiergeld bij David-coin. Waaronder school- en scheepsgeld. Gratis verzending binnen Nederland vanaf 75 euro.","robots":{"index":"index","follow":"follow","max-snippet":"max-snippet:-1","max-image-preview":"max-image-preview:large","max-video-preview":"max-video-preview:-1"},"canonical":"https:\/\/www.david-coin.com\/fr\/produit\/set-nederlands-kerkgeld-5-10-25-en-50-cent-1948\/","og_locale":"fr_FR","og_type":"article","og_title":"Set Nederlands kerkgeld 5, 10, 25 en 50 cent 1948","og_description":"Vele soorten papiergeld bij David-coin. Waaronder school- en scheepsgeld. Gratis verzending binnen Nederland vanaf 75 euro.","og_url":"https:\/\/www.david-coin.com\/fr\/produit\/set-nederlands-kerkgeld-5-10-25-en-50-cent-1948\/","og_site_name":"David Coin","article_publisher":"https:\/\/www.facebook.com\/Davidcoininkoopenverkoop","article_modified_time":"2026-01-27T16:38:19+00:00","og_image":[{"width":439,"height":886,"url":"https:\/\/www.david-coin.com\/wp-content\/uploads\/2020\/10\/Set-Dutch-Reformed-Church-4-stuks-5-50-cents.jpg","type":"image\/jpeg"}],"twitter_card":"summary_large_image","twitter_misc":{"Prix":"&euro;&nbsp;29,50","Disponibilit\u00e9":"Rupture de stock"},"schema":{"@context":"https:\/\/schema.org","@graph":[{"@type":"WebPage","@id":"https:\/\/www.david-coin.com\/product\/set-nederlands-kerkgeld-5-10-25-en-50-cent-1948\/","url":"https:\/\/www.david-coin.com\/product\/set-nederlands-kerkgeld-5-10-25-en-50-cent-1948\/","name":"Fixer la monnaie de l'\u00e9glise hollandaise \u00e0 5, 10, 25 et 50 cents 1948","isPartOf":{"@id":"https:\/\/www.david-coin.com\/#website"},"primaryImageOfPage":{"@id":"https:\/\/www.david-coin.com\/product\/set-nederlands-kerkgeld-5-10-25-en-50-cent-1948\/#primaryimage"},"image":{"@id":"https:\/\/www.david-coin.com\/product\/set-nederlands-kerkgeld-5-10-25-en-50-cent-1948\/#primaryimage"},"thumbnailUrl":"https:\/\/www.david-coin.com\/wp-content\/uploads\/2020\/10\/Set-Dutch-Reformed-Church-4-stuks-5-50-cents.jpg","datePublished":"2020-10-21T15:04:48+00:00","dateModified":"2026-01-27T16:38:19+00:00","description":"Vele soorten papiergeld bij David-coin. Waaronder school- en scheepsgeld. Gratis verzending binnen Nederland vanaf 75 euro.","breadcrumb":{"@id":"https:\/\/www.david-coin.com\/product\/set-nederlands-kerkgeld-5-10-25-en-50-cent-1948\/#breadcrumb"},"inLanguage":"fr-FR","potentialAction":[{"@type":"ReadAction","target":["https:\/\/www.david-coin.com\/product\/set-nederlands-kerkgeld-5-10-25-en-50-cent-1948\/"]}]},{"@type":"ImageObject","inLanguage":"fr-FR","@id":"https:\/\/www.david-coin.com\/product\/set-nederlands-kerkgeld-5-10-25-en-50-cent-1948\/#primaryimage","url":"https:\/\/www.david-coin.com\/wp-content\/uploads\/2020\/10\/Set-Dutch-Reformed-Church-4-stuks-5-50-cents.jpg","contentUrl":"https:\/\/www.david-coin.com\/wp-content\/uploads\/2020\/10\/Set-Dutch-Reformed-Church-4-stuks-5-50-cents.jpg","width":439,"height":886,"caption":"Set-Dutch-Reformed-Church-4-stuks-5-50-cents.jpg"},{"@type":"BreadcrumbList","@id":"https:\/\/www.david-coin.com\/product\/set-nederlands-kerkgeld-5-10-25-en-50-cent-1948\/#breadcrumb","itemListElement":[{"@type":"ListItem","position":1,"name":"Home","item":"https:\/\/www.david-coin.com\/"},{"@type":"ListItem","position":2,"name":"Winkel","item":"https:\/\/www.david-coin.com\/winkel\/"},{"@type":"ListItem","position":3,"name":"Set Nederlands kerkgeld 5, 10, 25 en 50 cent 1948"}]},{"@type":"WebSite","@id":"https:\/\/www.david-coin.com\/#website","url":"https:\/\/www.david-coin.com\/","name":"David Coin","description":"","publisher":{"@id":"https:\/\/www.david-coin.com\/#organization"},"potentialAction":[{"@type":"SearchAction","target":{"@type":"EntryPoint","urlTemplate":"https:\/\/www.david-coin.com\/?s={search_term_string}"},"query-input":{"@type":"PropertyValueSpecification","valueRequired":true,"valueName":"search_term_string"}}],"inLanguage":"fr-FR"},{"@type":"Organization","@id":"https:\/\/www.david-coin.com\/#organization","name":"David Coin","url":"https:\/\/www.david-coin.com\/","logo":{"@type":"ImageObject","inLanguage":"fr-FR","@id":"https:\/\/www.david-coin.com\/#\/schema\/logo\/image\/","url":"https:\/\/www.david-coin.com\/wp-content\/uploads\/2024\/04\/davidcoin-logo-final.png","contentUrl":"https:\/\/www.david-coin.com\/wp-content\/uploads\/2024\/04\/davidcoin-logo-final.png","width":800,"height":267,"caption":"David Coin"},"image":{"@id":"https:\/\/www.david-coin.com\/#\/schema\/logo\/image\/"},"sameAs":["https:\/\/www.facebook.com\/Davidcoininkoopenverkoop","https:\/\/www.youtube.com\/channel\/UC39lihLKFSPTff0w6tv0pWQ"]}]},"product_price_amount":"29.50","product_price_currency":"EUR","og_availability":"out of stock","product_availability":"out of stock","product_retailer_item_id":"2220","product_condition":"new"},"_links":{"self":[{"href":"https:\/\/www.david-coin.com\/fr\/wp-json\/wp\/v2\/product\/111561","targetHints":{"allow":["GET"]}}],"collection":[{"href":"https:\/\/www.david-coin.com\/fr\/wp-json\/wp\/v2\/product"}],"about":[{"href":"https:\/\/www.david-coin.com\/fr\/wp-json\/wp\/v2\/types\/product"}],"replies":[{"embeddable":true,"href":"https:\/\/www.david-coin.com\/fr\/wp-json\/wp\/v2\/comments?post=111561"}],"wp:featuredmedia":[{"embeddable":true,"href":"https:\/\/www.david-coin.com\/fr\/wp-json\/wp\/v2\/media\/111559"}],"wp:attachment":[{"href":"https:\/\/www.david-coin.com\/fr\/wp-json\/wp\/v2\/media?parent=111561"}],"wp:term":[{"taxonomy":"product_brand","embeddable":true,"href":"https:\/\/www.david-coin.com\/fr\/wp-json\/wp\/v2\/product_brand?post=111561"},{"taxonomy":"product_cat","embeddable":true,"href":"https:\/\/www.david-coin.com\/fr\/wp-json\/wp\/v2\/product_cat?post=111561"},{"taxonomy":"product_tag","embeddable":true,"href":"https:\/\/www.david-coin.com\/fr\/wp-json\/wp\/v2\/product_tag?post=111561"}],"curies":[{"name":"wp","href":"https:\/\/api.w.org\/{rel}","templated":true}]}}