{"id":111004,"date":"2020-06-22T13:52:22","date_gmt":"2020-06-22T13:52:22","guid":{"rendered":"https:\/\/www.david-coin.com\/product\/frankrijk-0-euro-biljet-saint-clement-des-baleines-ile-de-re\/"},"modified":"2026-01-28T15:36:53","modified_gmt":"2026-01-28T14:36:53","slug":"frankrijk-0-euro-biljet-saint-clement-des-baleines-ile-de-re","status":"publish","type":"product","link":"https:\/\/www.david-coin.com\/fr\/produit\/frankrijk-0-euro-biljet-saint-clement-des-baleines-ile-de-re\/","title":{"rendered":"France Billet de 0 euro Saint-Cl\u00e9ment-des-Baleines Ile de R\u00e9"},"content":{"rendered":"<p>France Billet de 0 euro Saint-Cl\u00e9ment-des-Baleines Ile de R\u00e9<br \/>\nDe mooie vuurtoren Phare des Baleines (in het Engels de vuurtoren van de walvissen) van het Ile de R\u00e9. Gebouwd in 1854. Nu een uniek souvenir van EUROSCOPE.<br \/>\nArri\u00e8re : standard.<br \/>\nEdition : 5 000 unit\u00e9s<br \/>\nVoir les scans pour plus de d\u00e9tails.<br \/>\nPour toute question, n'h\u00e9sitez pas \u00e0 nous envoyer un message.<\/p>","protected":false},"excerpt":{"rendered":"<p>Frankrijk 0-Euro biljet Saint-Cl\u00e9ment-des-Baleines Ile de R\u00e9 De mooie vuurtoren Phare des Baleines (in het Engels de vuurtoren van de walvissen) van het Ile de R\u00e9. Gebouwd in 1854. Nu een uniek souvenir van EUROSCOPE. Achterzijde: standaard. Editie: 5.000 stuks Zie scans voor meer details. Voor vragen stuur ons gerust een bericht.<\/p>","protected":false},"featured_media":111003,"comment_status":"closed","ping_status":"closed","template":"","meta":[],"product_brand":[],"product_cat":[5551,5554,5629],"product_tag":[],"class_list":{"0":"post-111004","1":"product","2":"type-product","3":"status-publish","4":"has-post-thumbnail","6":"product_cat-0-euro-biljetten-groen","7":"product_cat-0-euro-biljet","8":"product_cat-2019-groen","9":"pa_bankbiljetwaarde-0euro","10":"pa_delcampeid-5264","11":"pa_kwaliteit-unc","12":"pa_land-frankrijk","13":"pa_soort-memo0_eurobiljet","15":"first","16":"instock","17":"taxable","18":"shipping-taxable","19":"purchasable","20":"product-type-simple"},"yoast_head":"<!-- This site is optimized with the Yoast SEO Premium plugin v27.5 (Yoast SEO v27.5) - https:\/\/yoast.com\/product\/yoast-seo-premium-wordpress\/ -->\n<title>Frankrijk 0-Euro biljet Saint-Cl\u00e9ment-des-Baleines Ile de R\u00e9<\/title>\n<meta name=\"description\" content=\"Ruim aanbod groene en paarse 0 -Eurobiljetten verkrijgbaar bij David-coin. Bekijk nu ons complete aanbod. Vanaf 75 euro gratis verzending binnen NL.\" \/>\n<meta name=\"robots\" content=\"index, follow, max-snippet:-1, max-image-preview:large, max-video-preview:-1\" \/>\n<link rel=\"canonical\" href=\"https:\/\/www.david-coin.com\/fr\/produit\/frankrijk-0-euro-biljet-saint-clement-des-baleines-ile-de-re\/\" \/>\n<meta property=\"og:locale\" content=\"fr_FR\" \/>\n<meta property=\"og:type\" content=\"article\" \/>\n<meta property=\"og:title\" content=\"Frankrijk 0-Euro biljet Saint-Cl\u00e9ment-des-Baleines Ile de R\u00e9\" \/>\n<meta property=\"og:description\" content=\"Ruim aanbod groene en paarse 0 -Eurobiljetten verkrijgbaar bij David-coin. Bekijk nu ons complete aanbod. Vanaf 75 euro gratis verzending binnen NL.\" \/>\n<meta property=\"og:url\" content=\"https:\/\/www.david-coin.com\/fr\/produit\/frankrijk-0-euro-biljet-saint-clement-des-baleines-ile-de-re\/\" \/>\n<meta property=\"og:site_name\" content=\"David Coin\" \/>\n<meta property=\"article:publisher\" content=\"https:\/\/www.facebook.com\/Davidcoininkoopenverkoop\" \/>\n<meta property=\"article:modified_time\" content=\"2026-01-28T14:36:53+00:00\" \/>\n<meta property=\"og:image\" content=\"https:\/\/www.david-coin.com\/wp-content\/uploads\/2020\/06\/Saint-Clement-de-Baleine_Il-de-Re_front6.jpg\" \/>\n\t<meta property=\"og:image:width\" content=\"790\" \/>\n\t<meta property=\"og:image:height\" content=\"400\" \/>\n\t<meta property=\"og:image:type\" content=\"image\/jpeg\" \/>\n<meta name=\"twitter:card\" content=\"summary_large_image\" \/>\n<meta name=\"twitter:label1\" content=\"Prix\" \/>\n\t<meta name=\"twitter:data1\" content=\"&euro;&nbsp;4,95\" \/>\n\t<meta name=\"twitter:label2\" content=\"Disponibilit\u00e9\" \/>\n\t<meta name=\"twitter:data2\" content=\"En stock\" \/>\n<script type=\"application\/ld+json\" class=\"yoast-schema-graph\">{\"@context\":\"https:\\\/\\\/schema.org\",\"@graph\":[{\"@type\":\"WebPage\",\"@id\":\"https:\\\/\\\/www.david-coin.com\\\/product\\\/frankrijk-0-euro-biljet-saint-clement-des-baleines-ile-de-re\\\/\",\"url\":\"https:\\\/\\\/www.david-coin.com\\\/product\\\/frankrijk-0-euro-biljet-saint-clement-des-baleines-ile-de-re\\\/\",\"name\":\"Frankrijk 0-Euro biljet Saint-Cl\u00e9ment-des-Baleines Ile de R\u00e9\",\"isPartOf\":{\"@id\":\"https:\\\/\\\/www.david-coin.com\\\/#website\"},\"primaryImageOfPage\":{\"@id\":\"https:\\\/\\\/www.david-coin.com\\\/product\\\/frankrijk-0-euro-biljet-saint-clement-des-baleines-ile-de-re\\\/#primaryimage\"},\"image\":{\"@id\":\"https:\\\/\\\/www.david-coin.com\\\/product\\\/frankrijk-0-euro-biljet-saint-clement-des-baleines-ile-de-re\\\/#primaryimage\"},\"thumbnailUrl\":\"https:\\\/\\\/www.david-coin.com\\\/wp-content\\\/uploads\\\/2020\\\/06\\\/Saint-Clement-de-Baleine_Il-de-Re_front6.jpg\",\"datePublished\":\"2020-06-22T13:52:22+00:00\",\"dateModified\":\"2026-01-28T14:36:53+00:00\",\"description\":\"Ruim aanbod groene en paarse 0 -Eurobiljetten verkrijgbaar bij David-coin. Bekijk nu ons complete aanbod. Vanaf 75 euro gratis verzending binnen NL.\",\"breadcrumb\":{\"@id\":\"https:\\\/\\\/www.david-coin.com\\\/product\\\/frankrijk-0-euro-biljet-saint-clement-des-baleines-ile-de-re\\\/#breadcrumb\"},\"inLanguage\":\"fr-FR\",\"potentialAction\":[{\"@type\":\"ReadAction\",\"target\":[\"https:\\\/\\\/www.david-coin.com\\\/product\\\/frankrijk-0-euro-biljet-saint-clement-des-baleines-ile-de-re\\\/\"]}]},{\"@type\":\"ImageObject\",\"inLanguage\":\"fr-FR\",\"@id\":\"https:\\\/\\\/www.david-coin.com\\\/product\\\/frankrijk-0-euro-biljet-saint-clement-des-baleines-ile-de-re\\\/#primaryimage\",\"url\":\"https:\\\/\\\/www.david-coin.com\\\/wp-content\\\/uploads\\\/2020\\\/06\\\/Saint-Clement-de-Baleine_Il-de-Re_front6.jpg\",\"contentUrl\":\"https:\\\/\\\/www.david-coin.com\\\/wp-content\\\/uploads\\\/2020\\\/06\\\/Saint-Clement-de-Baleine_Il-de-Re_front6.jpg\",\"width\":790,\"height\":400,\"caption\":\"Saint-Clement-de-Baleine_Il-de-Re_front6.jpg\"},{\"@type\":\"BreadcrumbList\",\"@id\":\"https:\\\/\\\/www.david-coin.com\\\/product\\\/frankrijk-0-euro-biljet-saint-clement-des-baleines-ile-de-re\\\/#breadcrumb\",\"itemListElement\":[{\"@type\":\"ListItem\",\"position\":1,\"name\":\"Home\",\"item\":\"https:\\\/\\\/www.david-coin.com\\\/\"},{\"@type\":\"ListItem\",\"position\":2,\"name\":\"Winkel\",\"item\":\"https:\\\/\\\/www.david-coin.com\\\/winkel\\\/\"},{\"@type\":\"ListItem\",\"position\":3,\"name\":\"Frankrijk 0-Euro biljet Saint-Cl\u00e9ment-des-Baleines Ile de R\u00e9\"}]},{\"@type\":\"WebSite\",\"@id\":\"https:\\\/\\\/www.david-coin.com\\\/#website\",\"url\":\"https:\\\/\\\/www.david-coin.com\\\/\",\"name\":\"David Coin\",\"description\":\"\",\"publisher\":{\"@id\":\"https:\\\/\\\/www.david-coin.com\\\/#organization\"},\"potentialAction\":[{\"@type\":\"SearchAction\",\"target\":{\"@type\":\"EntryPoint\",\"urlTemplate\":\"https:\\\/\\\/www.david-coin.com\\\/?s={search_term_string}\"},\"query-input\":{\"@type\":\"PropertyValueSpecification\",\"valueRequired\":true,\"valueName\":\"search_term_string\"}}],\"inLanguage\":\"fr-FR\"},{\"@type\":\"Organization\",\"@id\":\"https:\\\/\\\/www.david-coin.com\\\/#organization\",\"name\":\"David Coin\",\"url\":\"https:\\\/\\\/www.david-coin.com\\\/\",\"logo\":{\"@type\":\"ImageObject\",\"inLanguage\":\"fr-FR\",\"@id\":\"https:\\\/\\\/www.david-coin.com\\\/#\\\/schema\\\/logo\\\/image\\\/\",\"url\":\"https:\\\/\\\/www.david-coin.com\\\/wp-content\\\/uploads\\\/2024\\\/04\\\/davidcoin-logo-final.png\",\"contentUrl\":\"https:\\\/\\\/www.david-coin.com\\\/wp-content\\\/uploads\\\/2024\\\/04\\\/davidcoin-logo-final.png\",\"width\":800,\"height\":267,\"caption\":\"David Coin\"},\"image\":{\"@id\":\"https:\\\/\\\/www.david-coin.com\\\/#\\\/schema\\\/logo\\\/image\\\/\"},\"sameAs\":[\"https:\\\/\\\/www.facebook.com\\\/Davidcoininkoopenverkoop\",\"https:\\\/\\\/www.youtube.com\\\/channel\\\/UC39lihLKFSPTff0w6tv0pWQ\"]}]}<\/script>\n<meta property=\"product:price:amount\" content=\"4.95\" \/>\n<meta property=\"product:price:currency\" content=\"EUR\" \/>\n<meta property=\"og:availability\" content=\"instock\" \/>\n<meta property=\"product:availability\" content=\"instock\" \/>\n<meta property=\"product:retailer_item_id\" content=\"4066\" \/>\n<meta property=\"product:condition\" content=\"new\" \/>\n<!-- \/ Yoast SEO Premium plugin. -->","yoast_head_json":{"title":"France Billet de 0 euro Saint-Cl\u00e9ment-des-Baleines Ile de R\u00e9","description":"Ruim aanbod groene en paarse 0 -Eurobiljetten verkrijgbaar bij David-coin. Bekijk nu ons complete aanbod. Vanaf 75 euro gratis verzending binnen NL.","robots":{"index":"index","follow":"follow","max-snippet":"max-snippet:-1","max-image-preview":"max-image-preview:large","max-video-preview":"max-video-preview:-1"},"canonical":"https:\/\/www.david-coin.com\/fr\/produit\/frankrijk-0-euro-biljet-saint-clement-des-baleines-ile-de-re\/","og_locale":"fr_FR","og_type":"article","og_title":"Frankrijk 0-Euro biljet Saint-Cl\u00e9ment-des-Baleines Ile de R\u00e9","og_description":"Ruim aanbod groene en paarse 0 -Eurobiljetten verkrijgbaar bij David-coin. Bekijk nu ons complete aanbod. Vanaf 75 euro gratis verzending binnen NL.","og_url":"https:\/\/www.david-coin.com\/fr\/produit\/frankrijk-0-euro-biljet-saint-clement-des-baleines-ile-de-re\/","og_site_name":"David Coin","article_publisher":"https:\/\/www.facebook.com\/Davidcoininkoopenverkoop","article_modified_time":"2026-01-28T14:36:53+00:00","og_image":[{"width":790,"height":400,"url":"https:\/\/www.david-coin.com\/wp-content\/uploads\/2020\/06\/Saint-Clement-de-Baleine_Il-de-Re_front6.jpg","type":"image\/jpeg"}],"twitter_card":"summary_large_image","twitter_misc":{"Prix":"&euro;&nbsp;4,95","Disponibilit\u00e9":"En stock"},"schema":{"@context":"https:\/\/schema.org","@graph":[{"@type":"WebPage","@id":"https:\/\/www.david-coin.com\/product\/frankrijk-0-euro-biljet-saint-clement-des-baleines-ile-de-re\/","url":"https:\/\/www.david-coin.com\/product\/frankrijk-0-euro-biljet-saint-clement-des-baleines-ile-de-re\/","name":"France Billet de 0 euro Saint-Cl\u00e9ment-des-Baleines Ile de R\u00e9","isPartOf":{"@id":"https:\/\/www.david-coin.com\/#website"},"primaryImageOfPage":{"@id":"https:\/\/www.david-coin.com\/product\/frankrijk-0-euro-biljet-saint-clement-des-baleines-ile-de-re\/#primaryimage"},"image":{"@id":"https:\/\/www.david-coin.com\/product\/frankrijk-0-euro-biljet-saint-clement-des-baleines-ile-de-re\/#primaryimage"},"thumbnailUrl":"https:\/\/www.david-coin.com\/wp-content\/uploads\/2020\/06\/Saint-Clement-de-Baleine_Il-de-Re_front6.jpg","datePublished":"2020-06-22T13:52:22+00:00","dateModified":"2026-01-28T14:36:53+00:00","description":"Ruim aanbod groene en paarse 0 -Eurobiljetten verkrijgbaar bij David-coin. Bekijk nu ons complete aanbod. Vanaf 75 euro gratis verzending binnen NL.","breadcrumb":{"@id":"https:\/\/www.david-coin.com\/product\/frankrijk-0-euro-biljet-saint-clement-des-baleines-ile-de-re\/#breadcrumb"},"inLanguage":"fr-FR","potentialAction":[{"@type":"ReadAction","target":["https:\/\/www.david-coin.com\/product\/frankrijk-0-euro-biljet-saint-clement-des-baleines-ile-de-re\/"]}]},{"@type":"ImageObject","inLanguage":"fr-FR","@id":"https:\/\/www.david-coin.com\/product\/frankrijk-0-euro-biljet-saint-clement-des-baleines-ile-de-re\/#primaryimage","url":"https:\/\/www.david-coin.com\/wp-content\/uploads\/2020\/06\/Saint-Clement-de-Baleine_Il-de-Re_front6.jpg","contentUrl":"https:\/\/www.david-coin.com\/wp-content\/uploads\/2020\/06\/Saint-Clement-de-Baleine_Il-de-Re_front6.jpg","width":790,"height":400,"caption":"Saint-Clement-de-Baleine_Il-de-Re_front6.jpg"},{"@type":"BreadcrumbList","@id":"https:\/\/www.david-coin.com\/product\/frankrijk-0-euro-biljet-saint-clement-des-baleines-ile-de-re\/#breadcrumb","itemListElement":[{"@type":"ListItem","position":1,"name":"Home","item":"https:\/\/www.david-coin.com\/"},{"@type":"ListItem","position":2,"name":"Winkel","item":"https:\/\/www.david-coin.com\/winkel\/"},{"@type":"ListItem","position":3,"name":"Frankrijk 0-Euro biljet Saint-Cl\u00e9ment-des-Baleines Ile de R\u00e9"}]},{"@type":"WebSite","@id":"https:\/\/www.david-coin.com\/#website","url":"https:\/\/www.david-coin.com\/","name":"David Coin","description":"","publisher":{"@id":"https:\/\/www.david-coin.com\/#organization"},"potentialAction":[{"@type":"SearchAction","target":{"@type":"EntryPoint","urlTemplate":"https:\/\/www.david-coin.com\/?s={search_term_string}"},"query-input":{"@type":"PropertyValueSpecification","valueRequired":true,"valueName":"search_term_string"}}],"inLanguage":"fr-FR"},{"@type":"Organization","@id":"https:\/\/www.david-coin.com\/#organization","name":"David Coin","url":"https:\/\/www.david-coin.com\/","logo":{"@type":"ImageObject","inLanguage":"fr-FR","@id":"https:\/\/www.david-coin.com\/#\/schema\/logo\/image\/","url":"https:\/\/www.david-coin.com\/wp-content\/uploads\/2024\/04\/davidcoin-logo-final.png","contentUrl":"https:\/\/www.david-coin.com\/wp-content\/uploads\/2024\/04\/davidcoin-logo-final.png","width":800,"height":267,"caption":"David Coin"},"image":{"@id":"https:\/\/www.david-coin.com\/#\/schema\/logo\/image\/"},"sameAs":["https:\/\/www.facebook.com\/Davidcoininkoopenverkoop","https:\/\/www.youtube.com\/channel\/UC39lihLKFSPTff0w6tv0pWQ"]}]},"product_price_amount":"4.95","product_price_currency":"EUR","og_availability":"instock","product_availability":"instock","product_retailer_item_id":"4066","product_condition":"new"},"_links":{"self":[{"href":"https:\/\/www.david-coin.com\/fr\/wp-json\/wp\/v2\/product\/111004","targetHints":{"allow":["GET"]}}],"collection":[{"href":"https:\/\/www.david-coin.com\/fr\/wp-json\/wp\/v2\/product"}],"about":[{"href":"https:\/\/www.david-coin.com\/fr\/wp-json\/wp\/v2\/types\/product"}],"replies":[{"embeddable":true,"href":"https:\/\/www.david-coin.com\/fr\/wp-json\/wp\/v2\/comments?post=111004"}],"wp:featuredmedia":[{"embeddable":true,"href":"https:\/\/www.david-coin.com\/fr\/wp-json\/wp\/v2\/media\/111003"}],"wp:attachment":[{"href":"https:\/\/www.david-coin.com\/fr\/wp-json\/wp\/v2\/media?parent=111004"}],"wp:term":[{"taxonomy":"product_brand","embeddable":true,"href":"https:\/\/www.david-coin.com\/fr\/wp-json\/wp\/v2\/product_brand?post=111004"},{"taxonomy":"product_cat","embeddable":true,"href":"https:\/\/www.david-coin.com\/fr\/wp-json\/wp\/v2\/product_cat?post=111004"},{"taxonomy":"product_tag","embeddable":true,"href":"https:\/\/www.david-coin.com\/fr\/wp-json\/wp\/v2\/product_tag?post=111004"}],"curies":[{"name":"wp","href":"https:\/\/api.w.org\/{rel}","templated":true}]}}