{"id":109133,"date":"2019-11-05T12:46:30","date_gmt":"2019-11-05T12:46:30","guid":{"rendered":"https:\/\/www.david-coin.com\/product\/nederland-1-gulden-1914-zilverbon-proefdruk-3-0\/"},"modified":"2026-01-27T17:43:59","modified_gmt":"2026-01-27T16:43:59","slug":"nederland-1-gulden-1914-zilverbon-proefdruk-3-0","status":"publish","type":"product","link":"https:\/\/www.david-coin.com\/fr\/produit\/nederland-1-gulden-1914-zilverbon-proefdruk-3-0\/","title":{"rendered":"Pays-Bas 1 florin 1914 Argent Bond Preuve 3.0"},"content":{"rendered":"<p>Pays-Bas 1 florin 1914 Argent Bond Preuve 3.0<br \/>\nNVMH:01<br \/>\nPlomp:PL1.p2<\/p>\n<p>Na het uitbreken van de eerste wereldoorlog brachten veel Nederlanders hun bankbiljetten en muntbiljetten naar de Nederlandsche Bank om ze om te wisselen voor gouden en zilveren munten. Daardoor ontstond er een schaarste aan muntgeld en moest de Nederlandse Bank samen met de regering tot een oplossing komen. Uiteindelijk werd besloten om zilverbonnen uit te geven om het tekort aan wisselgeld aan te vullen. Deze konden na aankondiging worden omgewisseld voor zilveren munten. De zilverbon van een gulden uit 1914 is uitgegeven door het ministerie van financi\u00ebn en heeft de handtekeningen van Anthonij Ewoud Jan Bertling (Minister van financi\u00ebn), en van A. L. Kulemkamp-Lemmers (Ambtenaar van het ministerie van financi\u00ebn). Naast de een gulden zilverbon 1914 zijn er ook nog de:<br \/>\n&#8211;\t<a href=\"\/fr\/\u201dhttps:\/\/www.david-coin.com\/produit\/nederland-25-gulden-zilverbon-1914\/\u201d\/\"> Twee en een halve gulden zilverbon 1914; <\/a><br \/>\n&#8211;\t<a href=\"\/fr\/\u201dhttps:\/\/www.david-coin.com\/produit\/nederland-5-gulden-1914-zilverbon\/\u201d\/\" >Vijf gulden zilverbon 1914. <\/a><br \/>\nDe zilverbonnen verdwenen na de eerste wereldoorlog weer langzaam uit omloop omdat er weer meer gulden- en <a href=\"https:\/\/www.david-coin.com\/fr\/produit\/nederland-25-gulden-1929-wilhelmina\/\"> rijksdaaldermunten<\/a>gemaakt werden. <\/p>\n<p>Voir les scans pour plus de d\u00e9tails.<br \/>\nPour toute question, n'h\u00e9sitez pas \u00e0 nous envoyer un message.<\/p>","protected":false},"excerpt":{"rendered":"<p>NVMH:01<\/p>","protected":false},"featured_media":109131,"comment_status":"closed","ping_status":"closed","template":"","meta":[],"product_brand":[],"product_cat":[5488,5472],"product_tag":[],"class_list":{"0":"post-109133","1":"product","2":"type-product","3":"status-publish","4":"has-post-thumbnail","6":"product_cat-1-gulden-biljet","7":"product_cat-nederlandse-bankbiljetten","8":"pa_bankbiljetwaarde-1gulden","9":"pa_delcampeid-5280","10":"pa_kwaliteit-unc","11":"pa_land-nederland","12":"pa_soort-proefdruk","14":"first","15":"outofstock","16":"taxable","17":"shipping-taxable","18":"purchasable","19":"product-type-simple"},"yoast_head":"<!-- This site is optimized with the Yoast SEO Premium plugin v27.5 (Yoast SEO v27.5) - https:\/\/yoast.com\/product\/yoast-seo-premium-wordpress\/ -->\n<title>Nederland 1 Gulden 1914 Zilverbon Proefdruk 3.0<\/title>\n<meta name=\"description\" content=\"Nederlandse bankbiljetten te koop bij David-coin Gratis verzending vanaf \u20ac50,-\" \/>\n<meta name=\"robots\" content=\"index, follow, max-snippet:-1, max-image-preview:large, max-video-preview:-1\" \/>\n<link rel=\"canonical\" href=\"https:\/\/www.david-coin.com\/fr\/produit\/nederland-1-gulden-1914-zilverbon-proefdruk-3-0\/\" \/>\n<meta property=\"og:locale\" content=\"fr_FR\" \/>\n<meta property=\"og:type\" content=\"article\" \/>\n<meta property=\"og:title\" content=\"Nederland 1 Gulden 1914 Zilverbon Proefdruk 3.0\" \/>\n<meta property=\"og:description\" content=\"Nederlandse bankbiljetten te koop bij David-coin Gratis verzending vanaf \u20ac50,-\" \/>\n<meta property=\"og:url\" content=\"https:\/\/www.david-coin.com\/fr\/produit\/nederland-1-gulden-1914-zilverbon-proefdruk-3-0\/\" \/>\n<meta property=\"og:site_name\" content=\"David Coin\" \/>\n<meta property=\"article:publisher\" content=\"https:\/\/www.facebook.com\/Davidcoininkoopenverkoop\" \/>\n<meta property=\"article:modified_time\" content=\"2026-01-27T16:43:59+00:00\" \/>\n<meta property=\"og:image\" content=\"https:\/\/www.david-coin.com\/wp-content\/uploads\/2019\/11\/1-Gulden-1914-Zilverbon-Proefdruk-3.0_2002vz_.jpg\" \/>\n\t<meta property=\"og:image:width\" content=\"800\" \/>\n\t<meta property=\"og:image:height\" content=\"595\" \/>\n\t<meta property=\"og:image:type\" content=\"image\/jpeg\" \/>\n<meta name=\"twitter:card\" content=\"summary_large_image\" \/>\n<meta name=\"twitter:label1\" content=\"Prix\" \/>\n\t<meta name=\"twitter:data1\" content=\"&euro;&nbsp;125,00\" \/>\n\t<meta name=\"twitter:label2\" content=\"Disponibilit\u00e9\" \/>\n\t<meta name=\"twitter:data2\" content=\"Rupture de stock\" \/>\n<script type=\"application\/ld+json\" class=\"yoast-schema-graph\">{\"@context\":\"https:\\\/\\\/schema.org\",\"@graph\":[{\"@type\":\"WebPage\",\"@id\":\"https:\\\/\\\/www.david-coin.com\\\/product\\\/nederland-1-gulden-1914-zilverbon-proefdruk-3-0\\\/\",\"url\":\"https:\\\/\\\/www.david-coin.com\\\/product\\\/nederland-1-gulden-1914-zilverbon-proefdruk-3-0\\\/\",\"name\":\"Nederland 1 Gulden 1914 Zilverbon Proefdruk 3.0\",\"isPartOf\":{\"@id\":\"https:\\\/\\\/www.david-coin.com\\\/#website\"},\"primaryImageOfPage\":{\"@id\":\"https:\\\/\\\/www.david-coin.com\\\/product\\\/nederland-1-gulden-1914-zilverbon-proefdruk-3-0\\\/#primaryimage\"},\"image\":{\"@id\":\"https:\\\/\\\/www.david-coin.com\\\/product\\\/nederland-1-gulden-1914-zilverbon-proefdruk-3-0\\\/#primaryimage\"},\"thumbnailUrl\":\"https:\\\/\\\/www.david-coin.com\\\/wp-content\\\/uploads\\\/2019\\\/11\\\/1-Gulden-1914-Zilverbon-Proefdruk-3.0_2002vz_.jpg\",\"datePublished\":\"2019-11-05T12:46:30+00:00\",\"dateModified\":\"2026-01-27T16:43:59+00:00\",\"description\":\"Nederlandse bankbiljetten te koop bij David-coin Gratis verzending vanaf \u20ac50,-\",\"breadcrumb\":{\"@id\":\"https:\\\/\\\/www.david-coin.com\\\/product\\\/nederland-1-gulden-1914-zilverbon-proefdruk-3-0\\\/#breadcrumb\"},\"inLanguage\":\"fr-FR\",\"potentialAction\":[{\"@type\":\"ReadAction\",\"target\":[\"https:\\\/\\\/www.david-coin.com\\\/product\\\/nederland-1-gulden-1914-zilverbon-proefdruk-3-0\\\/\"]}]},{\"@type\":\"ImageObject\",\"inLanguage\":\"fr-FR\",\"@id\":\"https:\\\/\\\/www.david-coin.com\\\/product\\\/nederland-1-gulden-1914-zilverbon-proefdruk-3-0\\\/#primaryimage\",\"url\":\"https:\\\/\\\/www.david-coin.com\\\/wp-content\\\/uploads\\\/2019\\\/11\\\/1-Gulden-1914-Zilverbon-Proefdruk-3.0_2002vz_.jpg\",\"contentUrl\":\"https:\\\/\\\/www.david-coin.com\\\/wp-content\\\/uploads\\\/2019\\\/11\\\/1-Gulden-1914-Zilverbon-Proefdruk-3.0_2002vz_.jpg\",\"width\":800,\"height\":595,\"caption\":\"1-Gulden-1914-Zilverbon-Proefdruk-3.0_2002vz_.jpg\"},{\"@type\":\"BreadcrumbList\",\"@id\":\"https:\\\/\\\/www.david-coin.com\\\/product\\\/nederland-1-gulden-1914-zilverbon-proefdruk-3-0\\\/#breadcrumb\",\"itemListElement\":[{\"@type\":\"ListItem\",\"position\":1,\"name\":\"Home\",\"item\":\"https:\\\/\\\/www.david-coin.com\\\/\"},{\"@type\":\"ListItem\",\"position\":2,\"name\":\"Winkel\",\"item\":\"https:\\\/\\\/www.david-coin.com\\\/winkel\\\/\"},{\"@type\":\"ListItem\",\"position\":3,\"name\":\"Nederland 1 Gulden 1914 Zilverbon Proefdruk 3.0\"}]},{\"@type\":\"WebSite\",\"@id\":\"https:\\\/\\\/www.david-coin.com\\\/#website\",\"url\":\"https:\\\/\\\/www.david-coin.com\\\/\",\"name\":\"David Coin\",\"description\":\"\",\"publisher\":{\"@id\":\"https:\\\/\\\/www.david-coin.com\\\/#organization\"},\"potentialAction\":[{\"@type\":\"SearchAction\",\"target\":{\"@type\":\"EntryPoint\",\"urlTemplate\":\"https:\\\/\\\/www.david-coin.com\\\/?s={search_term_string}\"},\"query-input\":{\"@type\":\"PropertyValueSpecification\",\"valueRequired\":true,\"valueName\":\"search_term_string\"}}],\"inLanguage\":\"fr-FR\"},{\"@type\":\"Organization\",\"@id\":\"https:\\\/\\\/www.david-coin.com\\\/#organization\",\"name\":\"David Coin\",\"url\":\"https:\\\/\\\/www.david-coin.com\\\/\",\"logo\":{\"@type\":\"ImageObject\",\"inLanguage\":\"fr-FR\",\"@id\":\"https:\\\/\\\/www.david-coin.com\\\/#\\\/schema\\\/logo\\\/image\\\/\",\"url\":\"https:\\\/\\\/www.david-coin.com\\\/wp-content\\\/uploads\\\/2024\\\/04\\\/davidcoin-logo-final.png\",\"contentUrl\":\"https:\\\/\\\/www.david-coin.com\\\/wp-content\\\/uploads\\\/2024\\\/04\\\/davidcoin-logo-final.png\",\"width\":800,\"height\":267,\"caption\":\"David Coin\"},\"image\":{\"@id\":\"https:\\\/\\\/www.david-coin.com\\\/#\\\/schema\\\/logo\\\/image\\\/\"},\"sameAs\":[\"https:\\\/\\\/www.facebook.com\\\/Davidcoininkoopenverkoop\",\"https:\\\/\\\/www.youtube.com\\\/channel\\\/UC39lihLKFSPTff0w6tv0pWQ\"]}]}<\/script>\n<meta property=\"product:price:amount\" content=\"125.00\" \/>\n<meta property=\"product:price:currency\" content=\"EUR\" \/>\n<meta property=\"og:availability\" content=\"out of stock\" \/>\n<meta property=\"product:availability\" content=\"out of stock\" \/>\n<meta property=\"product:retailer_item_id\" content=\"2002\" \/>\n<meta property=\"product:condition\" content=\"new\" \/>\n<!-- \/ Yoast SEO Premium plugin. -->","yoast_head_json":{"title":"Pays-Bas 1 florin 1914 Argent Bond Preuve 3.0","description":"Nederlandse bankbiljetten te koop bij David-coin Gratis verzending vanaf \u20ac50,-","robots":{"index":"index","follow":"follow","max-snippet":"max-snippet:-1","max-image-preview":"max-image-preview:large","max-video-preview":"max-video-preview:-1"},"canonical":"https:\/\/www.david-coin.com\/fr\/produit\/nederland-1-gulden-1914-zilverbon-proefdruk-3-0\/","og_locale":"fr_FR","og_type":"article","og_title":"Nederland 1 Gulden 1914 Zilverbon Proefdruk 3.0","og_description":"Nederlandse bankbiljetten te koop bij David-coin Gratis verzending vanaf \u20ac50,-","og_url":"https:\/\/www.david-coin.com\/fr\/produit\/nederland-1-gulden-1914-zilverbon-proefdruk-3-0\/","og_site_name":"David Coin","article_publisher":"https:\/\/www.facebook.com\/Davidcoininkoopenverkoop","article_modified_time":"2026-01-27T16:43:59+00:00","og_image":[{"width":800,"height":595,"url":"https:\/\/www.david-coin.com\/wp-content\/uploads\/2019\/11\/1-Gulden-1914-Zilverbon-Proefdruk-3.0_2002vz_.jpg","type":"image\/jpeg"}],"twitter_card":"summary_large_image","twitter_misc":{"Prix":"&euro;&nbsp;125,00","Disponibilit\u00e9":"Rupture de stock"},"schema":{"@context":"https:\/\/schema.org","@graph":[{"@type":"WebPage","@id":"https:\/\/www.david-coin.com\/product\/nederland-1-gulden-1914-zilverbon-proefdruk-3-0\/","url":"https:\/\/www.david-coin.com\/product\/nederland-1-gulden-1914-zilverbon-proefdruk-3-0\/","name":"Pays-Bas 1 florin 1914 Argent Bond Preuve 3.0","isPartOf":{"@id":"https:\/\/www.david-coin.com\/#website"},"primaryImageOfPage":{"@id":"https:\/\/www.david-coin.com\/product\/nederland-1-gulden-1914-zilverbon-proefdruk-3-0\/#primaryimage"},"image":{"@id":"https:\/\/www.david-coin.com\/product\/nederland-1-gulden-1914-zilverbon-proefdruk-3-0\/#primaryimage"},"thumbnailUrl":"https:\/\/www.david-coin.com\/wp-content\/uploads\/2019\/11\/1-Gulden-1914-Zilverbon-Proefdruk-3.0_2002vz_.jpg","datePublished":"2019-11-05T12:46:30+00:00","dateModified":"2026-01-27T16:43:59+00:00","description":"Nederlandse bankbiljetten te koop bij David-coin Gratis verzending vanaf \u20ac50,-","breadcrumb":{"@id":"https:\/\/www.david-coin.com\/product\/nederland-1-gulden-1914-zilverbon-proefdruk-3-0\/#breadcrumb"},"inLanguage":"fr-FR","potentialAction":[{"@type":"ReadAction","target":["https:\/\/www.david-coin.com\/product\/nederland-1-gulden-1914-zilverbon-proefdruk-3-0\/"]}]},{"@type":"ImageObject","inLanguage":"fr-FR","@id":"https:\/\/www.david-coin.com\/product\/nederland-1-gulden-1914-zilverbon-proefdruk-3-0\/#primaryimage","url":"https:\/\/www.david-coin.com\/wp-content\/uploads\/2019\/11\/1-Gulden-1914-Zilverbon-Proefdruk-3.0_2002vz_.jpg","contentUrl":"https:\/\/www.david-coin.com\/wp-content\/uploads\/2019\/11\/1-Gulden-1914-Zilverbon-Proefdruk-3.0_2002vz_.jpg","width":800,"height":595,"caption":"1-Gulden-1914-Zilverbon-Proefdruk-3.0_2002vz_.jpg"},{"@type":"BreadcrumbList","@id":"https:\/\/www.david-coin.com\/product\/nederland-1-gulden-1914-zilverbon-proefdruk-3-0\/#breadcrumb","itemListElement":[{"@type":"ListItem","position":1,"name":"Home","item":"https:\/\/www.david-coin.com\/"},{"@type":"ListItem","position":2,"name":"Winkel","item":"https:\/\/www.david-coin.com\/winkel\/"},{"@type":"ListItem","position":3,"name":"Nederland 1 Gulden 1914 Zilverbon Proefdruk 3.0"}]},{"@type":"WebSite","@id":"https:\/\/www.david-coin.com\/#website","url":"https:\/\/www.david-coin.com\/","name":"David Coin","description":"","publisher":{"@id":"https:\/\/www.david-coin.com\/#organization"},"potentialAction":[{"@type":"SearchAction","target":{"@type":"EntryPoint","urlTemplate":"https:\/\/www.david-coin.com\/?s={search_term_string}"},"query-input":{"@type":"PropertyValueSpecification","valueRequired":true,"valueName":"search_term_string"}}],"inLanguage":"fr-FR"},{"@type":"Organization","@id":"https:\/\/www.david-coin.com\/#organization","name":"David Coin","url":"https:\/\/www.david-coin.com\/","logo":{"@type":"ImageObject","inLanguage":"fr-FR","@id":"https:\/\/www.david-coin.com\/#\/schema\/logo\/image\/","url":"https:\/\/www.david-coin.com\/wp-content\/uploads\/2024\/04\/davidcoin-logo-final.png","contentUrl":"https:\/\/www.david-coin.com\/wp-content\/uploads\/2024\/04\/davidcoin-logo-final.png","width":800,"height":267,"caption":"David Coin"},"image":{"@id":"https:\/\/www.david-coin.com\/#\/schema\/logo\/image\/"},"sameAs":["https:\/\/www.facebook.com\/Davidcoininkoopenverkoop","https:\/\/www.youtube.com\/channel\/UC39lihLKFSPTff0w6tv0pWQ"]}]},"product_price_amount":"125.00","product_price_currency":"EUR","og_availability":"out of stock","product_availability":"out of stock","product_retailer_item_id":"2002","product_condition":"new"},"_links":{"self":[{"href":"https:\/\/www.david-coin.com\/fr\/wp-json\/wp\/v2\/product\/109133","targetHints":{"allow":["GET"]}}],"collection":[{"href":"https:\/\/www.david-coin.com\/fr\/wp-json\/wp\/v2\/product"}],"about":[{"href":"https:\/\/www.david-coin.com\/fr\/wp-json\/wp\/v2\/types\/product"}],"replies":[{"embeddable":true,"href":"https:\/\/www.david-coin.com\/fr\/wp-json\/wp\/v2\/comments?post=109133"}],"wp:featuredmedia":[{"embeddable":true,"href":"https:\/\/www.david-coin.com\/fr\/wp-json\/wp\/v2\/media\/109131"}],"wp:attachment":[{"href":"https:\/\/www.david-coin.com\/fr\/wp-json\/wp\/v2\/media?parent=109133"}],"wp:term":[{"taxonomy":"product_brand","embeddable":true,"href":"https:\/\/www.david-coin.com\/fr\/wp-json\/wp\/v2\/product_brand?post=109133"},{"taxonomy":"product_cat","embeddable":true,"href":"https:\/\/www.david-coin.com\/fr\/wp-json\/wp\/v2\/product_cat?post=109133"},{"taxonomy":"product_tag","embeddable":true,"href":"https:\/\/www.david-coin.com\/fr\/wp-json\/wp\/v2\/product_tag?post=109133"}],"curies":[{"name":"wp","href":"https:\/\/api.w.org\/{rel}","templated":true}]}}