{"id":108968,"date":"2019-10-31T14:35:08","date_gmt":"2019-10-31T13:35:08","guid":{"rendered":"https:\/\/www.david-coin.com\/product\/nederland-10-cent-1825u\/"},"modified":"2026-01-27T12:44:54","modified_gmt":"2026-01-27T11:44:54","slug":"nederland-10-cent-1825u","status":"publish","type":"product","link":"https:\/\/www.david-coin.com\/fr\/produit\/nederland-10-cent-1825u\/","title":{"rendered":"Pays-Bas 10 Cent 1825U"},"content":{"rendered":"<p>Nederland, 10 cent 1825U<br \/>\nBattu \u00e0 Utrecht.<br \/>\nSous le r\u00e8gne du roi Guillaume 1er.<\/p>\n<p>La pi\u00e8ce de 10 cents de <a href=\"https:\/\/www.david-coin.com\/fr\/categorie-produit\/nederlandse-munten\/willem-1-1815-1840\/\">Roi Guillaume 1<\/a>Cette pi\u00e8ce, frapp\u00e9e entre 1818 et 1829, fait partie de l'histoire de la monnaie n\u00e9erlandaise du dix-neuvi\u00e8me si\u00e8cle. Cette pi\u00e8ce est en argent 569\/1000, a un diam\u00e8tre de 18 millim\u00e8tres et p\u00e8se 1,69 gramme. L'avers est orn\u00e9 du grand \" W \" de <a href=\"\/fr\/\u201chttps:\/\/www.david-coin.com\/categorie-produit\/nederlandse-munten\/willem-1-1815-1840\/\u201d\/\">Le roi Guillaume Ier<\/a> ainsi que l'ann\u00e9e. Comme la Belgique faisait encore partie des Pays-Bas au d\u00e9but du XIXe si\u00e8cle, les pi\u00e8ces de 10 cents ont \u00e9t\u00e9 frapp\u00e9es \u00e0 la fois \u00e0 Utrecht et \u00e0 Bruxelles. Le revers porte l'indication de valeur \"10 C\". Outre les 10 cents, la s\u00e9rie comprend \u00e9galement les pi\u00e8ces suivantes :<br \/>\n&#8211;\t<a href=\"\/fr\/\u201chttps:\/\/www.david-coin.com\/produit\/nederland-1-2-cent-1822-u-a-willem-i\/\u201d\/\">Demi-cent William 1 ;<\/a><br \/>\n&#8211;\t<a href=\"\/fr\/\u201chttps:\/\/www.david-coin.com\/produit\/nederland-1-cent-1821-u-willem-2\/\u201d\/\">Cent William 1 ;<\/a><br \/>\n&#8211;\t<a href=\"\/fr\/\u201chttps:\/\/www.david-coin.com\/produit\/nederland-5-cent-1827-willem-1-4789\/\u201d\/\">Stuiver William 1 ;<\/a><br \/>\n&#8211;\t<a href=\"\/fr\/\u201chttps:\/\/www.david-coin.com\/produit\/nederland-25-cent-1825-u-willem-1\/\u201d\/\">Quart William 1 ;<\/a><br \/>\n&#8211;\t<a href=\"\/fr\/\u201chttps:\/\/www.david-coin.com\/produit\/nederland-1-2-gulden-1822-u-b-willem-i\/\u201d\/\">Demi florin William 1 ;<\/a><br \/>\n&#8211;\t<a href=\"\/fr\/\u201chttps:\/\/www.david-coin.com\/produit\/nederland-1-gulden-1832-willem-2\/\u201d\/\">Guillaume d'or 1 ;<\/a><br \/>\n&#8211;\t<a href=\"\/fr\/\u201chttps:\/\/www.david-coin.com\/produit\/nederland-25-gulden-1840-willem-i\/\u201d\/\">Reichdaalder Willem 1 ;<\/a><br \/>\n&#8211;\t<a href=\"\/fr\/\u201chttps:\/\/www.david-coin.com\/produit\/nederland-3-gulden-1824-willem-1\/\u201d\/\">3 florins William 1 ;<\/a><br \/>\n- 5 florins William 1 or ;<br \/>\n&#8211;\t<a href=\"\/fr\/\u201chttps:\/\/www.david-coin.com\/produit\/nederland-gouden-tientje-1825-willem-1\/\u201d\/\">10 florins William 1 or.<\/a><\/p>\n<p>Les pi\u00e8ces du roi Guillaume 1er ont lentement disparu de la circulation au cours du 19e si\u00e8cle, puis ont \u00e9t\u00e9 progressivement remplac\u00e9es par les pi\u00e8ces du roi de France. <a href=\"\/fr\/\u201chttps:\/\/www.david-coin.com\/categorie-produit\/nederlandse-munten\/willem-2-1840-1849\/\u201d\/\">Roi Guillaume 2<\/a> et <a href=\"\/fr\/\u201chttps:\/\/www.david-coin.com\/categorie-produit\/nederlandse-munten\/willem-3-1849-1890\/\u201d\/\">Roi Guillaume 3.<\/a> Aujourd'hui, les pi\u00e8ces du roi Guillaume 1 sont tr\u00e8s recherch\u00e9es par les collectionneurs. <\/p>\n<p>vb-foto.<br \/>\nPour toute question, n'h\u00e9sitez pas \u00e0 nous envoyer un message.<\/p>","protected":false},"excerpt":{"rendered":"<p>Nederland, 10 cent 1825U Geslagen in Utrecht. Onder bewind van Koning Willem 1. Het dubbeltje van koning Willem 1, geslagen tussen 1818 en 1829, is onderdeel van de Nederlandse muntgeschiedenis van de negentiende eeuw. Deze munt is gemaakt van 569\/1000 zilver, heeft een diameter van 18 millimeter en weegt 1,69 gram. Op de voorzijde staat [&hellip;]<\/p>\n","protected":false},"featured_media":108966,"comment_status":"closed","ping_status":"closed","template":"","meta":[],"product_brand":[],"product_cat":[5471,5519],"product_tag":[],"class_list":{"0":"post-108968","1":"product","2":"type-product","3":"status-publish","4":"has-post-thumbnail","6":"product_cat-nederlandse-munten","7":"product_cat-willem-1-1815-1840","8":"pa_delcampeid-5287","9":"pa_koning-koningin-willem1","10":"pa_kwaliteit-fraai","11":"pa_land-nederland","12":"pa_materiaal-zilver","13":"pa_muntwaarde-10cent","14":"pa_soort-koninkrijksmunten","16":"first","17":"instock","18":"taxable","19":"shipping-taxable","20":"purchasable","21":"product-type-simple"},"yoast_head":"<!-- This site is optimized with the Yoast SEO Premium plugin v27.2 (Yoast SEO v27.5) - https:\/\/yoast.com\/product\/yoast-seo-premium-wordpress\/ -->\n<title>Nederland 10 Cent 1825U<\/title>\n<meta name=\"description\" content=\"Nederlandse munten verkrijgbaar bij David-coin. Bekijk nu ons complete aanbod. Gratis verzending binnen Nederland vanaf 75 euro.\" \/>\n<meta name=\"robots\" content=\"index, follow, max-snippet:-1, max-image-preview:large, max-video-preview:-1\" \/>\n<link rel=\"canonical\" href=\"https:\/\/www.david-coin.com\/fr\/produit\/nederland-10-cent-1825u\/\" \/>\n<meta property=\"og:locale\" content=\"fr_FR\" \/>\n<meta property=\"og:type\" content=\"article\" \/>\n<meta property=\"og:title\" content=\"Nederland 10 Cent 1825U\" \/>\n<meta property=\"og:description\" content=\"Nederlandse munten verkrijgbaar bij David-coin. Bekijk nu ons complete aanbod. Gratis verzending binnen Nederland vanaf 75 euro.\" \/>\n<meta property=\"og:url\" content=\"https:\/\/www.david-coin.com\/fr\/produit\/nederland-10-cent-1825u\/\" \/>\n<meta property=\"og:site_name\" content=\"David Coin\" \/>\n<meta property=\"article:publisher\" content=\"https:\/\/www.facebook.com\/Davidcoininkoopenverkoop\" \/>\n<meta property=\"article:modified_time\" content=\"2026-01-27T11:44:54+00:00\" \/>\n<meta property=\"og:image\" content=\"https:\/\/www.david-coin.com\/wp-content\/uploads\/2019\/10\/10cent1825U_1121vz_.jpg\" \/>\n\t<meta property=\"og:image:width\" content=\"240\" \/>\n\t<meta property=\"og:image:height\" content=\"239\" \/>\n\t<meta property=\"og:image:type\" content=\"image\/jpeg\" \/>\n<meta name=\"twitter:card\" content=\"summary_large_image\" \/>\n<meta name=\"twitter:label1\" content=\"Prix\" \/>\n\t<meta name=\"twitter:data1\" content=\"&euro;&nbsp;29,95\" \/>\n\t<meta name=\"twitter:label2\" content=\"Disponibilit\u00e9\" \/>\n\t<meta name=\"twitter:data2\" content=\"En stock\" \/>\n<script type=\"application\/ld+json\" class=\"yoast-schema-graph\">{\"@context\":\"https:\\\/\\\/schema.org\",\"@graph\":[{\"@type\":\"WebPage\",\"@id\":\"https:\\\/\\\/www.david-coin.com\\\/product\\\/nederland-10-cent-1825u\\\/\",\"url\":\"https:\\\/\\\/www.david-coin.com\\\/product\\\/nederland-10-cent-1825u\\\/\",\"name\":\"Nederland 10 Cent 1825U\",\"isPartOf\":{\"@id\":\"https:\\\/\\\/www.david-coin.com\\\/#website\"},\"primaryImageOfPage\":{\"@id\":\"https:\\\/\\\/www.david-coin.com\\\/product\\\/nederland-10-cent-1825u\\\/#primaryimage\"},\"image\":{\"@id\":\"https:\\\/\\\/www.david-coin.com\\\/product\\\/nederland-10-cent-1825u\\\/#primaryimage\"},\"thumbnailUrl\":\"https:\\\/\\\/www.david-coin.com\\\/wp-content\\\/uploads\\\/2019\\\/10\\\/10cent1825U_1121vz_.jpg\",\"datePublished\":\"2019-10-31T13:35:08+00:00\",\"dateModified\":\"2026-01-27T11:44:54+00:00\",\"description\":\"Nederlandse munten verkrijgbaar bij David-coin. Bekijk nu ons complete aanbod. Gratis verzending binnen Nederland vanaf 75 euro.\",\"breadcrumb\":{\"@id\":\"https:\\\/\\\/www.david-coin.com\\\/product\\\/nederland-10-cent-1825u\\\/#breadcrumb\"},\"inLanguage\":\"fr-FR\",\"potentialAction\":[{\"@type\":\"ReadAction\",\"target\":[\"https:\\\/\\\/www.david-coin.com\\\/product\\\/nederland-10-cent-1825u\\\/\"]}]},{\"@type\":\"ImageObject\",\"inLanguage\":\"fr-FR\",\"@id\":\"https:\\\/\\\/www.david-coin.com\\\/product\\\/nederland-10-cent-1825u\\\/#primaryimage\",\"url\":\"https:\\\/\\\/www.david-coin.com\\\/wp-content\\\/uploads\\\/2019\\\/10\\\/10cent1825U_1121vz_.jpg\",\"contentUrl\":\"https:\\\/\\\/www.david-coin.com\\\/wp-content\\\/uploads\\\/2019\\\/10\\\/10cent1825U_1121vz_.jpg\",\"width\":240,\"height\":239,\"caption\":\"10cent1825U_1121vz_.jpg\"},{\"@type\":\"BreadcrumbList\",\"@id\":\"https:\\\/\\\/www.david-coin.com\\\/product\\\/nederland-10-cent-1825u\\\/#breadcrumb\",\"itemListElement\":[{\"@type\":\"ListItem\",\"position\":1,\"name\":\"Home\",\"item\":\"https:\\\/\\\/www.david-coin.com\\\/\"},{\"@type\":\"ListItem\",\"position\":2,\"name\":\"Winkel\",\"item\":\"https:\\\/\\\/www.david-coin.com\\\/winkel\\\/\"},{\"@type\":\"ListItem\",\"position\":3,\"name\":\"Nederland 10 Cent 1825U\"}]},{\"@type\":\"WebSite\",\"@id\":\"https:\\\/\\\/www.david-coin.com\\\/#website\",\"url\":\"https:\\\/\\\/www.david-coin.com\\\/\",\"name\":\"David Coin\",\"description\":\"\",\"publisher\":{\"@id\":\"https:\\\/\\\/www.david-coin.com\\\/#organization\"},\"potentialAction\":[{\"@type\":\"SearchAction\",\"target\":{\"@type\":\"EntryPoint\",\"urlTemplate\":\"https:\\\/\\\/www.david-coin.com\\\/?s={search_term_string}\"},\"query-input\":{\"@type\":\"PropertyValueSpecification\",\"valueRequired\":true,\"valueName\":\"search_term_string\"}}],\"inLanguage\":\"fr-FR\"},{\"@type\":\"Organization\",\"@id\":\"https:\\\/\\\/www.david-coin.com\\\/#organization\",\"name\":\"David Coin\",\"url\":\"https:\\\/\\\/www.david-coin.com\\\/\",\"logo\":{\"@type\":\"ImageObject\",\"inLanguage\":\"fr-FR\",\"@id\":\"https:\\\/\\\/www.david-coin.com\\\/#\\\/schema\\\/logo\\\/image\\\/\",\"url\":\"https:\\\/\\\/www.david-coin.com\\\/wp-content\\\/uploads\\\/2024\\\/04\\\/davidcoin-logo-final.png\",\"contentUrl\":\"https:\\\/\\\/www.david-coin.com\\\/wp-content\\\/uploads\\\/2024\\\/04\\\/davidcoin-logo-final.png\",\"width\":800,\"height\":267,\"caption\":\"David Coin\"},\"image\":{\"@id\":\"https:\\\/\\\/www.david-coin.com\\\/#\\\/schema\\\/logo\\\/image\\\/\"},\"sameAs\":[\"https:\\\/\\\/www.facebook.com\\\/Davidcoininkoopenverkoop\",\"https:\\\/\\\/www.youtube.com\\\/channel\\\/UC39lihLKFSPTff0w6tv0pWQ\"]}]}<\/script>\n<meta property=\"product:price:amount\" content=\"29.95\" \/>\n<meta property=\"product:price:currency\" content=\"EUR\" \/>\n<meta property=\"og:availability\" content=\"instock\" \/>\n<meta property=\"product:availability\" content=\"instock\" \/>\n<meta property=\"product:retailer_item_id\" content=\"1121\" \/>\n<meta property=\"product:condition\" content=\"new\" \/>\n<!-- \/ Yoast SEO Premium plugin. -->","yoast_head_json":{"title":"Pays-Bas 10 Cent 1825U","description":"Nederlandse munten verkrijgbaar bij David-coin. Bekijk nu ons complete aanbod. Gratis verzending binnen Nederland vanaf 75 euro.","robots":{"index":"index","follow":"follow","max-snippet":"max-snippet:-1","max-image-preview":"max-image-preview:large","max-video-preview":"max-video-preview:-1"},"canonical":"https:\/\/www.david-coin.com\/fr\/produit\/nederland-10-cent-1825u\/","og_locale":"fr_FR","og_type":"article","og_title":"Nederland 10 Cent 1825U","og_description":"Nederlandse munten verkrijgbaar bij David-coin. Bekijk nu ons complete aanbod. Gratis verzending binnen Nederland vanaf 75 euro.","og_url":"https:\/\/www.david-coin.com\/fr\/produit\/nederland-10-cent-1825u\/","og_site_name":"David Coin","article_publisher":"https:\/\/www.facebook.com\/Davidcoininkoopenverkoop","article_modified_time":"2026-01-27T11:44:54+00:00","og_image":[{"width":240,"height":239,"url":"https:\/\/www.david-coin.com\/wp-content\/uploads\/2019\/10\/10cent1825U_1121vz_.jpg","type":"image\/jpeg"}],"twitter_card":"summary_large_image","twitter_misc":{"Prix":"&euro;&nbsp;29,95","Disponibilit\u00e9":"En stock"},"schema":{"@context":"https:\/\/schema.org","@graph":[{"@type":"WebPage","@id":"https:\/\/www.david-coin.com\/product\/nederland-10-cent-1825u\/","url":"https:\/\/www.david-coin.com\/product\/nederland-10-cent-1825u\/","name":"Pays-Bas 10 Cent 1825U","isPartOf":{"@id":"https:\/\/www.david-coin.com\/#website"},"primaryImageOfPage":{"@id":"https:\/\/www.david-coin.com\/product\/nederland-10-cent-1825u\/#primaryimage"},"image":{"@id":"https:\/\/www.david-coin.com\/product\/nederland-10-cent-1825u\/#primaryimage"},"thumbnailUrl":"https:\/\/www.david-coin.com\/wp-content\/uploads\/2019\/10\/10cent1825U_1121vz_.jpg","datePublished":"2019-10-31T13:35:08+00:00","dateModified":"2026-01-27T11:44:54+00:00","description":"Nederlandse munten verkrijgbaar bij David-coin. Bekijk nu ons complete aanbod. Gratis verzending binnen Nederland vanaf 75 euro.","breadcrumb":{"@id":"https:\/\/www.david-coin.com\/product\/nederland-10-cent-1825u\/#breadcrumb"},"inLanguage":"fr-FR","potentialAction":[{"@type":"ReadAction","target":["https:\/\/www.david-coin.com\/product\/nederland-10-cent-1825u\/"]}]},{"@type":"ImageObject","inLanguage":"fr-FR","@id":"https:\/\/www.david-coin.com\/product\/nederland-10-cent-1825u\/#primaryimage","url":"https:\/\/www.david-coin.com\/wp-content\/uploads\/2019\/10\/10cent1825U_1121vz_.jpg","contentUrl":"https:\/\/www.david-coin.com\/wp-content\/uploads\/2019\/10\/10cent1825U_1121vz_.jpg","width":240,"height":239,"caption":"10cent1825U_1121vz_.jpg"},{"@type":"BreadcrumbList","@id":"https:\/\/www.david-coin.com\/product\/nederland-10-cent-1825u\/#breadcrumb","itemListElement":[{"@type":"ListItem","position":1,"name":"Home","item":"https:\/\/www.david-coin.com\/"},{"@type":"ListItem","position":2,"name":"Winkel","item":"https:\/\/www.david-coin.com\/winkel\/"},{"@type":"ListItem","position":3,"name":"Nederland 10 Cent 1825U"}]},{"@type":"WebSite","@id":"https:\/\/www.david-coin.com\/#website","url":"https:\/\/www.david-coin.com\/","name":"David Coin","description":"","publisher":{"@id":"https:\/\/www.david-coin.com\/#organization"},"potentialAction":[{"@type":"SearchAction","target":{"@type":"EntryPoint","urlTemplate":"https:\/\/www.david-coin.com\/?s={search_term_string}"},"query-input":{"@type":"PropertyValueSpecification","valueRequired":true,"valueName":"search_term_string"}}],"inLanguage":"fr-FR"},{"@type":"Organization","@id":"https:\/\/www.david-coin.com\/#organization","name":"David Coin","url":"https:\/\/www.david-coin.com\/","logo":{"@type":"ImageObject","inLanguage":"fr-FR","@id":"https:\/\/www.david-coin.com\/#\/schema\/logo\/image\/","url":"https:\/\/www.david-coin.com\/wp-content\/uploads\/2024\/04\/davidcoin-logo-final.png","contentUrl":"https:\/\/www.david-coin.com\/wp-content\/uploads\/2024\/04\/davidcoin-logo-final.png","width":800,"height":267,"caption":"David Coin"},"image":{"@id":"https:\/\/www.david-coin.com\/#\/schema\/logo\/image\/"},"sameAs":["https:\/\/www.facebook.com\/Davidcoininkoopenverkoop","https:\/\/www.youtube.com\/channel\/UC39lihLKFSPTff0w6tv0pWQ"]}]},"product_price_amount":"29.95","product_price_currency":"EUR","og_availability":"instock","product_availability":"instock","product_retailer_item_id":"1121","product_condition":"new"},"_links":{"self":[{"href":"https:\/\/www.david-coin.com\/fr\/wp-json\/wp\/v2\/product\/108968","targetHints":{"allow":["GET"]}}],"collection":[{"href":"https:\/\/www.david-coin.com\/fr\/wp-json\/wp\/v2\/product"}],"about":[{"href":"https:\/\/www.david-coin.com\/fr\/wp-json\/wp\/v2\/types\/product"}],"replies":[{"embeddable":true,"href":"https:\/\/www.david-coin.com\/fr\/wp-json\/wp\/v2\/comments?post=108968"}],"wp:featuredmedia":[{"embeddable":true,"href":"https:\/\/www.david-coin.com\/fr\/wp-json\/wp\/v2\/media\/108966"}],"wp:attachment":[{"href":"https:\/\/www.david-coin.com\/fr\/wp-json\/wp\/v2\/media?parent=108968"}],"wp:term":[{"taxonomy":"product_brand","embeddable":true,"href":"https:\/\/www.david-coin.com\/fr\/wp-json\/wp\/v2\/product_brand?post=108968"},{"taxonomy":"product_cat","embeddable":true,"href":"https:\/\/www.david-coin.com\/fr\/wp-json\/wp\/v2\/product_cat?post=108968"},{"taxonomy":"product_tag","embeddable":true,"href":"https:\/\/www.david-coin.com\/fr\/wp-json\/wp\/v2\/product_tag?post=108968"}],"curies":[{"name":"wp","href":"https:\/\/api.w.org\/{rel}","templated":true}]}}