{"id":108848,"date":"2019-10-08T10:24:27","date_gmt":"2019-10-08T08:24:27","guid":{"rendered":"https:\/\/www.david-coin.com\/product\/1-cent-1876-1\/"},"modified":"2026-01-27T12:45:41","modified_gmt":"2026-01-27T11:45:41","slug":"1-cent-1876-1","status":"publish","type":"product","link":"https:\/\/www.david-coin.com\/fr\/produit\/1-cent-1876-1\/","title":{"rendered":"1 cent 1876"},"content":{"rendered":"<p>Nederland,1 Cent 1876.<br \/>\nSous le r\u00e8gne du roi Guillaume 3.<\/p>\n<p>Le sou du roi <a href=\"https:\/\/www.david-coin.com\/fr\/categorie-produit\/nederlandse-munten\/willem-3-1849-1890\/\">William 3<\/a> a \u00e9t\u00e9 frapp\u00e9 en deux variantes, \u00e0 savoir le cent de cuivre et le cent de bronze. Le cent de cuivre ressemble aux cents de Guillaume 1er et Guillaume 2, avec un grand W et l'ann\u00e9e. Au recto du cent de cuivre, les armoiries de l'\u00c9tat sont marqu\u00e9es d'un \"1 C\" pour la valeur. Le cent en bronze est orn\u00e9 d'un lion cabr\u00e9 avec des fl\u00e8ches et porte la mention \"1 cent\" sur le c\u00f4t\u00e9 de la monnaie. Le cent de bronze est plus petit, pesant 2,5 grammes et ayant un diam\u00e8tre de 19 millim\u00e8tres, et le cent de cuivre a un poids de 3,85 grammes et un diam\u00e8tre de 22 millim\u00e8tres. Le Willem 3 cent en cuivre a \u00e9t\u00e9 frapp\u00e9 entre 1860 et 1877, et le cent en bronze entre 1877 et 1884. Outre le 3 cent Guillaume, les pi\u00e8ces suivantes ont \u00e9t\u00e9 \u00e9mises sous son r\u00e8gne :<br \/>\n&#8211;\t<a href=\"https:\/\/www.david-coin.com\/fr\/produit\/nederland-halve-cent-1850-willem-3-2\/\">Demi-cent William 3 ;<\/a><br \/>\n&#8211;\t<a href=\"https:\/\/www.david-coin.com\/fr\/produit\/nederland-2-5-cent-1877-willem-3\/\">Deux cents et demi William 3 ;<\/a><br \/>\n&#8211;\t<a href=\"https:\/\/www.david-coin.com\/fr\/produit\/nederland-5-cent-1862-willem-3\/\">Stuiver William 3 ;<\/a><br \/>\n&#8211;\t<a href=\"https:\/\/www.david-coin.com\/fr\/produit\/nederland-10-cent-1853-willem-3\/\">Double William 3 ;<\/a><br \/>\n&#8211;\t<a href=\"https:\/\/www.david-coin.com\/fr\/produit\/nederland-25-cent-1889-willem-3\/\">Quart de William 3 ;<\/a><br \/>\n&#8211;\t<a href=\"https:\/\/www.david-coin.com\/fr\/produit\/nederland-1-gulden-1866-willem-3\/\">Demi florin William 3 ;<\/a><br \/>\n&#8211;\t<a href=\"https:\/\/www.david-coin.com\/fr\/produit\/nederland-1-gulden-1856-willem-iii\/\">Guillaume d'or 3 ;<\/a><br \/>\n&#8211;\t<a href=\"https:\/\/www.david-coin.com\/fr\/produit\/nederland-25-gulden-1857-willem-3\/\">Knaak ou deux florins et demi William 3 ;<\/a><br \/>\n&#8211;\t<a href=\"https:\/\/www.david-coin.com\/fr\/produit\/nederland-gouden-5-gulden-1851-willem-3-2\/\">Cinq florins William 3 ;<\/a><br \/>\n&#8211;\t<a href=\"https:\/\/www.david-coin.com\/fr\/produit\/nederland-10-gulden-1888-willem-3-2\/\">Dix florins William 3 ;<\/a><br \/>\n- 20 florins (jeton doublement n\u00e9goci\u00e9) William 3.<br \/>\nLes pi\u00e8ces du roi Guillaume III ont lentement disparu de la circulation au d\u00e9but du 20e si\u00e8cle et ont \u00e9t\u00e9 progressivement remplac\u00e9es par les pi\u00e8ces du roi de France. <a href=\"https:\/\/www.david-coin.com\/fr\/categorie-produit\/nederlandse-munten\/wilhelmina-1890-1948\/\">Reine Wilhelmina<\/a>. Aujourd'hui, ils sont toujours tr\u00e8s recherch\u00e9s par les collectionneurs et sont donc tr\u00e8s appr\u00e9ci\u00e9s.<\/p>","protected":false},"excerpt":{"rendered":"<p>Nederland,1 Cent 1876. Onder bewind van Koning Willem 3. De cent van koning Willem 3 is in twee varianten geslagen, namelijk de koperen en bronzen cent. De koperen cent is zoals de centen van Willem 1 en Willem 2, met een grote W en het jaartal. Op de voorzijde van de koperen cent is het [&hellip;]<\/p>\n","protected":false},"featured_media":108846,"comment_status":"closed","ping_status":"open","template":"","meta":[],"product_brand":[],"product_cat":[5471,5521],"product_tag":[],"class_list":{"0":"post-108848","1":"product","2":"type-product","3":"status-publish","4":"has-post-thumbnail","6":"product_cat-nederlandse-munten","7":"product_cat-willem-3-1849-1890","8":"pa_delcampeid-5290","9":"pa_koning-koningin-willem3","10":"pa_kwaliteit-zeer-fraai","11":"pa_land-nederland","12":"pa_materiaal-koper","13":"pa_muntwaarde-1cent","14":"pa_soort-koninkrijksmunten","16":"first","17":"instock","18":"taxable","19":"shipping-taxable","20":"purchasable","21":"product-type-simple"},"yoast_head":"<!-- This site is optimized with the Yoast SEO Premium plugin v27.2 (Yoast SEO v27.4) - https:\/\/yoast.com\/product\/yoast-seo-premium-wordpress\/ -->\n<title>1 Cent 1876<\/title>\n<meta name=\"description\" content=\"Nederlandse munten verkrijgbaar van Willem 1 t\/m heden bij David-coin. Bekijk nu ons complete aanbod. Gratis verzending binnen Nederland vanaf 75 euro.\" \/>\n<meta name=\"robots\" content=\"index, follow, max-snippet:-1, max-image-preview:large, max-video-preview:-1\" \/>\n<link rel=\"canonical\" href=\"https:\/\/www.david-coin.com\/fr\/produit\/1-cent-1876-1\/\" \/>\n<meta property=\"og:locale\" content=\"fr_FR\" \/>\n<meta property=\"og:type\" content=\"article\" \/>\n<meta property=\"og:title\" content=\"1 Cent 1876\" \/>\n<meta property=\"og:description\" content=\"Nederlandse munten verkrijgbaar van Willem 1 t\/m heden bij David-coin. Bekijk nu ons complete aanbod. Gratis verzending binnen Nederland vanaf 75 euro.\" \/>\n<meta property=\"og:url\" content=\"https:\/\/www.david-coin.com\/fr\/produit\/1-cent-1876-1\/\" \/>\n<meta property=\"og:site_name\" content=\"David Coin\" \/>\n<meta property=\"article:publisher\" content=\"https:\/\/www.facebook.com\/Davidcoininkoopenverkoop\" \/>\n<meta property=\"article:modified_time\" content=\"2026-01-27T11:45:41+00:00\" \/>\n<meta property=\"og:image\" content=\"https:\/\/www.david-coin.com\/wp-content\/uploads\/2019\/10\/1cent1876_1036az_.jpg\" \/>\n\t<meta property=\"og:image:width\" content=\"800\" \/>\n\t<meta property=\"og:image:height\" content=\"800\" \/>\n\t<meta property=\"og:image:type\" content=\"image\/jpeg\" \/>\n<meta name=\"twitter:card\" content=\"summary_large_image\" \/>\n<meta name=\"twitter:label1\" content=\"Prix\" \/>\n\t<meta name=\"twitter:data1\" content=\"&euro;&nbsp;7,50\" \/>\n\t<meta name=\"twitter:label2\" content=\"Disponibilit\u00e9\" \/>\n\t<meta name=\"twitter:data2\" content=\"En stock\" \/>\n<script type=\"application\/ld+json\" class=\"yoast-schema-graph\">{\"@context\":\"https:\\\/\\\/schema.org\",\"@graph\":[{\"@type\":\"WebPage\",\"@id\":\"https:\\\/\\\/www.david-coin.com\\\/product\\\/1-cent-1876-1\\\/\",\"url\":\"https:\\\/\\\/www.david-coin.com\\\/product\\\/1-cent-1876-1\\\/\",\"name\":\"1 Cent 1876\",\"isPartOf\":{\"@id\":\"https:\\\/\\\/www.david-coin.com\\\/#website\"},\"primaryImageOfPage\":{\"@id\":\"https:\\\/\\\/www.david-coin.com\\\/product\\\/1-cent-1876-1\\\/#primaryimage\"},\"image\":{\"@id\":\"https:\\\/\\\/www.david-coin.com\\\/product\\\/1-cent-1876-1\\\/#primaryimage\"},\"thumbnailUrl\":\"https:\\\/\\\/www.david-coin.com\\\/wp-content\\\/uploads\\\/2019\\\/10\\\/1cent1876_1036az_.jpg\",\"datePublished\":\"2019-10-08T08:24:27+00:00\",\"dateModified\":\"2026-01-27T11:45:41+00:00\",\"description\":\"Nederlandse munten verkrijgbaar van Willem 1 t\\\/m heden bij David-coin. Bekijk nu ons complete aanbod. Gratis verzending binnen Nederland vanaf 75 euro.\",\"breadcrumb\":{\"@id\":\"https:\\\/\\\/www.david-coin.com\\\/product\\\/1-cent-1876-1\\\/#breadcrumb\"},\"inLanguage\":\"fr-FR\",\"potentialAction\":[{\"@type\":\"ReadAction\",\"target\":[\"https:\\\/\\\/www.david-coin.com\\\/product\\\/1-cent-1876-1\\\/\"]}]},{\"@type\":\"ImageObject\",\"inLanguage\":\"fr-FR\",\"@id\":\"https:\\\/\\\/www.david-coin.com\\\/product\\\/1-cent-1876-1\\\/#primaryimage\",\"url\":\"https:\\\/\\\/www.david-coin.com\\\/wp-content\\\/uploads\\\/2019\\\/10\\\/1cent1876_1036az_.jpg\",\"contentUrl\":\"https:\\\/\\\/www.david-coin.com\\\/wp-content\\\/uploads\\\/2019\\\/10\\\/1cent1876_1036az_.jpg\",\"width\":800,\"height\":800,\"caption\":\"1cent1876_1036az_.jpg\"},{\"@type\":\"BreadcrumbList\",\"@id\":\"https:\\\/\\\/www.david-coin.com\\\/product\\\/1-cent-1876-1\\\/#breadcrumb\",\"itemListElement\":[{\"@type\":\"ListItem\",\"position\":1,\"name\":\"Home\",\"item\":\"https:\\\/\\\/www.david-coin.com\\\/\"},{\"@type\":\"ListItem\",\"position\":2,\"name\":\"Winkel\",\"item\":\"https:\\\/\\\/www.david-coin.com\\\/winkel\\\/\"},{\"@type\":\"ListItem\",\"position\":3,\"name\":\"1 Cent 1876\"}]},{\"@type\":\"WebSite\",\"@id\":\"https:\\\/\\\/www.david-coin.com\\\/#website\",\"url\":\"https:\\\/\\\/www.david-coin.com\\\/\",\"name\":\"David Coin\",\"description\":\"\",\"publisher\":{\"@id\":\"https:\\\/\\\/www.david-coin.com\\\/#organization\"},\"potentialAction\":[{\"@type\":\"SearchAction\",\"target\":{\"@type\":\"EntryPoint\",\"urlTemplate\":\"https:\\\/\\\/www.david-coin.com\\\/?s={search_term_string}\"},\"query-input\":{\"@type\":\"PropertyValueSpecification\",\"valueRequired\":true,\"valueName\":\"search_term_string\"}}],\"inLanguage\":\"fr-FR\"},{\"@type\":\"Organization\",\"@id\":\"https:\\\/\\\/www.david-coin.com\\\/#organization\",\"name\":\"David Coin\",\"url\":\"https:\\\/\\\/www.david-coin.com\\\/\",\"logo\":{\"@type\":\"ImageObject\",\"inLanguage\":\"fr-FR\",\"@id\":\"https:\\\/\\\/www.david-coin.com\\\/#\\\/schema\\\/logo\\\/image\\\/\",\"url\":\"https:\\\/\\\/www.david-coin.com\\\/wp-content\\\/uploads\\\/2024\\\/04\\\/davidcoin-logo-final.png\",\"contentUrl\":\"https:\\\/\\\/www.david-coin.com\\\/wp-content\\\/uploads\\\/2024\\\/04\\\/davidcoin-logo-final.png\",\"width\":800,\"height\":267,\"caption\":\"David Coin\"},\"image\":{\"@id\":\"https:\\\/\\\/www.david-coin.com\\\/#\\\/schema\\\/logo\\\/image\\\/\"},\"sameAs\":[\"https:\\\/\\\/www.facebook.com\\\/Davidcoininkoopenverkoop\",\"https:\\\/\\\/www.youtube.com\\\/channel\\\/UC39lihLKFSPTff0w6tv0pWQ\"]}]}<\/script>\n<meta property=\"product:price:amount\" content=\"7.50\" \/>\n<meta property=\"product:price:currency\" content=\"EUR\" \/>\n<meta property=\"og:availability\" content=\"instock\" \/>\n<meta property=\"product:availability\" content=\"instock\" \/>\n<meta property=\"product:retailer_item_id\" content=\"1036\" \/>\n<meta property=\"product:condition\" content=\"new\" \/>\n<!-- \/ Yoast SEO Premium plugin. -->","yoast_head_json":{"title":"1 cent 1876","description":"Nederlandse munten verkrijgbaar van Willem 1 t\/m heden bij David-coin. Bekijk nu ons complete aanbod. Gratis verzending binnen Nederland vanaf 75 euro.","robots":{"index":"index","follow":"follow","max-snippet":"max-snippet:-1","max-image-preview":"max-image-preview:large","max-video-preview":"max-video-preview:-1"},"canonical":"https:\/\/www.david-coin.com\/fr\/produit\/1-cent-1876-1\/","og_locale":"fr_FR","og_type":"article","og_title":"1 Cent 1876","og_description":"Nederlandse munten verkrijgbaar van Willem 1 t\/m heden bij David-coin. Bekijk nu ons complete aanbod. Gratis verzending binnen Nederland vanaf 75 euro.","og_url":"https:\/\/www.david-coin.com\/fr\/produit\/1-cent-1876-1\/","og_site_name":"David Coin","article_publisher":"https:\/\/www.facebook.com\/Davidcoininkoopenverkoop","article_modified_time":"2026-01-27T11:45:41+00:00","og_image":[{"width":800,"height":800,"url":"https:\/\/www.david-coin.com\/wp-content\/uploads\/2019\/10\/1cent1876_1036az_.jpg","type":"image\/jpeg"}],"twitter_card":"summary_large_image","twitter_misc":{"Prix":"&euro;&nbsp;7,50","Disponibilit\u00e9":"En stock"},"schema":{"@context":"https:\/\/schema.org","@graph":[{"@type":"WebPage","@id":"https:\/\/www.david-coin.com\/product\/1-cent-1876-1\/","url":"https:\/\/www.david-coin.com\/product\/1-cent-1876-1\/","name":"1 cent 1876","isPartOf":{"@id":"https:\/\/www.david-coin.com\/#website"},"primaryImageOfPage":{"@id":"https:\/\/www.david-coin.com\/product\/1-cent-1876-1\/#primaryimage"},"image":{"@id":"https:\/\/www.david-coin.com\/product\/1-cent-1876-1\/#primaryimage"},"thumbnailUrl":"https:\/\/www.david-coin.com\/wp-content\/uploads\/2019\/10\/1cent1876_1036az_.jpg","datePublished":"2019-10-08T08:24:27+00:00","dateModified":"2026-01-27T11:45:41+00:00","description":"Nederlandse munten verkrijgbaar van Willem 1 t\/m heden bij David-coin. Bekijk nu ons complete aanbod. Gratis verzending binnen Nederland vanaf 75 euro.","breadcrumb":{"@id":"https:\/\/www.david-coin.com\/product\/1-cent-1876-1\/#breadcrumb"},"inLanguage":"fr-FR","potentialAction":[{"@type":"ReadAction","target":["https:\/\/www.david-coin.com\/product\/1-cent-1876-1\/"]}]},{"@type":"ImageObject","inLanguage":"fr-FR","@id":"https:\/\/www.david-coin.com\/product\/1-cent-1876-1\/#primaryimage","url":"https:\/\/www.david-coin.com\/wp-content\/uploads\/2019\/10\/1cent1876_1036az_.jpg","contentUrl":"https:\/\/www.david-coin.com\/wp-content\/uploads\/2019\/10\/1cent1876_1036az_.jpg","width":800,"height":800,"caption":"1cent1876_1036az_.jpg"},{"@type":"BreadcrumbList","@id":"https:\/\/www.david-coin.com\/product\/1-cent-1876-1\/#breadcrumb","itemListElement":[{"@type":"ListItem","position":1,"name":"Home","item":"https:\/\/www.david-coin.com\/"},{"@type":"ListItem","position":2,"name":"Winkel","item":"https:\/\/www.david-coin.com\/winkel\/"},{"@type":"ListItem","position":3,"name":"1 Cent 1876"}]},{"@type":"WebSite","@id":"https:\/\/www.david-coin.com\/#website","url":"https:\/\/www.david-coin.com\/","name":"David Coin","description":"","publisher":{"@id":"https:\/\/www.david-coin.com\/#organization"},"potentialAction":[{"@type":"SearchAction","target":{"@type":"EntryPoint","urlTemplate":"https:\/\/www.david-coin.com\/?s={search_term_string}"},"query-input":{"@type":"PropertyValueSpecification","valueRequired":true,"valueName":"search_term_string"}}],"inLanguage":"fr-FR"},{"@type":"Organization","@id":"https:\/\/www.david-coin.com\/#organization","name":"David Coin","url":"https:\/\/www.david-coin.com\/","logo":{"@type":"ImageObject","inLanguage":"fr-FR","@id":"https:\/\/www.david-coin.com\/#\/schema\/logo\/image\/","url":"https:\/\/www.david-coin.com\/wp-content\/uploads\/2024\/04\/davidcoin-logo-final.png","contentUrl":"https:\/\/www.david-coin.com\/wp-content\/uploads\/2024\/04\/davidcoin-logo-final.png","width":800,"height":267,"caption":"David Coin"},"image":{"@id":"https:\/\/www.david-coin.com\/#\/schema\/logo\/image\/"},"sameAs":["https:\/\/www.facebook.com\/Davidcoininkoopenverkoop","https:\/\/www.youtube.com\/channel\/UC39lihLKFSPTff0w6tv0pWQ"]}]},"product_price_amount":"7.50","product_price_currency":"EUR","og_availability":"instock","product_availability":"instock","product_retailer_item_id":"1036","product_condition":"new"},"_links":{"self":[{"href":"https:\/\/www.david-coin.com\/fr\/wp-json\/wp\/v2\/product\/108848","targetHints":{"allow":["GET"]}}],"collection":[{"href":"https:\/\/www.david-coin.com\/fr\/wp-json\/wp\/v2\/product"}],"about":[{"href":"https:\/\/www.david-coin.com\/fr\/wp-json\/wp\/v2\/types\/product"}],"replies":[{"embeddable":true,"href":"https:\/\/www.david-coin.com\/fr\/wp-json\/wp\/v2\/comments?post=108848"}],"wp:featuredmedia":[{"embeddable":true,"href":"https:\/\/www.david-coin.com\/fr\/wp-json\/wp\/v2\/media\/108846"}],"wp:attachment":[{"href":"https:\/\/www.david-coin.com\/fr\/wp-json\/wp\/v2\/media?parent=108848"}],"wp:term":[{"taxonomy":"product_brand","embeddable":true,"href":"https:\/\/www.david-coin.com\/fr\/wp-json\/wp\/v2\/product_brand?post=108848"},{"taxonomy":"product_cat","embeddable":true,"href":"https:\/\/www.david-coin.com\/fr\/wp-json\/wp\/v2\/product_cat?post=108848"},{"taxonomy":"product_tag","embeddable":true,"href":"https:\/\/www.david-coin.com\/fr\/wp-json\/wp\/v2\/product_tag?post=108848"}],"curies":[{"name":"wp","href":"https:\/\/api.w.org\/{rel}","templated":true}]}}