{"id":151509,"date":"2025-07-16T12:45:18","date_gmt":"2025-07-16T10:45:18","guid":{"rendered":"https:\/\/www.david-coin.com\/?post_type=product&#038;p=151509"},"modified":"2026-01-28T10:42:38","modified_gmt":"2026-01-28T09:42:38","slug":"monaco-2-euro-2025-comte-de-carlades-proof-in-doosje","status":"publish","type":"product","link":"https:\/\/www.david-coin.com\/en\/product\/monaco-2-euro-2025-comte-de-carlades-proof-in-doosje\/","title":{"rendered":"Monaco 2 Euro 2025 Comt\u00e9 de Carlad\u00e8s Proof in box"},"content":{"rendered":"<p><strong>Monaco 2 Euro 2025 Comt\u00e9 de Carlad\u00e8s Proof in box<\/strong><\/p>\n<p>Commemorative coin in beautiful red box with red velvet lining.<\/p>\n<p>Weight: 8.5 g<br \/>\nDiameter: 25.75 mm<br \/>\nCirculation: 15,000 pieces<\/p>\n<p>N. 04632<\/p>\n<p>See scans for more details.<\/p>\n<p>For questions, feel free to send us a message.<\/p>\n<p>&nbsp;<\/p>","protected":false},"excerpt":{"rendered":"<p>Monaco 2 Euro 2025 Comt\u00e9 de Carlad\u00e8s Proof in doosje Herdenkingsmunt in prachtig rood doosje met rood fluwelen voering. Gewicht: 8,5 g Diameter: 25,75 mm Oplage: 15.000 stuks N. 04632 Zie scans voor meer details. Voor vragen, stuur ons gerust een bericht. &nbsp;<\/p>","protected":false},"featured_media":151508,"comment_status":"closed","ping_status":"closed","template":"","meta":[],"product_brand":[],"product_cat":[5478,5599,6350,5950,5921,5934],"product_tag":[],"class_list":{"0":"post-151509","1":"product","2":"type-product","3":"status-publish","4":"has-post-thumbnail","6":"product_cat-zeldzame-euromunten","7":"product_cat-speciale-2-euromunten","8":"product_cat-speciale-2-euromunten-2025","9":"product_cat-speciale-2-euromunten-monaco","10":"product_cat-speciale-2-euromunten-per-jaar","11":"product_cat-speciale-2-euromunten-per-land","12":"pa_kwaliteit-proof","13":"pa_land-monaco","14":"pa_materiaal-bimetaal","15":"pa_muntwaarde-2euro","17":"first","18":"instock","19":"purchasable","20":"product-type-simple"},"yoast_head":"<!-- This site is optimized with the Yoast SEO Premium plugin v27.5 (Yoast SEO v27.6) - https:\/\/yoast.com\/product\/yoast-seo-premium-wordpress\/ -->\n<title>Monaco 2 Euro 2025 Comt\u00e9 de Carlad\u00e8s Proof in doosje<\/title>\n<meta name=\"description\" content=\"2 euro-munten van diverse Euro-landen kopen? Bekijk nu ons ruime aanbod. Gratis verzending vanaf 75 euro binnen Nederland.\" \/>\n<meta name=\"robots\" content=\"index, follow, max-snippet:-1, max-image-preview:large, max-video-preview:-1\" \/>\n<link rel=\"canonical\" href=\"https:\/\/www.david-coin.com\/en\/product\/monaco-2-euro-2025-comte-de-carlades-proof-in-doosje\/\" \/>\n<meta property=\"og:locale\" content=\"en_US\" \/>\n<meta property=\"og:type\" content=\"article\" \/>\n<meta property=\"og:title\" content=\"Monaco 2 Euro 2025 Comt\u00e9 de Carlad\u00e8s Proof in doosje\" \/>\n<meta property=\"og:description\" content=\"2 euro-munten van diverse Euro-landen kopen? Bekijk nu ons ruime aanbod. Gratis verzending vanaf 75 euro binnen Nederland.\" \/>\n<meta property=\"og:url\" content=\"https:\/\/www.david-coin.com\/en\/product\/monaco-2-euro-2025-comte-de-carlades-proof-in-doosje\/\" \/>\n<meta property=\"og:site_name\" content=\"David Coin\" \/>\n<meta property=\"article:publisher\" content=\"https:\/\/www.facebook.com\/Davidcoininkoopenverkoop\" \/>\n<meta property=\"article:modified_time\" content=\"2026-01-28T09:42:38+00:00\" \/>\n<meta property=\"og:image\" content=\"https:\/\/www.david-coin.com\/wp-content\/uploads\/2025\/07\/Monaco-2euro-doosje2.jpg\" \/>\n\t<meta property=\"og:image:width\" content=\"750\" \/>\n\t<meta property=\"og:image:height\" content=\"1000\" \/>\n\t<meta property=\"og:image:type\" content=\"image\/jpeg\" \/>\n<meta name=\"twitter:card\" content=\"summary_large_image\" \/>\n<meta name=\"twitter:label1\" content=\"Price\" \/>\n\t<meta name=\"twitter:data1\" content=\"&euro;&nbsp;349,95\" \/>\n\t<meta name=\"twitter:label2\" content=\"Availability\" \/>\n\t<meta name=\"twitter:data2\" content=\"In stock\" \/>\n<script type=\"application\/ld+json\" class=\"yoast-schema-graph\">{\"@context\":\"https:\\\/\\\/schema.org\",\"@graph\":[{\"@type\":\"WebPage\",\"@id\":\"https:\\\/\\\/www.david-coin.com\\\/product\\\/monaco-2-euro-2025-comte-de-carlades-proof-in-doosje\\\/\",\"url\":\"https:\\\/\\\/www.david-coin.com\\\/product\\\/monaco-2-euro-2025-comte-de-carlades-proof-in-doosje\\\/\",\"name\":\"Monaco 2 Euro 2025 Comt\u00e9 de Carlad\u00e8s Proof in doosje\",\"isPartOf\":{\"@id\":\"https:\\\/\\\/www.david-coin.com\\\/#website\"},\"primaryImageOfPage\":{\"@id\":\"https:\\\/\\\/www.david-coin.com\\\/product\\\/monaco-2-euro-2025-comte-de-carlades-proof-in-doosje\\\/#primaryimage\"},\"image\":{\"@id\":\"https:\\\/\\\/www.david-coin.com\\\/product\\\/monaco-2-euro-2025-comte-de-carlades-proof-in-doosje\\\/#primaryimage\"},\"thumbnailUrl\":\"https:\\\/\\\/www.david-coin.com\\\/wp-content\\\/uploads\\\/2025\\\/07\\\/Monaco-2euro-doosje2.jpg\",\"datePublished\":\"2025-07-16T10:45:18+00:00\",\"dateModified\":\"2026-01-28T09:42:38+00:00\",\"description\":\"2 euro-munten van diverse Euro-landen kopen? Bekijk nu ons ruime aanbod. Gratis verzending vanaf 75 euro binnen Nederland.\",\"breadcrumb\":{\"@id\":\"https:\\\/\\\/www.david-coin.com\\\/product\\\/monaco-2-euro-2025-comte-de-carlades-proof-in-doosje\\\/#breadcrumb\"},\"inLanguage\":\"en-US\",\"potentialAction\":[{\"@type\":\"ReadAction\",\"target\":[\"https:\\\/\\\/www.david-coin.com\\\/product\\\/monaco-2-euro-2025-comte-de-carlades-proof-in-doosje\\\/\"]}]},{\"@type\":\"ImageObject\",\"inLanguage\":\"en-US\",\"@id\":\"https:\\\/\\\/www.david-coin.com\\\/product\\\/monaco-2-euro-2025-comte-de-carlades-proof-in-doosje\\\/#primaryimage\",\"url\":\"https:\\\/\\\/www.david-coin.com\\\/wp-content\\\/uploads\\\/2025\\\/07\\\/Monaco-2euro-doosje2.jpg\",\"contentUrl\":\"https:\\\/\\\/www.david-coin.com\\\/wp-content\\\/uploads\\\/2025\\\/07\\\/Monaco-2euro-doosje2.jpg\",\"width\":750,\"height\":1000,\"caption\":\"Monaco 2 Euro 2025 Comt\u00e9 de Carlad\u00e8s Proof in doosje\"},{\"@type\":\"BreadcrumbList\",\"@id\":\"https:\\\/\\\/www.david-coin.com\\\/product\\\/monaco-2-euro-2025-comte-de-carlades-proof-in-doosje\\\/#breadcrumb\",\"itemListElement\":[{\"@type\":\"ListItem\",\"position\":1,\"name\":\"Home\",\"item\":\"https:\\\/\\\/www.david-coin.com\\\/\"},{\"@type\":\"ListItem\",\"position\":2,\"name\":\"Winkel\",\"item\":\"https:\\\/\\\/www.david-coin.com\\\/winkel\\\/\"},{\"@type\":\"ListItem\",\"position\":3,\"name\":\"Monaco 2 Euro 2025 Comt\u00e9 de Carlad\u00e8s Proof in doosje\"}]},{\"@type\":\"WebSite\",\"@id\":\"https:\\\/\\\/www.david-coin.com\\\/#website\",\"url\":\"https:\\\/\\\/www.david-coin.com\\\/\",\"name\":\"David Coin\",\"description\":\"\",\"publisher\":{\"@id\":\"https:\\\/\\\/www.david-coin.com\\\/#organization\"},\"potentialAction\":[{\"@type\":\"SearchAction\",\"target\":{\"@type\":\"EntryPoint\",\"urlTemplate\":\"https:\\\/\\\/www.david-coin.com\\\/?s={search_term_string}\"},\"query-input\":{\"@type\":\"PropertyValueSpecification\",\"valueRequired\":true,\"valueName\":\"search_term_string\"}}],\"inLanguage\":\"en-US\"},{\"@type\":\"Organization\",\"@id\":\"https:\\\/\\\/www.david-coin.com\\\/#organization\",\"name\":\"David Coin\",\"url\":\"https:\\\/\\\/www.david-coin.com\\\/\",\"logo\":{\"@type\":\"ImageObject\",\"inLanguage\":\"en-US\",\"@id\":\"https:\\\/\\\/www.david-coin.com\\\/#\\\/schema\\\/logo\\\/image\\\/\",\"url\":\"https:\\\/\\\/www.david-coin.com\\\/wp-content\\\/uploads\\\/2024\\\/04\\\/davidcoin-logo-final.png\",\"contentUrl\":\"https:\\\/\\\/www.david-coin.com\\\/wp-content\\\/uploads\\\/2024\\\/04\\\/davidcoin-logo-final.png\",\"width\":800,\"height\":267,\"caption\":\"David Coin\"},\"image\":{\"@id\":\"https:\\\/\\\/www.david-coin.com\\\/#\\\/schema\\\/logo\\\/image\\\/\"},\"sameAs\":[\"https:\\\/\\\/www.facebook.com\\\/Davidcoininkoopenverkoop\",\"https:\\\/\\\/www.youtube.com\\\/channel\\\/UC39lihLKFSPTff0w6tv0pWQ\"]}]}<\/script>\n<meta property=\"product:price:amount\" content=\"349.95\" \/>\n<meta property=\"product:price:currency\" content=\"EUR\" \/>\n<meta property=\"og:availability\" content=\"instock\" \/>\n<meta property=\"product:availability\" content=\"instock\" \/>\n<meta property=\"product:retailer_item_id\" content=\"31329\" \/>\n<meta property=\"product:condition\" content=\"new\" \/>\n<!-- \/ Yoast SEO Premium plugin. -->","yoast_head_json":{"title":"Monaco 2 Euro 2025 Comt\u00e9 de Carlad\u00e8s Proof in box","description":"2 euro-munten van diverse Euro-landen kopen? Bekijk nu ons ruime aanbod. Gratis verzending vanaf 75 euro binnen Nederland.","robots":{"index":"index","follow":"follow","max-snippet":"max-snippet:-1","max-image-preview":"max-image-preview:large","max-video-preview":"max-video-preview:-1"},"canonical":"https:\/\/www.david-coin.com\/en\/product\/monaco-2-euro-2025-comte-de-carlades-proof-in-doosje\/","og_locale":"en_US","og_type":"article","og_title":"Monaco 2 Euro 2025 Comt\u00e9 de Carlad\u00e8s Proof in doosje","og_description":"2 euro-munten van diverse Euro-landen kopen? Bekijk nu ons ruime aanbod. Gratis verzending vanaf 75 euro binnen Nederland.","og_url":"https:\/\/www.david-coin.com\/en\/product\/monaco-2-euro-2025-comte-de-carlades-proof-in-doosje\/","og_site_name":"David Coin","article_publisher":"https:\/\/www.facebook.com\/Davidcoininkoopenverkoop","article_modified_time":"2026-01-28T09:42:38+00:00","og_image":[{"width":750,"height":1000,"url":"https:\/\/www.david-coin.com\/wp-content\/uploads\/2025\/07\/Monaco-2euro-doosje2.jpg","type":"image\/jpeg"}],"twitter_card":"summary_large_image","twitter_misc":{"Price":"&euro;&nbsp;349,95","Availability":"In stock"},"schema":{"@context":"https:\/\/schema.org","@graph":[{"@type":"WebPage","@id":"https:\/\/www.david-coin.com\/product\/monaco-2-euro-2025-comte-de-carlades-proof-in-doosje\/","url":"https:\/\/www.david-coin.com\/product\/monaco-2-euro-2025-comte-de-carlades-proof-in-doosje\/","name":"Monaco 2 Euro 2025 Comt\u00e9 de Carlad\u00e8s Proof in box","isPartOf":{"@id":"https:\/\/www.david-coin.com\/#website"},"primaryImageOfPage":{"@id":"https:\/\/www.david-coin.com\/product\/monaco-2-euro-2025-comte-de-carlades-proof-in-doosje\/#primaryimage"},"image":{"@id":"https:\/\/www.david-coin.com\/product\/monaco-2-euro-2025-comte-de-carlades-proof-in-doosje\/#primaryimage"},"thumbnailUrl":"https:\/\/www.david-coin.com\/wp-content\/uploads\/2025\/07\/Monaco-2euro-doosje2.jpg","datePublished":"2025-07-16T10:45:18+00:00","dateModified":"2026-01-28T09:42:38+00:00","description":"2 euro-munten van diverse Euro-landen kopen? Bekijk nu ons ruime aanbod. Gratis verzending vanaf 75 euro binnen Nederland.","breadcrumb":{"@id":"https:\/\/www.david-coin.com\/product\/monaco-2-euro-2025-comte-de-carlades-proof-in-doosje\/#breadcrumb"},"inLanguage":"en-US","potentialAction":[{"@type":"ReadAction","target":["https:\/\/www.david-coin.com\/product\/monaco-2-euro-2025-comte-de-carlades-proof-in-doosje\/"]}]},{"@type":"ImageObject","inLanguage":"en-US","@id":"https:\/\/www.david-coin.com\/product\/monaco-2-euro-2025-comte-de-carlades-proof-in-doosje\/#primaryimage","url":"https:\/\/www.david-coin.com\/wp-content\/uploads\/2025\/07\/Monaco-2euro-doosje2.jpg","contentUrl":"https:\/\/www.david-coin.com\/wp-content\/uploads\/2025\/07\/Monaco-2euro-doosje2.jpg","width":750,"height":1000,"caption":"Monaco 2 Euro 2025 Comt\u00e9 de Carlad\u00e8s Proof in doosje"},{"@type":"BreadcrumbList","@id":"https:\/\/www.david-coin.com\/product\/monaco-2-euro-2025-comte-de-carlades-proof-in-doosje\/#breadcrumb","itemListElement":[{"@type":"ListItem","position":1,"name":"Home","item":"https:\/\/www.david-coin.com\/"},{"@type":"ListItem","position":2,"name":"Winkel","item":"https:\/\/www.david-coin.com\/winkel\/"},{"@type":"ListItem","position":3,"name":"Monaco 2 Euro 2025 Comt\u00e9 de Carlad\u00e8s Proof in doosje"}]},{"@type":"WebSite","@id":"https:\/\/www.david-coin.com\/#website","url":"https:\/\/www.david-coin.com\/","name":"David Coin","description":"","publisher":{"@id":"https:\/\/www.david-coin.com\/#organization"},"potentialAction":[{"@type":"SearchAction","target":{"@type":"EntryPoint","urlTemplate":"https:\/\/www.david-coin.com\/?s={search_term_string}"},"query-input":{"@type":"PropertyValueSpecification","valueRequired":true,"valueName":"search_term_string"}}],"inLanguage":"en-US"},{"@type":"Organization","@id":"https:\/\/www.david-coin.com\/#organization","name":"David Coin","url":"https:\/\/www.david-coin.com\/","logo":{"@type":"ImageObject","inLanguage":"en-US","@id":"https:\/\/www.david-coin.com\/#\/schema\/logo\/image\/","url":"https:\/\/www.david-coin.com\/wp-content\/uploads\/2024\/04\/davidcoin-logo-final.png","contentUrl":"https:\/\/www.david-coin.com\/wp-content\/uploads\/2024\/04\/davidcoin-logo-final.png","width":800,"height":267,"caption":"David Coin"},"image":{"@id":"https:\/\/www.david-coin.com\/#\/schema\/logo\/image\/"},"sameAs":["https:\/\/www.facebook.com\/Davidcoininkoopenverkoop","https:\/\/www.youtube.com\/channel\/UC39lihLKFSPTff0w6tv0pWQ"]}]},"product_price_amount":"349.95","product_price_currency":"EUR","og_availability":"instock","product_availability":"instock","product_retailer_item_id":"31329","product_condition":"new"},"_links":{"self":[{"href":"https:\/\/www.david-coin.com\/en\/wp-json\/wp\/v2\/product\/151509","targetHints":{"allow":["GET"]}}],"collection":[{"href":"https:\/\/www.david-coin.com\/en\/wp-json\/wp\/v2\/product"}],"about":[{"href":"https:\/\/www.david-coin.com\/en\/wp-json\/wp\/v2\/types\/product"}],"replies":[{"embeddable":true,"href":"https:\/\/www.david-coin.com\/en\/wp-json\/wp\/v2\/comments?post=151509"}],"wp:featuredmedia":[{"embeddable":true,"href":"https:\/\/www.david-coin.com\/en\/wp-json\/wp\/v2\/media\/151508"}],"wp:attachment":[{"href":"https:\/\/www.david-coin.com\/en\/wp-json\/wp\/v2\/media?parent=151509"}],"wp:term":[{"taxonomy":"product_brand","embeddable":true,"href":"https:\/\/www.david-coin.com\/en\/wp-json\/wp\/v2\/product_brand?post=151509"},{"taxonomy":"product_cat","embeddable":true,"href":"https:\/\/www.david-coin.com\/en\/wp-json\/wp\/v2\/product_cat?post=151509"},{"taxonomy":"product_tag","embeddable":true,"href":"https:\/\/www.david-coin.com\/en\/wp-json\/wp\/v2\/product_tag?post=151509"}],"curies":[{"name":"wp","href":"https:\/\/api.w.org\/{rel}","templated":true}]}}