{"id":122138,"date":"2023-11-28T16:12:25","date_gmt":"2023-11-28T16:12:25","guid":{"rendered":"https:\/\/www.david-coin.com\/product\/one-banknote-100-jaar-turkse-republiek-1923-1950-turkiye-cumhuriyetinin-100-yili-1923-1950\/"},"modified":"2025-10-02T15:53:57","modified_gmt":"2025-10-02T13:53:57","slug":"one-banknote-100-jaar-turkse-republiek-1923-1950-turkiye-cumhuriyetinin-100-yili-1923-1950","status":"publish","type":"product","link":"https:\/\/www.david-coin.com\/en\/product\/one-banknote-100-jaar-turkse-republiek-1923-1950-turkiye-cumhuriyetinin-100-yili-1923-1950\/","title":{"rendered":"One Banknote 100 Years of the Turkish Republic 1923 - 1950 - T\u00fcrkiye Cumhuriyeti'nin 100 y\u0131l\u0131 1923 - 1950"},"content":{"rendered":"<h1 class=\"page-title eshop-title\"><span style=\"color: #000000;\">One Banknote 100 Years of the Turkish Republic 1923 - 1950 - T\u00fcrkiye Cumhuriyeti'nin 100 y\u0131l\u0131 1923 - 1950<\/span><\/h1>\n<p><span style=\"font-size: 12pt; color: #000000; font-family: arial, helvetica, sans-serif;\">Het jubileum van de Turkse Republiek wordt gevierd met een unieke reeks verzamelbiljetten, en het eerste biljet neemt ons mee op een reis door de vroege jaren, van 1923 tot 1950 in Turkije. Met levendige kleuren en gedetailleerde afbeeldingen brengt het biljet hulde aan de grondleggers van de republiek en illustreert het de belangrijkste gebeurtenissen en ontwikkelingen uit die periode. Elk detail, van historische monumenten tot symbolische figuren, weerspiegelt de rijke erfenis van de eerste 27 jaar van de Turkse Republiek. Deze verzamelobjecten dienen niet alleen als waardevolle herinneringen aan het verleden, maar ook als een eerbetoon aan de veerkracht en vastberadenheid van het Turkse volk door de jaren heen.<\/span><\/p>\n<p><span style=\"font-size: 12pt; color: #000000; font-family: arial, helvetica, sans-serif;\">T\u00fcrkiye Cumhuriyeti&#8217;nin kurulu\u015f y\u0131ld\u00f6n\u00fcm\u00fc benzersiz bir koleksiyoncu banknotu serisiyle kutlan\u0131yor ve ilk banknot bizi 1923&#8217;ten 1950&#8217;ye kadar uzanan ilk y\u0131llara do\u011fru bir yolculu\u011fa \u00e7\u0131kar\u0131yor. Canl\u0131 renkler ve detayl\u0131 g\u00f6rsellerle Cumhuriyet&#8217;in kurucular\u0131na sayg\u0131 duru\u015funda bulunan banknot, d\u00f6nemin \u00f6nemli olaylar\u0131n\u0131 ve geli\u015fmelerini g\u00f6zler \u00f6n\u00fcne seriyor. Tarihi an\u0131tlardan sembolik fig\u00fcrlere kadar her ayr\u0131nt\u0131, T\u00fcrkiye Cumhuriyeti&#8217;nin ilk 27 y\u0131l\u0131n\u0131n zengin miras\u0131n\u0131 yans\u0131t\u0131yor. Bu koleksiyon \u00fcr\u00fcnleri sadece ge\u00e7mi\u015fin de\u011ferli birer hat\u0131rlat\u0131c\u0131s\u0131 de\u011fil, ayn\u0131 zamanda T\u00fcrk halk\u0131n\u0131n y\u0131llar boyunca g\u00f6sterdi\u011fi diren\u00e7 ve kararl\u0131l\u0131\u011f\u0131n da bir \u00f6vg\u00fcs\u00fcd\u00fcr.<\/span><\/p>\n<p><span style=\"font-size: 12pt; color: #000000; font-family: arial, helvetica, sans-serif;\">See scans for more details.<br \/>For questions, feel free to send us a message.\u00a0<\/span><\/p>","protected":false},"excerpt":{"rendered":"<p>One Banknote 100 jaar Turkse Republiek 1923 &#8211; 1950 &#8211; T\u00fcrkiye Cumhuriyeti&#8217;nin 100 y\u0131l\u0131 1923 &#8211; 1950 Het jubileum van de Turkse Republiek wordt gevierd met een unieke reeks verzamelbiljetten, en het eerste biljet neemt ons mee op een reis door de vroege jaren, van 1923 tot 1950 in Turkije. Met levendige kleuren en gedetailleerde [&hellip;]<\/p>\n","protected":false},"featured_media":122136,"comment_status":"closed","ping_status":"closed","template":"","meta":[],"product_brand":[],"product_cat":[5609],"product_tag":[],"class_list":{"0":"post-122138","1":"product","2":"type-product","3":"status-publish","4":"has-post-thumbnail","6":"product_cat-one-banknote-serie","7":"pa_kwaliteit-unc","8":"pa_land-turkije","10":"first","11":"instock","12":"taxable","13":"shipping-taxable","14":"purchasable","15":"product-type-simple"},"yoast_head":"<!-- This site is optimized with the Yoast SEO Premium plugin v27.5 (Yoast SEO v27.5) - https:\/\/yoast.com\/product\/yoast-seo-premium-wordpress\/ -->\n<title>One Banknote 100 jaar Turkse Republiek 1923 - 1950 - T\u00fcrkiye Cumhuriyeti&#039;nin 100 y\u0131l\u0131 1923 - 1950<\/title>\n<meta name=\"description\" content=\"One banknote series verkrijgbaar bij David-coin. Bekijk nu ons ruime assortiment one banknote series. Gratis verzending binnen Nederland vanaf 75 euro.\" \/>\n<meta name=\"robots\" content=\"index, follow, max-snippet:-1, max-image-preview:large, max-video-preview:-1\" \/>\n<link rel=\"canonical\" href=\"https:\/\/www.david-coin.com\/en\/product\/one-banknote-100-jaar-turkse-republiek-1923-1950-turkiye-cumhuriyetinin-100-yili-1923-1950\/\" \/>\n<meta property=\"og:locale\" content=\"en_US\" \/>\n<meta property=\"og:type\" content=\"article\" \/>\n<meta property=\"og:title\" content=\"One Banknote 100 jaar Turkse Republiek 1923 - 1950 - T\u00fcrkiye Cumhuriyeti&#039;nin 100 y\u0131l\u0131 1923 - 1950\" \/>\n<meta property=\"og:description\" content=\"One banknote series verkrijgbaar bij David-coin. Bekijk nu ons ruime assortiment one banknote series. Gratis verzending binnen Nederland vanaf 75 euro.\" \/>\n<meta property=\"og:url\" content=\"https:\/\/www.david-coin.com\/en\/product\/one-banknote-100-jaar-turkse-republiek-1923-1950-turkiye-cumhuriyetinin-100-yili-1923-1950\/\" \/>\n<meta property=\"og:site_name\" content=\"David Coin\" \/>\n<meta property=\"article:publisher\" content=\"https:\/\/www.facebook.com\/Davidcoininkoopenverkoop\" \/>\n<meta property=\"article:modified_time\" content=\"2025-10-02T13:53:57+00:00\" \/>\n<meta property=\"og:image\" content=\"https:\/\/www.david-coin.com\/wp-content\/uploads\/2023\/11\/one-banknote-serie-turkije-7.jpg\" \/>\n\t<meta property=\"og:image:width\" content=\"500\" \/>\n\t<meta property=\"og:image:height\" content=\"500\" \/>\n\t<meta property=\"og:image:type\" content=\"image\/jpeg\" \/>\n<meta name=\"twitter:card\" content=\"summary_large_image\" \/>\n<meta name=\"twitter:label1\" content=\"Price\" \/>\n\t<meta name=\"twitter:data1\" content=\"&euro;&nbsp;9,95\" \/>\n\t<meta name=\"twitter:label2\" content=\"Availability\" \/>\n\t<meta name=\"twitter:data2\" content=\"In stock\" \/>\n<script type=\"application\/ld+json\" class=\"yoast-schema-graph\">{\"@context\":\"https:\\\/\\\/schema.org\",\"@graph\":[{\"@type\":\"WebPage\",\"@id\":\"https:\\\/\\\/www.david-coin.com\\\/product\\\/one-banknote-100-jaar-turkse-republiek-1923-1950-turkiye-cumhuriyetinin-100-yili-1923-1950\\\/\",\"url\":\"https:\\\/\\\/www.david-coin.com\\\/product\\\/one-banknote-100-jaar-turkse-republiek-1923-1950-turkiye-cumhuriyetinin-100-yili-1923-1950\\\/\",\"name\":\"One Banknote 100 jaar Turkse Republiek 1923 - 1950 - T\u00fcrkiye Cumhuriyeti'nin 100 y\u0131l\u0131 1923 - 1950\",\"isPartOf\":{\"@id\":\"https:\\\/\\\/www.david-coin.com\\\/#website\"},\"primaryImageOfPage\":{\"@id\":\"https:\\\/\\\/www.david-coin.com\\\/product\\\/one-banknote-100-jaar-turkse-republiek-1923-1950-turkiye-cumhuriyetinin-100-yili-1923-1950\\\/#primaryimage\"},\"image\":{\"@id\":\"https:\\\/\\\/www.david-coin.com\\\/product\\\/one-banknote-100-jaar-turkse-republiek-1923-1950-turkiye-cumhuriyetinin-100-yili-1923-1950\\\/#primaryimage\"},\"thumbnailUrl\":\"https:\\\/\\\/www.david-coin.com\\\/wp-content\\\/uploads\\\/2023\\\/11\\\/one-banknote-serie-turkije-7.jpg\",\"datePublished\":\"2023-11-28T16:12:25+00:00\",\"dateModified\":\"2025-10-02T13:53:57+00:00\",\"description\":\"One banknote series verkrijgbaar bij David-coin. Bekijk nu ons ruime assortiment one banknote series. Gratis verzending binnen Nederland vanaf 75 euro.\",\"breadcrumb\":{\"@id\":\"https:\\\/\\\/www.david-coin.com\\\/product\\\/one-banknote-100-jaar-turkse-republiek-1923-1950-turkiye-cumhuriyetinin-100-yili-1923-1950\\\/#breadcrumb\"},\"inLanguage\":\"en-US\",\"potentialAction\":[{\"@type\":\"ReadAction\",\"target\":[\"https:\\\/\\\/www.david-coin.com\\\/product\\\/one-banknote-100-jaar-turkse-republiek-1923-1950-turkiye-cumhuriyetinin-100-yili-1923-1950\\\/\"]}]},{\"@type\":\"ImageObject\",\"inLanguage\":\"en-US\",\"@id\":\"https:\\\/\\\/www.david-coin.com\\\/product\\\/one-banknote-100-jaar-turkse-republiek-1923-1950-turkiye-cumhuriyetinin-100-yili-1923-1950\\\/#primaryimage\",\"url\":\"https:\\\/\\\/www.david-coin.com\\\/wp-content\\\/uploads\\\/2023\\\/11\\\/one-banknote-serie-turkije-7.jpg\",\"contentUrl\":\"https:\\\/\\\/www.david-coin.com\\\/wp-content\\\/uploads\\\/2023\\\/11\\\/one-banknote-serie-turkije-7.jpg\",\"width\":500,\"height\":500},{\"@type\":\"BreadcrumbList\",\"@id\":\"https:\\\/\\\/www.david-coin.com\\\/product\\\/one-banknote-100-jaar-turkse-republiek-1923-1950-turkiye-cumhuriyetinin-100-yili-1923-1950\\\/#breadcrumb\",\"itemListElement\":[{\"@type\":\"ListItem\",\"position\":1,\"name\":\"Home\",\"item\":\"https:\\\/\\\/www.david-coin.com\\\/\"},{\"@type\":\"ListItem\",\"position\":2,\"name\":\"Winkel\",\"item\":\"https:\\\/\\\/www.david-coin.com\\\/winkel\\\/\"},{\"@type\":\"ListItem\",\"position\":3,\"name\":\"One Banknote 100 jaar Turkse Republiek 1923 &#8211; 1950 &#8211; T\u00fcrkiye Cumhuriyeti&#8217;nin 100 y\u0131l\u0131 1923 &#8211; 1950\"}]},{\"@type\":\"WebSite\",\"@id\":\"https:\\\/\\\/www.david-coin.com\\\/#website\",\"url\":\"https:\\\/\\\/www.david-coin.com\\\/\",\"name\":\"David Coin\",\"description\":\"\",\"publisher\":{\"@id\":\"https:\\\/\\\/www.david-coin.com\\\/#organization\"},\"potentialAction\":[{\"@type\":\"SearchAction\",\"target\":{\"@type\":\"EntryPoint\",\"urlTemplate\":\"https:\\\/\\\/www.david-coin.com\\\/?s={search_term_string}\"},\"query-input\":{\"@type\":\"PropertyValueSpecification\",\"valueRequired\":true,\"valueName\":\"search_term_string\"}}],\"inLanguage\":\"en-US\"},{\"@type\":\"Organization\",\"@id\":\"https:\\\/\\\/www.david-coin.com\\\/#organization\",\"name\":\"David Coin\",\"url\":\"https:\\\/\\\/www.david-coin.com\\\/\",\"logo\":{\"@type\":\"ImageObject\",\"inLanguage\":\"en-US\",\"@id\":\"https:\\\/\\\/www.david-coin.com\\\/#\\\/schema\\\/logo\\\/image\\\/\",\"url\":\"https:\\\/\\\/www.david-coin.com\\\/wp-content\\\/uploads\\\/2024\\\/04\\\/davidcoin-logo-final.png\",\"contentUrl\":\"https:\\\/\\\/www.david-coin.com\\\/wp-content\\\/uploads\\\/2024\\\/04\\\/davidcoin-logo-final.png\",\"width\":800,\"height\":267,\"caption\":\"David Coin\"},\"image\":{\"@id\":\"https:\\\/\\\/www.david-coin.com\\\/#\\\/schema\\\/logo\\\/image\\\/\"},\"sameAs\":[\"https:\\\/\\\/www.facebook.com\\\/Davidcoininkoopenverkoop\",\"https:\\\/\\\/www.youtube.com\\\/channel\\\/UC39lihLKFSPTff0w6tv0pWQ\"]}]}<\/script>\n<meta property=\"product:price:amount\" content=\"9.95\" \/>\n<meta property=\"product:price:currency\" content=\"EUR\" \/>\n<meta property=\"og:availability\" content=\"instock\" \/>\n<meta property=\"product:availability\" content=\"instock\" \/>\n<meta property=\"product:retailer_item_id\" content=\"4516\" \/>\n<meta property=\"product:condition\" content=\"new\" \/>\n<!-- \/ Yoast SEO Premium plugin. -->","yoast_head_json":{"title":"One Banknote 100 jaar Turkse Republiek 1923 - 1950 - T\u00fcrkiye Cumhuriyeti'nin 100 y\u0131l\u0131 1923 - 1950","description":"One banknote series verkrijgbaar bij David-coin. Bekijk nu ons ruime assortiment one banknote series. Gratis verzending binnen Nederland vanaf 75 euro.","robots":{"index":"index","follow":"follow","max-snippet":"max-snippet:-1","max-image-preview":"max-image-preview:large","max-video-preview":"max-video-preview:-1"},"canonical":"https:\/\/www.david-coin.com\/en\/product\/one-banknote-100-jaar-turkse-republiek-1923-1950-turkiye-cumhuriyetinin-100-yili-1923-1950\/","og_locale":"en_US","og_type":"article","og_title":"One Banknote 100 jaar Turkse Republiek 1923 - 1950 - T\u00fcrkiye Cumhuriyeti'nin 100 y\u0131l\u0131 1923 - 1950","og_description":"One banknote series verkrijgbaar bij David-coin. Bekijk nu ons ruime assortiment one banknote series. Gratis verzending binnen Nederland vanaf 75 euro.","og_url":"https:\/\/www.david-coin.com\/en\/product\/one-banknote-100-jaar-turkse-republiek-1923-1950-turkiye-cumhuriyetinin-100-yili-1923-1950\/","og_site_name":"David Coin","article_publisher":"https:\/\/www.facebook.com\/Davidcoininkoopenverkoop","article_modified_time":"2025-10-02T13:53:57+00:00","og_image":[{"width":500,"height":500,"url":"https:\/\/www.david-coin.com\/wp-content\/uploads\/2023\/11\/one-banknote-serie-turkije-7.jpg","type":"image\/jpeg"}],"twitter_card":"summary_large_image","twitter_misc":{"Price":"&euro;&nbsp;9,95","Availability":"In stock"},"schema":{"@context":"https:\/\/schema.org","@graph":[{"@type":"WebPage","@id":"https:\/\/www.david-coin.com\/product\/one-banknote-100-jaar-turkse-republiek-1923-1950-turkiye-cumhuriyetinin-100-yili-1923-1950\/","url":"https:\/\/www.david-coin.com\/product\/one-banknote-100-jaar-turkse-republiek-1923-1950-turkiye-cumhuriyetinin-100-yili-1923-1950\/","name":"One Banknote 100 jaar Turkse Republiek 1923 - 1950 - T\u00fcrkiye Cumhuriyeti'nin 100 y\u0131l\u0131 1923 - 1950","isPartOf":{"@id":"https:\/\/www.david-coin.com\/#website"},"primaryImageOfPage":{"@id":"https:\/\/www.david-coin.com\/product\/one-banknote-100-jaar-turkse-republiek-1923-1950-turkiye-cumhuriyetinin-100-yili-1923-1950\/#primaryimage"},"image":{"@id":"https:\/\/www.david-coin.com\/product\/one-banknote-100-jaar-turkse-republiek-1923-1950-turkiye-cumhuriyetinin-100-yili-1923-1950\/#primaryimage"},"thumbnailUrl":"https:\/\/www.david-coin.com\/wp-content\/uploads\/2023\/11\/one-banknote-serie-turkije-7.jpg","datePublished":"2023-11-28T16:12:25+00:00","dateModified":"2025-10-02T13:53:57+00:00","description":"One banknote series verkrijgbaar bij David-coin. Bekijk nu ons ruime assortiment one banknote series. Gratis verzending binnen Nederland vanaf 75 euro.","breadcrumb":{"@id":"https:\/\/www.david-coin.com\/product\/one-banknote-100-jaar-turkse-republiek-1923-1950-turkiye-cumhuriyetinin-100-yili-1923-1950\/#breadcrumb"},"inLanguage":"en-US","potentialAction":[{"@type":"ReadAction","target":["https:\/\/www.david-coin.com\/product\/one-banknote-100-jaar-turkse-republiek-1923-1950-turkiye-cumhuriyetinin-100-yili-1923-1950\/"]}]},{"@type":"ImageObject","inLanguage":"en-US","@id":"https:\/\/www.david-coin.com\/product\/one-banknote-100-jaar-turkse-republiek-1923-1950-turkiye-cumhuriyetinin-100-yili-1923-1950\/#primaryimage","url":"https:\/\/www.david-coin.com\/wp-content\/uploads\/2023\/11\/one-banknote-serie-turkije-7.jpg","contentUrl":"https:\/\/www.david-coin.com\/wp-content\/uploads\/2023\/11\/one-banknote-serie-turkije-7.jpg","width":500,"height":500},{"@type":"BreadcrumbList","@id":"https:\/\/www.david-coin.com\/product\/one-banknote-100-jaar-turkse-republiek-1923-1950-turkiye-cumhuriyetinin-100-yili-1923-1950\/#breadcrumb","itemListElement":[{"@type":"ListItem","position":1,"name":"Home","item":"https:\/\/www.david-coin.com\/"},{"@type":"ListItem","position":2,"name":"Winkel","item":"https:\/\/www.david-coin.com\/winkel\/"},{"@type":"ListItem","position":3,"name":"One Banknote 100 jaar Turkse Republiek 1923 &#8211; 1950 &#8211; T\u00fcrkiye Cumhuriyeti&#8217;nin 100 y\u0131l\u0131 1923 &#8211; 1950"}]},{"@type":"WebSite","@id":"https:\/\/www.david-coin.com\/#website","url":"https:\/\/www.david-coin.com\/","name":"David Coin","description":"","publisher":{"@id":"https:\/\/www.david-coin.com\/#organization"},"potentialAction":[{"@type":"SearchAction","target":{"@type":"EntryPoint","urlTemplate":"https:\/\/www.david-coin.com\/?s={search_term_string}"},"query-input":{"@type":"PropertyValueSpecification","valueRequired":true,"valueName":"search_term_string"}}],"inLanguage":"en-US"},{"@type":"Organization","@id":"https:\/\/www.david-coin.com\/#organization","name":"David Coin","url":"https:\/\/www.david-coin.com\/","logo":{"@type":"ImageObject","inLanguage":"en-US","@id":"https:\/\/www.david-coin.com\/#\/schema\/logo\/image\/","url":"https:\/\/www.david-coin.com\/wp-content\/uploads\/2024\/04\/davidcoin-logo-final.png","contentUrl":"https:\/\/www.david-coin.com\/wp-content\/uploads\/2024\/04\/davidcoin-logo-final.png","width":800,"height":267,"caption":"David Coin"},"image":{"@id":"https:\/\/www.david-coin.com\/#\/schema\/logo\/image\/"},"sameAs":["https:\/\/www.facebook.com\/Davidcoininkoopenverkoop","https:\/\/www.youtube.com\/channel\/UC39lihLKFSPTff0w6tv0pWQ"]}]},"product_price_amount":"9.95","product_price_currency":"EUR","og_availability":"instock","product_availability":"instock","product_retailer_item_id":"4516","product_condition":"new"},"_links":{"self":[{"href":"https:\/\/www.david-coin.com\/en\/wp-json\/wp\/v2\/product\/122138","targetHints":{"allow":["GET"]}}],"collection":[{"href":"https:\/\/www.david-coin.com\/en\/wp-json\/wp\/v2\/product"}],"about":[{"href":"https:\/\/www.david-coin.com\/en\/wp-json\/wp\/v2\/types\/product"}],"replies":[{"embeddable":true,"href":"https:\/\/www.david-coin.com\/en\/wp-json\/wp\/v2\/comments?post=122138"}],"wp:featuredmedia":[{"embeddable":true,"href":"https:\/\/www.david-coin.com\/en\/wp-json\/wp\/v2\/media\/122136"}],"wp:attachment":[{"href":"https:\/\/www.david-coin.com\/en\/wp-json\/wp\/v2\/media?parent=122138"}],"wp:term":[{"taxonomy":"product_brand","embeddable":true,"href":"https:\/\/www.david-coin.com\/en\/wp-json\/wp\/v2\/product_brand?post=122138"},{"taxonomy":"product_cat","embeddable":true,"href":"https:\/\/www.david-coin.com\/en\/wp-json\/wp\/v2\/product_cat?post=122138"},{"taxonomy":"product_tag","embeddable":true,"href":"https:\/\/www.david-coin.com\/en\/wp-json\/wp\/v2\/product_tag?post=122138"}],"curies":[{"name":"wp","href":"https:\/\/api.w.org\/{rel}","templated":true}]}}